{"id":13109,"date":"2026-01-14T15:50:24","date_gmt":"2026-01-14T15:50:24","guid":{"rendered":"https:\/\/wctl1stg.wpengine.com\/?page_id=13109"},"modified":"2026-01-22T13:24:35","modified_gmt":"2026-01-22T13:24:35","slug":"abogado-de-accidentes-de-autobus-de-woodland-hills","status":"publish","type":"page","link":"https:\/\/westcoasttriallawyers.com\/es\/california\/woodland-hills\/abogado-de-accidentes-de-autobus-de-woodland-hills","title":{"rendered":"Abogado de accidentes de autob\u00fas de Woodland Hills"},"content":{"rendered":"<h2><strong>\u00bfCu\u00e1nto tiempo tiene para demandar a un conductor de autob\u00fas?<\/strong><\/h2>\n<p>Las rutas de autob\u00fas son asequibles y convenientes para quienes est\u00e1n interesados \u200b\u200ben utilizar los servicios p\u00fablicos para llegar a donde necesitan ir. A partir de ahora, Woodland Hills tiene 10 rutas de autob\u00fas disponibles para el uso de las personas. Una vez que una persona sube a un autob\u00fas, se espera que el conductor del autob\u00fas le proporcione el deber de cuidado para dejarlo de manera segura en la pr\u00f3xima parada de autob\u00fas. Aquellos que no cumplan con esta expectativa pueden enfrentar repercusiones legales por cualquier lesi\u00f3n o da\u00f1o causado por su negligencia.<\/p>\n<p>Otros factores que pueden contribuir a la causa de un accidente de autob\u00fas incluyen otros conductores, la empresa de autobuses y los fabricantes de autobuses. Si cualquiera de estas partes comete un acto negligente que resulta en lesiones corporales o incluso la muerte, entonces estar\u00e1n sujetos a responsabilidad. Dado que California se identifica como un estado de falla comparativa, m\u00e1s de una parte puede ser responsable de causar el impacto. La responsabilidad se dividir\u00e1 en funci\u00f3n del grado de negligencia cometido por cada parte involucrada.<\/p>\n<p>Si usted es v\u00edctima de un accidente de autob\u00fas y desea emprender acciones legales contra la parte culpable, West Coast Trial Lawyers tiene abogados con experiencia en accidentes de autob\u00fas en Woodland Hills que le brindar\u00e1n la justicia y la compensaci\u00f3n que merece. Nuestro equipo gan\u00f3 m\u00e1s de 5000 casos de lesiones personales y recuper\u00f3 m\u00e1s de mil millones de d\u00f3lares en acuerdos para nuestros clientes. Debido a nuestros logros, hemos sido clasificados como uno de los mejores bufetes de abogados de lesiones personales en Woodland Hills.<\/p>\n<p>Si desea programar una consulta gratuita y sin compromiso en nuestro bufete de abogados de lesiones personales de Woodland Hills, comun\u00edquese con nuestro equipo legal las 24 horas, los 7 d\u00edas de la semana llamando al&nbsp;<strong>213-927-3700<\/strong> o enviando un correo electr\u00f3nico a&nbsp;<a href=\"mailto:info@westcoasttriallawyers.com\"><strong>info@westcoasttriallawyers.com<\/strong><\/a><strong>.&nbsp;<\/strong><\/p>\n<h2><strong>Calificaciones del conductor del autob\u00fas<\/strong><\/h2>\n<p>El proceso para convertirse en un conductor de autob\u00fas calificado puede ser largo. Se le pedir\u00e1 que complete las solicitudes de las compa\u00f1\u00edas de autobuses para determinar si es apto para trabajar para ellas. A continuaci\u00f3n, hemos creado una lista de posibles obligaciones que puede tener que completar para que las compa\u00f1\u00edas de autobuses revisen y determinen si un puesto estar\u00e1 disponible para que lo adquiera.<\/p>\n<ol>\n<li><strong>Verificaci\u00f3n de antecedentes.<\/strong> Esto permitir\u00e1 a los empleadores revisar la identidad del solicitante, la prueba de drogas, la informaci\u00f3n del seguro social, los antecedentes penales y los registros p\u00fablicos.<\/li>\n<li><strong>Verificaci\u00f3n de empleo.<\/strong> Esto se utiliza para localizar cualquier inconsistencia entre la informaci\u00f3n proporcionada por el solicitante y cu\u00e1l es su historial laboral real.<\/li>\n<li><strong>Sesi\u00f3n de informaci\u00f3n.<\/strong> Esta es una breve discusi\u00f3n que presenta responsabilidades y deberes adicionales del conductor del autob\u00fas.<\/li>\n<li><strong>Examen f\u00edsico previo al empleo.<\/strong> Esto incluir\u00e1 varias pruebas, tales como:<\/li>\n<\/ol>\n<ul>\n<li>Examen de drogas<\/li>\n<li>Prueba de alcoholemia<\/li>\n<li>Examen psicol\u00f3gico<\/li>\n<li>Revisi\u00f3n f\u00edsica<\/li>\n<li>revisi\u00f3n mental<\/li>\n<li>Prueba de resistencia<\/li>\n<li>Prueba de resistencia mental<\/li>\n<\/ul>\n<h2><strong>Demandar a un conductor de autob\u00fas<\/strong><\/h2>\n<p>C\u00f3mo te est\u00e1s cuestionando si debes o no presentar una demanda contra un conductor de autob\u00fas, es importante saber si el autob\u00fas era propiedad de una entidad p\u00fablica o privada. Los autobuses escolares son propiedad de una entidad gubernamental. Esto puede resultar en la protecci\u00f3n de la inmunidad soberana. La inmunidad soberana se clasifica como una doctrina judicial que salva al gobierno de ser demandado sin consentimiento. Esto no significa necesariamente que una entidad gubernamental no pueda ser demandada por un accidente de autob\u00fas. La entidad gubernamental debe dar su consentimiento a la demanda para que se lleve a cabo. Por lo general, permitir\u00e1n que esto suceda. Debe cumplir con requisitos espec\u00edficos para presentar un reclamo. Sin embargo, esto tiene las mismas reglas que varios otros reclamos por lesiones personales. B\u00e1sicamente, esto resume que presentar un reclamo deber\u00eda ser bastante sencillo.<\/p>\n<p>Cuando se trata de demandar a distritos escolares o condados, no pertenecen a una entidad gubernamental. Por lo tanto, puede presentar una demanda contra ellos para adquirir da\u00f1os y perjuicios.<\/p>\n<p>Si no est\u00e1 seguro de si debe o no presentar un reclamo por lesiones personales, le recomendamos que se comunique con un abogado de accidentes de autob\u00fas. Un abogado de accidentes de autob\u00fas investigar\u00e1 su situaci\u00f3n y determinar\u00e1 si tiene un caso en sus manos. Si lo hace, el abogado lo instar\u00e1 a que inicie el proceso de presentar un reclamo por lesiones personales contra la parte culpable. Deber\u00e1 recopilar informaci\u00f3n importante que respaldar\u00e1 su reclamo. Esto incluye:<\/p>\n<ul>\n<li>Fotos y\/o secuencias de v\u00eddeo de lesiones, da\u00f1os y la ubicaci\u00f3n del lugar donde ocurri\u00f3 el accidente.<\/li>\n<li>Informaci\u00f3n de contacto del testigo.<\/li>\n<li>Documentaci\u00f3n sobre su perspectiva de lo que sucedi\u00f3 antes, durante y\/o despu\u00e9s del accidente. No olvides incluir la fecha y hora en que se realiz\u00f3 el evento.<\/li>\n<li>Una copia del informe oficial de la polic\u00eda.<\/li>\n<li>Registros m\u00e9dicos de usted recibiendo tratamiento por la lesi\u00f3n que fue causada por el accidente.<\/li>\n<li>Informaci\u00f3n sobre el conductor negligente que provoc\u00f3 el accidente.<\/li>\n<\/ul>\n<p>Su abogado tambi\u00e9n lo ayudar\u00e1 a fortalecer su reclamo para garantizar que tenga pruebas convincentes que har\u00e1n que sea m\u00e1s probable que reciba un monto de liquidaci\u00f3n alto.<\/p>\n<h2><strong>Estatuto de limitaciones para un accidente de autob\u00fas<\/strong><\/h2>\n<p>En California, si presenta una demanda contra entidades de transporte p\u00fablico u operadas por el gobierno, debe presentarla dentro de los seis meses posteriores a la fecha del incidente inicial. Para las entidades privadas no gubernamentales, se le otorgan dos a\u00f1os a partir de la fecha de la colisi\u00f3n para presentar la solicitud.<\/p>\n<h2><strong>Cont\u00e1ctenos<\/strong><\/h2>\n<p>Si usted o un ser querido estuvieron involucrados en un accidente de autob\u00fas, West Coast Trial Lawyers tiene abogados de accidentes de autob\u00fas en Woodland Hills que tienen m\u00e1s de 60 a\u00f1os de experiencia legal colectiva en el manejo de casos de lesiones personales. Nuestros abogados lo ayudar\u00e1n a recuperar la compensaci\u00f3n por sus p\u00e9rdidas, incluidas las facturas m\u00e9dicas, la angustia emocional, los da\u00f1os a la propiedad, los salarios perdidos y el dolor y el sufrimiento.<\/p>\n<p>Para programar una consulta gratuita en nuestro bufete de abogados de lesiones personales de Woodland Hills, comun\u00edquese con nuestro equipo legal las 24 horas, los 7 d\u00edas de la semana llamando al&nbsp;<strong>213-927-3700<\/strong> o enviando un correo electr\u00f3nico a&nbsp;<a href=\"mailto:info@westcoasttriallawyers.com\"><strong>info@westcoasttriallawyers.com<\/strong><\/a><strong>.<\/strong><br \/>\n<!-- WCTL_DEBUG: no shortcode in this_content --><\/p>\n","protected":false},"excerpt":{"rendered":"<p>\u00bfCu\u00e1nto tiempo tiene para demandar a un conductor de autob\u00fas? Las rutas de autob\u00fas son asequibles y convenientes para quienes est\u00e1n interesados \u200b\u200ben utilizar los servicios p\u00fablicos para llegar a donde necesitan ir. A partir de ahora, Woodland Hills tiene 10 rutas de autob\u00fas disponibles para el uso de las personas. Una vez que una [&hellip;]<\/p>\n","protected":false},"author":475,"featured_media":46064,"parent":47405,"menu_order":0,"comment_status":"closed","ping_status":"closed","template":"","meta":{"inline_featured_image":false,"footnotes":""},"class_list":["post-13109","page","type-page","status-publish","has-post-thumbnail","hentry"],"acf":[],"yoast_head":"<!-- This site is optimized with the Yoast SEO Premium plugin v26.0 (Yoast SEO v26.0) - https:\/\/yoast.com\/wordpress\/plugins\/seo\/ -->\n<title>Abogado de accidentes de autob\u00fas de Woodland Hills | West Coast Trial Lawyers<\/title>\n<meta name=\"robots\" content=\"index, follow, max-snippet:-1, max-image-preview:large, max-video-preview:-1\" \/>\n<link rel=\"canonical\" href=\"https:\/\/westcoasttriallawyers.com\/es\/california\/woodland-hills\/abogado-de-accidentes-de-autobus-de-woodland-hills\" \/>\n<meta property=\"og:locale\" content=\"es_ES\" \/>\n<meta property=\"og:type\" content=\"article\" \/>\n<meta property=\"og:title\" content=\"Abogado de accidentes de autob\u00fas de Woodland Hills\" \/>\n<meta property=\"og:description\" content=\"\u00bfCu\u00e1nto tiempo tiene para demandar a un conductor de autob\u00fas? Las rutas de autob\u00fas son asequibles y convenientes para quienes est\u00e1n interesados \u200b\u200ben utilizar los servicios p\u00fablicos para llegar a donde necesitan ir. A partir de ahora, Woodland Hills tiene 10 rutas de autob\u00fas disponibles para el uso de las personas. Una vez que una [&hellip;]\" \/>\n<meta property=\"og:url\" content=\"https:\/\/westcoasttriallawyers.com\/es\/california\/woodland-hills\/abogado-de-accidentes-de-autobus-de-woodland-hills\" \/>\n<meta property=\"og:site_name\" content=\"West Coast Trial Lawyers\" \/>\n<meta property=\"article:publisher\" content=\"https:\/\/www.facebook.com\/westcoasttriallawyers\/\" \/>\n<meta property=\"article:modified_time\" content=\"2026-01-22T13:24:35+00:00\" \/>\n<meta property=\"og:image\" content=\"https:\/\/westcoasttriallawyers.com\/wp-content\/uploads\/2025\/07\/Woodland-Hills-1.webp\" \/>\n\t<meta property=\"og:image:width\" content=\"557\" \/>\n\t<meta property=\"og:image:height\" content=\"327\" \/>\n\t<meta property=\"og:image:type\" content=\"image\/webp\" \/>\n<meta name=\"twitter:card\" content=\"summary_large_image\" \/>\n<meta name=\"twitter:site\" content=\"@WestCoastTrial\" \/>\n<meta name=\"twitter:label1\" content=\"Tiempo de lectura\" \/>\n\t<meta name=\"twitter:data1\" content=\"7 minutos\" \/>\n<script type=\"application\/ld+json\" class=\"yoast-schema-graph\">{\"@context\":\"https:\/\/schema.org\",\"@graph\":[{\"@type\":[\"WebPage\",\"ItemPage\"],\"@id\":\"https:\/\/westcoasttriallawyers.com\/es\/california\/woodland-hills\/abogado-de-accidentes-de-autobus-de-woodland-hills\",\"url\":\"https:\/\/westcoasttriallawyers.com\/es\/california\/woodland-hills\/abogado-de-accidentes-de-autobus-de-woodland-hills\",\"name\":\"Abogado de accidentes de autob\u00fas de Woodland Hills | West Coast Trial Lawyers\",\"isPartOf\":{\"@id\":\"https:\/\/westcoasttriallawyers.com\/es#website\"},\"primaryImageOfPage\":{\"@id\":\"https:\/\/westcoasttriallawyers.com\/es\/california\/woodland-hills\/abogado-de-accidentes-de-autobus-de-woodland-hills#primaryimage\"},\"image\":{\"@id\":\"https:\/\/westcoasttriallawyers.com\/es\/california\/woodland-hills\/abogado-de-accidentes-de-autobus-de-woodland-hills#primaryimage\"},\"thumbnailUrl\":\"https:\/\/westcoasttriallawyers.com\/wp-content\/uploads\/2025\/07\/Woodland-Hills-1.webp\",\"datePublished\":\"2026-01-14T15:50:24+00:00\",\"dateModified\":\"2026-01-22T13:24:35+00:00\",\"breadcrumb\":{\"@id\":\"https:\/\/westcoasttriallawyers.com\/es\/california\/woodland-hills\/abogado-de-accidentes-de-autobus-de-woodland-hills#breadcrumb\"},\"inLanguage\":\"es\",\"potentialAction\":[{\"@type\":\"ReadAction\",\"target\":[\"https:\/\/westcoasttriallawyers.com\/es\/california\/woodland-hills\/abogado-de-accidentes-de-autobus-de-woodland-hills\"]}]},{\"@type\":\"ImageObject\",\"inLanguage\":\"es\",\"@id\":\"https:\/\/westcoasttriallawyers.com\/es\/california\/woodland-hills\/abogado-de-accidentes-de-autobus-de-woodland-hills#primaryimage\",\"url\":\"https:\/\/westcoasttriallawyers.com\/wp-content\/uploads\/2025\/07\/Woodland-Hills-1.webp\",\"contentUrl\":\"https:\/\/westcoasttriallawyers.com\/wp-content\/uploads\/2025\/07\/Woodland-Hills-1.webp\",\"width\":557,\"height\":327},{\"@type\":\"BreadcrumbList\",\"@id\":\"https:\/\/westcoasttriallawyers.com\/es\/california\/woodland-hills\/abogado-de-accidentes-de-autobus-de-woodland-hills#breadcrumb\",\"itemListElement\":[{\"@type\":\"ListItem\",\"position\":1,\"name\":\"Inicio\",\"item\":\"https:\/\/westcoasttriallawyers.com\/es\"},{\"@type\":\"ListItem\",\"position\":2,\"name\":\"California\",\"item\":\"https:\/\/westcoasttriallawyers.com\/es\/california\"},{\"@type\":\"ListItem\",\"position\":3,\"name\":\"Woodland Hills\",\"item\":\"https:\/\/westcoasttriallawyers.com\/es\/california\/woodland-hills\"},{\"@type\":\"ListItem\",\"position\":4,\"name\":\"Abogado de accidentes de autob\u00fas de Woodland Hills\"}]},{\"@type\":\"WebSite\",\"@id\":\"https:\/\/westcoasttriallawyers.com\/es#website\",\"url\":\"https:\/\/westcoasttriallawyers.com\/es\",\"name\":\"West Coast Trial Lawyers\",\"description\":\"West Coast Trial Lawyers\",\"publisher\":{\"@id\":\"https:\/\/westcoasttriallawyers.com\/es#organization\"},\"alternateName\":\"WCTL\",\"potentialAction\":[{\"@type\":\"SearchAction\",\"target\":{\"@type\":\"EntryPoint\",\"urlTemplate\":\"https:\/\/westcoasttriallawyers.com\/es?s={search_term_string}\"},\"query-input\":{\"@type\":\"PropertyValueSpecification\",\"valueRequired\":true,\"valueName\":\"search_term_string\"}}],\"inLanguage\":\"es\"},{\"@type\":\"Organization\",\"@id\":\"https:\/\/westcoasttriallawyers.com\/es#organization\",\"name\":\"West Coast Trial Lawyers\",\"alternateName\":\"WCTL\",\"url\":\"https:\/\/westcoasttriallawyers.com\/es\",\"logo\":{\"@type\":\"ImageObject\",\"inLanguage\":\"es\",\"@id\":\"https:\/\/westcoasttriallawyers.com\/es#\/schema\/logo\/image\/\",\"url\":\"https:\/\/westcoasttriallawyers.com\/wp-content\/uploads\/2026\/02\/WCTL-Logo.jpg\",\"contentUrl\":\"https:\/\/westcoasttriallawyers.com\/wp-content\/uploads\/2026\/02\/WCTL-Logo.jpg\",\"width\":696,\"height\":696,\"caption\":\"West Coast Trial Lawyers\"},\"image\":{\"@id\":\"https:\/\/westcoasttriallawyers.com\/es#\/schema\/logo\/image\/\"},\"sameAs\":[\"https:\/\/www.facebook.com\/westcoasttriallawyers\/\",\"https:\/\/x.com\/WestCoastTrial\",\"https:\/\/www.linkedin.com\/company\/west-coast-trial-lawyers\/\",\"https:\/\/www.instagram.com\/westcoasttriallawyers\/\",\"https:\/\/www.yelp.com\/biz\/west-coast-trial-lawyers-los-angeles-2\",\"https:\/\/www.pinterest.com\/westcoasttrial\/\",\"https:\/\/www.youtube.com\/westcoasttriallawyersla\/\",\"https:\/\/www.tiktok.com\/westcoasttriallawyers\"],\"description\":\"West Coast Trial Lawyers is a top-rated personal injury law firm with a goal to provide expert legal representation to those in need. The law firm has offices across California, Nevada, Arizona, and Washington.\",\"legalName\":\"West Coast Trial Lawyers\"}]}<\/script>\n<!-- \/ Yoast SEO Premium plugin. -->","yoast_head_json":{"title":"Abogado de accidentes de autob\u00fas de Woodland Hills | West Coast Trial Lawyers","robots":{"index":"index","follow":"follow","max-snippet":"max-snippet:-1","max-image-preview":"max-image-preview:large","max-video-preview":"max-video-preview:-1"},"canonical":"https:\/\/westcoasttriallawyers.com\/es\/california\/woodland-hills\/abogado-de-accidentes-de-autobus-de-woodland-hills","og_locale":"es_ES","og_type":"article","og_title":"Abogado de accidentes de autob\u00fas de Woodland Hills","og_description":"\u00bfCu\u00e1nto tiempo tiene para demandar a un conductor de autob\u00fas? Las rutas de autob\u00fas son asequibles y convenientes para quienes est\u00e1n interesados \u200b\u200ben utilizar los servicios p\u00fablicos para llegar a donde necesitan ir. A partir de ahora, Woodland Hills tiene 10 rutas de autob\u00fas disponibles para el uso de las personas. Una vez que una [&hellip;]","og_url":"https:\/\/westcoasttriallawyers.com\/es\/california\/woodland-hills\/abogado-de-accidentes-de-autobus-de-woodland-hills","og_site_name":"West Coast Trial Lawyers","article_publisher":"https:\/\/www.facebook.com\/westcoasttriallawyers\/","article_modified_time":"2026-01-22T13:24:35+00:00","og_image":[{"width":557,"height":327,"url":"https:\/\/westcoasttriallawyers.com\/wp-content\/uploads\/2025\/07\/Woodland-Hills-1.webp","type":"image\/webp"}],"twitter_card":"summary_large_image","twitter_site":"@WestCoastTrial","twitter_misc":{"Tiempo de lectura":"7 minutos"},"schema":{"@context":"https:\/\/schema.org","@graph":[{"@type":["WebPage","ItemPage"],"@id":"https:\/\/westcoasttriallawyers.com\/es\/california\/woodland-hills\/abogado-de-accidentes-de-autobus-de-woodland-hills","url":"https:\/\/westcoasttriallawyers.com\/es\/california\/woodland-hills\/abogado-de-accidentes-de-autobus-de-woodland-hills","name":"Abogado de accidentes de autob\u00fas de Woodland Hills | West Coast Trial Lawyers","isPartOf":{"@id":"https:\/\/westcoasttriallawyers.com\/es#website"},"primaryImageOfPage":{"@id":"https:\/\/westcoasttriallawyers.com\/es\/california\/woodland-hills\/abogado-de-accidentes-de-autobus-de-woodland-hills#primaryimage"},"image":{"@id":"https:\/\/westcoasttriallawyers.com\/es\/california\/woodland-hills\/abogado-de-accidentes-de-autobus-de-woodland-hills#primaryimage"},"thumbnailUrl":"https:\/\/westcoasttriallawyers.com\/wp-content\/uploads\/2025\/07\/Woodland-Hills-1.webp","datePublished":"2026-01-14T15:50:24+00:00","dateModified":"2026-01-22T13:24:35+00:00","breadcrumb":{"@id":"https:\/\/westcoasttriallawyers.com\/es\/california\/woodland-hills\/abogado-de-accidentes-de-autobus-de-woodland-hills#breadcrumb"},"inLanguage":"es","potentialAction":[{"@type":"ReadAction","target":["https:\/\/westcoasttriallawyers.com\/es\/california\/woodland-hills\/abogado-de-accidentes-de-autobus-de-woodland-hills"]}]},{"@type":"ImageObject","inLanguage":"es","@id":"https:\/\/westcoasttriallawyers.com\/es\/california\/woodland-hills\/abogado-de-accidentes-de-autobus-de-woodland-hills#primaryimage","url":"https:\/\/westcoasttriallawyers.com\/wp-content\/uploads\/2025\/07\/Woodland-Hills-1.webp","contentUrl":"https:\/\/westcoasttriallawyers.com\/wp-content\/uploads\/2025\/07\/Woodland-Hills-1.webp","width":557,"height":327},{"@type":"BreadcrumbList","@id":"https:\/\/westcoasttriallawyers.com\/es\/california\/woodland-hills\/abogado-de-accidentes-de-autobus-de-woodland-hills#breadcrumb","itemListElement":[{"@type":"ListItem","position":1,"name":"Inicio","item":"https:\/\/westcoasttriallawyers.com\/es"},{"@type":"ListItem","position":2,"name":"California","item":"https:\/\/westcoasttriallawyers.com\/es\/california"},{"@type":"ListItem","position":3,"name":"Woodland Hills","item":"https:\/\/westcoasttriallawyers.com\/es\/california\/woodland-hills"},{"@type":"ListItem","position":4,"name":"Abogado de accidentes de autob\u00fas de Woodland Hills"}]},{"@type":"WebSite","@id":"https:\/\/westcoasttriallawyers.com\/es#website","url":"https:\/\/westcoasttriallawyers.com\/es","name":"West Coast Trial Lawyers","description":"West Coast Trial Lawyers","publisher":{"@id":"https:\/\/westcoasttriallawyers.com\/es#organization"},"alternateName":"WCTL","potentialAction":[{"@type":"SearchAction","target":{"@type":"EntryPoint","urlTemplate":"https:\/\/westcoasttriallawyers.com\/es?s={search_term_string}"},"query-input":{"@type":"PropertyValueSpecification","valueRequired":true,"valueName":"search_term_string"}}],"inLanguage":"es"},{"@type":"Organization","@id":"https:\/\/westcoasttriallawyers.com\/es#organization","name":"West Coast Trial Lawyers","alternateName":"WCTL","url":"https:\/\/westcoasttriallawyers.com\/es","logo":{"@type":"ImageObject","inLanguage":"es","@id":"https:\/\/westcoasttriallawyers.com\/es#\/schema\/logo\/image\/","url":"https:\/\/westcoasttriallawyers.com\/wp-content\/uploads\/2026\/02\/WCTL-Logo.jpg","contentUrl":"https:\/\/westcoasttriallawyers.com\/wp-content\/uploads\/2026\/02\/WCTL-Logo.jpg","width":696,"height":696,"caption":"West Coast Trial Lawyers"},"image":{"@id":"https:\/\/westcoasttriallawyers.com\/es#\/schema\/logo\/image\/"},"sameAs":["https:\/\/www.facebook.com\/westcoasttriallawyers\/","https:\/\/x.com\/WestCoastTrial","https:\/\/www.linkedin.com\/company\/west-coast-trial-lawyers\/","https:\/\/www.instagram.com\/westcoasttriallawyers\/","https:\/\/www.yelp.com\/biz\/west-coast-trial-lawyers-los-angeles-2","https:\/\/www.pinterest.com\/westcoasttrial\/","https:\/\/www.youtube.com\/westcoasttriallawyersla\/","https:\/\/www.tiktok.com\/westcoasttriallawyers"],"description":"West Coast Trial Lawyers is a top-rated personal injury law firm with a goal to provide expert legal representation to those in need. The law firm has offices across California, Nevada, Arizona, and Washington.","legalName":"West Coast Trial Lawyers"}]}},"_links":{"self":[{"href":"https:\/\/westcoasttriallawyers.com\/es\/wp-json\/wp\/v2\/pages\/13109","targetHints":{"allow":["GET"]}}],"collection":[{"href":"https:\/\/westcoasttriallawyers.com\/es\/wp-json\/wp\/v2\/pages"}],"about":[{"href":"https:\/\/westcoasttriallawyers.com\/es\/wp-json\/wp\/v2\/types\/page"}],"author":[{"embeddable":true,"href":"https:\/\/westcoasttriallawyers.com\/es\/wp-json\/wp\/v2\/users\/475"}],"replies":[{"embeddable":true,"href":"https:\/\/westcoasttriallawyers.com\/es\/wp-json\/wp\/v2\/comments?post=13109"}],"version-history":[{"count":4,"href":"https:\/\/westcoasttriallawyers.com\/es\/wp-json\/wp\/v2\/pages\/13109\/revisions"}],"predecessor-version":[{"id":47956,"href":"https:\/\/westcoasttriallawyers.com\/es\/wp-json\/wp\/v2\/pages\/13109\/revisions\/47956"}],"up":[{"embeddable":true,"href":"https:\/\/westcoasttriallawyers.com\/es\/wp-json\/wp\/v2\/pages\/47405"}],"wp:featuredmedia":[{"embeddable":true,"href":"https:\/\/westcoasttriallawyers.com\/es\/wp-json\/wp\/v2\/media\/46064"}],"wp:attachment":[{"href":"https:\/\/westcoasttriallawyers.com\/es\/wp-json\/wp\/v2\/media?parent=13109"}],"curies":[{"name":"wp","href":"https:\/\/api.w.org\/{rel}","templated":true}]}}