{"id":13107,"date":"2026-01-14T15:50:37","date_gmt":"2026-01-14T15:50:37","guid":{"rendered":"https:\/\/wctl1stg.wpengine.com\/?page_id=13107"},"modified":"2026-01-23T21:19:31","modified_gmt":"2026-01-23T21:19:31","slug":"abogados-muerte-injusta-woodland-hills","status":"publish","type":"page","link":"https:\/\/westcoasttriallawyers.com\/es\/california\/woodland-hills\/abogados-muerte-injusta-woodland-hills","title":{"rendered":"Abogado de Muerte Injusta en Woodland Hills\u00a0"},"content":{"rendered":"<h2><strong>\u00bfQu\u00e9 tipos de da\u00f1os se le otorgar\u00e1n en un caso de muerte injusta?<\/strong><\/h2>\n<p>Se espera que los conductores y peatones sigan la ley de California para evitar lesiones o muertes. Desafortunadamente, muchos de estos conductores eligen ignorar las reglas de tr\u00e1nsito, lo que crea un ambiente peligroso para quienes est\u00e1n cerca. Los tipos comunes de negligencia que un conductor puede cometer incluyen exceso de velocidad, conducci\u00f3n distra\u00edda, conducci\u00f3n bajo la influencia o conducci\u00f3n somnolienta. Cualquiera de estas acciones puede contribuir a un accidente fatal.<\/p>\n<p>Los herederos de una v\u00edctima pueden presentar una demanda por homicidio culposo si su ser querido estuvo involucrado en un accidente que result\u00f3 en su muerte. Est\u00e1n obligados a proporcionar pruebas de negligencia para obtener una compensaci\u00f3n por los da\u00f1os causados \u200b\u200bpor el accidente mortal. La evidencia de negligencia debe presentarse como:<\/p>\n<ul>\n<li>Obligaci\u00f3n de cuidar. El demandante debe demostrar que el demandado estaba obligado a cumplir con el deber de cuidado. Por ejemplo, se le exigi\u00f3 al acusado que siguiera el l\u00edmite de velocidad se\u00f1alado.<\/li>\n<li>Incumplimiento del Deber de Cuidado. El demandante debe demostrar que el demandado incumpli\u00f3 su deber de cuidar a la v\u00edctima fallecida. Por ejemplo, el conductor excedi\u00f3 el l\u00edmite de velocidad publicado de 50 mph y, en cambio, super\u00f3 las 80 mph.<\/li>\n<li>Causalidad. El demandante debe demostrar que el incumplimiento del deber de cuidado por parte del conductor fue la causa principal de la muerte de la v\u00edctima.<\/li>\n<li>Da\u00f1os y perjuicios. El demandante debe proporcionar documentaci\u00f3n de cualquier da\u00f1o econ\u00f3mico y no econ\u00f3mico que resulte de la p\u00e9rdida de su ser querido. Esto incluye mostrar recibos de facturas m\u00e9dicas, costos de funeral y entierro, p\u00e9rdida de capacidad de ingresos, p\u00e9rdida de consorcio, p\u00e9rdida del disfrute de la vida, dolor y sufrimiento, etc<\/li>\n<\/ul>\n<p>Si ha perdido a un ser querido como consecuencia de un accidente, le hacemos llegar nuestro m\u00e1s sentido p\u00e9same.<\/p>\n<p>En West Coast Trial Lawyers, nuestros abogados de homicidio culposo de Woodland Hills tienen m\u00e1s de 60 a\u00f1os de experiencia legal colectiva en el manejo de casos de lesiones personales. Con nuestro historial de ganar m\u00e1s de $ 1 mil millones en acuerdos, hemos sido reconocidos como uno de los principales bufetes de abogados de lesiones personales en Woodland Hills.<\/p>\n<p>Si desea programar una consulta gratuita y sin compromiso en nuestro bufete de abogados de lesiones personales de Woodland Hills, comun\u00edquese con nuestro equipo legal las 24 horas, los 7 d\u00edas de la semana llamando al\u00a0<strong>213-927-3700<\/strong> o enviando un correo electr\u00f3nico a\u00a0<a href=\"mailto:info@westcoasttriallawyers.com\"><strong>info@westcoasttriallawyers.com<\/strong><\/a><strong>.<\/strong><\/p>\n<h2><strong>Da\u00f1os disponibles en un caso de muerte injusta<\/strong><\/h2>\n<p>Si su ser querido muri\u00f3 como resultado de la negligencia de otra persona, es posible que tenga derecho a una compensaci\u00f3n por sus p\u00e9rdidas.<\/p>\n<p>Los da\u00f1os son un tipo de compensaci\u00f3n monetaria determinada por un tribunal de justicia para ayudar a compensar a una persona agraviada por cualquier p\u00e9rdida o lesi\u00f3n sufrida como resultado de la negligencia de alguien.<\/p>\n<h2><strong>Da\u00f1os Econ\u00f3micos<\/strong><\/h2>\n<p>Los da\u00f1os econ\u00f3micos est\u00e1n destinados a compensar al demandante por las p\u00e9rdidas a las que se puede adjuntar f\u00e1cilmente una cantidad en d\u00f3lares. Se calcula determinando la cantidad de p\u00e9rdidas de bolsillo que una persona agraviada tiene o esperar\u00e1 incurrir como resultado de sus lesiones.<\/p>\n<p>Algunos ejemplos de p\u00e9rdidas econ\u00f3micas que acumular\u00e1 una v\u00edctima de muerte injusta incluyen los siguientes:<\/p>\n<ul>\n<li><strong>P\u00e9rdida de la capacidad de generar ingresos.<\/strong> El demandante puede recibir una compensaci\u00f3n por cualquier ingreso futuro que su ser querido hubiera obtenido si estuviera vivo.<\/li>\n<li><strong>Facturas m\u00e9dicas.<\/strong> El demandante puede recibir cobertura para facturas de hospital y costos de funeral y entierro.<\/li>\n<\/ul>\n<h2><strong>Da\u00f1os no econ\u00f3micos<\/strong><\/h2>\n<p>Los da\u00f1os no econ\u00f3micos est\u00e1n destinados esencialmente a cubrir p\u00e9rdidas que se consideran subjetivas y no necesariamente cubrir\u00e1n p\u00e9rdidas de bolsillo. Los da\u00f1os no econ\u00f3micos por un caso de muerte injusta pueden incluir compensaci\u00f3n por:<\/p>\n<ul>\n<li><strong>Dolor y sufrimiento.<\/strong> El demandante puede haber sufrido mucha ansiedad y depresi\u00f3n despu\u00e9s de perder a su ser querido. Las sesiones de terapia y las visitas al m\u00e9dico son servicios comunes que se utilizan para hacer frente a las emociones fuertes. Cualquier terapia o visita al m\u00e9dico guardada en el archivo puede usarse como prueba de que el demandante atraviesa mucha angustia mental debido a la muerte de la v\u00edctima.<\/li>\n<li><strong>P\u00e9rdida del disfrute de la vida.<\/strong> Es posible que el demandante ya no vea la vida como una experiencia placentera. Esto puede afectar directamente su salud mental y provocar problemas psicol\u00f3gicos graves, como ansiedad, depresi\u00f3n y trastorno de estr\u00e9s postraum\u00e1tico (TEPT).<\/li>\n<li><strong>P\u00e9rdida del Consorcio.<\/strong> Es posible que el demandante ya no experimente el amor, el compa\u00f1erismo, la comodidad, el afecto o las relaciones sexuales que la pareja expresaba antes del accidente. Los factores importantes que se necesitan para una p\u00e9rdida de consorcio incluyen prueba de:\n<ul>\n<li>Su matrimonio legal o pareja de hecho registrada.<\/li>\n<li>Su pareja sufri\u00f3 lesiones o la muerte a causa del accidente.<\/li>\n<li>Est\u00e1s lidiando con p\u00e9rdidas no econ\u00f3micas.<\/li>\n<li>La negligencia del demandado caus\u00f3 la lesi\u00f3n o la muerte que provoc\u00f3 que ocurriera su p\u00e9rdida.<\/li>\n<\/ul>\n<\/li>\n<\/ul>\n<h2><strong>Cont\u00e1ctenos<\/strong><\/h2>\n<p>Si perdi\u00f3 a un ser querido en un accidente, West Coast Trial Lawyers cuenta con abogados expertos en Woodland Hills que tienen m\u00e1s de 60 a\u00f1os de experiencia colectiva en el manejo de casos relacionados con muerte injusta. Nuestros abogados lo ayudar\u00e1n a obtener una compensaci\u00f3n financiera y emocional por las p\u00e9rdidas que ha sufrido despu\u00e9s de perder a su amigo o familiar. Esto incluye facturas m\u00e9dicas, da\u00f1os a la propiedad, angustia emocional, salarios perdidos y dolor y sufrimiento.<\/p>\n<p>Para programar una consulta gratuita en nuestro bufete de abogados de lesiones personales de Woodland Hills, comun\u00edquese con nuestro equipo legal las 24 horas, los 7 d\u00edas de la semana llamando al\u00a0<strong>213-927-3700<\/strong> o enviando un correo electr\u00f3nico a\u00a0<a href=\"mailto:info@westcoasttriallawyers.com\"><strong>info@westcoasttriallawyers.com<\/strong><\/a><strong>.\u00a0<\/strong><br \/>\n<!-- WCTL_DEBUG: no shortcode in this_content --><\/p>\n","protected":false},"excerpt":{"rendered":"<p>\u00bfQu\u00e9 tipos de da\u00f1os se le otorgar\u00e1n en un caso de muerte injusta? Se espera que los conductores y peatones sigan la ley de California para evitar lesiones o muertes. Desafortunadamente, muchos de estos conductores eligen ignorar las reglas de tr\u00e1nsito, lo que crea un ambiente peligroso para quienes est\u00e1n cerca. Los tipos comunes de [&hellip;]<\/p>\n","protected":false},"author":470,"featured_media":46124,"parent":47405,"menu_order":575,"comment_status":"closed","ping_status":"closed","template":"","meta":{"inline_featured_image":false,"footnotes":""},"class_list":["post-13107","page","type-page","status-publish","has-post-thumbnail","hentry"],"acf":[],"yoast_head":"<!-- This site is optimized with the Yoast SEO Premium plugin v26.0 (Yoast SEO v26.0) - https:\/\/yoast.com\/wordpress\/plugins\/seo\/ -->\n<title>Abogado de Muerte Injusta en Woodland Hills\u00a0 | West Coast Trial Lawyers<\/title>\n<meta name=\"robots\" content=\"index, follow, max-snippet:-1, max-image-preview:large, max-video-preview:-1\" \/>\n<link rel=\"canonical\" href=\"https:\/\/westcoasttriallawyers.com\/es\/california\/woodland-hills\/abogados-muerte-injusta-woodland-hills\" \/>\n<meta property=\"og:locale\" content=\"es_ES\" \/>\n<meta property=\"og:type\" content=\"article\" \/>\n<meta property=\"og:title\" content=\"Abogado de Muerte Injusta en Woodland Hills\u00a0\" \/>\n<meta property=\"og:description\" content=\"\u00bfQu\u00e9 tipos de da\u00f1os se le otorgar\u00e1n en un caso de muerte injusta? Se espera que los conductores y peatones sigan la ley de California para evitar lesiones o muertes. Desafortunadamente, muchos de estos conductores eligen ignorar las reglas de tr\u00e1nsito, lo que crea un ambiente peligroso para quienes est\u00e1n cerca. Los tipos comunes de [&hellip;]\" \/>\n<meta property=\"og:url\" content=\"https:\/\/westcoasttriallawyers.com\/es\/california\/woodland-hills\/abogados-muerte-injusta-woodland-hills\" \/>\n<meta property=\"og:site_name\" content=\"West Coast Trial Lawyers\" \/>\n<meta property=\"article:publisher\" content=\"https:\/\/www.facebook.com\/westcoasttriallawyers\/\" \/>\n<meta property=\"article:modified_time\" content=\"2026-01-23T21:19:31+00:00\" \/>\n<meta property=\"og:image\" content=\"https:\/\/westcoasttriallawyers.com\/wp-content\/uploads\/2025\/07\/Woodland-Hills-25.webp\" \/>\n\t<meta property=\"og:image:width\" content=\"557\" \/>\n\t<meta property=\"og:image:height\" content=\"327\" \/>\n\t<meta property=\"og:image:type\" content=\"image\/webp\" \/>\n<meta name=\"twitter:card\" content=\"summary_large_image\" \/>\n<meta name=\"twitter:site\" content=\"@WestCoastTrial\" \/>\n<meta name=\"twitter:label1\" content=\"Tiempo de lectura\" \/>\n\t<meta name=\"twitter:data1\" content=\"5 minutos\" \/>\n<script type=\"application\/ld+json\" class=\"yoast-schema-graph\">{\"@context\":\"https:\/\/schema.org\",\"@graph\":[{\"@type\":[\"WebPage\",\"ItemPage\"],\"@id\":\"https:\/\/westcoasttriallawyers.com\/es\/california\/woodland-hills\/abogados-muerte-injusta-woodland-hills\",\"url\":\"https:\/\/westcoasttriallawyers.com\/es\/california\/woodland-hills\/abogados-muerte-injusta-woodland-hills\",\"name\":\"Abogado de Muerte Injusta en Woodland Hills\u00a0 | West Coast Trial Lawyers\",\"isPartOf\":{\"@id\":\"https:\/\/westcoasttriallawyers.com\/es#website\"},\"primaryImageOfPage\":{\"@id\":\"https:\/\/westcoasttriallawyers.com\/es\/california\/woodland-hills\/abogados-muerte-injusta-woodland-hills#primaryimage\"},\"image\":{\"@id\":\"https:\/\/westcoasttriallawyers.com\/es\/california\/woodland-hills\/abogados-muerte-injusta-woodland-hills#primaryimage\"},\"thumbnailUrl\":\"https:\/\/westcoasttriallawyers.com\/wp-content\/uploads\/2025\/07\/Woodland-Hills-25.webp\",\"datePublished\":\"2026-01-14T15:50:37+00:00\",\"dateModified\":\"2026-01-23T21:19:31+00:00\",\"breadcrumb\":{\"@id\":\"https:\/\/westcoasttriallawyers.com\/es\/california\/woodland-hills\/abogados-muerte-injusta-woodland-hills#breadcrumb\"},\"inLanguage\":\"es\",\"potentialAction\":[{\"@type\":\"ReadAction\",\"target\":[\"https:\/\/westcoasttriallawyers.com\/es\/california\/woodland-hills\/abogados-muerte-injusta-woodland-hills\"]}]},{\"@type\":\"ImageObject\",\"inLanguage\":\"es\",\"@id\":\"https:\/\/westcoasttriallawyers.com\/es\/california\/woodland-hills\/abogados-muerte-injusta-woodland-hills#primaryimage\",\"url\":\"https:\/\/westcoasttriallawyers.com\/wp-content\/uploads\/2025\/07\/Woodland-Hills-25.webp\",\"contentUrl\":\"https:\/\/westcoasttriallawyers.com\/wp-content\/uploads\/2025\/07\/Woodland-Hills-25.webp\",\"width\":557,\"height\":327},{\"@type\":\"BreadcrumbList\",\"@id\":\"https:\/\/westcoasttriallawyers.com\/es\/california\/woodland-hills\/abogados-muerte-injusta-woodland-hills#breadcrumb\",\"itemListElement\":[{\"@type\":\"ListItem\",\"position\":1,\"name\":\"Inicio\",\"item\":\"https:\/\/westcoasttriallawyers.com\/es\"},{\"@type\":\"ListItem\",\"position\":2,\"name\":\"California\",\"item\":\"https:\/\/westcoasttriallawyers.com\/es\/california\"},{\"@type\":\"ListItem\",\"position\":3,\"name\":\"Woodland Hills\",\"item\":\"https:\/\/westcoasttriallawyers.com\/es\/california\/woodland-hills\"},{\"@type\":\"ListItem\",\"position\":4,\"name\":\"Abogado de Muerte Injusta en Woodland Hills\u00a0\"}]},{\"@type\":\"WebSite\",\"@id\":\"https:\/\/westcoasttriallawyers.com\/es#website\",\"url\":\"https:\/\/westcoasttriallawyers.com\/es\",\"name\":\"West Coast Trial Lawyers\",\"description\":\"West Coast Trial Lawyers\",\"publisher\":{\"@id\":\"https:\/\/westcoasttriallawyers.com\/es#organization\"},\"alternateName\":\"WCTL\",\"potentialAction\":[{\"@type\":\"SearchAction\",\"target\":{\"@type\":\"EntryPoint\",\"urlTemplate\":\"https:\/\/westcoasttriallawyers.com\/es?s={search_term_string}\"},\"query-input\":{\"@type\":\"PropertyValueSpecification\",\"valueRequired\":true,\"valueName\":\"search_term_string\"}}],\"inLanguage\":\"es\"},{\"@type\":\"Organization\",\"@id\":\"https:\/\/westcoasttriallawyers.com\/es#organization\",\"name\":\"West Coast Trial Lawyers\",\"alternateName\":\"WCTL\",\"url\":\"https:\/\/westcoasttriallawyers.com\/es\",\"logo\":{\"@type\":\"ImageObject\",\"inLanguage\":\"es\",\"@id\":\"https:\/\/westcoasttriallawyers.com\/es#\/schema\/logo\/image\/\",\"url\":\"https:\/\/westcoasttriallawyers.com\/wp-content\/uploads\/2026\/02\/WCTL-Logo.jpg\",\"contentUrl\":\"https:\/\/westcoasttriallawyers.com\/wp-content\/uploads\/2026\/02\/WCTL-Logo.jpg\",\"width\":696,\"height\":696,\"caption\":\"West Coast Trial Lawyers\"},\"image\":{\"@id\":\"https:\/\/westcoasttriallawyers.com\/es#\/schema\/logo\/image\/\"},\"sameAs\":[\"https:\/\/www.facebook.com\/westcoasttriallawyers\/\",\"https:\/\/x.com\/WestCoastTrial\",\"https:\/\/www.linkedin.com\/company\/west-coast-trial-lawyers\/\",\"https:\/\/www.instagram.com\/westcoasttriallawyers\/\",\"https:\/\/www.yelp.com\/biz\/west-coast-trial-lawyers-los-angeles-2\",\"https:\/\/www.pinterest.com\/westcoasttrial\/\",\"https:\/\/www.youtube.com\/westcoasttriallawyersla\/\",\"https:\/\/www.tiktok.com\/westcoasttriallawyers\"],\"description\":\"West Coast Trial Lawyers is a top-rated personal injury law firm with a goal to provide expert legal representation to those in need. The law firm has offices across California, Nevada, Arizona, and Washington.\",\"legalName\":\"West Coast Trial Lawyers\"}]}<\/script>\n<!-- \/ Yoast SEO Premium plugin. -->","yoast_head_json":{"title":"Abogado de Muerte Injusta en Woodland Hills\u00a0 | West Coast Trial Lawyers","robots":{"index":"index","follow":"follow","max-snippet":"max-snippet:-1","max-image-preview":"max-image-preview:large","max-video-preview":"max-video-preview:-1"},"canonical":"https:\/\/westcoasttriallawyers.com\/es\/california\/woodland-hills\/abogados-muerte-injusta-woodland-hills","og_locale":"es_ES","og_type":"article","og_title":"Abogado de Muerte Injusta en Woodland Hills\u00a0","og_description":"\u00bfQu\u00e9 tipos de da\u00f1os se le otorgar\u00e1n en un caso de muerte injusta? Se espera que los conductores y peatones sigan la ley de California para evitar lesiones o muertes. Desafortunadamente, muchos de estos conductores eligen ignorar las reglas de tr\u00e1nsito, lo que crea un ambiente peligroso para quienes est\u00e1n cerca. Los tipos comunes de [&hellip;]","og_url":"https:\/\/westcoasttriallawyers.com\/es\/california\/woodland-hills\/abogados-muerte-injusta-woodland-hills","og_site_name":"West Coast Trial Lawyers","article_publisher":"https:\/\/www.facebook.com\/westcoasttriallawyers\/","article_modified_time":"2026-01-23T21:19:31+00:00","og_image":[{"width":557,"height":327,"url":"https:\/\/westcoasttriallawyers.com\/wp-content\/uploads\/2025\/07\/Woodland-Hills-25.webp","type":"image\/webp"}],"twitter_card":"summary_large_image","twitter_site":"@WestCoastTrial","twitter_misc":{"Tiempo de lectura":"5 minutos"},"schema":{"@context":"https:\/\/schema.org","@graph":[{"@type":["WebPage","ItemPage"],"@id":"https:\/\/westcoasttriallawyers.com\/es\/california\/woodland-hills\/abogados-muerte-injusta-woodland-hills","url":"https:\/\/westcoasttriallawyers.com\/es\/california\/woodland-hills\/abogados-muerte-injusta-woodland-hills","name":"Abogado de Muerte Injusta en Woodland Hills\u00a0 | West Coast Trial Lawyers","isPartOf":{"@id":"https:\/\/westcoasttriallawyers.com\/es#website"},"primaryImageOfPage":{"@id":"https:\/\/westcoasttriallawyers.com\/es\/california\/woodland-hills\/abogados-muerte-injusta-woodland-hills#primaryimage"},"image":{"@id":"https:\/\/westcoasttriallawyers.com\/es\/california\/woodland-hills\/abogados-muerte-injusta-woodland-hills#primaryimage"},"thumbnailUrl":"https:\/\/westcoasttriallawyers.com\/wp-content\/uploads\/2025\/07\/Woodland-Hills-25.webp","datePublished":"2026-01-14T15:50:37+00:00","dateModified":"2026-01-23T21:19:31+00:00","breadcrumb":{"@id":"https:\/\/westcoasttriallawyers.com\/es\/california\/woodland-hills\/abogados-muerte-injusta-woodland-hills#breadcrumb"},"inLanguage":"es","potentialAction":[{"@type":"ReadAction","target":["https:\/\/westcoasttriallawyers.com\/es\/california\/woodland-hills\/abogados-muerte-injusta-woodland-hills"]}]},{"@type":"ImageObject","inLanguage":"es","@id":"https:\/\/westcoasttriallawyers.com\/es\/california\/woodland-hills\/abogados-muerte-injusta-woodland-hills#primaryimage","url":"https:\/\/westcoasttriallawyers.com\/wp-content\/uploads\/2025\/07\/Woodland-Hills-25.webp","contentUrl":"https:\/\/westcoasttriallawyers.com\/wp-content\/uploads\/2025\/07\/Woodland-Hills-25.webp","width":557,"height":327},{"@type":"BreadcrumbList","@id":"https:\/\/westcoasttriallawyers.com\/es\/california\/woodland-hills\/abogados-muerte-injusta-woodland-hills#breadcrumb","itemListElement":[{"@type":"ListItem","position":1,"name":"Inicio","item":"https:\/\/westcoasttriallawyers.com\/es"},{"@type":"ListItem","position":2,"name":"California","item":"https:\/\/westcoasttriallawyers.com\/es\/california"},{"@type":"ListItem","position":3,"name":"Woodland Hills","item":"https:\/\/westcoasttriallawyers.com\/es\/california\/woodland-hills"},{"@type":"ListItem","position":4,"name":"Abogado de Muerte Injusta en Woodland Hills\u00a0"}]},{"@type":"WebSite","@id":"https:\/\/westcoasttriallawyers.com\/es#website","url":"https:\/\/westcoasttriallawyers.com\/es","name":"West Coast Trial Lawyers","description":"West Coast Trial Lawyers","publisher":{"@id":"https:\/\/westcoasttriallawyers.com\/es#organization"},"alternateName":"WCTL","potentialAction":[{"@type":"SearchAction","target":{"@type":"EntryPoint","urlTemplate":"https:\/\/westcoasttriallawyers.com\/es?s={search_term_string}"},"query-input":{"@type":"PropertyValueSpecification","valueRequired":true,"valueName":"search_term_string"}}],"inLanguage":"es"},{"@type":"Organization","@id":"https:\/\/westcoasttriallawyers.com\/es#organization","name":"West Coast Trial Lawyers","alternateName":"WCTL","url":"https:\/\/westcoasttriallawyers.com\/es","logo":{"@type":"ImageObject","inLanguage":"es","@id":"https:\/\/westcoasttriallawyers.com\/es#\/schema\/logo\/image\/","url":"https:\/\/westcoasttriallawyers.com\/wp-content\/uploads\/2026\/02\/WCTL-Logo.jpg","contentUrl":"https:\/\/westcoasttriallawyers.com\/wp-content\/uploads\/2026\/02\/WCTL-Logo.jpg","width":696,"height":696,"caption":"West Coast Trial Lawyers"},"image":{"@id":"https:\/\/westcoasttriallawyers.com\/es#\/schema\/logo\/image\/"},"sameAs":["https:\/\/www.facebook.com\/westcoasttriallawyers\/","https:\/\/x.com\/WestCoastTrial","https:\/\/www.linkedin.com\/company\/west-coast-trial-lawyers\/","https:\/\/www.instagram.com\/westcoasttriallawyers\/","https:\/\/www.yelp.com\/biz\/west-coast-trial-lawyers-los-angeles-2","https:\/\/www.pinterest.com\/westcoasttrial\/","https:\/\/www.youtube.com\/westcoasttriallawyersla\/","https:\/\/www.tiktok.com\/westcoasttriallawyers"],"description":"West Coast Trial Lawyers is a top-rated personal injury law firm with a goal to provide expert legal representation to those in need. The law firm has offices across California, Nevada, Arizona, and Washington.","legalName":"West Coast Trial Lawyers"}]}},"_links":{"self":[{"href":"https:\/\/westcoasttriallawyers.com\/es\/wp-json\/wp\/v2\/pages\/13107","targetHints":{"allow":["GET"]}}],"collection":[{"href":"https:\/\/westcoasttriallawyers.com\/es\/wp-json\/wp\/v2\/pages"}],"about":[{"href":"https:\/\/westcoasttriallawyers.com\/es\/wp-json\/wp\/v2\/types\/page"}],"author":[{"embeddable":true,"href":"https:\/\/westcoasttriallawyers.com\/es\/wp-json\/wp\/v2\/users\/470"}],"replies":[{"embeddable":true,"href":"https:\/\/westcoasttriallawyers.com\/es\/wp-json\/wp\/v2\/comments?post=13107"}],"version-history":[{"count":1,"href":"https:\/\/westcoasttriallawyers.com\/es\/wp-json\/wp\/v2\/pages\/13107\/revisions"}],"predecessor-version":[{"id":48169,"href":"https:\/\/westcoasttriallawyers.com\/es\/wp-json\/wp\/v2\/pages\/13107\/revisions\/48169"}],"up":[{"embeddable":true,"href":"https:\/\/westcoasttriallawyers.com\/es\/wp-json\/wp\/v2\/pages\/47405"}],"wp:featuredmedia":[{"embeddable":true,"href":"https:\/\/westcoasttriallawyers.com\/es\/wp-json\/wp\/v2\/media\/46124"}],"wp:attachment":[{"href":"https:\/\/westcoasttriallawyers.com\/es\/wp-json\/wp\/v2\/media?parent=13107"}],"curies":[{"name":"wp","href":"https:\/\/api.w.org\/{rel}","templated":true}]}}