{"id":13106,"date":"2026-01-14T15:50:36","date_gmt":"2026-01-14T15:50:36","guid":{"rendered":"https:\/\/wctl1stg.wpengine.com\/?page_id=13106"},"modified":"2026-01-22T13:31:28","modified_gmt":"2026-01-22T13:31:28","slug":"abogado-de-accidentes-de-peatones-de-woodland-hills","status":"publish","type":"page","link":"https:\/\/westcoasttriallawyers.com\/es\/california\/woodland-hills\/abogado-de-accidentes-de-peatones-de-woodland-hills","title":{"rendered":"Abogado de accidentes de peatones de Woodland Hills\u00a0"},"content":{"rendered":"<h2><strong>Pasos que debe considerar tomar despu\u00e9s de un accidente de peat\u00f3n para fortalecer su reclamo por lesiones personales<\/strong><\/h2>\n<p>Las ciudades, incluida Woodland Hills, han establecido carreteras que se adaptan m\u00e1s a los conductores que a los peatones. Los peatones a menudo quedan vulnerables cuando est\u00e1n fuera de casa. No tienen protecci\u00f3n contra un veh\u00edculo que pueda chocar contra ellos mientras caminan por un cruce de peatones o por la calle. Independientemente de si un peat\u00f3n tiene el derecho de paso, siempre habr\u00e1 conductores negligentes en la carretera que opten por ignorar esta ley y contin\u00faen conduciendo como les plazca. Esta es una mentalidad peligrosa que har\u00e1 que muchas personas sufran un accidente grave que puede resultar en lesiones graves o incluso la muerte.<\/p>\n<p>Si usted o un ser querido estuvieron involucrados en un accidente peatonal, es posible que tenga derecho a recibir una compensaci\u00f3n por da\u00f1os y perjuicios. En West Coast Trial Lawyers, nuestros abogados de accidentes de peatones de Woodland Hills tienen m\u00e1s de 60 a\u00f1os de experiencia legal colectiva en el manejo de casos de lesiones personales. Hemos ganado exitosamente m\u00e1s de 5,000 casos y recuperado m\u00e1s de $1,000 millones en acuerdos para nuestros clientes. Debido a nuestros logros, hemos sido clasificados como uno de los mejores bufetes de abogados de lesiones personales en Woodland Hills.<\/p>\n<p>Para programar una consulta gratuita y sin compromiso en nuestro bufete de abogados de lesiones personales de Woodland Hills, comun\u00edquese con nuestro equipo legal las 24 horas, los 7 d\u00edas de la semana llamando al&nbsp;<strong>213-927-3700<\/strong> o enviando un correo electr\u00f3nico a&nbsp;<a href=\"mailto:info@westcoasttriallawyers.com\"><strong>info@westcoasttriallawyers.com<\/strong><\/a><strong>.&nbsp;<\/strong><\/p>\n<h2><strong>Accidente de tr\u00e1fico de peatones<\/strong><\/h2>\n<p>Dado que los peatones corren un alto riesgo de verse involucrados en un accidente, se han establecido leyes de California para protegerlos de conductores negligentes. El C\u00f3digo de Veh\u00edculos de California 21950 indica que:<\/p>\n<ul>\n<li>Se espera que un conductor&nbsp;<strong>ceda el derecho de paso a los peatones en todo momento<\/strong>.<\/li>\n<li>Un conductor&nbsp;<strong>nunca debe detenerse dentro de un cruce de peatones<\/strong>. Los peatones tendr\u00edan que caminar por el cruce de peatones y rodear el veh\u00edculo. Esta es una situaci\u00f3n peligrosa para ellos.<\/li>\n<li>Un conductor solo puede conducir en una acera cuando&nbsp;<strong>ingresa o sale de un garaje o callej\u00f3n<\/strong>. Todav\u00eda se espera que&nbsp;<strong>el conductor ceda el paso a los peatones que pasan caminando<\/strong>.<\/li>\n<li><strong>No se permite que un peat\u00f3n cruze imprudentemente<\/strong>. Si un conductor estaba tratando de evitar golpear a un peat\u00f3n imprudente y se vio involucrado en un accidente, entonces el peat\u00f3n imprudente ser\u00e1 responsable.<\/li>\n<li>Un conductor&nbsp;<strong>nunca debe adelantar a un veh\u00edculo que est\u00e1 detenido en el cruce de peatones<\/strong>. Esto podr\u00eda significar que estaban esperando a que cruzara un peat\u00f3n.<\/li>\n<\/ul>\n<p>Se recomienda tanto a los conductores como a los peatones que observen su entorno antes de realizar cualquier movimiento, como caminar en un cruce de peatones o girar a la izquierda en una intersecci\u00f3n. Aquellos que no cumplan con las reglas de tr\u00e1nsito pueden experimentar repercusiones legales por los da\u00f1os o lesiones que se produjeron debido a su negligencia.<\/p>\n<p>Los conductores est\u00e1n obligados a proporcionar a otros conductores, ciclistas y peatones el deber de cuidado para mantener un entorno seguro. Esto implica dar a los peatones el derecho de paso incluso si est\u00e1n haciendo travesuras ilegales, como cruzar una calle que no tiene un cruce de peatones marcado. Si un conductor elige ignorar sus obligaciones, estar\u00e1 sujeto a responsabilidad si causa un accidente peatonal. Sin embargo, si un conductor tiene un accidente porque estaba tratando de evitar atropellar a un peat\u00f3n que cruzaba ilegalmente la calle, ese peat\u00f3n ser\u00e1 responsable de los da\u00f1os causados \u200b\u200bpor el accidente automovil\u00edstico.<\/p>\n<p>Dado que&nbsp;<strong>California es un estado de culpa comparativa<\/strong>, es probable que m\u00e1s de una parte sea declarada responsable en un accidente. Bajo este tipo de situaci\u00f3n, la responsabilidad y los da\u00f1os se dividir\u00e1n en funci\u00f3n de la cantidad de negligencia que contribuy\u00f3 cada parte.<\/p>\n<h2><strong>Lo que debe hacer despu\u00e9s de un accidente de peatones<\/strong><\/h2>\n<p>Si result\u00f3 lesionado en un accidente, debe llamar al 911 lo antes posible para solicitar ayuda. Mientras espera que llegue la polic\u00eda, debe hablar con el otro conductor que caus\u00f3 el accidente. Aseg\u00farese de obtener su licencia de conducir, n\u00famero de placa, informaci\u00f3n de contacto e informaci\u00f3n del seguro. Si hay testigos cerca, debe pedir su consentimiento para adquirir su informaci\u00f3n de contacto. Recuerde, los testimonios de los testigos pueden respaldar en gran medida su reclamo. Una vez que la polic\u00eda llegue a la escena del accidente, crear\u00e1 un informe policial oficial. Los param\u00e9dicos tambi\u00e9n pueden estar presentes para brindar asistencia m\u00e9dica inmediata a las personas lesionadas.<\/p>\n<p>Es muy recomendable que lo revise un param\u00e9dico o que haga una cita para visitar a un m\u00e9dico que pueda examinar su lesi\u00f3n. Un m\u00e9dico realizar\u00e1 pruebas, como pruebas de sangre o de im\u00e1genes, para determinar un diagn\u00f3stico. Una vez realizado el diagn\u00f3stico, el m\u00e9dico crear\u00e1 un plan de tratamiento que le ayudar\u00e1 a recuperarse. Dependiendo de la gravedad de la lesi\u00f3n, es posible que deba hacer m\u00e1s visitas al m\u00e9dico para hacerse chequeos regulares a fin de asegurarse de que el plan de tratamiento est\u00e9 funcionando. Todas estas visitas se guardar\u00e1n en el archivo y se pueden usar como evidencia para incluir en su reclamo por lesiones personales.<\/p>\n<p>Mientras intenta recopilar pruebas y registros importantes que ayudar\u00e1n a respaldar su reclamo, debe comunicarse con un abogado con experiencia en accidentes de peatones que lo ayudar\u00e1 a quitarse un poco de peso de los hombros. El abogado revisar\u00e1 las pruebas que ha recopilado y le informar\u00e1 si a\u00fan necesita m\u00e1s documentaci\u00f3n para fortalecer su reclamo. Tambi\u00e9n negociar\u00e1n con las compa\u00f1\u00edas de seguros para asegurarse de que le den una compensaci\u00f3n justa por cualquier da\u00f1o o lesi\u00f3n que haya sufrido a causa del accidente.<\/p>\n<h2><strong>Cont\u00e1ctenos<\/strong><\/h2>\n<p>En la ocasi\u00f3n en que haya sufrido lesiones en la ciudad de Woodland Hills debido a un accidente peatonal, los abogados litigantes de la costa oeste pueden ayudarlo a recuperar el reembolso por los problemas que ha sufrido, incluidas las facturas m\u00e9dicas, los da\u00f1os a la propiedad, la p\u00e9rdida de salarios y el dolor y sufrimiento.<\/p>\n<p>Comun\u00edquese hoy con nuestro equipo legal disponible las 24 horas, los 7 d\u00edas de la semana llamando al&nbsp;<strong>213-927-3700<\/strong> o enviando un correo electr\u00f3nico a<strong>&nbsp;<\/strong><a href=\"mailto:info@westcoasttriallawyers.com\"><strong>info@westcoasttriallawyers.com<\/strong><\/a> para programar una consulta gratuita en nuestro bufete de abogados de lesiones personales de Woodland Hills.<br \/>\n<!-- WCTL_DEBUG: no shortcode in this_content --><\/p>\n","protected":false},"excerpt":{"rendered":"<p>Pasos que debe considerar tomar despu\u00e9s de un accidente de peat\u00f3n para fortalecer su reclamo por lesiones personales Las ciudades, incluida Woodland Hills, han establecido carreteras que se adaptan m\u00e1s a los conductores que a los peatones. Los peatones a menudo quedan vulnerables cuando est\u00e1n fuera de casa. No tienen protecci\u00f3n contra un veh\u00edculo que [&hellip;]<\/p>\n","protected":false},"author":475,"featured_media":46119,"parent":47405,"menu_order":0,"comment_status":"closed","ping_status":"closed","template":"","meta":{"inline_featured_image":false,"footnotes":""},"class_list":["post-13106","page","type-page","status-publish","has-post-thumbnail","hentry"],"acf":[],"yoast_head":"<!-- This site is optimized with the Yoast SEO Premium plugin v26.0 (Yoast SEO v26.0) - https:\/\/yoast.com\/wordpress\/plugins\/seo\/ -->\n<title>Abogado de accidentes de peatones de Woodland Hills\u00a0 | West Coast Trial Lawyers<\/title>\n<meta name=\"robots\" content=\"index, follow, max-snippet:-1, max-image-preview:large, max-video-preview:-1\" \/>\n<link rel=\"canonical\" href=\"https:\/\/westcoasttriallawyers.com\/es\/california\/woodland-hills\/abogado-de-accidentes-de-peatones-de-woodland-hills\" \/>\n<meta property=\"og:locale\" content=\"es_ES\" \/>\n<meta property=\"og:type\" content=\"article\" \/>\n<meta property=\"og:title\" content=\"Abogado de accidentes de peatones de Woodland Hills\u00a0\" \/>\n<meta property=\"og:description\" content=\"Pasos que debe considerar tomar despu\u00e9s de un accidente de peat\u00f3n para fortalecer su reclamo por lesiones personales Las ciudades, incluida Woodland Hills, han establecido carreteras que se adaptan m\u00e1s a los conductores que a los peatones. Los peatones a menudo quedan vulnerables cuando est\u00e1n fuera de casa. No tienen protecci\u00f3n contra un veh\u00edculo que [&hellip;]\" \/>\n<meta property=\"og:url\" content=\"https:\/\/westcoasttriallawyers.com\/es\/california\/woodland-hills\/abogado-de-accidentes-de-peatones-de-woodland-hills\" \/>\n<meta property=\"og:site_name\" content=\"West Coast Trial Lawyers\" \/>\n<meta property=\"article:publisher\" content=\"https:\/\/www.facebook.com\/westcoasttriallawyers\/\" \/>\n<meta property=\"article:modified_time\" content=\"2026-01-22T13:31:28+00:00\" \/>\n<meta property=\"og:image\" content=\"https:\/\/westcoasttriallawyers.com\/wp-content\/uploads\/2025\/07\/Woodland-Hills-23.webp\" \/>\n\t<meta property=\"og:image:width\" content=\"557\" \/>\n\t<meta property=\"og:image:height\" content=\"327\" \/>\n\t<meta property=\"og:image:type\" content=\"image\/webp\" \/>\n<meta name=\"twitter:card\" content=\"summary_large_image\" \/>\n<meta name=\"twitter:site\" content=\"@WestCoastTrial\" \/>\n<meta name=\"twitter:label1\" content=\"Tiempo de lectura\" \/>\n\t<meta name=\"twitter:data1\" content=\"7 minutos\" \/>\n<script type=\"application\/ld+json\" class=\"yoast-schema-graph\">{\"@context\":\"https:\/\/schema.org\",\"@graph\":[{\"@type\":[\"WebPage\",\"ItemPage\"],\"@id\":\"https:\/\/westcoasttriallawyers.com\/es\/california\/woodland-hills\/abogado-de-accidentes-de-peatones-de-woodland-hills\",\"url\":\"https:\/\/westcoasttriallawyers.com\/es\/california\/woodland-hills\/abogado-de-accidentes-de-peatones-de-woodland-hills\",\"name\":\"Abogado de accidentes de peatones de Woodland Hills\u00a0 | West Coast Trial Lawyers\",\"isPartOf\":{\"@id\":\"https:\/\/westcoasttriallawyers.com\/es#website\"},\"primaryImageOfPage\":{\"@id\":\"https:\/\/westcoasttriallawyers.com\/es\/california\/woodland-hills\/abogado-de-accidentes-de-peatones-de-woodland-hills#primaryimage\"},\"image\":{\"@id\":\"https:\/\/westcoasttriallawyers.com\/es\/california\/woodland-hills\/abogado-de-accidentes-de-peatones-de-woodland-hills#primaryimage\"},\"thumbnailUrl\":\"https:\/\/westcoasttriallawyers.com\/wp-content\/uploads\/2025\/07\/Woodland-Hills-23.webp\",\"datePublished\":\"2026-01-14T15:50:36+00:00\",\"dateModified\":\"2026-01-22T13:31:28+00:00\",\"breadcrumb\":{\"@id\":\"https:\/\/westcoasttriallawyers.com\/es\/california\/woodland-hills\/abogado-de-accidentes-de-peatones-de-woodland-hills#breadcrumb\"},\"inLanguage\":\"es\",\"potentialAction\":[{\"@type\":\"ReadAction\",\"target\":[\"https:\/\/westcoasttriallawyers.com\/es\/california\/woodland-hills\/abogado-de-accidentes-de-peatones-de-woodland-hills\"]}]},{\"@type\":\"ImageObject\",\"inLanguage\":\"es\",\"@id\":\"https:\/\/westcoasttriallawyers.com\/es\/california\/woodland-hills\/abogado-de-accidentes-de-peatones-de-woodland-hills#primaryimage\",\"url\":\"https:\/\/westcoasttriallawyers.com\/wp-content\/uploads\/2025\/07\/Woodland-Hills-23.webp\",\"contentUrl\":\"https:\/\/westcoasttriallawyers.com\/wp-content\/uploads\/2025\/07\/Woodland-Hills-23.webp\",\"width\":557,\"height\":327},{\"@type\":\"BreadcrumbList\",\"@id\":\"https:\/\/westcoasttriallawyers.com\/es\/california\/woodland-hills\/abogado-de-accidentes-de-peatones-de-woodland-hills#breadcrumb\",\"itemListElement\":[{\"@type\":\"ListItem\",\"position\":1,\"name\":\"Inicio\",\"item\":\"https:\/\/westcoasttriallawyers.com\/es\"},{\"@type\":\"ListItem\",\"position\":2,\"name\":\"California\",\"item\":\"https:\/\/westcoasttriallawyers.com\/es\/california\"},{\"@type\":\"ListItem\",\"position\":3,\"name\":\"Woodland Hills\",\"item\":\"https:\/\/westcoasttriallawyers.com\/es\/california\/woodland-hills\"},{\"@type\":\"ListItem\",\"position\":4,\"name\":\"Abogado de accidentes de peatones de Woodland Hills\u00a0\"}]},{\"@type\":\"WebSite\",\"@id\":\"https:\/\/westcoasttriallawyers.com\/es#website\",\"url\":\"https:\/\/westcoasttriallawyers.com\/es\",\"name\":\"West Coast Trial Lawyers\",\"description\":\"West Coast Trial Lawyers\",\"publisher\":{\"@id\":\"https:\/\/westcoasttriallawyers.com\/es#organization\"},\"alternateName\":\"WCTL\",\"potentialAction\":[{\"@type\":\"SearchAction\",\"target\":{\"@type\":\"EntryPoint\",\"urlTemplate\":\"https:\/\/westcoasttriallawyers.com\/es?s={search_term_string}\"},\"query-input\":{\"@type\":\"PropertyValueSpecification\",\"valueRequired\":true,\"valueName\":\"search_term_string\"}}],\"inLanguage\":\"es\"},{\"@type\":\"Organization\",\"@id\":\"https:\/\/westcoasttriallawyers.com\/es#organization\",\"name\":\"West Coast Trial Lawyers\",\"alternateName\":\"WCTL\",\"url\":\"https:\/\/westcoasttriallawyers.com\/es\",\"logo\":{\"@type\":\"ImageObject\",\"inLanguage\":\"es\",\"@id\":\"https:\/\/westcoasttriallawyers.com\/es#\/schema\/logo\/image\/\",\"url\":\"https:\/\/westcoasttriallawyers.com\/wp-content\/uploads\/2026\/02\/WCTL-Logo.jpg\",\"contentUrl\":\"https:\/\/westcoasttriallawyers.com\/wp-content\/uploads\/2026\/02\/WCTL-Logo.jpg\",\"width\":696,\"height\":696,\"caption\":\"West Coast Trial Lawyers\"},\"image\":{\"@id\":\"https:\/\/westcoasttriallawyers.com\/es#\/schema\/logo\/image\/\"},\"sameAs\":[\"https:\/\/www.facebook.com\/westcoasttriallawyers\/\",\"https:\/\/x.com\/WestCoastTrial\",\"https:\/\/www.linkedin.com\/company\/west-coast-trial-lawyers\/\",\"https:\/\/www.instagram.com\/westcoasttriallawyers\/\",\"https:\/\/www.yelp.com\/biz\/west-coast-trial-lawyers-los-angeles-2\",\"https:\/\/www.pinterest.com\/westcoasttrial\/\",\"https:\/\/www.youtube.com\/westcoasttriallawyersla\/\",\"https:\/\/www.tiktok.com\/westcoasttriallawyers\"],\"description\":\"West Coast Trial Lawyers is a top-rated personal injury law firm with a goal to provide expert legal representation to those in need. The law firm has offices across California, Nevada, Arizona, and Washington.\",\"legalName\":\"West Coast Trial Lawyers\"}]}<\/script>\n<!-- \/ Yoast SEO Premium plugin. -->","yoast_head_json":{"title":"Abogado de accidentes de peatones de Woodland Hills\u00a0 | West Coast Trial Lawyers","robots":{"index":"index","follow":"follow","max-snippet":"max-snippet:-1","max-image-preview":"max-image-preview:large","max-video-preview":"max-video-preview:-1"},"canonical":"https:\/\/westcoasttriallawyers.com\/es\/california\/woodland-hills\/abogado-de-accidentes-de-peatones-de-woodland-hills","og_locale":"es_ES","og_type":"article","og_title":"Abogado de accidentes de peatones de Woodland Hills\u00a0","og_description":"Pasos que debe considerar tomar despu\u00e9s de un accidente de peat\u00f3n para fortalecer su reclamo por lesiones personales Las ciudades, incluida Woodland Hills, han establecido carreteras que se adaptan m\u00e1s a los conductores que a los peatones. Los peatones a menudo quedan vulnerables cuando est\u00e1n fuera de casa. No tienen protecci\u00f3n contra un veh\u00edculo que [&hellip;]","og_url":"https:\/\/westcoasttriallawyers.com\/es\/california\/woodland-hills\/abogado-de-accidentes-de-peatones-de-woodland-hills","og_site_name":"West Coast Trial Lawyers","article_publisher":"https:\/\/www.facebook.com\/westcoasttriallawyers\/","article_modified_time":"2026-01-22T13:31:28+00:00","og_image":[{"width":557,"height":327,"url":"https:\/\/westcoasttriallawyers.com\/wp-content\/uploads\/2025\/07\/Woodland-Hills-23.webp","type":"image\/webp"}],"twitter_card":"summary_large_image","twitter_site":"@WestCoastTrial","twitter_misc":{"Tiempo de lectura":"7 minutos"},"schema":{"@context":"https:\/\/schema.org","@graph":[{"@type":["WebPage","ItemPage"],"@id":"https:\/\/westcoasttriallawyers.com\/es\/california\/woodland-hills\/abogado-de-accidentes-de-peatones-de-woodland-hills","url":"https:\/\/westcoasttriallawyers.com\/es\/california\/woodland-hills\/abogado-de-accidentes-de-peatones-de-woodland-hills","name":"Abogado de accidentes de peatones de Woodland Hills\u00a0 | West Coast Trial Lawyers","isPartOf":{"@id":"https:\/\/westcoasttriallawyers.com\/es#website"},"primaryImageOfPage":{"@id":"https:\/\/westcoasttriallawyers.com\/es\/california\/woodland-hills\/abogado-de-accidentes-de-peatones-de-woodland-hills#primaryimage"},"image":{"@id":"https:\/\/westcoasttriallawyers.com\/es\/california\/woodland-hills\/abogado-de-accidentes-de-peatones-de-woodland-hills#primaryimage"},"thumbnailUrl":"https:\/\/westcoasttriallawyers.com\/wp-content\/uploads\/2025\/07\/Woodland-Hills-23.webp","datePublished":"2026-01-14T15:50:36+00:00","dateModified":"2026-01-22T13:31:28+00:00","breadcrumb":{"@id":"https:\/\/westcoasttriallawyers.com\/es\/california\/woodland-hills\/abogado-de-accidentes-de-peatones-de-woodland-hills#breadcrumb"},"inLanguage":"es","potentialAction":[{"@type":"ReadAction","target":["https:\/\/westcoasttriallawyers.com\/es\/california\/woodland-hills\/abogado-de-accidentes-de-peatones-de-woodland-hills"]}]},{"@type":"ImageObject","inLanguage":"es","@id":"https:\/\/westcoasttriallawyers.com\/es\/california\/woodland-hills\/abogado-de-accidentes-de-peatones-de-woodland-hills#primaryimage","url":"https:\/\/westcoasttriallawyers.com\/wp-content\/uploads\/2025\/07\/Woodland-Hills-23.webp","contentUrl":"https:\/\/westcoasttriallawyers.com\/wp-content\/uploads\/2025\/07\/Woodland-Hills-23.webp","width":557,"height":327},{"@type":"BreadcrumbList","@id":"https:\/\/westcoasttriallawyers.com\/es\/california\/woodland-hills\/abogado-de-accidentes-de-peatones-de-woodland-hills#breadcrumb","itemListElement":[{"@type":"ListItem","position":1,"name":"Inicio","item":"https:\/\/westcoasttriallawyers.com\/es"},{"@type":"ListItem","position":2,"name":"California","item":"https:\/\/westcoasttriallawyers.com\/es\/california"},{"@type":"ListItem","position":3,"name":"Woodland Hills","item":"https:\/\/westcoasttriallawyers.com\/es\/california\/woodland-hills"},{"@type":"ListItem","position":4,"name":"Abogado de accidentes de peatones de Woodland Hills\u00a0"}]},{"@type":"WebSite","@id":"https:\/\/westcoasttriallawyers.com\/es#website","url":"https:\/\/westcoasttriallawyers.com\/es","name":"West Coast Trial Lawyers","description":"West Coast Trial Lawyers","publisher":{"@id":"https:\/\/westcoasttriallawyers.com\/es#organization"},"alternateName":"WCTL","potentialAction":[{"@type":"SearchAction","target":{"@type":"EntryPoint","urlTemplate":"https:\/\/westcoasttriallawyers.com\/es?s={search_term_string}"},"query-input":{"@type":"PropertyValueSpecification","valueRequired":true,"valueName":"search_term_string"}}],"inLanguage":"es"},{"@type":"Organization","@id":"https:\/\/westcoasttriallawyers.com\/es#organization","name":"West Coast Trial Lawyers","alternateName":"WCTL","url":"https:\/\/westcoasttriallawyers.com\/es","logo":{"@type":"ImageObject","inLanguage":"es","@id":"https:\/\/westcoasttriallawyers.com\/es#\/schema\/logo\/image\/","url":"https:\/\/westcoasttriallawyers.com\/wp-content\/uploads\/2026\/02\/WCTL-Logo.jpg","contentUrl":"https:\/\/westcoasttriallawyers.com\/wp-content\/uploads\/2026\/02\/WCTL-Logo.jpg","width":696,"height":696,"caption":"West Coast Trial Lawyers"},"image":{"@id":"https:\/\/westcoasttriallawyers.com\/es#\/schema\/logo\/image\/"},"sameAs":["https:\/\/www.facebook.com\/westcoasttriallawyers\/","https:\/\/x.com\/WestCoastTrial","https:\/\/www.linkedin.com\/company\/west-coast-trial-lawyers\/","https:\/\/www.instagram.com\/westcoasttriallawyers\/","https:\/\/www.yelp.com\/biz\/west-coast-trial-lawyers-los-angeles-2","https:\/\/www.pinterest.com\/westcoasttrial\/","https:\/\/www.youtube.com\/westcoasttriallawyersla\/","https:\/\/www.tiktok.com\/westcoasttriallawyers"],"description":"West Coast Trial Lawyers is a top-rated personal injury law firm with a goal to provide expert legal representation to those in need. The law firm has offices across California, Nevada, Arizona, and Washington.","legalName":"West Coast Trial Lawyers"}]}},"_links":{"self":[{"href":"https:\/\/westcoasttriallawyers.com\/es\/wp-json\/wp\/v2\/pages\/13106","targetHints":{"allow":["GET"]}}],"collection":[{"href":"https:\/\/westcoasttriallawyers.com\/es\/wp-json\/wp\/v2\/pages"}],"about":[{"href":"https:\/\/westcoasttriallawyers.com\/es\/wp-json\/wp\/v2\/types\/page"}],"author":[{"embeddable":true,"href":"https:\/\/westcoasttriallawyers.com\/es\/wp-json\/wp\/v2\/users\/475"}],"replies":[{"embeddable":true,"href":"https:\/\/westcoasttriallawyers.com\/es\/wp-json\/wp\/v2\/comments?post=13106"}],"version-history":[{"count":3,"href":"https:\/\/westcoasttriallawyers.com\/es\/wp-json\/wp\/v2\/pages\/13106\/revisions"}],"predecessor-version":[{"id":47962,"href":"https:\/\/westcoasttriallawyers.com\/es\/wp-json\/wp\/v2\/pages\/13106\/revisions\/47962"}],"up":[{"embeddable":true,"href":"https:\/\/westcoasttriallawyers.com\/es\/wp-json\/wp\/v2\/pages\/47405"}],"wp:featuredmedia":[{"embeddable":true,"href":"https:\/\/westcoasttriallawyers.com\/es\/wp-json\/wp\/v2\/media\/46119"}],"wp:attachment":[{"href":"https:\/\/westcoasttriallawyers.com\/es\/wp-json\/wp\/v2\/media?parent=13106"}],"curies":[{"name":"wp","href":"https:\/\/api.w.org\/{rel}","templated":true}]}}