{"id":13105,"date":"2026-01-14T15:50:27","date_gmt":"2026-01-14T15:50:27","guid":{"rendered":"https:\/\/wctl1stg.wpengine.com\/?page_id=13105"},"modified":"2026-01-23T21:23:55","modified_gmt":"2026-01-23T21:23:55","slug":"abogados-accidentes-carro-woodland-hills","status":"publish","type":"page","link":"https:\/\/westcoasttriallawyers.com\/es\/california\/woodland-hills\/abogados-accidentes-carro-woodland-hills","title":{"rendered":"Abogado de accidentes automovil\u00edsticos de Woodland Hills\u00a0"},"content":{"rendered":"\r\n<h2 id=\"h-lo-que-se-debe-hacer-despues-de-un-accidente-de-choque-y-fuga-en-woodland-hills\" class=\"wp-block-heading\">Lo que se debe hacer despu\u00e9s de un accidente de choque y fuga en Woodland Hills<\/h2>\r\n\r\n\r\n\r\n<p>Woodland Hills tiene una poblaci\u00f3n de m\u00e1s de 67.000 habitantes, y es com\u00fan que personas de ciudades vecinas viajen hasta Woodland Hills por motivos laborales cada d\u00eda. Con una cantidad tan grande de conductores ocupando las carreteras, las probabilidades de los accidentes automovil\u00edsticos aumentan. Debido a esto, es importante conocer los recursos disponibles para las personas que sufren un accidente automovil\u00edstico en California. Es ideal contratar a un abogado con experiencia en accidentes automovil\u00edsticos para recuperar la m\u00e1xima compensaci\u00f3n por las p\u00e9rdidas financieras y los da\u00f1os emocionales que hayan sido consecuencia de un accidente.<\/p>\r\n\r\n\r\n\r\n<p>En Abogados de la Costa Oeste, contamos con abogados de accidentes automovil\u00edsticos de Woodland Hills con m\u00e1s de 100 a\u00f1os de experiencia legal colectiva en el manejo de casos de lesiones personales. Con nuestro historial de recuperaci\u00f3n de m\u00e1s de <strong>$1.5 mil millones<\/strong> en acuerdos para nuestros clientes, hemos sido reconocidos como uno de los principales bufetes de abogados de lesiones personales en Woodland Hills.<\/p>\r\n\r\n\r\n\r\n<p>Para programar una consulta gratuita y sin compromiso en nuestro bufete de abogados de lesiones personales de Woodland Hills, comun\u00edquese con nuestro equipo legal las 24 horas, los 7 d\u00edas de la semana llamando al <a href=\"tel:2139273700\">(213) 927-3700<\/a> o llenando <a href=\"https:\/\/westcoasttriallawyers.com\/es\/contactenos\">nuestro formulario en l\u00ednea<\/a>.\u00a0<\/p>\r\n\r\n\r\n\r\n<figure class=\"wp-block-image size-large\"><img width=\"1024\" height=\"576\" class=\"wp-image-15426\" src=\"https:\/\/westcoasttriallawyers.com\/wp-content\/uploads\/2023\/12\/ABOGADO-DE-ACCIDENTES-DE-AUTO-DE-WOODLAND-HILLS-1024x576.png\" alt=\"\" srcset=\"https:\/\/westcoasttriallawyers.com\/wp-content\/uploads\/2023\/12\/ABOGADO-DE-ACCIDENTES-DE-AUTO-DE-WOODLAND-HILLS-1024x576.png 1024w, https:\/\/westcoasttriallawyers.com\/wp-content\/uploads\/2023\/12\/ABOGADO-DE-ACCIDENTES-DE-AUTO-DE-WOODLAND-HILLS-300x169.png 300w, https:\/\/westcoasttriallawyers.com\/wp-content\/uploads\/2023\/12\/ABOGADO-DE-ACCIDENTES-DE-AUTO-DE-WOODLAND-HILLS-768x432.png 768w, https:\/\/westcoasttriallawyers.com\/wp-content\/uploads\/2023\/12\/ABOGADO-DE-ACCIDENTES-DE-AUTO-DE-WOODLAND-HILLS-1536x864.png 1536w, https:\/\/westcoasttriallawyers.com\/wp-content\/uploads\/2023\/12\/ABOGADO-DE-ACCIDENTES-DE-AUTO-DE-WOODLAND-HILLS-1200x675.png 1200w, https:\/\/westcoasttriallawyers.com\/wp-content\/uploads\/2023\/12\/ABOGADO-DE-ACCIDENTES-DE-AUTO-DE-WOODLAND-HILLS-1400x788.png 1400w, https:\/\/westcoasttriallawyers.com\/wp-content\/uploads\/2023\/12\/ABOGADO-DE-ACCIDENTES-DE-AUTO-DE-WOODLAND-HILLS.png 2000w\" sizes=\"(max-width: 1024px) 100vw, 1024px\" \/><\/figure>\r\n\r\n\r\n\r\n<p><strong>Accidentes de choque y fuga<\/strong><\/p>\r\n\r\n\r\n\r\n<p>Seg\u00fan el C\u00f3digo de Veh\u00edculos de California 20002, el conductor debe permanecer en el lugar del accidente y cooperar con las dem\u00e1s partes involucradas. Si alguna de las partes se ausenta del lugar del accidente, se considera un choque y fuga. Desafortunadamente, este tipo de situaci\u00f3n ocurre con bastante frecuencia, incluso en Woodland Hills.<\/p>\r\n\r\n\r\n\r\n<p>Algunos escenarios comunes de un accidente de atropello y fuga incluyen los siguientes:<\/p>\r\n\r\n\r\n\r\n<ul class=\"wp-block-list\">\r\n<li>Huir de la escena del accidente, sin importar si ha sido su culpa o no.<\/li>\r\n\r\n\r\n\r\n<li>No mostrar la identificaci\u00f3n requerida y la informaci\u00f3n del seguro. Esto tambi\u00e9n se aplica cuando choca contra un veh\u00edculo estacionado o una propiedad y no hay nadie presente.<\/li>\r\n\r\n\r\n\r\n<li>Alejarse de un choque que usted caus\u00f3, pero en el que no estuvo f\u00edsicamente involucrado.<\/li>\r\n<\/ul>\r\n\r\n\r\n\r\n<p>Seg\u00fan el C\u00f3digo de Veh\u00edculos de California 20002, el conductor culpable de un accidente de choque y fuga es culpable de un delito menor. Si la v\u00edctima de un accidente de choque y fuga queda lesionada o muerta, entonces el C\u00f3digo de Veh\u00edculos de California 20001 entra en vigencia. El conductor enfrentar\u00e1 una sentencia de prisi\u00f3n de hasta 1 a\u00f1o en la prisi\u00f3n estatal o en la c\u00e1rcel del condado, y se le puede imponer una multa que oscila entre $1000 y $10.000. Asimismo, se le otorgar\u00e1n dos puntos para su historial de manejo. Si obtiene dos puntos m\u00e1s dentro del mismo per\u00edodo de 12 meses en el que recibi\u00f3 los dos \u00faltimos puntos, su licencia ser\u00e1 revocada o suspendida.<\/p>\r\n\r\n\r\n\r\n<h2 id=\"h-5-pasos-a-seguir-despues-de-un-accidente-de-choque-y-fuga\" class=\"wp-block-heading\"><strong>5 pasos a seguir despu\u00e9s de un accidente de choque y fuga<\/strong><\/h2>\r\n\r\n\r\n\r\n<p><strong>Estacione o dir\u00edjase a un lugar seguro.<\/strong> Encuentre un lugar seguro cercano para salir del camino del tr\u00e1fico que se aproxima.<\/p>\r\n\r\n\r\n\r\n<p><strong>Contacte a la polic\u00eda. <\/strong>Si nota lesiones o da\u00f1os, comun\u00edquese con la polic\u00eda de inmediato. Llegar\u00e1n al lugar del accidente y realizar\u00e1n un informe policial oficial. Los param\u00e9dicos tambi\u00e9n pueden llegar para brindar asistencia m\u00e9dica a quienes la necesiten.<\/p>\r\n\r\n\r\n\r\n<p><strong>Re\u00fana pruebas convincentes.<\/strong> Tome fotograf\u00edas y\/o secuencias de video de sus lesiones, da\u00f1os y el lugar donde ocurri\u00f3 el accidente. Solicite tambi\u00e9n una copia del informe policial oficial. Por \u00faltimo, es ideal narrar en un audio o anotando en una libreta, su experiencia de lo que sucedi\u00f3 antes, durante y despu\u00e9s del accidente de choque y fuga. No olvide incluir la fecha y la hora en que ocurri\u00f3 el evento.<\/p>\r\n\r\n\r\n\r\n<p><strong>Habla con un testigo.<\/strong> Si puede hacerlo f\u00edsicamente, trate de encontrar un testigo. Si nota alguno, debe preguntarle si no les importa involucrarse en su caso. Si le dan su consentimiento, apunte su informaci\u00f3n de contacto.<\/p>\r\n\r\n\r\n\r\n<p><strong>Comun\u00edquese con un abogado de accidentes automovil\u00edsticos de Woodland Hills.<\/strong> Desafortunadamente, la mayor\u00eda de las compa\u00f1\u00edas de seguros ofrecen mucho menos dinero del que usted merece. En este tipo de situaci\u00f3n, es imperativo hablar con un abogado de accidentes automovil\u00edsticos de primer nivel. Ayudar\u00e1n a fortalecer su reclamo, negociar\u00e1n con las compa\u00f1\u00edas de seguros y obtendr\u00e1n la compensaci\u00f3n que merece por sus p\u00e9rdidas.<\/p>\r\n\r\n\r\n\r\n<h2 id=\"h-cuando-debo-contratar-a-un-abogado-de-accidentes-automovilisticos-para-un-caso-de-atropello-y-fuga\" class=\"wp-block-heading\"><strong>\u00bfCu\u00e1ndo debo contratar a un abogado de accidentes automovil\u00edsticos para un caso de atropello y fuga?<\/strong><\/h2>\r\n\r\n\r\n\r\n<p>Si estuvo en alg\u00fan tipo de accidente de atropello y fuga, se recomienda que tome medidas legales inmediatas para adquirir da\u00f1os econ\u00f3micos y no econ\u00f3micos por las p\u00e9rdidas causadas por el incidente. Una vez que se encuentre al conductor que se dio a la fuga, debe comunicarse con un abogado con experiencia en accidentes automovil\u00edsticos para que lo ayude a presentar un reclamo por lesiones personales en su contra.<\/p>\r\n\r\n\r\n\r\n<p>Se sabe que las compa\u00f1\u00edas de seguros ofrecen una compensaci\u00f3n baja a las v\u00edctimas de accidentes. La cantidad otorgada puede no ser suficiente para cubrir los da\u00f1os, lo que puede dejar a la v\u00edctima enfrentando dificultades financieras. Un abogado de accidentes automovil\u00edsticos negociar\u00e1 con estas compa\u00f1\u00edas de seguros para asegurarse de que se le otorgue la cantidad m\u00e1xima de compensaci\u00f3n que ayudar\u00e1 a cubrir los da\u00f1os econ\u00f3micos y no econ\u00f3micos, incluidas las facturas m\u00e9dicas, la p\u00e9rdida de salarios, la p\u00e9rdida del disfrute de la vida, el dolor y el sufrimiento, y m\u00e1s.<\/p>\r\n\r\n\r\n\r\n<h2 id=\"h-contactenos\" class=\"wp-block-heading\"><strong>Cont\u00e1ctenos<\/strong><\/h2>\r\n\r\n\r\n\r\n<p>Si fue v\u00edctima de un accidente de atropello y fuga, West Coast Trial Lawyers cuenta con abogados experimentados en accidentes automovil\u00edsticos de Woodland Hills que lo ayudar\u00e1n a obtener la justicia que se merece. Hemos ganado m\u00e1s de 5000 casos de lesiones personales y estamos seguros de que obtendremos un buen resultado en su acuerdo.<\/p>\r\n\r\n\r\n\r\n<p>Para programar una consulta gratuita en nuestro bufete de abogados de lesiones personales de Woodland Hills, comun\u00edquese con nuestro personal legal las 24 horas, los 7 d\u00edas de la semana llamando al <a href=\"tel:2139273700\">(213) 927-3700<\/a> o llenando nuestro <a href=\"https:\/\/westcoasttriallawyers.com\/es\/contactenos\">formulario en l\u00ednea<\/a>.<\/p>\r\n\n<!-- WCTL_DEBUG: no shortcode in this_content -->","protected":false},"excerpt":{"rendered":"<p>Lo que se debe hacer despu\u00e9s de un accidente de choque y fuga en Woodland Hills Woodland Hills tiene una poblaci\u00f3n de m\u00e1s de 67.000 habitantes, y es com\u00fan que personas de ciudades vecinas viajen hasta Woodland Hills por motivos laborales cada d\u00eda. Con una cantidad tan grande de conductores ocupando las carreteras, las probabilidades [&hellip;]<\/p>\n","protected":false},"author":470,"featured_media":46074,"parent":47405,"menu_order":5,"comment_status":"closed","ping_status":"closed","template":"","meta":{"inline_featured_image":false,"footnotes":""},"class_list":["post-13105","page","type-page","status-publish","has-post-thumbnail","hentry"],"acf":[],"yoast_head":"<!-- This site is optimized with the Yoast SEO Premium plugin v26.0 (Yoast SEO v26.0) - https:\/\/yoast.com\/wordpress\/plugins\/seo\/ -->\n<title>Abogado de accidentes automovil\u00edsticos de Woodland Hills\u00a0<\/title>\n<meta name=\"description\" content=\"En Woodland Hills hay un exceso de veh\u00edculos en las calles aumentando la probabilidad de accidentes. No negocie solo con las aseguradoras, necesita a su abogado.\" \/>\n<meta name=\"robots\" content=\"index, follow, max-snippet:-1, max-image-preview:large, max-video-preview:-1\" \/>\n<link rel=\"canonical\" href=\"https:\/\/westcoasttriallawyers.com\/es\/california\/woodland-hills\/abogados-accidentes-carro-woodland-hills\" \/>\n<meta property=\"og:locale\" content=\"es_ES\" \/>\n<meta property=\"og:type\" content=\"article\" \/>\n<meta property=\"og:title\" content=\"Abogado de accidentes automovil\u00edsticos de Woodland Hills\u00a0\" \/>\n<meta property=\"og:description\" content=\"En Woodland Hills hay un exceso de veh\u00edculos en las calles aumentando la probabilidad de accidentes. No negocie solo con las aseguradoras, necesita a su abogado.\" \/>\n<meta property=\"og:url\" content=\"https:\/\/westcoasttriallawyers.com\/es\/california\/woodland-hills\/abogados-accidentes-carro-woodland-hills\" \/>\n<meta property=\"og:site_name\" content=\"West Coast Trial Lawyers\" \/>\n<meta property=\"article:publisher\" content=\"https:\/\/www.facebook.com\/westcoasttriallawyers\/\" \/>\n<meta property=\"article:modified_time\" content=\"2026-01-23T21:23:55+00:00\" \/>\n<meta property=\"og:image\" content=\"https:\/\/westcoasttriallawyers.com\/wp-content\/uploads\/2025\/07\/Woodland-Hills-5.webp\" \/>\n\t<meta property=\"og:image:width\" content=\"557\" \/>\n\t<meta property=\"og:image:height\" content=\"327\" \/>\n\t<meta property=\"og:image:type\" content=\"image\/webp\" \/>\n<meta name=\"twitter:card\" content=\"summary_large_image\" \/>\n<meta name=\"twitter:site\" content=\"@WestCoastTrial\" \/>\n<meta name=\"twitter:label1\" content=\"Tiempo de lectura\" \/>\n\t<meta name=\"twitter:data1\" content=\"5 minutos\" \/>\n<script type=\"application\/ld+json\" class=\"yoast-schema-graph\">{\"@context\":\"https:\/\/schema.org\",\"@graph\":[{\"@type\":[\"WebPage\",\"ItemPage\"],\"@id\":\"https:\/\/westcoasttriallawyers.com\/es\/california\/woodland-hills\/abogados-accidentes-carro-woodland-hills\",\"url\":\"https:\/\/westcoasttriallawyers.com\/es\/california\/woodland-hills\/abogados-accidentes-carro-woodland-hills\",\"name\":\"Abogado de accidentes automovil\u00edsticos de Woodland Hills\u00a0\",\"isPartOf\":{\"@id\":\"https:\/\/westcoasttriallawyers.com\/es#website\"},\"primaryImageOfPage\":{\"@id\":\"https:\/\/westcoasttriallawyers.com\/es\/california\/woodland-hills\/abogados-accidentes-carro-woodland-hills#primaryimage\"},\"image\":{\"@id\":\"https:\/\/westcoasttriallawyers.com\/es\/california\/woodland-hills\/abogados-accidentes-carro-woodland-hills#primaryimage\"},\"thumbnailUrl\":\"https:\/\/westcoasttriallawyers.com\/wp-content\/uploads\/2025\/07\/Woodland-Hills-5.webp\",\"datePublished\":\"2026-01-14T15:50:27+00:00\",\"dateModified\":\"2026-01-23T21:23:55+00:00\",\"description\":\"En Woodland Hills hay un exceso de veh\u00edculos en las calles aumentando la probabilidad de accidentes. No negocie solo con las aseguradoras, necesita a su abogado.\",\"breadcrumb\":{\"@id\":\"https:\/\/westcoasttriallawyers.com\/es\/california\/woodland-hills\/abogados-accidentes-carro-woodland-hills#breadcrumb\"},\"inLanguage\":\"es\",\"potentialAction\":[{\"@type\":\"ReadAction\",\"target\":[\"https:\/\/westcoasttriallawyers.com\/es\/california\/woodland-hills\/abogados-accidentes-carro-woodland-hills\"]}]},{\"@type\":\"ImageObject\",\"inLanguage\":\"es\",\"@id\":\"https:\/\/westcoasttriallawyers.com\/es\/california\/woodland-hills\/abogados-accidentes-carro-woodland-hills#primaryimage\",\"url\":\"https:\/\/westcoasttriallawyers.com\/wp-content\/uploads\/2025\/07\/Woodland-Hills-5.webp\",\"contentUrl\":\"https:\/\/westcoasttriallawyers.com\/wp-content\/uploads\/2025\/07\/Woodland-Hills-5.webp\",\"width\":557,\"height\":327},{\"@type\":\"BreadcrumbList\",\"@id\":\"https:\/\/westcoasttriallawyers.com\/es\/california\/woodland-hills\/abogados-accidentes-carro-woodland-hills#breadcrumb\",\"itemListElement\":[{\"@type\":\"ListItem\",\"position\":1,\"name\":\"Inicio\",\"item\":\"https:\/\/westcoasttriallawyers.com\/es\"},{\"@type\":\"ListItem\",\"position\":2,\"name\":\"California\",\"item\":\"https:\/\/westcoasttriallawyers.com\/es\/california\"},{\"@type\":\"ListItem\",\"position\":3,\"name\":\"Woodland Hills\",\"item\":\"https:\/\/westcoasttriallawyers.com\/es\/california\/woodland-hills\"},{\"@type\":\"ListItem\",\"position\":4,\"name\":\"Abogado de accidentes automovil\u00edsticos de Woodland Hills\u00a0\"}]},{\"@type\":\"WebSite\",\"@id\":\"https:\/\/westcoasttriallawyers.com\/es#website\",\"url\":\"https:\/\/westcoasttriallawyers.com\/es\",\"name\":\"West Coast Trial Lawyers\",\"description\":\"West Coast Trial Lawyers\",\"publisher\":{\"@id\":\"https:\/\/westcoasttriallawyers.com\/es#organization\"},\"alternateName\":\"WCTL\",\"potentialAction\":[{\"@type\":\"SearchAction\",\"target\":{\"@type\":\"EntryPoint\",\"urlTemplate\":\"https:\/\/westcoasttriallawyers.com\/es?s={search_term_string}\"},\"query-input\":{\"@type\":\"PropertyValueSpecification\",\"valueRequired\":true,\"valueName\":\"search_term_string\"}}],\"inLanguage\":\"es\"},{\"@type\":\"Organization\",\"@id\":\"https:\/\/westcoasttriallawyers.com\/es#organization\",\"name\":\"West Coast Trial Lawyers\",\"alternateName\":\"WCTL\",\"url\":\"https:\/\/westcoasttriallawyers.com\/es\",\"logo\":{\"@type\":\"ImageObject\",\"inLanguage\":\"es\",\"@id\":\"https:\/\/westcoasttriallawyers.com\/es#\/schema\/logo\/image\/\",\"url\":\"https:\/\/westcoasttriallawyers.com\/wp-content\/uploads\/2026\/02\/WCTL-Logo.jpg\",\"contentUrl\":\"https:\/\/westcoasttriallawyers.com\/wp-content\/uploads\/2026\/02\/WCTL-Logo.jpg\",\"width\":696,\"height\":696,\"caption\":\"West Coast Trial Lawyers\"},\"image\":{\"@id\":\"https:\/\/westcoasttriallawyers.com\/es#\/schema\/logo\/image\/\"},\"sameAs\":[\"https:\/\/www.facebook.com\/westcoasttriallawyers\/\",\"https:\/\/x.com\/WestCoastTrial\",\"https:\/\/www.linkedin.com\/company\/west-coast-trial-lawyers\/\",\"https:\/\/www.instagram.com\/westcoasttriallawyers\/\",\"https:\/\/www.yelp.com\/biz\/west-coast-trial-lawyers-los-angeles-2\",\"https:\/\/www.pinterest.com\/westcoasttrial\/\",\"https:\/\/www.youtube.com\/westcoasttriallawyersla\/\",\"https:\/\/www.tiktok.com\/westcoasttriallawyers\"],\"description\":\"West Coast Trial Lawyers is a top-rated personal injury law firm with a goal to provide expert legal representation to those in need. The law firm has offices across California, Nevada, Arizona, and Washington.\",\"legalName\":\"West Coast Trial Lawyers\"}]}<\/script>\n<!-- \/ Yoast SEO Premium plugin. -->","yoast_head_json":{"title":"Abogado de accidentes automovil\u00edsticos de Woodland Hills\u00a0","description":"En Woodland Hills hay un exceso de veh\u00edculos en las calles aumentando la probabilidad de accidentes. No negocie solo con las aseguradoras, necesita a su abogado.","robots":{"index":"index","follow":"follow","max-snippet":"max-snippet:-1","max-image-preview":"max-image-preview:large","max-video-preview":"max-video-preview:-1"},"canonical":"https:\/\/westcoasttriallawyers.com\/es\/california\/woodland-hills\/abogados-accidentes-carro-woodland-hills","og_locale":"es_ES","og_type":"article","og_title":"Abogado de accidentes automovil\u00edsticos de Woodland Hills\u00a0","og_description":"En Woodland Hills hay un exceso de veh\u00edculos en las calles aumentando la probabilidad de accidentes. No negocie solo con las aseguradoras, necesita a su abogado.","og_url":"https:\/\/westcoasttriallawyers.com\/es\/california\/woodland-hills\/abogados-accidentes-carro-woodland-hills","og_site_name":"West Coast Trial Lawyers","article_publisher":"https:\/\/www.facebook.com\/westcoasttriallawyers\/","article_modified_time":"2026-01-23T21:23:55+00:00","og_image":[{"width":557,"height":327,"url":"https:\/\/westcoasttriallawyers.com\/wp-content\/uploads\/2025\/07\/Woodland-Hills-5.webp","type":"image\/webp"}],"twitter_card":"summary_large_image","twitter_site":"@WestCoastTrial","twitter_misc":{"Tiempo de lectura":"5 minutos"},"schema":{"@context":"https:\/\/schema.org","@graph":[{"@type":["WebPage","ItemPage"],"@id":"https:\/\/westcoasttriallawyers.com\/es\/california\/woodland-hills\/abogados-accidentes-carro-woodland-hills","url":"https:\/\/westcoasttriallawyers.com\/es\/california\/woodland-hills\/abogados-accidentes-carro-woodland-hills","name":"Abogado de accidentes automovil\u00edsticos de Woodland Hills\u00a0","isPartOf":{"@id":"https:\/\/westcoasttriallawyers.com\/es#website"},"primaryImageOfPage":{"@id":"https:\/\/westcoasttriallawyers.com\/es\/california\/woodland-hills\/abogados-accidentes-carro-woodland-hills#primaryimage"},"image":{"@id":"https:\/\/westcoasttriallawyers.com\/es\/california\/woodland-hills\/abogados-accidentes-carro-woodland-hills#primaryimage"},"thumbnailUrl":"https:\/\/westcoasttriallawyers.com\/wp-content\/uploads\/2025\/07\/Woodland-Hills-5.webp","datePublished":"2026-01-14T15:50:27+00:00","dateModified":"2026-01-23T21:23:55+00:00","description":"En Woodland Hills hay un exceso de veh\u00edculos en las calles aumentando la probabilidad de accidentes. No negocie solo con las aseguradoras, necesita a su abogado.","breadcrumb":{"@id":"https:\/\/westcoasttriallawyers.com\/es\/california\/woodland-hills\/abogados-accidentes-carro-woodland-hills#breadcrumb"},"inLanguage":"es","potentialAction":[{"@type":"ReadAction","target":["https:\/\/westcoasttriallawyers.com\/es\/california\/woodland-hills\/abogados-accidentes-carro-woodland-hills"]}]},{"@type":"ImageObject","inLanguage":"es","@id":"https:\/\/westcoasttriallawyers.com\/es\/california\/woodland-hills\/abogados-accidentes-carro-woodland-hills#primaryimage","url":"https:\/\/westcoasttriallawyers.com\/wp-content\/uploads\/2025\/07\/Woodland-Hills-5.webp","contentUrl":"https:\/\/westcoasttriallawyers.com\/wp-content\/uploads\/2025\/07\/Woodland-Hills-5.webp","width":557,"height":327},{"@type":"BreadcrumbList","@id":"https:\/\/westcoasttriallawyers.com\/es\/california\/woodland-hills\/abogados-accidentes-carro-woodland-hills#breadcrumb","itemListElement":[{"@type":"ListItem","position":1,"name":"Inicio","item":"https:\/\/westcoasttriallawyers.com\/es"},{"@type":"ListItem","position":2,"name":"California","item":"https:\/\/westcoasttriallawyers.com\/es\/california"},{"@type":"ListItem","position":3,"name":"Woodland Hills","item":"https:\/\/westcoasttriallawyers.com\/es\/california\/woodland-hills"},{"@type":"ListItem","position":4,"name":"Abogado de accidentes automovil\u00edsticos de Woodland Hills\u00a0"}]},{"@type":"WebSite","@id":"https:\/\/westcoasttriallawyers.com\/es#website","url":"https:\/\/westcoasttriallawyers.com\/es","name":"West Coast Trial Lawyers","description":"West Coast Trial Lawyers","publisher":{"@id":"https:\/\/westcoasttriallawyers.com\/es#organization"},"alternateName":"WCTL","potentialAction":[{"@type":"SearchAction","target":{"@type":"EntryPoint","urlTemplate":"https:\/\/westcoasttriallawyers.com\/es?s={search_term_string}"},"query-input":{"@type":"PropertyValueSpecification","valueRequired":true,"valueName":"search_term_string"}}],"inLanguage":"es"},{"@type":"Organization","@id":"https:\/\/westcoasttriallawyers.com\/es#organization","name":"West Coast Trial Lawyers","alternateName":"WCTL","url":"https:\/\/westcoasttriallawyers.com\/es","logo":{"@type":"ImageObject","inLanguage":"es","@id":"https:\/\/westcoasttriallawyers.com\/es#\/schema\/logo\/image\/","url":"https:\/\/westcoasttriallawyers.com\/wp-content\/uploads\/2026\/02\/WCTL-Logo.jpg","contentUrl":"https:\/\/westcoasttriallawyers.com\/wp-content\/uploads\/2026\/02\/WCTL-Logo.jpg","width":696,"height":696,"caption":"West Coast Trial Lawyers"},"image":{"@id":"https:\/\/westcoasttriallawyers.com\/es#\/schema\/logo\/image\/"},"sameAs":["https:\/\/www.facebook.com\/westcoasttriallawyers\/","https:\/\/x.com\/WestCoastTrial","https:\/\/www.linkedin.com\/company\/west-coast-trial-lawyers\/","https:\/\/www.instagram.com\/westcoasttriallawyers\/","https:\/\/www.yelp.com\/biz\/west-coast-trial-lawyers-los-angeles-2","https:\/\/www.pinterest.com\/westcoasttrial\/","https:\/\/www.youtube.com\/westcoasttriallawyersla\/","https:\/\/www.tiktok.com\/westcoasttriallawyers"],"description":"West Coast Trial Lawyers is a top-rated personal injury law firm with a goal to provide expert legal representation to those in need. The law firm has offices across California, Nevada, Arizona, and Washington.","legalName":"West Coast Trial Lawyers"}]}},"_links":{"self":[{"href":"https:\/\/westcoasttriallawyers.com\/es\/wp-json\/wp\/v2\/pages\/13105","targetHints":{"allow":["GET"]}}],"collection":[{"href":"https:\/\/westcoasttriallawyers.com\/es\/wp-json\/wp\/v2\/pages"}],"about":[{"href":"https:\/\/westcoasttriallawyers.com\/es\/wp-json\/wp\/v2\/types\/page"}],"author":[{"embeddable":true,"href":"https:\/\/westcoasttriallawyers.com\/es\/wp-json\/wp\/v2\/users\/470"}],"replies":[{"embeddable":true,"href":"https:\/\/westcoasttriallawyers.com\/es\/wp-json\/wp\/v2\/comments?post=13105"}],"version-history":[{"count":2,"href":"https:\/\/westcoasttriallawyers.com\/es\/wp-json\/wp\/v2\/pages\/13105\/revisions"}],"predecessor-version":[{"id":48175,"href":"https:\/\/westcoasttriallawyers.com\/es\/wp-json\/wp\/v2\/pages\/13105\/revisions\/48175"}],"up":[{"embeddable":true,"href":"https:\/\/westcoasttriallawyers.com\/es\/wp-json\/wp\/v2\/pages\/47405"}],"wp:featuredmedia":[{"embeddable":true,"href":"https:\/\/westcoasttriallawyers.com\/es\/wp-json\/wp\/v2\/media\/46074"}],"wp:attachment":[{"href":"https:\/\/westcoasttriallawyers.com\/es\/wp-json\/wp\/v2\/media?parent=13105"}],"curies":[{"name":"wp","href":"https:\/\/api.w.org\/{rel}","templated":true}]}}