{"id":13102,"date":"2026-01-13T23:31:40","date_gmt":"2026-01-13T23:31:40","guid":{"rendered":"https:\/\/wctl1stg.wpengine.com\/?page_id=13102"},"modified":"2026-01-21T12:39:21","modified_gmt":"2026-01-21T12:39:21","slug":"abogado-de-accidentes-de-entrega-de-alimentos-en-irvine","status":"publish","type":"page","link":"https:\/\/westcoasttriallawyers.com\/es\/california\/irvine\/abogado-de-accidentes-de-entrega-de-alimentos-en-irvine","title":{"rendered":"Abogado de accidentes de entrega de alimentos en Irvine"},"content":{"rendered":"<h2><strong>Problemas asociados con los servicios de entrega de alimentos<\/strong><\/h2>\n<p>Los servicios de entrega de alimentos, como Doordash y UberEats, se han vuelto populares en todo el Condado de Orange, especialmente en la ciudad de Irvine. La raz\u00f3n de su popularidad se deriva de la conveniencia de pedir comida desde la comodidad de su hogar. Puede solicitar un pedido de casi cualquier comida imaginable, desde sus papas fritas favoritas de comida r\u00e1pida hasta una cena de sushi de alta gama, y \u200b\u200brecibirlo directamente en su puerta en un tiempo razonable.<\/p>\n<p>Sin embargo, hay una desventaja en esta tendencia creciente. Con la creciente popularidad de estos servicios surge la realidad de que ahora hay m\u00e1s veh\u00edculos que nunca en las calles de Irvine. Los conductores de entrega de alimentos suelen tener prisa por hacer sus entregas lo m\u00e1s r\u00e1pido posible. Como resultado, es posible que no siempre conduzcan de manera segura o sigan las reglas de tr\u00e1nsito.<\/p>\n<p>Es una cuesti\u00f3n de simple estad\u00edstica. Cuantos m\u00e1s autom\u00f3viles haya en la carretera, mayores ser\u00e1n las posibilidades de verse involucrado en un accidente automovil\u00edstico. Adem\u00e1s, hay otros problemas alimentarios relacionados con la salud que tambi\u00e9n vienen con estos servicios de entrega de alimentos, como enfermarse por alimentos contaminados.<\/p>\n<p>Si sufri\u00f3 lesiones debido a la negligencia de un conductor de entrega de alimentos, puede tener derecho a una compensaci\u00f3n por sus facturas m\u00e9dicas, salarios perdidos, dolor y sufrimiento, y m\u00e1s. En West Coast Trial Lawyers, nuestros abogados con experiencia en accidentes de entrega de alimentos en Irvine est\u00e1n disponibles para manejar su caso. Con nuestro exitoso historial de recuperaci\u00f3n de $1 mil millones en acuerdos para nuestros clientes, hemos sido clasificados como uno de los mejores bufetes de abogados de lesiones personales en Irvine.<\/p>\n<p>No dude en comunicarse con nuestro equipo legal las 24 horas, los 7 d\u00edas de la semana llamando al<strong> 213-927-3700&nbsp;<\/strong>o enviando un correo electr\u00f3nico a&nbsp;<a href=\"mailto:info@westcoasttriallawyers.com\"><strong>info@westcoasttriallawyers.com<\/strong><\/a> para programar una consulta gratuita en nuestro bufete de abogados de lesiones personales de Irvine.<\/p>\n<h2><strong>\u00bfQu\u00e9 incluye un reclamo por accidente de entrega de alimentos en Irvine?<\/strong><\/h2>\n<p>Las regulaciones y leyes del servicio de entrega de alimentos est\u00e1n evolucionando r\u00e1pidamente debido a la aprobaci\u00f3n de AB5, que afectar\u00e1 principalmente la clasificaci\u00f3n de los empleados. Discutiremos la diferencia entre empleados y contratistas independientes a continuaci\u00f3n.<\/p>\n<p>Sin embargo, independientemente del estado, todos los conductores de servicios de entrega de alimentos est\u00e1n bajo presi\u00f3n para entregar r\u00e1pidamente. Debido a esta presi\u00f3n, es probable que busquen una direcci\u00f3n mientras conducen, aceleran, no obedecen las leyes de derecho de paso, conducen cansados \u200b\u200bo realizan cambios de carril peligrosos. Todos estos ejemplos son formas de comportamiento negligente, que pueden hacer que un conductor de entrega de alimentos sea responsable.<\/p>\n<p>Al igual que con la mayor\u00eda de los tipos de accidentes automovil\u00edsticos, la consideraci\u00f3n m\u00e1s importante en un reclamo por accidente de entrega de alimentos es: \u00bfqui\u00e9n fue negligente? Si un repartidor de alimentos caus\u00f3 su accidente por exceso de velocidad, por ejemplo, es casi seguro que \u00e9l o ella ser\u00e1 responsable del accidente y tendr\u00e1 que pagar por sus da\u00f1os.<\/p>\n<p>Sin embargo, las reclamaciones por accidentes de entrega de alimentos son especialmente complejas, especialmente con la aprobaci\u00f3n de AB5. Adem\u00e1s, hay algunas empresas de entrega de alimentos que argumentan que sus conductores son \u00abcontratistas independientes\u00bb y no empleados. En la mayor\u00eda de los casos, en lo que respecta a la ley, un empleador generalmente no es responsable por la conducta negligente de los contratistas independientes.<\/p>\n<h2><strong>La cuesti\u00f3n de la responsabilidad y la clasificaci\u00f3n de los empleados<\/strong><\/h2>\n<p>\u00bfEs un conductor de entrega de alimentos un empleado o un contratista independiente? La regla general es que cuanto m\u00e1s control tenga un empleador con respecto a las tareas relacionadas con el trabajo y el desempe\u00f1o del trabajador, es m\u00e1s probable que una persona sea un empleado y no un contratista independiente. Adem\u00e1s, es m\u00e1s probable que los conductores de entrega de alimentos sean empleados y no contratistas independientes si el empleador:<\/p>\n<ul>\n<li>Paga a sus conductores cada dos semanas o semanalmente.<\/li>\n<li>Establece el horario o las rutas de un conductor de entrega.<\/li>\n<li>Proporciona equipamentos ou uniformes.<\/li>\n<li>Paga por hora y no por trabajo.<\/li>\n<li>Brinda beneficios, seguro m\u00e9dico y\/o tiempo de vacaciones.<\/li>\n<li>Requiere que los conductores marquen la entrada y la salida.<\/li>\n<\/ul>\n<p>A partir de ahora, la mayor\u00eda de los conductores de entrega de alimentos se identifican como contratistas independientes.<\/p>\n<h2><strong>Inquietudes sobre la entrega de alimentos<\/strong><\/h2>\n<p><strong>La seguridad alimentaria<\/strong> es importante, especialmente cuando se entrega. El transporte de alimentos a una temperatura insegura puede hacer que se da\u00f1en. Esto es peligroso porque la comida en mal estado puede hacer que el cliente se enferme gravemente.<\/p>\n<p><strong>La manipulaci\u00f3n de alimentos<\/strong> es otro temor v\u00e1lido. En una encuesta realizada por US Foods, el 54 por ciento de los repartidores de alimentos se han sentido tentados por el olor del pedido de un cliente, mientras que el 30 por ciento se han comido el pedido de alimentos. Ya sea robar papas fritas o devorar la comida, estas acciones son moralmente incorrectas y pueden exponer a un cliente a la&nbsp;<strong>contaminaci\u00f3n cruzada.<\/strong><\/p>\n<p>Empresas, como DoorDash y Postmates, est\u00e1n alentando a los restaurantes a colocar sus alimentos en envases a prueba de manipulaciones para evitar la tentaci\u00f3n de robar alimentos. Adem\u00e1s, la ley de California proh\u00edbe que cualquier persona agregue veneno o una sustancia nociva a los alimentos o bebidas. Esto significa que escupir en la comida de alguien puede ser castigado con 2 a 5 a\u00f1os de c\u00e1rcel.<\/p>\n<h2><strong>Los abogados litigantes de la costa oeste siempre est\u00e1n aqu\u00ed para ayudar<\/strong><\/h2>\n<p>Si estuvo involucrado en un accidente de entrega de alimentos y desea emprender acciones legales contra la parte culpable, West Coast Trial Lawyers tiene abogados con experiencia en lesiones personales en Irvine que est\u00e1n disponibles las 24 horas del d\u00eda, los 7 d\u00edas de la semana para ayudarlo con su caso.<\/p>\n<p>Cont\u00e1ctenos hoy llamando al&nbsp;<strong>213-927-3700<\/strong> o enviando un correo electr\u00f3nico a&nbsp;<a href=\"mailto:info@westcoasttriallawyers.com\"><strong>info@westcoasttriallawyers.com<\/strong><\/a> para programar una consulta gratuita y sin compromiso en nuestro bufete de abogados de lesiones personales de Irvine.<br \/>\n<!-- WCTL_DEBUG: no shortcode in this_content --><\/p>\n","protected":false},"excerpt":{"rendered":"<p>Problemas asociados con los servicios de entrega de alimentos Los servicios de entrega de alimentos, como Doordash y UberEats, se han vuelto populares en todo el Condado de Orange, especialmente en la ciudad de Irvine. La raz\u00f3n de su popularidad se deriva de la conveniencia de pedir comida desde la comodidad de su hogar. Puede [&hellip;]<\/p>\n","protected":false},"author":475,"featured_media":45861,"parent":47388,"menu_order":0,"comment_status":"closed","ping_status":"closed","template":"","meta":{"inline_featured_image":false,"footnotes":""},"class_list":["post-13102","page","type-page","status-publish","has-post-thumbnail","hentry"],"acf":[],"yoast_head":"<!-- This site is optimized with the Yoast SEO Premium plugin v26.0 (Yoast SEO v26.0) - https:\/\/yoast.com\/wordpress\/plugins\/seo\/ -->\n<title>Abogado de accidentes de entrega de alimentos en Irvine | West Coast Trial Lawyers<\/title>\n<meta name=\"robots\" content=\"index, follow, max-snippet:-1, max-image-preview:large, max-video-preview:-1\" \/>\n<link rel=\"canonical\" href=\"https:\/\/westcoasttriallawyers.com\/es\/california\/irvine\/abogado-de-accidentes-de-entrega-de-alimentos-en-irvine\" \/>\n<meta property=\"og:locale\" content=\"es_ES\" \/>\n<meta property=\"og:type\" content=\"article\" \/>\n<meta property=\"og:title\" content=\"Abogado de accidentes de entrega de alimentos en Irvine\" \/>\n<meta property=\"og:description\" content=\"Problemas asociados con los servicios de entrega de alimentos Los servicios de entrega de alimentos, como Doordash y UberEats, se han vuelto populares en todo el Condado de Orange, especialmente en la ciudad de Irvine. La raz\u00f3n de su popularidad se deriva de la conveniencia de pedir comida desde la comodidad de su hogar. Puede [&hellip;]\" \/>\n<meta property=\"og:url\" content=\"https:\/\/westcoasttriallawyers.com\/es\/california\/irvine\/abogado-de-accidentes-de-entrega-de-alimentos-en-irvine\" \/>\n<meta property=\"og:site_name\" content=\"West Coast Trial Lawyers\" \/>\n<meta property=\"article:publisher\" content=\"https:\/\/www.facebook.com\/westcoasttriallawyers\/\" \/>\n<meta property=\"article:modified_time\" content=\"2026-01-21T12:39:21+00:00\" \/>\n<meta property=\"og:image\" content=\"https:\/\/westcoasttriallawyers.com\/wp-content\/uploads\/2025\/07\/Irvine-Accident-Lawyer-Page-1-15.webp\" \/>\n\t<meta property=\"og:image:width\" content=\"557\" \/>\n\t<meta property=\"og:image:height\" content=\"328\" \/>\n\t<meta property=\"og:image:type\" content=\"image\/webp\" \/>\n<meta name=\"twitter:card\" content=\"summary_large_image\" \/>\n<meta name=\"twitter:site\" content=\"@WestCoastTrial\" \/>\n<meta name=\"twitter:label1\" content=\"Tiempo de lectura\" \/>\n\t<meta name=\"twitter:data1\" content=\"5 minutos\" \/>\n<script type=\"application\/ld+json\" class=\"yoast-schema-graph\">{\"@context\":\"https:\/\/schema.org\",\"@graph\":[{\"@type\":[\"WebPage\",\"ItemPage\"],\"@id\":\"https:\/\/westcoasttriallawyers.com\/es\/california\/irvine\/abogado-de-accidentes-de-entrega-de-alimentos-en-irvine\",\"url\":\"https:\/\/westcoasttriallawyers.com\/es\/california\/irvine\/abogado-de-accidentes-de-entrega-de-alimentos-en-irvine\",\"name\":\"Abogado de accidentes de entrega de alimentos en Irvine | West Coast Trial Lawyers\",\"isPartOf\":{\"@id\":\"https:\/\/westcoasttriallawyers.com\/es#website\"},\"primaryImageOfPage\":{\"@id\":\"https:\/\/westcoasttriallawyers.com\/es\/california\/irvine\/abogado-de-accidentes-de-entrega-de-alimentos-en-irvine#primaryimage\"},\"image\":{\"@id\":\"https:\/\/westcoasttriallawyers.com\/es\/california\/irvine\/abogado-de-accidentes-de-entrega-de-alimentos-en-irvine#primaryimage\"},\"thumbnailUrl\":\"https:\/\/westcoasttriallawyers.com\/wp-content\/uploads\/2025\/07\/Irvine-Accident-Lawyer-Page-1-15.webp\",\"datePublished\":\"2026-01-13T23:31:40+00:00\",\"dateModified\":\"2026-01-21T12:39:21+00:00\",\"breadcrumb\":{\"@id\":\"https:\/\/westcoasttriallawyers.com\/es\/california\/irvine\/abogado-de-accidentes-de-entrega-de-alimentos-en-irvine#breadcrumb\"},\"inLanguage\":\"es\",\"potentialAction\":[{\"@type\":\"ReadAction\",\"target\":[\"https:\/\/westcoasttriallawyers.com\/es\/california\/irvine\/abogado-de-accidentes-de-entrega-de-alimentos-en-irvine\"]}]},{\"@type\":\"ImageObject\",\"inLanguage\":\"es\",\"@id\":\"https:\/\/westcoasttriallawyers.com\/es\/california\/irvine\/abogado-de-accidentes-de-entrega-de-alimentos-en-irvine#primaryimage\",\"url\":\"https:\/\/westcoasttriallawyers.com\/wp-content\/uploads\/2025\/07\/Irvine-Accident-Lawyer-Page-1-15.webp\",\"contentUrl\":\"https:\/\/westcoasttriallawyers.com\/wp-content\/uploads\/2025\/07\/Irvine-Accident-Lawyer-Page-1-15.webp\",\"width\":557,\"height\":328},{\"@type\":\"BreadcrumbList\",\"@id\":\"https:\/\/westcoasttriallawyers.com\/es\/california\/irvine\/abogado-de-accidentes-de-entrega-de-alimentos-en-irvine#breadcrumb\",\"itemListElement\":[{\"@type\":\"ListItem\",\"position\":1,\"name\":\"Inicio\",\"item\":\"https:\/\/westcoasttriallawyers.com\/es\"},{\"@type\":\"ListItem\",\"position\":2,\"name\":\"California\",\"item\":\"https:\/\/westcoasttriallawyers.com\/es\/california\"},{\"@type\":\"ListItem\",\"position\":3,\"name\":\"Irvine\",\"item\":\"https:\/\/westcoasttriallawyers.com\/es\/california\/irvine\"},{\"@type\":\"ListItem\",\"position\":4,\"name\":\"Abogado de accidentes de entrega de alimentos en Irvine\"}]},{\"@type\":\"WebSite\",\"@id\":\"https:\/\/westcoasttriallawyers.com\/es#website\",\"url\":\"https:\/\/westcoasttriallawyers.com\/es\",\"name\":\"West Coast Trial Lawyers\",\"description\":\"West Coast Trial Lawyers\",\"publisher\":{\"@id\":\"https:\/\/westcoasttriallawyers.com\/es#organization\"},\"alternateName\":\"WCTL\",\"potentialAction\":[{\"@type\":\"SearchAction\",\"target\":{\"@type\":\"EntryPoint\",\"urlTemplate\":\"https:\/\/westcoasttriallawyers.com\/es?s={search_term_string}\"},\"query-input\":{\"@type\":\"PropertyValueSpecification\",\"valueRequired\":true,\"valueName\":\"search_term_string\"}}],\"inLanguage\":\"es\"},{\"@type\":\"Organization\",\"@id\":\"https:\/\/westcoasttriallawyers.com\/es#organization\",\"name\":\"West Coast Trial Lawyers\",\"alternateName\":\"WCTL\",\"url\":\"https:\/\/westcoasttriallawyers.com\/es\",\"logo\":{\"@type\":\"ImageObject\",\"inLanguage\":\"es\",\"@id\":\"https:\/\/westcoasttriallawyers.com\/es#\/schema\/logo\/image\/\",\"url\":\"https:\/\/westcoasttriallawyers.com\/wp-content\/uploads\/2026\/02\/WCTL-Logo.jpg\",\"contentUrl\":\"https:\/\/westcoasttriallawyers.com\/wp-content\/uploads\/2026\/02\/WCTL-Logo.jpg\",\"width\":696,\"height\":696,\"caption\":\"West Coast Trial Lawyers\"},\"image\":{\"@id\":\"https:\/\/westcoasttriallawyers.com\/es#\/schema\/logo\/image\/\"},\"sameAs\":[\"https:\/\/www.facebook.com\/westcoasttriallawyers\/\",\"https:\/\/x.com\/WestCoastTrial\",\"https:\/\/www.linkedin.com\/company\/west-coast-trial-lawyers\/\",\"https:\/\/www.instagram.com\/westcoasttriallawyers\/\",\"https:\/\/www.yelp.com\/biz\/west-coast-trial-lawyers-los-angeles-2\",\"https:\/\/www.pinterest.com\/westcoasttrial\/\",\"https:\/\/www.youtube.com\/westcoasttriallawyersla\/\",\"https:\/\/www.tiktok.com\/westcoasttriallawyers\"],\"description\":\"West Coast Trial Lawyers is a top-rated personal injury law firm with a goal to provide expert legal representation to those in need. The law firm has offices across California, Nevada, Arizona, and Washington.\",\"legalName\":\"West Coast Trial Lawyers\"}]}<\/script>\n<!-- \/ Yoast SEO Premium plugin. -->","yoast_head_json":{"title":"Abogado de accidentes de entrega de alimentos en Irvine | West Coast Trial Lawyers","robots":{"index":"index","follow":"follow","max-snippet":"max-snippet:-1","max-image-preview":"max-image-preview:large","max-video-preview":"max-video-preview:-1"},"canonical":"https:\/\/westcoasttriallawyers.com\/es\/california\/irvine\/abogado-de-accidentes-de-entrega-de-alimentos-en-irvine","og_locale":"es_ES","og_type":"article","og_title":"Abogado de accidentes de entrega de alimentos en Irvine","og_description":"Problemas asociados con los servicios de entrega de alimentos Los servicios de entrega de alimentos, como Doordash y UberEats, se han vuelto populares en todo el Condado de Orange, especialmente en la ciudad de Irvine. La raz\u00f3n de su popularidad se deriva de la conveniencia de pedir comida desde la comodidad de su hogar. Puede [&hellip;]","og_url":"https:\/\/westcoasttriallawyers.com\/es\/california\/irvine\/abogado-de-accidentes-de-entrega-de-alimentos-en-irvine","og_site_name":"West Coast Trial Lawyers","article_publisher":"https:\/\/www.facebook.com\/westcoasttriallawyers\/","article_modified_time":"2026-01-21T12:39:21+00:00","og_image":[{"width":557,"height":328,"url":"https:\/\/westcoasttriallawyers.com\/wp-content\/uploads\/2025\/07\/Irvine-Accident-Lawyer-Page-1-15.webp","type":"image\/webp"}],"twitter_card":"summary_large_image","twitter_site":"@WestCoastTrial","twitter_misc":{"Tiempo de lectura":"5 minutos"},"schema":{"@context":"https:\/\/schema.org","@graph":[{"@type":["WebPage","ItemPage"],"@id":"https:\/\/westcoasttriallawyers.com\/es\/california\/irvine\/abogado-de-accidentes-de-entrega-de-alimentos-en-irvine","url":"https:\/\/westcoasttriallawyers.com\/es\/california\/irvine\/abogado-de-accidentes-de-entrega-de-alimentos-en-irvine","name":"Abogado de accidentes de entrega de alimentos en Irvine | West Coast Trial Lawyers","isPartOf":{"@id":"https:\/\/westcoasttriallawyers.com\/es#website"},"primaryImageOfPage":{"@id":"https:\/\/westcoasttriallawyers.com\/es\/california\/irvine\/abogado-de-accidentes-de-entrega-de-alimentos-en-irvine#primaryimage"},"image":{"@id":"https:\/\/westcoasttriallawyers.com\/es\/california\/irvine\/abogado-de-accidentes-de-entrega-de-alimentos-en-irvine#primaryimage"},"thumbnailUrl":"https:\/\/westcoasttriallawyers.com\/wp-content\/uploads\/2025\/07\/Irvine-Accident-Lawyer-Page-1-15.webp","datePublished":"2026-01-13T23:31:40+00:00","dateModified":"2026-01-21T12:39:21+00:00","breadcrumb":{"@id":"https:\/\/westcoasttriallawyers.com\/es\/california\/irvine\/abogado-de-accidentes-de-entrega-de-alimentos-en-irvine#breadcrumb"},"inLanguage":"es","potentialAction":[{"@type":"ReadAction","target":["https:\/\/westcoasttriallawyers.com\/es\/california\/irvine\/abogado-de-accidentes-de-entrega-de-alimentos-en-irvine"]}]},{"@type":"ImageObject","inLanguage":"es","@id":"https:\/\/westcoasttriallawyers.com\/es\/california\/irvine\/abogado-de-accidentes-de-entrega-de-alimentos-en-irvine#primaryimage","url":"https:\/\/westcoasttriallawyers.com\/wp-content\/uploads\/2025\/07\/Irvine-Accident-Lawyer-Page-1-15.webp","contentUrl":"https:\/\/westcoasttriallawyers.com\/wp-content\/uploads\/2025\/07\/Irvine-Accident-Lawyer-Page-1-15.webp","width":557,"height":328},{"@type":"BreadcrumbList","@id":"https:\/\/westcoasttriallawyers.com\/es\/california\/irvine\/abogado-de-accidentes-de-entrega-de-alimentos-en-irvine#breadcrumb","itemListElement":[{"@type":"ListItem","position":1,"name":"Inicio","item":"https:\/\/westcoasttriallawyers.com\/es"},{"@type":"ListItem","position":2,"name":"California","item":"https:\/\/westcoasttriallawyers.com\/es\/california"},{"@type":"ListItem","position":3,"name":"Irvine","item":"https:\/\/westcoasttriallawyers.com\/es\/california\/irvine"},{"@type":"ListItem","position":4,"name":"Abogado de accidentes de entrega de alimentos en Irvine"}]},{"@type":"WebSite","@id":"https:\/\/westcoasttriallawyers.com\/es#website","url":"https:\/\/westcoasttriallawyers.com\/es","name":"West Coast Trial Lawyers","description":"West Coast Trial Lawyers","publisher":{"@id":"https:\/\/westcoasttriallawyers.com\/es#organization"},"alternateName":"WCTL","potentialAction":[{"@type":"SearchAction","target":{"@type":"EntryPoint","urlTemplate":"https:\/\/westcoasttriallawyers.com\/es?s={search_term_string}"},"query-input":{"@type":"PropertyValueSpecification","valueRequired":true,"valueName":"search_term_string"}}],"inLanguage":"es"},{"@type":"Organization","@id":"https:\/\/westcoasttriallawyers.com\/es#organization","name":"West Coast Trial Lawyers","alternateName":"WCTL","url":"https:\/\/westcoasttriallawyers.com\/es","logo":{"@type":"ImageObject","inLanguage":"es","@id":"https:\/\/westcoasttriallawyers.com\/es#\/schema\/logo\/image\/","url":"https:\/\/westcoasttriallawyers.com\/wp-content\/uploads\/2026\/02\/WCTL-Logo.jpg","contentUrl":"https:\/\/westcoasttriallawyers.com\/wp-content\/uploads\/2026\/02\/WCTL-Logo.jpg","width":696,"height":696,"caption":"West Coast Trial Lawyers"},"image":{"@id":"https:\/\/westcoasttriallawyers.com\/es#\/schema\/logo\/image\/"},"sameAs":["https:\/\/www.facebook.com\/westcoasttriallawyers\/","https:\/\/x.com\/WestCoastTrial","https:\/\/www.linkedin.com\/company\/west-coast-trial-lawyers\/","https:\/\/www.instagram.com\/westcoasttriallawyers\/","https:\/\/www.yelp.com\/biz\/west-coast-trial-lawyers-los-angeles-2","https:\/\/www.pinterest.com\/westcoasttrial\/","https:\/\/www.youtube.com\/westcoasttriallawyersla\/","https:\/\/www.tiktok.com\/westcoasttriallawyers"],"description":"West Coast Trial Lawyers is a top-rated personal injury law firm with a goal to provide expert legal representation to those in need. The law firm has offices across California, Nevada, Arizona, and Washington.","legalName":"West Coast Trial Lawyers"}]}},"_links":{"self":[{"href":"https:\/\/westcoasttriallawyers.com\/es\/wp-json\/wp\/v2\/pages\/13102","targetHints":{"allow":["GET"]}}],"collection":[{"href":"https:\/\/westcoasttriallawyers.com\/es\/wp-json\/wp\/v2\/pages"}],"about":[{"href":"https:\/\/westcoasttriallawyers.com\/es\/wp-json\/wp\/v2\/types\/page"}],"author":[{"embeddable":true,"href":"https:\/\/westcoasttriallawyers.com\/es\/wp-json\/wp\/v2\/users\/475"}],"replies":[{"embeddable":true,"href":"https:\/\/westcoasttriallawyers.com\/es\/wp-json\/wp\/v2\/comments?post=13102"}],"version-history":[{"count":3,"href":"https:\/\/westcoasttriallawyers.com\/es\/wp-json\/wp\/v2\/pages\/13102\/revisions"}],"predecessor-version":[{"id":47667,"href":"https:\/\/westcoasttriallawyers.com\/es\/wp-json\/wp\/v2\/pages\/13102\/revisions\/47667"}],"up":[{"embeddable":true,"href":"https:\/\/westcoasttriallawyers.com\/es\/wp-json\/wp\/v2\/pages\/47388"}],"wp:featuredmedia":[{"embeddable":true,"href":"https:\/\/westcoasttriallawyers.com\/es\/wp-json\/wp\/v2\/media\/45861"}],"wp:attachment":[{"href":"https:\/\/westcoasttriallawyers.com\/es\/wp-json\/wp\/v2\/media?parent=13102"}],"curies":[{"name":"wp","href":"https:\/\/api.w.org\/{rel}","templated":true}]}}