{"id":13097,"date":"2026-01-13T23:31:36","date_gmt":"2026-01-13T23:31:36","guid":{"rendered":"https:\/\/wctl1stg.wpengine.com\/?page_id=13097"},"modified":"2026-01-21T12:51:27","modified_gmt":"2026-01-21T12:51:27","slug":"abogado-de-accidente-de-scooter-en-irvine","status":"publish","type":"page","link":"https:\/\/westcoasttriallawyers.com\/es\/california\/irvine\/abogado-de-accidente-de-scooter-en-irvine","title":{"rendered":"Abogado de accidente de scooter en Irvine"},"content":{"rendered":"<h2><strong>Obtenga informaci\u00f3n legal de nuestros abogados expertos en accidentes de scooters en Irvine sobre las leyes de scooters de California<\/strong><\/h2>\n<p>Un e-scooter es muy diferente a un scooter antiguo. Primero aclaremos la diferencia. Los scooters el\u00e9ctricos no son impulsados \u200b\u200bpor el impulso de un ciclista, sino por un motor el\u00e9ctrico. Los scooters el\u00e9ctricos pueden viajar f\u00e1cilmente hasta 15 millas por hora y, por lo tanto, tienen el potencial de causar lesiones y da\u00f1os a la propiedad debido a su mayor velocidad si el conductor no tiene cuidado.<\/p>\n<p>Es precisamente por su velocidad, facilidad de uso y bajo costo que los e-scooters se han vuelto muy populares en toda el \u00e1rea de Irvine, especialmente en los campus universitarios. Los usuarios de e-scooter pueden alquilar r\u00e1pidamente un e-scooter con una aplicaci\u00f3n de tel\u00e9fono inteligente por tan solo un d\u00f3lar, m\u00e1s el kilometraje. Luego, una vez que el e-scooter llega a su destino, pueden dejar el scooter en cualquier lugar de la calle para que lo use la siguiente persona. Hay muy pocas reglas y leyes que regulen el uso seguro de los e-scooters, que es otro problema grave con estos dispositivos. Determinar la responsabilidad por este tipo de accidente puede ser muy dif\u00edcil.<\/p>\n<p>Si ha sufrido lesiones como resultado de un accidente de e-scooter en la ciudad de Irvine debido a la negligencia de alguien, puede tener derecho a recibir una compensaci\u00f3n por sus p\u00e9rdidas. En West Coast Trial Lawyers, nuestros abogados experimentados en accidentes de e-scooter de Irvine est\u00e1n disponibles para ayudarle con su caso. Hemos ganado m\u00e1s de 5000 casos de lesiones personales y hemos recuperado m\u00e1s de $1000 millones en acuerdos para nuestros clientes. Debido a nuestros logros, hemos sido reconocidos como uno de los mejores bufetes de abogados de lesiones personales en Irvine.<\/p>\n<p>No dude en comunicarse con nuestro equipo legal las 24 horas, los 7 d\u00edas de la semana llamando al&nbsp;<strong>213-927-3700&nbsp;<\/strong>o env\u00edenos un correo electr\u00f3nico a&nbsp;<a href=\"mailto:info@westcoasttriallawyers.com\"><strong>info@westcoasttriallawyers.com<\/strong><\/a> para programar una consulta gratuita en nuestro bufete de abogados de lesiones personales de Irvine.<\/p>\n<h2><strong>Leyes de scooters el\u00e9ctricos en California<\/strong><\/h2>\n<p>Tiene m\u00e1s sentido decir que hay muy pocas leyes espec\u00edficas de e-scooter. Sin embargo, la asamblea del estado de California aprob\u00f3 un proyecto de ley en 2018 para aclarar la legalidad del uso de scooters. Este proyecto de ley ofrece a las ciudades individuales la oportunidad de aprobar leyes que tengan sentido para sus comunidades. Sin embargo, hay algunas regulaciones que ahora est\u00e1n establecidas.<\/p>\n<p>De acuerdo con la ley de California, los e-scooters son legales. Sin embargo, los conductores de scooters est\u00e1n obligados a:<\/p>\n<ul>\n<li>Tener cualquier tipo de licencia de conducir de clase.<\/li>\n<li>Pasea por ciclov\u00edas, senderos y ciclov\u00edas.<\/li>\n<li>No circular por la acera.<\/li>\n<li>No exceder las 15 mph.<\/li>\n<li>Poseer un scooter motorizado que tenga dos ruedas, manillar, un motor y un piso que le permita pararse sobre \u00e9l mientras conduce.<\/li>\n<\/ul>\n<h2><strong>Tipos de accidentes y responsabilidad de E-Scooter<\/strong><\/h2>\n<p>Un solo accidente de e-scooter puede ocurrir cuando un ciclista simplemente pierde el control, o incluso cuando las malas condiciones de la carretera contribuyen a un accidente. Si las condiciones peligrosas de la carretera hacen que un conductor de e-scooter pierda el control, \u00e9l o ella puede presentar un reclamo contra la ciudad de Irvine.<\/p>\n<p>Los accidentes de e-scooter causados \u200b\u200bpor un automovilista son mucho m\u00e1s graves. El conductor del e-scooter podr\u00eda quedar en estado cr\u00edtico despu\u00e9s de soportar un fuerte impacto con un veh\u00edculo. Si un conductor lo lastim\u00f3, debe poder probar que la negligencia del conductor fue la raz\u00f3n de sus lesiones.<\/p>\n<p>Tambi\u00e9n es importante comprender los acuerdos y la responsabilidad de los usuarios de scooters. Se puede utilizar un acuerdo de usuario de e-scooter para determinar la responsabilidad en un accidente de e-scooter. Todos los usuarios de e-scooters deben firmar un acuerdo, y estos acuerdos son legalmente vinculantes.<\/p>\n<p>Como era de esperar, un acuerdo de e-scooter limita la responsabilidad de una empresa despu\u00e9s de un accidente. Por ejemplo, considere el acuerdo de usuario de Lime, que:<\/p>\n<ul>\n<li>Requiere que los pasajeros sigan las leyes de tr\u00e1nsito, pero no especifica qu\u00e9 leyes ni c\u00f3mo seguirlas.<\/li>\n<li>Obliga a los ciclistas a reclamar suficiente competencia y aptitud f\u00edsica para andar en un e-scooter.<\/li>\n<li>Requiere que los pasajeros realicen extensas inspecciones de seguridad antes de dar un paseo y, lo que es peor, se exime de responsabilidad por e-scooters defectuosos.<\/li>\n<\/ul>\n<p>Una vez que se ha determinado la responsabilidad, la v\u00edctima de un accidente de e-scooter puede tener derecho a recibir da\u00f1os compensatorios para los que calificar\u00eda cualquier otro tipo de reclamo por lesiones personales, como angustia emocional, facturas m\u00e9dicas, p\u00e9rdida de propiedad, salarios perdidos y m\u00e1s.<\/p>\n<h2><strong>Los abogados litigantes de la costa oeste siempre est\u00e1n aqu\u00ed para ayudar<\/strong><\/h2>\n<p>Si ha sufrido lesiones despu\u00e9s de un accidente de e-scooter en la ciudad de Irvine debido a negligencia o actos deliberados de malicia, tiene derecho a responsabilizar a la parte culpable por sus p\u00e9rdidas. Un abogado de accidentes de e-scooter de Irvine en West Coast Trial Lawyers puede ayudarlo a recuperar una compensaci\u00f3n por sus p\u00e9rdidas.<\/p>\n<p>Ll\u00e1menos hoy al&nbsp;<strong>213-927-3700<\/strong> o env\u00ede un correo electr\u00f3nico a&nbsp;<a href=\"mailto:info@westcoasttriallawyers.com\"><strong>info@westcoasttriallawyers.com<\/strong><\/a><strong>&nbsp;<\/strong>para programar una consulta gratuita con nuestro equipo legal experimentado, atento y compasivo.<br \/>\n<!-- WCTL_DEBUG: no shortcode in this_content --><\/p>\n","protected":false},"excerpt":{"rendered":"<p>Obtenga informaci\u00f3n legal de nuestros abogados expertos en accidentes de scooters en Irvine sobre las leyes de scooters de California Un e-scooter es muy diferente a un scooter antiguo. Primero aclaremos la diferencia. Los scooters el\u00e9ctricos no son impulsados \u200b\u200bpor el impulso de un ciclista, sino por un motor el\u00e9ctrico. Los scooters el\u00e9ctricos pueden viajar [&hellip;]<\/p>\n","protected":false},"author":475,"featured_media":45846,"parent":47388,"menu_order":0,"comment_status":"closed","ping_status":"closed","template":"","meta":{"inline_featured_image":false,"footnotes":""},"class_list":["post-13097","page","type-page","status-publish","has-post-thumbnail","hentry"],"acf":[],"yoast_head":"<!-- This site is optimized with the Yoast SEO Premium plugin v26.0 (Yoast SEO v26.0) - https:\/\/yoast.com\/wordpress\/plugins\/seo\/ -->\n<title>Abogado de accidente de scooter en Irvine | West Coast Trial Lawyers<\/title>\n<meta name=\"robots\" content=\"index, follow, max-snippet:-1, max-image-preview:large, max-video-preview:-1\" \/>\n<link rel=\"canonical\" href=\"https:\/\/westcoasttriallawyers.com\/es\/california\/irvine\/abogado-de-accidente-de-scooter-en-irvine\" \/>\n<meta property=\"og:locale\" content=\"es_ES\" \/>\n<meta property=\"og:type\" content=\"article\" \/>\n<meta property=\"og:title\" content=\"Abogado de accidente de scooter en Irvine\" \/>\n<meta property=\"og:description\" content=\"Obtenga informaci\u00f3n legal de nuestros abogados expertos en accidentes de scooters en Irvine sobre las leyes de scooters de California Un e-scooter es muy diferente a un scooter antiguo. Primero aclaremos la diferencia. Los scooters el\u00e9ctricos no son impulsados \u200b\u200bpor el impulso de un ciclista, sino por un motor el\u00e9ctrico. Los scooters el\u00e9ctricos pueden viajar [&hellip;]\" \/>\n<meta property=\"og:url\" content=\"https:\/\/westcoasttriallawyers.com\/es\/california\/irvine\/abogado-de-accidente-de-scooter-en-irvine\" \/>\n<meta property=\"og:site_name\" content=\"West Coast Trial Lawyers\" \/>\n<meta property=\"article:publisher\" content=\"https:\/\/www.facebook.com\/westcoasttriallawyers\/\" \/>\n<meta property=\"article:modified_time\" content=\"2026-01-21T12:51:27+00:00\" \/>\n<meta property=\"og:image\" content=\"https:\/\/westcoasttriallawyers.com\/wp-content\/uploads\/2025\/07\/Irvine-Accident-Lawyer-Page-1-9.webp\" \/>\n\t<meta property=\"og:image:width\" content=\"557\" \/>\n\t<meta property=\"og:image:height\" content=\"328\" \/>\n\t<meta property=\"og:image:type\" content=\"image\/webp\" \/>\n<meta name=\"twitter:card\" content=\"summary_large_image\" \/>\n<meta name=\"twitter:site\" content=\"@WestCoastTrial\" \/>\n<meta name=\"twitter:label1\" content=\"Tiempo de lectura\" \/>\n\t<meta name=\"twitter:data1\" content=\"4 minutos\" \/>\n<script type=\"application\/ld+json\" class=\"yoast-schema-graph\">{\"@context\":\"https:\/\/schema.org\",\"@graph\":[{\"@type\":[\"WebPage\",\"ItemPage\"],\"@id\":\"https:\/\/westcoasttriallawyers.com\/es\/california\/irvine\/abogado-de-accidente-de-scooter-en-irvine\",\"url\":\"https:\/\/westcoasttriallawyers.com\/es\/california\/irvine\/abogado-de-accidente-de-scooter-en-irvine\",\"name\":\"Abogado de accidente de scooter en Irvine | West Coast Trial Lawyers\",\"isPartOf\":{\"@id\":\"https:\/\/westcoasttriallawyers.com\/es#website\"},\"primaryImageOfPage\":{\"@id\":\"https:\/\/westcoasttriallawyers.com\/es\/california\/irvine\/abogado-de-accidente-de-scooter-en-irvine#primaryimage\"},\"image\":{\"@id\":\"https:\/\/westcoasttriallawyers.com\/es\/california\/irvine\/abogado-de-accidente-de-scooter-en-irvine#primaryimage\"},\"thumbnailUrl\":\"https:\/\/westcoasttriallawyers.com\/wp-content\/uploads\/2025\/07\/Irvine-Accident-Lawyer-Page-1-9.webp\",\"datePublished\":\"2026-01-13T23:31:36+00:00\",\"dateModified\":\"2026-01-21T12:51:27+00:00\",\"breadcrumb\":{\"@id\":\"https:\/\/westcoasttriallawyers.com\/es\/california\/irvine\/abogado-de-accidente-de-scooter-en-irvine#breadcrumb\"},\"inLanguage\":\"es\",\"potentialAction\":[{\"@type\":\"ReadAction\",\"target\":[\"https:\/\/westcoasttriallawyers.com\/es\/california\/irvine\/abogado-de-accidente-de-scooter-en-irvine\"]}]},{\"@type\":\"ImageObject\",\"inLanguage\":\"es\",\"@id\":\"https:\/\/westcoasttriallawyers.com\/es\/california\/irvine\/abogado-de-accidente-de-scooter-en-irvine#primaryimage\",\"url\":\"https:\/\/westcoasttriallawyers.com\/wp-content\/uploads\/2025\/07\/Irvine-Accident-Lawyer-Page-1-9.webp\",\"contentUrl\":\"https:\/\/westcoasttriallawyers.com\/wp-content\/uploads\/2025\/07\/Irvine-Accident-Lawyer-Page-1-9.webp\",\"width\":557,\"height\":328},{\"@type\":\"BreadcrumbList\",\"@id\":\"https:\/\/westcoasttriallawyers.com\/es\/california\/irvine\/abogado-de-accidente-de-scooter-en-irvine#breadcrumb\",\"itemListElement\":[{\"@type\":\"ListItem\",\"position\":1,\"name\":\"Inicio\",\"item\":\"https:\/\/westcoasttriallawyers.com\/es\"},{\"@type\":\"ListItem\",\"position\":2,\"name\":\"California\",\"item\":\"https:\/\/westcoasttriallawyers.com\/es\/california\"},{\"@type\":\"ListItem\",\"position\":3,\"name\":\"Irvine\",\"item\":\"https:\/\/westcoasttriallawyers.com\/es\/california\/irvine\"},{\"@type\":\"ListItem\",\"position\":4,\"name\":\"Abogado de accidente de scooter en Irvine\"}]},{\"@type\":\"WebSite\",\"@id\":\"https:\/\/westcoasttriallawyers.com\/es#website\",\"url\":\"https:\/\/westcoasttriallawyers.com\/es\",\"name\":\"West Coast Trial Lawyers\",\"description\":\"West Coast Trial Lawyers\",\"publisher\":{\"@id\":\"https:\/\/westcoasttriallawyers.com\/es#organization\"},\"alternateName\":\"WCTL\",\"potentialAction\":[{\"@type\":\"SearchAction\",\"target\":{\"@type\":\"EntryPoint\",\"urlTemplate\":\"https:\/\/westcoasttriallawyers.com\/es?s={search_term_string}\"},\"query-input\":{\"@type\":\"PropertyValueSpecification\",\"valueRequired\":true,\"valueName\":\"search_term_string\"}}],\"inLanguage\":\"es\"},{\"@type\":\"Organization\",\"@id\":\"https:\/\/westcoasttriallawyers.com\/es#organization\",\"name\":\"West Coast Trial Lawyers\",\"alternateName\":\"WCTL\",\"url\":\"https:\/\/westcoasttriallawyers.com\/es\",\"logo\":{\"@type\":\"ImageObject\",\"inLanguage\":\"es\",\"@id\":\"https:\/\/westcoasttriallawyers.com\/es#\/schema\/logo\/image\/\",\"url\":\"https:\/\/westcoasttriallawyers.com\/wp-content\/uploads\/2026\/02\/WCTL-Logo.jpg\",\"contentUrl\":\"https:\/\/westcoasttriallawyers.com\/wp-content\/uploads\/2026\/02\/WCTL-Logo.jpg\",\"width\":696,\"height\":696,\"caption\":\"West Coast Trial Lawyers\"},\"image\":{\"@id\":\"https:\/\/westcoasttriallawyers.com\/es#\/schema\/logo\/image\/\"},\"sameAs\":[\"https:\/\/www.facebook.com\/westcoasttriallawyers\/\",\"https:\/\/x.com\/WestCoastTrial\",\"https:\/\/www.linkedin.com\/company\/west-coast-trial-lawyers\/\",\"https:\/\/www.instagram.com\/westcoasttriallawyers\/\",\"https:\/\/www.yelp.com\/biz\/west-coast-trial-lawyers-los-angeles-2\",\"https:\/\/www.pinterest.com\/westcoasttrial\/\",\"https:\/\/www.youtube.com\/westcoasttriallawyersla\/\",\"https:\/\/www.tiktok.com\/westcoasttriallawyers\"],\"description\":\"West Coast Trial Lawyers is a top-rated personal injury law firm with a goal to provide expert legal representation to those in need. The law firm has offices across California, Nevada, Arizona, and Washington.\",\"legalName\":\"West Coast Trial Lawyers\"}]}<\/script>\n<!-- \/ Yoast SEO Premium plugin. -->","yoast_head_json":{"title":"Abogado de accidente de scooter en Irvine | West Coast Trial Lawyers","robots":{"index":"index","follow":"follow","max-snippet":"max-snippet:-1","max-image-preview":"max-image-preview:large","max-video-preview":"max-video-preview:-1"},"canonical":"https:\/\/westcoasttriallawyers.com\/es\/california\/irvine\/abogado-de-accidente-de-scooter-en-irvine","og_locale":"es_ES","og_type":"article","og_title":"Abogado de accidente de scooter en Irvine","og_description":"Obtenga informaci\u00f3n legal de nuestros abogados expertos en accidentes de scooters en Irvine sobre las leyes de scooters de California Un e-scooter es muy diferente a un scooter antiguo. Primero aclaremos la diferencia. Los scooters el\u00e9ctricos no son impulsados \u200b\u200bpor el impulso de un ciclista, sino por un motor el\u00e9ctrico. Los scooters el\u00e9ctricos pueden viajar [&hellip;]","og_url":"https:\/\/westcoasttriallawyers.com\/es\/california\/irvine\/abogado-de-accidente-de-scooter-en-irvine","og_site_name":"West Coast Trial Lawyers","article_publisher":"https:\/\/www.facebook.com\/westcoasttriallawyers\/","article_modified_time":"2026-01-21T12:51:27+00:00","og_image":[{"width":557,"height":328,"url":"https:\/\/westcoasttriallawyers.com\/wp-content\/uploads\/2025\/07\/Irvine-Accident-Lawyer-Page-1-9.webp","type":"image\/webp"}],"twitter_card":"summary_large_image","twitter_site":"@WestCoastTrial","twitter_misc":{"Tiempo de lectura":"4 minutos"},"schema":{"@context":"https:\/\/schema.org","@graph":[{"@type":["WebPage","ItemPage"],"@id":"https:\/\/westcoasttriallawyers.com\/es\/california\/irvine\/abogado-de-accidente-de-scooter-en-irvine","url":"https:\/\/westcoasttriallawyers.com\/es\/california\/irvine\/abogado-de-accidente-de-scooter-en-irvine","name":"Abogado de accidente de scooter en Irvine | West Coast Trial Lawyers","isPartOf":{"@id":"https:\/\/westcoasttriallawyers.com\/es#website"},"primaryImageOfPage":{"@id":"https:\/\/westcoasttriallawyers.com\/es\/california\/irvine\/abogado-de-accidente-de-scooter-en-irvine#primaryimage"},"image":{"@id":"https:\/\/westcoasttriallawyers.com\/es\/california\/irvine\/abogado-de-accidente-de-scooter-en-irvine#primaryimage"},"thumbnailUrl":"https:\/\/westcoasttriallawyers.com\/wp-content\/uploads\/2025\/07\/Irvine-Accident-Lawyer-Page-1-9.webp","datePublished":"2026-01-13T23:31:36+00:00","dateModified":"2026-01-21T12:51:27+00:00","breadcrumb":{"@id":"https:\/\/westcoasttriallawyers.com\/es\/california\/irvine\/abogado-de-accidente-de-scooter-en-irvine#breadcrumb"},"inLanguage":"es","potentialAction":[{"@type":"ReadAction","target":["https:\/\/westcoasttriallawyers.com\/es\/california\/irvine\/abogado-de-accidente-de-scooter-en-irvine"]}]},{"@type":"ImageObject","inLanguage":"es","@id":"https:\/\/westcoasttriallawyers.com\/es\/california\/irvine\/abogado-de-accidente-de-scooter-en-irvine#primaryimage","url":"https:\/\/westcoasttriallawyers.com\/wp-content\/uploads\/2025\/07\/Irvine-Accident-Lawyer-Page-1-9.webp","contentUrl":"https:\/\/westcoasttriallawyers.com\/wp-content\/uploads\/2025\/07\/Irvine-Accident-Lawyer-Page-1-9.webp","width":557,"height":328},{"@type":"BreadcrumbList","@id":"https:\/\/westcoasttriallawyers.com\/es\/california\/irvine\/abogado-de-accidente-de-scooter-en-irvine#breadcrumb","itemListElement":[{"@type":"ListItem","position":1,"name":"Inicio","item":"https:\/\/westcoasttriallawyers.com\/es"},{"@type":"ListItem","position":2,"name":"California","item":"https:\/\/westcoasttriallawyers.com\/es\/california"},{"@type":"ListItem","position":3,"name":"Irvine","item":"https:\/\/westcoasttriallawyers.com\/es\/california\/irvine"},{"@type":"ListItem","position":4,"name":"Abogado de accidente de scooter en Irvine"}]},{"@type":"WebSite","@id":"https:\/\/westcoasttriallawyers.com\/es#website","url":"https:\/\/westcoasttriallawyers.com\/es","name":"West Coast Trial Lawyers","description":"West Coast Trial Lawyers","publisher":{"@id":"https:\/\/westcoasttriallawyers.com\/es#organization"},"alternateName":"WCTL","potentialAction":[{"@type":"SearchAction","target":{"@type":"EntryPoint","urlTemplate":"https:\/\/westcoasttriallawyers.com\/es?s={search_term_string}"},"query-input":{"@type":"PropertyValueSpecification","valueRequired":true,"valueName":"search_term_string"}}],"inLanguage":"es"},{"@type":"Organization","@id":"https:\/\/westcoasttriallawyers.com\/es#organization","name":"West Coast Trial Lawyers","alternateName":"WCTL","url":"https:\/\/westcoasttriallawyers.com\/es","logo":{"@type":"ImageObject","inLanguage":"es","@id":"https:\/\/westcoasttriallawyers.com\/es#\/schema\/logo\/image\/","url":"https:\/\/westcoasttriallawyers.com\/wp-content\/uploads\/2026\/02\/WCTL-Logo.jpg","contentUrl":"https:\/\/westcoasttriallawyers.com\/wp-content\/uploads\/2026\/02\/WCTL-Logo.jpg","width":696,"height":696,"caption":"West Coast Trial Lawyers"},"image":{"@id":"https:\/\/westcoasttriallawyers.com\/es#\/schema\/logo\/image\/"},"sameAs":["https:\/\/www.facebook.com\/westcoasttriallawyers\/","https:\/\/x.com\/WestCoastTrial","https:\/\/www.linkedin.com\/company\/west-coast-trial-lawyers\/","https:\/\/www.instagram.com\/westcoasttriallawyers\/","https:\/\/www.yelp.com\/biz\/west-coast-trial-lawyers-los-angeles-2","https:\/\/www.pinterest.com\/westcoasttrial\/","https:\/\/www.youtube.com\/westcoasttriallawyersla\/","https:\/\/www.tiktok.com\/westcoasttriallawyers"],"description":"West Coast Trial Lawyers is a top-rated personal injury law firm with a goal to provide expert legal representation to those in need. The law firm has offices across California, Nevada, Arizona, and Washington.","legalName":"West Coast Trial Lawyers"}]}},"_links":{"self":[{"href":"https:\/\/westcoasttriallawyers.com\/es\/wp-json\/wp\/v2\/pages\/13097","targetHints":{"allow":["GET"]}}],"collection":[{"href":"https:\/\/westcoasttriallawyers.com\/es\/wp-json\/wp\/v2\/pages"}],"about":[{"href":"https:\/\/westcoasttriallawyers.com\/es\/wp-json\/wp\/v2\/types\/page"}],"author":[{"embeddable":true,"href":"https:\/\/westcoasttriallawyers.com\/es\/wp-json\/wp\/v2\/users\/475"}],"replies":[{"embeddable":true,"href":"https:\/\/westcoasttriallawyers.com\/es\/wp-json\/wp\/v2\/comments?post=13097"}],"version-history":[{"count":3,"href":"https:\/\/westcoasttriallawyers.com\/es\/wp-json\/wp\/v2\/pages\/13097\/revisions"}],"predecessor-version":[{"id":47677,"href":"https:\/\/westcoasttriallawyers.com\/es\/wp-json\/wp\/v2\/pages\/13097\/revisions\/47677"}],"up":[{"embeddable":true,"href":"https:\/\/westcoasttriallawyers.com\/es\/wp-json\/wp\/v2\/pages\/47388"}],"wp:featuredmedia":[{"embeddable":true,"href":"https:\/\/westcoasttriallawyers.com\/es\/wp-json\/wp\/v2\/media\/45846"}],"wp:attachment":[{"href":"https:\/\/westcoasttriallawyers.com\/es\/wp-json\/wp\/v2\/media?parent=13097"}],"curies":[{"name":"wp","href":"https:\/\/api.w.org\/{rel}","templated":true}]}}