{"id":13096,"date":"2022-05-06T18:17:56","date_gmt":"2022-05-06T18:17:56","guid":{"rendered":"https:\/\/wctl1stg.wpengine.com\/?page_id=13096"},"modified":"2026-01-21T12:49:19","modified_gmt":"2026-01-21T12:49:19","slug":"abogado-de-responsabilidad-de-locales-de-irvine","status":"publish","type":"page","link":"https:\/\/westcoasttriallawyers.com\/es\/california\/irvine\/abogado-de-responsabilidad-de-locales-de-irvine","title":{"rendered":"Abogado de responsabilidad de locales de Irvine"},"content":{"rendered":"<h2><strong>\u00bfCu\u00e1les son los tipos m\u00e1s comunes de reclamos de responsabilidad de locales?<\/strong><\/h2>\n<p>Los reclamos de responsabilidad de locales var\u00edan a lo largo y ancho y abarcan algunas de las circunstancias m\u00e1s diversas imaginables. Comencemos con un estatuto de California muy importante para darnos una base sobre la cual trabajar.<\/p>\n<p>De acuerdo con el C\u00f3digo Civil de California 1714(a): \u201cToda persona es responsable, no solo por el resultado de sus actos intencionales, sino tambi\u00e9n por una lesi\u00f3n ocasionada a otro por su falta de cuidado ordinario o habilidad en el manejo de su o su propiedad o persona\u2026\u201d<\/p>\n<p>La informaci\u00f3n anterior es absolutamente crucial para cualquier persona que est\u00e9 pensando en presentar un reclamo de responsabilidad de locales. Las personas sufren lesiones todos los a\u00f1os en Irvine debido a condiciones peligrosas que el propietario podr\u00eda o deber\u00eda haber evitado. Afortunadamente, muchos de estos accidentes s\u00f3lo provocan lesiones menores, como da\u00f1os en los tejidos blandos. Pero muchos incidentes tienen el potencial de causar lesiones graves o la muerte.<\/p>\n<p>Estos tipos de incidentes cubren una variedad de circunstancias, sin embargo, los resbalones y las ca\u00eddas son el tipo m\u00e1s com\u00fan de accidentes de responsabilidad de locales. M\u00e1s de un mill\u00f3n de visitas a la sala de emergencias cada a\u00f1o son causadas por resbalones y ca\u00eddas, y muchos de estos accidentes involucran a un propietario negligente que no corrige un peligro conocido.<\/p>\n<p>De acuerdo con informaci\u00f3n cortes\u00eda del Instituto Nacional de Seguridad de Pisos (NFSI), las fracturas \u00f3seas se observan com\u00fanmente en aproximadamente el 5 por ciento de todos los resbalones y ca\u00eddas. Los resbalones y las ca\u00eddas son especialmente peligrosos para las v\u00edctimas de edad avanzada que habitualmente se fracturan la cadera en estos accidentes en gran medida prevenibles. Los resbalones y ca\u00eddas graves tambi\u00e9n pueden causar una conmoci\u00f3n cerebral o una lesi\u00f3n cerebral grave.<\/p>\n<p>Si estuvo involucrado en un accidente de responsabilidad civil en las instalaciones y le gustar\u00eda emprender acciones legales contra la parte culpable, West Coast Trial Lawyers tiene abogados con experiencia en lesiones personales en Irvine disponibles para ayudarle con su caso. Con nuestro historial de recuperaci\u00f3n de m\u00e1s de $1 mil millones en acuerdos para nuestros clientes, hemos sido clasificados como uno de los principales bufetes de abogados de lesiones personales en Irvine.<\/p>\n<p>No dude en comunicarse con nuestro equipo legal las 24 horas, los 7 d\u00edas de la semana llamando al&nbsp;<strong>213-927-3700<\/strong> o enviando un correo electr\u00f3nico a&nbsp;<a href=\"mailto:info@westcoasttriallawyers.com\"><strong>info@westcoasttriallawyers.com<\/strong><\/a> para programar una consulta gratuita en nuestro bufete de abogados de lesiones personales de Irvine.<\/p>\n<h2><strong>Tipos comunes de reclamos de responsabilidad de locales en Irvine<\/strong><\/h2>\n<p>Cualquier persona que result\u00f3 herida en la propiedad de otra persona generalmente puede presentar un reclamo de responsabilidad del local por da\u00f1os y perjuicios contra la persona o empresa que posee, alquila, ocupa o controla la propiedad.<\/p>\n<p>En esencia, si una condici\u00f3n peligrosa contribuye a causar sus lesiones, el propietario o administrador de la propiedad puede ser considerado responsable de los da\u00f1os resultantes. De acuerdo con las leyes superiores de respuesta, el director ser\u00e1 responsable de las condiciones negligentes que causaron sus lesiones.<\/p>\n<p>Todos los propietarios, ya sea que posean un mercado en la esquina o un edificio gubernamental de alta seguridad, est\u00e1n obligados por ley a tomar medidas para proteger a los hu\u00e9spedes de lesiones por circunstancias razonablemente previsibles. Es muy importante comprender que el due\u00f1o de una propiedad debe estar consciente de un peligro, o el peligro debe ser predecible dadas las circunstancias. Adem\u00e1s, el due\u00f1o de una propiedad no puede ser considerado responsable por un peligro que \u00e9l o ella ni siquiera sab\u00eda que exist\u00eda, ni tampoco puede ser considerado responsable por riesgos imprevisibles.<\/p>\n<p>Los requisitos b\u00e1sicos para el propietario de una propiedad depende de la propiedad espec\u00edfica, pero pueden incluir proporcionar suficiente seguridad, iluminaci\u00f3n adecuada y mantenimiento adecuado para minimizar los riesgos.<\/p>\n<p>A continuaci\u00f3n, tenemos algunos ejemplos de reclamos de responsabilidad de locales que nuestro experimentado equipo de abogados de responsabilidad de locales de Irvine puede manejar.<\/p>\n<h2><strong>Accidentes en piscinas&nbsp;<\/strong><\/h2>\n<p>Todos los propietarios tienen el deber legal de tomar medidas para garantizar que su piscina sea segura para todos. Estos requisitos se aplican a:<\/p>\n<ul>\n<li>Propietarios de piscinas privadas y residenciales<\/li>\n<li>Due\u00f1os de propiedades que poseen piscinas privadas y comerciales que est\u00e1n disponibles para invitados, miembros o inquilinos<\/li>\n<li>Cualquier poseedor y\/u operador de la propiedad<\/li>\n<li>Due\u00f1os de propiedades gubernamentales de piscinas p\u00fablicas o piscinas escolares<\/li>\n<\/ul>\n<p>Consideremos algunos ejemplos de la falla del due\u00f1o de una propiedad en proporcionar el mantenimiento y\/o supervisi\u00f3n adecuados de la piscina.<\/p>\n<ul>\n<li><strong>Se\u00f1ales de advertencia.<\/strong> Los due\u00f1os de propiedades pueden ser considerados responsables si alguien se ahoga en su piscina si no coloc\u00f3 ninguna se\u00f1al de advertencia. En ausencia de un socorrista, debe haber se\u00f1ales de advertencia visibles que indiquen la profundidad del agua. Los letreros ilegibles que no son claramente visibles son insuficientes y pueden exponer al due\u00f1o de la propiedad a responsabilidad en caso de accidente.<\/li>\n<li><strong>Mantenimiento inadecuado.<\/strong> El propietario de una piscina debe asegurarse de que su piscina sea lo suficientemente segura para que las personas naden en ella. No realizar controles de mantenimiento regulares puede ponerlos en riesgo de enfrentar un reclamo de responsabilidad del establecimiento si algo le sucediera a una persona que nada en su piscina.<\/li>\n<li><strong>Negligencia.<\/strong> Hay muchos tipos de acciones que se pueden calificar como negligentes. Por ejemplo, el equipo de la piscina instalado incorrectamente que hace que alguien se ahogue puede exponer al propietario de la piscina a responsabilidad. Otro ejemplo com\u00fan de negligencia podr\u00eda ser contratar a un salvavidas no calificado cuyas habilidades de supervisi\u00f3n deficientes provocan un incidente de ahogamiento.<\/li>\n<li><strong>Cercado inadecuado.&nbsp;<\/strong>Una piscina sin vallas tiene un 60 por ciento m\u00e1s de probabilidades de ser testigo de un ahogamiento que una piscina vallada. El est\u00e1ndar legal es el siguiente: si un due\u00f1o de propiedad razonable hubiera instalado cercas, entonces el due\u00f1o de propiedad que no lo hizo podr\u00eda ser declarado responsable.<\/li>\n<\/ul>\n<p><strong>Accidentes de Escaleras<\/strong><\/p>\n<p>Otro tipo com\u00fan de accidente de responsabilidad de locales involucra escaleras. El mantenimiento adecuado de las escaleras incluye la reparaci\u00f3n de escaleras da\u00f1adas y escalones rotos. Tambi\u00e9n significa tomar medidas razonables para garantizar que sea seguro para las personas usar esas escaleras. Si una persona sufre una ca\u00edda debido a condiciones peligrosas en una de las escaleras, el due\u00f1o de la propiedad puede ser considerado responsable de los da\u00f1os resultantes.<\/p>\n<p>Nuevamente, vale la pena mencionar que un peligro de escalera debe ser conocido o previsible. Por ejemplo, si el due\u00f1o de una propiedad es due\u00f1o de un edificio de apartamentos en un \u00e1rea nevada, entonces debe saber que las escaleras est\u00e1n cubiertas de nieve y hielo. Es su deber quitar la nieve y el hielo para que los residentes puedan subir y bajar las escaleras con seguridad. Ignorar el problema solo har\u00e1 que el due\u00f1o de la propiedad enfrente consecuencias legales por incumplir su deber de cuidado.<\/p>\n<p><strong>Accidentes por resbalones y ca\u00eddas<\/strong><\/p>\n<p>Los accidentes por resbalones y ca\u00eddas pueden ocurrir en casi cualquier lugar, como en casas, centros comerciales, supermercados y bancos. Este tipo de accidente generalmente es causado por circunstancias previsibles, que incluyen pisos irregulares, alfombras sueltas, fugas, derrames, barandillas defectuosas y se\u00f1ales de advertencia inadecuadas o faltantes.<\/p>\n<h2><strong>\u00bfQu\u00e9 pasa con la compensaci\u00f3n financiera?<\/strong><\/h2>\n<p>Ahora que entendemos c\u00f3mo se causan los accidentes de responsabilidad de las instalaciones, podemos analizar la compensaci\u00f3n potencial. A continuaci\u00f3n hay una breve explicaci\u00f3n de los da\u00f1os. Los da\u00f1os son un tipo de compensaci\u00f3n monetaria determinada por un tribunal de justicia para compensar a una persona agraviada por las lesiones sufridas como resultado de la negligencia del propietario.<\/p>\n<p><strong>Los da\u00f1os econ\u00f3micos<\/strong> est\u00e1n destinados a compensar a una persona agraviada por las p\u00e9rdidas a las que se puede adjuntar f\u00e1cilmente una cantidad en d\u00f3lares. Los da\u00f1os econ\u00f3micos se calculan determinando la cantidad de p\u00e9rdidas de bolsillo que una persona agraviada tiene o esperar\u00e1 incurrir como resultado de sus lesiones.<\/p>\n<p>Hay muchos tipos de p\u00e9rdidas econ\u00f3micas. Algunos ejemplos incluyen:<\/p>\n<ul>\n<li><strong>P\u00e9rdida de capacidad de ingresos:<\/strong> dise\u00f1ado para compensar a alguien por la capacidad de ingresos que le ha robado un accidente.<\/li>\n<li><strong>Facturas m\u00e9dicas:<\/strong> dise\u00f1adas para compensar a alguien por los costos m\u00e9dicos en los que incurri\u00f3 o incurrir\u00e1 como resultado de sus lesiones.<\/li>\n<li><strong>Salarios perdidos:<\/strong> dise\u00f1ado para compensar a alguien por los salarios que perdi\u00f3 mientras estaba lesionado y en recuperaci\u00f3n.<\/li>\n<\/ul>\n<p><strong>Los da\u00f1os no econ\u00f3micos<\/strong>, por otro lado, est\u00e1n destinados a cubrir p\u00e9rdidas que se consideran \u00absubjetivas\u00bb y no necesariamente cubrir\u00e1n p\u00e9rdidas de bolsillo, como las descritas anteriormente.<\/p>\n<p>Los da\u00f1os no econ\u00f3micos generalmente incluyen compensaci\u00f3n por:<\/p>\n<ul>\n<li>Estr\u00e9s emocional<\/li>\n<li>Dolor y sufrimiento<\/li>\n<li>P\u00e9rdida del disfrute de la vida<\/li>\n<\/ul>\n<h2><strong>Los abogados litigantes de la costa oeste siempre est\u00e1n aqu\u00ed para ayudar<\/strong><\/h2>\n<p>Si ha sufrido lesiones en un accidente de responsabilidad de locales como resultado de la negligencia o actos deliberados de malicia del due\u00f1o de la propiedad, tiene derecho a responsabilizar a la parte culpable por sus p\u00e9rdidas. Un abogado de responsabilidad de locales de Irvine en West Coast Trial Lawyers puede ayudarlo a recuperar una compensaci\u00f3n por sus p\u00e9rdidas.<\/p>\n<p>Ll\u00e1menos hoy al&nbsp;<strong>213-927-3700&nbsp;<\/strong>o env\u00ede un correo electr\u00f3nico a&nbsp;<a href=\"mailto:info@westcoasttriallawyers.com\"><strong>info@westcoasttriallawyers.com<\/strong><\/a><strong>&nbsp;<\/strong>para programar una consulta gratuita con nuestro equipo legal experimentado, atento y compasivo.<br \/>\n<!-- WCTL_DEBUG: no shortcode in this_content --><\/p>\n","protected":false},"excerpt":{"rendered":"<p>\u00bfCu\u00e1les son los tipos m\u00e1s comunes de reclamos de responsabilidad de locales? Los reclamos de responsabilidad de locales var\u00edan a lo largo y ancho y abarcan algunas de las circunstancias m\u00e1s diversas imaginables. Comencemos con un estatuto de California muy importante para darnos una base sobre la cual trabajar. De acuerdo con el C\u00f3digo Civil [&hellip;]<\/p>\n","protected":false},"author":475,"featured_media":45881,"parent":47388,"menu_order":0,"comment_status":"closed","ping_status":"closed","template":"","meta":{"inline_featured_image":false,"footnotes":""},"class_list":["post-13096","page","type-page","status-publish","has-post-thumbnail","hentry"],"acf":[],"yoast_head":"<!-- This site is optimized with the Yoast SEO Premium plugin v26.0 (Yoast SEO v26.0) - https:\/\/yoast.com\/wordpress\/plugins\/seo\/ -->\n<title>Abogado de responsabilidad de locales de Irvine | West Coast Trial Lawyers<\/title>\n<meta name=\"robots\" content=\"index, follow, max-snippet:-1, max-image-preview:large, max-video-preview:-1\" \/>\n<link rel=\"canonical\" href=\"https:\/\/westcoasttriallawyers.com\/es\/california\/irvine\/abogado-de-responsabilidad-de-locales-de-irvine\" \/>\n<meta property=\"og:locale\" content=\"es_ES\" \/>\n<meta property=\"og:type\" content=\"article\" \/>\n<meta property=\"og:title\" content=\"Abogado de responsabilidad de locales de Irvine\" \/>\n<meta property=\"og:description\" content=\"\u00bfCu\u00e1les son los tipos m\u00e1s comunes de reclamos de responsabilidad de locales? Los reclamos de responsabilidad de locales var\u00edan a lo largo y ancho y abarcan algunas de las circunstancias m\u00e1s diversas imaginables. Comencemos con un estatuto de California muy importante para darnos una base sobre la cual trabajar. De acuerdo con el C\u00f3digo Civil [&hellip;]\" \/>\n<meta property=\"og:url\" content=\"https:\/\/westcoasttriallawyers.com\/es\/california\/irvine\/abogado-de-responsabilidad-de-locales-de-irvine\" \/>\n<meta property=\"og:site_name\" content=\"West Coast Trial Lawyers\" \/>\n<meta property=\"article:publisher\" content=\"https:\/\/www.facebook.com\/westcoasttriallawyers\/\" \/>\n<meta property=\"article:modified_time\" content=\"2026-01-21T12:49:19+00:00\" \/>\n<meta property=\"og:image\" content=\"https:\/\/westcoasttriallawyers.com\/wp-content\/uploads\/2025\/07\/Irvine-Accident-Lawyer-Page-1-23.webp\" \/>\n\t<meta property=\"og:image:width\" content=\"557\" \/>\n\t<meta property=\"og:image:height\" content=\"328\" \/>\n\t<meta property=\"og:image:type\" content=\"image\/webp\" \/>\n<meta name=\"twitter:card\" content=\"summary_large_image\" \/>\n<meta name=\"twitter:site\" content=\"@WestCoastTrial\" \/>\n<meta name=\"twitter:label1\" content=\"Tiempo de lectura\" \/>\n\t<meta name=\"twitter:data1\" content=\"7 minutos\" \/>\n<script type=\"application\/ld+json\" class=\"yoast-schema-graph\">{\"@context\":\"https:\/\/schema.org\",\"@graph\":[{\"@type\":[\"WebPage\",\"ItemPage\"],\"@id\":\"https:\/\/westcoasttriallawyers.com\/es\/california\/irvine\/abogado-de-responsabilidad-de-locales-de-irvine\",\"url\":\"https:\/\/westcoasttriallawyers.com\/es\/california\/irvine\/abogado-de-responsabilidad-de-locales-de-irvine\",\"name\":\"Abogado de responsabilidad de locales de Irvine | West Coast Trial Lawyers\",\"isPartOf\":{\"@id\":\"https:\/\/westcoasttriallawyers.com\/es#website\"},\"primaryImageOfPage\":{\"@id\":\"https:\/\/westcoasttriallawyers.com\/es\/california\/irvine\/abogado-de-responsabilidad-de-locales-de-irvine#primaryimage\"},\"image\":{\"@id\":\"https:\/\/westcoasttriallawyers.com\/es\/california\/irvine\/abogado-de-responsabilidad-de-locales-de-irvine#primaryimage\"},\"thumbnailUrl\":\"https:\/\/westcoasttriallawyers.com\/wp-content\/uploads\/2025\/07\/Irvine-Accident-Lawyer-Page-1-23.webp\",\"datePublished\":\"2022-05-06T18:17:56+00:00\",\"dateModified\":\"2026-01-21T12:49:19+00:00\",\"breadcrumb\":{\"@id\":\"https:\/\/westcoasttriallawyers.com\/es\/california\/irvine\/abogado-de-responsabilidad-de-locales-de-irvine#breadcrumb\"},\"inLanguage\":\"es\",\"potentialAction\":[{\"@type\":\"ReadAction\",\"target\":[\"https:\/\/westcoasttriallawyers.com\/es\/california\/irvine\/abogado-de-responsabilidad-de-locales-de-irvine\"]}]},{\"@type\":\"ImageObject\",\"inLanguage\":\"es\",\"@id\":\"https:\/\/westcoasttriallawyers.com\/es\/california\/irvine\/abogado-de-responsabilidad-de-locales-de-irvine#primaryimage\",\"url\":\"https:\/\/westcoasttriallawyers.com\/wp-content\/uploads\/2025\/07\/Irvine-Accident-Lawyer-Page-1-23.webp\",\"contentUrl\":\"https:\/\/westcoasttriallawyers.com\/wp-content\/uploads\/2025\/07\/Irvine-Accident-Lawyer-Page-1-23.webp\",\"width\":557,\"height\":328},{\"@type\":\"BreadcrumbList\",\"@id\":\"https:\/\/westcoasttriallawyers.com\/es\/california\/irvine\/abogado-de-responsabilidad-de-locales-de-irvine#breadcrumb\",\"itemListElement\":[{\"@type\":\"ListItem\",\"position\":1,\"name\":\"Inicio\",\"item\":\"https:\/\/westcoasttriallawyers.com\/es\"},{\"@type\":\"ListItem\",\"position\":2,\"name\":\"California\",\"item\":\"https:\/\/westcoasttriallawyers.com\/es\/california\"},{\"@type\":\"ListItem\",\"position\":3,\"name\":\"Irvine\",\"item\":\"https:\/\/westcoasttriallawyers.com\/es\/california\/irvine\"},{\"@type\":\"ListItem\",\"position\":4,\"name\":\"Abogado de responsabilidad de locales de Irvine\"}]},{\"@type\":\"WebSite\",\"@id\":\"https:\/\/westcoasttriallawyers.com\/es#website\",\"url\":\"https:\/\/westcoasttriallawyers.com\/es\",\"name\":\"West Coast Trial Lawyers\",\"description\":\"West Coast Trial Lawyers\",\"publisher\":{\"@id\":\"https:\/\/westcoasttriallawyers.com\/es#organization\"},\"alternateName\":\"WCTL\",\"potentialAction\":[{\"@type\":\"SearchAction\",\"target\":{\"@type\":\"EntryPoint\",\"urlTemplate\":\"https:\/\/westcoasttriallawyers.com\/es?s={search_term_string}\"},\"query-input\":{\"@type\":\"PropertyValueSpecification\",\"valueRequired\":true,\"valueName\":\"search_term_string\"}}],\"inLanguage\":\"es\"},{\"@type\":\"Organization\",\"@id\":\"https:\/\/westcoasttriallawyers.com\/es#organization\",\"name\":\"West Coast Trial Lawyers\",\"alternateName\":\"WCTL\",\"url\":\"https:\/\/westcoasttriallawyers.com\/es\",\"logo\":{\"@type\":\"ImageObject\",\"inLanguage\":\"es\",\"@id\":\"https:\/\/westcoasttriallawyers.com\/es#\/schema\/logo\/image\/\",\"url\":\"https:\/\/westcoasttriallawyers.com\/wp-content\/uploads\/2026\/02\/WCTL-Logo.jpg\",\"contentUrl\":\"https:\/\/westcoasttriallawyers.com\/wp-content\/uploads\/2026\/02\/WCTL-Logo.jpg\",\"width\":696,\"height\":696,\"caption\":\"West Coast Trial Lawyers\"},\"image\":{\"@id\":\"https:\/\/westcoasttriallawyers.com\/es#\/schema\/logo\/image\/\"},\"sameAs\":[\"https:\/\/www.facebook.com\/westcoasttriallawyers\/\",\"https:\/\/x.com\/WestCoastTrial\",\"https:\/\/www.linkedin.com\/company\/west-coast-trial-lawyers\/\",\"https:\/\/www.instagram.com\/westcoasttriallawyers\/\",\"https:\/\/www.yelp.com\/biz\/west-coast-trial-lawyers-los-angeles-2\",\"https:\/\/www.pinterest.com\/westcoasttrial\/\",\"https:\/\/www.youtube.com\/westcoasttriallawyersla\/\",\"https:\/\/www.tiktok.com\/westcoasttriallawyers\"],\"description\":\"West Coast Trial Lawyers is a top-rated personal injury law firm with a goal to provide expert legal representation to those in need. The law firm has offices across California, Nevada, Arizona, and Washington.\",\"legalName\":\"West Coast Trial Lawyers\"}]}<\/script>\n<!-- \/ Yoast SEO Premium plugin. -->","yoast_head_json":{"title":"Abogado de responsabilidad de locales de Irvine | West Coast Trial Lawyers","robots":{"index":"index","follow":"follow","max-snippet":"max-snippet:-1","max-image-preview":"max-image-preview:large","max-video-preview":"max-video-preview:-1"},"canonical":"https:\/\/westcoasttriallawyers.com\/es\/california\/irvine\/abogado-de-responsabilidad-de-locales-de-irvine","og_locale":"es_ES","og_type":"article","og_title":"Abogado de responsabilidad de locales de Irvine","og_description":"\u00bfCu\u00e1les son los tipos m\u00e1s comunes de reclamos de responsabilidad de locales? Los reclamos de responsabilidad de locales var\u00edan a lo largo y ancho y abarcan algunas de las circunstancias m\u00e1s diversas imaginables. Comencemos con un estatuto de California muy importante para darnos una base sobre la cual trabajar. De acuerdo con el C\u00f3digo Civil [&hellip;]","og_url":"https:\/\/westcoasttriallawyers.com\/es\/california\/irvine\/abogado-de-responsabilidad-de-locales-de-irvine","og_site_name":"West Coast Trial Lawyers","article_publisher":"https:\/\/www.facebook.com\/westcoasttriallawyers\/","article_modified_time":"2026-01-21T12:49:19+00:00","og_image":[{"width":557,"height":328,"url":"https:\/\/westcoasttriallawyers.com\/wp-content\/uploads\/2025\/07\/Irvine-Accident-Lawyer-Page-1-23.webp","type":"image\/webp"}],"twitter_card":"summary_large_image","twitter_site":"@WestCoastTrial","twitter_misc":{"Tiempo de lectura":"7 minutos"},"schema":{"@context":"https:\/\/schema.org","@graph":[{"@type":["WebPage","ItemPage"],"@id":"https:\/\/westcoasttriallawyers.com\/es\/california\/irvine\/abogado-de-responsabilidad-de-locales-de-irvine","url":"https:\/\/westcoasttriallawyers.com\/es\/california\/irvine\/abogado-de-responsabilidad-de-locales-de-irvine","name":"Abogado de responsabilidad de locales de Irvine | West Coast Trial Lawyers","isPartOf":{"@id":"https:\/\/westcoasttriallawyers.com\/es#website"},"primaryImageOfPage":{"@id":"https:\/\/westcoasttriallawyers.com\/es\/california\/irvine\/abogado-de-responsabilidad-de-locales-de-irvine#primaryimage"},"image":{"@id":"https:\/\/westcoasttriallawyers.com\/es\/california\/irvine\/abogado-de-responsabilidad-de-locales-de-irvine#primaryimage"},"thumbnailUrl":"https:\/\/westcoasttriallawyers.com\/wp-content\/uploads\/2025\/07\/Irvine-Accident-Lawyer-Page-1-23.webp","datePublished":"2022-05-06T18:17:56+00:00","dateModified":"2026-01-21T12:49:19+00:00","breadcrumb":{"@id":"https:\/\/westcoasttriallawyers.com\/es\/california\/irvine\/abogado-de-responsabilidad-de-locales-de-irvine#breadcrumb"},"inLanguage":"es","potentialAction":[{"@type":"ReadAction","target":["https:\/\/westcoasttriallawyers.com\/es\/california\/irvine\/abogado-de-responsabilidad-de-locales-de-irvine"]}]},{"@type":"ImageObject","inLanguage":"es","@id":"https:\/\/westcoasttriallawyers.com\/es\/california\/irvine\/abogado-de-responsabilidad-de-locales-de-irvine#primaryimage","url":"https:\/\/westcoasttriallawyers.com\/wp-content\/uploads\/2025\/07\/Irvine-Accident-Lawyer-Page-1-23.webp","contentUrl":"https:\/\/westcoasttriallawyers.com\/wp-content\/uploads\/2025\/07\/Irvine-Accident-Lawyer-Page-1-23.webp","width":557,"height":328},{"@type":"BreadcrumbList","@id":"https:\/\/westcoasttriallawyers.com\/es\/california\/irvine\/abogado-de-responsabilidad-de-locales-de-irvine#breadcrumb","itemListElement":[{"@type":"ListItem","position":1,"name":"Inicio","item":"https:\/\/westcoasttriallawyers.com\/es"},{"@type":"ListItem","position":2,"name":"California","item":"https:\/\/westcoasttriallawyers.com\/es\/california"},{"@type":"ListItem","position":3,"name":"Irvine","item":"https:\/\/westcoasttriallawyers.com\/es\/california\/irvine"},{"@type":"ListItem","position":4,"name":"Abogado de responsabilidad de locales de Irvine"}]},{"@type":"WebSite","@id":"https:\/\/westcoasttriallawyers.com\/es#website","url":"https:\/\/westcoasttriallawyers.com\/es","name":"West Coast Trial Lawyers","description":"West Coast Trial Lawyers","publisher":{"@id":"https:\/\/westcoasttriallawyers.com\/es#organization"},"alternateName":"WCTL","potentialAction":[{"@type":"SearchAction","target":{"@type":"EntryPoint","urlTemplate":"https:\/\/westcoasttriallawyers.com\/es?s={search_term_string}"},"query-input":{"@type":"PropertyValueSpecification","valueRequired":true,"valueName":"search_term_string"}}],"inLanguage":"es"},{"@type":"Organization","@id":"https:\/\/westcoasttriallawyers.com\/es#organization","name":"West Coast Trial Lawyers","alternateName":"WCTL","url":"https:\/\/westcoasttriallawyers.com\/es","logo":{"@type":"ImageObject","inLanguage":"es","@id":"https:\/\/westcoasttriallawyers.com\/es#\/schema\/logo\/image\/","url":"https:\/\/westcoasttriallawyers.com\/wp-content\/uploads\/2026\/02\/WCTL-Logo.jpg","contentUrl":"https:\/\/westcoasttriallawyers.com\/wp-content\/uploads\/2026\/02\/WCTL-Logo.jpg","width":696,"height":696,"caption":"West Coast Trial Lawyers"},"image":{"@id":"https:\/\/westcoasttriallawyers.com\/es#\/schema\/logo\/image\/"},"sameAs":["https:\/\/www.facebook.com\/westcoasttriallawyers\/","https:\/\/x.com\/WestCoastTrial","https:\/\/www.linkedin.com\/company\/west-coast-trial-lawyers\/","https:\/\/www.instagram.com\/westcoasttriallawyers\/","https:\/\/www.yelp.com\/biz\/west-coast-trial-lawyers-los-angeles-2","https:\/\/www.pinterest.com\/westcoasttrial\/","https:\/\/www.youtube.com\/westcoasttriallawyersla\/","https:\/\/www.tiktok.com\/westcoasttriallawyers"],"description":"West Coast Trial Lawyers is a top-rated personal injury law firm with a goal to provide expert legal representation to those in need. The law firm has offices across California, Nevada, Arizona, and Washington.","legalName":"West Coast Trial Lawyers"}]}},"_links":{"self":[{"href":"https:\/\/westcoasttriallawyers.com\/es\/wp-json\/wp\/v2\/pages\/13096","targetHints":{"allow":["GET"]}}],"collection":[{"href":"https:\/\/westcoasttriallawyers.com\/es\/wp-json\/wp\/v2\/pages"}],"about":[{"href":"https:\/\/westcoasttriallawyers.com\/es\/wp-json\/wp\/v2\/types\/page"}],"author":[{"embeddable":true,"href":"https:\/\/westcoasttriallawyers.com\/es\/wp-json\/wp\/v2\/users\/475"}],"replies":[{"embeddable":true,"href":"https:\/\/westcoasttriallawyers.com\/es\/wp-json\/wp\/v2\/comments?post=13096"}],"version-history":[{"count":3,"href":"https:\/\/westcoasttriallawyers.com\/es\/wp-json\/wp\/v2\/pages\/13096\/revisions"}],"predecessor-version":[{"id":47674,"href":"https:\/\/westcoasttriallawyers.com\/es\/wp-json\/wp\/v2\/pages\/13096\/revisions\/47674"}],"up":[{"embeddable":true,"href":"https:\/\/westcoasttriallawyers.com\/es\/wp-json\/wp\/v2\/pages\/47388"}],"wp:featuredmedia":[{"embeddable":true,"href":"https:\/\/westcoasttriallawyers.com\/es\/wp-json\/wp\/v2\/media\/45881"}],"wp:attachment":[{"href":"https:\/\/westcoasttriallawyers.com\/es\/wp-json\/wp\/v2\/media?parent=13096"}],"curies":[{"name":"wp","href":"https:\/\/api.w.org\/{rel}","templated":true}]}}