{"id":13095,"date":"2026-01-13T23:31:42","date_gmt":"2026-01-13T23:31:42","guid":{"rendered":"https:\/\/wctl1stg.wpengine.com\/?page_id=13095"},"modified":"2026-01-21T14:20:26","modified_gmt":"2026-01-21T14:20:26","slug":"abogado-de-lesiones-cerebrales-de-irvine","status":"publish","type":"page","link":"https:\/\/westcoasttriallawyers.com\/es\/california\/irvine\/abogado-de-lesiones-cerebrales-de-irvine","title":{"rendered":"Abogado de lesiones cerebrales de Irvine"},"content":{"rendered":"<h2><strong>\u00bfNecesita ayuda para desarrollar su reclamo por lesi\u00f3n cerebral para obtener la compensaci\u00f3n que merece? Comun\u00edquese con nuestros abogados expertos en lesiones cerebrales de Irvine para obtener asistencia legal<\/strong><\/h2>\n<p>Se ha estimado que aproximadamente el 2 por ciento de los estadounidenses actualmente necesitan ayuda de por vida solo para completar las tareas diarias despu\u00e9s de sufrir una lesi\u00f3n cerebral grave. Para decirlo en t\u00e9rminos m\u00e1s identificables, ese porcentaje se traduce en 5,3 millones de personas. Desafortunadamente, la mayor\u00eda de las v\u00edctimas de lesiones cerebrales traum\u00e1ticas (TBI, por sus siglas en ingl\u00e9s) ya no tienen control sobre sus vidas y no podr\u00e1n disfrutar de los placeres simples que la mayor\u00eda de nosotros damos por sentado.<\/p>\n<p>El cerebro es quiz\u00e1s el \u00f3rgano m\u00e1s singular y complejo del cuerpo humano. Todav\u00eda no lo entendemos completamente. Una cosa es cierta, una vez que las c\u00e9lulas cerebrales han sido da\u00f1adas por un trauma, permanecer\u00e1n as\u00ed durante la vida de la v\u00edctima.<\/p>\n<p>Este tipo de lesiones son siempre delicadas y pueden ser causadas por muchas circunstancias diferentes. A continuaci\u00f3n se enumeran s\u00f3lo cinco de las causas m\u00e1s comunes de una TBI:<\/p>\n<ul>\n<li><strong>Accidentes automovil\u00edsticos.<\/strong> Quiz\u00e1s la raz\u00f3n m\u00e1s com\u00fan de una TBI. Cualquier tipo de accidente que involucre autom\u00f3viles, motocicletas, ciclistas o peatones puede resultar en un TBI.<\/li>\n<li><strong>Lesiones deportivas.<\/strong> Las conmociones cerebrales graves y las lesiones cerebrales son comunes en los deportes extremos y de alto impacto, como el f\u00fatbol y el hockey.<\/li>\n<li><strong>Ca\u00eddas.<\/strong> Las lesiones cerebrales traum\u00e1ticas que ocurren por ca\u00eddas se observan principalmente en ni\u00f1os peque\u00f1os y ancianos. Los factores comunes de un accidente de resbal\u00f3n y ca\u00edda incluyen pisos mojados, escaleras da\u00f1adas, pavimentos defectuosos, nieve y hielo.<\/li>\n<li><strong>Explosiones explosivas.<\/strong> Las explosiones explosivas son una de las razones por las que muchos militares en servicio activo sufren lesiones cerebrales graves. La investigaci\u00f3n sugiere que las ondas de presi\u00f3n que pasan por el cerebro de una v\u00edctima tienen el potencial de alterar significativamente el funcionamiento saludable del cerebro.<\/li>\n<li><strong>Violencia.<\/strong> Las agresiones, la violencia dom\u00e9stica, el abuso infantil y los disparos son causas comunes de lesiones cerebrales graves.<\/li>\n<\/ul>\n<p>Si ha sufrido un TBI en la ciudad de Irvine debido a la negligencia de alguien, puede tener derecho a recibir una compensaci\u00f3n por sus p\u00e9rdidas. En West Coast Trial Lawyers, nuestros abogados de lesiones cerebrales de Irvine tienen m\u00e1s de 60 a\u00f1os de experiencia legal colectiva en el manejo de casos de lesiones personales. Con nuestro historial de recuperaci\u00f3n de m\u00e1s de $1 mil millones en acuerdos para nuestros clientes, estamos seguros de que obtendremos un buen resultado para su caso.<\/p>\n<p>Para programar una consulta gratuita y sin compromiso en nuestro bufete de abogados de lesiones personales de Irvine, comun\u00edquese con nuestro equipo legal las 24 horas, los 7 d\u00edas de la semana llamando al<strong> 213-927-3700&nbsp;<\/strong>o enviando un correo electr\u00f3nico a&nbsp;<a href=\"mailto:info@westcoasttriallawyers.com\"><strong>info@westcoasttriallawyers.com<\/strong><\/a><strong>.<\/strong><\/p>\n<h2><strong>Pasos a seguir si se produce un traumatismo craneoencef\u00e1lico grave<\/strong><\/h2>\n<p>En el caso de que un ser querido haya sufrido un traumatismo craneoencef\u00e1lico, hay que tener mucho cuidado. Estas heridas son delicadas. Si sospecha una TBI, el mejor curso de acci\u00f3n es llamar al 911 y solicitar asistencia inmediata. Sin embargo, hay pasos importantes que puede tomar en este momento para ayudar a una persona lesionada:<\/p>\n<ul>\n<li><strong>No mueva a una persona lesionada.<\/strong> Debe asegurarse de que la persona lesionada est\u00e9 acostada con la cabeza y los hombros ligeramente elevados. Recuerde, no los mueva, a menos que sea absolutamente necesario para usted.<\/li>\n<li><strong>Detener el sangrado.&nbsp;<\/strong>Si tiene un trozo de gasa est\u00e9ril o un pa\u00f1o limpio, util\u00edcelo para aplicar una presi\u00f3n firme sobre la herida. No aplique presi\u00f3n directa sobre la herida si tiene motivos para sospechar que la persona puede tener una fractura de cr\u00e1neo.<\/li>\n<li><strong>Controlar la respiraci\u00f3n y el estado de alerta.<\/strong> Est\u00e9 atento a su respiraci\u00f3n y nivel de alerta. Administre RCP si una persona ya no muestra signos de respiraci\u00f3n, tos o movimiento.<\/li>\n<li><strong>Minimizar el riesgo de asfixia.<\/strong> Cuando una persona est\u00e1 vomitando, debe girar con cuidado la cabeza, el cuello y el cuerpo de lado para evitar que se ahogue.<\/li>\n<\/ul>\n<h2><strong>Presentar un reclamo por lesi\u00f3n cerebral<\/strong><\/h2>\n<p>Si sufri\u00f3 una TBI como resultado de la negligencia o los actos deliberados de alguien, tiene derecho a responsabilizar a esa parte y recuperar una compensaci\u00f3n por sus lesiones y p\u00e9rdidas. B\u00e1sicamente, existen dos tipos de demandas que involucran lesiones cerebrales, seg\u00fan las circunstancias de la lesi\u00f3n: las causadas por negligencia y las causadas por productos defectuosos.<\/p>\n<p>\u00bfQu\u00e9 es la negligencia? La negligencia es la falta de una persona para actuar razonablemente cuando tiene el deber legal de hacerlo. Los actos negligentes pueden ser cometidos por casi cualquier persona, incluidos individuos, empresas o grupos de personas. Sin embargo, las lesiones o la p\u00e9rdida de propiedad deben ser causadas como resultado de una acci\u00f3n negligente.<\/p>\n<p>Si sufri\u00f3 una lesi\u00f3n cerebral como resultado de los actos negligentes de alguien y desea presentar un reclamo por lesi\u00f3n cerebral, debe probar que el demandado le deb\u00eda un deber de cuidado, actu\u00f3 de una manera que viol\u00f3 este deber de cuidado y la violaci\u00f3n de su deber de cuidado caus\u00f3 su lesi\u00f3n cerebral.<\/p>\n<p>Por ejemplo, si un conductor estaba ebrio y choc\u00f3 contra usted, caus\u00e1ndole una lesi\u00f3n cerebral, esa persona ser\u00eda culpable de negligencia y ser\u00eda responsable ante usted por sus lesiones.<\/p>\n<p>\u00bfQu\u00e9 son las reclamaciones de responsabilidad del producto? Estas reclamaciones no tienen nada que ver con actos negligentes. Los reclamos de responsabilidad del producto se presentan contra las empresas que son culpables de producir o vender un producto defectuoso que da\u00f1a al comprador.<\/p>\n<p>Este tipo de casos giran en torno a defectos en el proceso de dise\u00f1o y fabricaci\u00f3n, junto con advertencias inadecuadas sobre peligros o instrucciones insuficientes sobre c\u00f3mo usar correctamente un producto.<\/p>\n<p>Por ejemplo, Adrian compra un casco de bicicleta defectuoso y regresa a casa. Una vez que llega, se dirige a su bicicleta y se coloca el casco en la cabeza. Saca la bicicleta del garaje y comienza a andar en ella por su vecindario. Mientras Adri\u00e1n va por la calle, se da cuenta de que hay un paseador de perros adelante e intenta desviarse a otra acera, sin embargo, pierde el control durante el proceso y cae agresivamente al suelo. El casco defectuoso de Adrian no pudo resistir el impacto y se rompi\u00f3, lo que provoc\u00f3 que sufriera un fuerte impacto en la cabeza. Adrian tiene un dolor insoportable y lo llevan de urgencia a la sala de emergencias donde le dan un diagn\u00f3stico de lesi\u00f3n cerebral.<\/p>\n<p>Una v\u00edctima de lesi\u00f3n cerebral que quiera entablar una demanda de responsabilidad por productos defectuosos por un casco defectuoso debe demostrar que:<\/p>\n<ul>\n<li>El demandado dise\u00f1\u00f3, fabric\u00f3 y\/o vendi\u00f3 un casco defectuoso<\/li>\n<li>El casco ten\u00eda un defecto de dise\u00f1o, fabricaci\u00f3n o advertencia cuando sali\u00f3 de la posesi\u00f3n del acusado<\/li>\n<li>El demandante us\u00f3 el casco razonablemente.<\/li>\n<li>El defecto en el casco provoc\u00f3 una lesi\u00f3n cerebral.<\/li>\n<\/ul>\n<h2><strong>Los abogados litigantes de la costa oeste siempre est\u00e1n aqu\u00ed para ayudar<\/strong><\/h2>\n<p>Si ha sufrido una lesi\u00f3n cerebral como resultado de la negligencia de alguien o actos deliberados de malicia, tiene derecho a responsabilizar a la parte culpable por sus p\u00e9rdidas. Un abogado de lesiones cerebrales de Irvine en West Coast Trial Lawyers puede ayudarlo a obtener una compensaci\u00f3n por sus p\u00e9rdidas.<\/p>\n<p>Ll\u00e1menos hoy al&nbsp;<strong>213-927-3700<\/strong> o env\u00ede un correo electr\u00f3nico a&nbsp;<a href=\"mailto:info@westcoasttriallawyers.com\"><strong>info@westcoasttriallawyers.com<\/strong><\/a><strong>&nbsp;<\/strong>para programar una consulta gratuita con nuestro equipo legal experimentado, atento y compasivo.<br \/>\n<!-- WCTL_DEBUG: no shortcode in this_content --><\/p>\n","protected":false},"excerpt":{"rendered":"<p>\u00bfNecesita ayuda para desarrollar su reclamo por lesi\u00f3n cerebral para obtener la compensaci\u00f3n que merece? Comun\u00edquese con nuestros abogados expertos en lesiones cerebrales de Irvine para obtener asistencia legal Se ha estimado que aproximadamente el 2 por ciento de los estadounidenses actualmente necesitan ayuda de por vida solo para completar las tareas diarias despu\u00e9s de [&hellip;]<\/p>\n","protected":false},"author":475,"featured_media":45871,"parent":47388,"menu_order":0,"comment_status":"closed","ping_status":"closed","template":"","meta":{"inline_featured_image":false,"footnotes":""},"class_list":["post-13095","page","type-page","status-publish","has-post-thumbnail","hentry"],"acf":[],"yoast_head":"<!-- This site is optimized with the Yoast SEO Premium plugin v26.0 (Yoast SEO v26.0) - https:\/\/yoast.com\/wordpress\/plugins\/seo\/ -->\n<title>Abogado de lesiones cerebrales de Irvine | West Coast Trial Lawyers<\/title>\n<meta name=\"robots\" content=\"index, follow, max-snippet:-1, max-image-preview:large, max-video-preview:-1\" \/>\n<link rel=\"canonical\" href=\"https:\/\/westcoasttriallawyers.com\/es\/california\/irvine\/abogado-de-lesiones-cerebrales-de-irvine\" \/>\n<meta property=\"og:locale\" content=\"es_ES\" \/>\n<meta property=\"og:type\" content=\"article\" \/>\n<meta property=\"og:title\" content=\"Abogado de lesiones cerebrales de Irvine\" \/>\n<meta property=\"og:description\" content=\"\u00bfNecesita ayuda para desarrollar su reclamo por lesi\u00f3n cerebral para obtener la compensaci\u00f3n que merece? Comun\u00edquese con nuestros abogados expertos en lesiones cerebrales de Irvine para obtener asistencia legal Se ha estimado que aproximadamente el 2 por ciento de los estadounidenses actualmente necesitan ayuda de por vida solo para completar las tareas diarias despu\u00e9s de [&hellip;]\" \/>\n<meta property=\"og:url\" content=\"https:\/\/westcoasttriallawyers.com\/es\/california\/irvine\/abogado-de-lesiones-cerebrales-de-irvine\" \/>\n<meta property=\"og:site_name\" content=\"West Coast Trial Lawyers\" \/>\n<meta property=\"article:publisher\" content=\"https:\/\/www.facebook.com\/westcoasttriallawyers\/\" \/>\n<meta property=\"article:modified_time\" content=\"2026-01-21T14:20:26+00:00\" \/>\n<meta property=\"og:image\" content=\"https:\/\/westcoasttriallawyers.com\/wp-content\/uploads\/2025\/07\/Irvine-Accident-Lawyer-Page-1-19.webp\" \/>\n\t<meta property=\"og:image:width\" content=\"557\" \/>\n\t<meta property=\"og:image:height\" content=\"328\" \/>\n\t<meta property=\"og:image:type\" content=\"image\/webp\" \/>\n<meta name=\"twitter:card\" content=\"summary_large_image\" \/>\n<meta name=\"twitter:site\" content=\"@WestCoastTrial\" \/>\n<meta name=\"twitter:label1\" content=\"Tiempo de lectura\" \/>\n\t<meta name=\"twitter:data1\" content=\"6 minutos\" \/>\n<script type=\"application\/ld+json\" class=\"yoast-schema-graph\">{\"@context\":\"https:\/\/schema.org\",\"@graph\":[{\"@type\":[\"WebPage\",\"ItemPage\"],\"@id\":\"https:\/\/westcoasttriallawyers.com\/es\/california\/irvine\/abogado-de-lesiones-cerebrales-de-irvine\",\"url\":\"https:\/\/westcoasttriallawyers.com\/es\/california\/irvine\/abogado-de-lesiones-cerebrales-de-irvine\",\"name\":\"Abogado de lesiones cerebrales de Irvine | West Coast Trial Lawyers\",\"isPartOf\":{\"@id\":\"https:\/\/westcoasttriallawyers.com\/es#website\"},\"primaryImageOfPage\":{\"@id\":\"https:\/\/westcoasttriallawyers.com\/es\/california\/irvine\/abogado-de-lesiones-cerebrales-de-irvine#primaryimage\"},\"image\":{\"@id\":\"https:\/\/westcoasttriallawyers.com\/es\/california\/irvine\/abogado-de-lesiones-cerebrales-de-irvine#primaryimage\"},\"thumbnailUrl\":\"https:\/\/westcoasttriallawyers.com\/wp-content\/uploads\/2025\/07\/Irvine-Accident-Lawyer-Page-1-19.webp\",\"datePublished\":\"2026-01-13T23:31:42+00:00\",\"dateModified\":\"2026-01-21T14:20:26+00:00\",\"breadcrumb\":{\"@id\":\"https:\/\/westcoasttriallawyers.com\/es\/california\/irvine\/abogado-de-lesiones-cerebrales-de-irvine#breadcrumb\"},\"inLanguage\":\"es\",\"potentialAction\":[{\"@type\":\"ReadAction\",\"target\":[\"https:\/\/westcoasttriallawyers.com\/es\/california\/irvine\/abogado-de-lesiones-cerebrales-de-irvine\"]}]},{\"@type\":\"ImageObject\",\"inLanguage\":\"es\",\"@id\":\"https:\/\/westcoasttriallawyers.com\/es\/california\/irvine\/abogado-de-lesiones-cerebrales-de-irvine#primaryimage\",\"url\":\"https:\/\/westcoasttriallawyers.com\/wp-content\/uploads\/2025\/07\/Irvine-Accident-Lawyer-Page-1-19.webp\",\"contentUrl\":\"https:\/\/westcoasttriallawyers.com\/wp-content\/uploads\/2025\/07\/Irvine-Accident-Lawyer-Page-1-19.webp\",\"width\":557,\"height\":328},{\"@type\":\"BreadcrumbList\",\"@id\":\"https:\/\/westcoasttriallawyers.com\/es\/california\/irvine\/abogado-de-lesiones-cerebrales-de-irvine#breadcrumb\",\"itemListElement\":[{\"@type\":\"ListItem\",\"position\":1,\"name\":\"Inicio\",\"item\":\"https:\/\/westcoasttriallawyers.com\/es\"},{\"@type\":\"ListItem\",\"position\":2,\"name\":\"California\",\"item\":\"https:\/\/westcoasttriallawyers.com\/es\/california\"},{\"@type\":\"ListItem\",\"position\":3,\"name\":\"Irvine\",\"item\":\"https:\/\/westcoasttriallawyers.com\/es\/california\/irvine\"},{\"@type\":\"ListItem\",\"position\":4,\"name\":\"Abogado de lesiones cerebrales de Irvine\"}]},{\"@type\":\"WebSite\",\"@id\":\"https:\/\/westcoasttriallawyers.com\/es#website\",\"url\":\"https:\/\/westcoasttriallawyers.com\/es\",\"name\":\"West Coast Trial Lawyers\",\"description\":\"West Coast Trial Lawyers\",\"publisher\":{\"@id\":\"https:\/\/westcoasttriallawyers.com\/es#organization\"},\"alternateName\":\"WCTL\",\"potentialAction\":[{\"@type\":\"SearchAction\",\"target\":{\"@type\":\"EntryPoint\",\"urlTemplate\":\"https:\/\/westcoasttriallawyers.com\/es?s={search_term_string}\"},\"query-input\":{\"@type\":\"PropertyValueSpecification\",\"valueRequired\":true,\"valueName\":\"search_term_string\"}}],\"inLanguage\":\"es\"},{\"@type\":\"Organization\",\"@id\":\"https:\/\/westcoasttriallawyers.com\/es#organization\",\"name\":\"West Coast Trial Lawyers\",\"alternateName\":\"WCTL\",\"url\":\"https:\/\/westcoasttriallawyers.com\/es\",\"logo\":{\"@type\":\"ImageObject\",\"inLanguage\":\"es\",\"@id\":\"https:\/\/westcoasttriallawyers.com\/es#\/schema\/logo\/image\/\",\"url\":\"https:\/\/westcoasttriallawyers.com\/wp-content\/uploads\/2026\/02\/WCTL-Logo.jpg\",\"contentUrl\":\"https:\/\/westcoasttriallawyers.com\/wp-content\/uploads\/2026\/02\/WCTL-Logo.jpg\",\"width\":696,\"height\":696,\"caption\":\"West Coast Trial Lawyers\"},\"image\":{\"@id\":\"https:\/\/westcoasttriallawyers.com\/es#\/schema\/logo\/image\/\"},\"sameAs\":[\"https:\/\/www.facebook.com\/westcoasttriallawyers\/\",\"https:\/\/x.com\/WestCoastTrial\",\"https:\/\/www.linkedin.com\/company\/west-coast-trial-lawyers\/\",\"https:\/\/www.instagram.com\/westcoasttriallawyers\/\",\"https:\/\/www.yelp.com\/biz\/west-coast-trial-lawyers-los-angeles-2\",\"https:\/\/www.pinterest.com\/westcoasttrial\/\",\"https:\/\/www.youtube.com\/westcoasttriallawyersla\/\",\"https:\/\/www.tiktok.com\/westcoasttriallawyers\"],\"description\":\"West Coast Trial Lawyers is a top-rated personal injury law firm with a goal to provide expert legal representation to those in need. The law firm has offices across California, Nevada, Arizona, and Washington.\",\"legalName\":\"West Coast Trial Lawyers\"}]}<\/script>\n<!-- \/ Yoast SEO Premium plugin. -->","yoast_head_json":{"title":"Abogado de lesiones cerebrales de Irvine | West Coast Trial Lawyers","robots":{"index":"index","follow":"follow","max-snippet":"max-snippet:-1","max-image-preview":"max-image-preview:large","max-video-preview":"max-video-preview:-1"},"canonical":"https:\/\/westcoasttriallawyers.com\/es\/california\/irvine\/abogado-de-lesiones-cerebrales-de-irvine","og_locale":"es_ES","og_type":"article","og_title":"Abogado de lesiones cerebrales de Irvine","og_description":"\u00bfNecesita ayuda para desarrollar su reclamo por lesi\u00f3n cerebral para obtener la compensaci\u00f3n que merece? Comun\u00edquese con nuestros abogados expertos en lesiones cerebrales de Irvine para obtener asistencia legal Se ha estimado que aproximadamente el 2 por ciento de los estadounidenses actualmente necesitan ayuda de por vida solo para completar las tareas diarias despu\u00e9s de [&hellip;]","og_url":"https:\/\/westcoasttriallawyers.com\/es\/california\/irvine\/abogado-de-lesiones-cerebrales-de-irvine","og_site_name":"West Coast Trial Lawyers","article_publisher":"https:\/\/www.facebook.com\/westcoasttriallawyers\/","article_modified_time":"2026-01-21T14:20:26+00:00","og_image":[{"width":557,"height":328,"url":"https:\/\/westcoasttriallawyers.com\/wp-content\/uploads\/2025\/07\/Irvine-Accident-Lawyer-Page-1-19.webp","type":"image\/webp"}],"twitter_card":"summary_large_image","twitter_site":"@WestCoastTrial","twitter_misc":{"Tiempo de lectura":"6 minutos"},"schema":{"@context":"https:\/\/schema.org","@graph":[{"@type":["WebPage","ItemPage"],"@id":"https:\/\/westcoasttriallawyers.com\/es\/california\/irvine\/abogado-de-lesiones-cerebrales-de-irvine","url":"https:\/\/westcoasttriallawyers.com\/es\/california\/irvine\/abogado-de-lesiones-cerebrales-de-irvine","name":"Abogado de lesiones cerebrales de Irvine | West Coast Trial Lawyers","isPartOf":{"@id":"https:\/\/westcoasttriallawyers.com\/es#website"},"primaryImageOfPage":{"@id":"https:\/\/westcoasttriallawyers.com\/es\/california\/irvine\/abogado-de-lesiones-cerebrales-de-irvine#primaryimage"},"image":{"@id":"https:\/\/westcoasttriallawyers.com\/es\/california\/irvine\/abogado-de-lesiones-cerebrales-de-irvine#primaryimage"},"thumbnailUrl":"https:\/\/westcoasttriallawyers.com\/wp-content\/uploads\/2025\/07\/Irvine-Accident-Lawyer-Page-1-19.webp","datePublished":"2026-01-13T23:31:42+00:00","dateModified":"2026-01-21T14:20:26+00:00","breadcrumb":{"@id":"https:\/\/westcoasttriallawyers.com\/es\/california\/irvine\/abogado-de-lesiones-cerebrales-de-irvine#breadcrumb"},"inLanguage":"es","potentialAction":[{"@type":"ReadAction","target":["https:\/\/westcoasttriallawyers.com\/es\/california\/irvine\/abogado-de-lesiones-cerebrales-de-irvine"]}]},{"@type":"ImageObject","inLanguage":"es","@id":"https:\/\/westcoasttriallawyers.com\/es\/california\/irvine\/abogado-de-lesiones-cerebrales-de-irvine#primaryimage","url":"https:\/\/westcoasttriallawyers.com\/wp-content\/uploads\/2025\/07\/Irvine-Accident-Lawyer-Page-1-19.webp","contentUrl":"https:\/\/westcoasttriallawyers.com\/wp-content\/uploads\/2025\/07\/Irvine-Accident-Lawyer-Page-1-19.webp","width":557,"height":328},{"@type":"BreadcrumbList","@id":"https:\/\/westcoasttriallawyers.com\/es\/california\/irvine\/abogado-de-lesiones-cerebrales-de-irvine#breadcrumb","itemListElement":[{"@type":"ListItem","position":1,"name":"Inicio","item":"https:\/\/westcoasttriallawyers.com\/es"},{"@type":"ListItem","position":2,"name":"California","item":"https:\/\/westcoasttriallawyers.com\/es\/california"},{"@type":"ListItem","position":3,"name":"Irvine","item":"https:\/\/westcoasttriallawyers.com\/es\/california\/irvine"},{"@type":"ListItem","position":4,"name":"Abogado de lesiones cerebrales de Irvine"}]},{"@type":"WebSite","@id":"https:\/\/westcoasttriallawyers.com\/es#website","url":"https:\/\/westcoasttriallawyers.com\/es","name":"West Coast Trial Lawyers","description":"West Coast Trial Lawyers","publisher":{"@id":"https:\/\/westcoasttriallawyers.com\/es#organization"},"alternateName":"WCTL","potentialAction":[{"@type":"SearchAction","target":{"@type":"EntryPoint","urlTemplate":"https:\/\/westcoasttriallawyers.com\/es?s={search_term_string}"},"query-input":{"@type":"PropertyValueSpecification","valueRequired":true,"valueName":"search_term_string"}}],"inLanguage":"es"},{"@type":"Organization","@id":"https:\/\/westcoasttriallawyers.com\/es#organization","name":"West Coast Trial Lawyers","alternateName":"WCTL","url":"https:\/\/westcoasttriallawyers.com\/es","logo":{"@type":"ImageObject","inLanguage":"es","@id":"https:\/\/westcoasttriallawyers.com\/es#\/schema\/logo\/image\/","url":"https:\/\/westcoasttriallawyers.com\/wp-content\/uploads\/2026\/02\/WCTL-Logo.jpg","contentUrl":"https:\/\/westcoasttriallawyers.com\/wp-content\/uploads\/2026\/02\/WCTL-Logo.jpg","width":696,"height":696,"caption":"West Coast Trial Lawyers"},"image":{"@id":"https:\/\/westcoasttriallawyers.com\/es#\/schema\/logo\/image\/"},"sameAs":["https:\/\/www.facebook.com\/westcoasttriallawyers\/","https:\/\/x.com\/WestCoastTrial","https:\/\/www.linkedin.com\/company\/west-coast-trial-lawyers\/","https:\/\/www.instagram.com\/westcoasttriallawyers\/","https:\/\/www.yelp.com\/biz\/west-coast-trial-lawyers-los-angeles-2","https:\/\/www.pinterest.com\/westcoasttrial\/","https:\/\/www.youtube.com\/westcoasttriallawyersla\/","https:\/\/www.tiktok.com\/westcoasttriallawyers"],"description":"West Coast Trial Lawyers is a top-rated personal injury law firm with a goal to provide expert legal representation to those in need. The law firm has offices across California, Nevada, Arizona, and Washington.","legalName":"West Coast Trial Lawyers"}]}},"_links":{"self":[{"href":"https:\/\/westcoasttriallawyers.com\/es\/wp-json\/wp\/v2\/pages\/13095","targetHints":{"allow":["GET"]}}],"collection":[{"href":"https:\/\/westcoasttriallawyers.com\/es\/wp-json\/wp\/v2\/pages"}],"about":[{"href":"https:\/\/westcoasttriallawyers.com\/es\/wp-json\/wp\/v2\/types\/page"}],"author":[{"embeddable":true,"href":"https:\/\/westcoasttriallawyers.com\/es\/wp-json\/wp\/v2\/users\/475"}],"replies":[{"embeddable":true,"href":"https:\/\/westcoasttriallawyers.com\/es\/wp-json\/wp\/v2\/comments?post=13095"}],"version-history":[{"count":3,"href":"https:\/\/westcoasttriallawyers.com\/es\/wp-json\/wp\/v2\/pages\/13095\/revisions"}],"predecessor-version":[{"id":47716,"href":"https:\/\/westcoasttriallawyers.com\/es\/wp-json\/wp\/v2\/pages\/13095\/revisions\/47716"}],"up":[{"embeddable":true,"href":"https:\/\/westcoasttriallawyers.com\/es\/wp-json\/wp\/v2\/pages\/47388"}],"wp:featuredmedia":[{"embeddable":true,"href":"https:\/\/westcoasttriallawyers.com\/es\/wp-json\/wp\/v2\/media\/45871"}],"wp:attachment":[{"href":"https:\/\/westcoasttriallawyers.com\/es\/wp-json\/wp\/v2\/media?parent=13095"}],"curies":[{"name":"wp","href":"https:\/\/api.w.org\/{rel}","templated":true}]}}