{"id":13089,"date":"2026-01-13T23:31:45","date_gmt":"2026-01-13T23:31:45","guid":{"rendered":"https:\/\/wctl1stg.wpengine.com\/?page_id=13089"},"modified":"2026-01-21T12:41:57","modified_gmt":"2026-01-21T12:41:57","slug":"abogado-de-accidentes-de-motocicleta-en-irvine","status":"publish","type":"page","link":"https:\/\/westcoasttriallawyers.com\/es\/california\/irvine\/abogado-de-accidentes-de-motocicleta-en-irvine","title":{"rendered":"Abogado de accidentes de motocicleta en Irvine"},"content":{"rendered":"<h2><strong>Obtenga informaci\u00f3n legal de nuestros abogados experimentados en accidentes de motocicleta en Irvine sobre c\u00f3mo probar la responsabilidad en un caso de lesiones personales<\/strong><\/h2>\n<p>Ya sea que est\u00e9 conduciendo a casa desde el centro de Irvine hasta Newport Beach o disfrutando de un paseo por PCH con un amigo, un accidente de motocicleta puede cambiar dr\u00e1sticamente su vida. Incluso mientras conducen de manera segura y utilizan el equipo de seguridad adecuado, las v\u00edctimas de accidentes de motocicleta requieren atenci\u00f3n m\u00e9dica y servicios de rehabilitaci\u00f3n durante un per\u00edodo prolongado y posiblemente por el resto de sus vidas.<\/p>\n<p>Los costos m\u00e9dicos asociados con el tratamiento de lesiones de motocicleta pueden ser extremos, lo que puede causar estr\u00e9s y ansiedad a la v\u00edctima debido a las cargas financieras. Si sufri\u00f3 lesiones por accidentes de motocicleta en la ciudad de Irvine debido a la negligencia de alguien, puede tener derecho a una compensaci\u00f3n por sus facturas m\u00e9dicas, salarios perdidos, dolor y sufrimiento, y m\u00e1s. En West Coast Trial Lawyers, nuestros abogados con experiencia en accidentes de motocicleta en Irvine han ganado m\u00e1s de 5,000 casos y han recuperado m\u00e1s de $1,000 millones en acuerdos para nuestros clientes. Con nuestra impresionante trayectoria, hemos sido clasificados como uno de los mejores bufetes de abogados de lesiones personales en Irvine.<\/p>\n<p>No dude en comunicarse con nuestro equipo legal las 24 horas, los 7 d\u00edas de la semana llamando al&nbsp;<strong>213-927-3700<\/strong> o enviando un correo electr\u00f3nico a&nbsp;<a href=\"mailto:info@westcoasttriallawyers.com\"><strong>info@westcoasttriallawyers.com<\/strong><\/a> para programar una consulta gratuita en nuestro bufete de abogados de lesiones personales de Irvine.<\/p>\n<h2><strong>\u00bfPuedo demandar si me lastim\u00e9 en un accidente de motocicleta?<\/strong><\/h2>\n<p>Absolutamente, pero debe presentar un reclamo por lesiones personales para recuperar una compensaci\u00f3n. Es una buena idea discutir las circunstancias de su accidente de motocicleta con un abogado de accidentes de motocicleta de Irvine antes de hablar con el proveedor de seguros del otro conductor.<\/p>\n<p>Puede parecer dif\u00edcil de creer, pero las compa\u00f1\u00edas de seguros de autom\u00f3viles no tienen en mente sus mejores intereses y no est\u00e1n de su lado. Estas compa\u00f1\u00edas quieren resolver su reclamo por la menor cantidad posible y lo presionaron para que lo haga. Un abogado de accidentes de motocicleta en West Coast Trial Lawyers est\u00e1 aqu\u00ed para analizar su accidente y puede informarle si tiene o no derecho a da\u00f1os econ\u00f3micos y no econ\u00f3micos.<\/p>\n<h2><strong>Prueba de responsabilidad despu\u00e9s de un accidente de motocicleta<\/strong><\/h2>\n<p>Esta es quiz\u00e1s la consideraci\u00f3n m\u00e1s crucial para cualquiera que est\u00e9 pensando en presentar un reclamo por lesiones personales despu\u00e9s de haber resultado lesionado en un accidente de motocicleta. Cuando se trata de determinar la responsabilidad, la parte negligente que caus\u00f3 lesiones a un motociclista generalmente ser\u00e1 responsable de sus da\u00f1os.<\/p>\n<p>Sin embargo, y esto es muy importante, para recuperar los da\u00f1os, un motociclista lesionado debe probar que el conductor que caus\u00f3 sus lesiones fue negligente. \u00bfQu\u00e9 significa eso?<\/p>\n<p>Significa probar que el conductor le deb\u00eda a usted, el motociclista, un deber de cuidado, fall\u00f3 en su deber de cuidado por negligencia, y que la negligencia fue el factor principal que caus\u00f3 sus da\u00f1os.<\/p>\n<p>\u00bfQu\u00e9 es un deber de cuidado? En resumen, todos los conductores tienen la responsabilidad de seguir las leyes de tr\u00e1nsito y tener cuidado con los motociclistas. Un conductor puede violar este deber de cuidado al acelerar, no prestar atenci\u00f3n a la carretera, enviar mensajes de texto o conducir de manera imprudente. Todos estos ejemplos son formas de negligencia, que pueden someter a un conductor a responsabilidad.<\/p>\n<h2><strong>\u00bfQu\u00e9 pasa si mi motocicleta falla?<\/strong><\/h2>\n<p>Algunos accidentes de motocicleta no son causados \u200b\u200bpor negligencia del conductor, sino por motocicletas o partes de motocicletas defectuosas. La ley de responsabilidad por productos defectuosos de California establece que cualquier empresa que dise\u00f1e, fabrique o venda una motocicleta defectuosa o partes de motocicletas puede ser considerada responsable de causar accidentes.<\/p>\n<p>En este tipo de reclamos, conocidos como&nbsp;<strong>reclamos de responsabilidad estricta<\/strong>, se puede imponer un caso de defecto de motocicleta por defectos de fabricaci\u00f3n, defectos de dise\u00f1o, falta de advertencia al usuario de los defectos o peligros potenciales. Un motociclista lesionado que quiera recuperar da\u00f1os en este tipo de reclamo debe demostrar que:<\/p>\n<ol>\n<li>El demandado dise\u00f1\u00f3, fabric\u00f3, distribuy\u00f3 y\/o vendi\u00f3 una motocicleta defectuosa.<\/li>\n<li>La motocicleta estaba defectuosa cuando sali\u00f3 de la posesi\u00f3n del acusado.<\/li>\n<li>El motociclista us\u00f3 la motocicleta de manera razonable.<\/li>\n<li>El motociclista sufri\u00f3 lesiones a causa de la motocicleta defectuosa.<\/li>\n<\/ol>\n<p>Consideremos un ejemplo: usa tu imaginaci\u00f3n y finge que Thomas tom\u00f3 todas las clases de motocicletas necesarias. Obtuvo su licencia y dedic\u00f3 horas adicionales a practicar alrededor de la cuadra antes de salir a dar un paseo prolongado.<\/p>\n<p>Thomas finalmente se siente seguro de sus habilidades de conducci\u00f3n y sale a la autopista. Es tarde en la noche y no hay mucho tr\u00e1fico y Thomas no tiene que preocuparse por otros veh\u00edculos. Tambi\u00e9n usa equipo de seguridad y sigue todas las leyes de tr\u00e1nsito.<\/p>\n<p>Thomas se est\u00e1 divirtiendo mucho cuando explota el tanque de gasolina. Afortunadamente, no est\u00e1 herido por la explosi\u00f3n real, sin embargo, perdi\u00f3 el equilibrio. Esto llev\u00f3 a que su cuerpo se estrellara contra un poste de luz. Como resultado de este mal funcionamiento inesperado, Thomas sufri\u00f3 lesiones graves, incluidas fracturas de huesos y lesiones en la m\u00e9dula espinal.<\/p>\n<p>Consideremos las circunstancias. Thomas cabalgaba con cautela. Sin embargo, todav\u00eda estaba gravemente herido. Thomas ten\u00eda derecho a un producto seguro, lo cual es una expectativa razonable. En este caso, el fabricante de la motocicleta ser\u00e1 responsable de sus p\u00e9rdidas, incluidos los da\u00f1os a su motocicleta y mucho m\u00e1s.<\/p>\n<h2><strong>Da\u00f1os despu\u00e9s de un accidente de motocicleta en Irvine<\/strong><\/h2>\n<p>Los da\u00f1os despu\u00e9s de un accidente de motocicleta est\u00e1n destinados a cubrir las p\u00e9rdidas financieras y los da\u00f1os f\u00edsicos causados por un accidente de motocicleta. Los montos de liquidaci\u00f3n variar\u00e1n dependiendo de las circunstancias.<\/p>\n<p>Tambi\u00e9n es importante entender que California es un estado de&nbsp;<strong>negligencia comparativa<\/strong>, lo que significa que un motociclista lesionado puede ser parcialmente culpable y aun as\u00ed calificar para alguna compensaci\u00f3n. Naturalmente, cuanto m\u00e1s negligencia contribuy\u00f3 un motociclista a causar un accidente, m\u00e1s se reducir\u00e1 la compensaci\u00f3n.<\/p>\n<p><strong>Sin embargo, en su mayor parte, un motociclista lesionado tiene derecho a recuperar da\u00f1os por:<\/strong><\/p>\n<ul>\n<li>Estr\u00e9s emocional<\/li>\n<li>Salarios perdidos<\/li>\n<li>P\u00e9rdida de propiedad<\/li>\n<li>Facturas m\u00e9dicas<\/li>\n<li>P\u00e9rdida de consorcio<\/li>\n<li>Terapia f\u00edsica\/ocupacional<\/li>\n<li>Medicamentos y suministros m\u00e9dicos<\/li>\n<li>Capacidad de ganancia p\u00e9rdida<\/li>\n<li>Desfiguraci\u00f3n o p\u00e9rdida de una extremidad<\/li>\n<li>Cicatrizaci\u00f3n<\/li>\n<\/ul>\n<h2><strong>Los abogados litigantes de la costa oeste est\u00e1n aqu\u00ed para ayudar<\/strong><\/h2>\n<p>Si ha sufrido lesiones en un accidente de motocicleta como resultado de la negligencia de alguien o actos deliberados de malicia, tiene derecho a responsabilizar a la parte culpable por sus p\u00e9rdidas. Un abogado de accidentes de motocicleta en Irvine en West Coast Trial Lawyers puede ayudarlo a recuperar una compensaci\u00f3n por las p\u00e9rdidas que ha sufrido.<\/p>\n<p>Comun\u00edquese hoy con nuestro equipo legal disponible las 24 horas, los 7 d\u00edas de la semana llamando al&nbsp;<strong>213-927-3700<\/strong> o enviando un correo electr\u00f3nico a&nbsp;<a href=\"mailto:info@westcoasttriallawyers.com\"><strong>info@westcoasttriallawyers.com<\/strong><\/a><strong>&nbsp;<\/strong>&nbsp;para programar una consulta gratuita en nuestro bufete de abogados de lesiones personales de Irvine.<br \/>\n<!-- WCTL_DEBUG: no shortcode in this_content --><\/p>\n","protected":false},"excerpt":{"rendered":"<p>Obtenga informaci\u00f3n legal de nuestros abogados experimentados en accidentes de motocicleta en Irvine sobre c\u00f3mo probar la responsabilidad en un caso de lesiones personales Ya sea que est\u00e9 conduciendo a casa desde el centro de Irvine hasta Newport Beach o disfrutando de un paseo por PCH con un amigo, un accidente de motocicleta puede cambiar [&hellip;]<\/p>\n","protected":false},"author":475,"featured_media":45886,"parent":47388,"menu_order":0,"comment_status":"closed","ping_status":"closed","template":"","meta":{"inline_featured_image":false,"footnotes":""},"class_list":["post-13089","page","type-page","status-publish","has-post-thumbnail","hentry"],"acf":[],"yoast_head":"<!-- This site is optimized with the Yoast SEO Premium plugin v26.0 (Yoast SEO v26.0) - https:\/\/yoast.com\/wordpress\/plugins\/seo\/ -->\n<title>Abogado de accidentes de motocicleta en Irvine | West Coast Trial Lawyers<\/title>\n<meta name=\"robots\" content=\"index, follow, max-snippet:-1, max-image-preview:large, max-video-preview:-1\" \/>\n<link rel=\"canonical\" href=\"https:\/\/westcoasttriallawyers.com\/es\/california\/irvine\/abogado-de-accidentes-de-motocicleta-en-irvine\" \/>\n<meta property=\"og:locale\" content=\"es_ES\" \/>\n<meta property=\"og:type\" content=\"article\" \/>\n<meta property=\"og:title\" content=\"Abogado de accidentes de motocicleta en Irvine\" \/>\n<meta property=\"og:description\" content=\"Obtenga informaci\u00f3n legal de nuestros abogados experimentados en accidentes de motocicleta en Irvine sobre c\u00f3mo probar la responsabilidad en un caso de lesiones personales Ya sea que est\u00e9 conduciendo a casa desde el centro de Irvine hasta Newport Beach o disfrutando de un paseo por PCH con un amigo, un accidente de motocicleta puede cambiar [&hellip;]\" \/>\n<meta property=\"og:url\" content=\"https:\/\/westcoasttriallawyers.com\/es\/california\/irvine\/abogado-de-accidentes-de-motocicleta-en-irvine\" \/>\n<meta property=\"og:site_name\" content=\"West Coast Trial Lawyers\" \/>\n<meta property=\"article:publisher\" content=\"https:\/\/www.facebook.com\/westcoasttriallawyers\/\" \/>\n<meta property=\"article:modified_time\" content=\"2026-01-21T12:41:57+00:00\" \/>\n<meta property=\"og:image\" content=\"https:\/\/westcoasttriallawyers.com\/wp-content\/uploads\/2025\/07\/Irvine-Accident-Lawyer-Page-1-25.webp\" \/>\n\t<meta property=\"og:image:width\" content=\"557\" \/>\n\t<meta property=\"og:image:height\" content=\"328\" \/>\n\t<meta property=\"og:image:type\" content=\"image\/webp\" \/>\n<meta name=\"twitter:card\" content=\"summary_large_image\" \/>\n<meta name=\"twitter:site\" content=\"@WestCoastTrial\" \/>\n<meta name=\"twitter:label1\" content=\"Tiempo de lectura\" \/>\n\t<meta name=\"twitter:data1\" content=\"5 minutos\" \/>\n<script type=\"application\/ld+json\" class=\"yoast-schema-graph\">{\"@context\":\"https:\/\/schema.org\",\"@graph\":[{\"@type\":[\"WebPage\",\"ItemPage\"],\"@id\":\"https:\/\/westcoasttriallawyers.com\/es\/california\/irvine\/abogado-de-accidentes-de-motocicleta-en-irvine\",\"url\":\"https:\/\/westcoasttriallawyers.com\/es\/california\/irvine\/abogado-de-accidentes-de-motocicleta-en-irvine\",\"name\":\"Abogado de accidentes de motocicleta en Irvine | West Coast Trial Lawyers\",\"isPartOf\":{\"@id\":\"https:\/\/westcoasttriallawyers.com\/es#website\"},\"primaryImageOfPage\":{\"@id\":\"https:\/\/westcoasttriallawyers.com\/es\/california\/irvine\/abogado-de-accidentes-de-motocicleta-en-irvine#primaryimage\"},\"image\":{\"@id\":\"https:\/\/westcoasttriallawyers.com\/es\/california\/irvine\/abogado-de-accidentes-de-motocicleta-en-irvine#primaryimage\"},\"thumbnailUrl\":\"https:\/\/westcoasttriallawyers.com\/wp-content\/uploads\/2025\/07\/Irvine-Accident-Lawyer-Page-1-25.webp\",\"datePublished\":\"2026-01-13T23:31:45+00:00\",\"dateModified\":\"2026-01-21T12:41:57+00:00\",\"breadcrumb\":{\"@id\":\"https:\/\/westcoasttriallawyers.com\/es\/california\/irvine\/abogado-de-accidentes-de-motocicleta-en-irvine#breadcrumb\"},\"inLanguage\":\"es\",\"potentialAction\":[{\"@type\":\"ReadAction\",\"target\":[\"https:\/\/westcoasttriallawyers.com\/es\/california\/irvine\/abogado-de-accidentes-de-motocicleta-en-irvine\"]}]},{\"@type\":\"ImageObject\",\"inLanguage\":\"es\",\"@id\":\"https:\/\/westcoasttriallawyers.com\/es\/california\/irvine\/abogado-de-accidentes-de-motocicleta-en-irvine#primaryimage\",\"url\":\"https:\/\/westcoasttriallawyers.com\/wp-content\/uploads\/2025\/07\/Irvine-Accident-Lawyer-Page-1-25.webp\",\"contentUrl\":\"https:\/\/westcoasttriallawyers.com\/wp-content\/uploads\/2025\/07\/Irvine-Accident-Lawyer-Page-1-25.webp\",\"width\":557,\"height\":328},{\"@type\":\"BreadcrumbList\",\"@id\":\"https:\/\/westcoasttriallawyers.com\/es\/california\/irvine\/abogado-de-accidentes-de-motocicleta-en-irvine#breadcrumb\",\"itemListElement\":[{\"@type\":\"ListItem\",\"position\":1,\"name\":\"Inicio\",\"item\":\"https:\/\/westcoasttriallawyers.com\/es\"},{\"@type\":\"ListItem\",\"position\":2,\"name\":\"California\",\"item\":\"https:\/\/westcoasttriallawyers.com\/es\/california\"},{\"@type\":\"ListItem\",\"position\":3,\"name\":\"Irvine\",\"item\":\"https:\/\/westcoasttriallawyers.com\/es\/california\/irvine\"},{\"@type\":\"ListItem\",\"position\":4,\"name\":\"Abogado de accidentes de motocicleta en Irvine\"}]},{\"@type\":\"WebSite\",\"@id\":\"https:\/\/westcoasttriallawyers.com\/es#website\",\"url\":\"https:\/\/westcoasttriallawyers.com\/es\",\"name\":\"West Coast Trial Lawyers\",\"description\":\"West Coast Trial Lawyers\",\"publisher\":{\"@id\":\"https:\/\/westcoasttriallawyers.com\/es#organization\"},\"alternateName\":\"WCTL\",\"potentialAction\":[{\"@type\":\"SearchAction\",\"target\":{\"@type\":\"EntryPoint\",\"urlTemplate\":\"https:\/\/westcoasttriallawyers.com\/es?s={search_term_string}\"},\"query-input\":{\"@type\":\"PropertyValueSpecification\",\"valueRequired\":true,\"valueName\":\"search_term_string\"}}],\"inLanguage\":\"es\"},{\"@type\":\"Organization\",\"@id\":\"https:\/\/westcoasttriallawyers.com\/es#organization\",\"name\":\"West Coast Trial Lawyers\",\"alternateName\":\"WCTL\",\"url\":\"https:\/\/westcoasttriallawyers.com\/es\",\"logo\":{\"@type\":\"ImageObject\",\"inLanguage\":\"es\",\"@id\":\"https:\/\/westcoasttriallawyers.com\/es#\/schema\/logo\/image\/\",\"url\":\"https:\/\/westcoasttriallawyers.com\/wp-content\/uploads\/2026\/02\/WCTL-Logo.jpg\",\"contentUrl\":\"https:\/\/westcoasttriallawyers.com\/wp-content\/uploads\/2026\/02\/WCTL-Logo.jpg\",\"width\":696,\"height\":696,\"caption\":\"West Coast Trial Lawyers\"},\"image\":{\"@id\":\"https:\/\/westcoasttriallawyers.com\/es#\/schema\/logo\/image\/\"},\"sameAs\":[\"https:\/\/www.facebook.com\/westcoasttriallawyers\/\",\"https:\/\/x.com\/WestCoastTrial\",\"https:\/\/www.linkedin.com\/company\/west-coast-trial-lawyers\/\",\"https:\/\/www.instagram.com\/westcoasttriallawyers\/\",\"https:\/\/www.yelp.com\/biz\/west-coast-trial-lawyers-los-angeles-2\",\"https:\/\/www.pinterest.com\/westcoasttrial\/\",\"https:\/\/www.youtube.com\/westcoasttriallawyersla\/\",\"https:\/\/www.tiktok.com\/westcoasttriallawyers\"],\"description\":\"West Coast Trial Lawyers is a top-rated personal injury law firm with a goal to provide expert legal representation to those in need. The law firm has offices across California, Nevada, Arizona, and Washington.\",\"legalName\":\"West Coast Trial Lawyers\"}]}<\/script>\n<!-- \/ Yoast SEO Premium plugin. -->","yoast_head_json":{"title":"Abogado de accidentes de motocicleta en Irvine | West Coast Trial Lawyers","robots":{"index":"index","follow":"follow","max-snippet":"max-snippet:-1","max-image-preview":"max-image-preview:large","max-video-preview":"max-video-preview:-1"},"canonical":"https:\/\/westcoasttriallawyers.com\/es\/california\/irvine\/abogado-de-accidentes-de-motocicleta-en-irvine","og_locale":"es_ES","og_type":"article","og_title":"Abogado de accidentes de motocicleta en Irvine","og_description":"Obtenga informaci\u00f3n legal de nuestros abogados experimentados en accidentes de motocicleta en Irvine sobre c\u00f3mo probar la responsabilidad en un caso de lesiones personales Ya sea que est\u00e9 conduciendo a casa desde el centro de Irvine hasta Newport Beach o disfrutando de un paseo por PCH con un amigo, un accidente de motocicleta puede cambiar [&hellip;]","og_url":"https:\/\/westcoasttriallawyers.com\/es\/california\/irvine\/abogado-de-accidentes-de-motocicleta-en-irvine","og_site_name":"West Coast Trial Lawyers","article_publisher":"https:\/\/www.facebook.com\/westcoasttriallawyers\/","article_modified_time":"2026-01-21T12:41:57+00:00","og_image":[{"width":557,"height":328,"url":"https:\/\/westcoasttriallawyers.com\/wp-content\/uploads\/2025\/07\/Irvine-Accident-Lawyer-Page-1-25.webp","type":"image\/webp"}],"twitter_card":"summary_large_image","twitter_site":"@WestCoastTrial","twitter_misc":{"Tiempo de lectura":"5 minutos"},"schema":{"@context":"https:\/\/schema.org","@graph":[{"@type":["WebPage","ItemPage"],"@id":"https:\/\/westcoasttriallawyers.com\/es\/california\/irvine\/abogado-de-accidentes-de-motocicleta-en-irvine","url":"https:\/\/westcoasttriallawyers.com\/es\/california\/irvine\/abogado-de-accidentes-de-motocicleta-en-irvine","name":"Abogado de accidentes de motocicleta en Irvine | West Coast Trial Lawyers","isPartOf":{"@id":"https:\/\/westcoasttriallawyers.com\/es#website"},"primaryImageOfPage":{"@id":"https:\/\/westcoasttriallawyers.com\/es\/california\/irvine\/abogado-de-accidentes-de-motocicleta-en-irvine#primaryimage"},"image":{"@id":"https:\/\/westcoasttriallawyers.com\/es\/california\/irvine\/abogado-de-accidentes-de-motocicleta-en-irvine#primaryimage"},"thumbnailUrl":"https:\/\/westcoasttriallawyers.com\/wp-content\/uploads\/2025\/07\/Irvine-Accident-Lawyer-Page-1-25.webp","datePublished":"2026-01-13T23:31:45+00:00","dateModified":"2026-01-21T12:41:57+00:00","breadcrumb":{"@id":"https:\/\/westcoasttriallawyers.com\/es\/california\/irvine\/abogado-de-accidentes-de-motocicleta-en-irvine#breadcrumb"},"inLanguage":"es","potentialAction":[{"@type":"ReadAction","target":["https:\/\/westcoasttriallawyers.com\/es\/california\/irvine\/abogado-de-accidentes-de-motocicleta-en-irvine"]}]},{"@type":"ImageObject","inLanguage":"es","@id":"https:\/\/westcoasttriallawyers.com\/es\/california\/irvine\/abogado-de-accidentes-de-motocicleta-en-irvine#primaryimage","url":"https:\/\/westcoasttriallawyers.com\/wp-content\/uploads\/2025\/07\/Irvine-Accident-Lawyer-Page-1-25.webp","contentUrl":"https:\/\/westcoasttriallawyers.com\/wp-content\/uploads\/2025\/07\/Irvine-Accident-Lawyer-Page-1-25.webp","width":557,"height":328},{"@type":"BreadcrumbList","@id":"https:\/\/westcoasttriallawyers.com\/es\/california\/irvine\/abogado-de-accidentes-de-motocicleta-en-irvine#breadcrumb","itemListElement":[{"@type":"ListItem","position":1,"name":"Inicio","item":"https:\/\/westcoasttriallawyers.com\/es"},{"@type":"ListItem","position":2,"name":"California","item":"https:\/\/westcoasttriallawyers.com\/es\/california"},{"@type":"ListItem","position":3,"name":"Irvine","item":"https:\/\/westcoasttriallawyers.com\/es\/california\/irvine"},{"@type":"ListItem","position":4,"name":"Abogado de accidentes de motocicleta en Irvine"}]},{"@type":"WebSite","@id":"https:\/\/westcoasttriallawyers.com\/es#website","url":"https:\/\/westcoasttriallawyers.com\/es","name":"West Coast Trial Lawyers","description":"West Coast Trial Lawyers","publisher":{"@id":"https:\/\/westcoasttriallawyers.com\/es#organization"},"alternateName":"WCTL","potentialAction":[{"@type":"SearchAction","target":{"@type":"EntryPoint","urlTemplate":"https:\/\/westcoasttriallawyers.com\/es?s={search_term_string}"},"query-input":{"@type":"PropertyValueSpecification","valueRequired":true,"valueName":"search_term_string"}}],"inLanguage":"es"},{"@type":"Organization","@id":"https:\/\/westcoasttriallawyers.com\/es#organization","name":"West Coast Trial Lawyers","alternateName":"WCTL","url":"https:\/\/westcoasttriallawyers.com\/es","logo":{"@type":"ImageObject","inLanguage":"es","@id":"https:\/\/westcoasttriallawyers.com\/es#\/schema\/logo\/image\/","url":"https:\/\/westcoasttriallawyers.com\/wp-content\/uploads\/2026\/02\/WCTL-Logo.jpg","contentUrl":"https:\/\/westcoasttriallawyers.com\/wp-content\/uploads\/2026\/02\/WCTL-Logo.jpg","width":696,"height":696,"caption":"West Coast Trial Lawyers"},"image":{"@id":"https:\/\/westcoasttriallawyers.com\/es#\/schema\/logo\/image\/"},"sameAs":["https:\/\/www.facebook.com\/westcoasttriallawyers\/","https:\/\/x.com\/WestCoastTrial","https:\/\/www.linkedin.com\/company\/west-coast-trial-lawyers\/","https:\/\/www.instagram.com\/westcoasttriallawyers\/","https:\/\/www.yelp.com\/biz\/west-coast-trial-lawyers-los-angeles-2","https:\/\/www.pinterest.com\/westcoasttrial\/","https:\/\/www.youtube.com\/westcoasttriallawyersla\/","https:\/\/www.tiktok.com\/westcoasttriallawyers"],"description":"West Coast Trial Lawyers is a top-rated personal injury law firm with a goal to provide expert legal representation to those in need. The law firm has offices across California, Nevada, Arizona, and Washington.","legalName":"West Coast Trial Lawyers"}]}},"_links":{"self":[{"href":"https:\/\/westcoasttriallawyers.com\/es\/wp-json\/wp\/v2\/pages\/13089","targetHints":{"allow":["GET"]}}],"collection":[{"href":"https:\/\/westcoasttriallawyers.com\/es\/wp-json\/wp\/v2\/pages"}],"about":[{"href":"https:\/\/westcoasttriallawyers.com\/es\/wp-json\/wp\/v2\/types\/page"}],"author":[{"embeddable":true,"href":"https:\/\/westcoasttriallawyers.com\/es\/wp-json\/wp\/v2\/users\/475"}],"replies":[{"embeddable":true,"href":"https:\/\/westcoasttriallawyers.com\/es\/wp-json\/wp\/v2\/comments?post=13089"}],"version-history":[{"count":3,"href":"https:\/\/westcoasttriallawyers.com\/es\/wp-json\/wp\/v2\/pages\/13089\/revisions"}],"predecessor-version":[{"id":47670,"href":"https:\/\/westcoasttriallawyers.com\/es\/wp-json\/wp\/v2\/pages\/13089\/revisions\/47670"}],"up":[{"embeddable":true,"href":"https:\/\/westcoasttriallawyers.com\/es\/wp-json\/wp\/v2\/pages\/47388"}],"wp:featuredmedia":[{"embeddable":true,"href":"https:\/\/westcoasttriallawyers.com\/es\/wp-json\/wp\/v2\/media\/45886"}],"wp:attachment":[{"href":"https:\/\/westcoasttriallawyers.com\/es\/wp-json\/wp\/v2\/media?parent=13089"}],"curies":[{"name":"wp","href":"https:\/\/api.w.org\/{rel}","templated":true}]}}