{"id":13084,"date":"2026-01-13T23:31:46","date_gmt":"2026-01-13T23:31:46","guid":{"rendered":"https:\/\/wctl1stg.wpengine.com\/?page_id=13084"},"modified":"2026-01-21T12:29:20","modified_gmt":"2026-01-21T12:29:20","slug":"abogado-de-accidentes-de-autobus-en-irvine","status":"publish","type":"page","link":"https:\/\/westcoasttriallawyers.com\/es\/california\/irvine\/abogado-de-accidentes-de-autobus-en-irvine","title":{"rendered":"Abogado de accidentes de autob\u00fas en Irvine"},"content":{"rendered":"<h2><strong>\u00bfQu\u00e9 partes pueden ser consideradas responsables por un accidente de autob\u00fas?<\/strong><\/h2>\n<p>Los reclamos por accidentes de autob\u00fas son complejos porque generalmente incluyen un reclamo contra una entidad gubernamental. Estos tipos de reclamos necesariamente involucran requisitos legales \u00fanicos y estatutos de limitaci\u00f3n que son mejor manejados por un abogado con experiencia en accidentes de autob\u00fas en Irvine. Sin embargo, lo m\u00e1s importante que debe entender es que cuando un conductor de autob\u00fas negligente causa un accidente de autob\u00fas, la v\u00edctima tiene derecho a presentar una demanda contra la entidad gubernamental responsable de operar esa l\u00ednea de autob\u00fas espec\u00edfica.<\/p>\n<p>Los reclamos por accidentes de autob\u00fas son diferentes de la mayor\u00eda de los reclamos por lesiones personales en el estado de California, que generalmente tienen un estatuto de limitaciones de 2 a\u00f1os. En su mayor parte, este tipo de reclamos deben presentarse al gobierno dentro de los 6 meses posteriores al accidente. No presentar un reclamo dentro de los 6 meses posteriores a un accidente de autob\u00fas significa que la v\u00edctima de un accidente de autob\u00fas puede no ser elegible para recibir da\u00f1os. No permitas que eso suceda.<\/p>\n<p>Si sufri\u00f3 lesiones despu\u00e9s de un accidente de autob\u00fas en la ciudad de Irvine debido a la negligencia de alguien, puede tener derecho a una compensaci\u00f3n por sus facturas m\u00e9dicas, salarios perdidos, dolor y sufrimiento, y posiblemente m\u00e1s. En West Coast Trial Lawyers, nuestros abogados de accidentes de autob\u00fas en Irvine tienen m\u00e1s de 60 a\u00f1os de experiencia legal colectiva en el manejo de casos de lesiones personales. Con nuestro historial de recuperaci\u00f3n de m\u00e1s de $1 mil millones en acuerdos para nuestros clientes, hemos sido reconocidos como uno de los principales bufetes de abogados de lesiones personales en Irvine.<\/p>\n<p>No dude en comunicarse con nuestro equipo legal las 24 horas, los 7 d\u00edas de la semana llamando al&nbsp;<strong>213-927-3700<\/strong> o enviando un correo electr\u00f3nico a<strong>&nbsp;<\/strong><a href=\"mailto:info@westcoasttriallawyers.com\"><strong>info@westcoasttriallawyers.com<\/strong><\/a> para programar una consulta gratuita en nuestro bufete de abogados de lesiones personales de Irvine.<\/p>\n<h2><strong>El papel de un transportista com\u00fan<\/strong><\/h2>\n<p>De acuerdo con el C\u00f3digo Civil de California, \u201cun transportista de personas por recompensa debe usar el mayor cuidado y diligencia para su transporte seguro, debe proporcionar todo lo necesario para ese fin y debe ejercer un grado razonable de habilidad para ese fin\u201d.<\/p>\n<p>Esto significa que los conductores de autobuses que son responsables del transporte de personas tendr\u00e1n un deber de cuidado mucho mayor que otros conductores. Como se mencion\u00f3 anteriormente, generalmente se considera que un operador de autobuses comerciales es un transportista com\u00fan. Un transportista com\u00fan es cualquier tipo de empresa responsable del transporte de personas o bienes con fines lucrativos.<\/p>\n<h2><strong>Presentar un reclamo por accidente de autob\u00fas<\/strong><\/h2>\n<p>Los conductores de autom\u00f3viles negligentes son uno de los factores m\u00e1s comunes de un accidente de autob\u00fas. Sin embargo, los conductores de autobuses y las empresas de autobuses tambi\u00e9n pueden contribuir a la causa de un accidente debido a acciones imprudentes, como:<\/p>\n<ul>\n<li><strong>Distracci\u00f3n.&nbsp;<\/strong>Una distracci\u00f3n com\u00fan es el uso del tel\u00e9fono celular. Desafortunadamente, un conductor de autob\u00fas puede optar por mirar su tel\u00e9fono mientras conduce, lo que puede aumentar en gran medida las posibilidades de colisi\u00f3n con otro veh\u00edculo, peat\u00f3n u objeto.<\/li>\n<li><strong>Exceso de velocidad.&nbsp;<\/strong>No respetar las leyes de l\u00edmite de velocidad solo puede aumentar las posibilidades de un accidente de autob\u00fas. Los conductores de autobuses est\u00e1n bajo mucha presi\u00f3n para mantener un horario apretado y la tentaci\u00f3n de acelerar es grande, especialmente cuando enfrentan demoras y mucho tr\u00e1fico.<\/li>\n<li><strong>Fatiga.<\/strong> Los conductores de autobuses tienen un deber de cuidado mucho mayor para mantenerse alerta cuando operan un autob\u00fas, especialmente con tantas personas a bordo que est\u00e1n bajo su cuidado. Aquellos que tienen sue\u00f1o o est\u00e1n fatigados durante un viaje pueden poner en peligro a los pasajeros y otros conductores cercanos.<\/li>\n<li><strong>Conducir bajo la influencia.<\/strong> Un conductor de autob\u00fas que ha consumido drogas o alcohol antes o en medio de un turno de trabajo exhibe un comportamiento ego\u00edsta y negligente que pone en peligro a varios otros. El consumo de drogas o alcohol hace que sea casi imposible prestar atenci\u00f3n a la carretera. La Administraci\u00f3n Federal de Seguridad de Autotransportes (FMCSA) hace cumplir pautas muy estrictas para los conductores de autobuses. Un conductor de autob\u00fas que viole estas reglas estrictas sobre sustancias probablemente estar\u00e1 sujeto a duras consecuencias.<\/li>\n<li><strong>Autobuses defectuosos.<\/strong> Un conductor de autob\u00fas no es la \u00fanica entidad que puede ser culpable de negligencia. Las empresas de autobuses est\u00e1n obligadas a mantener un alto nivel de seguridad mec\u00e1nica con respecto a sus autobuses. Las compa\u00f1\u00edas de autobuses deben realizar controles de seguridad de rutina para asegurarse de que cada uno de sus autobuses cumpla con los est\u00e1ndares de servicio de transporte.<\/li>\n<\/ul>\n<h2><strong>Los abogados litigantes de la costa oeste siempre est\u00e1n aqu\u00ed para ayudar<\/strong><\/h2>\n<p>Si ha sufrido lesiones en un accidente de autob\u00fas como resultado de la negligencia de alguien o actos deliberados de malicia, tiene derecho a responsabilizar a la parte culpable por sus p\u00e9rdidas. Un abogado de accidentes de autob\u00fas de Irvine en West Coast Trial Lawyers puede ayudarlo a recuperar una compensaci\u00f3n por las p\u00e9rdidas que ha sufrido.<\/p>\n<p>Ll\u00e1menos hoy al&nbsp;<strong>213-927-3700<\/strong> o env\u00ede un correo electr\u00f3nico a&nbsp;<a href=\"mailto:info@westcoasttriallawyers.com\"><strong>info@westcoasttriallawyers.com<\/strong><\/a> para programar una consulta gratuita con nuestro equipo legal experimentado, atento y compasivo.<br \/>\n<!-- WCTL_DEBUG: no shortcode in this_content --><\/p>\n","protected":false},"excerpt":{"rendered":"<p>\u00bfQu\u00e9 partes pueden ser consideradas responsables por un accidente de autob\u00fas? Los reclamos por accidentes de autob\u00fas son complejos porque generalmente incluyen un reclamo contra una entidad gubernamental. Estos tipos de reclamos necesariamente involucran requisitos legales \u00fanicos y estatutos de limitaci\u00f3n que son mejor manejados por un abogado con experiencia en accidentes de autob\u00fas en [&hellip;]<\/p>\n","protected":false},"author":475,"featured_media":45891,"parent":47388,"menu_order":0,"comment_status":"closed","ping_status":"closed","template":"","meta":{"inline_featured_image":false,"footnotes":""},"class_list":["post-13084","page","type-page","status-publish","has-post-thumbnail","hentry"],"acf":[],"yoast_head":"<!-- This site is optimized with the Yoast SEO Premium plugin v26.0 (Yoast SEO v26.0) - https:\/\/yoast.com\/wordpress\/plugins\/seo\/ -->\n<title>Abogado de accidentes de autob\u00fas en Irvine | West Coast Trial Lawyers<\/title>\n<meta name=\"robots\" content=\"index, follow, max-snippet:-1, max-image-preview:large, max-video-preview:-1\" \/>\n<link rel=\"canonical\" href=\"https:\/\/westcoasttriallawyers.com\/es\/california\/irvine\/abogado-de-accidentes-de-autobus-en-irvine\" \/>\n<meta property=\"og:locale\" content=\"es_ES\" \/>\n<meta property=\"og:type\" content=\"article\" \/>\n<meta property=\"og:title\" content=\"Abogado de accidentes de autob\u00fas en Irvine\" \/>\n<meta property=\"og:description\" content=\"\u00bfQu\u00e9 partes pueden ser consideradas responsables por un accidente de autob\u00fas? Los reclamos por accidentes de autob\u00fas son complejos porque generalmente incluyen un reclamo contra una entidad gubernamental. Estos tipos de reclamos necesariamente involucran requisitos legales \u00fanicos y estatutos de limitaci\u00f3n que son mejor manejados por un abogado con experiencia en accidentes de autob\u00fas en [&hellip;]\" \/>\n<meta property=\"og:url\" content=\"https:\/\/westcoasttriallawyers.com\/es\/california\/irvine\/abogado-de-accidentes-de-autobus-en-irvine\" \/>\n<meta property=\"og:site_name\" content=\"West Coast Trial Lawyers\" \/>\n<meta property=\"article:publisher\" content=\"https:\/\/www.facebook.com\/westcoasttriallawyers\/\" \/>\n<meta property=\"article:modified_time\" content=\"2026-01-21T12:29:20+00:00\" \/>\n<meta property=\"og:image\" content=\"https:\/\/westcoasttriallawyers.com\/wp-content\/uploads\/2025\/07\/Irvine-Accident-Lawyer-Page-1-27.webp\" \/>\n\t<meta property=\"og:image:width\" content=\"557\" \/>\n\t<meta property=\"og:image:height\" content=\"328\" \/>\n\t<meta property=\"og:image:type\" content=\"image\/webp\" \/>\n<meta name=\"twitter:card\" content=\"summary_large_image\" \/>\n<meta name=\"twitter:site\" content=\"@WestCoastTrial\" \/>\n<meta name=\"twitter:label1\" content=\"Tiempo de lectura\" \/>\n\t<meta name=\"twitter:data1\" content=\"4 minutos\" \/>\n<script type=\"application\/ld+json\" class=\"yoast-schema-graph\">{\"@context\":\"https:\/\/schema.org\",\"@graph\":[{\"@type\":[\"WebPage\",\"ItemPage\"],\"@id\":\"https:\/\/westcoasttriallawyers.com\/es\/california\/irvine\/abogado-de-accidentes-de-autobus-en-irvine\",\"url\":\"https:\/\/westcoasttriallawyers.com\/es\/california\/irvine\/abogado-de-accidentes-de-autobus-en-irvine\",\"name\":\"Abogado de accidentes de autob\u00fas en Irvine | West Coast Trial Lawyers\",\"isPartOf\":{\"@id\":\"https:\/\/westcoasttriallawyers.com\/es#website\"},\"primaryImageOfPage\":{\"@id\":\"https:\/\/westcoasttriallawyers.com\/es\/california\/irvine\/abogado-de-accidentes-de-autobus-en-irvine#primaryimage\"},\"image\":{\"@id\":\"https:\/\/westcoasttriallawyers.com\/es\/california\/irvine\/abogado-de-accidentes-de-autobus-en-irvine#primaryimage\"},\"thumbnailUrl\":\"https:\/\/westcoasttriallawyers.com\/wp-content\/uploads\/2025\/07\/Irvine-Accident-Lawyer-Page-1-27.webp\",\"datePublished\":\"2026-01-13T23:31:46+00:00\",\"dateModified\":\"2026-01-21T12:29:20+00:00\",\"breadcrumb\":{\"@id\":\"https:\/\/westcoasttriallawyers.com\/es\/california\/irvine\/abogado-de-accidentes-de-autobus-en-irvine#breadcrumb\"},\"inLanguage\":\"es\",\"potentialAction\":[{\"@type\":\"ReadAction\",\"target\":[\"https:\/\/westcoasttriallawyers.com\/es\/california\/irvine\/abogado-de-accidentes-de-autobus-en-irvine\"]}]},{\"@type\":\"ImageObject\",\"inLanguage\":\"es\",\"@id\":\"https:\/\/westcoasttriallawyers.com\/es\/california\/irvine\/abogado-de-accidentes-de-autobus-en-irvine#primaryimage\",\"url\":\"https:\/\/westcoasttriallawyers.com\/wp-content\/uploads\/2025\/07\/Irvine-Accident-Lawyer-Page-1-27.webp\",\"contentUrl\":\"https:\/\/westcoasttriallawyers.com\/wp-content\/uploads\/2025\/07\/Irvine-Accident-Lawyer-Page-1-27.webp\",\"width\":557,\"height\":328},{\"@type\":\"BreadcrumbList\",\"@id\":\"https:\/\/westcoasttriallawyers.com\/es\/california\/irvine\/abogado-de-accidentes-de-autobus-en-irvine#breadcrumb\",\"itemListElement\":[{\"@type\":\"ListItem\",\"position\":1,\"name\":\"Inicio\",\"item\":\"https:\/\/westcoasttriallawyers.com\/es\"},{\"@type\":\"ListItem\",\"position\":2,\"name\":\"California\",\"item\":\"https:\/\/westcoasttriallawyers.com\/es\/california\"},{\"@type\":\"ListItem\",\"position\":3,\"name\":\"Irvine\",\"item\":\"https:\/\/westcoasttriallawyers.com\/es\/california\/irvine\"},{\"@type\":\"ListItem\",\"position\":4,\"name\":\"Abogado de accidentes de autob\u00fas en Irvine\"}]},{\"@type\":\"WebSite\",\"@id\":\"https:\/\/westcoasttriallawyers.com\/es#website\",\"url\":\"https:\/\/westcoasttriallawyers.com\/es\",\"name\":\"West Coast Trial Lawyers\",\"description\":\"West Coast Trial Lawyers\",\"publisher\":{\"@id\":\"https:\/\/westcoasttriallawyers.com\/es#organization\"},\"alternateName\":\"WCTL\",\"potentialAction\":[{\"@type\":\"SearchAction\",\"target\":{\"@type\":\"EntryPoint\",\"urlTemplate\":\"https:\/\/westcoasttriallawyers.com\/es?s={search_term_string}\"},\"query-input\":{\"@type\":\"PropertyValueSpecification\",\"valueRequired\":true,\"valueName\":\"search_term_string\"}}],\"inLanguage\":\"es\"},{\"@type\":\"Organization\",\"@id\":\"https:\/\/westcoasttriallawyers.com\/es#organization\",\"name\":\"West Coast Trial Lawyers\",\"alternateName\":\"WCTL\",\"url\":\"https:\/\/westcoasttriallawyers.com\/es\",\"logo\":{\"@type\":\"ImageObject\",\"inLanguage\":\"es\",\"@id\":\"https:\/\/westcoasttriallawyers.com\/es#\/schema\/logo\/image\/\",\"url\":\"https:\/\/westcoasttriallawyers.com\/wp-content\/uploads\/2026\/02\/WCTL-Logo.jpg\",\"contentUrl\":\"https:\/\/westcoasttriallawyers.com\/wp-content\/uploads\/2026\/02\/WCTL-Logo.jpg\",\"width\":696,\"height\":696,\"caption\":\"West Coast Trial Lawyers\"},\"image\":{\"@id\":\"https:\/\/westcoasttriallawyers.com\/es#\/schema\/logo\/image\/\"},\"sameAs\":[\"https:\/\/www.facebook.com\/westcoasttriallawyers\/\",\"https:\/\/x.com\/WestCoastTrial\",\"https:\/\/www.linkedin.com\/company\/west-coast-trial-lawyers\/\",\"https:\/\/www.instagram.com\/westcoasttriallawyers\/\",\"https:\/\/www.yelp.com\/biz\/west-coast-trial-lawyers-los-angeles-2\",\"https:\/\/www.pinterest.com\/westcoasttrial\/\",\"https:\/\/www.youtube.com\/westcoasttriallawyersla\/\",\"https:\/\/www.tiktok.com\/westcoasttriallawyers\"],\"description\":\"West Coast Trial Lawyers is a top-rated personal injury law firm with a goal to provide expert legal representation to those in need. The law firm has offices across California, Nevada, Arizona, and Washington.\",\"legalName\":\"West Coast Trial Lawyers\"}]}<\/script>\n<!-- \/ Yoast SEO Premium plugin. -->","yoast_head_json":{"title":"Abogado de accidentes de autob\u00fas en Irvine | West Coast Trial Lawyers","robots":{"index":"index","follow":"follow","max-snippet":"max-snippet:-1","max-image-preview":"max-image-preview:large","max-video-preview":"max-video-preview:-1"},"canonical":"https:\/\/westcoasttriallawyers.com\/es\/california\/irvine\/abogado-de-accidentes-de-autobus-en-irvine","og_locale":"es_ES","og_type":"article","og_title":"Abogado de accidentes de autob\u00fas en Irvine","og_description":"\u00bfQu\u00e9 partes pueden ser consideradas responsables por un accidente de autob\u00fas? Los reclamos por accidentes de autob\u00fas son complejos porque generalmente incluyen un reclamo contra una entidad gubernamental. Estos tipos de reclamos necesariamente involucran requisitos legales \u00fanicos y estatutos de limitaci\u00f3n que son mejor manejados por un abogado con experiencia en accidentes de autob\u00fas en [&hellip;]","og_url":"https:\/\/westcoasttriallawyers.com\/es\/california\/irvine\/abogado-de-accidentes-de-autobus-en-irvine","og_site_name":"West Coast Trial Lawyers","article_publisher":"https:\/\/www.facebook.com\/westcoasttriallawyers\/","article_modified_time":"2026-01-21T12:29:20+00:00","og_image":[{"width":557,"height":328,"url":"https:\/\/westcoasttriallawyers.com\/wp-content\/uploads\/2025\/07\/Irvine-Accident-Lawyer-Page-1-27.webp","type":"image\/webp"}],"twitter_card":"summary_large_image","twitter_site":"@WestCoastTrial","twitter_misc":{"Tiempo de lectura":"4 minutos"},"schema":{"@context":"https:\/\/schema.org","@graph":[{"@type":["WebPage","ItemPage"],"@id":"https:\/\/westcoasttriallawyers.com\/es\/california\/irvine\/abogado-de-accidentes-de-autobus-en-irvine","url":"https:\/\/westcoasttriallawyers.com\/es\/california\/irvine\/abogado-de-accidentes-de-autobus-en-irvine","name":"Abogado de accidentes de autob\u00fas en Irvine | West Coast Trial Lawyers","isPartOf":{"@id":"https:\/\/westcoasttriallawyers.com\/es#website"},"primaryImageOfPage":{"@id":"https:\/\/westcoasttriallawyers.com\/es\/california\/irvine\/abogado-de-accidentes-de-autobus-en-irvine#primaryimage"},"image":{"@id":"https:\/\/westcoasttriallawyers.com\/es\/california\/irvine\/abogado-de-accidentes-de-autobus-en-irvine#primaryimage"},"thumbnailUrl":"https:\/\/westcoasttriallawyers.com\/wp-content\/uploads\/2025\/07\/Irvine-Accident-Lawyer-Page-1-27.webp","datePublished":"2026-01-13T23:31:46+00:00","dateModified":"2026-01-21T12:29:20+00:00","breadcrumb":{"@id":"https:\/\/westcoasttriallawyers.com\/es\/california\/irvine\/abogado-de-accidentes-de-autobus-en-irvine#breadcrumb"},"inLanguage":"es","potentialAction":[{"@type":"ReadAction","target":["https:\/\/westcoasttriallawyers.com\/es\/california\/irvine\/abogado-de-accidentes-de-autobus-en-irvine"]}]},{"@type":"ImageObject","inLanguage":"es","@id":"https:\/\/westcoasttriallawyers.com\/es\/california\/irvine\/abogado-de-accidentes-de-autobus-en-irvine#primaryimage","url":"https:\/\/westcoasttriallawyers.com\/wp-content\/uploads\/2025\/07\/Irvine-Accident-Lawyer-Page-1-27.webp","contentUrl":"https:\/\/westcoasttriallawyers.com\/wp-content\/uploads\/2025\/07\/Irvine-Accident-Lawyer-Page-1-27.webp","width":557,"height":328},{"@type":"BreadcrumbList","@id":"https:\/\/westcoasttriallawyers.com\/es\/california\/irvine\/abogado-de-accidentes-de-autobus-en-irvine#breadcrumb","itemListElement":[{"@type":"ListItem","position":1,"name":"Inicio","item":"https:\/\/westcoasttriallawyers.com\/es"},{"@type":"ListItem","position":2,"name":"California","item":"https:\/\/westcoasttriallawyers.com\/es\/california"},{"@type":"ListItem","position":3,"name":"Irvine","item":"https:\/\/westcoasttriallawyers.com\/es\/california\/irvine"},{"@type":"ListItem","position":4,"name":"Abogado de accidentes de autob\u00fas en Irvine"}]},{"@type":"WebSite","@id":"https:\/\/westcoasttriallawyers.com\/es#website","url":"https:\/\/westcoasttriallawyers.com\/es","name":"West Coast Trial Lawyers","description":"West Coast Trial Lawyers","publisher":{"@id":"https:\/\/westcoasttriallawyers.com\/es#organization"},"alternateName":"WCTL","potentialAction":[{"@type":"SearchAction","target":{"@type":"EntryPoint","urlTemplate":"https:\/\/westcoasttriallawyers.com\/es?s={search_term_string}"},"query-input":{"@type":"PropertyValueSpecification","valueRequired":true,"valueName":"search_term_string"}}],"inLanguage":"es"},{"@type":"Organization","@id":"https:\/\/westcoasttriallawyers.com\/es#organization","name":"West Coast Trial Lawyers","alternateName":"WCTL","url":"https:\/\/westcoasttriallawyers.com\/es","logo":{"@type":"ImageObject","inLanguage":"es","@id":"https:\/\/westcoasttriallawyers.com\/es#\/schema\/logo\/image\/","url":"https:\/\/westcoasttriallawyers.com\/wp-content\/uploads\/2026\/02\/WCTL-Logo.jpg","contentUrl":"https:\/\/westcoasttriallawyers.com\/wp-content\/uploads\/2026\/02\/WCTL-Logo.jpg","width":696,"height":696,"caption":"West Coast Trial Lawyers"},"image":{"@id":"https:\/\/westcoasttriallawyers.com\/es#\/schema\/logo\/image\/"},"sameAs":["https:\/\/www.facebook.com\/westcoasttriallawyers\/","https:\/\/x.com\/WestCoastTrial","https:\/\/www.linkedin.com\/company\/west-coast-trial-lawyers\/","https:\/\/www.instagram.com\/westcoasttriallawyers\/","https:\/\/www.yelp.com\/biz\/west-coast-trial-lawyers-los-angeles-2","https:\/\/www.pinterest.com\/westcoasttrial\/","https:\/\/www.youtube.com\/westcoasttriallawyersla\/","https:\/\/www.tiktok.com\/westcoasttriallawyers"],"description":"West Coast Trial Lawyers is a top-rated personal injury law firm with a goal to provide expert legal representation to those in need. The law firm has offices across California, Nevada, Arizona, and Washington.","legalName":"West Coast Trial Lawyers"}]}},"_links":{"self":[{"href":"https:\/\/westcoasttriallawyers.com\/es\/wp-json\/wp\/v2\/pages\/13084","targetHints":{"allow":["GET"]}}],"collection":[{"href":"https:\/\/westcoasttriallawyers.com\/es\/wp-json\/wp\/v2\/pages"}],"about":[{"href":"https:\/\/westcoasttriallawyers.com\/es\/wp-json\/wp\/v2\/types\/page"}],"author":[{"embeddable":true,"href":"https:\/\/westcoasttriallawyers.com\/es\/wp-json\/wp\/v2\/users\/475"}],"replies":[{"embeddable":true,"href":"https:\/\/westcoasttriallawyers.com\/es\/wp-json\/wp\/v2\/comments?post=13084"}],"version-history":[{"count":3,"href":"https:\/\/westcoasttriallawyers.com\/es\/wp-json\/wp\/v2\/pages\/13084\/revisions"}],"predecessor-version":[{"id":47661,"href":"https:\/\/westcoasttriallawyers.com\/es\/wp-json\/wp\/v2\/pages\/13084\/revisions\/47661"}],"up":[{"embeddable":true,"href":"https:\/\/westcoasttriallawyers.com\/es\/wp-json\/wp\/v2\/pages\/47388"}],"wp:featuredmedia":[{"embeddable":true,"href":"https:\/\/westcoasttriallawyers.com\/es\/wp-json\/wp\/v2\/media\/45891"}],"wp:attachment":[{"href":"https:\/\/westcoasttriallawyers.com\/es\/wp-json\/wp\/v2\/media?parent=13084"}],"curies":[{"name":"wp","href":"https:\/\/api.w.org\/{rel}","templated":true}]}}