{"id":13082,"date":"2026-01-13T23:31:35","date_gmt":"2026-01-13T23:31:35","guid":{"rendered":"https:\/\/wctl1stg.wpengine.com\/?page_id=13082"},"modified":"2026-01-23T19:43:39","modified_gmt":"2026-01-23T19:43:39","slug":"abogados-muerte-injusta-irvine","status":"publish","type":"page","link":"https:\/\/westcoasttriallawyers.com\/es\/california\/irvine\/abogados-muerte-injusta-irvine","title":{"rendered":"Abogado de muerte por negligencia de Irvine"},"content":{"rendered":"<p><\/p>\r\n<h2 class=\"wp-block-heading\"><strong>\u00bfC\u00f3mo puede una asunci\u00f3n de riesgo afectar la responsabilidad en un caso de muerte por negligencia?<\/strong><\/h2>\r\n<p>Si ha experimentado la muerte injusta de un ser querido, acepte nuestras m\u00e1s sinceras condolencias. Es absolutamente normal tener preguntas, inquietudes y estr\u00e9s en este momento. La muerte por negligencia puede ser causada por un accidente automovil\u00edstico, negligencia m\u00e9dica, negligencia policial y muchos otros factores. Sin embargo, cada vez que ocurre una muerte por negligencia, los herederos de la v\u00edctima tienen derecho a recuperar una compensaci\u00f3n por da\u00f1os econ\u00f3micos y no econ\u00f3micos.<\/p>\r\n<p>Una persona que perdi\u00f3 la vida ya no puede presentar un reclamo en su propio nombre. Un reclamo por muerte por negligencia le da a ciertos miembros de la familia la oportunidad de buscar justicia y compensaci\u00f3n en nombre de su ser querido perdido. Estas demandas son diferentes de las demandas por lesiones personales porque las presentan exclusivamente los sobrevivientes de una persona que fue asesinada injustamente.<\/p>\r\n<p>Si ha perdido a un ser querido en la ciudad de Irvine debido a la negligencia de alguien, puede tener derecho a una compensaci\u00f3n. En West Coast Trial Lawyers, nuestros abogados experimentados en muerte por negligencia de Irvine tienen m\u00e1s de 60 a\u00f1os de experiencia legal colectiva en el manejo de casos de lesiones personales. Con nuestro historial de recuperaci\u00f3n de m\u00e1s de $1 mil millones en acuerdos para nuestros clientes, hemos sido clasificados como uno de los principales bufetes de abogados de lesiones personales en Irvine.<\/p>\r\n<p>No dude en comunicarse con nuestro equipo legal las 24 horas, los 7 d\u00edas de la semana llamando al\u00a0<strong>213-927-3700<\/strong> o enviando un correo electr\u00f3nico a\u00a0<a href=\"mailto:info@westcoasttriallawyers.com\"><strong>info@westcoasttriallawyers.com<\/strong><\/a> para programar una consulta gratuita en nuestro bufete de abogados de lesiones personales de Irvine.<\/p>\r\n<h2><strong>\u00bfQu\u00e9 es una suposici\u00f3n de riesgo?<\/strong><\/h2>\r\n<p>Esta es una consideraci\u00f3n clave despu\u00e9s de una muerte por negligencia. Una \u00abasunci\u00f3n de riesgo\u00bb b\u00e1sicamente significa que una persona es consciente de un peligro involucrado en una actividad, pero sigue adelante y se arriesga, sabiendo que puede resultar herido en el proceso. Un boxeador, por ejemplo, asume el riesgo de pisar un ring de boxeo y es consciente de que puede resultar gravemente herido o incluso morir.<\/p>\r\n<p>Por ejemplo, supongamos que un boxeador sufre una lesi\u00f3n cerebral grave despu\u00e9s de un combate de boxeo. Ese boxeador no puede entonces demandar por da\u00f1os y perjuicios despu\u00e9s de haber sido lesionado porque \u00e9l o ella era consciente de los riesgos involucrados. Es importante entender que alguien que se involucra en ciertos deportes extremos y actividades de alto riesgo no siempre podr\u00e1 demandar por da\u00f1os y perjuicios. Por lo general, las actividades que conllevan una asunci\u00f3n de riesgo incluyen una renuncia firmada, pero no siempre. De cualquier manera, los familiares sobrevivientes de alguien que muri\u00f3 despu\u00e9s de participar en una actividad que inclu\u00eda una suposici\u00f3n de riesgo no pueden presentar un reclamo por muerte injusta.<\/p>\r\n<h2><strong>Tipos de casos de muerte por negligencia que podemos manejar<\/strong><\/h2>\r\n<p>Ahora que hemos cubierto el papel que puede desempe\u00f1ar una suposici\u00f3n de riesgo en la limitaci\u00f3n de la capacidad de los familiares sobrevivientes para presentar un reclamo por muerte injusta, examinemos algunos de los reclamos por muerte injusta que nuestros abogados con experiencia en muerte injusta de Irvine pueden presentar en su nombre.<\/p>\r\n<ul>\r\n<li><strong>Muerte Injusta de un Ni\u00f1o:<\/strong> Determinar una cantidad en d\u00f3lares por da\u00f1os cuando un adulto muere no es dif\u00edcil. Por ejemplo, los da\u00f1os implicar\u00e1n una compensaci\u00f3n por las ganancias financieras y el apoyo emocional que el difunto habr\u00eda brindado a su c\u00f3nyuge\/pareja de hecho registrada y\/o hijos si hubieran sobrevivido. Cuando se trata de la p\u00e9rdida de un hijo, los padres pueden recuperar da\u00f1os econ\u00f3micos y no econ\u00f3micos.\r\n<ul>\r\n<li><strong>Da\u00f1os econ\u00f3micos.<\/strong> \u00bfC\u00f3mo determina un tribunal el monto en d\u00f3lares de las p\u00e9rdidas financieras? Considerar\u00e1, para empezar, la relaci\u00f3n que ten\u00eda el ni\u00f1o fallecido con quienes presentaron una demanda por muerte injusta; la edad, la salud y las circunstancias generales de quienes presentan un reclamo por muerte injusta; sexo, edad, esperanza de vida y h\u00e1bitos generales del hijo fallecido; y el potencial de ingresos del ni\u00f1o fallecido.<\/li>\r\n<li><strong>Da\u00f1os no econ\u00f3micos.<\/strong> No existe un est\u00e1ndar fijo para determinar una cantidad justa de compensaci\u00f3n por costos intangibles. Se espera que use su propio juicio para determinar la cobertura justa por la p\u00e9rdida del amor, la comodidad, el cuidado, el compa\u00f1erismo, el apoyo moral, el afecto y la protecci\u00f3n de un ni\u00f1o.<\/li>\r\n<\/ul>\r\n<\/li>\r\n<li><strong>Muerte por negligencia que involucre a la polic\u00eda:\u00a0<\/strong>una demanda por muerte por negligencia que se presente contra el departamento de polic\u00eda de la ciudad de Irvine ser\u00e1 duramente combatida. Estos reclamos tienen el potencial de resolverse r\u00e1pidamente, especialmente cuando el departamento de polic\u00eda quiere evitar la mala publicidad. Las demandas por muerte por negligencia se presentan contra la ciudad donde se encuentra el departamento de polic\u00eda responsable de la muerte. Es importante entender que algunas ciudades invocar\u00e1n la inmunidad frente a acciones legales. La inmunidad solo se puede invocar realmente como defensa cuando un oficial mata a alguien mientras usa las t\u00e9cnicas apropiadas. Consulte con un abogado experto en muerte por negligencia de Irvine para determinar si tiene o no derecho a presentar un reclamo por muerte por negligencia contra el departamento de polic\u00eda de Irvine.<\/li>\r\n<li><strong>Muerte por negligencia y asilos de ancianos:<\/strong> Las demandas por muerte por negligencia que involucran a personas mayores son particularmente tr\u00e1gicas. Cuando un paciente muere debido a abuso o descuido, la(s) enfermera(s) culpable(s) de la muerte enfrentar\u00e1n consecuencias por violar las leyes estatales y federales que sirven para proteger a los residentes de edad avanzada. A continuaci\u00f3n se enumeran varias leyes y reglamentos importantes que afectan a los residentes de hogares de ancianos:\r\n<ul>\r\n<li><strong>La Ley de Justicia para Ancianos de 2009.\u00a0<\/strong>Todos los empleados de hogares de ancianos deben presentar un informe por escrito a las autoridades federales y estatales si sospechan que se est\u00e1 cometiendo abuso de ancianos u otros tipos de delitos en un centro.<\/li>\r\n<li><strong>Ley de Reforma de Hogares de Ancianos.\u00a0<\/strong>Supervisa las instalaciones de hogares de ancianos que reciben fondos de Medicare y Medicaid. Los asilos de ancianos deben brindar servicios exquisitos a sus pacientes, y los actos de negligencia o abuso ser\u00e1n severamente castigados.<\/li>\r\n<li><strong>Ley de Estadounidenses Mayores Re-autorizada (OAA).\u00a0<\/strong>Financia programas de abuso y negligencia de ancianos. Tambi\u00e9n mejora ampliamente el acceso y la calidad de los servicios que se brindan a los adultos mayores.<\/li>\r\n<li><strong>Leyes estatales de hogares de ancianos.<\/strong> Estas pautas var\u00edan, pero generalmente cubren:\r\n<ul>\r\n<li>Distribuci\u00f3n adecuada de medicamentos.<\/li>\r\n<li>Necesidades alimentarias y diet\u00e9ticas.<\/li>\r\n<li>cuidado de la demencia<\/li>\r\n<li>Manejo de infecciones<\/li>\r\n<li>Personal calificado<\/li>\r\n<\/ul>\r\n<\/li>\r\n<\/ul>\r\n<\/li>\r\n<\/ul>\r\n<h2><strong>Los abogados litigantes de la costa oeste siempre est\u00e1n aqu\u00ed para ayudar<\/strong><\/h2>\r\n<p>Si ha perdido a un ser querido en la ciudad de Irvine debido a negligencia o actos deliberados de malicia, tiene derecho a responsabilizar a la parte culpable por sus p\u00e9rdidas. Un abogado de muerte por negligencia de Irvine en West Coast Trial Lawyers puede ayudarlo a recuperar una compensaci\u00f3n por da\u00f1os y perjuicios.<\/p>\r\n<p>Ll\u00e1menos hoy al\u00a0<strong>213-927-3700<\/strong> o env\u00ede un correo electr\u00f3nico a\u00a0<a href=\"mailto:info@westcoasttriallawyers.com\"><strong>info@westcoasttriallawyers.com<\/strong><\/a><strong>\u00a0<\/strong>para programar una consulta gratuita con nuestro equipo legal experimentado, atento y compasivo.<\/p>\r\n<p><\/p>\n<!-- WCTL_DEBUG: no shortcode in this_content -->","protected":false},"excerpt":{"rendered":"<p>\u00bfC\u00f3mo puede una asunci\u00f3n de riesgo afectar la responsabilidad en un caso de muerte por negligencia? Si ha experimentado la muerte injusta de un ser querido, acepte nuestras m\u00e1s sinceras condolencias. Es absolutamente normal tener preguntas, inquietudes y estr\u00e9s en este momento. La muerte por negligencia puede ser causada por un accidente automovil\u00edstico, negligencia m\u00e9dica, [&hellip;]<\/p>\n","protected":false},"author":475,"featured_media":45841,"parent":47388,"menu_order":0,"comment_status":"closed","ping_status":"closed","template":"","meta":{"inline_featured_image":false,"footnotes":""},"class_list":["post-13082","page","type-page","status-publish","has-post-thumbnail","hentry"],"acf":[],"yoast_head":"<!-- This site is optimized with the Yoast SEO Premium plugin v26.0 (Yoast SEO v26.0) - https:\/\/yoast.com\/wordpress\/plugins\/seo\/ -->\n<title>Abogado de muerte por negligencia de Irvine | West Coast Trial Lawyers<\/title>\n<meta name=\"robots\" content=\"index, follow, max-snippet:-1, max-image-preview:large, max-video-preview:-1\" \/>\n<link rel=\"canonical\" href=\"https:\/\/westcoasttriallawyers.com\/es\/california\/irvine\/abogados-muerte-injusta-irvine\" \/>\n<meta property=\"og:locale\" content=\"es_ES\" \/>\n<meta property=\"og:type\" content=\"article\" \/>\n<meta property=\"og:title\" content=\"Abogado de muerte por negligencia de Irvine\" \/>\n<meta property=\"og:description\" content=\"\u00bfC\u00f3mo puede una asunci\u00f3n de riesgo afectar la responsabilidad en un caso de muerte por negligencia? Si ha experimentado la muerte injusta de un ser querido, acepte nuestras m\u00e1s sinceras condolencias. Es absolutamente normal tener preguntas, inquietudes y estr\u00e9s en este momento. La muerte por negligencia puede ser causada por un accidente automovil\u00edstico, negligencia m\u00e9dica, [&hellip;]\" \/>\n<meta property=\"og:url\" content=\"https:\/\/westcoasttriallawyers.com\/es\/california\/irvine\/abogados-muerte-injusta-irvine\" \/>\n<meta property=\"og:site_name\" content=\"West Coast Trial Lawyers\" \/>\n<meta property=\"article:publisher\" content=\"https:\/\/www.facebook.com\/westcoasttriallawyers\/\" \/>\n<meta property=\"article:modified_time\" content=\"2026-01-23T19:43:39+00:00\" \/>\n<meta property=\"og:image\" content=\"https:\/\/westcoasttriallawyers.com\/wp-content\/uploads\/2025\/07\/Irvine-Accident-Lawyer-Page-1-7.webp\" \/>\n\t<meta property=\"og:image:width\" content=\"557\" \/>\n\t<meta property=\"og:image:height\" content=\"328\" \/>\n\t<meta property=\"og:image:type\" content=\"image\/webp\" \/>\n<meta name=\"twitter:card\" content=\"summary_large_image\" \/>\n<meta name=\"twitter:site\" content=\"@WestCoastTrial\" \/>\n<meta name=\"twitter:label1\" content=\"Tiempo de lectura\" \/>\n\t<meta name=\"twitter:data1\" content=\"6 minutos\" \/>\n<script type=\"application\/ld+json\" class=\"yoast-schema-graph\">{\"@context\":\"https:\/\/schema.org\",\"@graph\":[{\"@type\":[\"WebPage\",\"ItemPage\"],\"@id\":\"https:\/\/westcoasttriallawyers.com\/es\/california\/irvine\/abogados-muerte-injusta-irvine\",\"url\":\"https:\/\/westcoasttriallawyers.com\/es\/california\/irvine\/abogados-muerte-injusta-irvine\",\"name\":\"Abogado de muerte por negligencia de Irvine | West Coast Trial Lawyers\",\"isPartOf\":{\"@id\":\"https:\/\/westcoasttriallawyers.com\/es#website\"},\"primaryImageOfPage\":{\"@id\":\"https:\/\/westcoasttriallawyers.com\/es\/california\/irvine\/abogados-muerte-injusta-irvine#primaryimage\"},\"image\":{\"@id\":\"https:\/\/westcoasttriallawyers.com\/es\/california\/irvine\/abogados-muerte-injusta-irvine#primaryimage\"},\"thumbnailUrl\":\"https:\/\/westcoasttriallawyers.com\/wp-content\/uploads\/2025\/07\/Irvine-Accident-Lawyer-Page-1-7.webp\",\"datePublished\":\"2026-01-13T23:31:35+00:00\",\"dateModified\":\"2026-01-23T19:43:39+00:00\",\"breadcrumb\":{\"@id\":\"https:\/\/westcoasttriallawyers.com\/es\/california\/irvine\/abogados-muerte-injusta-irvine#breadcrumb\"},\"inLanguage\":\"es\",\"potentialAction\":[{\"@type\":\"ReadAction\",\"target\":[\"https:\/\/westcoasttriallawyers.com\/es\/california\/irvine\/abogados-muerte-injusta-irvine\"]}]},{\"@type\":\"ImageObject\",\"inLanguage\":\"es\",\"@id\":\"https:\/\/westcoasttriallawyers.com\/es\/california\/irvine\/abogados-muerte-injusta-irvine#primaryimage\",\"url\":\"https:\/\/westcoasttriallawyers.com\/wp-content\/uploads\/2025\/07\/Irvine-Accident-Lawyer-Page-1-7.webp\",\"contentUrl\":\"https:\/\/westcoasttriallawyers.com\/wp-content\/uploads\/2025\/07\/Irvine-Accident-Lawyer-Page-1-7.webp\",\"width\":557,\"height\":328},{\"@type\":\"BreadcrumbList\",\"@id\":\"https:\/\/westcoasttriallawyers.com\/es\/california\/irvine\/abogados-muerte-injusta-irvine#breadcrumb\",\"itemListElement\":[{\"@type\":\"ListItem\",\"position\":1,\"name\":\"Inicio\",\"item\":\"https:\/\/westcoasttriallawyers.com\/es\"},{\"@type\":\"ListItem\",\"position\":2,\"name\":\"California\",\"item\":\"https:\/\/westcoasttriallawyers.com\/es\/california\"},{\"@type\":\"ListItem\",\"position\":3,\"name\":\"Irvine\",\"item\":\"https:\/\/westcoasttriallawyers.com\/es\/california\/irvine\"},{\"@type\":\"ListItem\",\"position\":4,\"name\":\"Abogado de muerte por negligencia de Irvine\"}]},{\"@type\":\"WebSite\",\"@id\":\"https:\/\/westcoasttriallawyers.com\/es#website\",\"url\":\"https:\/\/westcoasttriallawyers.com\/es\",\"name\":\"West Coast Trial Lawyers\",\"description\":\"West Coast Trial Lawyers\",\"publisher\":{\"@id\":\"https:\/\/westcoasttriallawyers.com\/es#organization\"},\"alternateName\":\"WCTL\",\"potentialAction\":[{\"@type\":\"SearchAction\",\"target\":{\"@type\":\"EntryPoint\",\"urlTemplate\":\"https:\/\/westcoasttriallawyers.com\/es?s={search_term_string}\"},\"query-input\":{\"@type\":\"PropertyValueSpecification\",\"valueRequired\":true,\"valueName\":\"search_term_string\"}}],\"inLanguage\":\"es\"},{\"@type\":\"Organization\",\"@id\":\"https:\/\/westcoasttriallawyers.com\/es#organization\",\"name\":\"West Coast Trial Lawyers\",\"alternateName\":\"WCTL\",\"url\":\"https:\/\/westcoasttriallawyers.com\/es\",\"logo\":{\"@type\":\"ImageObject\",\"inLanguage\":\"es\",\"@id\":\"https:\/\/westcoasttriallawyers.com\/es#\/schema\/logo\/image\/\",\"url\":\"https:\/\/westcoasttriallawyers.com\/wp-content\/uploads\/2026\/02\/WCTL-Logo.jpg\",\"contentUrl\":\"https:\/\/westcoasttriallawyers.com\/wp-content\/uploads\/2026\/02\/WCTL-Logo.jpg\",\"width\":696,\"height\":696,\"caption\":\"West Coast Trial Lawyers\"},\"image\":{\"@id\":\"https:\/\/westcoasttriallawyers.com\/es#\/schema\/logo\/image\/\"},\"sameAs\":[\"https:\/\/www.facebook.com\/westcoasttriallawyers\/\",\"https:\/\/x.com\/WestCoastTrial\",\"https:\/\/www.linkedin.com\/company\/west-coast-trial-lawyers\/\",\"https:\/\/www.instagram.com\/westcoasttriallawyers\/\",\"https:\/\/www.yelp.com\/biz\/west-coast-trial-lawyers-los-angeles-2\",\"https:\/\/www.pinterest.com\/westcoasttrial\/\",\"https:\/\/www.youtube.com\/westcoasttriallawyersla\/\",\"https:\/\/www.tiktok.com\/westcoasttriallawyers\"],\"description\":\"West Coast Trial Lawyers is a top-rated personal injury law firm with a goal to provide expert legal representation to those in need. The law firm has offices across California, Nevada, Arizona, and Washington.\",\"legalName\":\"West Coast Trial Lawyers\"}]}<\/script>\n<!-- \/ Yoast SEO Premium plugin. -->","yoast_head_json":{"title":"Abogado de muerte por negligencia de Irvine | West Coast Trial Lawyers","robots":{"index":"index","follow":"follow","max-snippet":"max-snippet:-1","max-image-preview":"max-image-preview:large","max-video-preview":"max-video-preview:-1"},"canonical":"https:\/\/westcoasttriallawyers.com\/es\/california\/irvine\/abogados-muerte-injusta-irvine","og_locale":"es_ES","og_type":"article","og_title":"Abogado de muerte por negligencia de Irvine","og_description":"\u00bfC\u00f3mo puede una asunci\u00f3n de riesgo afectar la responsabilidad en un caso de muerte por negligencia? Si ha experimentado la muerte injusta de un ser querido, acepte nuestras m\u00e1s sinceras condolencias. Es absolutamente normal tener preguntas, inquietudes y estr\u00e9s en este momento. La muerte por negligencia puede ser causada por un accidente automovil\u00edstico, negligencia m\u00e9dica, [&hellip;]","og_url":"https:\/\/westcoasttriallawyers.com\/es\/california\/irvine\/abogados-muerte-injusta-irvine","og_site_name":"West Coast Trial Lawyers","article_publisher":"https:\/\/www.facebook.com\/westcoasttriallawyers\/","article_modified_time":"2026-01-23T19:43:39+00:00","og_image":[{"width":557,"height":328,"url":"https:\/\/westcoasttriallawyers.com\/wp-content\/uploads\/2025\/07\/Irvine-Accident-Lawyer-Page-1-7.webp","type":"image\/webp"}],"twitter_card":"summary_large_image","twitter_site":"@WestCoastTrial","twitter_misc":{"Tiempo de lectura":"6 minutos"},"schema":{"@context":"https:\/\/schema.org","@graph":[{"@type":["WebPage","ItemPage"],"@id":"https:\/\/westcoasttriallawyers.com\/es\/california\/irvine\/abogados-muerte-injusta-irvine","url":"https:\/\/westcoasttriallawyers.com\/es\/california\/irvine\/abogados-muerte-injusta-irvine","name":"Abogado de muerte por negligencia de Irvine | West Coast Trial Lawyers","isPartOf":{"@id":"https:\/\/westcoasttriallawyers.com\/es#website"},"primaryImageOfPage":{"@id":"https:\/\/westcoasttriallawyers.com\/es\/california\/irvine\/abogados-muerte-injusta-irvine#primaryimage"},"image":{"@id":"https:\/\/westcoasttriallawyers.com\/es\/california\/irvine\/abogados-muerte-injusta-irvine#primaryimage"},"thumbnailUrl":"https:\/\/westcoasttriallawyers.com\/wp-content\/uploads\/2025\/07\/Irvine-Accident-Lawyer-Page-1-7.webp","datePublished":"2026-01-13T23:31:35+00:00","dateModified":"2026-01-23T19:43:39+00:00","breadcrumb":{"@id":"https:\/\/westcoasttriallawyers.com\/es\/california\/irvine\/abogados-muerte-injusta-irvine#breadcrumb"},"inLanguage":"es","potentialAction":[{"@type":"ReadAction","target":["https:\/\/westcoasttriallawyers.com\/es\/california\/irvine\/abogados-muerte-injusta-irvine"]}]},{"@type":"ImageObject","inLanguage":"es","@id":"https:\/\/westcoasttriallawyers.com\/es\/california\/irvine\/abogados-muerte-injusta-irvine#primaryimage","url":"https:\/\/westcoasttriallawyers.com\/wp-content\/uploads\/2025\/07\/Irvine-Accident-Lawyer-Page-1-7.webp","contentUrl":"https:\/\/westcoasttriallawyers.com\/wp-content\/uploads\/2025\/07\/Irvine-Accident-Lawyer-Page-1-7.webp","width":557,"height":328},{"@type":"BreadcrumbList","@id":"https:\/\/westcoasttriallawyers.com\/es\/california\/irvine\/abogados-muerte-injusta-irvine#breadcrumb","itemListElement":[{"@type":"ListItem","position":1,"name":"Inicio","item":"https:\/\/westcoasttriallawyers.com\/es"},{"@type":"ListItem","position":2,"name":"California","item":"https:\/\/westcoasttriallawyers.com\/es\/california"},{"@type":"ListItem","position":3,"name":"Irvine","item":"https:\/\/westcoasttriallawyers.com\/es\/california\/irvine"},{"@type":"ListItem","position":4,"name":"Abogado de muerte por negligencia de Irvine"}]},{"@type":"WebSite","@id":"https:\/\/westcoasttriallawyers.com\/es#website","url":"https:\/\/westcoasttriallawyers.com\/es","name":"West Coast Trial Lawyers","description":"West Coast Trial Lawyers","publisher":{"@id":"https:\/\/westcoasttriallawyers.com\/es#organization"},"alternateName":"WCTL","potentialAction":[{"@type":"SearchAction","target":{"@type":"EntryPoint","urlTemplate":"https:\/\/westcoasttriallawyers.com\/es?s={search_term_string}"},"query-input":{"@type":"PropertyValueSpecification","valueRequired":true,"valueName":"search_term_string"}}],"inLanguage":"es"},{"@type":"Organization","@id":"https:\/\/westcoasttriallawyers.com\/es#organization","name":"West Coast Trial Lawyers","alternateName":"WCTL","url":"https:\/\/westcoasttriallawyers.com\/es","logo":{"@type":"ImageObject","inLanguage":"es","@id":"https:\/\/westcoasttriallawyers.com\/es#\/schema\/logo\/image\/","url":"https:\/\/westcoasttriallawyers.com\/wp-content\/uploads\/2026\/02\/WCTL-Logo.jpg","contentUrl":"https:\/\/westcoasttriallawyers.com\/wp-content\/uploads\/2026\/02\/WCTL-Logo.jpg","width":696,"height":696,"caption":"West Coast Trial Lawyers"},"image":{"@id":"https:\/\/westcoasttriallawyers.com\/es#\/schema\/logo\/image\/"},"sameAs":["https:\/\/www.facebook.com\/westcoasttriallawyers\/","https:\/\/x.com\/WestCoastTrial","https:\/\/www.linkedin.com\/company\/west-coast-trial-lawyers\/","https:\/\/www.instagram.com\/westcoasttriallawyers\/","https:\/\/www.yelp.com\/biz\/west-coast-trial-lawyers-los-angeles-2","https:\/\/www.pinterest.com\/westcoasttrial\/","https:\/\/www.youtube.com\/westcoasttriallawyersla\/","https:\/\/www.tiktok.com\/westcoasttriallawyers"],"description":"West Coast Trial Lawyers is a top-rated personal injury law firm with a goal to provide expert legal representation to those in need. The law firm has offices across California, Nevada, Arizona, and Washington.","legalName":"West Coast Trial Lawyers"}]}},"_links":{"self":[{"href":"https:\/\/westcoasttriallawyers.com\/es\/wp-json\/wp\/v2\/pages\/13082","targetHints":{"allow":["GET"]}}],"collection":[{"href":"https:\/\/westcoasttriallawyers.com\/es\/wp-json\/wp\/v2\/pages"}],"about":[{"href":"https:\/\/westcoasttriallawyers.com\/es\/wp-json\/wp\/v2\/types\/page"}],"author":[{"embeddable":true,"href":"https:\/\/westcoasttriallawyers.com\/es\/wp-json\/wp\/v2\/users\/475"}],"replies":[{"embeddable":true,"href":"https:\/\/westcoasttriallawyers.com\/es\/wp-json\/wp\/v2\/comments?post=13082"}],"version-history":[{"count":4,"href":"https:\/\/westcoasttriallawyers.com\/es\/wp-json\/wp\/v2\/pages\/13082\/revisions"}],"predecessor-version":[{"id":48139,"href":"https:\/\/westcoasttriallawyers.com\/es\/wp-json\/wp\/v2\/pages\/13082\/revisions\/48139"}],"up":[{"embeddable":true,"href":"https:\/\/westcoasttriallawyers.com\/es\/wp-json\/wp\/v2\/pages\/47388"}],"wp:featuredmedia":[{"embeddable":true,"href":"https:\/\/westcoasttriallawyers.com\/es\/wp-json\/wp\/v2\/media\/45841"}],"wp:attachment":[{"href":"https:\/\/westcoasttriallawyers.com\/es\/wp-json\/wp\/v2\/media?parent=13082"}],"curies":[{"name":"wp","href":"https:\/\/api.w.org\/{rel}","templated":true}]}}