{"id":13079,"date":"2026-01-12T16:16:00","date_gmt":"2026-01-12T16:16:00","guid":{"rendered":"https:\/\/wctl1stg.wpengine.com\/?page_id=13079"},"modified":"2026-01-23T19:52:34","modified_gmt":"2026-01-23T19:52:34","slug":"abogados-accidentes-carro-irvine","status":"publish","type":"page","link":"https:\/\/westcoasttriallawyers.com\/es\/california\/irvine\/abogados-accidentes-carro-irvine","title":{"rendered":"Abogado de Accidentes Automovil\u00edsticos de Irvine"},"content":{"rendered":"<p data-pm-slice=\"1 1 []\"><\/p>\r\n\r\n<h2 id=\"h-nbsp-cuales-son-las-causas-mas-comunes-de-accidentes-automovilisticos-y-lesiones\" class=\"wp-block-heading\"><strong>\u00a0<\/strong>\u00bfCu\u00e1les son las causas m\u00e1s comunes de accidentes automovil\u00edsticos y lesiones?<\/h2>\r\n<p data-pm-slice=\"1 1 []\"><\/p>\r\nSi tiene la sensaci\u00f3n de que hay m\u00e1s personas y autom\u00f3viles que nunca en la ciudad de Irvine, no es solo una percepci\u00f3n de su imaginaci\u00f3n. La poblaci\u00f3n del \u00e1rea del Condado de Orange ha aumentado durante las \u00faltimas d\u00e9cadas.\r\n<p data-pm-slice=\"1 1 []\"><\/p>\r\nIrvine, que siempre fue considerado un suburbio distante del \u00e1rea metropolitana de Los \u00c1ngeles, ha experimentado los efectos de estos r\u00e1pidos cambios y el repentino crecimiento de la poblaci\u00f3n y los veh\u00edculos en las calles. La poblaci\u00f3n contin\u00faa aumentando al igual que el n\u00famero de accidentes automovil\u00edsticos.\r\n<p data-pm-slice=\"1 1 []\"><\/p>\r\nSi sufri\u00f3 lesiones despu\u00e9s de un accidente automovil\u00edstico en la ciudad de Irvine, puede tener derecho a una compensaci\u00f3n por sus facturas m\u00e9dicas, salarios perdidos, dolor y sufrimiento, y m\u00e1s. En Abogados De La Costa Oeste, nuestros abogados experimentados en accidentes automovil\u00edsticos de Irvine tienen m\u00e1s de 60 a\u00f1os de experiencia legal colectiva en el manejo de casos de lesiones personales. Con nuestro historial de recuperaci\u00f3n de m\u00e1s de $1 mil millones en acuerdos para nuestros clientes, hemos sido clasificados como uno de los principales bufetes de abogados de lesiones personales en Irvine.\r\n<p data-pm-slice=\"1 1 []\"><\/p>\r\nNo dude en comunicarse con nuestro equipo legal las 24 horas, los 7 d\u00edas de la semana llamando al <a href=\"tel:2139273700\">(213) 927-3700<\/a> o completando nuestro <a href=\"https:\/\/westcoasttriallawyers.com\/es\/contactenos\">formulario en l\u00ednea<\/a> para programar una consulta gratuita en nuestro bufete de abogados de lesiones personales de Irvine.\r\n<p data-pm-slice=\"1 1 []\"><\/p>\r\n\r\n<figure class=\"wp-block-image size-large\"><img width=\"1024\" height=\"576\" class=\"wp-image-15406\" src=\"https:\/\/westcoasttriallawyers.com\/wp-content\/uploads\/2023\/11\/Abogado-de-Accidentes-Automovilisticos-de-Irvine--1024x576.png\" alt=\"\" srcset=\"https:\/\/westcoasttriallawyers.com\/wp-content\/uploads\/2023\/11\/Abogado-de-Accidentes-Automovilisticos-de-Irvine--1024x576.png 1024w, https:\/\/westcoasttriallawyers.com\/wp-content\/uploads\/2023\/11\/Abogado-de-Accidentes-Automovilisticos-de-Irvine--300x169.png 300w, https:\/\/westcoasttriallawyers.com\/wp-content\/uploads\/2023\/11\/Abogado-de-Accidentes-Automovilisticos-de-Irvine--768x432.png 768w, https:\/\/westcoasttriallawyers.com\/wp-content\/uploads\/2023\/11\/Abogado-de-Accidentes-Automovilisticos-de-Irvine--1536x864.png 1536w, https:\/\/westcoasttriallawyers.com\/wp-content\/uploads\/2023\/11\/Abogado-de-Accidentes-Automovilisticos-de-Irvine--1200x675.png 1200w, https:\/\/westcoasttriallawyers.com\/wp-content\/uploads\/2023\/11\/Abogado-de-Accidentes-Automovilisticos-de-Irvine--1400x788.png 1400w, https:\/\/westcoasttriallawyers.com\/wp-content\/uploads\/2023\/11\/Abogado-de-Accidentes-Automovilisticos-de-Irvine-.png 2000w\" sizes=\"(max-width: 1024px) 100vw, 1024px\" \/><\/figure>\r\n<p data-pm-slice=\"1 1 []\"><\/p>\r\n\r\n<h2 id=\"h-causas-comunes-de-accidentes-automovilisticos\" class=\"wp-block-heading\"><strong>Causas comunes de accidentes automovil\u00edsticos<\/strong><\/h2>\r\n<p data-pm-slice=\"1 1 []\"><\/p>\r\nNuestros abogados con experiencia en accidentes automovil\u00edsticos en Irvine est\u00e1n preparados para manejar todo tipo de reclamos por accidentes automovil\u00edsticos causados por casi cualquier tipo de circunstancia imaginable. La realidad es que muchos factores pueden contribuir a un accidente automovil\u00edstico, por lo tanto, todos son situaciones \u00fanicas, desde la causa del accidente, las lesiones espec\u00edficas hasta la responsabilidad o culpa. Esto incluye:\r\n<p data-pm-slice=\"1 1 []\"><\/p>\r\n<strong>Conducir en estado de ebriedad:<\/strong> Conducir en estado de ebriedad es un delito grave que, debido a su imprudencia, casi siempre califica para da\u00f1os punitivos. Los da\u00f1os punitivos son un tipo especial de compensaci\u00f3n monetaria que determina un tribunal cuando el acusado actu\u00f3 de manera particularmente imprudente o deliberadamente da\u00f1ina. Al igual que el exceso de velocidad, conducir bajo la influencia del alcohol es especialmente destructivo y pone en peligro a muchas personas en la carretera.\r\n<p data-pm-slice=\"1 1 []\"><\/p>\r\n<strong>Exceso de velocidad:<\/strong> un conductor que maneja a altas velocidades, no tiene suficiente tiempo ni espacio para reaccionar frente a cambios repentinos. La p\u00e9rdida del control del veh\u00edculo tambi\u00e9n es com\u00fan a altas velocidades. Esto puede crear un entorno peligroso para otros conductores cercanos, ya que podr\u00eda provocar un accidente automovil\u00edstico grave e involucrar a varias partes.\r\n<p data-pm-slice=\"1 1 []\"><\/p>\r\n<strong>Conducci\u00f3n agresiva:<\/strong> debido a lo com\u00fan y destructivo que es, la ira al volante se ha incluido en las leyes de comportamiento imprudente de California. Los comportamientos imprudentes son acciones que pueden no tener necesariamente la intenci\u00f3n deliberada de causar da\u00f1o a alguien, pero que van m\u00e1s all\u00e1 de la simple negligencia.\r\n<p data-pm-slice=\"1 1 []\"><\/p>\r\n<strong>Conducir distra\u00eddo:<\/strong> Este tipo de accidente es cada d\u00eda m\u00e1s com\u00fan. Los Centros para el Control y la Prevenci\u00f3n de Enfermedades (CDC, por sus siglas en ingl\u00e9s) estiman que unas nueve personas al d\u00eda mueren a causa de un conductor distra\u00eddo. El ejemplo m\u00e1s com\u00fan de conducci\u00f3n distra\u00edda es enviar mensajes de texto mientras se conduce.\r\n<p data-pm-slice=\"1 1 []\"><\/p>\r\nConsidere este ejemplo: enviar o leer un mensaje de texto demora cinco segundos. Para entender de cu\u00e1nto tiempo estamos hablando realmente, en proporci\u00f3n, si conduce por una autopista a 55 mph, eso es comparable a cerrar los ojos y conducir a lo largo de un campo de f\u00fatbol completo.\r\n<p data-pm-slice=\"1 1 []\"><\/p>\r\n\r\n<h2 id=\"h-lesiones-comunes-de-accidentes-automovilisticos\" class=\"wp-block-heading\"><strong>Lesiones comunes de accidentes automovil\u00edsticos<\/strong><\/h2>\r\n<p data-pm-slice=\"1 1 []\"><\/p>\r\nComo se ha discutido anteriormente, son much\u00edsimos los factores que pueden causar un accidente automovil\u00edstico. Y en el caso de los tipos de lesiones, es el mismo caso, pueden variar ampliamente, sin embargo, hay esencialmente dos tipos de lesiones por accidentes automovil\u00edsticos: lesiones por impacto y lesiones por penetraci\u00f3n.\r\n<p data-pm-slice=\"1 1 []\"><\/p>\r\nLas lesiones por impacto, generalmente se producen cuando el cuerpo de la v\u00edctima se golpea en el interior del autom\u00f3vil en el que viaja. Un ejemplo cl\u00e1sico es cuando la cabeza de alguien choca contra la ventana lateral o cuando una rodilla golpea el tablero. Este tipo de lesiones pueden causar da\u00f1os que van desde moretones, huesos rotos e incluso da\u00f1o cerebral.\r\n<p data-pm-slice=\"1 1 []\"><\/p>\r\nLas lesiones penetrantes incluyen cortes, raspaduras y heridas internas graves. Este tipo de lesi\u00f3n puede ser causada por vidrios rotos, metales y objetos sueltos que salen volando del autom\u00f3vil despu\u00e9s de un accidente.\r\n<p data-pm-slice=\"1 1 []\"><\/p>\r\nOtros tipos comunes de lesiones por accidentes automovil\u00edsticos incluyen los siguientes:\r\n<p data-pm-slice=\"1 1 []\"><\/p>\r\n\r\n<ul class=\"wp-block-list\">\r\n \t<li>Da\u00f1o cerebral,<\/li>\r\n\r\n \t<li>huesos fracturados,<\/li>\r\n\r\n \t<li>lesiones en brazos y piernas,<\/li>\r\n\r\n \t<li>hemorragia interna,<\/li>\r\n\r\n \t<li>lesiones en el pecho,<\/li>\r\n\r\n \t<li>trastorno de estr\u00e9s postraum\u00e1tico.<\/li>\r\n<\/ul>\r\n<p data-pm-slice=\"1 1 []\"><\/p>\r\n\r\n<h2 id=\"h-recibir-compensacion-despues-de-un-accidente-automovilistico\" class=\"wp-block-heading\"><strong>Recibir compensaci\u00f3n despu\u00e9s de un accidente automovil\u00edstico<\/strong><\/h2>\r\n<p data-pm-slice=\"1 1 []\"><\/p>\r\nSi result\u00f3 lesionado en un accidente automovil\u00edstico causado por la negligencia de alguien, puede tener derecho a recibir una compensaci\u00f3n por da\u00f1os como la p\u00e9rdida de propiedad, facturas m\u00e9dicas, salarios perdidos y dolor y sufrimiento. Una v\u00edctima lesionada de un accidente automovil\u00edstico, s\u00f3lo en algunos casos, tambi\u00e9n tiene derecho a da\u00f1os punitivos. Los da\u00f1os punitivos son particulares y se agregar\u00e1n a los da\u00f1os comunes a los que ya tiene derecho una v\u00edctima de accidente automovil\u00edstico.\r\n<p data-pm-slice=\"1 1 []\"><\/p>\r\nUn tribunal otorga da\u00f1os punitivos, pero solo cuando un acusado deliberadamente trata de causar da\u00f1o a alguien se comporta de una manera muy reprochable. Conducir bajo la influencia del alcohol o drogas o ser culpable de un golpe y fuga, son dos ejemplos de incidentes que pueden calificar a una v\u00edctima para da\u00f1os punitivos.\r\n<p data-pm-slice=\"1 1 []\"><\/p>\r\n\r\n<h2 id=\"h-como-determinar-si-tengo-derecho-a-una-compensacion\" class=\"wp-block-heading\"><strong>\u00bfC\u00f3mo determinar si tengo derecho a una compensaci\u00f3n?<\/strong><\/h2>\r\n<p data-pm-slice=\"1 1 []\"><\/p>\r\nSi tiene derecho a una compensaci\u00f3n, generalmente depender\u00e1 de una cosa: la responsabilidad. La determinaci\u00f3n de la responsabilidad se basa en el concepto legal de negligencia. B\u00e1sicamente, esto significa que quien sea negligente al causar un accidente por lo general, es responsable de las lesiones causadas, as\u00ed como de los da\u00f1os correspondientes.\r\n<p data-pm-slice=\"1 1 []\"><\/p>\r\n\r\n<h2 id=\"h-que-es-la-negligencia-en-los-accidentes-automovilisticos-nbsp\" class=\"wp-block-heading\"><strong>\u00bfQu\u00e9 es la negligencia en los accidentes automovil\u00edsticos?\u00a0<\/strong><\/h2>\r\n<p data-pm-slice=\"1 1 []\"><\/p>\r\nEs un tipo de comportamiento descuidado o imprudente. A continuaci\u00f3n, se incluyen algunos ejemplos de negligencia del conductor que pueden hacer que alguien sea responsable por un accidente:\r\n<p data-pm-slice=\"1 1 []\"><\/p>\r\n\r\n<ul class=\"wp-block-list\">\r\n \t<li>No prestar atenci\u00f3n a la carretera,<\/li>\r\n\r\n \t<li>exceso de velocidad,<\/li>\r\n\r\n \t<li>conducir bajo la influencia del alcohol o drogas,<\/li>\r\n\r\n \t<li>enviar o leer mensajes de texto,<\/li>\r\n\r\n \t<li>desobedecer las leyes de tr\u00e1nsito.<\/li>\r\n<\/ul>\r\n<p data-pm-slice=\"1 1 []\"><\/p>\r\nTodos los conductores tienen el deber de cuidado (<em>duty of care<\/em>) mientras est\u00e1n al volante. En otras palabras, deben velar por la seguridad de los otros conductores y de los peatones. Tambi\u00e9n se espera que obedezcan los sem\u00e1foros y las se\u00f1ales para garantizar un entorno seguro para quienes est\u00e1n cerca.\r\n<p data-pm-slice=\"1 1 []\"><\/p>\r\nAsimismo, es muy importante comprender que incluso un conductor lesionado puede compartir cierto grado de responsabilidad, lo que puede limitar la compensaci\u00f3n a la que tiene derecho. California es un estado de negligencia comparativa. Esto significa que m\u00e1s de una entidad puede ser responsable de un accidente automovil\u00edstico. En los casos en que m\u00e1s de una parte sea responsable de un accidente automovil\u00edstico, la responsabilidad se dividir\u00e1 de acuerdo con el grado de negligencia de cada individuo.\r\n<p data-pm-slice=\"1 1 []\"><\/p>\r\n\r\n<h2 id=\"h-los-abogados-litigantes-de-la-costa-oeste-estan-aqui-para-ayudar\" class=\"wp-block-heading\"><strong>Los abogados litigantes de la costa oeste est\u00e1n aqu\u00ed para ayudar<\/strong><\/h2>\r\n<p data-pm-slice=\"1 1 []\"><\/p>\r\nSi estuvo involucrado en un accidente automovil\u00edstico y desea emprender acciones legales contra la parte culpable, Abogados De La Costa Oeste tiene abogados con experiencia en lesiones personales en Irvine que le ayudar\u00e1n a obtener la justicia y la compensaci\u00f3n que merece.\r\n<p data-pm-slice=\"1 1 []\"><\/p>\r\nComun\u00edquese hoy con nuestro equipo legal disponible las 24 horas, los 7 d\u00edas de la semana llamando al <a href=\"tel:2139273700\">(213) 927-3700<\/a> o completando nuestros <a href=\"https:\/\/westcoasttriallawyers.com\/es\/contactenos\">formulario en l\u00ednea<\/a> para programar una consulta gratuita en nuestro bufete de abogados de lesiones personales de Irvine.\n<!-- WCTL_DEBUG: no shortcode in this_content -->\n<!-- GLOBAL_SHORTCODES_DEBUG: executed in the_content -->","protected":false},"excerpt":{"rendered":"<p>\u00a0\u00bfCu\u00e1les son las causas m\u00e1s comunes de accidentes automovil\u00edsticos y lesiones? Si tiene la sensaci\u00f3n de que hay m\u00e1s personas y autom\u00f3viles que nunca en la ciudad de Irvine, no es solo una percepci\u00f3n de su imaginaci\u00f3n. La poblaci\u00f3n del \u00e1rea del Condado de Orange ha aumentado durante las \u00faltimas d\u00e9cadas. Irvine, que siempre fue [&hellip;]<\/p>\n","protected":false},"author":475,"featured_media":0,"parent":47388,"menu_order":0,"comment_status":"closed","ping_status":"closed","template":"","meta":{"inline_featured_image":false,"footnotes":""},"class_list":["post-13079","page","type-page","status-publish","hentry"],"acf":[],"yoast_head":"<!-- This site is optimized with the Yoast SEO Premium plugin v26.0 (Yoast SEO v26.0) - https:\/\/yoast.com\/wordpress\/plugins\/seo\/ -->\n<title>Abogado de Accidentes Automovil\u00edsticos de Irvine | West Coast Trial Lawyers<\/title>\n<meta name=\"robots\" content=\"index, follow, max-snippet:-1, max-image-preview:large, max-video-preview:-1\" \/>\n<link rel=\"canonical\" href=\"https:\/\/westcoasttriallawyers.com\/es\/california\/irvine\/abogados-accidentes-carro-irvine\" \/>\n<meta property=\"og:locale\" content=\"es_ES\" \/>\n<meta property=\"og:type\" content=\"article\" \/>\n<meta property=\"og:title\" content=\"Abogado de Accidentes Automovil\u00edsticos de Irvine\" \/>\n<meta property=\"og:description\" content=\"\u00a0\u00bfCu\u00e1les son las causas m\u00e1s comunes de accidentes automovil\u00edsticos y lesiones? Si tiene la sensaci\u00f3n de que hay m\u00e1s personas y autom\u00f3viles que nunca en la ciudad de Irvine, no es solo una percepci\u00f3n de su imaginaci\u00f3n. La poblaci\u00f3n del \u00e1rea del Condado de Orange ha aumentado durante las \u00faltimas d\u00e9cadas. Irvine, que siempre fue [&hellip;]\" \/>\n<meta property=\"og:url\" content=\"https:\/\/westcoasttriallawyers.com\/es\/california\/irvine\/abogados-accidentes-carro-irvine\" \/>\n<meta property=\"og:site_name\" content=\"West Coast Trial Lawyers\" \/>\n<meta property=\"article:publisher\" content=\"https:\/\/www.facebook.com\/westcoasttriallawyers\/\" \/>\n<meta property=\"article:modified_time\" content=\"2026-01-23T19:52:34+00:00\" \/>\n<meta property=\"og:image\" content=\"https:\/\/westcoasttriallawyers.com\/wp-content\/uploads\/2023\/11\/Abogado-de-Accidentes-Automovilisticos-de-Irvine--1024x576.png\" \/>\n\t<meta property=\"og:image:width\" content=\"1024\" \/>\n\t<meta property=\"og:image:height\" content=\"576\" \/>\n\t<meta property=\"og:image:type\" content=\"image\/png\" \/>\n<meta name=\"twitter:card\" content=\"summary_large_image\" \/>\n<meta name=\"twitter:site\" content=\"@WestCoastTrial\" \/>\n<meta name=\"twitter:label1\" content=\"Tiempo de lectura\" \/>\n\t<meta name=\"twitter:data1\" content=\"6 minutos\" \/>\n<script type=\"application\/ld+json\" class=\"yoast-schema-graph\">{\"@context\":\"https:\/\/schema.org\",\"@graph\":[{\"@type\":[\"WebPage\",\"ItemPage\"],\"@id\":\"https:\/\/westcoasttriallawyers.com\/es\/california\/irvine\/abogados-accidentes-carro-irvine\",\"url\":\"https:\/\/westcoasttriallawyers.com\/es\/california\/irvine\/abogados-accidentes-carro-irvine\",\"name\":\"Abogado de Accidentes Automovil\u00edsticos de Irvine | West Coast Trial Lawyers\",\"isPartOf\":{\"@id\":\"https:\/\/westcoasttriallawyers.com\/es#website\"},\"primaryImageOfPage\":{\"@id\":\"https:\/\/westcoasttriallawyers.com\/es\/california\/irvine\/abogados-accidentes-carro-irvine#primaryimage\"},\"image\":{\"@id\":\"https:\/\/westcoasttriallawyers.com\/es\/california\/irvine\/abogados-accidentes-carro-irvine#primaryimage\"},\"thumbnailUrl\":\"https:\/\/westcoasttriallawyers.com\/wp-content\/uploads\/2023\/11\/Abogado-de-Accidentes-Automovilisticos-de-Irvine--1024x576.png\",\"datePublished\":\"2026-01-12T16:16:00+00:00\",\"dateModified\":\"2026-01-23T19:52:34+00:00\",\"breadcrumb\":{\"@id\":\"https:\/\/westcoasttriallawyers.com\/es\/california\/irvine\/abogados-accidentes-carro-irvine#breadcrumb\"},\"inLanguage\":\"es\",\"potentialAction\":[{\"@type\":\"ReadAction\",\"target\":[\"https:\/\/westcoasttriallawyers.com\/es\/california\/irvine\/abogados-accidentes-carro-irvine\"]}]},{\"@type\":\"ImageObject\",\"inLanguage\":\"es\",\"@id\":\"https:\/\/westcoasttriallawyers.com\/es\/california\/irvine\/abogados-accidentes-carro-irvine#primaryimage\",\"url\":\"https:\/\/westcoasttriallawyers.com\/wp-content\/uploads\/2023\/11\/Abogado-de-Accidentes-Automovilisticos-de-Irvine--1024x576.png\",\"contentUrl\":\"https:\/\/westcoasttriallawyers.com\/wp-content\/uploads\/2023\/11\/Abogado-de-Accidentes-Automovilisticos-de-Irvine--1024x576.png\"},{\"@type\":\"BreadcrumbList\",\"@id\":\"https:\/\/westcoasttriallawyers.com\/es\/california\/irvine\/abogados-accidentes-carro-irvine#breadcrumb\",\"itemListElement\":[{\"@type\":\"ListItem\",\"position\":1,\"name\":\"Inicio\",\"item\":\"https:\/\/westcoasttriallawyers.com\/es\"},{\"@type\":\"ListItem\",\"position\":2,\"name\":\"California\",\"item\":\"https:\/\/westcoasttriallawyers.com\/es\/california\"},{\"@type\":\"ListItem\",\"position\":3,\"name\":\"Irvine\",\"item\":\"https:\/\/westcoasttriallawyers.com\/es\/california\/irvine\"},{\"@type\":\"ListItem\",\"position\":4,\"name\":\"Abogado de Accidentes Automovil\u00edsticos de Irvine\"}]},{\"@type\":\"WebSite\",\"@id\":\"https:\/\/westcoasttriallawyers.com\/es#website\",\"url\":\"https:\/\/westcoasttriallawyers.com\/es\",\"name\":\"West Coast Trial Lawyers\",\"description\":\"West Coast Trial Lawyers\",\"publisher\":{\"@id\":\"https:\/\/westcoasttriallawyers.com\/es#organization\"},\"alternateName\":\"WCTL\",\"potentialAction\":[{\"@type\":\"SearchAction\",\"target\":{\"@type\":\"EntryPoint\",\"urlTemplate\":\"https:\/\/westcoasttriallawyers.com\/es?s={search_term_string}\"},\"query-input\":{\"@type\":\"PropertyValueSpecification\",\"valueRequired\":true,\"valueName\":\"search_term_string\"}}],\"inLanguage\":\"es\"},{\"@type\":\"Organization\",\"@id\":\"https:\/\/westcoasttriallawyers.com\/es#organization\",\"name\":\"West Coast Trial Lawyers\",\"alternateName\":\"WCTL\",\"url\":\"https:\/\/westcoasttriallawyers.com\/es\",\"logo\":{\"@type\":\"ImageObject\",\"inLanguage\":\"es\",\"@id\":\"https:\/\/westcoasttriallawyers.com\/es#\/schema\/logo\/image\/\",\"url\":\"https:\/\/westcoasttriallawyers.com\/wp-content\/uploads\/2026\/02\/WCTL-Logo.jpg\",\"contentUrl\":\"https:\/\/westcoasttriallawyers.com\/wp-content\/uploads\/2026\/02\/WCTL-Logo.jpg\",\"width\":696,\"height\":696,\"caption\":\"West Coast Trial Lawyers\"},\"image\":{\"@id\":\"https:\/\/westcoasttriallawyers.com\/es#\/schema\/logo\/image\/\"},\"sameAs\":[\"https:\/\/www.facebook.com\/westcoasttriallawyers\/\",\"https:\/\/x.com\/WestCoastTrial\",\"https:\/\/www.linkedin.com\/company\/west-coast-trial-lawyers\/\",\"https:\/\/www.instagram.com\/westcoasttriallawyers\/\",\"https:\/\/www.yelp.com\/biz\/west-coast-trial-lawyers-los-angeles-2\",\"https:\/\/www.pinterest.com\/westcoasttrial\/\",\"https:\/\/www.youtube.com\/westcoasttriallawyersla\/\",\"https:\/\/www.tiktok.com\/westcoasttriallawyers\"],\"description\":\"West Coast Trial Lawyers is a top-rated personal injury law firm with a goal to provide expert legal representation to those in need. The law firm has offices across California, Nevada, Arizona, and Washington.\",\"legalName\":\"West Coast Trial Lawyers\"}]}<\/script>\n<!-- \/ Yoast SEO Premium plugin. -->","yoast_head_json":{"title":"Abogado de Accidentes Automovil\u00edsticos de Irvine | West Coast Trial Lawyers","robots":{"index":"index","follow":"follow","max-snippet":"max-snippet:-1","max-image-preview":"max-image-preview:large","max-video-preview":"max-video-preview:-1"},"canonical":"https:\/\/westcoasttriallawyers.com\/es\/california\/irvine\/abogados-accidentes-carro-irvine","og_locale":"es_ES","og_type":"article","og_title":"Abogado de Accidentes Automovil\u00edsticos de Irvine","og_description":"\u00a0\u00bfCu\u00e1les son las causas m\u00e1s comunes de accidentes automovil\u00edsticos y lesiones? Si tiene la sensaci\u00f3n de que hay m\u00e1s personas y autom\u00f3viles que nunca en la ciudad de Irvine, no es solo una percepci\u00f3n de su imaginaci\u00f3n. La poblaci\u00f3n del \u00e1rea del Condado de Orange ha aumentado durante las \u00faltimas d\u00e9cadas. Irvine, que siempre fue [&hellip;]","og_url":"https:\/\/westcoasttriallawyers.com\/es\/california\/irvine\/abogados-accidentes-carro-irvine","og_site_name":"West Coast Trial Lawyers","article_publisher":"https:\/\/www.facebook.com\/westcoasttriallawyers\/","article_modified_time":"2026-01-23T19:52:34+00:00","og_image":[{"width":1024,"height":576,"url":"https:\/\/westcoasttriallawyers.com\/wp-content\/uploads\/2023\/11\/Abogado-de-Accidentes-Automovilisticos-de-Irvine--1024x576.png","type":"image\/png"}],"twitter_card":"summary_large_image","twitter_site":"@WestCoastTrial","twitter_misc":{"Tiempo de lectura":"6 minutos"},"schema":{"@context":"https:\/\/schema.org","@graph":[{"@type":["WebPage","ItemPage"],"@id":"https:\/\/westcoasttriallawyers.com\/es\/california\/irvine\/abogados-accidentes-carro-irvine","url":"https:\/\/westcoasttriallawyers.com\/es\/california\/irvine\/abogados-accidentes-carro-irvine","name":"Abogado de Accidentes Automovil\u00edsticos de Irvine | West Coast Trial Lawyers","isPartOf":{"@id":"https:\/\/westcoasttriallawyers.com\/es#website"},"primaryImageOfPage":{"@id":"https:\/\/westcoasttriallawyers.com\/es\/california\/irvine\/abogados-accidentes-carro-irvine#primaryimage"},"image":{"@id":"https:\/\/westcoasttriallawyers.com\/es\/california\/irvine\/abogados-accidentes-carro-irvine#primaryimage"},"thumbnailUrl":"https:\/\/westcoasttriallawyers.com\/wp-content\/uploads\/2023\/11\/Abogado-de-Accidentes-Automovilisticos-de-Irvine--1024x576.png","datePublished":"2026-01-12T16:16:00+00:00","dateModified":"2026-01-23T19:52:34+00:00","breadcrumb":{"@id":"https:\/\/westcoasttriallawyers.com\/es\/california\/irvine\/abogados-accidentes-carro-irvine#breadcrumb"},"inLanguage":"es","potentialAction":[{"@type":"ReadAction","target":["https:\/\/westcoasttriallawyers.com\/es\/california\/irvine\/abogados-accidentes-carro-irvine"]}]},{"@type":"ImageObject","inLanguage":"es","@id":"https:\/\/westcoasttriallawyers.com\/es\/california\/irvine\/abogados-accidentes-carro-irvine#primaryimage","url":"https:\/\/westcoasttriallawyers.com\/wp-content\/uploads\/2023\/11\/Abogado-de-Accidentes-Automovilisticos-de-Irvine--1024x576.png","contentUrl":"https:\/\/westcoasttriallawyers.com\/wp-content\/uploads\/2023\/11\/Abogado-de-Accidentes-Automovilisticos-de-Irvine--1024x576.png"},{"@type":"BreadcrumbList","@id":"https:\/\/westcoasttriallawyers.com\/es\/california\/irvine\/abogados-accidentes-carro-irvine#breadcrumb","itemListElement":[{"@type":"ListItem","position":1,"name":"Inicio","item":"https:\/\/westcoasttriallawyers.com\/es"},{"@type":"ListItem","position":2,"name":"California","item":"https:\/\/westcoasttriallawyers.com\/es\/california"},{"@type":"ListItem","position":3,"name":"Irvine","item":"https:\/\/westcoasttriallawyers.com\/es\/california\/irvine"},{"@type":"ListItem","position":4,"name":"Abogado de Accidentes Automovil\u00edsticos de Irvine"}]},{"@type":"WebSite","@id":"https:\/\/westcoasttriallawyers.com\/es#website","url":"https:\/\/westcoasttriallawyers.com\/es","name":"West Coast Trial Lawyers","description":"West Coast Trial Lawyers","publisher":{"@id":"https:\/\/westcoasttriallawyers.com\/es#organization"},"alternateName":"WCTL","potentialAction":[{"@type":"SearchAction","target":{"@type":"EntryPoint","urlTemplate":"https:\/\/westcoasttriallawyers.com\/es?s={search_term_string}"},"query-input":{"@type":"PropertyValueSpecification","valueRequired":true,"valueName":"search_term_string"}}],"inLanguage":"es"},{"@type":"Organization","@id":"https:\/\/westcoasttriallawyers.com\/es#organization","name":"West Coast Trial Lawyers","alternateName":"WCTL","url":"https:\/\/westcoasttriallawyers.com\/es","logo":{"@type":"ImageObject","inLanguage":"es","@id":"https:\/\/westcoasttriallawyers.com\/es#\/schema\/logo\/image\/","url":"https:\/\/westcoasttriallawyers.com\/wp-content\/uploads\/2026\/02\/WCTL-Logo.jpg","contentUrl":"https:\/\/westcoasttriallawyers.com\/wp-content\/uploads\/2026\/02\/WCTL-Logo.jpg","width":696,"height":696,"caption":"West Coast Trial Lawyers"},"image":{"@id":"https:\/\/westcoasttriallawyers.com\/es#\/schema\/logo\/image\/"},"sameAs":["https:\/\/www.facebook.com\/westcoasttriallawyers\/","https:\/\/x.com\/WestCoastTrial","https:\/\/www.linkedin.com\/company\/west-coast-trial-lawyers\/","https:\/\/www.instagram.com\/westcoasttriallawyers\/","https:\/\/www.yelp.com\/biz\/west-coast-trial-lawyers-los-angeles-2","https:\/\/www.pinterest.com\/westcoasttrial\/","https:\/\/www.youtube.com\/westcoasttriallawyersla\/","https:\/\/www.tiktok.com\/westcoasttriallawyers"],"description":"West Coast Trial Lawyers is a top-rated personal injury law firm with a goal to provide expert legal representation to those in need. The law firm has offices across California, Nevada, Arizona, and Washington.","legalName":"West Coast Trial Lawyers"}]}},"_links":{"self":[{"href":"https:\/\/westcoasttriallawyers.com\/es\/wp-json\/wp\/v2\/pages\/13079","targetHints":{"allow":["GET"]}}],"collection":[{"href":"https:\/\/westcoasttriallawyers.com\/es\/wp-json\/wp\/v2\/pages"}],"about":[{"href":"https:\/\/westcoasttriallawyers.com\/es\/wp-json\/wp\/v2\/types\/page"}],"author":[{"embeddable":true,"href":"https:\/\/westcoasttriallawyers.com\/es\/wp-json\/wp\/v2\/users\/475"}],"replies":[{"embeddable":true,"href":"https:\/\/westcoasttriallawyers.com\/es\/wp-json\/wp\/v2\/comments?post=13079"}],"version-history":[{"count":4,"href":"https:\/\/westcoasttriallawyers.com\/es\/wp-json\/wp\/v2\/pages\/13079\/revisions"}],"predecessor-version":[{"id":48148,"href":"https:\/\/westcoasttriallawyers.com\/es\/wp-json\/wp\/v2\/pages\/13079\/revisions\/48148"}],"up":[{"embeddable":true,"href":"https:\/\/westcoasttriallawyers.com\/es\/wp-json\/wp\/v2\/pages\/47388"}],"wp:attachment":[{"href":"https:\/\/westcoasttriallawyers.com\/es\/wp-json\/wp\/v2\/media?parent=13079"}],"curies":[{"name":"wp","href":"https:\/\/api.w.org\/{rel}","templated":true}]}}