{"id":13075,"date":"2026-01-13T23:31:32","date_gmt":"2026-01-13T23:31:32","guid":{"rendered":"https:\/\/wctl1stg.wpengine.com\/?page_id=13075"},"modified":"2026-01-23T20:06:24","modified_gmt":"2026-01-23T20:06:24","slug":"abogados-accidentes-bicicleta-irvine","status":"publish","type":"page","link":"https:\/\/westcoasttriallawyers.com\/es\/california\/irvine\/abogados-accidentes-bicicleta-irvine","title":{"rendered":"Abogado de Accidentes de Bicicleta en Irvine"},"content":{"rendered":"<h2><strong>Aqu\u00ed hay una lista de pasos que debe considerar tomar despu\u00e9s de un accidente de bicicleta en Irvine<\/strong><\/h2>\n<p>Llegar al trabajo en el centro de Irvine puede convertirse f\u00e1cilmente en una verdadera pesadilla. Con toda la congesti\u00f3n del tr\u00e1fico en las autopistas 405 y 5, no sorprende que tantas personas elijan otras formas de transporte, como andar en bicicleta, para llegar a donde necesitan ir.<\/p>\n<p>Sin embargo, andar en bicicleta por las calles p\u00fablicas del \u00e1rea es m\u00e1s peligroso de lo que la mayor\u00eda de la gente cree. En 2016, doce personas en el \u00e1rea del condado de Orange murieron mientras paseaban en bicicleta. Esto literalmente significa que, en promedio, una persona fue asesinada cada mes durante ese per\u00edodo de tiempo solo por andar en bicicleta en las v\u00edas p\u00fablicas del Condado de Orange.<\/p>\n<p>Los ciclistas tienen los mismos derechos en la carretera que cualquier otro automovilista. Los conductores tienen el deber de cuidar a los ciclistas con los que comparten la carretera. Los conductores deben tener cuidado cuando est\u00e9n atentos a los ciclistas y se espera que tengan un cuidado razonable para evitar causar accidentes. En esencia, cada vez que un conductor es negligente y causa lesiones, un ciclista lesionado tiene derecho a demandar para recuperar los da\u00f1os.<\/p>\n<p>Si ha sufrido lesiones como ciclista en la ciudad de Irvine, puede tener derecho a una compensaci\u00f3n por sus da\u00f1os. En West Coast Trial Lawyers, nuestros abogados con experiencia en accidentes de bicicleta en Irvine han ganado m\u00e1s de 5,000 casos y han recuperado m\u00e1s de $1,000 millones en acuerdos para nuestros clientes. Debido a nuestros logros, hemos sido reconocidos como uno de los mejores bufetes de abogados de lesiones personales en Irvine.<\/p>\n<p>Comun\u00edquese con nuestro equipo legal las 24 horas, los 7 d\u00edas de la semana llamando al\u00a0<strong>213-927-3700<\/strong> o enviando un correo electr\u00f3nico a\u00a0<a href=\"mailto:info@westcoasttriallawyers.com\"><strong>info@westcoasttriallawyers.com<\/strong><\/a> para programar una consulta gratuita en nuestro bufete de abogados de lesiones personales de Irvine.<\/p>\n<h2><strong>Pasos clave a seguir despu\u00e9s de un accidente de bicicleta en Irvine<\/strong><\/h2>\n<p>Nadie espera verse involucrado en un accidente de bicicleta. Sin embargo, dado lo peligroso que es para un ciclista compartir el camino con otros automovilistas, es importante saber exactamente qu\u00e9 debe hacer inmediatamente despu\u00e9s de un accidente de bicicleta para ayudar a preservar sus derechos y asegurar toda la compensaci\u00f3n a la que tiene derecho.<\/p>\n<p>Siga estos pasos importantes despu\u00e9s de un accidente de bicicleta en Irvine:<\/p>\n<ul>\n<li><strong>Verifique usted mismo y los dem\u00e1s.<\/strong> Aseg\u00farese de verificar tambi\u00e9n a todas las partes involucradas en el accidente. Si nota lesiones o da\u00f1os, debe llamar al 911 de inmediato.<\/li>\n<li><strong>Llame al 911.<\/strong> La polic\u00eda llegar\u00e1 al lugar del accidente y completar\u00e1 un informe policial oficial. Los param\u00e9dicos tambi\u00e9n pueden estar presentes para brindar atenci\u00f3n m\u00e9dica inmediata a quienes la necesiten.<\/li>\n<li><strong>Intercambiar informaci\u00f3n de contacto.<\/strong> Aseg\u00farese de recopilar los nombres, las direcciones, los n\u00fameros de tel\u00e9fono y la informaci\u00f3n de la licencia de conducir de todas las personas involucradas en el accidente de bicicleta. Si es posible, y si est\u00e1n dispuestos, solicite la misma informaci\u00f3n a cualquier testigo. Tener testigos que hablen en su nombre es otra excelente manera de fortalecer su reclamo.<\/li>\n<li><strong>Reunir evidencias.<\/strong> Es normal sentirse abrumado despu\u00e9s de un accidente de bicicleta, pero documentar lo sucedido es una gran idea y te servir\u00e1 a largo plazo. Aseg\u00farese de anotar las horas y los lugares, las condiciones de la carretera y del clima, y \u200b\u200btodo lo que sucedi\u00f3 exactamente como lo recuerda. Use la c\u00e1mara de su tel\u00e9fono celular para tomar fotograf\u00edas de la escena del accidente, los da\u00f1os a su bicicleta y las lesiones que ha sufrido.<\/li>\n<li><strong>No hables del accidente.\u00a0<\/strong>No se disculpe por el accidente de bicicleta ni sugiera que usted puede tener la culpa, incluso si cree que fue el responsable. Si es posible, no discuta el accidente con ninguna persona involucrada.<\/li>\n<li><strong>Obtenga asistencia m\u00e9dica.\u00a0<\/strong>Muchas personas no experimentan ning\u00fan s\u00edntoma despu\u00e9s de un accidente hasta d\u00edas, semanas o incluso meses despu\u00e9s. Siempre es una buena idea poner su salud primero y hacerse un examen para asegurarse de que est\u00e1 bien. Su visita se guardar\u00e1 en un archivo y se puede usar como evidencia para incluir en su reclamo.<\/li>\n<\/ul>\n<p>Seguir estos pasos puede ayudar a construir su reclamo.<strong>\u00a0<\/strong>Sin embargo, dado que las reclamaciones por accidentes de bicicleta son notoriamente complejas, recomendamos hablar con un abogado experimentado en accidentes de bicicleta de Irvine. El abogado puede revisar su reclamo para determinar si la informaci\u00f3n que tiene disponible cumple con los criterios de un reclamo s\u00f3lido. Tambi\u00e9n pueden negociar con las compa\u00f1\u00edas de seguros para asegurarse de que obtenga la compensaci\u00f3n que merece por los da\u00f1os causados \u200b\u200bpor el accidente.<\/p>\n<h2><strong>Da\u00f1os disponibles en un reclamo por accidente de bicicleta en Irvine<\/strong><\/h2>\n<p>A continuaci\u00f3n, nuestros abogados con experiencia en accidentes de bicicleta ofrecer\u00e1n una explicaci\u00f3n muy b\u00e1sica de la compensaci\u00f3n monetaria disponible despu\u00e9s de un reclamo por lesiones personales.<\/p>\n<p><strong>Los da\u00f1os compensatorios<\/strong> est\u00e1n destinados a compensar a un ciclista lesionado por las lesiones y la p\u00e9rdida de propiedad sufrida despu\u00e9s de un caso de lesiones personales. Por lo general, se divide en da\u00f1os econ\u00f3micos y da\u00f1os no econ\u00f3micos.<\/p>\n<p><strong>Los da\u00f1os econ\u00f3micos\u00a0<\/strong>cubren las p\u00e9rdidas a las que se puede adjuntar una cantidad espec\u00edfica en d\u00f3lares. Estos da\u00f1os se determinan en funci\u00f3n de la cantidad de p\u00e9rdidas de bolsillo en las que incurrir\u00e1 un ciclista como resultado de sus lesiones, como facturas m\u00e9dicas y salarios perdidos.<\/p>\n<p><strong>Los da\u00f1os no econ\u00f3micos<\/strong> cubren p\u00e9rdidas \u201csubjetivas\u201d y no necesariamente cubren gastos de bolsillo. Estos da\u00f1os incluyen compensaci\u00f3n por angustia emocional y dolor y sufrimiento.<\/p>\n<p><strong>Los da\u00f1os punitivos<\/strong> est\u00e1n destinados a castigar a un acusado que actu\u00f3 de manera deliberadamente da\u00f1ina o temeraria. Un ejemplo obvio ser\u00eda cuando un conductor intencionalmente intenta atropellar a un ciclista.<\/p>\n<h2><strong>Los abogados litigantes de la costa oeste est\u00e1n aqu\u00ed para ayudar<\/strong><\/h2>\n<p>Si estuvo involucrado en un accidente de bicicleta y le gustar\u00eda emprender acciones legales contra la parte culpable, West Coast Trial Lawyers tiene abogados con experiencia en accidentes de bicicleta en Irvine que est\u00e1n disponibles para ayudarle con su caso.<\/p>\n<p>Comun\u00edquese hoy con nuestro equipo legal disponible las 24 horas, los 7 d\u00edas de la semana llamando al\u00a0<strong>213-927-3700<\/strong> o enviando un correo electr\u00f3nico a<strong>\u00a0<\/strong><a href=\"mailto:info@westcoasttriallawyers.com\"><strong>info@westcoasttriallawyers.com<\/strong><\/a><strong>\u00a0<\/strong>para programar una consulta gratuita en nuestro bufete de abogados de lesiones personales de Irvine.<br \/>\n<!-- WCTL_DEBUG: no shortcode in this_content --><\/p>\n","protected":false},"excerpt":{"rendered":"<p>Aqu\u00ed hay una lista de pasos que debe considerar tomar despu\u00e9s de un accidente de bicicleta en Irvine Llegar al trabajo en el centro de Irvine puede convertirse f\u00e1cilmente en una verdadera pesadilla. Con toda la congesti\u00f3n del tr\u00e1fico en las autopistas 405 y 5, no sorprende que tantas personas elijan otras formas de transporte, [&hellip;]<\/p>\n","protected":false},"author":475,"featured_media":45826,"parent":47388,"menu_order":0,"comment_status":"closed","ping_status":"closed","template":"","meta":{"inline_featured_image":false,"footnotes":""},"class_list":["post-13075","page","type-page","status-publish","has-post-thumbnail","hentry"],"acf":[],"yoast_head":"<!-- This site is optimized with the Yoast SEO Premium plugin v26.0 (Yoast SEO v26.0) - https:\/\/yoast.com\/wordpress\/plugins\/seo\/ -->\n<title>Abogado de Accidentes de Bicicleta en Irvine | West Coast Trial Lawyers<\/title>\n<meta name=\"robots\" content=\"index, follow, max-snippet:-1, max-image-preview:large, max-video-preview:-1\" \/>\n<link rel=\"canonical\" href=\"https:\/\/westcoasttriallawyers.com\/es\/california\/irvine\/abogados-accidentes-bicicleta-irvine\" \/>\n<meta property=\"og:locale\" content=\"es_ES\" \/>\n<meta property=\"og:type\" content=\"article\" \/>\n<meta property=\"og:title\" content=\"Abogado de Accidentes de Bicicleta en Irvine\" \/>\n<meta property=\"og:description\" content=\"Aqu\u00ed hay una lista de pasos que debe considerar tomar despu\u00e9s de un accidente de bicicleta en Irvine Llegar al trabajo en el centro de Irvine puede convertirse f\u00e1cilmente en una verdadera pesadilla. Con toda la congesti\u00f3n del tr\u00e1fico en las autopistas 405 y 5, no sorprende que tantas personas elijan otras formas de transporte, [&hellip;]\" \/>\n<meta property=\"og:url\" content=\"https:\/\/westcoasttriallawyers.com\/es\/california\/irvine\/abogados-accidentes-bicicleta-irvine\" \/>\n<meta property=\"og:site_name\" content=\"West Coast Trial Lawyers\" \/>\n<meta property=\"article:publisher\" content=\"https:\/\/www.facebook.com\/westcoasttriallawyers\/\" \/>\n<meta property=\"article:modified_time\" content=\"2026-01-23T20:06:24+00:00\" \/>\n<meta property=\"og:image\" content=\"https:\/\/westcoasttriallawyers.com\/wp-content\/uploads\/2025\/07\/Irvine-Accident-Lawyer-Page-1-1.webp\" \/>\n\t<meta property=\"og:image:width\" content=\"557\" \/>\n\t<meta property=\"og:image:height\" content=\"328\" \/>\n\t<meta property=\"og:image:type\" content=\"image\/webp\" \/>\n<meta name=\"twitter:card\" content=\"summary_large_image\" \/>\n<meta name=\"twitter:site\" content=\"@WestCoastTrial\" \/>\n<meta name=\"twitter:label1\" content=\"Tiempo de lectura\" \/>\n\t<meta name=\"twitter:data1\" content=\"5 minutos\" \/>\n<script type=\"application\/ld+json\" class=\"yoast-schema-graph\">{\"@context\":\"https:\/\/schema.org\",\"@graph\":[{\"@type\":[\"WebPage\",\"ItemPage\"],\"@id\":\"https:\/\/westcoasttriallawyers.com\/es\/california\/irvine\/abogados-accidentes-bicicleta-irvine\",\"url\":\"https:\/\/westcoasttriallawyers.com\/es\/california\/irvine\/abogados-accidentes-bicicleta-irvine\",\"name\":\"Abogado de Accidentes de Bicicleta en Irvine | West Coast Trial Lawyers\",\"isPartOf\":{\"@id\":\"https:\/\/westcoasttriallawyers.com\/es#website\"},\"primaryImageOfPage\":{\"@id\":\"https:\/\/westcoasttriallawyers.com\/es\/california\/irvine\/abogados-accidentes-bicicleta-irvine#primaryimage\"},\"image\":{\"@id\":\"https:\/\/westcoasttriallawyers.com\/es\/california\/irvine\/abogados-accidentes-bicicleta-irvine#primaryimage\"},\"thumbnailUrl\":\"https:\/\/westcoasttriallawyers.com\/wp-content\/uploads\/2025\/07\/Irvine-Accident-Lawyer-Page-1-1.webp\",\"datePublished\":\"2026-01-13T23:31:32+00:00\",\"dateModified\":\"2026-01-23T20:06:24+00:00\",\"breadcrumb\":{\"@id\":\"https:\/\/westcoasttriallawyers.com\/es\/california\/irvine\/abogados-accidentes-bicicleta-irvine#breadcrumb\"},\"inLanguage\":\"es\",\"potentialAction\":[{\"@type\":\"ReadAction\",\"target\":[\"https:\/\/westcoasttriallawyers.com\/es\/california\/irvine\/abogados-accidentes-bicicleta-irvine\"]}]},{\"@type\":\"ImageObject\",\"inLanguage\":\"es\",\"@id\":\"https:\/\/westcoasttriallawyers.com\/es\/california\/irvine\/abogados-accidentes-bicicleta-irvine#primaryimage\",\"url\":\"https:\/\/westcoasttriallawyers.com\/wp-content\/uploads\/2025\/07\/Irvine-Accident-Lawyer-Page-1-1.webp\",\"contentUrl\":\"https:\/\/westcoasttriallawyers.com\/wp-content\/uploads\/2025\/07\/Irvine-Accident-Lawyer-Page-1-1.webp\",\"width\":557,\"height\":328},{\"@type\":\"BreadcrumbList\",\"@id\":\"https:\/\/westcoasttriallawyers.com\/es\/california\/irvine\/abogados-accidentes-bicicleta-irvine#breadcrumb\",\"itemListElement\":[{\"@type\":\"ListItem\",\"position\":1,\"name\":\"Inicio\",\"item\":\"https:\/\/westcoasttriallawyers.com\/es\"},{\"@type\":\"ListItem\",\"position\":2,\"name\":\"California\",\"item\":\"https:\/\/westcoasttriallawyers.com\/es\/california\"},{\"@type\":\"ListItem\",\"position\":3,\"name\":\"Irvine\",\"item\":\"https:\/\/westcoasttriallawyers.com\/es\/california\/irvine\"},{\"@type\":\"ListItem\",\"position\":4,\"name\":\"Abogado de Accidentes de Bicicleta en Irvine\"}]},{\"@type\":\"WebSite\",\"@id\":\"https:\/\/westcoasttriallawyers.com\/es#website\",\"url\":\"https:\/\/westcoasttriallawyers.com\/es\",\"name\":\"West Coast Trial Lawyers\",\"description\":\"West Coast Trial Lawyers\",\"publisher\":{\"@id\":\"https:\/\/westcoasttriallawyers.com\/es#organization\"},\"alternateName\":\"WCTL\",\"potentialAction\":[{\"@type\":\"SearchAction\",\"target\":{\"@type\":\"EntryPoint\",\"urlTemplate\":\"https:\/\/westcoasttriallawyers.com\/es?s={search_term_string}\"},\"query-input\":{\"@type\":\"PropertyValueSpecification\",\"valueRequired\":true,\"valueName\":\"search_term_string\"}}],\"inLanguage\":\"es\"},{\"@type\":\"Organization\",\"@id\":\"https:\/\/westcoasttriallawyers.com\/es#organization\",\"name\":\"West Coast Trial Lawyers\",\"alternateName\":\"WCTL\",\"url\":\"https:\/\/westcoasttriallawyers.com\/es\",\"logo\":{\"@type\":\"ImageObject\",\"inLanguage\":\"es\",\"@id\":\"https:\/\/westcoasttriallawyers.com\/es#\/schema\/logo\/image\/\",\"url\":\"https:\/\/westcoasttriallawyers.com\/wp-content\/uploads\/2026\/02\/WCTL-Logo.jpg\",\"contentUrl\":\"https:\/\/westcoasttriallawyers.com\/wp-content\/uploads\/2026\/02\/WCTL-Logo.jpg\",\"width\":696,\"height\":696,\"caption\":\"West Coast Trial Lawyers\"},\"image\":{\"@id\":\"https:\/\/westcoasttriallawyers.com\/es#\/schema\/logo\/image\/\"},\"sameAs\":[\"https:\/\/www.facebook.com\/westcoasttriallawyers\/\",\"https:\/\/x.com\/WestCoastTrial\",\"https:\/\/www.linkedin.com\/company\/west-coast-trial-lawyers\/\",\"https:\/\/www.instagram.com\/westcoasttriallawyers\/\",\"https:\/\/www.yelp.com\/biz\/west-coast-trial-lawyers-los-angeles-2\",\"https:\/\/www.pinterest.com\/westcoasttrial\/\",\"https:\/\/www.youtube.com\/westcoasttriallawyersla\/\",\"https:\/\/www.tiktok.com\/westcoasttriallawyers\"],\"description\":\"West Coast Trial Lawyers is a top-rated personal injury law firm with a goal to provide expert legal representation to those in need. The law firm has offices across California, Nevada, Arizona, and Washington.\",\"legalName\":\"West Coast Trial Lawyers\"}]}<\/script>\n<!-- \/ Yoast SEO Premium plugin. -->","yoast_head_json":{"title":"Abogado de Accidentes de Bicicleta en Irvine | West Coast Trial Lawyers","robots":{"index":"index","follow":"follow","max-snippet":"max-snippet:-1","max-image-preview":"max-image-preview:large","max-video-preview":"max-video-preview:-1"},"canonical":"https:\/\/westcoasttriallawyers.com\/es\/california\/irvine\/abogados-accidentes-bicicleta-irvine","og_locale":"es_ES","og_type":"article","og_title":"Abogado de Accidentes de Bicicleta en Irvine","og_description":"Aqu\u00ed hay una lista de pasos que debe considerar tomar despu\u00e9s de un accidente de bicicleta en Irvine Llegar al trabajo en el centro de Irvine puede convertirse f\u00e1cilmente en una verdadera pesadilla. Con toda la congesti\u00f3n del tr\u00e1fico en las autopistas 405 y 5, no sorprende que tantas personas elijan otras formas de transporte, [&hellip;]","og_url":"https:\/\/westcoasttriallawyers.com\/es\/california\/irvine\/abogados-accidentes-bicicleta-irvine","og_site_name":"West Coast Trial Lawyers","article_publisher":"https:\/\/www.facebook.com\/westcoasttriallawyers\/","article_modified_time":"2026-01-23T20:06:24+00:00","og_image":[{"width":557,"height":328,"url":"https:\/\/westcoasttriallawyers.com\/wp-content\/uploads\/2025\/07\/Irvine-Accident-Lawyer-Page-1-1.webp","type":"image\/webp"}],"twitter_card":"summary_large_image","twitter_site":"@WestCoastTrial","twitter_misc":{"Tiempo de lectura":"5 minutos"},"schema":{"@context":"https:\/\/schema.org","@graph":[{"@type":["WebPage","ItemPage"],"@id":"https:\/\/westcoasttriallawyers.com\/es\/california\/irvine\/abogados-accidentes-bicicleta-irvine","url":"https:\/\/westcoasttriallawyers.com\/es\/california\/irvine\/abogados-accidentes-bicicleta-irvine","name":"Abogado de Accidentes de Bicicleta en Irvine | West Coast Trial Lawyers","isPartOf":{"@id":"https:\/\/westcoasttriallawyers.com\/es#website"},"primaryImageOfPage":{"@id":"https:\/\/westcoasttriallawyers.com\/es\/california\/irvine\/abogados-accidentes-bicicleta-irvine#primaryimage"},"image":{"@id":"https:\/\/westcoasttriallawyers.com\/es\/california\/irvine\/abogados-accidentes-bicicleta-irvine#primaryimage"},"thumbnailUrl":"https:\/\/westcoasttriallawyers.com\/wp-content\/uploads\/2025\/07\/Irvine-Accident-Lawyer-Page-1-1.webp","datePublished":"2026-01-13T23:31:32+00:00","dateModified":"2026-01-23T20:06:24+00:00","breadcrumb":{"@id":"https:\/\/westcoasttriallawyers.com\/es\/california\/irvine\/abogados-accidentes-bicicleta-irvine#breadcrumb"},"inLanguage":"es","potentialAction":[{"@type":"ReadAction","target":["https:\/\/westcoasttriallawyers.com\/es\/california\/irvine\/abogados-accidentes-bicicleta-irvine"]}]},{"@type":"ImageObject","inLanguage":"es","@id":"https:\/\/westcoasttriallawyers.com\/es\/california\/irvine\/abogados-accidentes-bicicleta-irvine#primaryimage","url":"https:\/\/westcoasttriallawyers.com\/wp-content\/uploads\/2025\/07\/Irvine-Accident-Lawyer-Page-1-1.webp","contentUrl":"https:\/\/westcoasttriallawyers.com\/wp-content\/uploads\/2025\/07\/Irvine-Accident-Lawyer-Page-1-1.webp","width":557,"height":328},{"@type":"BreadcrumbList","@id":"https:\/\/westcoasttriallawyers.com\/es\/california\/irvine\/abogados-accidentes-bicicleta-irvine#breadcrumb","itemListElement":[{"@type":"ListItem","position":1,"name":"Inicio","item":"https:\/\/westcoasttriallawyers.com\/es"},{"@type":"ListItem","position":2,"name":"California","item":"https:\/\/westcoasttriallawyers.com\/es\/california"},{"@type":"ListItem","position":3,"name":"Irvine","item":"https:\/\/westcoasttriallawyers.com\/es\/california\/irvine"},{"@type":"ListItem","position":4,"name":"Abogado de Accidentes de Bicicleta en Irvine"}]},{"@type":"WebSite","@id":"https:\/\/westcoasttriallawyers.com\/es#website","url":"https:\/\/westcoasttriallawyers.com\/es","name":"West Coast Trial Lawyers","description":"West Coast Trial Lawyers","publisher":{"@id":"https:\/\/westcoasttriallawyers.com\/es#organization"},"alternateName":"WCTL","potentialAction":[{"@type":"SearchAction","target":{"@type":"EntryPoint","urlTemplate":"https:\/\/westcoasttriallawyers.com\/es?s={search_term_string}"},"query-input":{"@type":"PropertyValueSpecification","valueRequired":true,"valueName":"search_term_string"}}],"inLanguage":"es"},{"@type":"Organization","@id":"https:\/\/westcoasttriallawyers.com\/es#organization","name":"West Coast Trial Lawyers","alternateName":"WCTL","url":"https:\/\/westcoasttriallawyers.com\/es","logo":{"@type":"ImageObject","inLanguage":"es","@id":"https:\/\/westcoasttriallawyers.com\/es#\/schema\/logo\/image\/","url":"https:\/\/westcoasttriallawyers.com\/wp-content\/uploads\/2026\/02\/WCTL-Logo.jpg","contentUrl":"https:\/\/westcoasttriallawyers.com\/wp-content\/uploads\/2026\/02\/WCTL-Logo.jpg","width":696,"height":696,"caption":"West Coast Trial Lawyers"},"image":{"@id":"https:\/\/westcoasttriallawyers.com\/es#\/schema\/logo\/image\/"},"sameAs":["https:\/\/www.facebook.com\/westcoasttriallawyers\/","https:\/\/x.com\/WestCoastTrial","https:\/\/www.linkedin.com\/company\/west-coast-trial-lawyers\/","https:\/\/www.instagram.com\/westcoasttriallawyers\/","https:\/\/www.yelp.com\/biz\/west-coast-trial-lawyers-los-angeles-2","https:\/\/www.pinterest.com\/westcoasttrial\/","https:\/\/www.youtube.com\/westcoasttriallawyersla\/","https:\/\/www.tiktok.com\/westcoasttriallawyers"],"description":"West Coast Trial Lawyers is a top-rated personal injury law firm with a goal to provide expert legal representation to those in need. The law firm has offices across California, Nevada, Arizona, and Washington.","legalName":"West Coast Trial Lawyers"}]}},"_links":{"self":[{"href":"https:\/\/westcoasttriallawyers.com\/es\/wp-json\/wp\/v2\/pages\/13075","targetHints":{"allow":["GET"]}}],"collection":[{"href":"https:\/\/westcoasttriallawyers.com\/es\/wp-json\/wp\/v2\/pages"}],"about":[{"href":"https:\/\/westcoasttriallawyers.com\/es\/wp-json\/wp\/v2\/types\/page"}],"author":[{"embeddable":true,"href":"https:\/\/westcoasttriallawyers.com\/es\/wp-json\/wp\/v2\/users\/475"}],"replies":[{"embeddable":true,"href":"https:\/\/westcoasttriallawyers.com\/es\/wp-json\/wp\/v2\/comments?post=13075"}],"version-history":[{"count":4,"href":"https:\/\/westcoasttriallawyers.com\/es\/wp-json\/wp\/v2\/pages\/13075\/revisions"}],"predecessor-version":[{"id":48154,"href":"https:\/\/westcoasttriallawyers.com\/es\/wp-json\/wp\/v2\/pages\/13075\/revisions\/48154"}],"up":[{"embeddable":true,"href":"https:\/\/westcoasttriallawyers.com\/es\/wp-json\/wp\/v2\/pages\/47388"}],"wp:featuredmedia":[{"embeddable":true,"href":"https:\/\/westcoasttriallawyers.com\/es\/wp-json\/wp\/v2\/media\/45826"}],"wp:attachment":[{"href":"https:\/\/westcoasttriallawyers.com\/es\/wp-json\/wp\/v2\/media?parent=13075"}],"curies":[{"name":"wp","href":"https:\/\/api.w.org\/{rel}","templated":true}]}}