{"id":13074,"date":"2026-01-13T23:31:33","date_gmt":"2026-01-13T23:31:33","guid":{"rendered":"https:\/\/wctl1stg.wpengine.com\/?page_id=13074"},"modified":"2026-01-23T19:46:48","modified_gmt":"2026-01-23T19:46:48","slug":"abogados-accidentes-quemadura-irvine","status":"publish","type":"page","link":"https:\/\/westcoasttriallawyers.com\/es\/california\/irvine\/abogados-accidentes-quemadura-irvine","title":{"rendered":"Abogado de Lesiones por Quemaduras en Irvine"},"content":{"rendered":"<h2><strong>\u00bfPueden la causa y la gravedad de una lesi\u00f3n por quemadura afectar su oferta de conciliaci\u00f3n?<\/strong><\/h2>\n<p>Las lesiones por quemaduras se encuentran entre las lesiones personales m\u00e1s dolorosas y traum\u00e1ticas que cualquiera puede soportar. Una v\u00edctima de lesi\u00f3n por quemadura grave a menudo perder\u00e1 su capacidad natural para combatir la enfermedad y la deshidrataci\u00f3n. Las peores quemaduras pueden destruir la elasticidad de la piel, las gl\u00e1ndulas sudor\u00edparas y los fol\u00edculos pilosos. Muchas v\u00edctimas de lesiones graves por quemaduras desarrollar\u00e1n problemas de movilidad y respiraci\u00f3n de por vida.<\/p>\n<p>Este tipo de lesi\u00f3n puede tener el potencial de crear m\u00e1s de un tipo de trauma. Adem\u00e1s de los riesgos de desarrollar cicatrices f\u00edsicas, las cicatrices psicol\u00f3gicas pueden hacer que sea imposible vivir una vida normal. Las peores v\u00edctimas de lesiones por quemaduras a menudo deben lidiar con las miradas de la gente, los comentarios groseros e incluso la discriminaci\u00f3n.<\/p>\n<p>Las lesiones por quemaduras son un tipo de lesiones personales, lo que significa que las v\u00edctimas generalmente tienen derecho a presentar un reclamo por lesiones personales para recuperar los da\u00f1os monetarios por sus lesiones y p\u00e9rdidas financieras. La mayor\u00eda de las reclamaciones por lesiones por quemaduras de Irvine generalmente se basan en negligencia, defectos del producto y responsabilidad de las instalaciones.<\/p>\n<p>Si sufre una lesi\u00f3n por quemadura debido a la culpa de un tercero, puede ser elegible para recibir una compensaci\u00f3n por da\u00f1os y perjuicios. En West Coast Trial Lawyers, nuestros abogados experimentados en lesiones por quemaduras de Irvine est\u00e1n disponibles para ayudarle con su caso. Con nuestro historial de ganar m\u00e1s de 5000 casos de lesiones personales, estamos seguros de que obtendremos un buen resultado en su acuerdo.<\/p>\n<p>No dude en comunicarse con nuestro equipo legal las 24 horas, los 7 d\u00edas de la semana llamando al\u00a0<strong>213-927-3700<\/strong> o enviando un correo electr\u00f3nico a\u00a0<a href=\"mailto:info@westcoasttriallawyers.com\"><strong>info@westcoasttriallawyers.com<\/strong><\/a> para programar una consulta gratuita en nuestro bufete de abogados de lesiones personales de Irvine.<\/p>\n<h2><strong>Tipos comunes de causas de quemaduras<\/strong><\/h2>\n<ul>\n<li><strong>Quemaduras por llamas:<\/strong> las quemaduras por llamas se observan con m\u00e1s frecuencia despu\u00e9s de incendios en edificios o por contacto directo con llamas abiertas.<\/li>\n<li><strong>Quemadura el\u00e9ctrica:<\/strong> esta quemadura es causada por la electricidad que pasa a trav\u00e9s del tejido vulnerable de la piel.<\/li>\n<li><strong>Quemadura de contacto:<\/strong> este tipo de quemaduras es muy com\u00fan y no suele implicar negligencia. Ocurre al tocar objetos calientes, como aparatos de cocina, cigarrillos o equipos que irradian a temperaturas extremas.<\/li>\n<li><strong>Quemadura por rel\u00e1mpago:<\/strong> Las quemaduras por rel\u00e1mpago son causadas por la ignici\u00f3n repentina de un l\u00edquido o gas inflamable.<\/li>\n<li><strong>Quemadura por escaldadura:<\/strong> una quemadura por escaldadura ocurre justo despu\u00e9s de que hay contacto directo con un l\u00edquido caliente.<\/li>\n<li><strong>Quemadura de vapor:<\/strong> esta quemadura generalmente es causada por accidentes industriales. Sin embargo, tambi\u00e9n pueden ser causados por aparatos defectuosos que se encuentran bajo una presi\u00f3n extrema.<\/li>\n<li><strong>Quemadura qu\u00edmica:\u00a0<\/strong>una quemadura qu\u00edmica puede ser causada por la exposici\u00f3n a un \u00e1cido o base fuerte que se ve com\u00fanmente en humectantes, cremas para depilar, art\u00edculos de limpieza para el hogar y productos qu\u00edmicos industriales.<\/li>\n<\/ul>\n<h2><strong>Negligencia y lesiones por quemaduras<\/strong><\/h2>\n<p>\u00bfQu\u00e9 es la negligencia en lo que respecta a las lesiones por quemaduras? La negligencia es cuando un individuo o empresa comete acciones imprudentes que pueden resultar en un accidente. La v\u00edctima del accidente puede enfrentar lesiones y da\u00f1os que pueden ser compensados \u200b\u200bsi elige presentar un reclamo por lesiones personales contra la parte negligente culpable.<\/p>\n<p>Por ejemplo, Robert est\u00e1 disfrutando de una fogata de fin de semana con un grupo de amigos en Heisler Park, no muy lejos del centro de Irvine. Robert trajo muchas bebidas alcoh\u00f3licas y una peque\u00f1a tanda de fuegos artificiales.<\/p>\n<p>Robert y sus amigos comienzan a beber en exceso. Mientras Robert socializa borracho con sus compa\u00f1eros, se da cuenta de su amiga Mary, que se asusta f\u00e1cilmente. Robert, debido a su estado de embriaguez, piensa que ser\u00eda una broma muy graciosa encender unos cuantos fuegos artificiales y tirarlos cerca de los pies de Mary. Obviamente, esto no es suficiente potencia de fuego para causarle a Mary, oa cualquiera, un da\u00f1o real.<\/p>\n<p>Sin embargo, debido a que Robert est\u00e1 muy intoxicado, sus fuegos artificiales no dan en el blanco. Desafortunadamente, todo el lote de fuegos artificiales aterriza justo en medio de una hoguera ardiente. Esto provoca una explosi\u00f3n repentina que quema gravemente la cara y las manos de Mary. Robert no ten\u00eda ninguna intenci\u00f3n real de lastimar a Mary. Sin embargo, su negligencia fue la causa directa de las lesiones de Mary.<\/p>\n<p>Mary puede ser elegible para presentar un reclamo por lesiones personales contra Robert, ya que \u00e9l es responsable de los da\u00f1os causados \u200b\u200bpor su negligencia. En esencia, esto significa que es casi seguro que Robert tendr\u00eda que pagar las facturas m\u00e9dicas de Mary, los salarios perdidos, el dolor y el sufrimiento, y m\u00e1s.<\/p>\n<p>La siguiente informaci\u00f3n es muy importante. Si sufri\u00f3 lesiones por quemaduras debido a la negligencia de alguien y desea presentar con \u00e9xito un reclamo por lesiones por quemaduras en su contra, debe probar que el demandado le deb\u00eda un deber de cuidado, no cumpli\u00f3 con este deber de cuidado y que esta falla caus\u00f3 su quemadura lesiones.<\/p>\n<h2>C\u00f3mo ocurri\u00f3 la quemadura importa<\/h2>\n<p>Las circunstancias de la quemadura en s\u00ed, as\u00ed como su ubicaci\u00f3n espec\u00edfica, son consideraciones importantes al determinar el monto exacto en d\u00f3lares de un acuerdo por lesi\u00f3n por quemadura. Un tribunal considerar\u00e1 no solo la gravedad de la quemadura, sino tambi\u00e9n la forma en que afectar\u00e1 la calidad de vida de la v\u00edctima en el futuro. Los montos de los acuerdos no son f\u00e1cilmente predecibles cuando se trata de lesiones por quemaduras, y variar\u00e1n seg\u00fan las circunstancias espec\u00edficas.<\/p>\n<p>Consideremos el ejemplo anterior que involucra a Robert y Mary. En ese ejemplo, la quemadura de Mar\u00eda ocurri\u00f3 en su rostro. Por lo tanto, se valora m\u00e1s un arreglo que involucra quemaduras faciales que una quemadura que ocurri\u00f3 en un lugar menos visible, como un brazo.<\/p>\n<p>Analicemos otra consideraci\u00f3n. \u00bfQu\u00e9 pasa si una v\u00edctima de quemaduras result\u00f3 herida en un accidente que no era potencialmente evitable? El valor de tal caso probablemente ser\u00e1 menor que un caso en el que una v\u00edctima result\u00f3 herida porque alguien no sigui\u00f3 las normas de seguridad necesarias. Las lesiones por quemaduras que eran prevenibles muy probablemente calificar\u00edan para mayores da\u00f1os que aquellas que no eran f\u00e1cilmente previsibles.<\/p>\n<h2><strong>\u00bfQu\u00e9 pasa con el dolor y el sufrimiento?<\/strong><\/h2>\n<p>Dado que las lesiones por quemaduras tienen el potencial de causar problemas de salud de por vida, as\u00ed como desfiguraci\u00f3n permanente, las v\u00edctimas a menudo tienen derecho a da\u00f1os y perjuicios por dolor y sufrimiento f\u00edsico y emocional. Los da\u00f1os por dolor y sufrimiento tienen en cuenta la realidad de que las v\u00edctimas experimentaron la verg\u00fcenza y la verg\u00fcenza de la deformidad f\u00edsica por el resto de sus vidas.<\/p>\n<p>Adem\u00e1s, si se puede probar que un acusado trat\u00f3 deliberadamente de causarle a alguien lesiones por quemaduras, ese individuo probablemente calificar\u00eda para da\u00f1os punitivos. Los da\u00f1os punitivos no son muy comunes, sin embargo, se otorgan cuando un acusado intencionalmente intent\u00f3 causar da\u00f1o a alguien.<\/p>\n<h2><strong>Los abogados litigantes de la costa oeste est\u00e1n aqu\u00ed para ayudar<\/strong><\/h2>\n<p>Si ha sufrido lesiones por quemaduras como resultado de la negligencia de alguien o actos deliberados de malicia, tiene derecho a responsabilizar a la parte culpable por sus p\u00e9rdidas. Un abogado de lesiones por quemaduras de Irvine en West Coast Trial Lawyers puede recuperar una compensaci\u00f3n por sus p\u00e9rdidas.<\/p>\n<p>Ll\u00e1menos hoy al\u00a0<strong>213-927-3700<\/strong> o env\u00ede un correo electr\u00f3nico a\u00a0<a href=\"mailto:info@westcoasttriallawyers.com\"><strong>info@westcoasttriallawyers.com<\/strong><\/a> para programar una consulta gratuita con nuestro equipo legal experimentado, atento y compasivo.<br \/>\n<!-- WCTL_DEBUG: no shortcode in this_content --><\/p>\n","protected":false},"excerpt":{"rendered":"<p>\u00bfPueden la causa y la gravedad de una lesi\u00f3n por quemadura afectar su oferta de conciliaci\u00f3n? Las lesiones por quemaduras se encuentran entre las lesiones personales m\u00e1s dolorosas y traum\u00e1ticas que cualquiera puede soportar. Una v\u00edctima de lesi\u00f3n por quemadura grave a menudo perder\u00e1 su capacidad natural para combatir la enfermedad y la deshidrataci\u00f3n. Las [&hellip;]<\/p>\n","protected":false},"author":475,"featured_media":45831,"parent":47388,"menu_order":0,"comment_status":"closed","ping_status":"closed","template":"","meta":{"inline_featured_image":false,"footnotes":""},"class_list":["post-13074","page","type-page","status-publish","has-post-thumbnail","hentry"],"acf":[],"yoast_head":"<!-- This site is optimized with the Yoast SEO Premium plugin v26.0 (Yoast SEO v26.0) - https:\/\/yoast.com\/wordpress\/plugins\/seo\/ -->\n<title>Abogado de Lesiones por Quemaduras en Irvine | West Coast Trial Lawyers<\/title>\n<meta name=\"robots\" content=\"index, follow, max-snippet:-1, max-image-preview:large, max-video-preview:-1\" \/>\n<link rel=\"canonical\" href=\"https:\/\/westcoasttriallawyers.com\/es\/california\/irvine\/abogados-accidentes-quemadura-irvine\" \/>\n<meta property=\"og:locale\" content=\"es_ES\" \/>\n<meta property=\"og:type\" content=\"article\" \/>\n<meta property=\"og:title\" content=\"Abogado de Lesiones por Quemaduras en Irvine\" \/>\n<meta property=\"og:description\" content=\"\u00bfPueden la causa y la gravedad de una lesi\u00f3n por quemadura afectar su oferta de conciliaci\u00f3n? Las lesiones por quemaduras se encuentran entre las lesiones personales m\u00e1s dolorosas y traum\u00e1ticas que cualquiera puede soportar. Una v\u00edctima de lesi\u00f3n por quemadura grave a menudo perder\u00e1 su capacidad natural para combatir la enfermedad y la deshidrataci\u00f3n. Las [&hellip;]\" \/>\n<meta property=\"og:url\" content=\"https:\/\/westcoasttriallawyers.com\/es\/california\/irvine\/abogados-accidentes-quemadura-irvine\" \/>\n<meta property=\"og:site_name\" content=\"West Coast Trial Lawyers\" \/>\n<meta property=\"article:publisher\" content=\"https:\/\/www.facebook.com\/westcoasttriallawyers\/\" \/>\n<meta property=\"article:modified_time\" content=\"2026-01-23T19:46:48+00:00\" \/>\n<meta property=\"og:image\" content=\"https:\/\/westcoasttriallawyers.com\/wp-content\/uploads\/2025\/07\/Irvine-Accident-Lawyer-Page-1-3.webp\" \/>\n\t<meta property=\"og:image:width\" content=\"557\" \/>\n\t<meta property=\"og:image:height\" content=\"328\" \/>\n\t<meta property=\"og:image:type\" content=\"image\/webp\" \/>\n<meta name=\"twitter:card\" content=\"summary_large_image\" \/>\n<meta name=\"twitter:site\" content=\"@WestCoastTrial\" \/>\n<meta name=\"twitter:label1\" content=\"Tiempo de lectura\" \/>\n\t<meta name=\"twitter:data1\" content=\"6 minutos\" \/>\n<script type=\"application\/ld+json\" class=\"yoast-schema-graph\">{\"@context\":\"https:\/\/schema.org\",\"@graph\":[{\"@type\":[\"WebPage\",\"ItemPage\"],\"@id\":\"https:\/\/westcoasttriallawyers.com\/es\/california\/irvine\/abogados-accidentes-quemadura-irvine\",\"url\":\"https:\/\/westcoasttriallawyers.com\/es\/california\/irvine\/abogados-accidentes-quemadura-irvine\",\"name\":\"Abogado de Lesiones por Quemaduras en Irvine | West Coast Trial Lawyers\",\"isPartOf\":{\"@id\":\"https:\/\/westcoasttriallawyers.com\/es#website\"},\"primaryImageOfPage\":{\"@id\":\"https:\/\/westcoasttriallawyers.com\/es\/california\/irvine\/abogados-accidentes-quemadura-irvine#primaryimage\"},\"image\":{\"@id\":\"https:\/\/westcoasttriallawyers.com\/es\/california\/irvine\/abogados-accidentes-quemadura-irvine#primaryimage\"},\"thumbnailUrl\":\"https:\/\/westcoasttriallawyers.com\/wp-content\/uploads\/2025\/07\/Irvine-Accident-Lawyer-Page-1-3.webp\",\"datePublished\":\"2026-01-13T23:31:33+00:00\",\"dateModified\":\"2026-01-23T19:46:48+00:00\",\"breadcrumb\":{\"@id\":\"https:\/\/westcoasttriallawyers.com\/es\/california\/irvine\/abogados-accidentes-quemadura-irvine#breadcrumb\"},\"inLanguage\":\"es\",\"potentialAction\":[{\"@type\":\"ReadAction\",\"target\":[\"https:\/\/westcoasttriallawyers.com\/es\/california\/irvine\/abogados-accidentes-quemadura-irvine\"]}]},{\"@type\":\"ImageObject\",\"inLanguage\":\"es\",\"@id\":\"https:\/\/westcoasttriallawyers.com\/es\/california\/irvine\/abogados-accidentes-quemadura-irvine#primaryimage\",\"url\":\"https:\/\/westcoasttriallawyers.com\/wp-content\/uploads\/2025\/07\/Irvine-Accident-Lawyer-Page-1-3.webp\",\"contentUrl\":\"https:\/\/westcoasttriallawyers.com\/wp-content\/uploads\/2025\/07\/Irvine-Accident-Lawyer-Page-1-3.webp\",\"width\":557,\"height\":328},{\"@type\":\"BreadcrumbList\",\"@id\":\"https:\/\/westcoasttriallawyers.com\/es\/california\/irvine\/abogados-accidentes-quemadura-irvine#breadcrumb\",\"itemListElement\":[{\"@type\":\"ListItem\",\"position\":1,\"name\":\"Inicio\",\"item\":\"https:\/\/westcoasttriallawyers.com\/es\"},{\"@type\":\"ListItem\",\"position\":2,\"name\":\"California\",\"item\":\"https:\/\/westcoasttriallawyers.com\/es\/california\"},{\"@type\":\"ListItem\",\"position\":3,\"name\":\"Irvine\",\"item\":\"https:\/\/westcoasttriallawyers.com\/es\/california\/irvine\"},{\"@type\":\"ListItem\",\"position\":4,\"name\":\"Abogado de Lesiones por Quemaduras en Irvine\"}]},{\"@type\":\"WebSite\",\"@id\":\"https:\/\/westcoasttriallawyers.com\/es#website\",\"url\":\"https:\/\/westcoasttriallawyers.com\/es\",\"name\":\"West Coast Trial Lawyers\",\"description\":\"West Coast Trial Lawyers\",\"publisher\":{\"@id\":\"https:\/\/westcoasttriallawyers.com\/es#organization\"},\"alternateName\":\"WCTL\",\"potentialAction\":[{\"@type\":\"SearchAction\",\"target\":{\"@type\":\"EntryPoint\",\"urlTemplate\":\"https:\/\/westcoasttriallawyers.com\/es?s={search_term_string}\"},\"query-input\":{\"@type\":\"PropertyValueSpecification\",\"valueRequired\":true,\"valueName\":\"search_term_string\"}}],\"inLanguage\":\"es\"},{\"@type\":\"Organization\",\"@id\":\"https:\/\/westcoasttriallawyers.com\/es#organization\",\"name\":\"West Coast Trial Lawyers\",\"alternateName\":\"WCTL\",\"url\":\"https:\/\/westcoasttriallawyers.com\/es\",\"logo\":{\"@type\":\"ImageObject\",\"inLanguage\":\"es\",\"@id\":\"https:\/\/westcoasttriallawyers.com\/es#\/schema\/logo\/image\/\",\"url\":\"https:\/\/westcoasttriallawyers.com\/wp-content\/uploads\/2026\/02\/WCTL-Logo.jpg\",\"contentUrl\":\"https:\/\/westcoasttriallawyers.com\/wp-content\/uploads\/2026\/02\/WCTL-Logo.jpg\",\"width\":696,\"height\":696,\"caption\":\"West Coast Trial Lawyers\"},\"image\":{\"@id\":\"https:\/\/westcoasttriallawyers.com\/es#\/schema\/logo\/image\/\"},\"sameAs\":[\"https:\/\/www.facebook.com\/westcoasttriallawyers\/\",\"https:\/\/x.com\/WestCoastTrial\",\"https:\/\/www.linkedin.com\/company\/west-coast-trial-lawyers\/\",\"https:\/\/www.instagram.com\/westcoasttriallawyers\/\",\"https:\/\/www.yelp.com\/biz\/west-coast-trial-lawyers-los-angeles-2\",\"https:\/\/www.pinterest.com\/westcoasttrial\/\",\"https:\/\/www.youtube.com\/westcoasttriallawyersla\/\",\"https:\/\/www.tiktok.com\/westcoasttriallawyers\"],\"description\":\"West Coast Trial Lawyers is a top-rated personal injury law firm with a goal to provide expert legal representation to those in need. The law firm has offices across California, Nevada, Arizona, and Washington.\",\"legalName\":\"West Coast Trial Lawyers\"}]}<\/script>\n<!-- \/ Yoast SEO Premium plugin. -->","yoast_head_json":{"title":"Abogado de Lesiones por Quemaduras en Irvine | West Coast Trial Lawyers","robots":{"index":"index","follow":"follow","max-snippet":"max-snippet:-1","max-image-preview":"max-image-preview:large","max-video-preview":"max-video-preview:-1"},"canonical":"https:\/\/westcoasttriallawyers.com\/es\/california\/irvine\/abogados-accidentes-quemadura-irvine","og_locale":"es_ES","og_type":"article","og_title":"Abogado de Lesiones por Quemaduras en Irvine","og_description":"\u00bfPueden la causa y la gravedad de una lesi\u00f3n por quemadura afectar su oferta de conciliaci\u00f3n? Las lesiones por quemaduras se encuentran entre las lesiones personales m\u00e1s dolorosas y traum\u00e1ticas que cualquiera puede soportar. Una v\u00edctima de lesi\u00f3n por quemadura grave a menudo perder\u00e1 su capacidad natural para combatir la enfermedad y la deshidrataci\u00f3n. Las [&hellip;]","og_url":"https:\/\/westcoasttriallawyers.com\/es\/california\/irvine\/abogados-accidentes-quemadura-irvine","og_site_name":"West Coast Trial Lawyers","article_publisher":"https:\/\/www.facebook.com\/westcoasttriallawyers\/","article_modified_time":"2026-01-23T19:46:48+00:00","og_image":[{"width":557,"height":328,"url":"https:\/\/westcoasttriallawyers.com\/wp-content\/uploads\/2025\/07\/Irvine-Accident-Lawyer-Page-1-3.webp","type":"image\/webp"}],"twitter_card":"summary_large_image","twitter_site":"@WestCoastTrial","twitter_misc":{"Tiempo de lectura":"6 minutos"},"schema":{"@context":"https:\/\/schema.org","@graph":[{"@type":["WebPage","ItemPage"],"@id":"https:\/\/westcoasttriallawyers.com\/es\/california\/irvine\/abogados-accidentes-quemadura-irvine","url":"https:\/\/westcoasttriallawyers.com\/es\/california\/irvine\/abogados-accidentes-quemadura-irvine","name":"Abogado de Lesiones por Quemaduras en Irvine | West Coast Trial Lawyers","isPartOf":{"@id":"https:\/\/westcoasttriallawyers.com\/es#website"},"primaryImageOfPage":{"@id":"https:\/\/westcoasttriallawyers.com\/es\/california\/irvine\/abogados-accidentes-quemadura-irvine#primaryimage"},"image":{"@id":"https:\/\/westcoasttriallawyers.com\/es\/california\/irvine\/abogados-accidentes-quemadura-irvine#primaryimage"},"thumbnailUrl":"https:\/\/westcoasttriallawyers.com\/wp-content\/uploads\/2025\/07\/Irvine-Accident-Lawyer-Page-1-3.webp","datePublished":"2026-01-13T23:31:33+00:00","dateModified":"2026-01-23T19:46:48+00:00","breadcrumb":{"@id":"https:\/\/westcoasttriallawyers.com\/es\/california\/irvine\/abogados-accidentes-quemadura-irvine#breadcrumb"},"inLanguage":"es","potentialAction":[{"@type":"ReadAction","target":["https:\/\/westcoasttriallawyers.com\/es\/california\/irvine\/abogados-accidentes-quemadura-irvine"]}]},{"@type":"ImageObject","inLanguage":"es","@id":"https:\/\/westcoasttriallawyers.com\/es\/california\/irvine\/abogados-accidentes-quemadura-irvine#primaryimage","url":"https:\/\/westcoasttriallawyers.com\/wp-content\/uploads\/2025\/07\/Irvine-Accident-Lawyer-Page-1-3.webp","contentUrl":"https:\/\/westcoasttriallawyers.com\/wp-content\/uploads\/2025\/07\/Irvine-Accident-Lawyer-Page-1-3.webp","width":557,"height":328},{"@type":"BreadcrumbList","@id":"https:\/\/westcoasttriallawyers.com\/es\/california\/irvine\/abogados-accidentes-quemadura-irvine#breadcrumb","itemListElement":[{"@type":"ListItem","position":1,"name":"Inicio","item":"https:\/\/westcoasttriallawyers.com\/es"},{"@type":"ListItem","position":2,"name":"California","item":"https:\/\/westcoasttriallawyers.com\/es\/california"},{"@type":"ListItem","position":3,"name":"Irvine","item":"https:\/\/westcoasttriallawyers.com\/es\/california\/irvine"},{"@type":"ListItem","position":4,"name":"Abogado de Lesiones por Quemaduras en Irvine"}]},{"@type":"WebSite","@id":"https:\/\/westcoasttriallawyers.com\/es#website","url":"https:\/\/westcoasttriallawyers.com\/es","name":"West Coast Trial Lawyers","description":"West Coast Trial Lawyers","publisher":{"@id":"https:\/\/westcoasttriallawyers.com\/es#organization"},"alternateName":"WCTL","potentialAction":[{"@type":"SearchAction","target":{"@type":"EntryPoint","urlTemplate":"https:\/\/westcoasttriallawyers.com\/es?s={search_term_string}"},"query-input":{"@type":"PropertyValueSpecification","valueRequired":true,"valueName":"search_term_string"}}],"inLanguage":"es"},{"@type":"Organization","@id":"https:\/\/westcoasttriallawyers.com\/es#organization","name":"West Coast Trial Lawyers","alternateName":"WCTL","url":"https:\/\/westcoasttriallawyers.com\/es","logo":{"@type":"ImageObject","inLanguage":"es","@id":"https:\/\/westcoasttriallawyers.com\/es#\/schema\/logo\/image\/","url":"https:\/\/westcoasttriallawyers.com\/wp-content\/uploads\/2026\/02\/WCTL-Logo.jpg","contentUrl":"https:\/\/westcoasttriallawyers.com\/wp-content\/uploads\/2026\/02\/WCTL-Logo.jpg","width":696,"height":696,"caption":"West Coast Trial Lawyers"},"image":{"@id":"https:\/\/westcoasttriallawyers.com\/es#\/schema\/logo\/image\/"},"sameAs":["https:\/\/www.facebook.com\/westcoasttriallawyers\/","https:\/\/x.com\/WestCoastTrial","https:\/\/www.linkedin.com\/company\/west-coast-trial-lawyers\/","https:\/\/www.instagram.com\/westcoasttriallawyers\/","https:\/\/www.yelp.com\/biz\/west-coast-trial-lawyers-los-angeles-2","https:\/\/www.pinterest.com\/westcoasttrial\/","https:\/\/www.youtube.com\/westcoasttriallawyersla\/","https:\/\/www.tiktok.com\/westcoasttriallawyers"],"description":"West Coast Trial Lawyers is a top-rated personal injury law firm with a goal to provide expert legal representation to those in need. The law firm has offices across California, Nevada, Arizona, and Washington.","legalName":"West Coast Trial Lawyers"}]}},"_links":{"self":[{"href":"https:\/\/westcoasttriallawyers.com\/es\/wp-json\/wp\/v2\/pages\/13074","targetHints":{"allow":["GET"]}}],"collection":[{"href":"https:\/\/westcoasttriallawyers.com\/es\/wp-json\/wp\/v2\/pages"}],"about":[{"href":"https:\/\/westcoasttriallawyers.com\/es\/wp-json\/wp\/v2\/types\/page"}],"author":[{"embeddable":true,"href":"https:\/\/westcoasttriallawyers.com\/es\/wp-json\/wp\/v2\/users\/475"}],"replies":[{"embeddable":true,"href":"https:\/\/westcoasttriallawyers.com\/es\/wp-json\/wp\/v2\/comments?post=13074"}],"version-history":[{"count":4,"href":"https:\/\/westcoasttriallawyers.com\/es\/wp-json\/wp\/v2\/pages\/13074\/revisions"}],"predecessor-version":[{"id":48145,"href":"https:\/\/westcoasttriallawyers.com\/es\/wp-json\/wp\/v2\/pages\/13074\/revisions\/48145"}],"up":[{"embeddable":true,"href":"https:\/\/westcoasttriallawyers.com\/es\/wp-json\/wp\/v2\/pages\/47388"}],"wp:featuredmedia":[{"embeddable":true,"href":"https:\/\/westcoasttriallawyers.com\/es\/wp-json\/wp\/v2\/media\/45831"}],"wp:attachment":[{"href":"https:\/\/westcoasttriallawyers.com\/es\/wp-json\/wp\/v2\/media?parent=13074"}],"curies":[{"name":"wp","href":"https:\/\/api.w.org\/{rel}","templated":true}]}}