{"id":13073,"date":"2026-01-13T23:31:37","date_gmt":"2026-01-13T23:31:37","guid":{"rendered":"https:\/\/wctl1stg.wpengine.com\/?page_id=13073"},"modified":"2026-01-21T12:53:13","modified_gmt":"2026-01-21T12:53:13","slug":"abogado-de-lesiones-de-la-medula-espinal-en-irvine","status":"publish","type":"page","link":"https:\/\/westcoasttriallawyers.com\/es\/california\/irvine\/abogado-de-lesiones-de-la-medula-espinal-en-irvine","title":{"rendered":"Abogado de lesiones de la m\u00e9dula espinal en Irvine"},"content":{"rendered":"<h2><strong>\u00bfNecesita ayuda para presentar un reclamo contra la parte culpable de su lesi\u00f3n de la m\u00e9dula espinal? Cont\u00e1ctenos hoy para una consulta gratuita<\/strong><\/h2>\n<p>Las lesiones de la m\u00e9dula espinal son muy graves y siempre requieren atenci\u00f3n m\u00e9dica costosa. Peor a\u00fan, es el potencial de un trauma a largo plazo, ya que este tipo de lesiones a menudo privan a la v\u00edctima de oportunidades para avanzar en la carrera elegida y vivir una vida plena e independiente. Las v\u00edctimas de par\u00e1lisis generalmente requerir\u00e1n fisioterapia, terapia de ejercicios y psicoterapia consistentes y de por vida solo para recuperar la funcionalidad y aprender a lidiar con los efectos sociales y psicol\u00f3gicos como resultado de su lesi\u00f3n de la m\u00e9dula espinal.<\/p>\n<p>Las lesiones de la m\u00e9dula espinal generalmente se clasifican en una de dos categor\u00edas. Alguien con una lesi\u00f3n incompleta de la m\u00e9dula espinal retiene diversos grados de funcionamiento sensorial o motor, lo que significa que la m\u00e9dula espinal no se da\u00f1\u00f3 por completo. Por otro lado, alguien con una lesi\u00f3n completa de la m\u00e9dula espinal ha experimentado da\u00f1o en los nervios que obstruye totalmente todas las se\u00f1ales del cerebro al cuerpo debajo de la lesi\u00f3n.<\/p>\n<p>Se recomienda a las v\u00edctimas de una lesi\u00f3n de la m\u00e9dula espinal que se comuniquen con un abogado para que las ayude a comenzar el proceso de presentar un reclamo por lesiones personales contra la parte culpable de causar lesiones o da\u00f1os. En West Coast Trial Lawyers, nuestros abogados de lesiones de la m\u00e9dula espinal en Irvine tienen m\u00e1s de 60 a\u00f1os de experiencia legal colectiva en el manejo de casos de lesiones personales. Con nuestro historial de recuperaci\u00f3n de m\u00e1s de mil millones de d\u00f3lares en acuerdos para nuestros clientes, estamos seguros de que le obtendremos la compensaci\u00f3n que se merece.<\/p>\n<p>No dude en comunicarse con nuestro equipo legal las 24 horas, los 7 d\u00edas de la semana llamando al\u00a0<strong>213-927-3700<\/strong> o enviando un correo electr\u00f3nico a<strong>\u00a0<\/strong><a href=\"mailto:info@westcoasttriallawyers.com\"><strong>info@westcoasttriallawyers.com<\/strong><\/a> para programar una consulta gratuita en nuestro bufete de abogados de lesiones personales de Irvine.<\/p>\n<h2><strong>Lesiones de la m\u00e9dula espinal y reclamos<\/strong><\/h2>\n<p>Debido a la naturaleza delicada de la m\u00e9dula espinal, las lesiones de la m\u00e9dula espinal pueden, lamentablemente, provocar par\u00e1lisis, que es la p\u00e9rdida parcial o completa de la capacidad de mover una parte o la mayor parte de su cuerpo. Hay varios tipos de par\u00e1lisis.<\/p>\n<p>La monoplej\u00eda afecta a una extremidad o regi\u00f3n del cuerpo. La paraplej\u00eda es causada por da\u00f1o al cerebro, la m\u00e9dula espinal o incluso a ambos. Para ser m\u00e1s espec\u00edficos, un parapl\u00e9jico sufre problemas de movilidad debajo de la cintura y puede perder una cantidad notable de sensibilidad f\u00edsica. La diplej\u00eda afecta partes sim\u00e9tricas del cuerpo, como piernas o brazos. La gravedad de los s\u00edntomas en un lado del cuerpo tiene el potencial de variar mucho en comparaci\u00f3n con el otro. La hemiplejia afecta un lado del cerebro y empeora progresivamente con el tiempo. Las v\u00edctimas de este tipo de par\u00e1lisis, a veces, pierden completamente el control y\/o la sensaci\u00f3n f\u00edsica en un lado del cuerpo. La tetraplejia puede afectar el cerebro o la m\u00e9dula espinal y puede resultar en la incapacidad de recibir o procesar se\u00f1ales. Algunos tetrapl\u00e9jicos tienen piernas y brazos sanos, pero pueden perder el control de los m\u00fasculos o volverse muy d\u00e9biles.<\/p>\n<p>Las demandas por lesiones de la m\u00e9dula espinal se dividen en dos categor\u00edas: las causadas por negligencia y las causadas por productos defectuosos o defectuosos.<\/p>\n<p>La negligencia es esencialmente el hecho de que un individuo no act\u00fae de manera razonable cuando ten\u00eda el deber legal de hacerlo. Si su lesi\u00f3n de la m\u00e9dula espinal, por ejemplo, fue causada porque un conductor no obedeci\u00f3 las leyes de tr\u00e1nsito o estaba enviando mensajes de texto por tel\u00e9fono en lugar de conducir de manera segura, se podr\u00eda presentar una demanda por lesiones personales contra ese conductor negligente.<\/p>\n<p>La negligencia es un acto il\u00edcito cometido por cualquier individuo, empresa o grupo de personas que caus\u00f3 da\u00f1o a otra persona. Si desea presentar un reclamo por lesi\u00f3n de la m\u00e9dula espinal, debe probar que:<\/p>\n<ul>\n<li>El acusado le deb\u00eda a la v\u00edctima de una lesi\u00f3n en la m\u00e9dula espinal un deber de cuidado.<\/li>\n<li>El acusado no cumpli\u00f3 con su deber de cuidado legalmente ordenado.<\/li>\n<li>El hecho de que el acusado no cumpliera con este deber de cuidado fue la raz\u00f3n principal por la que una v\u00edctima de la m\u00e9dula espinal sufri\u00f3 lesiones.<\/li>\n<\/ul>\n<p>El segundo tipo de reclamo que puede presentar una v\u00edctima de una lesi\u00f3n de la m\u00e9dula espinal es contra una empresa que produjo o vendi\u00f3 un producto defectuoso que caus\u00f3 p\u00e9rdidas a la v\u00edctima de una lesi\u00f3n de la m\u00e9dula espinal. De acuerdo con la ley de responsabilidad de productos de California, cualquier entidad involucrada en la cadena de distribuci\u00f3n, incluidos los dise\u00f1adores, fabricantes o vendedores de productos, puede ser estrictamente responsable de las lesiones causadas por un producto defectuoso.<\/p>\n<p>Los casos de responsabilidad estricta generalmente giran en torno a: Defectos en el proceso de dise\u00f1o; defectos en el proceso de fabricaci\u00f3n; advertencias inadecuadas o faltantes sobre un peligro o instrucciones adecuadas sobre c\u00f3mo usar este producto.<\/p>\n<p>La v\u00edctima de una lesi\u00f3n de la m\u00e9dula espinal est\u00e1 obligada a probar:<\/p>\n<ul>\n<li>El demandado dise\u00f1\u00f3, fabric\u00f3 o vendi\u00f3 un producto defectuoso,<\/li>\n<li>El producto ten\u00eda un defecto de dise\u00f1o, fabricaci\u00f3n o falta de advertencia cuando sali\u00f3 de la posesi\u00f3n del demandado,<\/li>\n<li>El demandante us\u00f3 este producto de manera razonable, y<\/li>\n<li>El producto defectuoso fue el factor significativo que caus\u00f3 las p\u00e9rdidas de una v\u00edctima de lesi\u00f3n de la m\u00e9dula espinal.<\/li>\n<\/ul>\n<h2><strong>Facturas m\u00e9dicas<\/strong><\/h2>\n<p>Las v\u00edctimas de lesiones de la m\u00e9dula espinal requieren tratamiento en forma de cirug\u00edas costosas y medicamentos recetados. Dada la gravedad de estas lesiones, las v\u00edctimas pueden recuperar da\u00f1os por:<\/p>\n<ul>\n<li>Visitas al hospital<\/li>\n<li>Salarios perdidos<\/li>\n<li>Dolor y sufrimiento<\/li>\n<li>P\u00e9rdida de consorcio<\/li>\n<li>Visitas al centro de rehabilitaci\u00f3n<\/li>\n<li>Visitas Cl\u00ednicas<\/li>\n<li>Terapia f\u00edsica<\/li>\n<li>Cuidado de la salud en el hogar<\/li>\n<li>Cirug\u00eda<\/li>\n<li>Medicamento<\/li>\n<li>Dispositivos de movilidad<\/li>\n<\/ul>\n<h2><strong>Los abogados litigantes de la costa oeste est\u00e1n aqu\u00ed para ayudar<\/strong><\/h2>\n<p>Si ha sufrido un accidente con lesi\u00f3n de la m\u00e9dula espinal en la ciudad de Irvine debido a negligencia o actos deliberados de malicia, tiene derecho a responsabilizar a la parte culpable por sus p\u00e9rdidas. Un abogado de lesiones de la m\u00e9dula espinal de Irvine en West Coast Trial Lawyers lo ayudar\u00e1 a recuperar una compensaci\u00f3n por sus p\u00e9rdidas.<\/p>\n<p>Ll\u00e1menos hoy al\u00a0<strong>213-927-3700<\/strong> o env\u00ede un correo electr\u00f3nico a\u00a0<a href=\"mailto:info@westcoasttriallawyers.com\"><strong>info@westcoasttriallawyers.com<\/strong><\/a> para programar una consulta gratuita con nuestro equipo legal experimentado, atento y compasivo.<\/p>\n<p><!-- WCTL_DEBUG: no shortcode in this_content --><\/p>\n","protected":false},"excerpt":{"rendered":"<p>\u00bfNecesita ayuda para presentar un reclamo contra la parte culpable de su lesi\u00f3n de la m\u00e9dula espinal? Cont\u00e1ctenos hoy para una consulta gratuita Las lesiones de la m\u00e9dula espinal son muy graves y siempre requieren atenci\u00f3n m\u00e9dica costosa. Peor a\u00fan, es el potencial de un trauma a largo plazo, ya que este tipo de lesiones [&hellip;]<\/p>\n","protected":false},"author":475,"featured_media":45851,"parent":47388,"menu_order":0,"comment_status":"closed","ping_status":"closed","template":"","meta":{"inline_featured_image":false,"footnotes":""},"class_list":["post-13073","page","type-page","status-publish","has-post-thumbnail","hentry"],"acf":[],"yoast_head":"<!-- This site is optimized with the Yoast SEO Premium plugin v26.0 (Yoast SEO v26.0) - https:\/\/yoast.com\/wordpress\/plugins\/seo\/ -->\n<title>Abogado de lesiones de la m\u00e9dula espinal en Irvine | West Coast Trial Lawyers<\/title>\n<meta name=\"robots\" content=\"index, follow, max-snippet:-1, max-image-preview:large, max-video-preview:-1\" \/>\n<link rel=\"canonical\" href=\"https:\/\/westcoasttriallawyers.com\/es\/california\/irvine\/abogado-de-lesiones-de-la-medula-espinal-en-irvine\" \/>\n<meta property=\"og:locale\" content=\"es_ES\" \/>\n<meta property=\"og:type\" content=\"article\" \/>\n<meta property=\"og:title\" content=\"Abogado de lesiones de la m\u00e9dula espinal en Irvine\" \/>\n<meta property=\"og:description\" content=\"\u00bfNecesita ayuda para presentar un reclamo contra la parte culpable de su lesi\u00f3n de la m\u00e9dula espinal? Cont\u00e1ctenos hoy para una consulta gratuita Las lesiones de la m\u00e9dula espinal son muy graves y siempre requieren atenci\u00f3n m\u00e9dica costosa. Peor a\u00fan, es el potencial de un trauma a largo plazo, ya que este tipo de lesiones [&hellip;]\" \/>\n<meta property=\"og:url\" content=\"https:\/\/westcoasttriallawyers.com\/es\/california\/irvine\/abogado-de-lesiones-de-la-medula-espinal-en-irvine\" \/>\n<meta property=\"og:site_name\" content=\"West Coast Trial Lawyers\" \/>\n<meta property=\"article:publisher\" content=\"https:\/\/www.facebook.com\/westcoasttriallawyers\/\" \/>\n<meta property=\"article:modified_time\" content=\"2026-01-21T12:53:13+00:00\" \/>\n<meta property=\"og:image\" content=\"https:\/\/westcoasttriallawyers.com\/wp-content\/uploads\/2025\/07\/Irvine-Accident-Lawyer-Page-1-11.webp\" \/>\n\t<meta property=\"og:image:width\" content=\"557\" \/>\n\t<meta property=\"og:image:height\" content=\"328\" \/>\n\t<meta property=\"og:image:type\" content=\"image\/webp\" \/>\n<meta name=\"twitter:card\" content=\"summary_large_image\" \/>\n<meta name=\"twitter:site\" content=\"@WestCoastTrial\" \/>\n<meta name=\"twitter:label1\" content=\"Tiempo de lectura\" \/>\n\t<meta name=\"twitter:data1\" content=\"5 minutos\" \/>\n<script type=\"application\/ld+json\" class=\"yoast-schema-graph\">{\"@context\":\"https:\/\/schema.org\",\"@graph\":[{\"@type\":[\"WebPage\",\"ItemPage\"],\"@id\":\"https:\/\/westcoasttriallawyers.com\/es\/california\/irvine\/abogado-de-lesiones-de-la-medula-espinal-en-irvine\",\"url\":\"https:\/\/westcoasttriallawyers.com\/es\/california\/irvine\/abogado-de-lesiones-de-la-medula-espinal-en-irvine\",\"name\":\"Abogado de lesiones de la m\u00e9dula espinal en Irvine | West Coast Trial Lawyers\",\"isPartOf\":{\"@id\":\"https:\/\/westcoasttriallawyers.com\/es#website\"},\"primaryImageOfPage\":{\"@id\":\"https:\/\/westcoasttriallawyers.com\/es\/california\/irvine\/abogado-de-lesiones-de-la-medula-espinal-en-irvine#primaryimage\"},\"image\":{\"@id\":\"https:\/\/westcoasttriallawyers.com\/es\/california\/irvine\/abogado-de-lesiones-de-la-medula-espinal-en-irvine#primaryimage\"},\"thumbnailUrl\":\"https:\/\/westcoasttriallawyers.com\/wp-content\/uploads\/2025\/07\/Irvine-Accident-Lawyer-Page-1-11.webp\",\"datePublished\":\"2026-01-13T23:31:37+00:00\",\"dateModified\":\"2026-01-21T12:53:13+00:00\",\"breadcrumb\":{\"@id\":\"https:\/\/westcoasttriallawyers.com\/es\/california\/irvine\/abogado-de-lesiones-de-la-medula-espinal-en-irvine#breadcrumb\"},\"inLanguage\":\"es\",\"potentialAction\":[{\"@type\":\"ReadAction\",\"target\":[\"https:\/\/westcoasttriallawyers.com\/es\/california\/irvine\/abogado-de-lesiones-de-la-medula-espinal-en-irvine\"]}]},{\"@type\":\"ImageObject\",\"inLanguage\":\"es\",\"@id\":\"https:\/\/westcoasttriallawyers.com\/es\/california\/irvine\/abogado-de-lesiones-de-la-medula-espinal-en-irvine#primaryimage\",\"url\":\"https:\/\/westcoasttriallawyers.com\/wp-content\/uploads\/2025\/07\/Irvine-Accident-Lawyer-Page-1-11.webp\",\"contentUrl\":\"https:\/\/westcoasttriallawyers.com\/wp-content\/uploads\/2025\/07\/Irvine-Accident-Lawyer-Page-1-11.webp\",\"width\":557,\"height\":328},{\"@type\":\"BreadcrumbList\",\"@id\":\"https:\/\/westcoasttriallawyers.com\/es\/california\/irvine\/abogado-de-lesiones-de-la-medula-espinal-en-irvine#breadcrumb\",\"itemListElement\":[{\"@type\":\"ListItem\",\"position\":1,\"name\":\"Inicio\",\"item\":\"https:\/\/westcoasttriallawyers.com\/es\"},{\"@type\":\"ListItem\",\"position\":2,\"name\":\"California\",\"item\":\"https:\/\/westcoasttriallawyers.com\/es\/california\"},{\"@type\":\"ListItem\",\"position\":3,\"name\":\"Irvine\",\"item\":\"https:\/\/westcoasttriallawyers.com\/es\/california\/irvine\"},{\"@type\":\"ListItem\",\"position\":4,\"name\":\"Abogado de lesiones de la m\u00e9dula espinal en Irvine\"}]},{\"@type\":\"WebSite\",\"@id\":\"https:\/\/westcoasttriallawyers.com\/es#website\",\"url\":\"https:\/\/westcoasttriallawyers.com\/es\",\"name\":\"West Coast Trial Lawyers\",\"description\":\"West Coast Trial Lawyers\",\"publisher\":{\"@id\":\"https:\/\/westcoasttriallawyers.com\/es#organization\"},\"alternateName\":\"WCTL\",\"potentialAction\":[{\"@type\":\"SearchAction\",\"target\":{\"@type\":\"EntryPoint\",\"urlTemplate\":\"https:\/\/westcoasttriallawyers.com\/es?s={search_term_string}\"},\"query-input\":{\"@type\":\"PropertyValueSpecification\",\"valueRequired\":true,\"valueName\":\"search_term_string\"}}],\"inLanguage\":\"es\"},{\"@type\":\"Organization\",\"@id\":\"https:\/\/westcoasttriallawyers.com\/es#organization\",\"name\":\"West Coast Trial Lawyers\",\"alternateName\":\"WCTL\",\"url\":\"https:\/\/westcoasttriallawyers.com\/es\",\"logo\":{\"@type\":\"ImageObject\",\"inLanguage\":\"es\",\"@id\":\"https:\/\/westcoasttriallawyers.com\/es#\/schema\/logo\/image\/\",\"url\":\"https:\/\/westcoasttriallawyers.com\/wp-content\/uploads\/2026\/02\/WCTL-Logo.jpg\",\"contentUrl\":\"https:\/\/westcoasttriallawyers.com\/wp-content\/uploads\/2026\/02\/WCTL-Logo.jpg\",\"width\":696,\"height\":696,\"caption\":\"West Coast Trial Lawyers\"},\"image\":{\"@id\":\"https:\/\/westcoasttriallawyers.com\/es#\/schema\/logo\/image\/\"},\"sameAs\":[\"https:\/\/www.facebook.com\/westcoasttriallawyers\/\",\"https:\/\/x.com\/WestCoastTrial\",\"https:\/\/www.linkedin.com\/company\/west-coast-trial-lawyers\/\",\"https:\/\/www.instagram.com\/westcoasttriallawyers\/\",\"https:\/\/www.yelp.com\/biz\/west-coast-trial-lawyers-los-angeles-2\",\"https:\/\/www.pinterest.com\/westcoasttrial\/\",\"https:\/\/www.youtube.com\/westcoasttriallawyersla\/\",\"https:\/\/www.tiktok.com\/westcoasttriallawyers\"],\"description\":\"West Coast Trial Lawyers is a top-rated personal injury law firm with a goal to provide expert legal representation to those in need. The law firm has offices across California, Nevada, Arizona, and Washington.\",\"legalName\":\"West Coast Trial Lawyers\"}]}<\/script>\n<!-- \/ Yoast SEO Premium plugin. -->","yoast_head_json":{"title":"Abogado de lesiones de la m\u00e9dula espinal en Irvine | West Coast Trial Lawyers","robots":{"index":"index","follow":"follow","max-snippet":"max-snippet:-1","max-image-preview":"max-image-preview:large","max-video-preview":"max-video-preview:-1"},"canonical":"https:\/\/westcoasttriallawyers.com\/es\/california\/irvine\/abogado-de-lesiones-de-la-medula-espinal-en-irvine","og_locale":"es_ES","og_type":"article","og_title":"Abogado de lesiones de la m\u00e9dula espinal en Irvine","og_description":"\u00bfNecesita ayuda para presentar un reclamo contra la parte culpable de su lesi\u00f3n de la m\u00e9dula espinal? Cont\u00e1ctenos hoy para una consulta gratuita Las lesiones de la m\u00e9dula espinal son muy graves y siempre requieren atenci\u00f3n m\u00e9dica costosa. Peor a\u00fan, es el potencial de un trauma a largo plazo, ya que este tipo de lesiones [&hellip;]","og_url":"https:\/\/westcoasttriallawyers.com\/es\/california\/irvine\/abogado-de-lesiones-de-la-medula-espinal-en-irvine","og_site_name":"West Coast Trial Lawyers","article_publisher":"https:\/\/www.facebook.com\/westcoasttriallawyers\/","article_modified_time":"2026-01-21T12:53:13+00:00","og_image":[{"width":557,"height":328,"url":"https:\/\/westcoasttriallawyers.com\/wp-content\/uploads\/2025\/07\/Irvine-Accident-Lawyer-Page-1-11.webp","type":"image\/webp"}],"twitter_card":"summary_large_image","twitter_site":"@WestCoastTrial","twitter_misc":{"Tiempo de lectura":"5 minutos"},"schema":{"@context":"https:\/\/schema.org","@graph":[{"@type":["WebPage","ItemPage"],"@id":"https:\/\/westcoasttriallawyers.com\/es\/california\/irvine\/abogado-de-lesiones-de-la-medula-espinal-en-irvine","url":"https:\/\/westcoasttriallawyers.com\/es\/california\/irvine\/abogado-de-lesiones-de-la-medula-espinal-en-irvine","name":"Abogado de lesiones de la m\u00e9dula espinal en Irvine | West Coast Trial Lawyers","isPartOf":{"@id":"https:\/\/westcoasttriallawyers.com\/es#website"},"primaryImageOfPage":{"@id":"https:\/\/westcoasttriallawyers.com\/es\/california\/irvine\/abogado-de-lesiones-de-la-medula-espinal-en-irvine#primaryimage"},"image":{"@id":"https:\/\/westcoasttriallawyers.com\/es\/california\/irvine\/abogado-de-lesiones-de-la-medula-espinal-en-irvine#primaryimage"},"thumbnailUrl":"https:\/\/westcoasttriallawyers.com\/wp-content\/uploads\/2025\/07\/Irvine-Accident-Lawyer-Page-1-11.webp","datePublished":"2026-01-13T23:31:37+00:00","dateModified":"2026-01-21T12:53:13+00:00","breadcrumb":{"@id":"https:\/\/westcoasttriallawyers.com\/es\/california\/irvine\/abogado-de-lesiones-de-la-medula-espinal-en-irvine#breadcrumb"},"inLanguage":"es","potentialAction":[{"@type":"ReadAction","target":["https:\/\/westcoasttriallawyers.com\/es\/california\/irvine\/abogado-de-lesiones-de-la-medula-espinal-en-irvine"]}]},{"@type":"ImageObject","inLanguage":"es","@id":"https:\/\/westcoasttriallawyers.com\/es\/california\/irvine\/abogado-de-lesiones-de-la-medula-espinal-en-irvine#primaryimage","url":"https:\/\/westcoasttriallawyers.com\/wp-content\/uploads\/2025\/07\/Irvine-Accident-Lawyer-Page-1-11.webp","contentUrl":"https:\/\/westcoasttriallawyers.com\/wp-content\/uploads\/2025\/07\/Irvine-Accident-Lawyer-Page-1-11.webp","width":557,"height":328},{"@type":"BreadcrumbList","@id":"https:\/\/westcoasttriallawyers.com\/es\/california\/irvine\/abogado-de-lesiones-de-la-medula-espinal-en-irvine#breadcrumb","itemListElement":[{"@type":"ListItem","position":1,"name":"Inicio","item":"https:\/\/westcoasttriallawyers.com\/es"},{"@type":"ListItem","position":2,"name":"California","item":"https:\/\/westcoasttriallawyers.com\/es\/california"},{"@type":"ListItem","position":3,"name":"Irvine","item":"https:\/\/westcoasttriallawyers.com\/es\/california\/irvine"},{"@type":"ListItem","position":4,"name":"Abogado de lesiones de la m\u00e9dula espinal en Irvine"}]},{"@type":"WebSite","@id":"https:\/\/westcoasttriallawyers.com\/es#website","url":"https:\/\/westcoasttriallawyers.com\/es","name":"West Coast Trial Lawyers","description":"West Coast Trial Lawyers","publisher":{"@id":"https:\/\/westcoasttriallawyers.com\/es#organization"},"alternateName":"WCTL","potentialAction":[{"@type":"SearchAction","target":{"@type":"EntryPoint","urlTemplate":"https:\/\/westcoasttriallawyers.com\/es?s={search_term_string}"},"query-input":{"@type":"PropertyValueSpecification","valueRequired":true,"valueName":"search_term_string"}}],"inLanguage":"es"},{"@type":"Organization","@id":"https:\/\/westcoasttriallawyers.com\/es#organization","name":"West Coast Trial Lawyers","alternateName":"WCTL","url":"https:\/\/westcoasttriallawyers.com\/es","logo":{"@type":"ImageObject","inLanguage":"es","@id":"https:\/\/westcoasttriallawyers.com\/es#\/schema\/logo\/image\/","url":"https:\/\/westcoasttriallawyers.com\/wp-content\/uploads\/2026\/02\/WCTL-Logo.jpg","contentUrl":"https:\/\/westcoasttriallawyers.com\/wp-content\/uploads\/2026\/02\/WCTL-Logo.jpg","width":696,"height":696,"caption":"West Coast Trial Lawyers"},"image":{"@id":"https:\/\/westcoasttriallawyers.com\/es#\/schema\/logo\/image\/"},"sameAs":["https:\/\/www.facebook.com\/westcoasttriallawyers\/","https:\/\/x.com\/WestCoastTrial","https:\/\/www.linkedin.com\/company\/west-coast-trial-lawyers\/","https:\/\/www.instagram.com\/westcoasttriallawyers\/","https:\/\/www.yelp.com\/biz\/west-coast-trial-lawyers-los-angeles-2","https:\/\/www.pinterest.com\/westcoasttrial\/","https:\/\/www.youtube.com\/westcoasttriallawyersla\/","https:\/\/www.tiktok.com\/westcoasttriallawyers"],"description":"West Coast Trial Lawyers is a top-rated personal injury law firm with a goal to provide expert legal representation to those in need. The law firm has offices across California, Nevada, Arizona, and Washington.","legalName":"West Coast Trial Lawyers"}]}},"_links":{"self":[{"href":"https:\/\/westcoasttriallawyers.com\/es\/wp-json\/wp\/v2\/pages\/13073","targetHints":{"allow":["GET"]}}],"collection":[{"href":"https:\/\/westcoasttriallawyers.com\/es\/wp-json\/wp\/v2\/pages"}],"about":[{"href":"https:\/\/westcoasttriallawyers.com\/es\/wp-json\/wp\/v2\/types\/page"}],"author":[{"embeddable":true,"href":"https:\/\/westcoasttriallawyers.com\/es\/wp-json\/wp\/v2\/users\/475"}],"replies":[{"embeddable":true,"href":"https:\/\/westcoasttriallawyers.com\/es\/wp-json\/wp\/v2\/comments?post=13073"}],"version-history":[{"count":3,"href":"https:\/\/westcoasttriallawyers.com\/es\/wp-json\/wp\/v2\/pages\/13073\/revisions"}],"predecessor-version":[{"id":47680,"href":"https:\/\/westcoasttriallawyers.com\/es\/wp-json\/wp\/v2\/pages\/13073\/revisions\/47680"}],"up":[{"embeddable":true,"href":"https:\/\/westcoasttriallawyers.com\/es\/wp-json\/wp\/v2\/pages\/47388"}],"wp:featuredmedia":[{"embeddable":true,"href":"https:\/\/westcoasttriallawyers.com\/es\/wp-json\/wp\/v2\/media\/45851"}],"wp:attachment":[{"href":"https:\/\/westcoasttriallawyers.com\/es\/wp-json\/wp\/v2\/media?parent=13073"}],"curies":[{"name":"wp","href":"https:\/\/api.w.org\/{rel}","templated":true}]}}