{"id":13068,"date":"2026-01-13T23:31:41","date_gmt":"2026-01-13T23:31:41","guid":{"rendered":"https:\/\/wctl1stg.wpengine.com\/?page_id=13068"},"modified":"2026-01-23T20:04:52","modified_gmt":"2026-01-23T20:04:52","slug":"abogados-accidentes-peaton-irvine","status":"publish","type":"page","link":"https:\/\/westcoasttriallawyers.com\/es\/california\/irvine\/abogados-accidentes-peaton-irvine","title":{"rendered":"Abogado de peatones de Irvine"},"content":{"rendered":"<h2><strong>\u00bfC\u00f3mo ocurren los accidentes de peatones? \u00bfQui\u00e9n puede ser considerado responsable de los da\u00f1os?<\/strong><\/h2>\n<p>Seg\u00fan un art\u00edculo de noticias de 2018 publicado por la ciudad de Irvine, una peatona de 65 a\u00f1os muri\u00f3 despu\u00e9s de ser atropellada por un veh\u00edculo en el vecindario de Woodbridge. El incidente fatal tuvo lugar en febrero de 2018, cerca de Blue Lake South y Springacre.<\/p>\n<p>Irvine generalmente se considera una ciudad segura y pr\u00f3spera, pero los accidentes de peatones, como este, son cada d\u00eda m\u00e1s comunes. Esto es especialmente desafortunado porque este tipo de accidentes son en su mayor\u00eda prevenibles. Alg\u00fan tipo de negligencia suele ser el culpable de causar la mayor\u00eda de los accidentes de peatones. Debido a la negligencia de alguien, un peat\u00f3n que es atropellado por un veh\u00edculo probablemente sufrir\u00e1 lesiones graves, como fracturas de huesos y par\u00e1lisis, simplemente porque el conductor no estaba prestando atenci\u00f3n, a exceso de velocidad o bajo la influencia de drogas o alcohol.<\/p>\n<p>Tenga en cuenta que hay opciones a las que puede recurrir si result\u00f3 herido en un accidente peatonal. En West Coast Trial Lawyers, nuestros abogados de accidentes de peatones en Irvine tienen m\u00e1s de 60 a\u00f1os de experiencia legal colectiva en el manejo de casos de lesiones personales. Con nuestro historial de ganar m\u00e1s de 5,000 casos, hemos sido reconocidos como uno de los mejores bufetes de abogados de lesiones personales en Irvine.<\/p>\n<p>Si se lesion\u00f3 debido a la negligencia de un conductor, no dude en comunicarse con nuestro equipo legal las 24 horas, los 7 d\u00edas de la semana llamando al\u00a0<strong>213-927-3700<\/strong> o enviando un correo electr\u00f3nico a\u00a0<a href=\"mailto:info@westcoasttriallawyers.com\"><strong>info@westcoasttriallawyers.com<\/strong><\/a> para programar una consulta gratuita en nuestro bufete de abogados de lesiones personales de Irvine.<\/p>\n<h2><strong>\u00bfPor qu\u00e9 ocurren los accidentes de peatones?<\/strong><\/h2>\n<p>Como se mencion\u00f3, alguna forma de negligencia es casi siempre la causa principal de un accidente peatonal. \u00bfQu\u00e9 significa eso exactamente? Esto significa que alguien, a menudo un conductor, se comport\u00f3 de manera imprudente e hiri\u00f3 a un peat\u00f3n.<\/p>\n<p>Los ejemplos de negligencia del conductor incluyen comportamientos comunes, como conducir ebrio, pasarse un sem\u00e1foro en rojo, no detenerse en un cruce de peatones, enviar mensajes de texto mientras conduce, o simplemente no prestar atenci\u00f3n a la carretera frente a ellos. En resumen, si se puede probar que un conductor fue negligente al causar un accidente peatonal, \u00e9l o ella pueden ser considerados responsables de las lesiones y p\u00e9rdidas.<\/p>\n<p>No hace falta decir que debido a la evidente falta de coincidencia entre un veh\u00edculo de varias toneladas y un ser humano, las lesiones sufridas como resultado de un accidente de peat\u00f3n a menudo son debilitantes y, con frecuencia, fatales. Como se mencion\u00f3, la mayor\u00eda de los accidentes de peatones son causados \u200b\u200bpor conductores negligentes, pero ese no siempre ser\u00e1 el caso. En realidad, hay una serie de circunstancias que pueden causar que un peat\u00f3n sufra lesiones al ser derribado al suelo.<\/p>\n<p>A continuaci\u00f3n se enumeran otras causas comunes de accidentes de peatones en la ciudad de Irvine:<\/p>\n<ul>\n<li>Skaters en una acera<\/li>\n<li>Corredores en una acera<\/li>\n<li>Peatones distra\u00eddos<\/li>\n<li>Perros sin control o sin correa<\/li>\n<li>Grandes grupos de personas<\/li>\n<li>Camiones o autobuses con grandes espejos laterales que se extienden hasta la acera<\/li>\n<li>Autos estacionados que abren repentinamente sus puertas<\/li>\n<li>Ciclistas en una acera<\/li>\n<li>Altercados f\u00edsicos<\/li>\n<li>Ni\u00f1os corriendo o jugando mal<\/li>\n<\/ul>\n<p>Es crucial comprender que un peat\u00f3n tambi\u00e9n puede ser culpable de negligencia al causar su propio accidente peatonal. La mayor\u00eda de la gente siempre asume que un peat\u00f3n que sufri\u00f3 lesiones en un accidente fue una v\u00edctima completamente inocente, atropellada por un veh\u00edculo a alta velocidad. Sin embargo, hay excepciones.<\/p>\n<p>Por ejemplo, digamos que un peat\u00f3n estaba intoxicado y de repente decide, debido a su estado de embriaguez, cruzar una calle en una intersecci\u00f3n sin se\u00f1alizar. Luego, ese peat\u00f3n es atropellado por un veh\u00edculo cuyo conductor iba a exceso de velocidad. En este ejemplo, el peat\u00f3n y el conductor fueron ambos culpables de negligencia. En otras palabras, el peat\u00f3n era culpable de intoxicaci\u00f3n y no caminaba de manera segura, y el conductor era culpable de exceso de velocidad.<\/p>\n<h2><strong>Determinaci\u00f3n de la responsabilidad despu\u00e9s de un accidente de peatones en Irvine<\/strong><\/h2>\n<p>Todos los conductores y peatones tienen una responsabilidad mutua: los conductores deben tener un cuidado razonable para evitar atropellar a un peat\u00f3n y los peatones deben tener un cuidado razonable para cruzar una calle de manera segura. Si consideramos el ejemplo anterior, el peat\u00f3n ebrio incumpli\u00f3 su deber de cuidado al caminar en estado de ebriedad y no cruzar con seguridad en un paso de peatones marcado. Por otro lado, el conductor incumpli\u00f3 su deber de diligencia al exceder el l\u00edmite de velocidad.<\/p>\n<p>California tiene varias leyes de derecho de paso que regulan la seguridad de los peatones. Por ejemplo, la sanci\u00f3n para un conductor que no cede el derecho de paso a un peat\u00f3n es de al menos $220 cuando hay lesiones involucradas. Las sanciones por no ceder el paso a un peat\u00f3n ciego ser\u00e1n necesariamente m\u00e1s severas: una multa m\u00e1xima de $1,000 o seis meses de prisi\u00f3n, ya veces ambas.<\/p>\n<p>Sin embargo, tanto los conductores como los peatones deben ser conscientes de su entorno inmediato. Seguir las leyes de derecho de paso puede absolver a un conductor de un acto delictivo, pero no necesariamente minimizar\u00e1 su grado de culpa. En otras palabras, incluso si un peat\u00f3n decide cruzar la calle y no usa un paso de peatones cuando un conductor tiene una luz verde, como en el ejemplo que cubrimos anteriormente, ese conductor todav\u00eda tiene el deber de cuidado para evitar golpear el peat\u00f3n imprudente Nuevamente, en el ejemplo que discutimos anteriormente, el conductor estaba acelerando, lo que hace que sea mucho m\u00e1s dif\u00edcil detenerse a tiempo y reaccionar ante un peat\u00f3n que estaba donde se supon\u00eda que no deb\u00eda estar.<\/p>\n<p>Por otro lado, los peatones no pueden simplemente bajar repentinamente de la acera cuando hay un autom\u00f3vil cerca, detenerse en medio de una intersecci\u00f3n o bloquear el tr\u00e1fico incluso cuando tienen el derecho de paso.<\/p>\n<p>California es un estado de negligencia comparativa. Esto significa que incluso cuando un peat\u00f3n fue culpable de alg\u00fan tipo de negligencia al causar su propio accidente peatonal, a\u00fan puede tener derecho a alg\u00fan tipo de compensaci\u00f3n. Sin embargo, la compensaci\u00f3n se reducir\u00e1 dependiendo de la cantidad de negligencia que contribuyeron.<\/p>\n<p>Para usar el ejemplo anterior una vez m\u00e1s, si ese peat\u00f3n no estaba intoxicado cuando ocurri\u00f3 el accidente, es casi seguro que tendr\u00eda derecho a una compensaci\u00f3n mucho mayor. Pero debido a que estaban intoxicados, sus da\u00f1os se reducir\u00e1n significativamente.<\/p>\n<h2><strong>Los abogados litigantes de la costa oeste est\u00e1n aqu\u00ed para ayudar<\/strong><\/h2>\n<p>Si ha sufrido lesiones en un accidente de peatones como resultado de la negligencia de alguien o actos deliberados de malicia, tiene derecho a responsabilizar a la parte culpable por sus p\u00e9rdidas. Un abogado de accidentes de peatones de Irvine en West Coast Trial Lawyers puede ayudarlo a recuperar una compensaci\u00f3n por las p\u00e9rdidas que ha sufrido.<\/p>\n<p>Comun\u00edquese con nuestro equipo legal las 24 horas, los 7 d\u00edas de la semana llamando al\u00a0<strong>213-927-3700<\/strong> o enviando un correo electr\u00f3nico a\u00a0<a href=\"mailto:info@westcoasttriallawyers.com\"><strong>info@westcoasttriallawyers.com<\/strong><\/a> para programar una consulta gratuita en nuestro bufete de abogados de lesiones personales de Irvine.<br \/>\n<!-- WCTL_DEBUG: no shortcode in this_content --><\/p>\n","protected":false},"excerpt":{"rendered":"<p>\u00bfC\u00f3mo ocurren los accidentes de peatones? \u00bfQui\u00e9n puede ser considerado responsable de los da\u00f1os? Seg\u00fan un art\u00edculo de noticias de 2018 publicado por la ciudad de Irvine, una peatona de 65 a\u00f1os muri\u00f3 despu\u00e9s de ser atropellada por un veh\u00edculo en el vecindario de Woodbridge. El incidente fatal tuvo lugar en febrero de 2018, cerca [&hellip;]<\/p>\n","protected":false},"author":475,"featured_media":45866,"parent":47388,"menu_order":0,"comment_status":"closed","ping_status":"closed","template":"","meta":{"inline_featured_image":false,"footnotes":""},"class_list":["post-13068","page","type-page","status-publish","has-post-thumbnail","hentry"],"acf":[],"yoast_head":"<!-- This site is optimized with the Yoast SEO Premium plugin v26.0 (Yoast SEO v26.0) - https:\/\/yoast.com\/wordpress\/plugins\/seo\/ -->\n<title>Abogado de peatones de Irvine | West Coast Trial Lawyers<\/title>\n<meta name=\"robots\" content=\"index, follow, max-snippet:-1, max-image-preview:large, max-video-preview:-1\" \/>\n<link rel=\"canonical\" href=\"https:\/\/westcoasttriallawyers.com\/es\/california\/irvine\/abogados-accidentes-peaton-irvine\" \/>\n<meta property=\"og:locale\" content=\"es_ES\" \/>\n<meta property=\"og:type\" content=\"article\" \/>\n<meta property=\"og:title\" content=\"Abogado de peatones de Irvine\" \/>\n<meta property=\"og:description\" content=\"\u00bfC\u00f3mo ocurren los accidentes de peatones? \u00bfQui\u00e9n puede ser considerado responsable de los da\u00f1os? Seg\u00fan un art\u00edculo de noticias de 2018 publicado por la ciudad de Irvine, una peatona de 65 a\u00f1os muri\u00f3 despu\u00e9s de ser atropellada por un veh\u00edculo en el vecindario de Woodbridge. El incidente fatal tuvo lugar en febrero de 2018, cerca [&hellip;]\" \/>\n<meta property=\"og:url\" content=\"https:\/\/westcoasttriallawyers.com\/es\/california\/irvine\/abogados-accidentes-peaton-irvine\" \/>\n<meta property=\"og:site_name\" content=\"West Coast Trial Lawyers\" \/>\n<meta property=\"article:publisher\" content=\"https:\/\/www.facebook.com\/westcoasttriallawyers\/\" \/>\n<meta property=\"article:modified_time\" content=\"2026-01-23T20:04:52+00:00\" \/>\n<meta property=\"og:image\" content=\"https:\/\/westcoasttriallawyers.com\/wp-content\/uploads\/2025\/07\/Irvine-Accident-Lawyer-Page-1-17.webp\" \/>\n\t<meta property=\"og:image:width\" content=\"557\" \/>\n\t<meta property=\"og:image:height\" content=\"328\" \/>\n\t<meta property=\"og:image:type\" content=\"image\/webp\" \/>\n<meta name=\"twitter:card\" content=\"summary_large_image\" \/>\n<meta name=\"twitter:site\" content=\"@WestCoastTrial\" \/>\n<meta name=\"twitter:label1\" content=\"Tiempo de lectura\" \/>\n\t<meta name=\"twitter:data1\" content=\"6 minutos\" \/>\n<script type=\"application\/ld+json\" class=\"yoast-schema-graph\">{\"@context\":\"https:\/\/schema.org\",\"@graph\":[{\"@type\":[\"WebPage\",\"ItemPage\"],\"@id\":\"https:\/\/westcoasttriallawyers.com\/es\/california\/irvine\/abogados-accidentes-peaton-irvine\",\"url\":\"https:\/\/westcoasttriallawyers.com\/es\/california\/irvine\/abogados-accidentes-peaton-irvine\",\"name\":\"Abogado de peatones de Irvine | West Coast Trial Lawyers\",\"isPartOf\":{\"@id\":\"https:\/\/westcoasttriallawyers.com\/es#website\"},\"primaryImageOfPage\":{\"@id\":\"https:\/\/westcoasttriallawyers.com\/es\/california\/irvine\/abogados-accidentes-peaton-irvine#primaryimage\"},\"image\":{\"@id\":\"https:\/\/westcoasttriallawyers.com\/es\/california\/irvine\/abogados-accidentes-peaton-irvine#primaryimage\"},\"thumbnailUrl\":\"https:\/\/westcoasttriallawyers.com\/wp-content\/uploads\/2025\/07\/Irvine-Accident-Lawyer-Page-1-17.webp\",\"datePublished\":\"2026-01-13T23:31:41+00:00\",\"dateModified\":\"2026-01-23T20:04:52+00:00\",\"breadcrumb\":{\"@id\":\"https:\/\/westcoasttriallawyers.com\/es\/california\/irvine\/abogados-accidentes-peaton-irvine#breadcrumb\"},\"inLanguage\":\"es\",\"potentialAction\":[{\"@type\":\"ReadAction\",\"target\":[\"https:\/\/westcoasttriallawyers.com\/es\/california\/irvine\/abogados-accidentes-peaton-irvine\"]}]},{\"@type\":\"ImageObject\",\"inLanguage\":\"es\",\"@id\":\"https:\/\/westcoasttriallawyers.com\/es\/california\/irvine\/abogados-accidentes-peaton-irvine#primaryimage\",\"url\":\"https:\/\/westcoasttriallawyers.com\/wp-content\/uploads\/2025\/07\/Irvine-Accident-Lawyer-Page-1-17.webp\",\"contentUrl\":\"https:\/\/westcoasttriallawyers.com\/wp-content\/uploads\/2025\/07\/Irvine-Accident-Lawyer-Page-1-17.webp\",\"width\":557,\"height\":328},{\"@type\":\"BreadcrumbList\",\"@id\":\"https:\/\/westcoasttriallawyers.com\/es\/california\/irvine\/abogados-accidentes-peaton-irvine#breadcrumb\",\"itemListElement\":[{\"@type\":\"ListItem\",\"position\":1,\"name\":\"Inicio\",\"item\":\"https:\/\/westcoasttriallawyers.com\/es\"},{\"@type\":\"ListItem\",\"position\":2,\"name\":\"California\",\"item\":\"https:\/\/westcoasttriallawyers.com\/es\/california\"},{\"@type\":\"ListItem\",\"position\":3,\"name\":\"Irvine\",\"item\":\"https:\/\/westcoasttriallawyers.com\/es\/california\/irvine\"},{\"@type\":\"ListItem\",\"position\":4,\"name\":\"Abogado de peatones de Irvine\"}]},{\"@type\":\"WebSite\",\"@id\":\"https:\/\/westcoasttriallawyers.com\/es#website\",\"url\":\"https:\/\/westcoasttriallawyers.com\/es\",\"name\":\"West Coast Trial Lawyers\",\"description\":\"West Coast Trial Lawyers\",\"publisher\":{\"@id\":\"https:\/\/westcoasttriallawyers.com\/es#organization\"},\"alternateName\":\"WCTL\",\"potentialAction\":[{\"@type\":\"SearchAction\",\"target\":{\"@type\":\"EntryPoint\",\"urlTemplate\":\"https:\/\/westcoasttriallawyers.com\/es?s={search_term_string}\"},\"query-input\":{\"@type\":\"PropertyValueSpecification\",\"valueRequired\":true,\"valueName\":\"search_term_string\"}}],\"inLanguage\":\"es\"},{\"@type\":\"Organization\",\"@id\":\"https:\/\/westcoasttriallawyers.com\/es#organization\",\"name\":\"West Coast Trial Lawyers\",\"alternateName\":\"WCTL\",\"url\":\"https:\/\/westcoasttriallawyers.com\/es\",\"logo\":{\"@type\":\"ImageObject\",\"inLanguage\":\"es\",\"@id\":\"https:\/\/westcoasttriallawyers.com\/es#\/schema\/logo\/image\/\",\"url\":\"https:\/\/westcoasttriallawyers.com\/wp-content\/uploads\/2026\/02\/WCTL-Logo.jpg\",\"contentUrl\":\"https:\/\/westcoasttriallawyers.com\/wp-content\/uploads\/2026\/02\/WCTL-Logo.jpg\",\"width\":696,\"height\":696,\"caption\":\"West Coast Trial Lawyers\"},\"image\":{\"@id\":\"https:\/\/westcoasttriallawyers.com\/es#\/schema\/logo\/image\/\"},\"sameAs\":[\"https:\/\/www.facebook.com\/westcoasttriallawyers\/\",\"https:\/\/x.com\/WestCoastTrial\",\"https:\/\/www.linkedin.com\/company\/west-coast-trial-lawyers\/\",\"https:\/\/www.instagram.com\/westcoasttriallawyers\/\",\"https:\/\/www.yelp.com\/biz\/west-coast-trial-lawyers-los-angeles-2\",\"https:\/\/www.pinterest.com\/westcoasttrial\/\",\"https:\/\/www.youtube.com\/westcoasttriallawyersla\/\",\"https:\/\/www.tiktok.com\/westcoasttriallawyers\"],\"description\":\"West Coast Trial Lawyers is a top-rated personal injury law firm with a goal to provide expert legal representation to those in need. The law firm has offices across California, Nevada, Arizona, and Washington.\",\"legalName\":\"West Coast Trial Lawyers\"}]}<\/script>\n<!-- \/ Yoast SEO Premium plugin. -->","yoast_head_json":{"title":"Abogado de peatones de Irvine | West Coast Trial Lawyers","robots":{"index":"index","follow":"follow","max-snippet":"max-snippet:-1","max-image-preview":"max-image-preview:large","max-video-preview":"max-video-preview:-1"},"canonical":"https:\/\/westcoasttriallawyers.com\/es\/california\/irvine\/abogados-accidentes-peaton-irvine","og_locale":"es_ES","og_type":"article","og_title":"Abogado de peatones de Irvine","og_description":"\u00bfC\u00f3mo ocurren los accidentes de peatones? \u00bfQui\u00e9n puede ser considerado responsable de los da\u00f1os? Seg\u00fan un art\u00edculo de noticias de 2018 publicado por la ciudad de Irvine, una peatona de 65 a\u00f1os muri\u00f3 despu\u00e9s de ser atropellada por un veh\u00edculo en el vecindario de Woodbridge. El incidente fatal tuvo lugar en febrero de 2018, cerca [&hellip;]","og_url":"https:\/\/westcoasttriallawyers.com\/es\/california\/irvine\/abogados-accidentes-peaton-irvine","og_site_name":"West Coast Trial Lawyers","article_publisher":"https:\/\/www.facebook.com\/westcoasttriallawyers\/","article_modified_time":"2026-01-23T20:04:52+00:00","og_image":[{"width":557,"height":328,"url":"https:\/\/westcoasttriallawyers.com\/wp-content\/uploads\/2025\/07\/Irvine-Accident-Lawyer-Page-1-17.webp","type":"image\/webp"}],"twitter_card":"summary_large_image","twitter_site":"@WestCoastTrial","twitter_misc":{"Tiempo de lectura":"6 minutos"},"schema":{"@context":"https:\/\/schema.org","@graph":[{"@type":["WebPage","ItemPage"],"@id":"https:\/\/westcoasttriallawyers.com\/es\/california\/irvine\/abogados-accidentes-peaton-irvine","url":"https:\/\/westcoasttriallawyers.com\/es\/california\/irvine\/abogados-accidentes-peaton-irvine","name":"Abogado de peatones de Irvine | West Coast Trial Lawyers","isPartOf":{"@id":"https:\/\/westcoasttriallawyers.com\/es#website"},"primaryImageOfPage":{"@id":"https:\/\/westcoasttriallawyers.com\/es\/california\/irvine\/abogados-accidentes-peaton-irvine#primaryimage"},"image":{"@id":"https:\/\/westcoasttriallawyers.com\/es\/california\/irvine\/abogados-accidentes-peaton-irvine#primaryimage"},"thumbnailUrl":"https:\/\/westcoasttriallawyers.com\/wp-content\/uploads\/2025\/07\/Irvine-Accident-Lawyer-Page-1-17.webp","datePublished":"2026-01-13T23:31:41+00:00","dateModified":"2026-01-23T20:04:52+00:00","breadcrumb":{"@id":"https:\/\/westcoasttriallawyers.com\/es\/california\/irvine\/abogados-accidentes-peaton-irvine#breadcrumb"},"inLanguage":"es","potentialAction":[{"@type":"ReadAction","target":["https:\/\/westcoasttriallawyers.com\/es\/california\/irvine\/abogados-accidentes-peaton-irvine"]}]},{"@type":"ImageObject","inLanguage":"es","@id":"https:\/\/westcoasttriallawyers.com\/es\/california\/irvine\/abogados-accidentes-peaton-irvine#primaryimage","url":"https:\/\/westcoasttriallawyers.com\/wp-content\/uploads\/2025\/07\/Irvine-Accident-Lawyer-Page-1-17.webp","contentUrl":"https:\/\/westcoasttriallawyers.com\/wp-content\/uploads\/2025\/07\/Irvine-Accident-Lawyer-Page-1-17.webp","width":557,"height":328},{"@type":"BreadcrumbList","@id":"https:\/\/westcoasttriallawyers.com\/es\/california\/irvine\/abogados-accidentes-peaton-irvine#breadcrumb","itemListElement":[{"@type":"ListItem","position":1,"name":"Inicio","item":"https:\/\/westcoasttriallawyers.com\/es"},{"@type":"ListItem","position":2,"name":"California","item":"https:\/\/westcoasttriallawyers.com\/es\/california"},{"@type":"ListItem","position":3,"name":"Irvine","item":"https:\/\/westcoasttriallawyers.com\/es\/california\/irvine"},{"@type":"ListItem","position":4,"name":"Abogado de peatones de Irvine"}]},{"@type":"WebSite","@id":"https:\/\/westcoasttriallawyers.com\/es#website","url":"https:\/\/westcoasttriallawyers.com\/es","name":"West Coast Trial Lawyers","description":"West Coast Trial Lawyers","publisher":{"@id":"https:\/\/westcoasttriallawyers.com\/es#organization"},"alternateName":"WCTL","potentialAction":[{"@type":"SearchAction","target":{"@type":"EntryPoint","urlTemplate":"https:\/\/westcoasttriallawyers.com\/es?s={search_term_string}"},"query-input":{"@type":"PropertyValueSpecification","valueRequired":true,"valueName":"search_term_string"}}],"inLanguage":"es"},{"@type":"Organization","@id":"https:\/\/westcoasttriallawyers.com\/es#organization","name":"West Coast Trial Lawyers","alternateName":"WCTL","url":"https:\/\/westcoasttriallawyers.com\/es","logo":{"@type":"ImageObject","inLanguage":"es","@id":"https:\/\/westcoasttriallawyers.com\/es#\/schema\/logo\/image\/","url":"https:\/\/westcoasttriallawyers.com\/wp-content\/uploads\/2026\/02\/WCTL-Logo.jpg","contentUrl":"https:\/\/westcoasttriallawyers.com\/wp-content\/uploads\/2026\/02\/WCTL-Logo.jpg","width":696,"height":696,"caption":"West Coast Trial Lawyers"},"image":{"@id":"https:\/\/westcoasttriallawyers.com\/es#\/schema\/logo\/image\/"},"sameAs":["https:\/\/www.facebook.com\/westcoasttriallawyers\/","https:\/\/x.com\/WestCoastTrial","https:\/\/www.linkedin.com\/company\/west-coast-trial-lawyers\/","https:\/\/www.instagram.com\/westcoasttriallawyers\/","https:\/\/www.yelp.com\/biz\/west-coast-trial-lawyers-los-angeles-2","https:\/\/www.pinterest.com\/westcoasttrial\/","https:\/\/www.youtube.com\/westcoasttriallawyersla\/","https:\/\/www.tiktok.com\/westcoasttriallawyers"],"description":"West Coast Trial Lawyers is a top-rated personal injury law firm with a goal to provide expert legal representation to those in need. The law firm has offices across California, Nevada, Arizona, and Washington.","legalName":"West Coast Trial Lawyers"}]}},"_links":{"self":[{"href":"https:\/\/westcoasttriallawyers.com\/es\/wp-json\/wp\/v2\/pages\/13068","targetHints":{"allow":["GET"]}}],"collection":[{"href":"https:\/\/westcoasttriallawyers.com\/es\/wp-json\/wp\/v2\/pages"}],"about":[{"href":"https:\/\/westcoasttriallawyers.com\/es\/wp-json\/wp\/v2\/types\/page"}],"author":[{"embeddable":true,"href":"https:\/\/westcoasttriallawyers.com\/es\/wp-json\/wp\/v2\/users\/475"}],"replies":[{"embeddable":true,"href":"https:\/\/westcoasttriallawyers.com\/es\/wp-json\/wp\/v2\/comments?post=13068"}],"version-history":[{"count":4,"href":"https:\/\/westcoasttriallawyers.com\/es\/wp-json\/wp\/v2\/pages\/13068\/revisions"}],"predecessor-version":[{"id":48151,"href":"https:\/\/westcoasttriallawyers.com\/es\/wp-json\/wp\/v2\/pages\/13068\/revisions\/48151"}],"up":[{"embeddable":true,"href":"https:\/\/westcoasttriallawyers.com\/es\/wp-json\/wp\/v2\/pages\/47388"}],"wp:featuredmedia":[{"embeddable":true,"href":"https:\/\/westcoasttriallawyers.com\/es\/wp-json\/wp\/v2\/media\/45866"}],"wp:attachment":[{"href":"https:\/\/westcoasttriallawyers.com\/es\/wp-json\/wp\/v2\/media?parent=13068"}],"curies":[{"name":"wp","href":"https:\/\/api.w.org\/{rel}","templated":true}]}}