{"id":13067,"date":"2026-01-13T23:31:39","date_gmt":"2026-01-13T23:31:39","guid":{"rendered":"https:\/\/wctl1stg.wpengine.com\/?page_id=13067"},"modified":"2026-01-21T12:35:15","modified_gmt":"2026-01-21T12:35:15","slug":"abogado-de-mordedura-de-perro-en-irvine","status":"publish","type":"page","link":"https:\/\/westcoasttriallawyers.com\/es\/california\/irvine\/abogado-de-mordedura-de-perro-en-irvine","title":{"rendered":"Abogado de mordedura de perro en Irvine"},"content":{"rendered":"<h2><strong>\u00bfQu\u00e9 tan comunes son las mordeduras de perro? \u00bfQu\u00e9 leyes de California se han establecido para castigar a la parte culpable por da\u00f1os y perjuicios?<\/strong><\/h2>\n<p>Los ataques de perros y las lesiones por mordeduras de perros, especialmente las que involucran razas pitbull, son bastante comunes en el \u00e1rea de Irvine. El condado de Orange tiene un promedio de m\u00e1s de cuatro mordeduras de perro al d\u00eda, lo que se traduce en m\u00e1s de 1500 mordeduras de perro cada a\u00f1o.<\/p>\n<p>Esos n\u00fameros parecen extremos, pero es importante considerar las circunstancias. La mayor\u00eda de las mordeduras de perros provienen de perros que son familiares para sus v\u00edctimas. Suelen ocurrir cuando un animal se sobresalta o tiene miedo. Tambi\u00e9n hay casos desafortunados en los que una persona provoca que un perro la ataque. Lo que puede comenzar como una burla inofensiva puede resultar f\u00e1cilmente en una mordedura de perro, especialmente cuando hay ni\u00f1os involucrados. Tambi\u00e9n hay casos en que alguien ingresa a una propiedad y un perro ataca como medio de defensa propia.<\/p>\n<p>Existen leyes y reglamentos en California que regulan la responsabilidad de los due\u00f1os de perros cuyos animales muerden a alguien. Si sufri\u00f3 lesiones como resultado de una mordedura de perro en la ciudad de Irvine debido a la negligencia de alguien, puede tener derecho a una compensaci\u00f3n por la p\u00e9rdida de salarios, facturas m\u00e9dicas y m\u00e1s.<\/p>\n<p>No dude en comunicarse con nuestro equipo legal las 24 horas, los 7 d\u00edas de la semana llamando al&nbsp;<strong>213-927-3700<\/strong> o enviando un correo electr\u00f3nico a<strong>&nbsp;<\/strong><a href=\"mailto:info@westcoasttriallawyers.com\"><strong>info@westcoasttriallawyers.com<\/strong><\/a><strong>&nbsp;<\/strong>para programar una consulta gratuita en nuestro bufete de abogados de lesiones personales de Irvine.<\/p>\n<h2><strong>Tipos comunes de incidentes de mordedura de perro<\/strong><\/h2>\n<ul>\n<li><strong>Razas de perros peligrosos.<\/strong> Algunos perros son inherentemente peligrosos y se sabe que atacan y muerden a las personas. Ciertas razas de perros tienen una reputaci\u00f3n tan \u00abmala\u00bb, que muchas p\u00f3lizas de seguro de propietarios de viviendas en realidad excluyen la cobertura de los da\u00f1os causados \u200b\u200bpor ellos. Algunos ejemplos de razas de perros tan mal difamadas incluyen pitbulls y rottweilers.&nbsp;<\/li>\n<\/ul>\n<p>En el estado de California, las razas de perros peligrosos se rigen por ordenanzas espec\u00edficas de raza. Entre otros requisitos exigidos legalmente, estas ordenanzas exigen que las razas de perros peligrosas deben registrarse y esterilizarse o castrarse. Una raza de perro espec\u00edfica no afectar\u00e1 necesariamente la responsabilidad o los da\u00f1os, a menos que ese perro ya haya mordido a alguien. En ese caso, el due\u00f1o de un perro estar\u00e1 sujeto a repercusiones legales adicionales porque ya sab\u00eda que su perro era peligroso y no tom\u00f3 medidas adicionales para evitar otro ataque.<\/p>\n<ul>\n<li><strong>Ataques de perros a ni\u00f1os.<\/strong> Los ataques de perros a ni\u00f1os son delicados y siempre plantean problemas especiales de responsabilidad. Las mordeduras de perros y los ataques a los ni\u00f1os requieren un tratamiento extenso para las lesiones f\u00edsicas y los traumas emocionales y mentales. Lamentablemente, en los peores casos, el ataque de un perro a un ni\u00f1o puede ser fatal. Estos tipos de ataques a menudo implicar\u00e1n da\u00f1os punitivos adem\u00e1s de los da\u00f1os normales a los que la v\u00edctima ya puede tener derecho. Los da\u00f1os punitivos se discutir\u00e1n con m\u00e1s detalle a continuaci\u00f3n, pero se otorgan cuando el due\u00f1o de un perro se comport\u00f3 de una manera especialmente negligente o maliciosa.<\/li>\n<li><strong>Ataques de perro a perro:<\/strong> Un ataque de perro a perro es un peligro real porque puede causar lesiones y p\u00e9rdidas de propiedad tanto a personas como a perros. Las p\u00f3lizas de seguro de propietario de vivienda a veces cubren los da\u00f1os de una persona, incluido el dolor y el sufrimiento, pero el dolor y el sufrimiento del perro no estar\u00e1n cubiertos. Como se mencion\u00f3, es importante comprender que muchas razas de perros peligrosos no estar\u00e1n cubiertas por el seguro de propietario de vivienda.<\/li>\n<li><strong>Ataques de perros no agresivos.<\/strong> A veces, un perro no agresivo \u00abatacar\u00e1\u00bb involuntariamente a un humano derrib\u00e1ndolo. Este tipo de \u201cataque\u201d es com\u00fan y no incluye las mordeduras de perro. Las razas grandes pueden pesar f\u00e1cilmente m\u00e1s que algunas personas. Un perro grande y excitable puede derribar a alguien y tal vez est\u00e9 feliz de verlo. Dado que este tipo de ataque no incluye una mordedura de perro, se aplicar\u00e1n las leyes normales de negligencia.<\/li>\n<\/ul>\n<p>Por ejemplo, digamos que alguien est\u00e1 paseando a su perro y el perro de repente se escapa de su due\u00f1o. Luego, el perro golpea a alguien, lo que hace que se caiga y sufra un esguince en la mu\u00f1eca. El perro en realidad no mordi\u00f3 a esta persona, pero aun as\u00ed le caus\u00f3 lesiones. Sin embargo, no hubo mordida. Por lo tanto, se aplicar\u00e1n las leyes est\u00e1ndar de negligencia.<\/p>\n<h2><strong>Leyes de responsabilidad estricta y da\u00f1os<\/strong><\/h2>\n<p>California es un estado de responsabilidad estricta cuando se trata de mordeduras de perros. En otras palabras, el due\u00f1o de un perro no puede escapar de la responsabilidad cuando su perro muerde a alguien, incluso si ese due\u00f1o no ten\u00eda idea de que su perro era capaz de comportarse agresivamente. De acuerdo con las leyes de responsabilidad estricta, el due\u00f1o de un perro es responsable de cualquier da\u00f1o que resulte de una mordedura de perro, ya sea que su perro haya mordido previamente a alguien.<\/p>\n<p>Las leyes sobre mordeduras de perros en California son muy estrictas. Si sufri\u00f3 una mordedura de perro, solo necesita probar que la mordedura ocurri\u00f3 cuando estaba en un lugar p\u00fablico o legalmente en la propiedad privada de alguien. En este tipo de casos, no se requiere que una persona agraviada demuestre que el due\u00f1o del perro fue negligente o no tuvo el cuidado razonable.<\/p>\n<p>Debido a que las mordeduras de perros tienen el potencial de causar lesiones f\u00edsicas graves y traumas emocionales, una v\u00edctima de mordedura de perro en Irvine generalmente tiene derecho a una compensaci\u00f3n por sus p\u00e9rdidas. La compensaci\u00f3n para las v\u00edctimas de mordeduras de perros, tambi\u00e9n conocida como da\u00f1os, puede incluir:<\/p>\n<ul>\n<li>Estr\u00e9s emocional<\/li>\n<li>Salarios perdidos<\/li>\n<li>P\u00e9rdida de propiedad<\/li>\n<li>Facturas m\u00e9dicas<\/li>\n<li>Terapia f\u00edsica\/vocacional<\/li>\n<li>Asesoramiento psicol\u00f3gico<\/li>\n<li>Capacidad de ganancia p\u00e9rdida<\/li>\n<li>Cicatrizaci\u00f3n<\/li>\n<li>P\u00e9rdida de extremidades<\/li>\n<\/ul>\n<p>Desafortunadamente, los casos de mordeduras de perros a veces pueden ser fatales. Por lo tanto, los familiares sobrevivientes de cualquier persona que haya muerto despu\u00e9s de un ataque de perro tienen derecho a la recuperaci\u00f3n de da\u00f1os en nombre del difunto. Estos tipos de reclamos se presentan como un reclamo por muerte injusta.<\/p>\n<p>Ciertos miembros de la familia, incluidos los c\u00f3nyuges\/parejas de hecho registradas y los hijos del difunto, tienen derecho a una compensaci\u00f3n por los costos del entierro, los gastos del funeral, la p\u00e9rdida de ingresos y el apoyo emocional que el difunto habr\u00eda brindado si hubiera sobrevivido al ataque del perro.<\/p>\n<h2><strong>\u00bfQu\u00e9 son los da\u00f1os punitivos?<\/strong><\/h2>\n<p>Una v\u00edctima de mordedura de perro a veces puede tener derecho a la recuperaci\u00f3n de da\u00f1os punitivos, pero en casos muy raros. Los da\u00f1os punitivos son poco comunes y est\u00e1n destinados a castigar a un acusado que se involucr\u00f3 en un comportamiento particularmente atroz y deliberadamente da\u00f1ino. Para que una v\u00edctima de mordedura de perro recupere da\u00f1os punitivos, debe probar que las acciones del due\u00f1o del perro fueron de naturaleza maliciosa.<\/p>\n<p>En otras palabras, debe probarse que el due\u00f1o de un perro actu\u00f3 \u201ccon un desprecio intencional y consciente de los derechos o la seguridad de los dem\u00e1s\u201d.<\/p>\n<p>Por ejemplo, si el due\u00f1o de un perro entrena a su perro para que ataque y mate y luego le ordena que ataque, es casi seguro que la v\u00edctima tendr\u00eda derecho a la recuperaci\u00f3n de da\u00f1os punitivos, adem\u00e1s de los da\u00f1os compensatorios normales a los que ya tendr\u00eda derecho.<\/p>\n<h2><strong>Los abogados litigantes de la costa oeste siempre est\u00e1n aqu\u00ed para ayudar<\/strong><\/h2>\n<p>Si ha sufrido una mordedura de perro en la ciudad de Irvine debido a negligencia o actos deliberados de malicia, tiene derecho a responsabilizar a la parte culpable por sus p\u00e9rdidas. Un abogado de mordeduras de perro de Irvine en West Coast Trial Lawyers puede recuperar una compensaci\u00f3n por sus p\u00e9rdidas.<\/p>\n<p>Ll\u00e1menos hoy al&nbsp;<strong>213-927-3700<\/strong> o env\u00ede un correo electr\u00f3nico a&nbsp;<a href=\"mailto:info@westcoasttriallawyers.com\"><strong>info@westcoasttriallawyers.com<\/strong><\/a> para programar una consulta gratuita con nuestro equipo legal experimentado, atento y compasivo.<br \/>\n<!-- WCTL_DEBUG: no shortcode in this_content --><\/p>\n","protected":false},"excerpt":{"rendered":"<p>\u00bfQu\u00e9 tan comunes son las mordeduras de perro? \u00bfQu\u00e9 leyes de California se han establecido para castigar a la parte culpable por da\u00f1os y perjuicios? Los ataques de perros y las lesiones por mordeduras de perros, especialmente las que involucran razas pitbull, son bastante comunes en el \u00e1rea de Irvine. El condado de Orange tiene [&hellip;]<\/p>\n","protected":false},"author":475,"featured_media":45856,"parent":47388,"menu_order":0,"comment_status":"closed","ping_status":"closed","template":"","meta":{"inline_featured_image":false,"footnotes":""},"class_list":["post-13067","page","type-page","status-publish","has-post-thumbnail","hentry"],"acf":[],"yoast_head":"<!-- This site is optimized with the Yoast SEO Premium plugin v26.0 (Yoast SEO v26.0) - https:\/\/yoast.com\/wordpress\/plugins\/seo\/ -->\n<title>Abogado de mordedura de perro en Irvine | West Coast Trial Lawyers<\/title>\n<meta name=\"robots\" content=\"index, follow, max-snippet:-1, max-image-preview:large, max-video-preview:-1\" \/>\n<link rel=\"canonical\" href=\"https:\/\/westcoasttriallawyers.com\/es\/california\/irvine\/abogado-de-mordedura-de-perro-en-irvine\" \/>\n<meta property=\"og:locale\" content=\"es_ES\" \/>\n<meta property=\"og:type\" content=\"article\" \/>\n<meta property=\"og:title\" content=\"Abogado de mordedura de perro en Irvine\" \/>\n<meta property=\"og:description\" content=\"\u00bfQu\u00e9 tan comunes son las mordeduras de perro? \u00bfQu\u00e9 leyes de California se han establecido para castigar a la parte culpable por da\u00f1os y perjuicios? Los ataques de perros y las lesiones por mordeduras de perros, especialmente las que involucran razas pitbull, son bastante comunes en el \u00e1rea de Irvine. El condado de Orange tiene [&hellip;]\" \/>\n<meta property=\"og:url\" content=\"https:\/\/westcoasttriallawyers.com\/es\/california\/irvine\/abogado-de-mordedura-de-perro-en-irvine\" \/>\n<meta property=\"og:site_name\" content=\"West Coast Trial Lawyers\" \/>\n<meta property=\"article:publisher\" content=\"https:\/\/www.facebook.com\/westcoasttriallawyers\/\" \/>\n<meta property=\"article:modified_time\" content=\"2026-01-21T12:35:15+00:00\" \/>\n<meta property=\"og:image\" content=\"https:\/\/westcoasttriallawyers.com\/wp-content\/uploads\/2025\/07\/Irvine-Accident-Lawyer-Page-1-13.webp\" \/>\n\t<meta property=\"og:image:width\" content=\"557\" \/>\n\t<meta property=\"og:image:height\" content=\"328\" \/>\n\t<meta property=\"og:image:type\" content=\"image\/webp\" \/>\n<meta name=\"twitter:card\" content=\"summary_large_image\" \/>\n<meta name=\"twitter:site\" content=\"@WestCoastTrial\" \/>\n<meta name=\"twitter:label1\" content=\"Tiempo de lectura\" \/>\n\t<meta name=\"twitter:data1\" content=\"6 minutos\" \/>\n<script type=\"application\/ld+json\" class=\"yoast-schema-graph\">{\"@context\":\"https:\/\/schema.org\",\"@graph\":[{\"@type\":[\"WebPage\",\"ItemPage\"],\"@id\":\"https:\/\/westcoasttriallawyers.com\/es\/california\/irvine\/abogado-de-mordedura-de-perro-en-irvine\",\"url\":\"https:\/\/westcoasttriallawyers.com\/es\/california\/irvine\/abogado-de-mordedura-de-perro-en-irvine\",\"name\":\"Abogado de mordedura de perro en Irvine | West Coast Trial Lawyers\",\"isPartOf\":{\"@id\":\"https:\/\/westcoasttriallawyers.com\/es#website\"},\"primaryImageOfPage\":{\"@id\":\"https:\/\/westcoasttriallawyers.com\/es\/california\/irvine\/abogado-de-mordedura-de-perro-en-irvine#primaryimage\"},\"image\":{\"@id\":\"https:\/\/westcoasttriallawyers.com\/es\/california\/irvine\/abogado-de-mordedura-de-perro-en-irvine#primaryimage\"},\"thumbnailUrl\":\"https:\/\/westcoasttriallawyers.com\/wp-content\/uploads\/2025\/07\/Irvine-Accident-Lawyer-Page-1-13.webp\",\"datePublished\":\"2026-01-13T23:31:39+00:00\",\"dateModified\":\"2026-01-21T12:35:15+00:00\",\"breadcrumb\":{\"@id\":\"https:\/\/westcoasttriallawyers.com\/es\/california\/irvine\/abogado-de-mordedura-de-perro-en-irvine#breadcrumb\"},\"inLanguage\":\"es\",\"potentialAction\":[{\"@type\":\"ReadAction\",\"target\":[\"https:\/\/westcoasttriallawyers.com\/es\/california\/irvine\/abogado-de-mordedura-de-perro-en-irvine\"]}]},{\"@type\":\"ImageObject\",\"inLanguage\":\"es\",\"@id\":\"https:\/\/westcoasttriallawyers.com\/es\/california\/irvine\/abogado-de-mordedura-de-perro-en-irvine#primaryimage\",\"url\":\"https:\/\/westcoasttriallawyers.com\/wp-content\/uploads\/2025\/07\/Irvine-Accident-Lawyer-Page-1-13.webp\",\"contentUrl\":\"https:\/\/westcoasttriallawyers.com\/wp-content\/uploads\/2025\/07\/Irvine-Accident-Lawyer-Page-1-13.webp\",\"width\":557,\"height\":328},{\"@type\":\"BreadcrumbList\",\"@id\":\"https:\/\/westcoasttriallawyers.com\/es\/california\/irvine\/abogado-de-mordedura-de-perro-en-irvine#breadcrumb\",\"itemListElement\":[{\"@type\":\"ListItem\",\"position\":1,\"name\":\"Inicio\",\"item\":\"https:\/\/westcoasttriallawyers.com\/es\"},{\"@type\":\"ListItem\",\"position\":2,\"name\":\"California\",\"item\":\"https:\/\/westcoasttriallawyers.com\/es\/california\"},{\"@type\":\"ListItem\",\"position\":3,\"name\":\"Irvine\",\"item\":\"https:\/\/westcoasttriallawyers.com\/es\/california\/irvine\"},{\"@type\":\"ListItem\",\"position\":4,\"name\":\"Abogado de mordedura de perro en Irvine\"}]},{\"@type\":\"WebSite\",\"@id\":\"https:\/\/westcoasttriallawyers.com\/es#website\",\"url\":\"https:\/\/westcoasttriallawyers.com\/es\",\"name\":\"West Coast Trial Lawyers\",\"description\":\"West Coast Trial Lawyers\",\"publisher\":{\"@id\":\"https:\/\/westcoasttriallawyers.com\/es#organization\"},\"alternateName\":\"WCTL\",\"potentialAction\":[{\"@type\":\"SearchAction\",\"target\":{\"@type\":\"EntryPoint\",\"urlTemplate\":\"https:\/\/westcoasttriallawyers.com\/es?s={search_term_string}\"},\"query-input\":{\"@type\":\"PropertyValueSpecification\",\"valueRequired\":true,\"valueName\":\"search_term_string\"}}],\"inLanguage\":\"es\"},{\"@type\":\"Organization\",\"@id\":\"https:\/\/westcoasttriallawyers.com\/es#organization\",\"name\":\"West Coast Trial Lawyers\",\"alternateName\":\"WCTL\",\"url\":\"https:\/\/westcoasttriallawyers.com\/es\",\"logo\":{\"@type\":\"ImageObject\",\"inLanguage\":\"es\",\"@id\":\"https:\/\/westcoasttriallawyers.com\/es#\/schema\/logo\/image\/\",\"url\":\"https:\/\/westcoasttriallawyers.com\/wp-content\/uploads\/2026\/02\/WCTL-Logo.jpg\",\"contentUrl\":\"https:\/\/westcoasttriallawyers.com\/wp-content\/uploads\/2026\/02\/WCTL-Logo.jpg\",\"width\":696,\"height\":696,\"caption\":\"West Coast Trial Lawyers\"},\"image\":{\"@id\":\"https:\/\/westcoasttriallawyers.com\/es#\/schema\/logo\/image\/\"},\"sameAs\":[\"https:\/\/www.facebook.com\/westcoasttriallawyers\/\",\"https:\/\/x.com\/WestCoastTrial\",\"https:\/\/www.linkedin.com\/company\/west-coast-trial-lawyers\/\",\"https:\/\/www.instagram.com\/westcoasttriallawyers\/\",\"https:\/\/www.yelp.com\/biz\/west-coast-trial-lawyers-los-angeles-2\",\"https:\/\/www.pinterest.com\/westcoasttrial\/\",\"https:\/\/www.youtube.com\/westcoasttriallawyersla\/\",\"https:\/\/www.tiktok.com\/westcoasttriallawyers\"],\"description\":\"West Coast Trial Lawyers is a top-rated personal injury law firm with a goal to provide expert legal representation to those in need. The law firm has offices across California, Nevada, Arizona, and Washington.\",\"legalName\":\"West Coast Trial Lawyers\"}]}<\/script>\n<!-- \/ Yoast SEO Premium plugin. -->","yoast_head_json":{"title":"Abogado de mordedura de perro en Irvine | West Coast Trial Lawyers","robots":{"index":"index","follow":"follow","max-snippet":"max-snippet:-1","max-image-preview":"max-image-preview:large","max-video-preview":"max-video-preview:-1"},"canonical":"https:\/\/westcoasttriallawyers.com\/es\/california\/irvine\/abogado-de-mordedura-de-perro-en-irvine","og_locale":"es_ES","og_type":"article","og_title":"Abogado de mordedura de perro en Irvine","og_description":"\u00bfQu\u00e9 tan comunes son las mordeduras de perro? \u00bfQu\u00e9 leyes de California se han establecido para castigar a la parte culpable por da\u00f1os y perjuicios? Los ataques de perros y las lesiones por mordeduras de perros, especialmente las que involucran razas pitbull, son bastante comunes en el \u00e1rea de Irvine. El condado de Orange tiene [&hellip;]","og_url":"https:\/\/westcoasttriallawyers.com\/es\/california\/irvine\/abogado-de-mordedura-de-perro-en-irvine","og_site_name":"West Coast Trial Lawyers","article_publisher":"https:\/\/www.facebook.com\/westcoasttriallawyers\/","article_modified_time":"2026-01-21T12:35:15+00:00","og_image":[{"width":557,"height":328,"url":"https:\/\/westcoasttriallawyers.com\/wp-content\/uploads\/2025\/07\/Irvine-Accident-Lawyer-Page-1-13.webp","type":"image\/webp"}],"twitter_card":"summary_large_image","twitter_site":"@WestCoastTrial","twitter_misc":{"Tiempo de lectura":"6 minutos"},"schema":{"@context":"https:\/\/schema.org","@graph":[{"@type":["WebPage","ItemPage"],"@id":"https:\/\/westcoasttriallawyers.com\/es\/california\/irvine\/abogado-de-mordedura-de-perro-en-irvine","url":"https:\/\/westcoasttriallawyers.com\/es\/california\/irvine\/abogado-de-mordedura-de-perro-en-irvine","name":"Abogado de mordedura de perro en Irvine | West Coast Trial Lawyers","isPartOf":{"@id":"https:\/\/westcoasttriallawyers.com\/es#website"},"primaryImageOfPage":{"@id":"https:\/\/westcoasttriallawyers.com\/es\/california\/irvine\/abogado-de-mordedura-de-perro-en-irvine#primaryimage"},"image":{"@id":"https:\/\/westcoasttriallawyers.com\/es\/california\/irvine\/abogado-de-mordedura-de-perro-en-irvine#primaryimage"},"thumbnailUrl":"https:\/\/westcoasttriallawyers.com\/wp-content\/uploads\/2025\/07\/Irvine-Accident-Lawyer-Page-1-13.webp","datePublished":"2026-01-13T23:31:39+00:00","dateModified":"2026-01-21T12:35:15+00:00","breadcrumb":{"@id":"https:\/\/westcoasttriallawyers.com\/es\/california\/irvine\/abogado-de-mordedura-de-perro-en-irvine#breadcrumb"},"inLanguage":"es","potentialAction":[{"@type":"ReadAction","target":["https:\/\/westcoasttriallawyers.com\/es\/california\/irvine\/abogado-de-mordedura-de-perro-en-irvine"]}]},{"@type":"ImageObject","inLanguage":"es","@id":"https:\/\/westcoasttriallawyers.com\/es\/california\/irvine\/abogado-de-mordedura-de-perro-en-irvine#primaryimage","url":"https:\/\/westcoasttriallawyers.com\/wp-content\/uploads\/2025\/07\/Irvine-Accident-Lawyer-Page-1-13.webp","contentUrl":"https:\/\/westcoasttriallawyers.com\/wp-content\/uploads\/2025\/07\/Irvine-Accident-Lawyer-Page-1-13.webp","width":557,"height":328},{"@type":"BreadcrumbList","@id":"https:\/\/westcoasttriallawyers.com\/es\/california\/irvine\/abogado-de-mordedura-de-perro-en-irvine#breadcrumb","itemListElement":[{"@type":"ListItem","position":1,"name":"Inicio","item":"https:\/\/westcoasttriallawyers.com\/es"},{"@type":"ListItem","position":2,"name":"California","item":"https:\/\/westcoasttriallawyers.com\/es\/california"},{"@type":"ListItem","position":3,"name":"Irvine","item":"https:\/\/westcoasttriallawyers.com\/es\/california\/irvine"},{"@type":"ListItem","position":4,"name":"Abogado de mordedura de perro en Irvine"}]},{"@type":"WebSite","@id":"https:\/\/westcoasttriallawyers.com\/es#website","url":"https:\/\/westcoasttriallawyers.com\/es","name":"West Coast Trial Lawyers","description":"West Coast Trial Lawyers","publisher":{"@id":"https:\/\/westcoasttriallawyers.com\/es#organization"},"alternateName":"WCTL","potentialAction":[{"@type":"SearchAction","target":{"@type":"EntryPoint","urlTemplate":"https:\/\/westcoasttriallawyers.com\/es?s={search_term_string}"},"query-input":{"@type":"PropertyValueSpecification","valueRequired":true,"valueName":"search_term_string"}}],"inLanguage":"es"},{"@type":"Organization","@id":"https:\/\/westcoasttriallawyers.com\/es#organization","name":"West Coast Trial Lawyers","alternateName":"WCTL","url":"https:\/\/westcoasttriallawyers.com\/es","logo":{"@type":"ImageObject","inLanguage":"es","@id":"https:\/\/westcoasttriallawyers.com\/es#\/schema\/logo\/image\/","url":"https:\/\/westcoasttriallawyers.com\/wp-content\/uploads\/2026\/02\/WCTL-Logo.jpg","contentUrl":"https:\/\/westcoasttriallawyers.com\/wp-content\/uploads\/2026\/02\/WCTL-Logo.jpg","width":696,"height":696,"caption":"West Coast Trial Lawyers"},"image":{"@id":"https:\/\/westcoasttriallawyers.com\/es#\/schema\/logo\/image\/"},"sameAs":["https:\/\/www.facebook.com\/westcoasttriallawyers\/","https:\/\/x.com\/WestCoastTrial","https:\/\/www.linkedin.com\/company\/west-coast-trial-lawyers\/","https:\/\/www.instagram.com\/westcoasttriallawyers\/","https:\/\/www.yelp.com\/biz\/west-coast-trial-lawyers-los-angeles-2","https:\/\/www.pinterest.com\/westcoasttrial\/","https:\/\/www.youtube.com\/westcoasttriallawyersla\/","https:\/\/www.tiktok.com\/westcoasttriallawyers"],"description":"West Coast Trial Lawyers is a top-rated personal injury law firm with a goal to provide expert legal representation to those in need. The law firm has offices across California, Nevada, Arizona, and Washington.","legalName":"West Coast Trial Lawyers"}]}},"_links":{"self":[{"href":"https:\/\/westcoasttriallawyers.com\/es\/wp-json\/wp\/v2\/pages\/13067","targetHints":{"allow":["GET"]}}],"collection":[{"href":"https:\/\/westcoasttriallawyers.com\/es\/wp-json\/wp\/v2\/pages"}],"about":[{"href":"https:\/\/westcoasttriallawyers.com\/es\/wp-json\/wp\/v2\/types\/page"}],"author":[{"embeddable":true,"href":"https:\/\/westcoasttriallawyers.com\/es\/wp-json\/wp\/v2\/users\/475"}],"replies":[{"embeddable":true,"href":"https:\/\/westcoasttriallawyers.com\/es\/wp-json\/wp\/v2\/comments?post=13067"}],"version-history":[{"count":3,"href":"https:\/\/westcoasttriallawyers.com\/es\/wp-json\/wp\/v2\/pages\/13067\/revisions"}],"predecessor-version":[{"id":47664,"href":"https:\/\/westcoasttriallawyers.com\/es\/wp-json\/wp\/v2\/pages\/13067\/revisions\/47664"}],"up":[{"embeddable":true,"href":"https:\/\/westcoasttriallawyers.com\/es\/wp-json\/wp\/v2\/pages\/47388"}],"wp:featuredmedia":[{"embeddable":true,"href":"https:\/\/westcoasttriallawyers.com\/es\/wp-json\/wp\/v2\/media\/45856"}],"wp:attachment":[{"href":"https:\/\/westcoasttriallawyers.com\/es\/wp-json\/wp\/v2\/media?parent=13067"}],"curies":[{"name":"wp","href":"https:\/\/api.w.org\/{rel}","templated":true}]}}