{"id":13046,"date":"2026-01-13T23:06:49","date_gmt":"2026-01-13T23:06:49","guid":{"rendered":"https:\/\/wctl1stg.wpengine.com\/?page_id=13046"},"modified":"2026-01-21T11:29:21","modified_gmt":"2026-01-21T11:29:21","slug":"abogado-de-accidentes-de-scooter-en-glendale","status":"publish","type":"page","link":"https:\/\/westcoasttriallawyers.com\/es\/california\/glendale\/abogado-de-accidentes-de-scooter-en-glendale","title":{"rendered":"Abogado de accidentes de scooter en Glendale"},"content":{"rendered":"<h2><strong>\u00bfQu\u00e9 tipos de accidentes de scooter ocurren en las calles de Glendale? \u00bfLos cascos afectan la oferta de liquidaci\u00f3n?<\/strong><\/h2>\n<p>Los scooters el\u00e9ctricos se usan com\u00fanmente en ciudades densamente pobladas, como Glendale. Son herramientas convenientes que son apreciadas por su asequibilidad y facilidad. Con varias empresas de viajes compartidos en funcionamiento, como Bird y Lime, las personas ahora tienen f\u00e1cil acceso a e-scooters para viajes locales.<\/p>\n<p>Con la cantidad de popularidad que los e-scooters han ganado en los \u00faltimos a\u00f1os, se han vuelto m\u00e1s notorios en ciertas \u00e1reas alrededor de Glendale, como campus universitarios, parques p\u00fablicos y el centro de Glendale. Tener tantos e-scooters hace la vida m\u00e1s f\u00e1cil. Sin embargo, tambi\u00e9n hay varias desventajas que vienen con ellos. En determinadas circunstancias, un e-scooter podr\u00eda causar lesiones o la muerte si el usuario no tiene experiencia, est\u00e1 intoxicado, no conoce las normas de circulaci\u00f3n, utiliza un e-scooter defectuoso, acelera o no presta atenci\u00f3n a la carretera.<\/p>\n<p>Si fue v\u00edctima de un accidente de e-scooter, debe buscar ayuda legal de inmediato de un abogado con experiencia en accidentes de e-scooter. En West Coast Trial Lawyers, nuestros abogados especialistas en accidentes de e-scooter de Glendale han ganado m\u00e1s de 5000 casos y han recuperado m\u00e1s de $1000 millones en acuerdos para nuestros clientes. Debido a nuestros logros, hemos sido reconocidos como uno de los mejores bufetes de abogados de lesiones personales en Glendale.<\/p>\n<p>Comun\u00edquese con nuestro equipo legal las 24 horas, los 7 d\u00edas de la semana llamando al&nbsp;<strong>213-927-3700<\/strong> o env\u00ede un correo electr\u00f3nico a&nbsp;<a href=\"mailto:info@westcoasttriallawyers.com\"><strong>info@westcoasttriallawyers.com<\/strong><\/a> para programar una consulta gratuita en nuestro bufete de abogados de lesiones personales de Glendale hoy.<\/p>\n<h2><strong>Accidentes de scooter sin casco<\/strong><\/h2>\n<p>En el pasado, si lo atrapaban conduciendo un e-scooter sin casco, lo multaban con hasta $ 200. Las empresas de viajes compartidos, como Bird y Lime, no estaban satisfechas con esta ley, ya que frustraba el prop\u00f3sito de la conveniencia. Debido a este problema, se aprob\u00f3 California AB 2989. Esta ley proh\u00edbe expl\u00edcitamente a los usuarios menores de 18 a\u00f1os conducir un e-scooter sin casco.<\/p>\n<p>La desventaja de esta ley fue que aument\u00f3 la cantidad de e-scooters en la carretera, adem\u00e1s de motivar comportamientos imprudentes en \u00e1reas prohibidas. Esto ha resultado en m\u00faltiples accidentes de e-scooter. A pesar de que la ley no se aplica estrictamente a los mayores de 18 a\u00f1os, sigue siendo una buena idea usar equipo de protecci\u00f3n mientras usa un e-scooter.<\/p>\n<h2><strong>Tipos comunes de accidentes de scooters el\u00e9ctricos<\/strong><\/h2>\n<ul>\n<li><strong>Funcionamiento defectuoso.<\/strong> Las empresas que desarrollen e-scooters defectuosos ser\u00e1n responsables de las p\u00e9rdidas que se causen. Es importante que estas empresas inspeccionen sus productos antes de lanzarlos al p\u00fablico. El no hacerlo puede resultar en accidentes graves que podr\u00edan da\u00f1ar o matar a un ciclista. Las formas comunes de mal funcionamiento incluyen problemas de motor, problemas de frenos y manubrios sueltos.<\/li>\n<li><strong>Peligros de la carretera.<\/strong> Los usuarios de scooters el\u00e9ctricos deben prestar atenci\u00f3n a otros veh\u00edculos y peligros en las carreteras cercanas. En algunas circunstancias, si un ciclista est\u00e1 tratando de evitar un peligro en la carretera, sin darse cuenta podr\u00eda tener un accidente con otro veh\u00edculo. Si un ciclista no est\u00e1 prestando atenci\u00f3n a la carretera, puede perder el control de su e-scooter con solo pasar sobre un bache, pavimento defectuoso o escombros. Debido a estos riesgos, siempre se recomienda conducir con precauci\u00f3n y mantener la vista en la carretera en todo momento.<\/li>\n<li><strong>Accidente peatonal.<\/strong> Los accidentes de peatones pueden involucrar a m\u00faltiples partes, incluido un peat\u00f3n, un conductor de veh\u00edculo motorizado, un motociclista, un ciclista y un conductor de scooter el\u00e9ctrico. Muchos escenarios pueden ocurrir para que ocurra un accidente de peatones. Por ejemplo, un peat\u00f3n est\u00e1 intentando cruzar la calle imprudentemente. Echa un r\u00e1pido vistazo a la carretera sin hacer ninguna observaci\u00f3n cautelosa y procede a cruzar la calle. Un ciclista de e-scooter a alta velocidad aparece en el carril para bicicletas y choca directamente contra el peat\u00f3n que cruza la calle imprudentemente. En este caso, se espera que el ciclista y el peat\u00f3n compartan la responsabilidad por contribuir al accidente.<\/li>\n<li><strong>Colisi\u00f3n de veh\u00edculos.<\/strong> Muchos factores pueden contribuir a un accidente de e-scooter que involucre un veh\u00edculo motorizado. Por ejemplo, un ciclista inexperto va a gran velocidad por un carril bici y empieza a perder el control. Mientras el ciclista intenta detener el e-scooter, otro veh\u00edculo cercano intenta pasar. Desafortunadamente, el conductor del e-scooter no puede reducir la velocidad del e-scooter y choca directamente contra el otro veh\u00edculo. Bajo esta circunstancia, el conductor del e-scooter tendr\u00eda la culpa del accidente ya que estaba realizando acciones que estaban mucho m\u00e1s all\u00e1 de sus capacidades.<\/li>\n<li><strong>Tropezar con un e-scooter.<\/strong> Una vez que un usuario ha completado su sesi\u00f3n con el e-scooter, debe dejarlo como est\u00e1. En algunos casos, los e-scooters pueden dejarse en el suelo en lugar de colocarse de pie. Los peatones que pasen por all\u00ed podr\u00edan tropezar con los patinetes el\u00e9ctricos que quedan en el suelo y acabar lesionando por la ca\u00edda.<\/li>\n<\/ul>\n<h2><strong>Cont\u00e1ctenos<\/strong><\/h2>\n<p>Si usted o un ser querido estuvieron involucrados en un accidente de e-scooter y necesitan asistencia legal para presentar un reclamo contra la parte culpable, West Coast Trial Lawyers tiene abogados de accidentes de e-scooter de Glendale que est\u00e1n disponibles para brindar asistencia legal.<\/p>\n<p>Para programar una consulta gratuita y sin compromiso en nuestro bufete de abogados de lesiones personales de Glendale, comun\u00edquese con nuestro equipo legal las 24 horas, los 7 d\u00edas de la semana llamando al&nbsp;<strong>213-927-3700<\/strong> o enviando un correo electr\u00f3nico a&nbsp;<a href=\"mailto:info@westcoasttriallawyers.com\"><strong>info@westcoasttriallawyers.com<\/strong><\/a><strong>.&nbsp;<\/strong><br \/>\n<!-- WCTL_DEBUG: no shortcode in this_content --><\/p>\n","protected":false},"excerpt":{"rendered":"<p>\u00bfQu\u00e9 tipos de accidentes de scooter ocurren en las calles de Glendale? \u00bfLos cascos afectan la oferta de liquidaci\u00f3n? Los scooters el\u00e9ctricos se usan com\u00fanmente en ciudades densamente pobladas, como Glendale. Son herramientas convenientes que son apreciadas por su asequibilidad y facilidad. Con varias empresas de viajes compartidos en funcionamiento, como Bird y Lime, las [&hellip;]<\/p>\n","protected":false},"author":475,"featured_media":45739,"parent":47286,"menu_order":0,"comment_status":"closed","ping_status":"closed","template":"","meta":{"inline_featured_image":false,"footnotes":""},"class_list":["post-13046","page","type-page","status-publish","has-post-thumbnail","hentry"],"acf":[],"yoast_head":"<!-- This site is optimized with the Yoast SEO Premium plugin v26.0 (Yoast SEO v26.0) - https:\/\/yoast.com\/wordpress\/plugins\/seo\/ -->\n<title>Abogado de accidentes de scooter en Glendale | West Coast Trial Lawyers<\/title>\n<meta name=\"robots\" content=\"index, follow, max-snippet:-1, max-image-preview:large, max-video-preview:-1\" \/>\n<link rel=\"canonical\" href=\"https:\/\/westcoasttriallawyers.com\/es\/california\/glendale\/abogado-de-accidentes-de-scooter-en-glendale\" \/>\n<meta property=\"og:locale\" content=\"es_ES\" \/>\n<meta property=\"og:type\" content=\"article\" \/>\n<meta property=\"og:title\" content=\"Abogado de accidentes de scooter en Glendale\" \/>\n<meta property=\"og:description\" content=\"\u00bfQu\u00e9 tipos de accidentes de scooter ocurren en las calles de Glendale? \u00bfLos cascos afectan la oferta de liquidaci\u00f3n? Los scooters el\u00e9ctricos se usan com\u00fanmente en ciudades densamente pobladas, como Glendale. Son herramientas convenientes que son apreciadas por su asequibilidad y facilidad. Con varias empresas de viajes compartidos en funcionamiento, como Bird y Lime, las [&hellip;]\" \/>\n<meta property=\"og:url\" content=\"https:\/\/westcoasttriallawyers.com\/es\/california\/glendale\/abogado-de-accidentes-de-scooter-en-glendale\" \/>\n<meta property=\"og:site_name\" content=\"West Coast Trial Lawyers\" \/>\n<meta property=\"article:publisher\" content=\"https:\/\/www.facebook.com\/westcoasttriallawyers\/\" \/>\n<meta property=\"article:modified_time\" content=\"2026-01-21T11:29:21+00:00\" \/>\n<meta property=\"og:image\" content=\"https:\/\/westcoasttriallawyers.com\/wp-content\/uploads\/2025\/07\/Glendale-25.webp\" \/>\n\t<meta property=\"og:image:width\" content=\"557\" \/>\n\t<meta property=\"og:image:height\" content=\"327\" \/>\n\t<meta property=\"og:image:type\" content=\"image\/webp\" \/>\n<meta name=\"twitter:card\" content=\"summary_large_image\" \/>\n<meta name=\"twitter:site\" content=\"@WestCoastTrial\" \/>\n<meta name=\"twitter:label1\" content=\"Tiempo de lectura\" \/>\n\t<meta name=\"twitter:data1\" content=\"5 minutos\" \/>\n<script type=\"application\/ld+json\" class=\"yoast-schema-graph\">{\"@context\":\"https:\/\/schema.org\",\"@graph\":[{\"@type\":[\"WebPage\",\"ItemPage\"],\"@id\":\"https:\/\/westcoasttriallawyers.com\/es\/california\/glendale\/abogado-de-accidentes-de-scooter-en-glendale\",\"url\":\"https:\/\/westcoasttriallawyers.com\/es\/california\/glendale\/abogado-de-accidentes-de-scooter-en-glendale\",\"name\":\"Abogado de accidentes de scooter en Glendale | West Coast Trial Lawyers\",\"isPartOf\":{\"@id\":\"https:\/\/westcoasttriallawyers.com\/es#website\"},\"primaryImageOfPage\":{\"@id\":\"https:\/\/westcoasttriallawyers.com\/es\/california\/glendale\/abogado-de-accidentes-de-scooter-en-glendale#primaryimage\"},\"image\":{\"@id\":\"https:\/\/westcoasttriallawyers.com\/es\/california\/glendale\/abogado-de-accidentes-de-scooter-en-glendale#primaryimage\"},\"thumbnailUrl\":\"https:\/\/westcoasttriallawyers.com\/wp-content\/uploads\/2025\/07\/Glendale-25.webp\",\"datePublished\":\"2026-01-13T23:06:49+00:00\",\"dateModified\":\"2026-01-21T11:29:21+00:00\",\"breadcrumb\":{\"@id\":\"https:\/\/westcoasttriallawyers.com\/es\/california\/glendale\/abogado-de-accidentes-de-scooter-en-glendale#breadcrumb\"},\"inLanguage\":\"es\",\"potentialAction\":[{\"@type\":\"ReadAction\",\"target\":[\"https:\/\/westcoasttriallawyers.com\/es\/california\/glendale\/abogado-de-accidentes-de-scooter-en-glendale\"]}]},{\"@type\":\"ImageObject\",\"inLanguage\":\"es\",\"@id\":\"https:\/\/westcoasttriallawyers.com\/es\/california\/glendale\/abogado-de-accidentes-de-scooter-en-glendale#primaryimage\",\"url\":\"https:\/\/westcoasttriallawyers.com\/wp-content\/uploads\/2025\/07\/Glendale-25.webp\",\"contentUrl\":\"https:\/\/westcoasttriallawyers.com\/wp-content\/uploads\/2025\/07\/Glendale-25.webp\",\"width\":557,\"height\":327},{\"@type\":\"BreadcrumbList\",\"@id\":\"https:\/\/westcoasttriallawyers.com\/es\/california\/glendale\/abogado-de-accidentes-de-scooter-en-glendale#breadcrumb\",\"itemListElement\":[{\"@type\":\"ListItem\",\"position\":1,\"name\":\"Inicio\",\"item\":\"https:\/\/westcoasttriallawyers.com\/es\"},{\"@type\":\"ListItem\",\"position\":2,\"name\":\"California\",\"item\":\"https:\/\/westcoasttriallawyers.com\/es\/california\"},{\"@type\":\"ListItem\",\"position\":3,\"name\":\"Glendale\",\"item\":\"https:\/\/westcoasttriallawyers.com\/es\/california\/glendale\"},{\"@type\":\"ListItem\",\"position\":4,\"name\":\"Abogado de accidentes de scooter en Glendale\"}]},{\"@type\":\"WebSite\",\"@id\":\"https:\/\/westcoasttriallawyers.com\/es#website\",\"url\":\"https:\/\/westcoasttriallawyers.com\/es\",\"name\":\"West Coast Trial Lawyers\",\"description\":\"West Coast Trial Lawyers\",\"publisher\":{\"@id\":\"https:\/\/westcoasttriallawyers.com\/es#organization\"},\"alternateName\":\"WCTL\",\"potentialAction\":[{\"@type\":\"SearchAction\",\"target\":{\"@type\":\"EntryPoint\",\"urlTemplate\":\"https:\/\/westcoasttriallawyers.com\/es?s={search_term_string}\"},\"query-input\":{\"@type\":\"PropertyValueSpecification\",\"valueRequired\":true,\"valueName\":\"search_term_string\"}}],\"inLanguage\":\"es\"},{\"@type\":\"Organization\",\"@id\":\"https:\/\/westcoasttriallawyers.com\/es#organization\",\"name\":\"West Coast Trial Lawyers\",\"alternateName\":\"WCTL\",\"url\":\"https:\/\/westcoasttriallawyers.com\/es\",\"logo\":{\"@type\":\"ImageObject\",\"inLanguage\":\"es\",\"@id\":\"https:\/\/westcoasttriallawyers.com\/es#\/schema\/logo\/image\/\",\"url\":\"https:\/\/westcoasttriallawyers.com\/wp-content\/uploads\/2026\/02\/WCTL-Logo.jpg\",\"contentUrl\":\"https:\/\/westcoasttriallawyers.com\/wp-content\/uploads\/2026\/02\/WCTL-Logo.jpg\",\"width\":696,\"height\":696,\"caption\":\"West Coast Trial Lawyers\"},\"image\":{\"@id\":\"https:\/\/westcoasttriallawyers.com\/es#\/schema\/logo\/image\/\"},\"sameAs\":[\"https:\/\/www.facebook.com\/westcoasttriallawyers\/\",\"https:\/\/x.com\/WestCoastTrial\",\"https:\/\/www.linkedin.com\/company\/west-coast-trial-lawyers\/\",\"https:\/\/www.instagram.com\/westcoasttriallawyers\/\",\"https:\/\/www.yelp.com\/biz\/west-coast-trial-lawyers-los-angeles-2\",\"https:\/\/www.pinterest.com\/westcoasttrial\/\",\"https:\/\/www.youtube.com\/westcoasttriallawyersla\/\",\"https:\/\/www.tiktok.com\/westcoasttriallawyers\"],\"description\":\"West Coast Trial Lawyers is a top-rated personal injury law firm with a goal to provide expert legal representation to those in need. The law firm has offices across California, Nevada, Arizona, and Washington.\",\"legalName\":\"West Coast Trial Lawyers\"}]}<\/script>\n<!-- \/ Yoast SEO Premium plugin. -->","yoast_head_json":{"title":"Abogado de accidentes de scooter en Glendale | West Coast Trial Lawyers","robots":{"index":"index","follow":"follow","max-snippet":"max-snippet:-1","max-image-preview":"max-image-preview:large","max-video-preview":"max-video-preview:-1"},"canonical":"https:\/\/westcoasttriallawyers.com\/es\/california\/glendale\/abogado-de-accidentes-de-scooter-en-glendale","og_locale":"es_ES","og_type":"article","og_title":"Abogado de accidentes de scooter en Glendale","og_description":"\u00bfQu\u00e9 tipos de accidentes de scooter ocurren en las calles de Glendale? \u00bfLos cascos afectan la oferta de liquidaci\u00f3n? Los scooters el\u00e9ctricos se usan com\u00fanmente en ciudades densamente pobladas, como Glendale. Son herramientas convenientes que son apreciadas por su asequibilidad y facilidad. Con varias empresas de viajes compartidos en funcionamiento, como Bird y Lime, las [&hellip;]","og_url":"https:\/\/westcoasttriallawyers.com\/es\/california\/glendale\/abogado-de-accidentes-de-scooter-en-glendale","og_site_name":"West Coast Trial Lawyers","article_publisher":"https:\/\/www.facebook.com\/westcoasttriallawyers\/","article_modified_time":"2026-01-21T11:29:21+00:00","og_image":[{"width":557,"height":327,"url":"https:\/\/westcoasttriallawyers.com\/wp-content\/uploads\/2025\/07\/Glendale-25.webp","type":"image\/webp"}],"twitter_card":"summary_large_image","twitter_site":"@WestCoastTrial","twitter_misc":{"Tiempo de lectura":"5 minutos"},"schema":{"@context":"https:\/\/schema.org","@graph":[{"@type":["WebPage","ItemPage"],"@id":"https:\/\/westcoasttriallawyers.com\/es\/california\/glendale\/abogado-de-accidentes-de-scooter-en-glendale","url":"https:\/\/westcoasttriallawyers.com\/es\/california\/glendale\/abogado-de-accidentes-de-scooter-en-glendale","name":"Abogado de accidentes de scooter en Glendale | West Coast Trial Lawyers","isPartOf":{"@id":"https:\/\/westcoasttriallawyers.com\/es#website"},"primaryImageOfPage":{"@id":"https:\/\/westcoasttriallawyers.com\/es\/california\/glendale\/abogado-de-accidentes-de-scooter-en-glendale#primaryimage"},"image":{"@id":"https:\/\/westcoasttriallawyers.com\/es\/california\/glendale\/abogado-de-accidentes-de-scooter-en-glendale#primaryimage"},"thumbnailUrl":"https:\/\/westcoasttriallawyers.com\/wp-content\/uploads\/2025\/07\/Glendale-25.webp","datePublished":"2026-01-13T23:06:49+00:00","dateModified":"2026-01-21T11:29:21+00:00","breadcrumb":{"@id":"https:\/\/westcoasttriallawyers.com\/es\/california\/glendale\/abogado-de-accidentes-de-scooter-en-glendale#breadcrumb"},"inLanguage":"es","potentialAction":[{"@type":"ReadAction","target":["https:\/\/westcoasttriallawyers.com\/es\/california\/glendale\/abogado-de-accidentes-de-scooter-en-glendale"]}]},{"@type":"ImageObject","inLanguage":"es","@id":"https:\/\/westcoasttriallawyers.com\/es\/california\/glendale\/abogado-de-accidentes-de-scooter-en-glendale#primaryimage","url":"https:\/\/westcoasttriallawyers.com\/wp-content\/uploads\/2025\/07\/Glendale-25.webp","contentUrl":"https:\/\/westcoasttriallawyers.com\/wp-content\/uploads\/2025\/07\/Glendale-25.webp","width":557,"height":327},{"@type":"BreadcrumbList","@id":"https:\/\/westcoasttriallawyers.com\/es\/california\/glendale\/abogado-de-accidentes-de-scooter-en-glendale#breadcrumb","itemListElement":[{"@type":"ListItem","position":1,"name":"Inicio","item":"https:\/\/westcoasttriallawyers.com\/es"},{"@type":"ListItem","position":2,"name":"California","item":"https:\/\/westcoasttriallawyers.com\/es\/california"},{"@type":"ListItem","position":3,"name":"Glendale","item":"https:\/\/westcoasttriallawyers.com\/es\/california\/glendale"},{"@type":"ListItem","position":4,"name":"Abogado de accidentes de scooter en Glendale"}]},{"@type":"WebSite","@id":"https:\/\/westcoasttriallawyers.com\/es#website","url":"https:\/\/westcoasttriallawyers.com\/es","name":"West Coast Trial Lawyers","description":"West Coast Trial Lawyers","publisher":{"@id":"https:\/\/westcoasttriallawyers.com\/es#organization"},"alternateName":"WCTL","potentialAction":[{"@type":"SearchAction","target":{"@type":"EntryPoint","urlTemplate":"https:\/\/westcoasttriallawyers.com\/es?s={search_term_string}"},"query-input":{"@type":"PropertyValueSpecification","valueRequired":true,"valueName":"search_term_string"}}],"inLanguage":"es"},{"@type":"Organization","@id":"https:\/\/westcoasttriallawyers.com\/es#organization","name":"West Coast Trial Lawyers","alternateName":"WCTL","url":"https:\/\/westcoasttriallawyers.com\/es","logo":{"@type":"ImageObject","inLanguage":"es","@id":"https:\/\/westcoasttriallawyers.com\/es#\/schema\/logo\/image\/","url":"https:\/\/westcoasttriallawyers.com\/wp-content\/uploads\/2026\/02\/WCTL-Logo.jpg","contentUrl":"https:\/\/westcoasttriallawyers.com\/wp-content\/uploads\/2026\/02\/WCTL-Logo.jpg","width":696,"height":696,"caption":"West Coast Trial Lawyers"},"image":{"@id":"https:\/\/westcoasttriallawyers.com\/es#\/schema\/logo\/image\/"},"sameAs":["https:\/\/www.facebook.com\/westcoasttriallawyers\/","https:\/\/x.com\/WestCoastTrial","https:\/\/www.linkedin.com\/company\/west-coast-trial-lawyers\/","https:\/\/www.instagram.com\/westcoasttriallawyers\/","https:\/\/www.yelp.com\/biz\/west-coast-trial-lawyers-los-angeles-2","https:\/\/www.pinterest.com\/westcoasttrial\/","https:\/\/www.youtube.com\/westcoasttriallawyersla\/","https:\/\/www.tiktok.com\/westcoasttriallawyers"],"description":"West Coast Trial Lawyers is a top-rated personal injury law firm with a goal to provide expert legal representation to those in need. The law firm has offices across California, Nevada, Arizona, and Washington.","legalName":"West Coast Trial Lawyers"}]}},"_links":{"self":[{"href":"https:\/\/westcoasttriallawyers.com\/es\/wp-json\/wp\/v2\/pages\/13046","targetHints":{"allow":["GET"]}}],"collection":[{"href":"https:\/\/westcoasttriallawyers.com\/es\/wp-json\/wp\/v2\/pages"}],"about":[{"href":"https:\/\/westcoasttriallawyers.com\/es\/wp-json\/wp\/v2\/types\/page"}],"author":[{"embeddable":true,"href":"https:\/\/westcoasttriallawyers.com\/es\/wp-json\/wp\/v2\/users\/475"}],"replies":[{"embeddable":true,"href":"https:\/\/westcoasttriallawyers.com\/es\/wp-json\/wp\/v2\/comments?post=13046"}],"version-history":[{"count":3,"href":"https:\/\/westcoasttriallawyers.com\/es\/wp-json\/wp\/v2\/pages\/13046\/revisions"}],"predecessor-version":[{"id":47647,"href":"https:\/\/westcoasttriallawyers.com\/es\/wp-json\/wp\/v2\/pages\/13046\/revisions\/47647"}],"up":[{"embeddable":true,"href":"https:\/\/westcoasttriallawyers.com\/es\/wp-json\/wp\/v2\/pages\/47286"}],"wp:featuredmedia":[{"embeddable":true,"href":"https:\/\/westcoasttriallawyers.com\/es\/wp-json\/wp\/v2\/media\/45739"}],"wp:attachment":[{"href":"https:\/\/westcoasttriallawyers.com\/es\/wp-json\/wp\/v2\/media?parent=13046"}],"curies":[{"name":"wp","href":"https:\/\/api.w.org\/{rel}","templated":true}]}}