{"id":13045,"date":"2026-01-13T23:06:44","date_gmt":"2026-01-13T23:06:44","guid":{"rendered":"https:\/\/wctl1stg.wpengine.com\/?page_id=13045"},"modified":"2026-01-21T11:25:26","modified_gmt":"2026-01-21T11:25:26","slug":"abogado-de-responsabilidad-de-locales-de-glendale","status":"publish","type":"page","link":"https:\/\/westcoasttriallawyers.com\/es\/california\/glendale\/abogado-de-responsabilidad-de-locales-de-glendale","title":{"rendered":"Abogado de responsabilidad de locales de Glendale\u00a0"},"content":{"rendered":"<h2><strong>Responsabilidad de locales: \u00bfQui\u00e9n se considera visitante? \u00bfQu\u00e9 puede causar que el visitante se lastime mientras est\u00e1 en la propiedad de otra persona?<\/strong><\/h2>\n<p>El estado de California exige que todos los propietarios, ya sean p\u00fablicos o privados, mantengan sus instalaciones en condiciones razonablemente seguras. Si deciden no hacerlo, pueden ser considerados responsables de los da\u00f1os.<\/p>\n<p>De acuerdo con el C\u00f3digo Civil de California 1714(a), \u201cToda persona es responsable, no solo por el resultado de sus actos deliberados, sino tambi\u00e9n por una lesi\u00f3n ocasionada a otra persona por su falta de cuidado ordinario o habilidad en el manejo de su o su propiedad o persona.\u201d<\/p>\n<p>Los visitantes que ingresan a una propiedad se clasifican en tres categor\u00edas diferentes, que incluyen:<\/p>\n<ol>\n<li><strong>Invitados.<\/strong> Esto es cuando un propietario invita a otros, como amigos y familiares, a ingresar a su propiedad.<\/li>\n<li><strong>Licenciatarios.<\/strong> Se trata de alguien que tiene el permiso del propietario para ingresar a la propiedad, sin embargo, est\u00e1 accediendo a la propiedad por sus propios motivos. Esto t\u00edpicamente incluye vendedores o misioneros religiosos. Los propietarios de viviendas deben a los titulares de licencias un deber de cuidado menor, que se limita principalmente a brindar advertencias sobre cualquier condici\u00f3n potencialmente peligrosa que pueda causar da\u00f1o si el propietario de la vivienda es consciente de la condici\u00f3n peligrosa y el peligro no es f\u00e1cilmente visible para el titular de la licencia.<\/li>\n<li><strong>intrusos.<\/strong> Es alguien que no est\u00e1 autorizado para acceder a la propiedad del propietario. En general, no se le debe ning\u00fan deber de cuidado a un intruso a menos que sea un ni\u00f1o. Se espera que los propietarios coloquen se\u00f1ales de advertencia y cercas alrededor de la propiedad para evitar que entren extra\u00f1os. El no hacerlo puede resultar en que el due\u00f1o de la casa enfrente un reclamo de responsabilidad de locales si se encuentra a un ni\u00f1o lesionado en su propiedad.<\/li>\n<\/ol>\n<p>Si estuvo involucrado en un accidente de responsabilidad de locales y le gustar\u00eda emprender acciones legales contra el due\u00f1o de la propiedad, West Coast Trial Lawyers tiene abogados de responsabilidad de locales de Glendale disponibles para brindarle asistencia legal. Con m\u00e1s de mil millones de d\u00f3lares en acuerdos y juicios recuperados para nuestros clientes, hemos sido nombrados como uno de los mejores bufetes de abogados de lesiones personales en Glendale.<\/p>\n<p>Para programar una consulta gratuita y sin compromiso en nuestro bufete de abogados de lesiones personales de Glendale, comun\u00edquese con nuestro equipo legal las 24 horas, los 7 d\u00edas de la semana llamando al&nbsp;<strong>213-927-3700<\/strong> o enviando un correo electr\u00f3nico a&nbsp;<a href=\"mailto:info@westcoasttriallawyers.com\"><strong>info@westcoasttriallawyers.com<\/strong><\/a><strong>.&nbsp;<\/strong><\/p>\n<h2><strong>Tipos de demandas de responsabilidad de locales<\/strong><\/h2>\n<p>Hay varios tipos de lesiones personales que pueden calificar como un caso de responsabilidad de locales, que incluyen:<\/p>\n<ul>\n<li><strong>Resbalar y caer.<\/strong> Muchos factores pueden contribuir a un caso de resbal\u00f3n y ca\u00edda, tales como:\n<ul>\n<li>suelos mojados,<\/li>\n<li>escaleras defectuosas,<\/li>\n<li>Desliz\u00e1ndose sobre el hielo o la nieve,<\/li>\n<li>Pisos rotos o sueltos,<\/li>\n<li>Cables de extensi\u00f3n o alambres imperceptibles,<\/li>\n<li>Alfombras o tapetes que no est\u00e1n debidamente instalados, o<\/li>\n<li>Umbrales.<\/li>\n<\/ul>\n<\/li>\n<\/ul>\n<p>Digamos que un cliente entra en una tienda de comestibles. Camina por un pasillo donde el piso est\u00e1 todo mojado. No hay se\u00f1ales de advertencia colocadas en el \u00e1rea para notificar a los compradores sobre la superficie mojada. El cliente camina directamente sobre el piso resbaladizo y procede a caer. Ella aterriza cara al suelo. Luego, el cliente procede a gritar de dolor por la fuerte ca\u00edda y nota que se le form\u00f3 un gran nudo en la frente. Bajo esta circunstancia, ella puede calificar para recibir una compensaci\u00f3n por los da\u00f1os causados \u200b\u200bpor la negligencia del due\u00f1o de la tienda de no colocar letreros de \u201cPiso mojado\u201d sobre un \u00e1rea peligrosa.<\/p>\n<ul>\n<li><strong>Mordida de perro.&nbsp;<\/strong>Hay muchas situaciones en las que podr\u00eda producirse una mordedura de perro en la propiedad de un propietario. Un ejemplo podr\u00eda ser cuando un empleado est\u00e1 haciendo trabajos de construcci\u00f3n en la casa del due\u00f1o de una propiedad. Mientras el empleado est\u00e1 trabajando, el perro del due\u00f1o de la propiedad corre directamente hacia el empleado y le muerde la pierna. Si el empleado sufre una lesi\u00f3n grave despu\u00e9s de la mordedura del perro, podr\u00eda presentar un reclamo de responsabilidad del local contra el propietario. Para evitar que se presenten este tipo de situaciones, debes educar adecuadamente a tu perro para que no da\u00f1e a las personas que ingresan a tu hogar. Otra opci\u00f3n alternativa ser\u00eda mantener a su perro en otra habitaci\u00f3n hasta que el empleado abandone las instalaciones.<\/li>\n<li><strong>Accidente de nieve y hielo.<\/strong> Este tipo de incidentes pueden ocurrir en estacionamientos o aceras. Los due\u00f1os de propiedades que son conscientes de que la nieve y el hielo son un riesgo para los dem\u00e1s deben palear y poner sal en la acera para evitar que las personas se resbalen y caigan. Si no lo hace, lo m\u00e1s probable es que el due\u00f1o de la propiedad est\u00e9 sujeto a una demanda si sufre lesiones.<\/li>\n<li><strong>Condiciones peligrosas en la propiedad.<\/strong> Los propietarios deben asegurarse de que su propiedad est\u00e9 en condiciones seguras antes de invitar a alguien a entrar. Los ejemplos de condiciones peligrosas que pueden exponerlos a responsabilidad incluyen una escalera rota, pasamanos da\u00f1ados, balcones mal construidos o pisos resbaladizos.<\/li>\n<li><strong>Insatisfactorio edificio de seguridad.<\/strong> Este tipo de problema normalmente ocurre en edificios comerciales y apartamentos. Si el personal de seguridad no observa cuidadosamente lo que sucede dentro o fuera del edificio, pueden ocurrir situaciones peligrosas. Esto incluye robo, asalto o invitados no deseados que ingresan a las instalaciones.<\/li>\n<li><strong>Accidente de piscina.<\/strong> Desafortunadamente, las v\u00edctimas m\u00e1s comunes de este tipo de accidentes son los ni\u00f1os. Los ni\u00f1os no deben deambular por una piscina no asegurada sin supervisi\u00f3n. Si un ni\u00f1o no sabe nadar, podr\u00eda ponerse en peligro al caer a la piscina y comenzar a ahogarse. Si saben nadar, a\u00fan podr\u00edan lastimarse si se sumergen demasiado en aguas poco profundas. Esta es la raz\u00f3n por la que los propietarios de piscinas deben colocar vallas, puertas cerradas con llave y\/o se\u00f1ales de advertencia para evitar enfrentarse a un caso de responsabilidad de locales.<\/li>\n<\/ul>\n<h2><strong>Lesiones despu\u00e9s de un accidente de responsabilidad de locales<\/strong><\/h2>\n<p>Las lesiones comunes que ocurren despu\u00e9s de un accidente de responsabilidad civil grave incluyen:<\/p>\n<ul>\n<li>Huesos rotos,<\/li>\n<li>Lesiones de la m\u00e9dula espinal,<\/li>\n<li>Heridas en la cabeza,<\/li>\n<li>Enfermedad causada por productos qu\u00edmicos o gases t\u00f3xicos,<\/li>\n<li>Lesiones cerebrales traum\u00e1ticas (LCT),<\/li>\n<li>Lesiones en el cuello, o<\/li>\n<li>Electrocuci\u00f3n.<\/li>\n<\/ul>\n<p>Estas lesiones pueden resultar en condiciones de salud temporales o permanentes. Su m\u00e9dico examinar\u00e1 su lesi\u00f3n realizando ex\u00e1menes y procedimientos para determinar un diagn\u00f3stico. Una vez que se haya encontrado el diagn\u00f3stico, su m\u00e9dico crear\u00e1 un plan de tratamiento. Desafortunadamente, algunas lesiones pueden requerir tratamientos de por vida para que la v\u00edctima pueda vivir un estilo de vida c\u00f3modo.<\/p>\n<p>Si fue v\u00edctima de una demanda por responsabilidad del local, puede calificar para recibir una compensaci\u00f3n por da\u00f1os, incluidas las facturas m\u00e9dicas, la p\u00e9rdida de salarios, la angustia emocional y el dolor y el sufrimiento. Aseg\u00farese de ponerse en contacto con un abogado con experiencia en responsabilidad de locales para que lo ayude a comenzar a presentar su reclamo por lesiones personales.<\/p>\n<h2><strong>Cont\u00e1ctenos<\/strong><\/h2>\n<p>En West Coast Trial Lawyers, nuestros abogados de responsabilidad de locales de Glendale tienen m\u00e1s de 60 a\u00f1os de experiencia legal colectiva en el manejo de casos de lesiones personales. Lo ayudaremos a obtener la compensaci\u00f3n y la justicia que merece por los da\u00f1os causados por la negligencia del propietario.<\/p>\n<p>Comun\u00edquese con nuestro equipo legal las 24 horas, los 7 d\u00edas de la semana llamando al&nbsp;<strong>213-927-3700<\/strong> o enviando un correo electr\u00f3nico a&nbsp;<a href=\"mailto:info@westcoasttriallawyers.com\"><strong>info@westcoasttriallawyers.com<\/strong><\/a> para programar una consulta gratuita y sin compromiso en nuestro bufete de abogados de lesiones personales de Glendale hoy.<br \/>\n<!-- WCTL_DEBUG: no shortcode in this_content --><\/p>\n","protected":false},"excerpt":{"rendered":"<p>Responsabilidad de locales: \u00bfQui\u00e9n se considera visitante? \u00bfQu\u00e9 puede causar que el visitante se lastime mientras est\u00e1 en la propiedad de otra persona? El estado de California exige que todos los propietarios, ya sean p\u00fablicos o privados, mantengan sus instalaciones en condiciones razonablemente seguras. Si deciden no hacerlo, pueden ser considerados responsables de los da\u00f1os. [&hellip;]<\/p>\n","protected":false},"author":475,"featured_media":45719,"parent":47286,"menu_order":0,"comment_status":"closed","ping_status":"closed","template":"","meta":{"inline_featured_image":false,"footnotes":""},"class_list":["post-13045","page","type-page","status-publish","has-post-thumbnail","hentry"],"acf":[],"yoast_head":"<!-- This site is optimized with the Yoast SEO Premium plugin v26.0 (Yoast SEO v26.0) - https:\/\/yoast.com\/wordpress\/plugins\/seo\/ -->\n<title>Abogado de responsabilidad de locales de Glendale\u00a0 | West Coast Trial Lawyers<\/title>\n<meta name=\"robots\" content=\"index, follow, max-snippet:-1, max-image-preview:large, max-video-preview:-1\" \/>\n<link rel=\"canonical\" href=\"https:\/\/westcoasttriallawyers.com\/es\/california\/glendale\/abogado-de-responsabilidad-de-locales-de-glendale\" \/>\n<meta property=\"og:locale\" content=\"es_ES\" \/>\n<meta property=\"og:type\" content=\"article\" \/>\n<meta property=\"og:title\" content=\"Abogado de responsabilidad de locales de Glendale\u00a0\" \/>\n<meta property=\"og:description\" content=\"Responsabilidad de locales: \u00bfQui\u00e9n se considera visitante? \u00bfQu\u00e9 puede causar que el visitante se lastime mientras est\u00e1 en la propiedad de otra persona? El estado de California exige que todos los propietarios, ya sean p\u00fablicos o privados, mantengan sus instalaciones en condiciones razonablemente seguras. Si deciden no hacerlo, pueden ser considerados responsables de los da\u00f1os. [&hellip;]\" \/>\n<meta property=\"og:url\" content=\"https:\/\/westcoasttriallawyers.com\/es\/california\/glendale\/abogado-de-responsabilidad-de-locales-de-glendale\" \/>\n<meta property=\"og:site_name\" content=\"West Coast Trial Lawyers\" \/>\n<meta property=\"article:publisher\" content=\"https:\/\/www.facebook.com\/westcoasttriallawyers\/\" \/>\n<meta property=\"article:modified_time\" content=\"2026-01-21T11:25:26+00:00\" \/>\n<meta property=\"og:image\" content=\"https:\/\/westcoasttriallawyers.com\/wp-content\/uploads\/2025\/07\/Glendale-17.webp\" \/>\n\t<meta property=\"og:image:width\" content=\"557\" \/>\n\t<meta property=\"og:image:height\" content=\"327\" \/>\n\t<meta property=\"og:image:type\" content=\"image\/webp\" \/>\n<meta name=\"twitter:card\" content=\"summary_large_image\" \/>\n<meta name=\"twitter:site\" content=\"@WestCoastTrial\" \/>\n<meta name=\"twitter:label1\" content=\"Tiempo de lectura\" \/>\n\t<meta name=\"twitter:data1\" content=\"6 minutos\" \/>\n<script type=\"application\/ld+json\" class=\"yoast-schema-graph\">{\"@context\":\"https:\/\/schema.org\",\"@graph\":[{\"@type\":[\"WebPage\",\"ItemPage\"],\"@id\":\"https:\/\/westcoasttriallawyers.com\/es\/california\/glendale\/abogado-de-responsabilidad-de-locales-de-glendale\",\"url\":\"https:\/\/westcoasttriallawyers.com\/es\/california\/glendale\/abogado-de-responsabilidad-de-locales-de-glendale\",\"name\":\"Abogado de responsabilidad de locales de Glendale\u00a0 | West Coast Trial Lawyers\",\"isPartOf\":{\"@id\":\"https:\/\/westcoasttriallawyers.com\/es#website\"},\"primaryImageOfPage\":{\"@id\":\"https:\/\/westcoasttriallawyers.com\/es\/california\/glendale\/abogado-de-responsabilidad-de-locales-de-glendale#primaryimage\"},\"image\":{\"@id\":\"https:\/\/westcoasttriallawyers.com\/es\/california\/glendale\/abogado-de-responsabilidad-de-locales-de-glendale#primaryimage\"},\"thumbnailUrl\":\"https:\/\/westcoasttriallawyers.com\/wp-content\/uploads\/2025\/07\/Glendale-17.webp\",\"datePublished\":\"2026-01-13T23:06:44+00:00\",\"dateModified\":\"2026-01-21T11:25:26+00:00\",\"breadcrumb\":{\"@id\":\"https:\/\/westcoasttriallawyers.com\/es\/california\/glendale\/abogado-de-responsabilidad-de-locales-de-glendale#breadcrumb\"},\"inLanguage\":\"es\",\"potentialAction\":[{\"@type\":\"ReadAction\",\"target\":[\"https:\/\/westcoasttriallawyers.com\/es\/california\/glendale\/abogado-de-responsabilidad-de-locales-de-glendale\"]}]},{\"@type\":\"ImageObject\",\"inLanguage\":\"es\",\"@id\":\"https:\/\/westcoasttriallawyers.com\/es\/california\/glendale\/abogado-de-responsabilidad-de-locales-de-glendale#primaryimage\",\"url\":\"https:\/\/westcoasttriallawyers.com\/wp-content\/uploads\/2025\/07\/Glendale-17.webp\",\"contentUrl\":\"https:\/\/westcoasttriallawyers.com\/wp-content\/uploads\/2025\/07\/Glendale-17.webp\",\"width\":557,\"height\":327},{\"@type\":\"BreadcrumbList\",\"@id\":\"https:\/\/westcoasttriallawyers.com\/es\/california\/glendale\/abogado-de-responsabilidad-de-locales-de-glendale#breadcrumb\",\"itemListElement\":[{\"@type\":\"ListItem\",\"position\":1,\"name\":\"Inicio\",\"item\":\"https:\/\/westcoasttriallawyers.com\/es\"},{\"@type\":\"ListItem\",\"position\":2,\"name\":\"California\",\"item\":\"https:\/\/westcoasttriallawyers.com\/es\/california\"},{\"@type\":\"ListItem\",\"position\":3,\"name\":\"Glendale\",\"item\":\"https:\/\/westcoasttriallawyers.com\/es\/california\/glendale\"},{\"@type\":\"ListItem\",\"position\":4,\"name\":\"Abogado de responsabilidad de locales de Glendale\u00a0\"}]},{\"@type\":\"WebSite\",\"@id\":\"https:\/\/westcoasttriallawyers.com\/es#website\",\"url\":\"https:\/\/westcoasttriallawyers.com\/es\",\"name\":\"West Coast Trial Lawyers\",\"description\":\"West Coast Trial Lawyers\",\"publisher\":{\"@id\":\"https:\/\/westcoasttriallawyers.com\/es#organization\"},\"alternateName\":\"WCTL\",\"potentialAction\":[{\"@type\":\"SearchAction\",\"target\":{\"@type\":\"EntryPoint\",\"urlTemplate\":\"https:\/\/westcoasttriallawyers.com\/es?s={search_term_string}\"},\"query-input\":{\"@type\":\"PropertyValueSpecification\",\"valueRequired\":true,\"valueName\":\"search_term_string\"}}],\"inLanguage\":\"es\"},{\"@type\":\"Organization\",\"@id\":\"https:\/\/westcoasttriallawyers.com\/es#organization\",\"name\":\"West Coast Trial Lawyers\",\"alternateName\":\"WCTL\",\"url\":\"https:\/\/westcoasttriallawyers.com\/es\",\"logo\":{\"@type\":\"ImageObject\",\"inLanguage\":\"es\",\"@id\":\"https:\/\/westcoasttriallawyers.com\/es#\/schema\/logo\/image\/\",\"url\":\"https:\/\/westcoasttriallawyers.com\/wp-content\/uploads\/2026\/02\/WCTL-Logo.jpg\",\"contentUrl\":\"https:\/\/westcoasttriallawyers.com\/wp-content\/uploads\/2026\/02\/WCTL-Logo.jpg\",\"width\":696,\"height\":696,\"caption\":\"West Coast Trial Lawyers\"},\"image\":{\"@id\":\"https:\/\/westcoasttriallawyers.com\/es#\/schema\/logo\/image\/\"},\"sameAs\":[\"https:\/\/www.facebook.com\/westcoasttriallawyers\/\",\"https:\/\/x.com\/WestCoastTrial\",\"https:\/\/www.linkedin.com\/company\/west-coast-trial-lawyers\/\",\"https:\/\/www.instagram.com\/westcoasttriallawyers\/\",\"https:\/\/www.yelp.com\/biz\/west-coast-trial-lawyers-los-angeles-2\",\"https:\/\/www.pinterest.com\/westcoasttrial\/\",\"https:\/\/www.youtube.com\/westcoasttriallawyersla\/\",\"https:\/\/www.tiktok.com\/westcoasttriallawyers\"],\"description\":\"West Coast Trial Lawyers is a top-rated personal injury law firm with a goal to provide expert legal representation to those in need. The law firm has offices across California, Nevada, Arizona, and Washington.\",\"legalName\":\"West Coast Trial Lawyers\"}]}<\/script>\n<!-- \/ Yoast SEO Premium plugin. -->","yoast_head_json":{"title":"Abogado de responsabilidad de locales de Glendale\u00a0 | West Coast Trial Lawyers","robots":{"index":"index","follow":"follow","max-snippet":"max-snippet:-1","max-image-preview":"max-image-preview:large","max-video-preview":"max-video-preview:-1"},"canonical":"https:\/\/westcoasttriallawyers.com\/es\/california\/glendale\/abogado-de-responsabilidad-de-locales-de-glendale","og_locale":"es_ES","og_type":"article","og_title":"Abogado de responsabilidad de locales de Glendale\u00a0","og_description":"Responsabilidad de locales: \u00bfQui\u00e9n se considera visitante? \u00bfQu\u00e9 puede causar que el visitante se lastime mientras est\u00e1 en la propiedad de otra persona? El estado de California exige que todos los propietarios, ya sean p\u00fablicos o privados, mantengan sus instalaciones en condiciones razonablemente seguras. Si deciden no hacerlo, pueden ser considerados responsables de los da\u00f1os. [&hellip;]","og_url":"https:\/\/westcoasttriallawyers.com\/es\/california\/glendale\/abogado-de-responsabilidad-de-locales-de-glendale","og_site_name":"West Coast Trial Lawyers","article_publisher":"https:\/\/www.facebook.com\/westcoasttriallawyers\/","article_modified_time":"2026-01-21T11:25:26+00:00","og_image":[{"width":557,"height":327,"url":"https:\/\/westcoasttriallawyers.com\/wp-content\/uploads\/2025\/07\/Glendale-17.webp","type":"image\/webp"}],"twitter_card":"summary_large_image","twitter_site":"@WestCoastTrial","twitter_misc":{"Tiempo de lectura":"6 minutos"},"schema":{"@context":"https:\/\/schema.org","@graph":[{"@type":["WebPage","ItemPage"],"@id":"https:\/\/westcoasttriallawyers.com\/es\/california\/glendale\/abogado-de-responsabilidad-de-locales-de-glendale","url":"https:\/\/westcoasttriallawyers.com\/es\/california\/glendale\/abogado-de-responsabilidad-de-locales-de-glendale","name":"Abogado de responsabilidad de locales de Glendale\u00a0 | West Coast Trial Lawyers","isPartOf":{"@id":"https:\/\/westcoasttriallawyers.com\/es#website"},"primaryImageOfPage":{"@id":"https:\/\/westcoasttriallawyers.com\/es\/california\/glendale\/abogado-de-responsabilidad-de-locales-de-glendale#primaryimage"},"image":{"@id":"https:\/\/westcoasttriallawyers.com\/es\/california\/glendale\/abogado-de-responsabilidad-de-locales-de-glendale#primaryimage"},"thumbnailUrl":"https:\/\/westcoasttriallawyers.com\/wp-content\/uploads\/2025\/07\/Glendale-17.webp","datePublished":"2026-01-13T23:06:44+00:00","dateModified":"2026-01-21T11:25:26+00:00","breadcrumb":{"@id":"https:\/\/westcoasttriallawyers.com\/es\/california\/glendale\/abogado-de-responsabilidad-de-locales-de-glendale#breadcrumb"},"inLanguage":"es","potentialAction":[{"@type":"ReadAction","target":["https:\/\/westcoasttriallawyers.com\/es\/california\/glendale\/abogado-de-responsabilidad-de-locales-de-glendale"]}]},{"@type":"ImageObject","inLanguage":"es","@id":"https:\/\/westcoasttriallawyers.com\/es\/california\/glendale\/abogado-de-responsabilidad-de-locales-de-glendale#primaryimage","url":"https:\/\/westcoasttriallawyers.com\/wp-content\/uploads\/2025\/07\/Glendale-17.webp","contentUrl":"https:\/\/westcoasttriallawyers.com\/wp-content\/uploads\/2025\/07\/Glendale-17.webp","width":557,"height":327},{"@type":"BreadcrumbList","@id":"https:\/\/westcoasttriallawyers.com\/es\/california\/glendale\/abogado-de-responsabilidad-de-locales-de-glendale#breadcrumb","itemListElement":[{"@type":"ListItem","position":1,"name":"Inicio","item":"https:\/\/westcoasttriallawyers.com\/es"},{"@type":"ListItem","position":2,"name":"California","item":"https:\/\/westcoasttriallawyers.com\/es\/california"},{"@type":"ListItem","position":3,"name":"Glendale","item":"https:\/\/westcoasttriallawyers.com\/es\/california\/glendale"},{"@type":"ListItem","position":4,"name":"Abogado de responsabilidad de locales de Glendale\u00a0"}]},{"@type":"WebSite","@id":"https:\/\/westcoasttriallawyers.com\/es#website","url":"https:\/\/westcoasttriallawyers.com\/es","name":"West Coast Trial Lawyers","description":"West Coast Trial Lawyers","publisher":{"@id":"https:\/\/westcoasttriallawyers.com\/es#organization"},"alternateName":"WCTL","potentialAction":[{"@type":"SearchAction","target":{"@type":"EntryPoint","urlTemplate":"https:\/\/westcoasttriallawyers.com\/es?s={search_term_string}"},"query-input":{"@type":"PropertyValueSpecification","valueRequired":true,"valueName":"search_term_string"}}],"inLanguage":"es"},{"@type":"Organization","@id":"https:\/\/westcoasttriallawyers.com\/es#organization","name":"West Coast Trial Lawyers","alternateName":"WCTL","url":"https:\/\/westcoasttriallawyers.com\/es","logo":{"@type":"ImageObject","inLanguage":"es","@id":"https:\/\/westcoasttriallawyers.com\/es#\/schema\/logo\/image\/","url":"https:\/\/westcoasttriallawyers.com\/wp-content\/uploads\/2026\/02\/WCTL-Logo.jpg","contentUrl":"https:\/\/westcoasttriallawyers.com\/wp-content\/uploads\/2026\/02\/WCTL-Logo.jpg","width":696,"height":696,"caption":"West Coast Trial Lawyers"},"image":{"@id":"https:\/\/westcoasttriallawyers.com\/es#\/schema\/logo\/image\/"},"sameAs":["https:\/\/www.facebook.com\/westcoasttriallawyers\/","https:\/\/x.com\/WestCoastTrial","https:\/\/www.linkedin.com\/company\/west-coast-trial-lawyers\/","https:\/\/www.instagram.com\/westcoasttriallawyers\/","https:\/\/www.yelp.com\/biz\/west-coast-trial-lawyers-los-angeles-2","https:\/\/www.pinterest.com\/westcoasttrial\/","https:\/\/www.youtube.com\/westcoasttriallawyersla\/","https:\/\/www.tiktok.com\/westcoasttriallawyers"],"description":"West Coast Trial Lawyers is a top-rated personal injury law firm with a goal to provide expert legal representation to those in need. The law firm has offices across California, Nevada, Arizona, and Washington.","legalName":"West Coast Trial Lawyers"}]}},"_links":{"self":[{"href":"https:\/\/westcoasttriallawyers.com\/es\/wp-json\/wp\/v2\/pages\/13045","targetHints":{"allow":["GET"]}}],"collection":[{"href":"https:\/\/westcoasttriallawyers.com\/es\/wp-json\/wp\/v2\/pages"}],"about":[{"href":"https:\/\/westcoasttriallawyers.com\/es\/wp-json\/wp\/v2\/types\/page"}],"author":[{"embeddable":true,"href":"https:\/\/westcoasttriallawyers.com\/es\/wp-json\/wp\/v2\/users\/475"}],"replies":[{"embeddable":true,"href":"https:\/\/westcoasttriallawyers.com\/es\/wp-json\/wp\/v2\/comments?post=13045"}],"version-history":[{"count":3,"href":"https:\/\/westcoasttriallawyers.com\/es\/wp-json\/wp\/v2\/pages\/13045\/revisions"}],"predecessor-version":[{"id":47644,"href":"https:\/\/westcoasttriallawyers.com\/es\/wp-json\/wp\/v2\/pages\/13045\/revisions\/47644"}],"up":[{"embeddable":true,"href":"https:\/\/westcoasttriallawyers.com\/es\/wp-json\/wp\/v2\/pages\/47286"}],"wp:featuredmedia":[{"embeddable":true,"href":"https:\/\/westcoasttriallawyers.com\/es\/wp-json\/wp\/v2\/media\/45719"}],"wp:attachment":[{"href":"https:\/\/westcoasttriallawyers.com\/es\/wp-json\/wp\/v2\/media?parent=13045"}],"curies":[{"name":"wp","href":"https:\/\/api.w.org\/{rel}","templated":true}]}}