{"id":13044,"date":"2026-01-13T23:06:50","date_gmt":"2026-01-13T23:06:50","guid":{"rendered":"https:\/\/wctl1stg.wpengine.com\/?page_id=13044"},"modified":"2026-01-21T11:04:16","modified_gmt":"2026-01-21T11:04:16","slug":"accidente-de-entrega-de-alimentos-en-glendale","status":"publish","type":"page","link":"https:\/\/westcoasttriallawyers.com\/es\/california\/glendale\/accidente-de-entrega-de-alimentos-en-glendale","title":{"rendered":"Accidente de entrega de alimentos en Glendale"},"content":{"rendered":"<h2><strong>Obtenga informaci\u00f3n legal de nuestros abogados de accidentes de entrega de alimentos de Glendale sobre las leyes de manipulaci\u00f3n de alimentos<\/strong><\/h2>\n<p>Los servicios de comida a domicilio se han vuelto muy populares, especialmente en Glendale. A la gente le gusta la opci\u00f3n de quedarse en casa y que otra persona les traiga la comida o las bebidas. Los usuarios pueden simplemente abrir una aplicaci\u00f3n, como UberEats o Postmates, y elegir qu\u00e9 pedir. Una vez que el usuario complete su compra, la aplicaci\u00f3n le proporcionar\u00e1 un marco de tiempo estimado de cu\u00e1ndo se entregar\u00e1 la comida.<\/p>\n<p>A pesar de que los repartidores de alimentos brindan comodidad, tambi\u00e9n presentan algunas desventajas. Por ejemplo, los conductores de entrega de alimentos son responsables de entregar los pedidos a tiempo. Si el conductor llega tarde, recibir\u00e1 una mala cr\u00edtica, lo que puede aumentar la probabilidad de que lo despidan. Debido a la presi\u00f3n, algunos conductores de entrega de alimentos pueden cometer acciones negligentes mientras est\u00e1n en la carretera, como acelerar, desobedecer las leyes de tr\u00e1nsito y\/o no prestar atenci\u00f3n a su entorno. Estas acciones no solo pueden ponerlos en peligro a ellos, sino tambi\u00e9n a otros que est\u00e9n cerca.<\/p>\n<p>Se recomienda a las v\u00edctimas de un accidente de entrega de alimentos que se comuniquen con un abogado de lesiones personales que se especialice en accidentes de entrega de alimentos. En West Coast Trial Lawyers, nuestros abogados de accidentes de entrega de alimentos en Glendale tienen m\u00e1s de 60 a\u00f1os de experiencia legal colectiva en el manejo de casos de lesiones personales. Con m\u00e1s de mil millones de d\u00f3lares en acuerdos ganados para nuestros clientes, hemos sido reconocidos como uno de los mejores bufetes de abogados de lesiones personales en Glendale.<\/p>\n<p>Para programar una consulta gratuita en nuestro bufete de abogados de lesiones personales de Glendale, comun\u00edquese con nuestro equipo legal las 24 horas, los 7 d\u00edas de la semana llamando al&nbsp;<strong>213-927-3700<\/strong> o enviando un correo electr\u00f3nico a&nbsp;<a href=\"mailto:info@westcoasttriallawyers.com\"><strong>info@westcoasttriallawyers.com<\/strong><\/a><strong>.&nbsp;<\/strong><\/p>\n<h2><strong>Leyes de manipulaci\u00f3n de alimentos de California<\/strong><\/h2>\n<p>Se ha informado que casi el 54 por ciento de los conductores de entrega de alimentos se han sentido tentados por el olor de la comida de un cliente, mientras que el 30 por ciento en realidad se ha acercado para robar algo para s\u00ed mismos. Si la comida se contamina y hace que el cliente se enferme, el repartidor puede enfrentar repercusiones legales.<\/p>\n<p>De acuerdo con el Departamento de Justicia de los Estados Unidos, Subsecci\u00f3n (a) de 18 U.S.C. \u00a7 1365 \u201cproh\u00edbe la manipulaci\u00f3n o el intento de manipulaci\u00f3n de cualquier producto de consumo que afecte el comercio interestatal o extranjero, o con la etiqueta o el envase de dicho producto. La manipulaci\u00f3n debe hacerse con desprecio imprudente por el riesgo de que otra persona corra peligro de muerte o lesiones corporales. Adem\u00e1s, la manipulaci\u00f3n debe realizarse en circunstancias que manifiestan una extrema indiferencia ante el riesgo de muerte o lesiones corporales\u00bb.<\/p>\n<p>California tiene una ley m\u00e1s espec\u00edfica que se aplica a la manipulaci\u00f3n de la entrega de alimentos. La Secci\u00f3n 347 del C\u00f3digo Penal indica que quienes intencionalmente pongan sustancias nocivas o venenosas en alimentos, bebidas, medicamentos o productos farmac\u00e9uticos pueden ser declarados culpables de un delito grave que puede otorgar una pena de prisi\u00f3n de 2 a 5 a\u00f1os. Si el cliente sufre lesiones graves o muere despu\u00e9s de que se manipul\u00f3 su comida, la persona culpable recibir\u00e1 tres a\u00f1os m\u00e1s de prisi\u00f3n adicionales.<\/p>\n<h2><strong>S\u00edntomas de intoxicaci\u00f3n alimentaria<\/strong><\/h2>\n<p>La intoxicaci\u00f3n alimentaria puede variar de leve a grave. Los s\u00edntomas pueden variar seg\u00fan el tipo de bacteria que haya ingresado a su sistema. Los s\u00edntomas comunes de intoxicaci\u00f3n alimentaria incluyen:<\/p>\n<ul>\n<li>Diarrea<\/li>\n<li>Fiebre<\/li>\n<li>Dolor de barriga<\/li>\n<li>Mareo<\/li>\n<li>dolores de cabeza<\/li>\n<li>v\u00f3mitos<\/li>\n<li>Calambres en el est\u00f3mago<\/li>\n<\/ul>\n<p>Estos s\u00edntomas pueden aparecer horas o d\u00edas despu\u00e9s. Aseg\u00farate de mantenerte hidratado si tienes diarrea y v\u00f3mitos. Debe beber mucha agua, junto con otros l\u00edquidos que contengan electrolitos, como pedialyte y gatorade. Si sus s\u00edntomas contin\u00faan empeorando, debe comunicarse con un m\u00e9dico o proveedor de atenci\u00f3n m\u00e9dica. Realizar\u00e1n algunas pruebas para determinar un diagn\u00f3stico, incluidos an\u00e1lisis de sangre, pruebas de heces y posiblemente pruebas de im\u00e1genes. Una vez que se haya determinado el diagn\u00f3stico, el m\u00e9dico crear\u00e1 un plan de tratamiento que sea m\u00e1s adecuado para su condici\u00f3n.<\/p>\n<h2><strong>Cont\u00e1ctenos<\/strong><\/h2>\n<p>Si usted o un ser querido estuvieron involucrados en un accidente de entrega de alimentos, West Coast Trial Lawyers tiene abogados con experiencia en accidentes de entrega de alimentos en Glendale que est\u00e1n disponibles las 24 horas del d\u00eda, los 7 d\u00edas de la semana para brindarle asistencia legal.<\/p>\n<p>Para programar una consulta en nuestro bufete de abogados de lesiones personales de Glendale, comun\u00edquese con nuestro personal legal llamando al&nbsp;<strong>213-927-3700<\/strong> o enviando un correo electr\u00f3nico a&nbsp;<a href=\"mailto:info@westcoasttriallawyers.com\"><strong>info@westcoasttriallawyers.com<\/strong><\/a><strong>.&nbsp;<\/strong><br \/>\n<!-- WCTL_DEBUG: no shortcode in this_content --><\/p>\n","protected":false},"excerpt":{"rendered":"<p>Obtenga informaci\u00f3n legal de nuestros abogados de accidentes de entrega de alimentos de Glendale sobre las leyes de manipulaci\u00f3n de alimentos Los servicios de comida a domicilio se han vuelto muy populares, especialmente en Glendale. A la gente le gusta la opci\u00f3n de quedarse en casa y que otra persona les traiga la comida o [&hellip;]<\/p>\n","protected":false},"author":475,"featured_media":45744,"parent":47286,"menu_order":0,"comment_status":"closed","ping_status":"closed","template":"","meta":{"inline_featured_image":false,"footnotes":""},"class_list":["post-13044","page","type-page","status-publish","has-post-thumbnail","hentry"],"acf":[],"yoast_head":"<!-- This site is optimized with the Yoast SEO Premium plugin v26.0 (Yoast SEO v26.0) - https:\/\/yoast.com\/wordpress\/plugins\/seo\/ -->\n<title>Accidente de entrega de alimentos en Glendale | West Coast Trial Lawyers<\/title>\n<meta name=\"robots\" content=\"index, follow, max-snippet:-1, max-image-preview:large, max-video-preview:-1\" \/>\n<link rel=\"canonical\" href=\"https:\/\/westcoasttriallawyers.com\/es\/california\/glendale\/accidente-de-entrega-de-alimentos-en-glendale\" \/>\n<meta property=\"og:locale\" content=\"es_ES\" \/>\n<meta property=\"og:type\" content=\"article\" \/>\n<meta property=\"og:title\" content=\"Accidente de entrega de alimentos en Glendale\" \/>\n<meta property=\"og:description\" content=\"Obtenga informaci\u00f3n legal de nuestros abogados de accidentes de entrega de alimentos de Glendale sobre las leyes de manipulaci\u00f3n de alimentos Los servicios de comida a domicilio se han vuelto muy populares, especialmente en Glendale. A la gente le gusta la opci\u00f3n de quedarse en casa y que otra persona les traiga la comida o [&hellip;]\" \/>\n<meta property=\"og:url\" content=\"https:\/\/westcoasttriallawyers.com\/es\/california\/glendale\/accidente-de-entrega-de-alimentos-en-glendale\" \/>\n<meta property=\"og:site_name\" content=\"West Coast Trial Lawyers\" \/>\n<meta property=\"article:publisher\" content=\"https:\/\/www.facebook.com\/westcoasttriallawyers\/\" \/>\n<meta property=\"article:modified_time\" content=\"2026-01-21T11:04:16+00:00\" \/>\n<meta property=\"og:image\" content=\"https:\/\/westcoasttriallawyers.com\/wp-content\/uploads\/2025\/07\/Glendale-27.webp\" \/>\n\t<meta property=\"og:image:width\" content=\"557\" \/>\n\t<meta property=\"og:image:height\" content=\"327\" \/>\n\t<meta property=\"og:image:type\" content=\"image\/webp\" \/>\n<meta name=\"twitter:card\" content=\"summary_large_image\" \/>\n<meta name=\"twitter:site\" content=\"@WestCoastTrial\" \/>\n<meta name=\"twitter:label1\" content=\"Tiempo de lectura\" \/>\n\t<meta name=\"twitter:data1\" content=\"4 minutos\" \/>\n<script type=\"application\/ld+json\" class=\"yoast-schema-graph\">{\"@context\":\"https:\/\/schema.org\",\"@graph\":[{\"@type\":[\"WebPage\",\"ItemPage\"],\"@id\":\"https:\/\/westcoasttriallawyers.com\/es\/california\/glendale\/accidente-de-entrega-de-alimentos-en-glendale\",\"url\":\"https:\/\/westcoasttriallawyers.com\/es\/california\/glendale\/accidente-de-entrega-de-alimentos-en-glendale\",\"name\":\"Accidente de entrega de alimentos en Glendale | West Coast Trial Lawyers\",\"isPartOf\":{\"@id\":\"https:\/\/westcoasttriallawyers.com\/es#website\"},\"primaryImageOfPage\":{\"@id\":\"https:\/\/westcoasttriallawyers.com\/es\/california\/glendale\/accidente-de-entrega-de-alimentos-en-glendale#primaryimage\"},\"image\":{\"@id\":\"https:\/\/westcoasttriallawyers.com\/es\/california\/glendale\/accidente-de-entrega-de-alimentos-en-glendale#primaryimage\"},\"thumbnailUrl\":\"https:\/\/westcoasttriallawyers.com\/wp-content\/uploads\/2025\/07\/Glendale-27.webp\",\"datePublished\":\"2026-01-13T23:06:50+00:00\",\"dateModified\":\"2026-01-21T11:04:16+00:00\",\"breadcrumb\":{\"@id\":\"https:\/\/westcoasttriallawyers.com\/es\/california\/glendale\/accidente-de-entrega-de-alimentos-en-glendale#breadcrumb\"},\"inLanguage\":\"es\",\"potentialAction\":[{\"@type\":\"ReadAction\",\"target\":[\"https:\/\/westcoasttriallawyers.com\/es\/california\/glendale\/accidente-de-entrega-de-alimentos-en-glendale\"]}]},{\"@type\":\"ImageObject\",\"inLanguage\":\"es\",\"@id\":\"https:\/\/westcoasttriallawyers.com\/es\/california\/glendale\/accidente-de-entrega-de-alimentos-en-glendale#primaryimage\",\"url\":\"https:\/\/westcoasttriallawyers.com\/wp-content\/uploads\/2025\/07\/Glendale-27.webp\",\"contentUrl\":\"https:\/\/westcoasttriallawyers.com\/wp-content\/uploads\/2025\/07\/Glendale-27.webp\",\"width\":557,\"height\":327},{\"@type\":\"BreadcrumbList\",\"@id\":\"https:\/\/westcoasttriallawyers.com\/es\/california\/glendale\/accidente-de-entrega-de-alimentos-en-glendale#breadcrumb\",\"itemListElement\":[{\"@type\":\"ListItem\",\"position\":1,\"name\":\"Inicio\",\"item\":\"https:\/\/westcoasttriallawyers.com\/es\"},{\"@type\":\"ListItem\",\"position\":2,\"name\":\"California\",\"item\":\"https:\/\/westcoasttriallawyers.com\/es\/california\"},{\"@type\":\"ListItem\",\"position\":3,\"name\":\"Glendale\",\"item\":\"https:\/\/westcoasttriallawyers.com\/es\/california\/glendale\"},{\"@type\":\"ListItem\",\"position\":4,\"name\":\"Accidente de entrega de alimentos en Glendale\"}]},{\"@type\":\"WebSite\",\"@id\":\"https:\/\/westcoasttriallawyers.com\/es#website\",\"url\":\"https:\/\/westcoasttriallawyers.com\/es\",\"name\":\"West Coast Trial Lawyers\",\"description\":\"West Coast Trial Lawyers\",\"publisher\":{\"@id\":\"https:\/\/westcoasttriallawyers.com\/es#organization\"},\"alternateName\":\"WCTL\",\"potentialAction\":[{\"@type\":\"SearchAction\",\"target\":{\"@type\":\"EntryPoint\",\"urlTemplate\":\"https:\/\/westcoasttriallawyers.com\/es?s={search_term_string}\"},\"query-input\":{\"@type\":\"PropertyValueSpecification\",\"valueRequired\":true,\"valueName\":\"search_term_string\"}}],\"inLanguage\":\"es\"},{\"@type\":\"Organization\",\"@id\":\"https:\/\/westcoasttriallawyers.com\/es#organization\",\"name\":\"West Coast Trial Lawyers\",\"alternateName\":\"WCTL\",\"url\":\"https:\/\/westcoasttriallawyers.com\/es\",\"logo\":{\"@type\":\"ImageObject\",\"inLanguage\":\"es\",\"@id\":\"https:\/\/westcoasttriallawyers.com\/es#\/schema\/logo\/image\/\",\"url\":\"https:\/\/westcoasttriallawyers.com\/wp-content\/uploads\/2026\/02\/WCTL-Logo.jpg\",\"contentUrl\":\"https:\/\/westcoasttriallawyers.com\/wp-content\/uploads\/2026\/02\/WCTL-Logo.jpg\",\"width\":696,\"height\":696,\"caption\":\"West Coast Trial Lawyers\"},\"image\":{\"@id\":\"https:\/\/westcoasttriallawyers.com\/es#\/schema\/logo\/image\/\"},\"sameAs\":[\"https:\/\/www.facebook.com\/westcoasttriallawyers\/\",\"https:\/\/x.com\/WestCoastTrial\",\"https:\/\/www.linkedin.com\/company\/west-coast-trial-lawyers\/\",\"https:\/\/www.instagram.com\/westcoasttriallawyers\/\",\"https:\/\/www.yelp.com\/biz\/west-coast-trial-lawyers-los-angeles-2\",\"https:\/\/www.pinterest.com\/westcoasttrial\/\",\"https:\/\/www.youtube.com\/westcoasttriallawyersla\/\",\"https:\/\/www.tiktok.com\/westcoasttriallawyers\"],\"description\":\"West Coast Trial Lawyers is a top-rated personal injury law firm with a goal to provide expert legal representation to those in need. The law firm has offices across California, Nevada, Arizona, and Washington.\",\"legalName\":\"West Coast Trial Lawyers\"}]}<\/script>\n<!-- \/ Yoast SEO Premium plugin. -->","yoast_head_json":{"title":"Accidente de entrega de alimentos en Glendale | West Coast Trial Lawyers","robots":{"index":"index","follow":"follow","max-snippet":"max-snippet:-1","max-image-preview":"max-image-preview:large","max-video-preview":"max-video-preview:-1"},"canonical":"https:\/\/westcoasttriallawyers.com\/es\/california\/glendale\/accidente-de-entrega-de-alimentos-en-glendale","og_locale":"es_ES","og_type":"article","og_title":"Accidente de entrega de alimentos en Glendale","og_description":"Obtenga informaci\u00f3n legal de nuestros abogados de accidentes de entrega de alimentos de Glendale sobre las leyes de manipulaci\u00f3n de alimentos Los servicios de comida a domicilio se han vuelto muy populares, especialmente en Glendale. A la gente le gusta la opci\u00f3n de quedarse en casa y que otra persona les traiga la comida o [&hellip;]","og_url":"https:\/\/westcoasttriallawyers.com\/es\/california\/glendale\/accidente-de-entrega-de-alimentos-en-glendale","og_site_name":"West Coast Trial Lawyers","article_publisher":"https:\/\/www.facebook.com\/westcoasttriallawyers\/","article_modified_time":"2026-01-21T11:04:16+00:00","og_image":[{"width":557,"height":327,"url":"https:\/\/westcoasttriallawyers.com\/wp-content\/uploads\/2025\/07\/Glendale-27.webp","type":"image\/webp"}],"twitter_card":"summary_large_image","twitter_site":"@WestCoastTrial","twitter_misc":{"Tiempo de lectura":"4 minutos"},"schema":{"@context":"https:\/\/schema.org","@graph":[{"@type":["WebPage","ItemPage"],"@id":"https:\/\/westcoasttriallawyers.com\/es\/california\/glendale\/accidente-de-entrega-de-alimentos-en-glendale","url":"https:\/\/westcoasttriallawyers.com\/es\/california\/glendale\/accidente-de-entrega-de-alimentos-en-glendale","name":"Accidente de entrega de alimentos en Glendale | West Coast Trial Lawyers","isPartOf":{"@id":"https:\/\/westcoasttriallawyers.com\/es#website"},"primaryImageOfPage":{"@id":"https:\/\/westcoasttriallawyers.com\/es\/california\/glendale\/accidente-de-entrega-de-alimentos-en-glendale#primaryimage"},"image":{"@id":"https:\/\/westcoasttriallawyers.com\/es\/california\/glendale\/accidente-de-entrega-de-alimentos-en-glendale#primaryimage"},"thumbnailUrl":"https:\/\/westcoasttriallawyers.com\/wp-content\/uploads\/2025\/07\/Glendale-27.webp","datePublished":"2026-01-13T23:06:50+00:00","dateModified":"2026-01-21T11:04:16+00:00","breadcrumb":{"@id":"https:\/\/westcoasttriallawyers.com\/es\/california\/glendale\/accidente-de-entrega-de-alimentos-en-glendale#breadcrumb"},"inLanguage":"es","potentialAction":[{"@type":"ReadAction","target":["https:\/\/westcoasttriallawyers.com\/es\/california\/glendale\/accidente-de-entrega-de-alimentos-en-glendale"]}]},{"@type":"ImageObject","inLanguage":"es","@id":"https:\/\/westcoasttriallawyers.com\/es\/california\/glendale\/accidente-de-entrega-de-alimentos-en-glendale#primaryimage","url":"https:\/\/westcoasttriallawyers.com\/wp-content\/uploads\/2025\/07\/Glendale-27.webp","contentUrl":"https:\/\/westcoasttriallawyers.com\/wp-content\/uploads\/2025\/07\/Glendale-27.webp","width":557,"height":327},{"@type":"BreadcrumbList","@id":"https:\/\/westcoasttriallawyers.com\/es\/california\/glendale\/accidente-de-entrega-de-alimentos-en-glendale#breadcrumb","itemListElement":[{"@type":"ListItem","position":1,"name":"Inicio","item":"https:\/\/westcoasttriallawyers.com\/es"},{"@type":"ListItem","position":2,"name":"California","item":"https:\/\/westcoasttriallawyers.com\/es\/california"},{"@type":"ListItem","position":3,"name":"Glendale","item":"https:\/\/westcoasttriallawyers.com\/es\/california\/glendale"},{"@type":"ListItem","position":4,"name":"Accidente de entrega de alimentos en Glendale"}]},{"@type":"WebSite","@id":"https:\/\/westcoasttriallawyers.com\/es#website","url":"https:\/\/westcoasttriallawyers.com\/es","name":"West Coast Trial Lawyers","description":"West Coast Trial Lawyers","publisher":{"@id":"https:\/\/westcoasttriallawyers.com\/es#organization"},"alternateName":"WCTL","potentialAction":[{"@type":"SearchAction","target":{"@type":"EntryPoint","urlTemplate":"https:\/\/westcoasttriallawyers.com\/es?s={search_term_string}"},"query-input":{"@type":"PropertyValueSpecification","valueRequired":true,"valueName":"search_term_string"}}],"inLanguage":"es"},{"@type":"Organization","@id":"https:\/\/westcoasttriallawyers.com\/es#organization","name":"West Coast Trial Lawyers","alternateName":"WCTL","url":"https:\/\/westcoasttriallawyers.com\/es","logo":{"@type":"ImageObject","inLanguage":"es","@id":"https:\/\/westcoasttriallawyers.com\/es#\/schema\/logo\/image\/","url":"https:\/\/westcoasttriallawyers.com\/wp-content\/uploads\/2026\/02\/WCTL-Logo.jpg","contentUrl":"https:\/\/westcoasttriallawyers.com\/wp-content\/uploads\/2026\/02\/WCTL-Logo.jpg","width":696,"height":696,"caption":"West Coast Trial Lawyers"},"image":{"@id":"https:\/\/westcoasttriallawyers.com\/es#\/schema\/logo\/image\/"},"sameAs":["https:\/\/www.facebook.com\/westcoasttriallawyers\/","https:\/\/x.com\/WestCoastTrial","https:\/\/www.linkedin.com\/company\/west-coast-trial-lawyers\/","https:\/\/www.instagram.com\/westcoasttriallawyers\/","https:\/\/www.yelp.com\/biz\/west-coast-trial-lawyers-los-angeles-2","https:\/\/www.pinterest.com\/westcoasttrial\/","https:\/\/www.youtube.com\/westcoasttriallawyersla\/","https:\/\/www.tiktok.com\/westcoasttriallawyers"],"description":"West Coast Trial Lawyers is a top-rated personal injury law firm with a goal to provide expert legal representation to those in need. The law firm has offices across California, Nevada, Arizona, and Washington.","legalName":"West Coast Trial Lawyers"}]}},"_links":{"self":[{"href":"https:\/\/westcoasttriallawyers.com\/es\/wp-json\/wp\/v2\/pages\/13044","targetHints":{"allow":["GET"]}}],"collection":[{"href":"https:\/\/westcoasttriallawyers.com\/es\/wp-json\/wp\/v2\/pages"}],"about":[{"href":"https:\/\/westcoasttriallawyers.com\/es\/wp-json\/wp\/v2\/types\/page"}],"author":[{"embeddable":true,"href":"https:\/\/westcoasttriallawyers.com\/es\/wp-json\/wp\/v2\/users\/475"}],"replies":[{"embeddable":true,"href":"https:\/\/westcoasttriallawyers.com\/es\/wp-json\/wp\/v2\/comments?post=13044"}],"version-history":[{"count":3,"href":"https:\/\/westcoasttriallawyers.com\/es\/wp-json\/wp\/v2\/pages\/13044\/revisions"}],"predecessor-version":[{"id":47635,"href":"https:\/\/westcoasttriallawyers.com\/es\/wp-json\/wp\/v2\/pages\/13044\/revisions\/47635"}],"up":[{"embeddable":true,"href":"https:\/\/westcoasttriallawyers.com\/es\/wp-json\/wp\/v2\/pages\/47286"}],"wp:featuredmedia":[{"embeddable":true,"href":"https:\/\/westcoasttriallawyers.com\/es\/wp-json\/wp\/v2\/media\/45744"}],"wp:attachment":[{"href":"https:\/\/westcoasttriallawyers.com\/es\/wp-json\/wp\/v2\/media?parent=13044"}],"curies":[{"name":"wp","href":"https:\/\/api.w.org\/{rel}","templated":true}]}}