{"id":13040,"date":"2026-01-13T23:06:46","date_gmt":"2026-01-13T23:06:46","guid":{"rendered":"https:\/\/wctl1stg.wpengine.com\/?page_id=13040"},"modified":"2026-01-21T11:42:48","modified_gmt":"2026-01-21T11:42:48","slug":"abogado-de-muerte-injusta-en-glendale","status":"publish","type":"page","link":"https:\/\/westcoasttriallawyers.com\/es\/california\/glendale\/abogado-de-muerte-injusta-en-glendale","title":{"rendered":"Abogado de Muerte Injusta en Glendale"},"content":{"rendered":"<h2><strong>Obtenga informaci\u00f3n legal sobre c\u00f3mo manejar un caso de muerte injusta de nuestros abogados con experiencia en lesiones personales<\/strong><\/h2>\n<p>Pasar por la muerte injusta de un ser querido es muy dif\u00edcil de sobrellevar. Enfrentarse a un fallecimiento inesperado puede crear una experiencia que cambie la vida de las personas m\u00e1s cercanas a la v\u00edctima. Si ha sufrido la p\u00e9rdida de un ser querido, acepte nuestro m\u00e1s sentido p\u00e9same.<\/p>\n<p>Durante este momento dif\u00edcil de su vida, es posible que se pregunte si hay alguna forma de cerrarlo. Puede ser elegible para presentar una demanda contra la persona culpable por la p\u00e9rdida de su ser querido. A los herederos de la v\u00edctima se les otorga el derecho de buscar una compensaci\u00f3n por los da\u00f1os econ\u00f3micos y no econ\u00f3micos que fueron causados \u200b\u200bpor la muerte injusta.<\/p>\n<p>En West Coast Trial Lawyers, nuestros abogados de muerte injusta en Glendale tienen m\u00e1s de 60 a\u00f1os de experiencia legal colectiva en el manejo de casos de muerte injusta. Nuestro equipo ha ganado m\u00e1s de 5000 casos y ha obtenido m\u00e1s de $1000 millones en acuerdos para nuestros clientes. Debido a nuestros logros, hemos sido reconocidos como uno de los mejores bufetes de abogados de lesiones personales en Glendale.<\/p>\n<p>Comun\u00edquese con nuestro equipo legal las 24 horas, los 7 d\u00edas de la semana llamando al&nbsp;<strong>213-927-3700<\/strong> o enviando un correo electr\u00f3nico a&nbsp;<a href=\"mailto:info@westcoasttriallawyers.com\"><strong>info@westcoasttriallawyers.com<\/strong><\/a> para programar una consulta gratuita y sin compromiso en nuestro bufete de abogados de lesiones personales de Glendale hoy.<\/p>\n<h2><strong>\u00bfQui\u00e9n puede demandar por muerte injusta?<\/strong><\/h2>\n<p>Un reclamo de muerte injusta puede ser presentado por un representante de la v\u00edctima que falleci\u00f3 por una muerte injusta. Seg\u00fan el C\u00f3digo Penal de California 377.60, hay personas seleccionadas que pueden presentar un reclamo por muerte injusta. Esto incluye:<\/p>\n<ul>\n<li><strong>El c\u00f3nyuge sobreviviente.<\/strong> El c\u00f3nyuge del difunto es a menudo la primera persona reconocida con capacidad para demandar.<\/li>\n<li><strong>Hijos o descendencia del difunto.<\/strong> Cuando no hay c\u00f3nyuge o si el c\u00f3nyuge no quiere o no puede, los hijos pueden demandar. No existe ning\u00fan requisito de que estos puedan ser hijos \u00fanicos del \u00faltimo matrimonio del difunto. Cualquier hijo del difunto puede demandar.<\/li>\n<li><strong>Menores dependientes.<\/strong> Es posible en ciertas situaciones en las que el difunto est\u00e1 casado que tanto \u00e9l como su c\u00f3nyuge fallecieron. En este caso, sus hijos menores que hayan vivido en la casa del difunto durante al menos 6 meses pueden demandar.<\/li>\n<li><strong>El c\u00f3nyuge putativo.<\/strong> Un c\u00f3nyuge putativo es aquel que no ha demostrado estar legalmente casado con el difunto. Bajo la ley, este puede ser el c\u00f3nyuge sobreviviente de un matrimonio nulo o anulable que haya cre\u00eddo de buena fe que el matrimonio era v\u00e1lido. Tal c\u00f3nyuge puede demandar.<\/li>\n<li><strong>Hijos del c\u00f3nyuge putativo.<\/strong> Si se demuestra que los hijos del c\u00f3nyuge putativo dependen econ\u00f3micamente del difunto, pueden demandar.<\/li>\n<li><strong>Hijastros del difunto.&nbsp;<\/strong>Cuando se demuestre que los hijastros depend\u00edan econ\u00f3micamente del difunto, pueden demandar.<\/li>\n<li><strong>Padres del difunto.<\/strong> Si los padres del difunto pueden demostrar confianza econ\u00f3mica o dependencia del difunto, tendr\u00e1n derecho a demandar. Por ejemplo, pueden demostrar que el difunto era una fuente importante de apoyo familiar para ellos antes de su muerte.<\/li>\n<li><strong>Si no hay c\u00f3nyuge o descendencia sobreviviente.<\/strong> En esta situaci\u00f3n, cualquiera que tenga derecho a la propiedad del difunto por sucesi\u00f3n intestada puede demandar. Esto ampl\u00eda el grupo de personas potencialmente elegibles para incluir hermanos, t\u00edas, t\u00edos, sobrinos, sobrinas o cualquier otra persona que pueda tener la posibilidad de heredar al difunto.<\/li>\n<\/ul>\n<h2><strong>A qui\u00e9n demandar por muerte injusta<\/strong><\/h2>\n<p>Cualquier persona que particip\u00f3 en causar una muerte injusta puede ser demandada. Ejemplos de posibles sospechosos incluyen:<\/p>\n<ul>\n<li>La persona que tiene la culpa de causar una colisi\u00f3n de veh\u00edculos de motor.<\/li>\n<li>Una empresa de fabricaci\u00f3n tiene la culpa de producir productos defectuosos.<\/li>\n<li>Las agencias gubernamentales no proporcionan se\u00f1ales de advertencia de peligros en la carretera.<\/li>\n<li>Una persona que vendi\u00f3 alcohol ilegalmente a un cliente menor de edad o a un cliente ya incapacitado. El alcohol puede hacer que el adolescente tenga una falta de conciencia de su entorno. No se sabe en qu\u00e9 tipo de problemas podr\u00eda meterse el adolescente por estar bajo la influencia del alcohol que puede resultar en su muerte.<\/li>\n<\/ul>\n<h2><strong>Da\u00f1os por muerte injusta<\/strong><\/h2>\n<p>A los representantes de la v\u00edctima fallecida se les puede otorgar da\u00f1os por las p\u00e9rdidas que sufrieron s\u00ed se puede probar que la negligencia caus\u00f3 la muerte injusta. Los herederos de la v\u00edctima pueden recibir da\u00f1os econ\u00f3micos y no econ\u00f3micos relacionados con la muerte de su ser querido.<\/p>\n<p>Los da\u00f1os econ\u00f3micos disponibles incluyen:<\/p>\n<ul>\n<li>Gastos m\u00e9dicos<\/li>\n<li>P\u00e9rdida de capacidad de ingresos<\/li>\n<li>Costos de funeral y entierro<\/li>\n<li>Ingresos perdidos<\/li>\n<\/ul>\n<p>Los da\u00f1os no econ\u00f3micos disponibles incluyen:<\/p>\n<ul>\n<li>Estr\u00e9s emocional<\/li>\n<li>Dolor y sufrimiento<\/li>\n<li>P\u00e9rdida de consorcio<\/li>\n<li>P\u00e9rdida del disfrute de la vida<\/li>\n<\/ul>\n<h2><strong>\u00bfQu\u00e9 es el estatuto de limitaciones por una muerte injusta?<\/strong><\/h2>\n<p>Tiene dos a\u00f1os para presentar una demanda desde la fecha inicial de la muerte o cuando se enter\u00f3 por primera vez. Si supera este plazo, perder\u00e1 el derecho a presentar una reclamaci\u00f3n. Sin embargo, hay algunas excepciones que pueden aplicarse. El demandante debe ser:<\/p>\n<ul>\n<li>Un menor de edad,<\/li>\n<li>En la c\u00e1rcel,<\/li>\n<li>Legalmente loco,<\/li>\n<li>Viviendo fuera del estado, o<\/li>\n<li>Desactivado.<\/li>\n<\/ul>\n<p>Debe contratar a un abogado con experiencia en lesiones personales para que lo ayude a comenzar con su reclamo. Lo guiar\u00e1n a trav\u00e9s del proceso de fortalecimiento de su reclamo, junto con las negociaciones con las compa\u00f1\u00edas de seguros para obtener la compensaci\u00f3n que merece por sus p\u00e9rdidas.<\/p>\n<h2><strong>Prueba de muerte injusta<\/strong><\/h2>\n<p>Una vez que se presenta una demanda por muerte injusta, el demandante debe mostrar evidencia de la negligencia de la parte culpable que contribuy\u00f3 a la muerte de su ser querido. Esto incluye lo siguiente:<\/p>\n<ul>\n<li><strong>Obligaci\u00f3n de cuidar.&nbsp;<\/strong>Se espera que el demandante demuestre que el demandado ten\u00eda el deber de cuidar a la v\u00edctima fallecida.<\/li>\n<li><strong>Incumplimiento del Deber de Cuidado.<\/strong> El demandante debe proporcionar evidencia de que el demandado incumpli\u00f3 su deber de cuidado.<\/li>\n<li><strong>Causalidad.<\/strong> El demandante debe probar que las acciones imprudentes o descuidadas del demandado causaron el accidente y la muerte posterior.<\/li>\n<\/ul>\n<h2><strong>Carga de la prueba<\/strong><\/h2>\n<p>Se espera que el demandante muestre pruebas convincentes al juez y al jurado. Si lo consiguen, entonces se tendr\u00e1n por veraces las alegaciones formuladas contra el imputado. Esto le dar\u00e1 al demandante una mejor oportunidad de ganar el caso. Sin embargo, si el demandante no presenta suficientes pruebas convincentes, el demandado puede ganar.<\/p>\n<p>El papel de la carga de la prueba depende principalmente de si el caso se clasifica como civil o penal. Para casos civiles, los est\u00e1ndares se establecen m\u00e1s bajos para un demandante. Por otro lado, con los casos penales, debe proporcionar una cantidad sustancial de pruebas contra el acusado.<\/p>\n<p>Cuando se trata de acusados, no est\u00e1n obligados a probar nada ante el juez o el jurado. Si el demandante no logra hacer una declaraci\u00f3n convincente de por qu\u00e9 el demandado es culpable, entonces el demandado ganar\u00e1 el caso sin tener que presentar su evidencia. Sin embargo, el acusado puede recurrir a la defensa afirmativa. Esto provocar\u00e1 un efecto inverso entre el demandante y el demandado.<\/p>\n<h2><strong>Cont\u00e1ctenos<\/strong><\/h2>\n<p>Si su ser querido fue v\u00edctima de muerte injusta y usted est\u00e1 interesado en emprender acciones legales contra la parte culpable, West Coast Trial Lawyers cuenta con abogados experimentados en muerte injusta de Glendale que est\u00e1n disponibles para brindarle asistencia legal.<\/p>\n<p>Para programar una consulta gratuita en nuestro bufete de abogados de lesiones personales de Glendale, comun\u00edquese con nuestro equipo legal las 24 horas, los 7 d\u00edas de la semana llamando al&nbsp;<strong>213-927-3700<\/strong> o enviando un correo electr\u00f3nico a&nbsp;<a href=\"mailto:info@westcoasttriallawyers.com\"><strong>info@westcoasttriallawyers.com<\/strong><\/a><strong>.&nbsp;<\/strong><br \/>\n<!-- WCTL_DEBUG: no shortcode in this_content --><\/p>\n","protected":false},"excerpt":{"rendered":"<p>Obtenga informaci\u00f3n legal sobre c\u00f3mo manejar un caso de muerte injusta de nuestros abogados con experiencia en lesiones personales Pasar por la muerte injusta de un ser querido es muy dif\u00edcil de sobrellevar. Enfrentarse a un fallecimiento inesperado puede crear una experiencia que cambie la vida de las personas m\u00e1s cercanas a la v\u00edctima. Si [&hellip;]<\/p>\n","protected":false},"author":475,"featured_media":45729,"parent":47286,"menu_order":0,"comment_status":"closed","ping_status":"closed","template":"","meta":{"inline_featured_image":false,"footnotes":""},"class_list":["post-13040","page","type-page","status-publish","has-post-thumbnail","hentry"],"acf":[],"yoast_head":"<!-- This site is optimized with the Yoast SEO Premium plugin v26.0 (Yoast SEO v26.0) - https:\/\/yoast.com\/wordpress\/plugins\/seo\/ -->\n<title>Abogado de Muerte Injusta en Glendale | West Coast Trial Lawyers<\/title>\n<meta name=\"robots\" content=\"index, follow, max-snippet:-1, max-image-preview:large, max-video-preview:-1\" \/>\n<link rel=\"canonical\" href=\"https:\/\/westcoasttriallawyers.com\/es\/california\/glendale\/abogado-de-muerte-injusta-en-glendale\" \/>\n<meta property=\"og:locale\" content=\"es_ES\" \/>\n<meta property=\"og:type\" content=\"article\" \/>\n<meta property=\"og:title\" content=\"Abogado de Muerte Injusta en Glendale\" \/>\n<meta property=\"og:description\" content=\"Obtenga informaci\u00f3n legal sobre c\u00f3mo manejar un caso de muerte injusta de nuestros abogados con experiencia en lesiones personales Pasar por la muerte injusta de un ser querido es muy dif\u00edcil de sobrellevar. Enfrentarse a un fallecimiento inesperado puede crear una experiencia que cambie la vida de las personas m\u00e1s cercanas a la v\u00edctima. Si [&hellip;]\" \/>\n<meta property=\"og:url\" content=\"https:\/\/westcoasttriallawyers.com\/es\/california\/glendale\/abogado-de-muerte-injusta-en-glendale\" \/>\n<meta property=\"og:site_name\" content=\"West Coast Trial Lawyers\" \/>\n<meta property=\"article:publisher\" content=\"https:\/\/www.facebook.com\/westcoasttriallawyers\/\" \/>\n<meta property=\"article:modified_time\" content=\"2026-01-21T11:42:48+00:00\" \/>\n<meta property=\"og:image\" content=\"https:\/\/westcoasttriallawyers.com\/wp-content\/uploads\/2025\/07\/Glendale-21.webp\" \/>\n\t<meta property=\"og:image:width\" content=\"557\" \/>\n\t<meta property=\"og:image:height\" content=\"327\" \/>\n\t<meta property=\"og:image:type\" content=\"image\/webp\" \/>\n<meta name=\"twitter:card\" content=\"summary_large_image\" \/>\n<meta name=\"twitter:site\" content=\"@WestCoastTrial\" \/>\n<meta name=\"twitter:label1\" content=\"Tiempo de lectura\" \/>\n\t<meta name=\"twitter:data1\" content=\"6 minutos\" \/>\n<script type=\"application\/ld+json\" class=\"yoast-schema-graph\">{\"@context\":\"https:\/\/schema.org\",\"@graph\":[{\"@type\":[\"WebPage\",\"ItemPage\"],\"@id\":\"https:\/\/westcoasttriallawyers.com\/es\/california\/glendale\/abogado-de-muerte-injusta-en-glendale\",\"url\":\"https:\/\/westcoasttriallawyers.com\/es\/california\/glendale\/abogado-de-muerte-injusta-en-glendale\",\"name\":\"Abogado de Muerte Injusta en Glendale | West Coast Trial Lawyers\",\"isPartOf\":{\"@id\":\"https:\/\/westcoasttriallawyers.com\/es#website\"},\"primaryImageOfPage\":{\"@id\":\"https:\/\/westcoasttriallawyers.com\/es\/california\/glendale\/abogado-de-muerte-injusta-en-glendale#primaryimage\"},\"image\":{\"@id\":\"https:\/\/westcoasttriallawyers.com\/es\/california\/glendale\/abogado-de-muerte-injusta-en-glendale#primaryimage\"},\"thumbnailUrl\":\"https:\/\/westcoasttriallawyers.com\/wp-content\/uploads\/2025\/07\/Glendale-21.webp\",\"datePublished\":\"2026-01-13T23:06:46+00:00\",\"dateModified\":\"2026-01-21T11:42:48+00:00\",\"breadcrumb\":{\"@id\":\"https:\/\/westcoasttriallawyers.com\/es\/california\/glendale\/abogado-de-muerte-injusta-en-glendale#breadcrumb\"},\"inLanguage\":\"es\",\"potentialAction\":[{\"@type\":\"ReadAction\",\"target\":[\"https:\/\/westcoasttriallawyers.com\/es\/california\/glendale\/abogado-de-muerte-injusta-en-glendale\"]}]},{\"@type\":\"ImageObject\",\"inLanguage\":\"es\",\"@id\":\"https:\/\/westcoasttriallawyers.com\/es\/california\/glendale\/abogado-de-muerte-injusta-en-glendale#primaryimage\",\"url\":\"https:\/\/westcoasttriallawyers.com\/wp-content\/uploads\/2025\/07\/Glendale-21.webp\",\"contentUrl\":\"https:\/\/westcoasttriallawyers.com\/wp-content\/uploads\/2025\/07\/Glendale-21.webp\",\"width\":557,\"height\":327},{\"@type\":\"BreadcrumbList\",\"@id\":\"https:\/\/westcoasttriallawyers.com\/es\/california\/glendale\/abogado-de-muerte-injusta-en-glendale#breadcrumb\",\"itemListElement\":[{\"@type\":\"ListItem\",\"position\":1,\"name\":\"Inicio\",\"item\":\"https:\/\/westcoasttriallawyers.com\/es\"},{\"@type\":\"ListItem\",\"position\":2,\"name\":\"California\",\"item\":\"https:\/\/westcoasttriallawyers.com\/es\/california\"},{\"@type\":\"ListItem\",\"position\":3,\"name\":\"Glendale\",\"item\":\"https:\/\/westcoasttriallawyers.com\/es\/california\/glendale\"},{\"@type\":\"ListItem\",\"position\":4,\"name\":\"Abogado de Muerte Injusta en Glendale\"}]},{\"@type\":\"WebSite\",\"@id\":\"https:\/\/westcoasttriallawyers.com\/es#website\",\"url\":\"https:\/\/westcoasttriallawyers.com\/es\",\"name\":\"West Coast Trial Lawyers\",\"description\":\"West Coast Trial Lawyers\",\"publisher\":{\"@id\":\"https:\/\/westcoasttriallawyers.com\/es#organization\"},\"alternateName\":\"WCTL\",\"potentialAction\":[{\"@type\":\"SearchAction\",\"target\":{\"@type\":\"EntryPoint\",\"urlTemplate\":\"https:\/\/westcoasttriallawyers.com\/es?s={search_term_string}\"},\"query-input\":{\"@type\":\"PropertyValueSpecification\",\"valueRequired\":true,\"valueName\":\"search_term_string\"}}],\"inLanguage\":\"es\"},{\"@type\":\"Organization\",\"@id\":\"https:\/\/westcoasttriallawyers.com\/es#organization\",\"name\":\"West Coast Trial Lawyers\",\"alternateName\":\"WCTL\",\"url\":\"https:\/\/westcoasttriallawyers.com\/es\",\"logo\":{\"@type\":\"ImageObject\",\"inLanguage\":\"es\",\"@id\":\"https:\/\/westcoasttriallawyers.com\/es#\/schema\/logo\/image\/\",\"url\":\"https:\/\/westcoasttriallawyers.com\/wp-content\/uploads\/2026\/02\/WCTL-Logo.jpg\",\"contentUrl\":\"https:\/\/westcoasttriallawyers.com\/wp-content\/uploads\/2026\/02\/WCTL-Logo.jpg\",\"width\":696,\"height\":696,\"caption\":\"West Coast Trial Lawyers\"},\"image\":{\"@id\":\"https:\/\/westcoasttriallawyers.com\/es#\/schema\/logo\/image\/\"},\"sameAs\":[\"https:\/\/www.facebook.com\/westcoasttriallawyers\/\",\"https:\/\/x.com\/WestCoastTrial\",\"https:\/\/www.linkedin.com\/company\/west-coast-trial-lawyers\/\",\"https:\/\/www.instagram.com\/westcoasttriallawyers\/\",\"https:\/\/www.yelp.com\/biz\/west-coast-trial-lawyers-los-angeles-2\",\"https:\/\/www.pinterest.com\/westcoasttrial\/\",\"https:\/\/www.youtube.com\/westcoasttriallawyersla\/\",\"https:\/\/www.tiktok.com\/westcoasttriallawyers\"],\"description\":\"West Coast Trial Lawyers is a top-rated personal injury law firm with a goal to provide expert legal representation to those in need. The law firm has offices across California, Nevada, Arizona, and Washington.\",\"legalName\":\"West Coast Trial Lawyers\"}]}<\/script>\n<!-- \/ Yoast SEO Premium plugin. -->","yoast_head_json":{"title":"Abogado de Muerte Injusta en Glendale | West Coast Trial Lawyers","robots":{"index":"index","follow":"follow","max-snippet":"max-snippet:-1","max-image-preview":"max-image-preview:large","max-video-preview":"max-video-preview:-1"},"canonical":"https:\/\/westcoasttriallawyers.com\/es\/california\/glendale\/abogado-de-muerte-injusta-en-glendale","og_locale":"es_ES","og_type":"article","og_title":"Abogado de Muerte Injusta en Glendale","og_description":"Obtenga informaci\u00f3n legal sobre c\u00f3mo manejar un caso de muerte injusta de nuestros abogados con experiencia en lesiones personales Pasar por la muerte injusta de un ser querido es muy dif\u00edcil de sobrellevar. Enfrentarse a un fallecimiento inesperado puede crear una experiencia que cambie la vida de las personas m\u00e1s cercanas a la v\u00edctima. Si [&hellip;]","og_url":"https:\/\/westcoasttriallawyers.com\/es\/california\/glendale\/abogado-de-muerte-injusta-en-glendale","og_site_name":"West Coast Trial Lawyers","article_publisher":"https:\/\/www.facebook.com\/westcoasttriallawyers\/","article_modified_time":"2026-01-21T11:42:48+00:00","og_image":[{"width":557,"height":327,"url":"https:\/\/westcoasttriallawyers.com\/wp-content\/uploads\/2025\/07\/Glendale-21.webp","type":"image\/webp"}],"twitter_card":"summary_large_image","twitter_site":"@WestCoastTrial","twitter_misc":{"Tiempo de lectura":"6 minutos"},"schema":{"@context":"https:\/\/schema.org","@graph":[{"@type":["WebPage","ItemPage"],"@id":"https:\/\/westcoasttriallawyers.com\/es\/california\/glendale\/abogado-de-muerte-injusta-en-glendale","url":"https:\/\/westcoasttriallawyers.com\/es\/california\/glendale\/abogado-de-muerte-injusta-en-glendale","name":"Abogado de Muerte Injusta en Glendale | West Coast Trial Lawyers","isPartOf":{"@id":"https:\/\/westcoasttriallawyers.com\/es#website"},"primaryImageOfPage":{"@id":"https:\/\/westcoasttriallawyers.com\/es\/california\/glendale\/abogado-de-muerte-injusta-en-glendale#primaryimage"},"image":{"@id":"https:\/\/westcoasttriallawyers.com\/es\/california\/glendale\/abogado-de-muerte-injusta-en-glendale#primaryimage"},"thumbnailUrl":"https:\/\/westcoasttriallawyers.com\/wp-content\/uploads\/2025\/07\/Glendale-21.webp","datePublished":"2026-01-13T23:06:46+00:00","dateModified":"2026-01-21T11:42:48+00:00","breadcrumb":{"@id":"https:\/\/westcoasttriallawyers.com\/es\/california\/glendale\/abogado-de-muerte-injusta-en-glendale#breadcrumb"},"inLanguage":"es","potentialAction":[{"@type":"ReadAction","target":["https:\/\/westcoasttriallawyers.com\/es\/california\/glendale\/abogado-de-muerte-injusta-en-glendale"]}]},{"@type":"ImageObject","inLanguage":"es","@id":"https:\/\/westcoasttriallawyers.com\/es\/california\/glendale\/abogado-de-muerte-injusta-en-glendale#primaryimage","url":"https:\/\/westcoasttriallawyers.com\/wp-content\/uploads\/2025\/07\/Glendale-21.webp","contentUrl":"https:\/\/westcoasttriallawyers.com\/wp-content\/uploads\/2025\/07\/Glendale-21.webp","width":557,"height":327},{"@type":"BreadcrumbList","@id":"https:\/\/westcoasttriallawyers.com\/es\/california\/glendale\/abogado-de-muerte-injusta-en-glendale#breadcrumb","itemListElement":[{"@type":"ListItem","position":1,"name":"Inicio","item":"https:\/\/westcoasttriallawyers.com\/es"},{"@type":"ListItem","position":2,"name":"California","item":"https:\/\/westcoasttriallawyers.com\/es\/california"},{"@type":"ListItem","position":3,"name":"Glendale","item":"https:\/\/westcoasttriallawyers.com\/es\/california\/glendale"},{"@type":"ListItem","position":4,"name":"Abogado de Muerte Injusta en Glendale"}]},{"@type":"WebSite","@id":"https:\/\/westcoasttriallawyers.com\/es#website","url":"https:\/\/westcoasttriallawyers.com\/es","name":"West Coast Trial Lawyers","description":"West Coast Trial Lawyers","publisher":{"@id":"https:\/\/westcoasttriallawyers.com\/es#organization"},"alternateName":"WCTL","potentialAction":[{"@type":"SearchAction","target":{"@type":"EntryPoint","urlTemplate":"https:\/\/westcoasttriallawyers.com\/es?s={search_term_string}"},"query-input":{"@type":"PropertyValueSpecification","valueRequired":true,"valueName":"search_term_string"}}],"inLanguage":"es"},{"@type":"Organization","@id":"https:\/\/westcoasttriallawyers.com\/es#organization","name":"West Coast Trial Lawyers","alternateName":"WCTL","url":"https:\/\/westcoasttriallawyers.com\/es","logo":{"@type":"ImageObject","inLanguage":"es","@id":"https:\/\/westcoasttriallawyers.com\/es#\/schema\/logo\/image\/","url":"https:\/\/westcoasttriallawyers.com\/wp-content\/uploads\/2026\/02\/WCTL-Logo.jpg","contentUrl":"https:\/\/westcoasttriallawyers.com\/wp-content\/uploads\/2026\/02\/WCTL-Logo.jpg","width":696,"height":696,"caption":"West Coast Trial Lawyers"},"image":{"@id":"https:\/\/westcoasttriallawyers.com\/es#\/schema\/logo\/image\/"},"sameAs":["https:\/\/www.facebook.com\/westcoasttriallawyers\/","https:\/\/x.com\/WestCoastTrial","https:\/\/www.linkedin.com\/company\/west-coast-trial-lawyers\/","https:\/\/www.instagram.com\/westcoasttriallawyers\/","https:\/\/www.yelp.com\/biz\/west-coast-trial-lawyers-los-angeles-2","https:\/\/www.pinterest.com\/westcoasttrial\/","https:\/\/www.youtube.com\/westcoasttriallawyersla\/","https:\/\/www.tiktok.com\/westcoasttriallawyers"],"description":"West Coast Trial Lawyers is a top-rated personal injury law firm with a goal to provide expert legal representation to those in need. The law firm has offices across California, Nevada, Arizona, and Washington.","legalName":"West Coast Trial Lawyers"}]}},"_links":{"self":[{"href":"https:\/\/westcoasttriallawyers.com\/es\/wp-json\/wp\/v2\/pages\/13040","targetHints":{"allow":["GET"]}}],"collection":[{"href":"https:\/\/westcoasttriallawyers.com\/es\/wp-json\/wp\/v2\/pages"}],"about":[{"href":"https:\/\/westcoasttriallawyers.com\/es\/wp-json\/wp\/v2\/types\/page"}],"author":[{"embeddable":true,"href":"https:\/\/westcoasttriallawyers.com\/es\/wp-json\/wp\/v2\/users\/475"}],"replies":[{"embeddable":true,"href":"https:\/\/westcoasttriallawyers.com\/es\/wp-json\/wp\/v2\/comments?post=13040"}],"version-history":[{"count":3,"href":"https:\/\/westcoasttriallawyers.com\/es\/wp-json\/wp\/v2\/pages\/13040\/revisions"}],"predecessor-version":[{"id":47656,"href":"https:\/\/westcoasttriallawyers.com\/es\/wp-json\/wp\/v2\/pages\/13040\/revisions\/47656"}],"up":[{"embeddable":true,"href":"https:\/\/westcoasttriallawyers.com\/es\/wp-json\/wp\/v2\/pages\/47286"}],"wp:featuredmedia":[{"embeddable":true,"href":"https:\/\/westcoasttriallawyers.com\/es\/wp-json\/wp\/v2\/media\/45729"}],"wp:attachment":[{"href":"https:\/\/westcoasttriallawyers.com\/es\/wp-json\/wp\/v2\/media?parent=13040"}],"curies":[{"name":"wp","href":"https:\/\/api.w.org\/{rel}","templated":true}]}}