{"id":13030,"date":"2026-01-13T23:06:39","date_gmt":"2026-01-13T23:06:39","guid":{"rendered":"https:\/\/wctl1stg.wpengine.com\/?page_id=13030"},"modified":"2026-01-21T11:19:21","modified_gmt":"2026-01-21T11:19:21","slug":"abogado-de-accidentes-de-motocicleta-en-glendale","status":"publish","type":"page","link":"https:\/\/westcoasttriallawyers.com\/es\/california\/glendale\/abogado-de-accidentes-de-motocicleta-en-glendale","title":{"rendered":"Abogado de accidentes de motocicleta en Glendale\u00a0"},"content":{"rendered":"<h2><strong>Tipos comunes de accidentes de motocicleta y qu\u00e9 debe hacer despu\u00e9s de uno para fortalecer su reclamo<\/strong><\/h2>\n<p>Dado que una motocicleta se instala a altas velocidades y tiene poca o ninguna protecci\u00f3n disponible para los motociclistas, es probable que ocurran accidentes. Es importante que un motociclista sea educado sobre c\u00f3mo usar correctamente este veh\u00edculo. Tambi\u00e9n deben conocer las normas de circulaci\u00f3n antes de sacar el veh\u00edculo a dar un paseo. Aquellos que eligen ignorar las leyes y actuar como les plazca no solo est\u00e1n poniendo en peligro sus vidas, sino tambi\u00e9n las de quienes los rodean.<\/p>\n<p>Se recomienda encarecidamente a las v\u00edctimas que est\u00e1n involucradas en un accidente de motocicleta debido a la negligencia de otra persona que se comuniquen con nuestros abogados de accidentes de motocicleta de Glendale. Tenemos m\u00e1s de 60 a\u00f1os de experiencia legal colectiva en el manejo de casos de lesiones personales. Con el \u00e9xito de recuperar m\u00e1s de $1 mil millones en acuerdos y juicios para nuestros clientes, hemos sido reconocidos como uno de los mejores bufetes de abogados de lesiones personales en Glendale.<\/p>\n<p>Comun\u00edquese hoy con nuestro equipo legal disponible las 24 horas, los 7 d\u00edas de la semana llamando al&nbsp;<strong>213-927-3700<\/strong> o enviando un correo electr\u00f3nico a<strong>&nbsp;<\/strong><a href=\"mailto:info@westcoasttriallawyers.com\"><strong>info@westcoasttriallawyers.com<\/strong><\/a> para programar una consulta gratuita en nuestro bufete de abogados de lesiones personales de Glendale.<\/p>\n<h2><strong>Tipos comunes de accidentes de motocicleta<\/strong><\/h2>\n<ul>\n<li><strong>Exceso de velocidad.<\/strong> Esta es una de las causas m\u00e1s comunes de un accidente de motocicleta. Las motocicletas tienen una velocidad incorporada que puede ser dif\u00edcil de manejar, especialmente para los conductores sin experiencia. Incluso los conductores experimentados pueden subestimar los l\u00edmites de una motocicleta. Tambi\u00e9n es muy desafiante observar cuidadosamente el camino cuando se va m\u00e1s r\u00e1pido de lo que es seguro. Esto har\u00e1 que sea mucho m\u00e1s dif\u00edcil darse cuenta de los peligros que se avecinan en la carretera o de los veh\u00edculos que se aproximan.<\/li>\n<li><strong>Intoxicaci\u00f3n.&nbsp;<\/strong>Ya es dif\u00edcil controlar una motocicleta tal como est\u00e1, pero intoxicarse har\u00e1 que sea casi imposible conducir con seguridad en la carretera sin tener un accidente.<\/li>\n<li><strong>Cambios de carril imprudentes.<\/strong> Si un motociclista no observa cuidadosamente su entorno antes de cambiar de carril, podr\u00eda tener un accidente. Un ejemplo podr\u00eda ser un motociclista que intenta hacer varios cambios de carril para evitar quedar atrapado en el tr\u00e1fico pesado. El motociclista no est\u00e1 observando con cautela su entorno mientras hace esto y termina chocando contra un veh\u00edculo.<\/li>\n<li><strong>Puertas de coche.<\/strong> Hay situaciones en las que un conductor abre la puerta de su autom\u00f3vil en un momento inconveniente y provoca un accidente con un motociclista que se aproxima. Las lesiones pueden variar dependiendo de qu\u00e9 tan r\u00e1pido iba el motociclista.<\/li>\n<li><strong>Accidentes de giro a la izquierda.<\/strong> Los conductores que no controlen cuidadosamente su entorno mientras giran podr\u00edan chocar con un motociclista que est\u00e1 tratando de pasar. El ciclista puede sufrir lesiones de moderadas a graves dependiendo de qu\u00e9 tan r\u00e1pido iba antes del impacto.<\/li>\n<li><strong>Divisi\u00f3n de carriles.&nbsp;<\/strong>A menudo se ve a los motociclistas haciendo esto cuando intentan ganarle al tr\u00e1fico o simplemente para adelantar a los veh\u00edculos que van delante de ellos. Sin embargo, se est\u00e1n poniendo en peligro, especialmente si est\u00e1n en el punto ciego del conductor. Es posible que los conductores no se den cuenta del motociclista y hagan un cambio de carril o un giro que podr\u00eda resultar en una colisi\u00f3n.<\/li>\n<li><strong>Paradas repentinas.<\/strong> Las paradas repentinas son dif\u00edciles de evitar si el motociclista est\u00e1 acelerando. Tendr\u00e1n menos tiempo para reaccionar sin sufrir da\u00f1os. Si un motociclista est\u00e1 acelerando en la carretera y un autom\u00f3vil delante de \u00e9l se detiene bruscamente, puede crear un fuerte impacto entre los dos veh\u00edculos.<\/li>\n<li><strong>Peligros de la carretera.&nbsp;<\/strong>Es importante estar atento a los peligros de la carretera, como baches, pavimento defectuoso, escombros o malas condiciones clim\u00e1ticas. El no hacerlo puede causar graves da\u00f1os al motociclista ya que no cuenta con la protecci\u00f3n necesaria para evitar sufrir lesiones graves.<\/li>\n<li><strong>Motos defectuosas.<\/strong> Las consecuencias comunes de las motocicletas fabricadas incorrectamente incluyen un mal funcionamiento repentino y\/o tener poco o ning\u00fan control sobre el veh\u00edculo.<\/li>\n<\/ul>\n<h2><strong>Qu\u00e9 hacer despu\u00e9s de un accidente de motocicleta<\/strong><\/h2>\n<p>Aqu\u00ed hay algunos consejos \u00fatiles sobre lo que debe hacer despu\u00e9s de verse involucrado en un accidente de motocicleta:<\/p>\n<ul>\n<li><strong>Ponte a salvo.<\/strong> Si puede moverse f\u00edsicamente, intente salirse de la carretera y busque un \u00e1rea segura cerca.<\/li>\n<li><strong>Llame al 911.&nbsp;<\/strong>Si nota lesiones o da\u00f1os, debe comunicarse con la polic\u00eda de inmediato. La polic\u00eda llegar\u00e1 al lugar del accidente y realizar\u00e1 un informe policial oficial. Los param\u00e9dicos tambi\u00e9n pueden estar presentes para brindar asistencia m\u00e9dica inmediata a quienes la necesiten.<\/li>\n<li><strong>Reunir evidencias.&nbsp;<\/strong>Trate de obtener tanta evidencia como pueda para tener un caso convincente. Esto incluye:\n<ul>\n<li>Tomar evidencia fotogr\u00e1fica de sus lesiones, da\u00f1os y la ubicaci\u00f3n del lugar donde ocurri\u00f3 el accidente.<\/li>\n<li>Anotando lo sucedido. Aseg\u00farate de mencionar la fecha y la hora de cada evento que incluyas.<\/li>\n<li>Obtener informaci\u00f3n sobre los testigos que aceptaron involucrarse en su caso. Aseg\u00farese de anotar su(s) nombre(s) y n\u00famero(s) de tel\u00e9fono.<\/li>\n<li>Registros m\u00e9dicos relacionados con su lesi\u00f3n que fue causada por el accidente.<\/li>\n<li>Adquirir el nombre o los nombres de los agentes de polic\u00eda y los n\u00fameros de placa de polic\u00eda. Aseg\u00farese de solicitar tambi\u00e9n una copia del informe policial oficial.<\/li>\n<\/ul>\n<\/li>\n<li><strong>Busque tratamiento m\u00e9dico.<\/strong> Debe ser revisado por un experto m\u00e9dico despu\u00e9s de verse involucrado en un accidente de motocicleta, independientemente de cu\u00e1n leve pueda parecer su lesi\u00f3n. Siempre es una buena idea permanecer en el lado seguro y hacerse un chequeo en caso de que haya alg\u00fan problema con su salud.<\/li>\n<li><strong>P\u00f3ngase en contacto con un abogado de accidentes de motocicleta.<\/strong> El abogado lo ayudar\u00e1 fortaleciendo su reclamo, negociando con las compa\u00f1\u00edas de seguros y obteniendo la compensaci\u00f3n que merece por sus p\u00e9rdidas, incluidas las facturas m\u00e9dicas, da\u00f1os a la propiedad, salarios perdidos, dolor y sufrimiento, y m\u00e1s.<\/li>\n<\/ul>\n<h2><strong>Cont\u00e1ctenos<\/strong><\/h2>\n<p>Si usted o un ser querido estuvieron involucrados en un accidente de motocicleta, West Coast Trial Lawyers tiene abogados con experiencia en accidentes de motocicleta en Glendale que est\u00e1n disponibles para brindarle asistencia legal.<\/p>\n<p>&nbsp;&nbsp;Para programar una consulta gratuita y sin compromiso, comun\u00edquese con nuestro equipo legal las 24 horas del d\u00eda, los 7 d\u00edas de la semana llamando al&nbsp;<strong>213-927-3700<\/strong> o enviando un correo electr\u00f3nico a<strong>&nbsp;<\/strong><a href=\"mailto:info@westcoasttriallawyers.com\"><strong>info@westcoasttriallawyers.com<\/strong><\/a><strong>.&nbsp;<\/strong><br \/>\n<!-- WCTL_DEBUG: no shortcode in this_content --><\/p>\n","protected":false},"excerpt":{"rendered":"<p>Tipos comunes de accidentes de motocicleta y qu\u00e9 debe hacer despu\u00e9s de uno para fortalecer su reclamo Dado que una motocicleta se instala a altas velocidades y tiene poca o ninguna protecci\u00f3n disponible para los motociclistas, es probable que ocurran accidentes. Es importante que un motociclista sea educado sobre c\u00f3mo usar correctamente este veh\u00edculo. Tambi\u00e9n [&hellip;]<\/p>\n","protected":false},"author":475,"featured_media":45694,"parent":47286,"menu_order":0,"comment_status":"closed","ping_status":"closed","template":"","meta":{"inline_featured_image":false,"footnotes":""},"class_list":["post-13030","page","type-page","status-publish","has-post-thumbnail","hentry"],"acf":[],"yoast_head":"<!-- This site is optimized with the Yoast SEO Premium plugin v26.0 (Yoast SEO v26.0) - https:\/\/yoast.com\/wordpress\/plugins\/seo\/ -->\n<title>Abogado de accidentes de motocicleta en Glendale\u00a0 | West Coast Trial Lawyers<\/title>\n<meta name=\"robots\" content=\"index, follow, max-snippet:-1, max-image-preview:large, max-video-preview:-1\" \/>\n<link rel=\"canonical\" href=\"https:\/\/westcoasttriallawyers.com\/es\/california\/glendale\/abogado-de-accidentes-de-motocicleta-en-glendale\" \/>\n<meta property=\"og:locale\" content=\"es_ES\" \/>\n<meta property=\"og:type\" content=\"article\" \/>\n<meta property=\"og:title\" content=\"Abogado de accidentes de motocicleta en Glendale\u00a0\" \/>\n<meta property=\"og:description\" content=\"Tipos comunes de accidentes de motocicleta y qu\u00e9 debe hacer despu\u00e9s de uno para fortalecer su reclamo Dado que una motocicleta se instala a altas velocidades y tiene poca o ninguna protecci\u00f3n disponible para los motociclistas, es probable que ocurran accidentes. Es importante que un motociclista sea educado sobre c\u00f3mo usar correctamente este veh\u00edculo. Tambi\u00e9n [&hellip;]\" \/>\n<meta property=\"og:url\" content=\"https:\/\/westcoasttriallawyers.com\/es\/california\/glendale\/abogado-de-accidentes-de-motocicleta-en-glendale\" \/>\n<meta property=\"og:site_name\" content=\"West Coast Trial Lawyers\" \/>\n<meta property=\"article:publisher\" content=\"https:\/\/www.facebook.com\/westcoasttriallawyers\/\" \/>\n<meta property=\"article:modified_time\" content=\"2026-01-21T11:19:21+00:00\" \/>\n<meta property=\"og:image\" content=\"https:\/\/westcoasttriallawyers.com\/wp-content\/uploads\/2025\/07\/Glendale-7.webp\" \/>\n\t<meta property=\"og:image:width\" content=\"557\" \/>\n\t<meta property=\"og:image:height\" content=\"327\" \/>\n\t<meta property=\"og:image:type\" content=\"image\/webp\" \/>\n<meta name=\"twitter:card\" content=\"summary_large_image\" \/>\n<meta name=\"twitter:site\" content=\"@WestCoastTrial\" \/>\n<meta name=\"twitter:label1\" content=\"Tiempo de lectura\" \/>\n\t<meta name=\"twitter:data1\" content=\"5 minutos\" \/>\n<script type=\"application\/ld+json\" class=\"yoast-schema-graph\">{\"@context\":\"https:\/\/schema.org\",\"@graph\":[{\"@type\":[\"WebPage\",\"ItemPage\"],\"@id\":\"https:\/\/westcoasttriallawyers.com\/es\/california\/glendale\/abogado-de-accidentes-de-motocicleta-en-glendale\",\"url\":\"https:\/\/westcoasttriallawyers.com\/es\/california\/glendale\/abogado-de-accidentes-de-motocicleta-en-glendale\",\"name\":\"Abogado de accidentes de motocicleta en Glendale\u00a0 | West Coast Trial Lawyers\",\"isPartOf\":{\"@id\":\"https:\/\/westcoasttriallawyers.com\/es#website\"},\"primaryImageOfPage\":{\"@id\":\"https:\/\/westcoasttriallawyers.com\/es\/california\/glendale\/abogado-de-accidentes-de-motocicleta-en-glendale#primaryimage\"},\"image\":{\"@id\":\"https:\/\/westcoasttriallawyers.com\/es\/california\/glendale\/abogado-de-accidentes-de-motocicleta-en-glendale#primaryimage\"},\"thumbnailUrl\":\"https:\/\/westcoasttriallawyers.com\/wp-content\/uploads\/2025\/07\/Glendale-7.webp\",\"datePublished\":\"2026-01-13T23:06:39+00:00\",\"dateModified\":\"2026-01-21T11:19:21+00:00\",\"breadcrumb\":{\"@id\":\"https:\/\/westcoasttriallawyers.com\/es\/california\/glendale\/abogado-de-accidentes-de-motocicleta-en-glendale#breadcrumb\"},\"inLanguage\":\"es\",\"potentialAction\":[{\"@type\":\"ReadAction\",\"target\":[\"https:\/\/westcoasttriallawyers.com\/es\/california\/glendale\/abogado-de-accidentes-de-motocicleta-en-glendale\"]}]},{\"@type\":\"ImageObject\",\"inLanguage\":\"es\",\"@id\":\"https:\/\/westcoasttriallawyers.com\/es\/california\/glendale\/abogado-de-accidentes-de-motocicleta-en-glendale#primaryimage\",\"url\":\"https:\/\/westcoasttriallawyers.com\/wp-content\/uploads\/2025\/07\/Glendale-7.webp\",\"contentUrl\":\"https:\/\/westcoasttriallawyers.com\/wp-content\/uploads\/2025\/07\/Glendale-7.webp\",\"width\":557,\"height\":327},{\"@type\":\"BreadcrumbList\",\"@id\":\"https:\/\/westcoasttriallawyers.com\/es\/california\/glendale\/abogado-de-accidentes-de-motocicleta-en-glendale#breadcrumb\",\"itemListElement\":[{\"@type\":\"ListItem\",\"position\":1,\"name\":\"Inicio\",\"item\":\"https:\/\/westcoasttriallawyers.com\/es\"},{\"@type\":\"ListItem\",\"position\":2,\"name\":\"California\",\"item\":\"https:\/\/westcoasttriallawyers.com\/es\/california\"},{\"@type\":\"ListItem\",\"position\":3,\"name\":\"Glendale\",\"item\":\"https:\/\/westcoasttriallawyers.com\/es\/california\/glendale\"},{\"@type\":\"ListItem\",\"position\":4,\"name\":\"Abogado de accidentes de motocicleta en Glendale\u00a0\"}]},{\"@type\":\"WebSite\",\"@id\":\"https:\/\/westcoasttriallawyers.com\/es#website\",\"url\":\"https:\/\/westcoasttriallawyers.com\/es\",\"name\":\"West Coast Trial Lawyers\",\"description\":\"West Coast Trial Lawyers\",\"publisher\":{\"@id\":\"https:\/\/westcoasttriallawyers.com\/es#organization\"},\"alternateName\":\"WCTL\",\"potentialAction\":[{\"@type\":\"SearchAction\",\"target\":{\"@type\":\"EntryPoint\",\"urlTemplate\":\"https:\/\/westcoasttriallawyers.com\/es?s={search_term_string}\"},\"query-input\":{\"@type\":\"PropertyValueSpecification\",\"valueRequired\":true,\"valueName\":\"search_term_string\"}}],\"inLanguage\":\"es\"},{\"@type\":\"Organization\",\"@id\":\"https:\/\/westcoasttriallawyers.com\/es#organization\",\"name\":\"West Coast Trial Lawyers\",\"alternateName\":\"WCTL\",\"url\":\"https:\/\/westcoasttriallawyers.com\/es\",\"logo\":{\"@type\":\"ImageObject\",\"inLanguage\":\"es\",\"@id\":\"https:\/\/westcoasttriallawyers.com\/es#\/schema\/logo\/image\/\",\"url\":\"https:\/\/westcoasttriallawyers.com\/wp-content\/uploads\/2026\/02\/WCTL-Logo.jpg\",\"contentUrl\":\"https:\/\/westcoasttriallawyers.com\/wp-content\/uploads\/2026\/02\/WCTL-Logo.jpg\",\"width\":696,\"height\":696,\"caption\":\"West Coast Trial Lawyers\"},\"image\":{\"@id\":\"https:\/\/westcoasttriallawyers.com\/es#\/schema\/logo\/image\/\"},\"sameAs\":[\"https:\/\/www.facebook.com\/westcoasttriallawyers\/\",\"https:\/\/x.com\/WestCoastTrial\",\"https:\/\/www.linkedin.com\/company\/west-coast-trial-lawyers\/\",\"https:\/\/www.instagram.com\/westcoasttriallawyers\/\",\"https:\/\/www.yelp.com\/biz\/west-coast-trial-lawyers-los-angeles-2\",\"https:\/\/www.pinterest.com\/westcoasttrial\/\",\"https:\/\/www.youtube.com\/westcoasttriallawyersla\/\",\"https:\/\/www.tiktok.com\/westcoasttriallawyers\"],\"description\":\"West Coast Trial Lawyers is a top-rated personal injury law firm with a goal to provide expert legal representation to those in need. The law firm has offices across California, Nevada, Arizona, and Washington.\",\"legalName\":\"West Coast Trial Lawyers\"}]}<\/script>\n<!-- \/ Yoast SEO Premium plugin. -->","yoast_head_json":{"title":"Abogado de accidentes de motocicleta en Glendale\u00a0 | West Coast Trial Lawyers","robots":{"index":"index","follow":"follow","max-snippet":"max-snippet:-1","max-image-preview":"max-image-preview:large","max-video-preview":"max-video-preview:-1"},"canonical":"https:\/\/westcoasttriallawyers.com\/es\/california\/glendale\/abogado-de-accidentes-de-motocicleta-en-glendale","og_locale":"es_ES","og_type":"article","og_title":"Abogado de accidentes de motocicleta en Glendale\u00a0","og_description":"Tipos comunes de accidentes de motocicleta y qu\u00e9 debe hacer despu\u00e9s de uno para fortalecer su reclamo Dado que una motocicleta se instala a altas velocidades y tiene poca o ninguna protecci\u00f3n disponible para los motociclistas, es probable que ocurran accidentes. Es importante que un motociclista sea educado sobre c\u00f3mo usar correctamente este veh\u00edculo. Tambi\u00e9n [&hellip;]","og_url":"https:\/\/westcoasttriallawyers.com\/es\/california\/glendale\/abogado-de-accidentes-de-motocicleta-en-glendale","og_site_name":"West Coast Trial Lawyers","article_publisher":"https:\/\/www.facebook.com\/westcoasttriallawyers\/","article_modified_time":"2026-01-21T11:19:21+00:00","og_image":[{"width":557,"height":327,"url":"https:\/\/westcoasttriallawyers.com\/wp-content\/uploads\/2025\/07\/Glendale-7.webp","type":"image\/webp"}],"twitter_card":"summary_large_image","twitter_site":"@WestCoastTrial","twitter_misc":{"Tiempo de lectura":"5 minutos"},"schema":{"@context":"https:\/\/schema.org","@graph":[{"@type":["WebPage","ItemPage"],"@id":"https:\/\/westcoasttriallawyers.com\/es\/california\/glendale\/abogado-de-accidentes-de-motocicleta-en-glendale","url":"https:\/\/westcoasttriallawyers.com\/es\/california\/glendale\/abogado-de-accidentes-de-motocicleta-en-glendale","name":"Abogado de accidentes de motocicleta en Glendale\u00a0 | West Coast Trial Lawyers","isPartOf":{"@id":"https:\/\/westcoasttriallawyers.com\/es#website"},"primaryImageOfPage":{"@id":"https:\/\/westcoasttriallawyers.com\/es\/california\/glendale\/abogado-de-accidentes-de-motocicleta-en-glendale#primaryimage"},"image":{"@id":"https:\/\/westcoasttriallawyers.com\/es\/california\/glendale\/abogado-de-accidentes-de-motocicleta-en-glendale#primaryimage"},"thumbnailUrl":"https:\/\/westcoasttriallawyers.com\/wp-content\/uploads\/2025\/07\/Glendale-7.webp","datePublished":"2026-01-13T23:06:39+00:00","dateModified":"2026-01-21T11:19:21+00:00","breadcrumb":{"@id":"https:\/\/westcoasttriallawyers.com\/es\/california\/glendale\/abogado-de-accidentes-de-motocicleta-en-glendale#breadcrumb"},"inLanguage":"es","potentialAction":[{"@type":"ReadAction","target":["https:\/\/westcoasttriallawyers.com\/es\/california\/glendale\/abogado-de-accidentes-de-motocicleta-en-glendale"]}]},{"@type":"ImageObject","inLanguage":"es","@id":"https:\/\/westcoasttriallawyers.com\/es\/california\/glendale\/abogado-de-accidentes-de-motocicleta-en-glendale#primaryimage","url":"https:\/\/westcoasttriallawyers.com\/wp-content\/uploads\/2025\/07\/Glendale-7.webp","contentUrl":"https:\/\/westcoasttriallawyers.com\/wp-content\/uploads\/2025\/07\/Glendale-7.webp","width":557,"height":327},{"@type":"BreadcrumbList","@id":"https:\/\/westcoasttriallawyers.com\/es\/california\/glendale\/abogado-de-accidentes-de-motocicleta-en-glendale#breadcrumb","itemListElement":[{"@type":"ListItem","position":1,"name":"Inicio","item":"https:\/\/westcoasttriallawyers.com\/es"},{"@type":"ListItem","position":2,"name":"California","item":"https:\/\/westcoasttriallawyers.com\/es\/california"},{"@type":"ListItem","position":3,"name":"Glendale","item":"https:\/\/westcoasttriallawyers.com\/es\/california\/glendale"},{"@type":"ListItem","position":4,"name":"Abogado de accidentes de motocicleta en Glendale\u00a0"}]},{"@type":"WebSite","@id":"https:\/\/westcoasttriallawyers.com\/es#website","url":"https:\/\/westcoasttriallawyers.com\/es","name":"West Coast Trial Lawyers","description":"West Coast Trial Lawyers","publisher":{"@id":"https:\/\/westcoasttriallawyers.com\/es#organization"},"alternateName":"WCTL","potentialAction":[{"@type":"SearchAction","target":{"@type":"EntryPoint","urlTemplate":"https:\/\/westcoasttriallawyers.com\/es?s={search_term_string}"},"query-input":{"@type":"PropertyValueSpecification","valueRequired":true,"valueName":"search_term_string"}}],"inLanguage":"es"},{"@type":"Organization","@id":"https:\/\/westcoasttriallawyers.com\/es#organization","name":"West Coast Trial Lawyers","alternateName":"WCTL","url":"https:\/\/westcoasttriallawyers.com\/es","logo":{"@type":"ImageObject","inLanguage":"es","@id":"https:\/\/westcoasttriallawyers.com\/es#\/schema\/logo\/image\/","url":"https:\/\/westcoasttriallawyers.com\/wp-content\/uploads\/2026\/02\/WCTL-Logo.jpg","contentUrl":"https:\/\/westcoasttriallawyers.com\/wp-content\/uploads\/2026\/02\/WCTL-Logo.jpg","width":696,"height":696,"caption":"West Coast Trial Lawyers"},"image":{"@id":"https:\/\/westcoasttriallawyers.com\/es#\/schema\/logo\/image\/"},"sameAs":["https:\/\/www.facebook.com\/westcoasttriallawyers\/","https:\/\/x.com\/WestCoastTrial","https:\/\/www.linkedin.com\/company\/west-coast-trial-lawyers\/","https:\/\/www.instagram.com\/westcoasttriallawyers\/","https:\/\/www.yelp.com\/biz\/west-coast-trial-lawyers-los-angeles-2","https:\/\/www.pinterest.com\/westcoasttrial\/","https:\/\/www.youtube.com\/westcoasttriallawyersla\/","https:\/\/www.tiktok.com\/westcoasttriallawyers"],"description":"West Coast Trial Lawyers is a top-rated personal injury law firm with a goal to provide expert legal representation to those in need. The law firm has offices across California, Nevada, Arizona, and Washington.","legalName":"West Coast Trial Lawyers"}]}},"_links":{"self":[{"href":"https:\/\/westcoasttriallawyers.com\/es\/wp-json\/wp\/v2\/pages\/13030","targetHints":{"allow":["GET"]}}],"collection":[{"href":"https:\/\/westcoasttriallawyers.com\/es\/wp-json\/wp\/v2\/pages"}],"about":[{"href":"https:\/\/westcoasttriallawyers.com\/es\/wp-json\/wp\/v2\/types\/page"}],"author":[{"embeddable":true,"href":"https:\/\/westcoasttriallawyers.com\/es\/wp-json\/wp\/v2\/users\/475"}],"replies":[{"embeddable":true,"href":"https:\/\/westcoasttriallawyers.com\/es\/wp-json\/wp\/v2\/comments?post=13030"}],"version-history":[{"count":4,"href":"https:\/\/westcoasttriallawyers.com\/es\/wp-json\/wp\/v2\/pages\/13030\/revisions"}],"predecessor-version":[{"id":47638,"href":"https:\/\/westcoasttriallawyers.com\/es\/wp-json\/wp\/v2\/pages\/13030\/revisions\/47638"}],"up":[{"embeddable":true,"href":"https:\/\/westcoasttriallawyers.com\/es\/wp-json\/wp\/v2\/pages\/47286"}],"wp:featuredmedia":[{"embeddable":true,"href":"https:\/\/westcoasttriallawyers.com\/es\/wp-json\/wp\/v2\/media\/45694"}],"wp:attachment":[{"href":"https:\/\/westcoasttriallawyers.com\/es\/wp-json\/wp\/v2\/media?parent=13030"}],"curies":[{"name":"wp","href":"https:\/\/api.w.org\/{rel}","templated":true}]}}