{"id":13020,"date":"2026-01-13T23:06:41","date_gmt":"2026-01-13T23:06:41","guid":{"rendered":"https:\/\/wctl1stg.wpengine.com\/?page_id=13020"},"modified":"2026-01-23T19:06:29","modified_gmt":"2026-01-23T19:06:29","slug":"abogados-accidentes-medula-espinal-glendale","status":"publish","type":"page","link":"https:\/\/westcoasttriallawyers.com\/es\/california\/glendale\/abogados-accidentes-medula-espinal-glendale","title":{"rendered":"Abogados especializados en lesiones de la m\u00e9dula espinal de Glendale\u00a0"},"content":{"rendered":"<h2><strong>\u00bfQu\u00e9 factores pueden causar una lesi\u00f3n de la m\u00e9dula espinal y c\u00f3mo se puede prevenir?<\/strong><\/h2>\n<p>Las lesiones de la m\u00e9dula espinal son causadas por una variedad de factores, que incluyen accidentes automovil\u00edsticos, accidentes de motocicleta y accidentes de bicicleta. Cada uno de estos elementos tiene un denominador com\u00fan, que es la negligencia. La negligencia puede ser provocada por un individuo, un grupo de personas, una entidad o incluso un fabricante o distribuidor de productos.<\/p>\n<p>En West Coast Trial Lawyers, contamos con abogados especializados en lesiones de la m\u00e9dula espinal en Glendale con m\u00e1s de 60 a\u00f1os de experiencia legal colectiva en el manejo de casos de lesiones personales. Nuestro equipo gan\u00f3 m\u00e1s de 5000 casos y adquiri\u00f3 m\u00e1s de $1000 millones en acuerdos para nuestros clientes. Debido a nuestros logros, hemos sido clasificados como uno de los mejores bufetes de abogados de lesiones personales en Glendale.<\/p>\n<p>Para programar una consulta gratuita y sin compromiso en nuestro bufete de abogados de lesiones personales de Glendale, comun\u00edquese con nuestro equipo legal las 24 horas, los 7 d\u00edas de la semana llamando al\u00a0<strong>213-927-3700<\/strong> o enviando un correo electr\u00f3nico a\u00a0<a href=\"mailto:info@westcoasttriallawyers.com\"><strong>info@westcoasttriallawyers.com<\/strong><\/a><strong>.\u00a0<\/strong><\/p>\n<h2><strong>Causas comunes de una lesi\u00f3n de la m\u00e9dula espinal<\/strong><\/h2>\n<p>Las causas comunes de una lesi\u00f3n de la m\u00e9dula espinal incluyen:<\/p>\n<ul>\n<li><strong>Cay\u00e9ndose.<\/strong> Alrededor del 31 por ciento de las lesiones de la m\u00e9dula espinal son causadas por una ca\u00edda. Un accidente de resbal\u00f3n y ca\u00edda se aplica principalmente a personas mayores de 65 a\u00f1os. A medida que las personas envejecen, comienzan a desarrollar problemas de salud que las hacen m\u00e1s vulnerables a resbalones y ca\u00eddas. Esto incluye mala postura, huesos m\u00e1s d\u00e9biles, reacciones lentas, visi\u00f3n borrosa y efectos secundarios de los medicamentos que les dificultan moverse.<\/li>\n<li><strong>Accidentes de motocicleta.<\/strong> El 38 por ciento de las lesiones de la m\u00e9dula espinal son causadas por un accidente de motocicleta. Debido a la falta de protecci\u00f3n que brinda una motocicleta, un conductor puede sufrir lesiones graves, que incluyen da\u00f1o cerebral, lesi\u00f3n de la m\u00e9dula espinal y par\u00e1lisis.<\/li>\n<li><strong>Actividades deportivas.<\/strong> Alrededor del 10 por ciento de las lesiones de la m\u00e9dula espinal son causadas por actividades relacionadas con el deporte. Sin el equipo de protecci\u00f3n adecuado, las posibilidades de una lesi\u00f3n son muy probables. Los deportes que aumentan las posibilidades de una lesi\u00f3n de la m\u00e9dula espinal incluyen el f\u00fatbol, \u200b\u200bel esqu\u00ed, el buceo y el hockey.<\/li>\n<li><strong>Violencia f\u00edsica.<\/strong> Casi el 13 por ciento de las lesiones de la m\u00e9dula espinal est\u00e1n relacionadas con la violencia f\u00edsica, incluidos los disparos y las heridas con cuchillo. Los efectos pueden durar de forma temporal o permanente, seg\u00fan la gravedad de la lesi\u00f3n. La fisioterapia generalmente se recomienda para ayudar al paciente a recuperar la capacidad de controlar sus brazos y\/o piernas.<\/li>\n<li><strong>Alcohol.<\/strong> Los conductores que est\u00e1n bajo la influencia del alcohol son incapaces de conducir correctamente un autom\u00f3vil. Dado que el alcohol puede oscurecer su visi\u00f3n y hacer que pierda la conciencia de su entorno, puede correr un alto riesgo de colisionar con otro veh\u00edculo o peat\u00f3n cercano. Hablando de peatones, si est\u00e1 intoxicado mientras camina, es posible que le resulte dif\u00edcil tratar de mantener el equilibrio y se caiga con m\u00e1s frecuencia de lo habitual.<\/li>\n<li><strong>Enfermedades.<\/strong> Los tipos comunes de enfermedades que aumentan las posibilidades de una lesi\u00f3n de la m\u00e9dula espinal son:\n<ul>\n<li><strong>Osteoporosis.<\/strong> Dado que esta enfermedad debilita los huesos, lo pondr\u00e1 en un alto riesgo de sufrir una fractura \u00f3sea, independientemente de la gravedad de su accidente de resbal\u00f3n y ca\u00edda.<\/li>\n<li><strong>C\u00e1ncer.<\/strong> Aquellos que tienen c\u00e1ncer pueden heredar un tumor de la m\u00e9dula espinal en o alrededor de la columna. Esto har\u00e1 que el individuo tenga m\u00fasculos d\u00e9biles, falta de control de la vejiga o los intestinos y\/o p\u00e9rdida de sensibilidad en ciertas \u00e1reas del cuerpo.<\/li>\n<li>Inflamaci\u00f3n en la m\u00e9dula espinal.<\/li>\n<\/ul>\n<\/li>\n<\/ul>\n<h2><strong>Factores de riesgo de una lesi\u00f3n de la m\u00e9dula espinal<\/strong><\/h2>\n<p>La lesi\u00f3n de la m\u00e9dula espinal puede ser causada por un accidente, una enfermedad o violencia f\u00edsica. Sin embargo, existen otros factores que pueden aumentar las posibilidades de sufrir uno. Esto incluye:<\/p>\n<ul>\n<li><strong>Ser hombre.<\/strong> En los Estados Unidos, m\u00e1s hombres que mujeres han sufrido una lesi\u00f3n en la m\u00e9dula espinal. Solo alrededor del 20 por ciento de las mujeres han sufrido una lesi\u00f3n traum\u00e1tica de la m\u00e9dula espinal, mientras que el 80 por ciento restante eran hombres.<\/li>\n<li><strong>Personas f\u00edsicas de 16 a 30 a\u00f1os.<\/strong> Alrededor del 48 por ciento de las personas en este grupo de edad han experimentado una lesi\u00f3n en la m\u00e9dula espinal debido a acciones imprudentes. Las causas comunes incluyen:\n<ul>\n<li>Buceo en una piscina poco profunda.<\/li>\n<li>No usar equipo de protecci\u00f3n cuando practique un deporte u opere un veh\u00edculo, como un e-scooter.<\/li>\n<li>Conducir temerariamente en la carretera.<\/li>\n<\/ul>\n<\/li>\n<li><strong>Trastornos \u00f3seos o articulares.<\/strong> Cualquier trastorno que afecte sus huesos puede hacerlo m\u00e1s propenso a una lesi\u00f3n de la m\u00e9dula espinal. Esto incluye ser diagnosticado con osteoporosis o artritis.<\/li>\n<\/ul>\n<h2><strong>Prevenci\u00f3n<\/strong><\/h2>\n<p>Para evitar los factores de riesgo de una lesi\u00f3n de la m\u00e9dula espinal, debe:<\/p>\n<ul>\n<li><strong>Conducir con seguridad en la carretera.<\/strong> Mant\u00e9n la vista en la carretera y aseg\u00farate de ser plenamente consciente de tu entorno. Use su cintur\u00f3n de seguridad antes de conducir su autom\u00f3vil. No preste atenci\u00f3n ni se concentre en su tel\u00e9fono celular a menos que lo est\u00e9 usando como manos libres para hacer llamadas. Por \u00faltimo, evite beber y conducir. No solo se pondr\u00e1 en peligro, sino que tambi\u00e9n puede da\u00f1ar a otros conductores y peatones cercanos.<\/li>\n<li><strong>Use equipo de protecci\u00f3n cuando practique deportes.<\/strong> Se recomienda encarecidamente que use equipo de seguridad para protegerse de romperse un hueso en su cuerpo.<\/li>\n<li><strong>Verifique los niveles de agua antes de zambullirse.<\/strong> Antes de decidir saltar a la piscina, aseg\u00farese de verificar qu\u00e9 tan profundo es el nivel del agua.<\/li>\n<li><strong>Evita que ocurran ca\u00eddas.<\/strong> Instale pasamanos en su escalera para que pueda sujetarse mientras sube o baja las escaleras. Esto disminuir\u00e1 la probabilidad de un resbal\u00f3n y una ca\u00edda. Tambi\u00e9n debe colocar un tapete cerca de la ba\u00f1era o la ducha para evitar resbalones en el agua.<\/li>\n<\/ul>\n<h2><strong>Cont\u00e1ctenos<\/strong><\/h2>\n<p>Si sufre una lesi\u00f3n en la m\u00e9dula espinal y desea demandar a la parte culpable por sus p\u00e9rdidas, los abogados litigantes de la costa oeste lo ayudar\u00e1n a obtener la m\u00e1xima compensaci\u00f3n financiera y emocional que se merece.<\/p>\n<p>Para programar una consulta gratuita en nuestro bufete de abogados de lesiones personales de Glendale, comun\u00edquese con nuestro personal legal las 24 horas, los 7 d\u00edas de la semana llamando al\u00a0<strong>213-927-3700<\/strong> o enviando un correo electr\u00f3nico a\u00a0<a href=\"mailto:info@westcoasttriallawyers.com\"><strong>info@westcoasttriallawyers.com<\/strong><\/a><strong>.\u00a0<\/strong><br \/>\n<!-- WCTL_DEBUG: no shortcode in this_content --><\/p>\n","protected":false},"excerpt":{"rendered":"<p>\u00bfQu\u00e9 factores pueden causar una lesi\u00f3n de la m\u00e9dula espinal y c\u00f3mo se puede prevenir? Las lesiones de la m\u00e9dula espinal son causadas por una variedad de factores, que incluyen accidentes automovil\u00edsticos, accidentes de motocicleta y accidentes de bicicleta. Cada uno de estos elementos tiene un denominador com\u00fan, que es la negligencia. La negligencia puede [&hellip;]<\/p>\n","protected":false},"author":475,"featured_media":45704,"parent":47286,"menu_order":0,"comment_status":"closed","ping_status":"closed","template":"","meta":{"inline_featured_image":false,"footnotes":""},"class_list":["post-13020","page","type-page","status-publish","has-post-thumbnail","hentry"],"acf":[],"yoast_head":"<!-- This site is optimized with the Yoast SEO Premium plugin v26.0 (Yoast SEO v26.0) - https:\/\/yoast.com\/wordpress\/plugins\/seo\/ -->\n<title>Abogados especializados en lesiones de la m\u00e9dula espinal de Glendale\u00a0 | West Coast Trial Lawyers<\/title>\n<meta name=\"robots\" content=\"index, follow, max-snippet:-1, max-image-preview:large, max-video-preview:-1\" \/>\n<link rel=\"canonical\" href=\"https:\/\/westcoasttriallawyers.com\/es\/california\/glendale\/abogados-accidentes-medula-espinal-glendale\" \/>\n<meta property=\"og:locale\" content=\"es_ES\" \/>\n<meta property=\"og:type\" content=\"article\" \/>\n<meta property=\"og:title\" content=\"Abogados especializados en lesiones de la m\u00e9dula espinal de Glendale\u00a0\" \/>\n<meta property=\"og:description\" content=\"\u00bfQu\u00e9 factores pueden causar una lesi\u00f3n de la m\u00e9dula espinal y c\u00f3mo se puede prevenir? Las lesiones de la m\u00e9dula espinal son causadas por una variedad de factores, que incluyen accidentes automovil\u00edsticos, accidentes de motocicleta y accidentes de bicicleta. Cada uno de estos elementos tiene un denominador com\u00fan, que es la negligencia. La negligencia puede [&hellip;]\" \/>\n<meta property=\"og:url\" content=\"https:\/\/westcoasttriallawyers.com\/es\/california\/glendale\/abogados-accidentes-medula-espinal-glendale\" \/>\n<meta property=\"og:site_name\" content=\"West Coast Trial Lawyers\" \/>\n<meta property=\"article:publisher\" content=\"https:\/\/www.facebook.com\/westcoasttriallawyers\/\" \/>\n<meta property=\"article:modified_time\" content=\"2026-01-23T19:06:29+00:00\" \/>\n<meta property=\"og:image\" content=\"https:\/\/westcoasttriallawyers.com\/wp-content\/uploads\/2025\/07\/Glendale-11.webp\" \/>\n\t<meta property=\"og:image:width\" content=\"557\" \/>\n\t<meta property=\"og:image:height\" content=\"327\" \/>\n\t<meta property=\"og:image:type\" content=\"image\/webp\" \/>\n<meta name=\"twitter:card\" content=\"summary_large_image\" \/>\n<meta name=\"twitter:site\" content=\"@WestCoastTrial\" \/>\n<meta name=\"twitter:label1\" content=\"Tiempo de lectura\" \/>\n\t<meta name=\"twitter:data1\" content=\"5 minutos\" \/>\n<script type=\"application\/ld+json\" class=\"yoast-schema-graph\">{\"@context\":\"https:\/\/schema.org\",\"@graph\":[{\"@type\":[\"WebPage\",\"ItemPage\"],\"@id\":\"https:\/\/westcoasttriallawyers.com\/es\/california\/glendale\/abogados-accidentes-medula-espinal-glendale\",\"url\":\"https:\/\/westcoasttriallawyers.com\/es\/california\/glendale\/abogados-accidentes-medula-espinal-glendale\",\"name\":\"Abogados especializados en lesiones de la m\u00e9dula espinal de Glendale\u00a0 | West Coast Trial Lawyers\",\"isPartOf\":{\"@id\":\"https:\/\/westcoasttriallawyers.com\/es#website\"},\"primaryImageOfPage\":{\"@id\":\"https:\/\/westcoasttriallawyers.com\/es\/california\/glendale\/abogados-accidentes-medula-espinal-glendale#primaryimage\"},\"image\":{\"@id\":\"https:\/\/westcoasttriallawyers.com\/es\/california\/glendale\/abogados-accidentes-medula-espinal-glendale#primaryimage\"},\"thumbnailUrl\":\"https:\/\/westcoasttriallawyers.com\/wp-content\/uploads\/2025\/07\/Glendale-11.webp\",\"datePublished\":\"2026-01-13T23:06:41+00:00\",\"dateModified\":\"2026-01-23T19:06:29+00:00\",\"breadcrumb\":{\"@id\":\"https:\/\/westcoasttriallawyers.com\/es\/california\/glendale\/abogados-accidentes-medula-espinal-glendale#breadcrumb\"},\"inLanguage\":\"es\",\"potentialAction\":[{\"@type\":\"ReadAction\",\"target\":[\"https:\/\/westcoasttriallawyers.com\/es\/california\/glendale\/abogados-accidentes-medula-espinal-glendale\"]}]},{\"@type\":\"ImageObject\",\"inLanguage\":\"es\",\"@id\":\"https:\/\/westcoasttriallawyers.com\/es\/california\/glendale\/abogados-accidentes-medula-espinal-glendale#primaryimage\",\"url\":\"https:\/\/westcoasttriallawyers.com\/wp-content\/uploads\/2025\/07\/Glendale-11.webp\",\"contentUrl\":\"https:\/\/westcoasttriallawyers.com\/wp-content\/uploads\/2025\/07\/Glendale-11.webp\",\"width\":557,\"height\":327},{\"@type\":\"BreadcrumbList\",\"@id\":\"https:\/\/westcoasttriallawyers.com\/es\/california\/glendale\/abogados-accidentes-medula-espinal-glendale#breadcrumb\",\"itemListElement\":[{\"@type\":\"ListItem\",\"position\":1,\"name\":\"Inicio\",\"item\":\"https:\/\/westcoasttriallawyers.com\/es\"},{\"@type\":\"ListItem\",\"position\":2,\"name\":\"California\",\"item\":\"https:\/\/westcoasttriallawyers.com\/es\/california\"},{\"@type\":\"ListItem\",\"position\":3,\"name\":\"Glendale\",\"item\":\"https:\/\/westcoasttriallawyers.com\/es\/california\/glendale\"},{\"@type\":\"ListItem\",\"position\":4,\"name\":\"Abogados especializados en lesiones de la m\u00e9dula espinal de Glendale\u00a0\"}]},{\"@type\":\"WebSite\",\"@id\":\"https:\/\/westcoasttriallawyers.com\/es#website\",\"url\":\"https:\/\/westcoasttriallawyers.com\/es\",\"name\":\"West Coast Trial Lawyers\",\"description\":\"West Coast Trial Lawyers\",\"publisher\":{\"@id\":\"https:\/\/westcoasttriallawyers.com\/es#organization\"},\"alternateName\":\"WCTL\",\"potentialAction\":[{\"@type\":\"SearchAction\",\"target\":{\"@type\":\"EntryPoint\",\"urlTemplate\":\"https:\/\/westcoasttriallawyers.com\/es?s={search_term_string}\"},\"query-input\":{\"@type\":\"PropertyValueSpecification\",\"valueRequired\":true,\"valueName\":\"search_term_string\"}}],\"inLanguage\":\"es\"},{\"@type\":\"Organization\",\"@id\":\"https:\/\/westcoasttriallawyers.com\/es#organization\",\"name\":\"West Coast Trial Lawyers\",\"alternateName\":\"WCTL\",\"url\":\"https:\/\/westcoasttriallawyers.com\/es\",\"logo\":{\"@type\":\"ImageObject\",\"inLanguage\":\"es\",\"@id\":\"https:\/\/westcoasttriallawyers.com\/es#\/schema\/logo\/image\/\",\"url\":\"https:\/\/westcoasttriallawyers.com\/wp-content\/uploads\/2026\/02\/WCTL-Logo.jpg\",\"contentUrl\":\"https:\/\/westcoasttriallawyers.com\/wp-content\/uploads\/2026\/02\/WCTL-Logo.jpg\",\"width\":696,\"height\":696,\"caption\":\"West Coast Trial Lawyers\"},\"image\":{\"@id\":\"https:\/\/westcoasttriallawyers.com\/es#\/schema\/logo\/image\/\"},\"sameAs\":[\"https:\/\/www.facebook.com\/westcoasttriallawyers\/\",\"https:\/\/x.com\/WestCoastTrial\",\"https:\/\/www.linkedin.com\/company\/west-coast-trial-lawyers\/\",\"https:\/\/www.instagram.com\/westcoasttriallawyers\/\",\"https:\/\/www.yelp.com\/biz\/west-coast-trial-lawyers-los-angeles-2\",\"https:\/\/www.pinterest.com\/westcoasttrial\/\",\"https:\/\/www.youtube.com\/westcoasttriallawyersla\/\",\"https:\/\/www.tiktok.com\/westcoasttriallawyers\"],\"description\":\"West Coast Trial Lawyers is a top-rated personal injury law firm with a goal to provide expert legal representation to those in need. The law firm has offices across California, Nevada, Arizona, and Washington.\",\"legalName\":\"West Coast Trial Lawyers\"}]}<\/script>\n<!-- \/ Yoast SEO Premium plugin. -->","yoast_head_json":{"title":"Abogados especializados en lesiones de la m\u00e9dula espinal de Glendale\u00a0 | West Coast Trial Lawyers","robots":{"index":"index","follow":"follow","max-snippet":"max-snippet:-1","max-image-preview":"max-image-preview:large","max-video-preview":"max-video-preview:-1"},"canonical":"https:\/\/westcoasttriallawyers.com\/es\/california\/glendale\/abogados-accidentes-medula-espinal-glendale","og_locale":"es_ES","og_type":"article","og_title":"Abogados especializados en lesiones de la m\u00e9dula espinal de Glendale\u00a0","og_description":"\u00bfQu\u00e9 factores pueden causar una lesi\u00f3n de la m\u00e9dula espinal y c\u00f3mo se puede prevenir? Las lesiones de la m\u00e9dula espinal son causadas por una variedad de factores, que incluyen accidentes automovil\u00edsticos, accidentes de motocicleta y accidentes de bicicleta. Cada uno de estos elementos tiene un denominador com\u00fan, que es la negligencia. La negligencia puede [&hellip;]","og_url":"https:\/\/westcoasttriallawyers.com\/es\/california\/glendale\/abogados-accidentes-medula-espinal-glendale","og_site_name":"West Coast Trial Lawyers","article_publisher":"https:\/\/www.facebook.com\/westcoasttriallawyers\/","article_modified_time":"2026-01-23T19:06:29+00:00","og_image":[{"width":557,"height":327,"url":"https:\/\/westcoasttriallawyers.com\/wp-content\/uploads\/2025\/07\/Glendale-11.webp","type":"image\/webp"}],"twitter_card":"summary_large_image","twitter_site":"@WestCoastTrial","twitter_misc":{"Tiempo de lectura":"5 minutos"},"schema":{"@context":"https:\/\/schema.org","@graph":[{"@type":["WebPage","ItemPage"],"@id":"https:\/\/westcoasttriallawyers.com\/es\/california\/glendale\/abogados-accidentes-medula-espinal-glendale","url":"https:\/\/westcoasttriallawyers.com\/es\/california\/glendale\/abogados-accidentes-medula-espinal-glendale","name":"Abogados especializados en lesiones de la m\u00e9dula espinal de Glendale\u00a0 | West Coast Trial Lawyers","isPartOf":{"@id":"https:\/\/westcoasttriallawyers.com\/es#website"},"primaryImageOfPage":{"@id":"https:\/\/westcoasttriallawyers.com\/es\/california\/glendale\/abogados-accidentes-medula-espinal-glendale#primaryimage"},"image":{"@id":"https:\/\/westcoasttriallawyers.com\/es\/california\/glendale\/abogados-accidentes-medula-espinal-glendale#primaryimage"},"thumbnailUrl":"https:\/\/westcoasttriallawyers.com\/wp-content\/uploads\/2025\/07\/Glendale-11.webp","datePublished":"2026-01-13T23:06:41+00:00","dateModified":"2026-01-23T19:06:29+00:00","breadcrumb":{"@id":"https:\/\/westcoasttriallawyers.com\/es\/california\/glendale\/abogados-accidentes-medula-espinal-glendale#breadcrumb"},"inLanguage":"es","potentialAction":[{"@type":"ReadAction","target":["https:\/\/westcoasttriallawyers.com\/es\/california\/glendale\/abogados-accidentes-medula-espinal-glendale"]}]},{"@type":"ImageObject","inLanguage":"es","@id":"https:\/\/westcoasttriallawyers.com\/es\/california\/glendale\/abogados-accidentes-medula-espinal-glendale#primaryimage","url":"https:\/\/westcoasttriallawyers.com\/wp-content\/uploads\/2025\/07\/Glendale-11.webp","contentUrl":"https:\/\/westcoasttriallawyers.com\/wp-content\/uploads\/2025\/07\/Glendale-11.webp","width":557,"height":327},{"@type":"BreadcrumbList","@id":"https:\/\/westcoasttriallawyers.com\/es\/california\/glendale\/abogados-accidentes-medula-espinal-glendale#breadcrumb","itemListElement":[{"@type":"ListItem","position":1,"name":"Inicio","item":"https:\/\/westcoasttriallawyers.com\/es"},{"@type":"ListItem","position":2,"name":"California","item":"https:\/\/westcoasttriallawyers.com\/es\/california"},{"@type":"ListItem","position":3,"name":"Glendale","item":"https:\/\/westcoasttriallawyers.com\/es\/california\/glendale"},{"@type":"ListItem","position":4,"name":"Abogados especializados en lesiones de la m\u00e9dula espinal de Glendale\u00a0"}]},{"@type":"WebSite","@id":"https:\/\/westcoasttriallawyers.com\/es#website","url":"https:\/\/westcoasttriallawyers.com\/es","name":"West Coast Trial Lawyers","description":"West Coast Trial Lawyers","publisher":{"@id":"https:\/\/westcoasttriallawyers.com\/es#organization"},"alternateName":"WCTL","potentialAction":[{"@type":"SearchAction","target":{"@type":"EntryPoint","urlTemplate":"https:\/\/westcoasttriallawyers.com\/es?s={search_term_string}"},"query-input":{"@type":"PropertyValueSpecification","valueRequired":true,"valueName":"search_term_string"}}],"inLanguage":"es"},{"@type":"Organization","@id":"https:\/\/westcoasttriallawyers.com\/es#organization","name":"West Coast Trial Lawyers","alternateName":"WCTL","url":"https:\/\/westcoasttriallawyers.com\/es","logo":{"@type":"ImageObject","inLanguage":"es","@id":"https:\/\/westcoasttriallawyers.com\/es#\/schema\/logo\/image\/","url":"https:\/\/westcoasttriallawyers.com\/wp-content\/uploads\/2026\/02\/WCTL-Logo.jpg","contentUrl":"https:\/\/westcoasttriallawyers.com\/wp-content\/uploads\/2026\/02\/WCTL-Logo.jpg","width":696,"height":696,"caption":"West Coast Trial Lawyers"},"image":{"@id":"https:\/\/westcoasttriallawyers.com\/es#\/schema\/logo\/image\/"},"sameAs":["https:\/\/www.facebook.com\/westcoasttriallawyers\/","https:\/\/x.com\/WestCoastTrial","https:\/\/www.linkedin.com\/company\/west-coast-trial-lawyers\/","https:\/\/www.instagram.com\/westcoasttriallawyers\/","https:\/\/www.yelp.com\/biz\/west-coast-trial-lawyers-los-angeles-2","https:\/\/www.pinterest.com\/westcoasttrial\/","https:\/\/www.youtube.com\/westcoasttriallawyersla\/","https:\/\/www.tiktok.com\/westcoasttriallawyers"],"description":"West Coast Trial Lawyers is a top-rated personal injury law firm with a goal to provide expert legal representation to those in need. The law firm has offices across California, Nevada, Arizona, and Washington.","legalName":"West Coast Trial Lawyers"}]}},"_links":{"self":[{"href":"https:\/\/westcoasttriallawyers.com\/es\/wp-json\/wp\/v2\/pages\/13020","targetHints":{"allow":["GET"]}}],"collection":[{"href":"https:\/\/westcoasttriallawyers.com\/es\/wp-json\/wp\/v2\/pages"}],"about":[{"href":"https:\/\/westcoasttriallawyers.com\/es\/wp-json\/wp\/v2\/types\/page"}],"author":[{"embeddable":true,"href":"https:\/\/westcoasttriallawyers.com\/es\/wp-json\/wp\/v2\/users\/475"}],"replies":[{"embeddable":true,"href":"https:\/\/westcoasttriallawyers.com\/es\/wp-json\/wp\/v2\/comments?post=13020"}],"version-history":[{"count":3,"href":"https:\/\/westcoasttriallawyers.com\/es\/wp-json\/wp\/v2\/pages\/13020\/revisions"}],"predecessor-version":[{"id":48103,"href":"https:\/\/westcoasttriallawyers.com\/es\/wp-json\/wp\/v2\/pages\/13020\/revisions\/48103"}],"up":[{"embeddable":true,"href":"https:\/\/westcoasttriallawyers.com\/es\/wp-json\/wp\/v2\/pages\/47286"}],"wp:featuredmedia":[{"embeddable":true,"href":"https:\/\/westcoasttriallawyers.com\/es\/wp-json\/wp\/v2\/media\/45704"}],"wp:attachment":[{"href":"https:\/\/westcoasttriallawyers.com\/es\/wp-json\/wp\/v2\/media?parent=13020"}],"curies":[{"name":"wp","href":"https:\/\/api.w.org\/{rel}","templated":true}]}}