{"id":13018,"date":"2026-01-14T19:07:30","date_gmt":"2026-01-14T19:07:30","guid":{"rendered":"https:\/\/wctl1stg.wpengine.com\/?page_id=13018"},"modified":"2026-01-21T10:45:16","modified_gmt":"2026-01-21T10:45:16","slug":"abogado-de-lesiones-por-quemaduras-de-glendale","status":"publish","type":"page","link":"https:\/\/westcoasttriallawyers.com\/es\/california\/glendale\/abogado-de-lesiones-por-quemaduras-de-glendale","title":{"rendered":"Abogado de lesiones por quemaduras de Glendale\u00a0"},"content":{"rendered":"<h2><strong>C\u00f3mo y d\u00f3nde puede sufrir una lesi\u00f3n por quemadura en Glendale<\/strong><\/h2>\n<p>A lo largo de los \u00faltimos a\u00f1os, Glendale ha experimentado incendios provocados tanto por causas naturales como por accidentes de veh\u00edculos. Quienes causen incidentes relacionados con incendios que resulten en lesiones o da\u00f1os ser\u00e1n responsables. Los da\u00f1os que se pueden recuperar en un reclamo por lesiones personales incluyen facturas m\u00e9dicas, angustia emocional, da\u00f1os a la propiedad, salarios perdidos y dolor y sufrimiento.<\/p>\n<p>Si usted es una v\u00edctima de quemaduras y desea presentar un reclamo contra la parte culpable de sus lesiones, West Coast Trial Lawyers tiene abogados de lesiones por quemaduras en Glendale con m\u00e1s de 60 a\u00f1os de experiencia legal colectiva en el manejo de casos de lesiones personales. Hemos recuperado m\u00e1s de $1 mil millones en acuerdos y juicios para nuestros clientes. Debido a nuestro \u00e9xito, hemos sido reconocidos como uno de los mejores bufetes de abogados de lesiones personales en Glendale.<\/p>\n<p>Para programar una consulta gratuita y sin compromiso en nuestro bufete de abogados de lesiones personales de Glendale, comun\u00edquese con nuestro equipo legal las 24 horas, los 7 d\u00edas de la semana llamando al&nbsp;<strong>213-927-3700<\/strong> o enviando un correo electr\u00f3nico a&nbsp;<a href=\"mailto:info@westcoasttriallawyers.com\"><strong>info@westcoasttriallawyers.com<\/strong><\/a><strong>.<\/strong><\/p>\n<h2><strong>Lugares comunes donde puede quemarse<\/strong><\/h2>\n<p>A continuaci\u00f3n se enumeran algunos lugares donde com\u00fanmente ocurren lesiones por quemaduras.<\/p>\n<ul>\n<li><strong>Salones de bronceado.<\/strong> Muchas personas aceptan el grave riesgo de c\u00e1ncer de piel mientras se ganan su apariencia perfectamente dorada en una cama de bronceado. Sin embargo, algunos no se dan cuenta de los peligros potenciales y las lesiones que puede sufrir una cama de bronceado. Desafortunadamente, hay miles de casos en los que las personas sufren lesiones en una cama de bronceado y son enviadas a la sala de emergencias para recibir tratamiento adicional. Las camas de bronceado causan m\u00e1s de 170,000 casos de c\u00e1ncer de piel al a\u00f1o y casi el 80 por ciento de las lesiones de las camas de bronceado contienen quemaduras graves y profundas. El bronceado tambi\u00e9n ha llevado a un mayor riesgo de melanoma.<\/li>\n<li><strong>Peluquer\u00edas.<\/strong> Desde secadores de pelo hasta productos qu\u00edmicos fuertes, hay varias formas en que un cliente puede quemarse en una peluquer\u00eda. De hecho, hay nuevos estilos y tendencias, algunos de los cuales incluyen llamas reales. Las quemaduras qu\u00edmicas en peluquer\u00edas son m\u00e1s comunes de lo que la gente cree y, como en la mayor\u00eda de los casos de lesiones personales, la v\u00edctima depender\u00e1 de la negligencia del estilista o del negocio.<\/li>\n<li><strong>Accidentes en Restaurantes.<\/strong> Cuando pides una comida o una bebida en un restaurante, esperas que llegue caliente. Sin embargo, el restaurante puede ser considerado responsable si lo que sirve est\u00e1 peligrosamente caliente, especialmente si no le dio ninguna advertencia al cliente.<\/li>\n<li><strong>Accidentes en el Hogar.<\/strong> La mayor\u00eda de los accidentes por quemaduras ocurren cuando est\u00e1s en tu propia casa. La mayor\u00eda de los accidentes ocurren al cocinar, como derramar aceite caliente o tocar un objeto caliente. Las quemaduras el\u00e9ctricas y las quemaduras qu\u00edmicas tambi\u00e9n pueden ocurrir en el hogar. Por lo general, este tipo de casos est\u00e1n cubiertos por el seguro de propietarios de viviendas o por su propio seguro de salud personal.<\/li>\n<li><strong>Accidentes de trabajo.<\/strong> Hay varias ocupaciones laborales que pueden ponerlo en riesgo de sufrir una lesi\u00f3n por quemadura. Esto incluye chefs, trabajadores de la construcci\u00f3n, limpiadores de equipos o bomberos. Las quemaduras en el trabajo deben estar cubiertas por la p\u00f3liza de seguro de su empleador.<\/li>\n<\/ul>\n<h2><strong>Quemaduras por un producto defectuoso<\/strong><\/h2>\n<p>Si ha sufrido una lesi\u00f3n por quemadura debido a un producto defectuoso, puede presentar un reclamo de responsabilidad del producto. Hay tres tipos de casos de responsabilidad del producto, que incluyen:<\/p>\n<ul>\n<li><strong>Fabricaci\u00f3n de productos defectuosos.<\/strong> Mientras se fabrica el producto, se pueden cometer errores durante el proceso. Los propietarios de las f\u00e1bricas pueden sentirse obligados a encubrir sus errores, lo que puede exponerlos a responsabilidades. Ejemplos de defectos de fabricaci\u00f3n son:\n<ul>\n<li>Bater\u00edas de tel\u00e9fonos m\u00f3viles que se sobrecalientan debido a un sistema de gesti\u00f3n de bater\u00eda defectuoso.<\/li>\n<li>Calentadores personales que estallan en llamas despu\u00e9s de alcanzar cierta temperatura.<\/li>\n<li>Botellas de agua contaminadas que se venden en las tiendas de comestibles.<\/li>\n<\/ul>\n<\/li>\n<li><strong>Dise\u00f1o de producto defectuoso.<\/strong> Este es un defecto en la forma en que se dise\u00f1\u00f3 el producto. La v\u00edctima puede recuperar da\u00f1os si sufri\u00f3 alguna lesi\u00f3n o p\u00e9rdida financiera debido al dise\u00f1o defectuoso. Ejemplos de defectos de dise\u00f1o incluyen:\n<ul>\n<li>Mesas con longitudes de patas desproporcionadas.<\/li>\n<li>Productos que son peligrosos para los ni\u00f1os y que fueron hechos para ni\u00f1os.<\/li>\n<li>Gafas de sol que no protegen adecuadamente los ojos de la luz solar intensa.<\/li>\n<\/ul>\n<\/li>\n<li><strong>No mostrar se\u00f1ales de advertencia o instrucciones adecuadas sobre c\u00f3mo usar correctamente el producto.<\/strong> Esto ocurre cuando un producto no tiene etiquetas de advertencia sobre los peligros que puede tener que requieren que una persona tenga precauci\u00f3n adicional. Los ejemplos de una reclamaci\u00f3n por falta de advertencia incluyen:\n<ul>\n<li>Un tipo espec\u00edfico de qu\u00edmico utilizado en un producto cosm\u00e9tico que se vende sin instrucciones sobre c\u00f3mo aplicarlo de manera segura y tiene el potencial de quemar la piel de alguien.<\/li>\n<li>Una tetera el\u00e9ctrica que se empaqueta sin se\u00f1ales de advertencia con respecto a su v\u00e1lvula de vapor colocada de manera anormal.<\/li>\n<\/ul>\n<\/li>\n<\/ul>\n<h2><strong>Cont\u00e1ctenos<\/strong><\/h2>\n<p>En West Coast Trial Lawyers, nuestros abogados experimentados en lesiones por quemaduras de Glendale est\u00e1n disponibles para ayudar a las v\u00edctimas de quemaduras a obtener la compensaci\u00f3n m\u00e1xima que merecen por sus p\u00e9rdidas. Esto incluye facturas m\u00e9dicas, da\u00f1os a la propiedad, angustia emocional, salarios perdidos y dolor y sufrimiento.<\/p>\n<p>Para programar una consulta gratuita en nuestro bufete de abogados de lesiones personales de Glendale, comun\u00edquese con nuestro personal legal las 24 horas, los 7 d\u00edas de la semana llamando al&nbsp;<strong>213-927-3700<\/strong> o enviando un correo electr\u00f3nico a&nbsp;<a href=\"mailto:info@westcoasttriallawyers.com\"><strong>info@westcoasttriallawyers.com<\/strong><\/a><strong>.&nbsp;<\/strong><br \/>\n<!-- WCTL_DEBUG: no shortcode in this_content --><\/p>\n","protected":false},"excerpt":{"rendered":"<p>C\u00f3mo y d\u00f3nde puede sufrir una lesi\u00f3n por quemadura en Glendale A lo largo de los \u00faltimos a\u00f1os, Glendale ha experimentado incendios provocados tanto por causas naturales como por accidentes de veh\u00edculos. Quienes causen incidentes relacionados con incendios que resulten en lesiones o da\u00f1os ser\u00e1n responsables. Los da\u00f1os que se pueden recuperar en un reclamo [&hellip;]<\/p>\n","protected":false},"author":475,"featured_media":47252,"parent":47286,"menu_order":0,"comment_status":"closed","ping_status":"closed","template":"","meta":{"inline_featured_image":false,"footnotes":""},"class_list":["post-13018","page","type-page","status-publish","has-post-thumbnail","hentry"],"acf":[],"yoast_head":"<!-- This site is optimized with the Yoast SEO Premium plugin v26.0 (Yoast SEO v26.0) - https:\/\/yoast.com\/wordpress\/plugins\/seo\/ -->\n<title>Abogado de lesiones por quemaduras de Glendale\u00a0 | West Coast Trial Lawyers<\/title>\n<meta name=\"robots\" content=\"index, follow, max-snippet:-1, max-image-preview:large, max-video-preview:-1\" \/>\n<link rel=\"canonical\" href=\"https:\/\/westcoasttriallawyers.com\/es\/california\/glendale\/abogado-de-lesiones-por-quemaduras-de-glendale\" \/>\n<meta property=\"og:locale\" content=\"es_ES\" \/>\n<meta property=\"og:type\" content=\"article\" \/>\n<meta property=\"og:title\" content=\"Abogado de lesiones por quemaduras de Glendale\u00a0\" \/>\n<meta property=\"og:description\" content=\"C\u00f3mo y d\u00f3nde puede sufrir una lesi\u00f3n por quemadura en Glendale A lo largo de los \u00faltimos a\u00f1os, Glendale ha experimentado incendios provocados tanto por causas naturales como por accidentes de veh\u00edculos. Quienes causen incidentes relacionados con incendios que resulten en lesiones o da\u00f1os ser\u00e1n responsables. Los da\u00f1os que se pueden recuperar en un reclamo [&hellip;]\" \/>\n<meta property=\"og:url\" content=\"https:\/\/westcoasttriallawyers.com\/es\/california\/glendale\/abogado-de-lesiones-por-quemaduras-de-glendale\" \/>\n<meta property=\"og:site_name\" content=\"West Coast Trial Lawyers\" \/>\n<meta property=\"article:publisher\" content=\"https:\/\/www.facebook.com\/westcoasttriallawyers\/\" \/>\n<meta property=\"article:modified_time\" content=\"2026-01-21T10:45:16+00:00\" \/>\n<meta property=\"og:image\" content=\"https:\/\/westcoasttriallawyers.com\/wp-content\/uploads\/2025\/07\/Glendale-29.webp\" \/>\n\t<meta property=\"og:image:width\" content=\"557\" \/>\n\t<meta property=\"og:image:height\" content=\"327\" \/>\n\t<meta property=\"og:image:type\" content=\"image\/webp\" \/>\n<meta name=\"twitter:card\" content=\"summary_large_image\" \/>\n<meta name=\"twitter:site\" content=\"@WestCoastTrial\" \/>\n<meta name=\"twitter:label1\" content=\"Tiempo de lectura\" \/>\n\t<meta name=\"twitter:data1\" content=\"4 minutos\" \/>\n<script type=\"application\/ld+json\" class=\"yoast-schema-graph\">{\"@context\":\"https:\/\/schema.org\",\"@graph\":[{\"@type\":[\"WebPage\",\"ItemPage\"],\"@id\":\"https:\/\/westcoasttriallawyers.com\/es\/california\/glendale\/abogado-de-lesiones-por-quemaduras-de-glendale\",\"url\":\"https:\/\/westcoasttriallawyers.com\/es\/california\/glendale\/abogado-de-lesiones-por-quemaduras-de-glendale\",\"name\":\"Abogado de lesiones por quemaduras de Glendale\u00a0 | West Coast Trial Lawyers\",\"isPartOf\":{\"@id\":\"https:\/\/westcoasttriallawyers.com\/es#website\"},\"primaryImageOfPage\":{\"@id\":\"https:\/\/westcoasttriallawyers.com\/es\/california\/glendale\/abogado-de-lesiones-por-quemaduras-de-glendale#primaryimage\"},\"image\":{\"@id\":\"https:\/\/westcoasttriallawyers.com\/es\/california\/glendale\/abogado-de-lesiones-por-quemaduras-de-glendale#primaryimage\"},\"thumbnailUrl\":\"https:\/\/westcoasttriallawyers.com\/wp-content\/uploads\/2025\/07\/Glendale-29.webp\",\"datePublished\":\"2026-01-14T19:07:30+00:00\",\"dateModified\":\"2026-01-21T10:45:16+00:00\",\"breadcrumb\":{\"@id\":\"https:\/\/westcoasttriallawyers.com\/es\/california\/glendale\/abogado-de-lesiones-por-quemaduras-de-glendale#breadcrumb\"},\"inLanguage\":\"es\",\"potentialAction\":[{\"@type\":\"ReadAction\",\"target\":[\"https:\/\/westcoasttriallawyers.com\/es\/california\/glendale\/abogado-de-lesiones-por-quemaduras-de-glendale\"]}]},{\"@type\":\"ImageObject\",\"inLanguage\":\"es\",\"@id\":\"https:\/\/westcoasttriallawyers.com\/es\/california\/glendale\/abogado-de-lesiones-por-quemaduras-de-glendale#primaryimage\",\"url\":\"https:\/\/westcoasttriallawyers.com\/wp-content\/uploads\/2025\/07\/Glendale-29.webp\",\"contentUrl\":\"https:\/\/westcoasttriallawyers.com\/wp-content\/uploads\/2025\/07\/Glendale-29.webp\",\"width\":557,\"height\":327},{\"@type\":\"BreadcrumbList\",\"@id\":\"https:\/\/westcoasttriallawyers.com\/es\/california\/glendale\/abogado-de-lesiones-por-quemaduras-de-glendale#breadcrumb\",\"itemListElement\":[{\"@type\":\"ListItem\",\"position\":1,\"name\":\"Inicio\",\"item\":\"https:\/\/westcoasttriallawyers.com\/es\"},{\"@type\":\"ListItem\",\"position\":2,\"name\":\"California\",\"item\":\"https:\/\/westcoasttriallawyers.com\/es\/california\"},{\"@type\":\"ListItem\",\"position\":3,\"name\":\"Glendale\",\"item\":\"https:\/\/westcoasttriallawyers.com\/es\/california\/glendale\"},{\"@type\":\"ListItem\",\"position\":4,\"name\":\"Abogado de lesiones por quemaduras de Glendale\u00a0\"}]},{\"@type\":\"WebSite\",\"@id\":\"https:\/\/westcoasttriallawyers.com\/es#website\",\"url\":\"https:\/\/westcoasttriallawyers.com\/es\",\"name\":\"West Coast Trial Lawyers\",\"description\":\"West Coast Trial Lawyers\",\"publisher\":{\"@id\":\"https:\/\/westcoasttriallawyers.com\/es#organization\"},\"alternateName\":\"WCTL\",\"potentialAction\":[{\"@type\":\"SearchAction\",\"target\":{\"@type\":\"EntryPoint\",\"urlTemplate\":\"https:\/\/westcoasttriallawyers.com\/es?s={search_term_string}\"},\"query-input\":{\"@type\":\"PropertyValueSpecification\",\"valueRequired\":true,\"valueName\":\"search_term_string\"}}],\"inLanguage\":\"es\"},{\"@type\":\"Organization\",\"@id\":\"https:\/\/westcoasttriallawyers.com\/es#organization\",\"name\":\"West Coast Trial Lawyers\",\"alternateName\":\"WCTL\",\"url\":\"https:\/\/westcoasttriallawyers.com\/es\",\"logo\":{\"@type\":\"ImageObject\",\"inLanguage\":\"es\",\"@id\":\"https:\/\/westcoasttriallawyers.com\/es#\/schema\/logo\/image\/\",\"url\":\"https:\/\/westcoasttriallawyers.com\/wp-content\/uploads\/2026\/02\/WCTL-Logo.jpg\",\"contentUrl\":\"https:\/\/westcoasttriallawyers.com\/wp-content\/uploads\/2026\/02\/WCTL-Logo.jpg\",\"width\":696,\"height\":696,\"caption\":\"West Coast Trial Lawyers\"},\"image\":{\"@id\":\"https:\/\/westcoasttriallawyers.com\/es#\/schema\/logo\/image\/\"},\"sameAs\":[\"https:\/\/www.facebook.com\/westcoasttriallawyers\/\",\"https:\/\/x.com\/WestCoastTrial\",\"https:\/\/www.linkedin.com\/company\/west-coast-trial-lawyers\/\",\"https:\/\/www.instagram.com\/westcoasttriallawyers\/\",\"https:\/\/www.yelp.com\/biz\/west-coast-trial-lawyers-los-angeles-2\",\"https:\/\/www.pinterest.com\/westcoasttrial\/\",\"https:\/\/www.youtube.com\/westcoasttriallawyersla\/\",\"https:\/\/www.tiktok.com\/westcoasttriallawyers\"],\"description\":\"West Coast Trial Lawyers is a top-rated personal injury law firm with a goal to provide expert legal representation to those in need. The law firm has offices across California, Nevada, Arizona, and Washington.\",\"legalName\":\"West Coast Trial Lawyers\"}]}<\/script>\n<!-- \/ Yoast SEO Premium plugin. -->","yoast_head_json":{"title":"Abogado de lesiones por quemaduras de Glendale\u00a0 | West Coast Trial Lawyers","robots":{"index":"index","follow":"follow","max-snippet":"max-snippet:-1","max-image-preview":"max-image-preview:large","max-video-preview":"max-video-preview:-1"},"canonical":"https:\/\/westcoasttriallawyers.com\/es\/california\/glendale\/abogado-de-lesiones-por-quemaduras-de-glendale","og_locale":"es_ES","og_type":"article","og_title":"Abogado de lesiones por quemaduras de Glendale\u00a0","og_description":"C\u00f3mo y d\u00f3nde puede sufrir una lesi\u00f3n por quemadura en Glendale A lo largo de los \u00faltimos a\u00f1os, Glendale ha experimentado incendios provocados tanto por causas naturales como por accidentes de veh\u00edculos. Quienes causen incidentes relacionados con incendios que resulten en lesiones o da\u00f1os ser\u00e1n responsables. Los da\u00f1os que se pueden recuperar en un reclamo [&hellip;]","og_url":"https:\/\/westcoasttriallawyers.com\/es\/california\/glendale\/abogado-de-lesiones-por-quemaduras-de-glendale","og_site_name":"West Coast Trial Lawyers","article_publisher":"https:\/\/www.facebook.com\/westcoasttriallawyers\/","article_modified_time":"2026-01-21T10:45:16+00:00","og_image":[{"width":557,"height":327,"url":"https:\/\/westcoasttriallawyers.com\/wp-content\/uploads\/2025\/07\/Glendale-29.webp","type":"image\/webp"}],"twitter_card":"summary_large_image","twitter_site":"@WestCoastTrial","twitter_misc":{"Tiempo de lectura":"4 minutos"},"schema":{"@context":"https:\/\/schema.org","@graph":[{"@type":["WebPage","ItemPage"],"@id":"https:\/\/westcoasttriallawyers.com\/es\/california\/glendale\/abogado-de-lesiones-por-quemaduras-de-glendale","url":"https:\/\/westcoasttriallawyers.com\/es\/california\/glendale\/abogado-de-lesiones-por-quemaduras-de-glendale","name":"Abogado de lesiones por quemaduras de Glendale\u00a0 | West Coast Trial Lawyers","isPartOf":{"@id":"https:\/\/westcoasttriallawyers.com\/es#website"},"primaryImageOfPage":{"@id":"https:\/\/westcoasttriallawyers.com\/es\/california\/glendale\/abogado-de-lesiones-por-quemaduras-de-glendale#primaryimage"},"image":{"@id":"https:\/\/westcoasttriallawyers.com\/es\/california\/glendale\/abogado-de-lesiones-por-quemaduras-de-glendale#primaryimage"},"thumbnailUrl":"https:\/\/westcoasttriallawyers.com\/wp-content\/uploads\/2025\/07\/Glendale-29.webp","datePublished":"2026-01-14T19:07:30+00:00","dateModified":"2026-01-21T10:45:16+00:00","breadcrumb":{"@id":"https:\/\/westcoasttriallawyers.com\/es\/california\/glendale\/abogado-de-lesiones-por-quemaduras-de-glendale#breadcrumb"},"inLanguage":"es","potentialAction":[{"@type":"ReadAction","target":["https:\/\/westcoasttriallawyers.com\/es\/california\/glendale\/abogado-de-lesiones-por-quemaduras-de-glendale"]}]},{"@type":"ImageObject","inLanguage":"es","@id":"https:\/\/westcoasttriallawyers.com\/es\/california\/glendale\/abogado-de-lesiones-por-quemaduras-de-glendale#primaryimage","url":"https:\/\/westcoasttriallawyers.com\/wp-content\/uploads\/2025\/07\/Glendale-29.webp","contentUrl":"https:\/\/westcoasttriallawyers.com\/wp-content\/uploads\/2025\/07\/Glendale-29.webp","width":557,"height":327},{"@type":"BreadcrumbList","@id":"https:\/\/westcoasttriallawyers.com\/es\/california\/glendale\/abogado-de-lesiones-por-quemaduras-de-glendale#breadcrumb","itemListElement":[{"@type":"ListItem","position":1,"name":"Inicio","item":"https:\/\/westcoasttriallawyers.com\/es"},{"@type":"ListItem","position":2,"name":"California","item":"https:\/\/westcoasttriallawyers.com\/es\/california"},{"@type":"ListItem","position":3,"name":"Glendale","item":"https:\/\/westcoasttriallawyers.com\/es\/california\/glendale"},{"@type":"ListItem","position":4,"name":"Abogado de lesiones por quemaduras de Glendale\u00a0"}]},{"@type":"WebSite","@id":"https:\/\/westcoasttriallawyers.com\/es#website","url":"https:\/\/westcoasttriallawyers.com\/es","name":"West Coast Trial Lawyers","description":"West Coast Trial Lawyers","publisher":{"@id":"https:\/\/westcoasttriallawyers.com\/es#organization"},"alternateName":"WCTL","potentialAction":[{"@type":"SearchAction","target":{"@type":"EntryPoint","urlTemplate":"https:\/\/westcoasttriallawyers.com\/es?s={search_term_string}"},"query-input":{"@type":"PropertyValueSpecification","valueRequired":true,"valueName":"search_term_string"}}],"inLanguage":"es"},{"@type":"Organization","@id":"https:\/\/westcoasttriallawyers.com\/es#organization","name":"West Coast Trial Lawyers","alternateName":"WCTL","url":"https:\/\/westcoasttriallawyers.com\/es","logo":{"@type":"ImageObject","inLanguage":"es","@id":"https:\/\/westcoasttriallawyers.com\/es#\/schema\/logo\/image\/","url":"https:\/\/westcoasttriallawyers.com\/wp-content\/uploads\/2026\/02\/WCTL-Logo.jpg","contentUrl":"https:\/\/westcoasttriallawyers.com\/wp-content\/uploads\/2026\/02\/WCTL-Logo.jpg","width":696,"height":696,"caption":"West Coast Trial Lawyers"},"image":{"@id":"https:\/\/westcoasttriallawyers.com\/es#\/schema\/logo\/image\/"},"sameAs":["https:\/\/www.facebook.com\/westcoasttriallawyers\/","https:\/\/x.com\/WestCoastTrial","https:\/\/www.linkedin.com\/company\/west-coast-trial-lawyers\/","https:\/\/www.instagram.com\/westcoasttriallawyers\/","https:\/\/www.yelp.com\/biz\/west-coast-trial-lawyers-los-angeles-2","https:\/\/www.pinterest.com\/westcoasttrial\/","https:\/\/www.youtube.com\/westcoasttriallawyersla\/","https:\/\/www.tiktok.com\/westcoasttriallawyers"],"description":"West Coast Trial Lawyers is a top-rated personal injury law firm with a goal to provide expert legal representation to those in need. The law firm has offices across California, Nevada, Arizona, and Washington.","legalName":"West Coast Trial Lawyers"}]}},"_links":{"self":[{"href":"https:\/\/westcoasttriallawyers.com\/es\/wp-json\/wp\/v2\/pages\/13018","targetHints":{"allow":["GET"]}}],"collection":[{"href":"https:\/\/westcoasttriallawyers.com\/es\/wp-json\/wp\/v2\/pages"}],"about":[{"href":"https:\/\/westcoasttriallawyers.com\/es\/wp-json\/wp\/v2\/types\/page"}],"author":[{"embeddable":true,"href":"https:\/\/westcoasttriallawyers.com\/es\/wp-json\/wp\/v2\/users\/475"}],"replies":[{"embeddable":true,"href":"https:\/\/westcoasttriallawyers.com\/es\/wp-json\/wp\/v2\/comments?post=13018"}],"version-history":[{"count":3,"href":"https:\/\/westcoasttriallawyers.com\/es\/wp-json\/wp\/v2\/pages\/13018\/revisions"}],"predecessor-version":[{"id":47624,"href":"https:\/\/westcoasttriallawyers.com\/es\/wp-json\/wp\/v2\/pages\/13018\/revisions\/47624"}],"up":[{"embeddable":true,"href":"https:\/\/westcoasttriallawyers.com\/es\/wp-json\/wp\/v2\/pages\/47286"}],"wp:featuredmedia":[{"embeddable":true,"href":"https:\/\/westcoasttriallawyers.com\/es\/wp-json\/wp\/v2\/media\/47252"}],"wp:attachment":[{"href":"https:\/\/westcoasttriallawyers.com\/es\/wp-json\/wp\/v2\/media?parent=13018"}],"curies":[{"name":"wp","href":"https:\/\/api.w.org\/{rel}","templated":true}]}}