{"id":13017,"date":"2026-01-13T23:06:45","date_gmt":"2026-01-13T23:06:45","guid":{"rendered":"https:\/\/wctl1stg.wpengine.com\/?page_id=13017"},"modified":"2026-01-21T11:38:01","modified_gmt":"2026-01-21T11:38:01","slug":"abogado-de-accidentes-de-camiones-de-glendale","status":"publish","type":"page","link":"https:\/\/westcoasttriallawyers.com\/es\/california\/glendale\/abogado-de-accidentes-de-camiones-de-glendale","title":{"rendered":"Abogado de Accidentes de Camiones de Glendale\u00a0"},"content":{"rendered":"<h2><strong>\u00bfInvolucrado en un accidente de atropello y fuga con un conductor de cami\u00f3n? Nuestros abogados con experiencia en accidentes de camiones en Glendale lo ayudar\u00e1n a obtener la justicia que se merece<\/strong><\/h2>\n<p>En Glendale, hay un promedio de 2 autos por hogar. Con m\u00e1s de 203,054 residentes de Glendale, se espera que haya miles de conductores activos ocupando las carreteras d\u00eda a d\u00eda. Es inevitable toparse con un conductor negligente durante el viaje. Desafortunadamente, muchos de estos conductores tienden a realizar acciones peligrosas cuando est\u00e1n cerca de un cami\u00f3n, como acelerar o cortarle el paso al veh\u00edculo grande. El conductor del autom\u00f3vil no solo se est\u00e1 poniendo en riesgo de sufrir un accidente, sino que tambi\u00e9n est\u00e1 involucrando al conductor del cami\u00f3n y a otros conductores cercanos.<\/p>\n<p>Tambi\u00e9n se ha descubierto que los conductores de camiones act\u00faan de manera irresponsable mientras est\u00e1n en la carretera. Se espera que brinden un deber de cuidado a otros conductores, sin embargo, muchos de ellos han realizado cambios de carril o giros sin verificar adecuadamente su entorno. Dado que un cami\u00f3n es un veh\u00edculo grande, puede contribuir con una cantidad significativa de da\u00f1os cuando se ve involucrado en un accidente. Es por eso que siempre es importante que los conductores observen su entorno y verifiquen sus puntos ciegos antes de cambiar de carril o girar.<\/p>\n<p>Si estuvo involucrado en un accidente de cami\u00f3n y desea iniciar acciones legales contra el conductor culpable, West Coast Trial Lawyers tiene abogados de accidentes de camiones en Glendale con m\u00e1s de 60 a\u00f1os de experiencia legal colectiva en el manejo de casos de lesiones personales. Hemos ganado m\u00e1s de 5,000 casos y recuperado m\u00e1s de $1,000 millones en acuerdos para nuestros clientes. Debido a nuestro \u00e9xito, hemos sido reconocidos como uno de los mejores bufetes de abogados de lesiones personales en Glendale.<\/p>\n<p>Para programar una consulta gratuita y sin compromiso en nuestro bufete de abogados de lesiones personales de Glendale, comun\u00edquese con nuestro equipo legal las 24 horas del d\u00eda, los 7 d\u00edas de la semana llamando al&nbsp;<strong>213-927-3700<\/strong> o enviando un correo electr\u00f3nico a&nbsp;<a href=\"mailto:info@westcoasttriallawyers.com\"><strong>info@westcoasttriallawyers.com<\/strong><\/a><strong>.&nbsp;<\/strong><\/p>\n<h2><strong>Atropello y fuga<\/strong><\/h2>\n<p>Seg\u00fan el C\u00f3digo de Veh\u00edculos 20002 (a), es ilegal que un conductor abandone la escena de un accidente despu\u00e9s de un atropello y fuga. Se espera que se queden y cooperen con la(s) otra(s) parte(s) involucrada(s). Desafortunadamente, hay camioneros que huyen de la escena despu\u00e9s de un accidente de cami\u00f3n. Hay algunas razones por las que eligen hacer esto.<\/p>\n<ul>\n<li><strong>Conductores sin licencia.&nbsp;<\/strong>Los conductores de camiones sin licencia pueden huir de la escena de un accidente para evitar multas o encarcelamiento.<\/li>\n<li><strong>Conducir ilegalmente.<\/strong> Los camioneros que no cumplen con los requisitos legales para operar un cami\u00f3n, como los inmigrantes indocumentados, huyen para evitar la deportaci\u00f3n.<\/li>\n<li><strong>Conductores sin seguro.<\/strong> Quienes conduzcan sin seguro enfrentar\u00e1n sanciones si est\u00e1n involucrados en un accidente de cami\u00f3n comercial. Las acciones legales y las multas pueden presionarlos para que abandonen la escena de un accidente en lugar de aceptar las consecuencias.<\/li>\n<li><strong>Citas destacadas.<\/strong> Los conductores de camiones pueden huir despu\u00e9s de un accidente si tienen citaciones pendientes para evitar sufrir repercusiones legales graves o encarcelamiento.<\/li>\n<\/ul>\n<h2><strong>Pasos a seguir despu\u00e9s de un accidente de cami\u00f3n<\/strong><\/h2>\n<ul>\n<li><strong>Verifique las partes involucradas en el accidente.<\/strong> Es importante asegurarse de que todos est\u00e9n bien. Si alguien resulta herido, debe llamar inmediatamente al 911 y solicitar param\u00e9dicos. Adem\u00e1s, debe trasladarse a un lugar m\u00e1s seguro cercano. Si es posible, trate de ayudar tambi\u00e9n a las otras partes involucradas.<\/li>\n<li><strong>Llame al 911.&nbsp;<\/strong>La polic\u00eda llegar\u00e1 al lugar del accidente y crear\u00e1 un informe policial oficial. Los param\u00e9dicos tambi\u00e9n pueden estar presentes para administrar asistencia m\u00e9dica inmediata a quienes la necesiten.<\/li>\n<li><strong>Intercambiar informaci\u00f3n.&nbsp;<\/strong>Comparta su licencia de conducir, informaci\u00f3n del seguro e informaci\u00f3n de contacto con la parte(s) involucrada(s) en el accidente. Tambi\u00e9n debe adquirir su informaci\u00f3n personal.<\/li>\n<li><strong>No hables del accidente.&nbsp;<\/strong>Tenga cuidado con lo que dice despu\u00e9s de que ocurra un accidente de cami\u00f3n. Nunca debe admitir la culpa ni hacer declaraciones sobre qui\u00e9n podr\u00eda tener la culpa tampoco. Todo lo que diga puede y ser\u00e1 usado en su contra.<\/li>\n<li><strong>Obtener informaci\u00f3n de testigos.<\/strong> Si observa alg\u00fan testigo cerca, debe solicitar su consentimiento para que se involucre en su caso. Si lo aprueban, debe obtener su informaci\u00f3n de contacto. Los testimonios de los testigos pueden respaldar en gran medida su afirmaci\u00f3n.<\/li>\n<li><strong>Reunir evidencias.&nbsp;<\/strong>Debe tomar fotos y\/o videos de sus lesiones, da\u00f1os y la ubicaci\u00f3n donde ocurri\u00f3 el accidente. Tambi\u00e9n debe incluir documentaci\u00f3n sobre su perspectiva de lo que sucedi\u00f3 antes, durante y despu\u00e9s del accidente. Aseg\u00farese de mencionar la fecha y la hora en que se llev\u00f3 a cabo cada evento.<\/li>\n<li><strong>Busque atenci\u00f3n m\u00e9dica.&nbsp;<\/strong>Debe ser revisado inmediatamente por un m\u00e9dico despu\u00e9s de sufrir un accidente de cami\u00f3n. Incluso las lesiones graves pueden tardar d\u00edas, semanas o meses en desarrollarse, por lo que es importante consultar a un profesional m\u00e9dico que pueda encontrar el problema en sus primeras etapas. Sus visitas al m\u00e9dico pueden usarse como evidencia para incluir en su reclamo.<\/li>\n<li><strong>Encuentre un abogado de accidentes de camiones.<\/strong> Para presentar un reclamo por accidente de cami\u00f3n, es importante comunicarse con un abogado con experiencia en accidentes de cami\u00f3n en Glendale. Las compa\u00f1\u00edas de seguros no har\u00e1n lo que sea mejor para usted, por lo que debe evitar hablar con ellas hasta que haya consultado con su abogado. Su abogado lo ayudar\u00e1 a lidiar con las compa\u00f1\u00edas de seguros y el papeleo para garantizar que obtenga la compensaci\u00f3n m\u00e1xima que se merece.<\/li>\n<\/ul>\n<h2><strong>Cont\u00e1ctenos<\/strong><\/h2>\n<p>Si usted o un ser querido resultaron heridos en un accidente de cami\u00f3n, West Coast Trial Lawyers cuenta con abogados experimentados en accidentes de camiones en Glendale que lo ayudar\u00e1n a obtener la justicia que se merece.<\/p>\n<p>Para programar una consulta gratuita en nuestro bufete de abogados de lesiones personales de Glendale, comun\u00edquese con nuestro equipo legal las 24 horas, los 7 d\u00edas de la semana llamando al&nbsp;<strong>213-927-3700<\/strong> o enviando un correo electr\u00f3nico a&nbsp;<a href=\"mailto:info@westcoasttriallawyers.com\"><strong>info@westcoasttriallawyers.com<\/strong><\/a><strong>.&nbsp;<\/strong><br \/>\n<!-- WCTL_DEBUG: no shortcode in this_content --><\/p>\n","protected":false},"excerpt":{"rendered":"<p>\u00bfInvolucrado en un accidente de atropello y fuga con un conductor de cami\u00f3n? Nuestros abogados con experiencia en accidentes de camiones en Glendale lo ayudar\u00e1n a obtener la justicia que se merece En Glendale, hay un promedio de 2 autos por hogar. Con m\u00e1s de 203,054 residentes de Glendale, se espera que haya miles de [&hellip;]<\/p>\n","protected":false},"author":475,"featured_media":45724,"parent":47286,"menu_order":0,"comment_status":"closed","ping_status":"closed","template":"","meta":{"inline_featured_image":false,"footnotes":""},"class_list":["post-13017","page","type-page","status-publish","has-post-thumbnail","hentry"],"acf":[],"yoast_head":"<!-- This site is optimized with the Yoast SEO Premium plugin v26.0 (Yoast SEO v26.0) - https:\/\/yoast.com\/wordpress\/plugins\/seo\/ -->\n<title>Abogado de Accidentes de Camiones de Glendale\u00a0 | West Coast Trial Lawyers<\/title>\n<meta name=\"robots\" content=\"index, follow, max-snippet:-1, max-image-preview:large, max-video-preview:-1\" \/>\n<link rel=\"canonical\" href=\"https:\/\/westcoasttriallawyers.com\/es\/california\/glendale\/abogado-de-accidentes-de-camiones-de-glendale\" \/>\n<meta property=\"og:locale\" content=\"es_ES\" \/>\n<meta property=\"og:type\" content=\"article\" \/>\n<meta property=\"og:title\" content=\"Abogado de Accidentes de Camiones de Glendale\u00a0\" \/>\n<meta property=\"og:description\" content=\"\u00bfInvolucrado en un accidente de atropello y fuga con un conductor de cami\u00f3n? Nuestros abogados con experiencia en accidentes de camiones en Glendale lo ayudar\u00e1n a obtener la justicia que se merece En Glendale, hay un promedio de 2 autos por hogar. Con m\u00e1s de 203,054 residentes de Glendale, se espera que haya miles de [&hellip;]\" \/>\n<meta property=\"og:url\" content=\"https:\/\/westcoasttriallawyers.com\/es\/california\/glendale\/abogado-de-accidentes-de-camiones-de-glendale\" \/>\n<meta property=\"og:site_name\" content=\"West Coast Trial Lawyers\" \/>\n<meta property=\"article:publisher\" content=\"https:\/\/www.facebook.com\/westcoasttriallawyers\/\" \/>\n<meta property=\"article:modified_time\" content=\"2026-01-21T11:38:01+00:00\" \/>\n<meta property=\"og:image\" content=\"https:\/\/westcoasttriallawyers.com\/wp-content\/uploads\/2025\/07\/Glendale-19.webp\" \/>\n\t<meta property=\"og:image:width\" content=\"557\" \/>\n\t<meta property=\"og:image:height\" content=\"327\" \/>\n\t<meta property=\"og:image:type\" content=\"image\/webp\" \/>\n<meta name=\"twitter:card\" content=\"summary_large_image\" \/>\n<meta name=\"twitter:site\" content=\"@WestCoastTrial\" \/>\n<meta name=\"twitter:label1\" content=\"Tiempo de lectura\" \/>\n\t<meta name=\"twitter:data1\" content=\"5 minutos\" \/>\n<script type=\"application\/ld+json\" class=\"yoast-schema-graph\">{\"@context\":\"https:\/\/schema.org\",\"@graph\":[{\"@type\":[\"WebPage\",\"ItemPage\"],\"@id\":\"https:\/\/westcoasttriallawyers.com\/es\/california\/glendale\/abogado-de-accidentes-de-camiones-de-glendale\",\"url\":\"https:\/\/westcoasttriallawyers.com\/es\/california\/glendale\/abogado-de-accidentes-de-camiones-de-glendale\",\"name\":\"Abogado de Accidentes de Camiones de Glendale\u00a0 | West Coast Trial Lawyers\",\"isPartOf\":{\"@id\":\"https:\/\/westcoasttriallawyers.com\/es#website\"},\"primaryImageOfPage\":{\"@id\":\"https:\/\/westcoasttriallawyers.com\/es\/california\/glendale\/abogado-de-accidentes-de-camiones-de-glendale#primaryimage\"},\"image\":{\"@id\":\"https:\/\/westcoasttriallawyers.com\/es\/california\/glendale\/abogado-de-accidentes-de-camiones-de-glendale#primaryimage\"},\"thumbnailUrl\":\"https:\/\/westcoasttriallawyers.com\/wp-content\/uploads\/2025\/07\/Glendale-19.webp\",\"datePublished\":\"2026-01-13T23:06:45+00:00\",\"dateModified\":\"2026-01-21T11:38:01+00:00\",\"breadcrumb\":{\"@id\":\"https:\/\/westcoasttriallawyers.com\/es\/california\/glendale\/abogado-de-accidentes-de-camiones-de-glendale#breadcrumb\"},\"inLanguage\":\"es\",\"potentialAction\":[{\"@type\":\"ReadAction\",\"target\":[\"https:\/\/westcoasttriallawyers.com\/es\/california\/glendale\/abogado-de-accidentes-de-camiones-de-glendale\"]}]},{\"@type\":\"ImageObject\",\"inLanguage\":\"es\",\"@id\":\"https:\/\/westcoasttriallawyers.com\/es\/california\/glendale\/abogado-de-accidentes-de-camiones-de-glendale#primaryimage\",\"url\":\"https:\/\/westcoasttriallawyers.com\/wp-content\/uploads\/2025\/07\/Glendale-19.webp\",\"contentUrl\":\"https:\/\/westcoasttriallawyers.com\/wp-content\/uploads\/2025\/07\/Glendale-19.webp\",\"width\":557,\"height\":327},{\"@type\":\"BreadcrumbList\",\"@id\":\"https:\/\/westcoasttriallawyers.com\/es\/california\/glendale\/abogado-de-accidentes-de-camiones-de-glendale#breadcrumb\",\"itemListElement\":[{\"@type\":\"ListItem\",\"position\":1,\"name\":\"Inicio\",\"item\":\"https:\/\/westcoasttriallawyers.com\/es\"},{\"@type\":\"ListItem\",\"position\":2,\"name\":\"California\",\"item\":\"https:\/\/westcoasttriallawyers.com\/es\/california\"},{\"@type\":\"ListItem\",\"position\":3,\"name\":\"Glendale\",\"item\":\"https:\/\/westcoasttriallawyers.com\/es\/california\/glendale\"},{\"@type\":\"ListItem\",\"position\":4,\"name\":\"Abogado de Accidentes de Camiones de Glendale\u00a0\"}]},{\"@type\":\"WebSite\",\"@id\":\"https:\/\/westcoasttriallawyers.com\/es#website\",\"url\":\"https:\/\/westcoasttriallawyers.com\/es\",\"name\":\"West Coast Trial Lawyers\",\"description\":\"West Coast Trial Lawyers\",\"publisher\":{\"@id\":\"https:\/\/westcoasttriallawyers.com\/es#organization\"},\"alternateName\":\"WCTL\",\"potentialAction\":[{\"@type\":\"SearchAction\",\"target\":{\"@type\":\"EntryPoint\",\"urlTemplate\":\"https:\/\/westcoasttriallawyers.com\/es?s={search_term_string}\"},\"query-input\":{\"@type\":\"PropertyValueSpecification\",\"valueRequired\":true,\"valueName\":\"search_term_string\"}}],\"inLanguage\":\"es\"},{\"@type\":\"Organization\",\"@id\":\"https:\/\/westcoasttriallawyers.com\/es#organization\",\"name\":\"West Coast Trial Lawyers\",\"alternateName\":\"WCTL\",\"url\":\"https:\/\/westcoasttriallawyers.com\/es\",\"logo\":{\"@type\":\"ImageObject\",\"inLanguage\":\"es\",\"@id\":\"https:\/\/westcoasttriallawyers.com\/es#\/schema\/logo\/image\/\",\"url\":\"https:\/\/westcoasttriallawyers.com\/wp-content\/uploads\/2026\/02\/WCTL-Logo.jpg\",\"contentUrl\":\"https:\/\/westcoasttriallawyers.com\/wp-content\/uploads\/2026\/02\/WCTL-Logo.jpg\",\"width\":696,\"height\":696,\"caption\":\"West Coast Trial Lawyers\"},\"image\":{\"@id\":\"https:\/\/westcoasttriallawyers.com\/es#\/schema\/logo\/image\/\"},\"sameAs\":[\"https:\/\/www.facebook.com\/westcoasttriallawyers\/\",\"https:\/\/x.com\/WestCoastTrial\",\"https:\/\/www.linkedin.com\/company\/west-coast-trial-lawyers\/\",\"https:\/\/www.instagram.com\/westcoasttriallawyers\/\",\"https:\/\/www.yelp.com\/biz\/west-coast-trial-lawyers-los-angeles-2\",\"https:\/\/www.pinterest.com\/westcoasttrial\/\",\"https:\/\/www.youtube.com\/westcoasttriallawyersla\/\",\"https:\/\/www.tiktok.com\/westcoasttriallawyers\"],\"description\":\"West Coast Trial Lawyers is a top-rated personal injury law firm with a goal to provide expert legal representation to those in need. The law firm has offices across California, Nevada, Arizona, and Washington.\",\"legalName\":\"West Coast Trial Lawyers\"}]}<\/script>\n<!-- \/ Yoast SEO Premium plugin. -->","yoast_head_json":{"title":"Abogado de Accidentes de Camiones de Glendale\u00a0 | West Coast Trial Lawyers","robots":{"index":"index","follow":"follow","max-snippet":"max-snippet:-1","max-image-preview":"max-image-preview:large","max-video-preview":"max-video-preview:-1"},"canonical":"https:\/\/westcoasttriallawyers.com\/es\/california\/glendale\/abogado-de-accidentes-de-camiones-de-glendale","og_locale":"es_ES","og_type":"article","og_title":"Abogado de Accidentes de Camiones de Glendale\u00a0","og_description":"\u00bfInvolucrado en un accidente de atropello y fuga con un conductor de cami\u00f3n? Nuestros abogados con experiencia en accidentes de camiones en Glendale lo ayudar\u00e1n a obtener la justicia que se merece En Glendale, hay un promedio de 2 autos por hogar. Con m\u00e1s de 203,054 residentes de Glendale, se espera que haya miles de [&hellip;]","og_url":"https:\/\/westcoasttriallawyers.com\/es\/california\/glendale\/abogado-de-accidentes-de-camiones-de-glendale","og_site_name":"West Coast Trial Lawyers","article_publisher":"https:\/\/www.facebook.com\/westcoasttriallawyers\/","article_modified_time":"2026-01-21T11:38:01+00:00","og_image":[{"width":557,"height":327,"url":"https:\/\/westcoasttriallawyers.com\/wp-content\/uploads\/2025\/07\/Glendale-19.webp","type":"image\/webp"}],"twitter_card":"summary_large_image","twitter_site":"@WestCoastTrial","twitter_misc":{"Tiempo de lectura":"5 minutos"},"schema":{"@context":"https:\/\/schema.org","@graph":[{"@type":["WebPage","ItemPage"],"@id":"https:\/\/westcoasttriallawyers.com\/es\/california\/glendale\/abogado-de-accidentes-de-camiones-de-glendale","url":"https:\/\/westcoasttriallawyers.com\/es\/california\/glendale\/abogado-de-accidentes-de-camiones-de-glendale","name":"Abogado de Accidentes de Camiones de Glendale\u00a0 | West Coast Trial Lawyers","isPartOf":{"@id":"https:\/\/westcoasttriallawyers.com\/es#website"},"primaryImageOfPage":{"@id":"https:\/\/westcoasttriallawyers.com\/es\/california\/glendale\/abogado-de-accidentes-de-camiones-de-glendale#primaryimage"},"image":{"@id":"https:\/\/westcoasttriallawyers.com\/es\/california\/glendale\/abogado-de-accidentes-de-camiones-de-glendale#primaryimage"},"thumbnailUrl":"https:\/\/westcoasttriallawyers.com\/wp-content\/uploads\/2025\/07\/Glendale-19.webp","datePublished":"2026-01-13T23:06:45+00:00","dateModified":"2026-01-21T11:38:01+00:00","breadcrumb":{"@id":"https:\/\/westcoasttriallawyers.com\/es\/california\/glendale\/abogado-de-accidentes-de-camiones-de-glendale#breadcrumb"},"inLanguage":"es","potentialAction":[{"@type":"ReadAction","target":["https:\/\/westcoasttriallawyers.com\/es\/california\/glendale\/abogado-de-accidentes-de-camiones-de-glendale"]}]},{"@type":"ImageObject","inLanguage":"es","@id":"https:\/\/westcoasttriallawyers.com\/es\/california\/glendale\/abogado-de-accidentes-de-camiones-de-glendale#primaryimage","url":"https:\/\/westcoasttriallawyers.com\/wp-content\/uploads\/2025\/07\/Glendale-19.webp","contentUrl":"https:\/\/westcoasttriallawyers.com\/wp-content\/uploads\/2025\/07\/Glendale-19.webp","width":557,"height":327},{"@type":"BreadcrumbList","@id":"https:\/\/westcoasttriallawyers.com\/es\/california\/glendale\/abogado-de-accidentes-de-camiones-de-glendale#breadcrumb","itemListElement":[{"@type":"ListItem","position":1,"name":"Inicio","item":"https:\/\/westcoasttriallawyers.com\/es"},{"@type":"ListItem","position":2,"name":"California","item":"https:\/\/westcoasttriallawyers.com\/es\/california"},{"@type":"ListItem","position":3,"name":"Glendale","item":"https:\/\/westcoasttriallawyers.com\/es\/california\/glendale"},{"@type":"ListItem","position":4,"name":"Abogado de Accidentes de Camiones de Glendale\u00a0"}]},{"@type":"WebSite","@id":"https:\/\/westcoasttriallawyers.com\/es#website","url":"https:\/\/westcoasttriallawyers.com\/es","name":"West Coast Trial Lawyers","description":"West Coast Trial Lawyers","publisher":{"@id":"https:\/\/westcoasttriallawyers.com\/es#organization"},"alternateName":"WCTL","potentialAction":[{"@type":"SearchAction","target":{"@type":"EntryPoint","urlTemplate":"https:\/\/westcoasttriallawyers.com\/es?s={search_term_string}"},"query-input":{"@type":"PropertyValueSpecification","valueRequired":true,"valueName":"search_term_string"}}],"inLanguage":"es"},{"@type":"Organization","@id":"https:\/\/westcoasttriallawyers.com\/es#organization","name":"West Coast Trial Lawyers","alternateName":"WCTL","url":"https:\/\/westcoasttriallawyers.com\/es","logo":{"@type":"ImageObject","inLanguage":"es","@id":"https:\/\/westcoasttriallawyers.com\/es#\/schema\/logo\/image\/","url":"https:\/\/westcoasttriallawyers.com\/wp-content\/uploads\/2026\/02\/WCTL-Logo.jpg","contentUrl":"https:\/\/westcoasttriallawyers.com\/wp-content\/uploads\/2026\/02\/WCTL-Logo.jpg","width":696,"height":696,"caption":"West Coast Trial Lawyers"},"image":{"@id":"https:\/\/westcoasttriallawyers.com\/es#\/schema\/logo\/image\/"},"sameAs":["https:\/\/www.facebook.com\/westcoasttriallawyers\/","https:\/\/x.com\/WestCoastTrial","https:\/\/www.linkedin.com\/company\/west-coast-trial-lawyers\/","https:\/\/www.instagram.com\/westcoasttriallawyers\/","https:\/\/www.yelp.com\/biz\/west-coast-trial-lawyers-los-angeles-2","https:\/\/www.pinterest.com\/westcoasttrial\/","https:\/\/www.youtube.com\/westcoasttriallawyersla\/","https:\/\/www.tiktok.com\/westcoasttriallawyers"],"description":"West Coast Trial Lawyers is a top-rated personal injury law firm with a goal to provide expert legal representation to those in need. The law firm has offices across California, Nevada, Arizona, and Washington.","legalName":"West Coast Trial Lawyers"}]}},"_links":{"self":[{"href":"https:\/\/westcoasttriallawyers.com\/es\/wp-json\/wp\/v2\/pages\/13017","targetHints":{"allow":["GET"]}}],"collection":[{"href":"https:\/\/westcoasttriallawyers.com\/es\/wp-json\/wp\/v2\/pages"}],"about":[{"href":"https:\/\/westcoasttriallawyers.com\/es\/wp-json\/wp\/v2\/types\/page"}],"author":[{"embeddable":true,"href":"https:\/\/westcoasttriallawyers.com\/es\/wp-json\/wp\/v2\/users\/475"}],"replies":[{"embeddable":true,"href":"https:\/\/westcoasttriallawyers.com\/es\/wp-json\/wp\/v2\/comments?post=13017"}],"version-history":[{"count":3,"href":"https:\/\/westcoasttriallawyers.com\/es\/wp-json\/wp\/v2\/pages\/13017\/revisions"}],"predecessor-version":[{"id":47650,"href":"https:\/\/westcoasttriallawyers.com\/es\/wp-json\/wp\/v2\/pages\/13017\/revisions\/47650"}],"up":[{"embeddable":true,"href":"https:\/\/westcoasttriallawyers.com\/es\/wp-json\/wp\/v2\/pages\/47286"}],"wp:featuredmedia":[{"embeddable":true,"href":"https:\/\/westcoasttriallawyers.com\/es\/wp-json\/wp\/v2\/media\/45724"}],"wp:attachment":[{"href":"https:\/\/westcoasttriallawyers.com\/es\/wp-json\/wp\/v2\/media?parent=13017"}],"curies":[{"name":"wp","href":"https:\/\/api.w.org\/{rel}","templated":true}]}}