{"id":13016,"date":"2026-01-13T23:06:48","date_gmt":"2026-01-13T23:06:48","guid":{"rendered":"https:\/\/wctl1stg.wpengine.com\/?page_id=13016"},"modified":"2026-01-21T10:48:03","modified_gmt":"2026-01-21T10:48:03","slug":"abogado-de-accidentes-de-autobus-de-glendale","status":"publish","type":"page","link":"https:\/\/westcoasttriallawyers.com\/es\/california\/glendale\/abogado-de-accidentes-de-autobus-de-glendale","title":{"rendered":"Abogado de accidentes de autob\u00fas de Glendale\u00a0"},"content":{"rendered":"<h2><strong>Causas comunes de un accidente de autob\u00fas y qu\u00e9 debe considerar hacer despu\u00e9s para obtener una oferta de acuerdo justo<\/strong><\/h2>\n<p>Glendale Beeline tiene alrededor de 12 rutas de autob\u00fas disponibles para que las personas las usen. Se espera que los conductores de autobuses que son responsables de recoger y dejar pasajeros en estas rutas brinden medidas de seguridad para garantizar que los pasajeros no est\u00e9n en peligro. Desafortunadamente, ha habido casos en Glendale donde ha ocurrido un accidente de autob\u00fas debido a la negligencia del conductor del autob\u00fas. En 2017, un autob\u00fas Glendale Beeline lleno de pasajeros se estrell\u00f3 contra un edificio. Un pasajero fue llevado al hospital por heridas leves. Esto se identific\u00f3 como un accidente de un solo veh\u00edculo ya que el accidente no involucr\u00f3 a otra parte. Al conductor del autob\u00fas se le hizo una prueba de sobriedad y los resultados fueron claros. Todav\u00eda es un misterio por qu\u00e9 el conductor del autob\u00fas decidi\u00f3 conducir directamente a un edificio.<\/p>\n<p>Si estuvo involucrado en un accidente de autob\u00fas, puede tener derecho a recibir una compensaci\u00f3n por sus p\u00e9rdidas. En West Coast Trial Lawyers, nuestros abogados de accidentes de autob\u00fas de Glendale tienen m\u00e1s de 60 a\u00f1os de experiencia legal colectiva en el manejo de casos de lesiones personales. Nuestro equipo gan\u00f3 con \u00e9xito m\u00e1s de 5000 casos y recuper\u00f3 m\u00e1s de mil millones de d\u00f3lares en acuerdos para nuestros clientes. Debido a nuestros logros, hemos sido reconocidos como uno de los mejores bufetes de abogados de lesiones personales en Glendale.<\/p>\n<p>Para programar una consulta gratuita y sin compromiso en nuestro bufete de abogados de lesiones personales de Glendale, comun\u00edquese con nuestro equipo legal las 24 horas, los 7 d\u00edas de la semana llamando al&nbsp;<strong>213-927-3700<\/strong> o enviando un correo electr\u00f3nico a&nbsp;<a href=\"mailto:info@westcoasttriallawyers.com\"><strong>info@westcoasttriallawyers.com<\/strong><\/a><strong>.<\/strong><\/p>\n<h2><strong>\u00bfQu\u00e9 puede causar un accidente de autob\u00fas?<\/strong><\/h2>\n<p>Hay muchos factores que contribuyen a un accidente de autob\u00fas. Esto incluye lo siguiente:<\/p>\n<ul>\n<li><strong>Negligencia del conductor del autob\u00fas.&nbsp;<\/strong>Se espera que los conductores de autob\u00fas tengan el deber de cuidar a los pasajeros y conductores. Aquellos que no cumplan con esta obligaci\u00f3n est\u00e1n sujetos a enfrentar repercusiones legales por su negligencia.<\/li>\n<li><strong>Negligencia del conductor.&nbsp;<\/strong>Tambi\u00e9n se espera que otros conductores brinden un deber de cuidado mientras est\u00e1n en la carretera. Se requiere que cada conductor siga las reglas de tr\u00e1nsito de California para reducir la probabilidad de que ocurra un accidente. Sin embargo, muchos conductores optan por cometer acciones negligentes, como acelerar, conducir en estado de ebriedad, desobedecer las se\u00f1ales y los sem\u00e1foros, enviar mensajes de texto y conducir. Los conductores que incumplan su deber de diligencia tambi\u00e9n se enfrentar\u00e1n a consecuencias legales.<\/li>\n<li><strong>Malas condiciones clim\u00e1ticas.&nbsp;<\/strong>Las condiciones clim\u00e1ticas adversas, como la lluvia, el granizo, la ventisca y la nieve, pueden afectar en gran medida la forma en que una persona puede conducir en la carretera. Se recomienda que los conductores de autobuses eviten trabajar en condiciones clim\u00e1ticas adversas, sin embargo, muchos a\u00fan deben continuar trabajando independientemente de lo malo que sea el clima. Se espera que los conductores de autobuses se adapten a este tipo de condiciones clim\u00e1ticas tomando las precauciones necesarias, como reducir la velocidad para evitar perder el control del veh\u00edculo.<\/li>\n<li><strong>Malas condiciones de la carretera.<\/strong> Las condiciones de las carreteras llenas de baches, pavimentos defectuosos y\/o escombros pueden representar un riesgo para los conductores de autobuses. Es importante que un conductor de autob\u00fas mantenga la vista en la carretera en todo momento para asegurarse de que no entre en contacto con ning\u00fan peligro para garantizar la seguridad de sus pasajeros.<\/li>\n<\/ul>\n<h2><strong>Qu\u00e9 hacer despu\u00e9s de un accidente de autob\u00fas<\/strong><\/h2>\n<p>Si planea presentar un reclamo contra la parte culpable del accidente de autob\u00fas, hay muchos pasos que debe seguir para asegurarse de recibir la compensaci\u00f3n que merece por sus p\u00e9rdidas. Esto incluye lo siguiente:<\/p>\n<ul>\n<li><strong>Aseg\u00farate de que est\u00e1s bien.<\/strong> Si nota lesiones o da\u00f1os, comun\u00edquese con la polic\u00eda de inmediato.<\/li>\n<li><strong>Llame al 911.<\/strong> La polic\u00eda llegar\u00e1 al lugar del accidente y realizar\u00e1 un informe policial oficial. Los param\u00e9dicos tambi\u00e9n pueden estar presentes para brindar atenci\u00f3n m\u00e9dica inmediata a quienes la necesiten.<\/li>\n<li><strong>Obtenga la informaci\u00f3n del conductor del autob\u00fas.<\/strong> Aseg\u00farese de adquirir su n\u00famero de licencia de conducir, n\u00famero de contacto, informaci\u00f3n del seguro y detalles sobre la empresa para la que trabaja.<\/li>\n<li><strong>Adquirir informaci\u00f3n de testigos.<\/strong> Si observa alg\u00fan testigo cerca, debe pedir su consentimiento para que se involucre en su caso. Si lo aprueban, debe obtener su informaci\u00f3n de contacto. Los testimonios de los testigos pueden fortalecer en gran medida su afirmaci\u00f3n.<\/li>\n<li><strong>Reunir evidencias.<\/strong> Tome fotos y\/o videos de sus lesiones, da\u00f1os y la ubicaci\u00f3n donde ocurri\u00f3 el accidente. Tambi\u00e9n debe anotar su perspectiva sobre lo que sucedi\u00f3 antes, durante y despu\u00e9s de la colisi\u00f3n. Aseg\u00farese de incluir la fecha y la hora en que tuvo lugar cada evento. Por \u00faltimo, debe solicitar una copia del informe policial oficial.<\/li>\n<li><strong>Busque atenci\u00f3n m\u00e9dica.&nbsp;<\/strong>Siempre se sugiere que las personas involucradas en un accidente reciban atenci\u00f3n m\u00e9dica lo antes posible. Su m\u00e9dico realizar\u00e1 pruebas y procedimientos para determinar un diagn\u00f3stico. Si se encuentra un problema, crear\u00e1n un plan de tratamiento que se adapte mejor a su condici\u00f3n. Sus visitas se guardar\u00e1n en un archivo y se pueden usar como evidencia para incluir en su reclamo.<\/li>\n<li><strong>Contrate a un abogado de lesiones personales.<\/strong> Un abogado de accidentes de autob\u00fas lo ayudar\u00e1 a fortalecer su reclamo, negociar con las compa\u00f1\u00edas de seguros y obtener la compensaci\u00f3n que merece por sus p\u00e9rdidas.<\/li>\n<\/ul>\n<h2><strong>Da\u00f1os Disponibles<\/strong><\/h2>\n<p>Si result\u00f3 lesionado como resultado de la negligencia de otra persona, es posible que tenga derecho a una compensaci\u00f3n por sus p\u00e9rdidas. Los da\u00f1os son un tipo de compensaci\u00f3n monetaria determinada por un tribunal de justicia para ayudar a compensar a una persona agraviada por cualquier p\u00e9rdida o lesi\u00f3n sufrida como resultado de la negligencia de alguien.<\/p>\n<p>Los da\u00f1os econ\u00f3micos est\u00e1n destinados a compensar al demandante por las p\u00e9rdidas a las que se puede adjuntar f\u00e1cilmente una cantidad en d\u00f3lares. Se calcula determinando la cantidad de p\u00e9rdidas de bolsillo que una persona agraviada tiene o esperar\u00e1 incurrir como resultado de sus lesiones. Los da\u00f1os econ\u00f3micos pueden incluir compensaci\u00f3n por la p\u00e9rdida de la capacidad de generar ingresos, facturas m\u00e9dicas y salarios perdidos.<\/p>\n<p>Los da\u00f1os no econ\u00f3micos est\u00e1n destinados esencialmente a cubrir p\u00e9rdidas que se consideran subjetivas y no necesariamente cubrir\u00e1n p\u00e9rdidas de bolsillo. Los da\u00f1os no econ\u00f3micos pueden incluir compensaci\u00f3n por angustia emocional, dolor y sufrimiento, y p\u00e9rdida del disfrute de la vida.<\/p>\n<h2><strong>Cont\u00e1ctenos<\/strong><\/h2>\n<p>Si usted o un ser querido estuvo involucrado en un accidente de autob\u00fas y desea presentar un reclamo contra la parte culpable, West Coast Trial Lawyers tiene abogados con experiencia en accidentes de autob\u00fas en Glendale que est\u00e1n disponibles para brindarle asistencia legal.<\/p>\n<p>Para programar una consulta gratuita y sin compromiso en nuestro bufete de abogados de lesiones personales de Glendale, comun\u00edquese con nuestro equipo legal las 24 horas, los 7 d\u00edas de la semana llamando al&nbsp;<strong>213-927-3700<\/strong> o enviando un correo electr\u00f3nico a&nbsp;<a href=\"mailto:info@westcoasttriallawyers.com\"><strong>info@westcoasttriallawyers.com<\/strong><\/a><strong>.&nbsp;<\/strong><br \/>\n<!-- WCTL_DEBUG: no shortcode in this_content --><\/p>\n","protected":false},"excerpt":{"rendered":"<p>Causas comunes de un accidente de autob\u00fas y qu\u00e9 debe considerar hacer despu\u00e9s para obtener una oferta de acuerdo justo Glendale Beeline tiene alrededor de 12 rutas de autob\u00fas disponibles para que las personas las usen. Se espera que los conductores de autobuses que son responsables de recoger y dejar pasajeros en estas rutas brinden [&hellip;]<\/p>\n","protected":false},"author":475,"featured_media":45734,"parent":47286,"menu_order":0,"comment_status":"closed","ping_status":"closed","template":"","meta":{"inline_featured_image":false,"footnotes":""},"class_list":["post-13016","page","type-page","status-publish","has-post-thumbnail","hentry"],"acf":[],"yoast_head":"<!-- This site is optimized with the Yoast SEO Premium plugin v26.0 (Yoast SEO v26.0) - https:\/\/yoast.com\/wordpress\/plugins\/seo\/ -->\n<title>Abogado de accidentes de autob\u00fas de Glendale\u00a0 | West Coast Trial Lawyers<\/title>\n<meta name=\"robots\" content=\"index, follow, max-snippet:-1, max-image-preview:large, max-video-preview:-1\" \/>\n<link rel=\"canonical\" href=\"https:\/\/westcoasttriallawyers.com\/es\/california\/glendale\/abogado-de-accidentes-de-autobus-de-glendale\" \/>\n<meta property=\"og:locale\" content=\"es_ES\" \/>\n<meta property=\"og:type\" content=\"article\" \/>\n<meta property=\"og:title\" content=\"Abogado de accidentes de autob\u00fas de Glendale\u00a0\" \/>\n<meta property=\"og:description\" content=\"Causas comunes de un accidente de autob\u00fas y qu\u00e9 debe considerar hacer despu\u00e9s para obtener una oferta de acuerdo justo Glendale Beeline tiene alrededor de 12 rutas de autob\u00fas disponibles para que las personas las usen. Se espera que los conductores de autobuses que son responsables de recoger y dejar pasajeros en estas rutas brinden [&hellip;]\" \/>\n<meta property=\"og:url\" content=\"https:\/\/westcoasttriallawyers.com\/es\/california\/glendale\/abogado-de-accidentes-de-autobus-de-glendale\" \/>\n<meta property=\"og:site_name\" content=\"West Coast Trial Lawyers\" \/>\n<meta property=\"article:publisher\" content=\"https:\/\/www.facebook.com\/westcoasttriallawyers\/\" \/>\n<meta property=\"article:modified_time\" content=\"2026-01-21T10:48:03+00:00\" \/>\n<meta property=\"og:image\" content=\"https:\/\/westcoasttriallawyers.com\/wp-content\/uploads\/2025\/07\/Glendale-23.webp\" \/>\n\t<meta property=\"og:image:width\" content=\"557\" \/>\n\t<meta property=\"og:image:height\" content=\"327\" \/>\n\t<meta property=\"og:image:type\" content=\"image\/webp\" \/>\n<meta name=\"twitter:card\" content=\"summary_large_image\" \/>\n<meta name=\"twitter:site\" content=\"@WestCoastTrial\" \/>\n<meta name=\"twitter:label1\" content=\"Tiempo de lectura\" \/>\n\t<meta name=\"twitter:data1\" content=\"6 minutos\" \/>\n<script type=\"application\/ld+json\" class=\"yoast-schema-graph\">{\"@context\":\"https:\/\/schema.org\",\"@graph\":[{\"@type\":[\"WebPage\",\"ItemPage\"],\"@id\":\"https:\/\/westcoasttriallawyers.com\/es\/california\/glendale\/abogado-de-accidentes-de-autobus-de-glendale\",\"url\":\"https:\/\/westcoasttriallawyers.com\/es\/california\/glendale\/abogado-de-accidentes-de-autobus-de-glendale\",\"name\":\"Abogado de accidentes de autob\u00fas de Glendale\u00a0 | West Coast Trial Lawyers\",\"isPartOf\":{\"@id\":\"https:\/\/westcoasttriallawyers.com\/es#website\"},\"primaryImageOfPage\":{\"@id\":\"https:\/\/westcoasttriallawyers.com\/es\/california\/glendale\/abogado-de-accidentes-de-autobus-de-glendale#primaryimage\"},\"image\":{\"@id\":\"https:\/\/westcoasttriallawyers.com\/es\/california\/glendale\/abogado-de-accidentes-de-autobus-de-glendale#primaryimage\"},\"thumbnailUrl\":\"https:\/\/westcoasttriallawyers.com\/wp-content\/uploads\/2025\/07\/Glendale-23.webp\",\"datePublished\":\"2026-01-13T23:06:48+00:00\",\"dateModified\":\"2026-01-21T10:48:03+00:00\",\"breadcrumb\":{\"@id\":\"https:\/\/westcoasttriallawyers.com\/es\/california\/glendale\/abogado-de-accidentes-de-autobus-de-glendale#breadcrumb\"},\"inLanguage\":\"es\",\"potentialAction\":[{\"@type\":\"ReadAction\",\"target\":[\"https:\/\/westcoasttriallawyers.com\/es\/california\/glendale\/abogado-de-accidentes-de-autobus-de-glendale\"]}]},{\"@type\":\"ImageObject\",\"inLanguage\":\"es\",\"@id\":\"https:\/\/westcoasttriallawyers.com\/es\/california\/glendale\/abogado-de-accidentes-de-autobus-de-glendale#primaryimage\",\"url\":\"https:\/\/westcoasttriallawyers.com\/wp-content\/uploads\/2025\/07\/Glendale-23.webp\",\"contentUrl\":\"https:\/\/westcoasttriallawyers.com\/wp-content\/uploads\/2025\/07\/Glendale-23.webp\",\"width\":557,\"height\":327},{\"@type\":\"BreadcrumbList\",\"@id\":\"https:\/\/westcoasttriallawyers.com\/es\/california\/glendale\/abogado-de-accidentes-de-autobus-de-glendale#breadcrumb\",\"itemListElement\":[{\"@type\":\"ListItem\",\"position\":1,\"name\":\"Inicio\",\"item\":\"https:\/\/westcoasttriallawyers.com\/es\"},{\"@type\":\"ListItem\",\"position\":2,\"name\":\"California\",\"item\":\"https:\/\/westcoasttriallawyers.com\/es\/california\"},{\"@type\":\"ListItem\",\"position\":3,\"name\":\"Glendale\",\"item\":\"https:\/\/westcoasttriallawyers.com\/es\/california\/glendale\"},{\"@type\":\"ListItem\",\"position\":4,\"name\":\"Abogado de accidentes de autob\u00fas de Glendale\u00a0\"}]},{\"@type\":\"WebSite\",\"@id\":\"https:\/\/westcoasttriallawyers.com\/es#website\",\"url\":\"https:\/\/westcoasttriallawyers.com\/es\",\"name\":\"West Coast Trial Lawyers\",\"description\":\"West Coast Trial Lawyers\",\"publisher\":{\"@id\":\"https:\/\/westcoasttriallawyers.com\/es#organization\"},\"alternateName\":\"WCTL\",\"potentialAction\":[{\"@type\":\"SearchAction\",\"target\":{\"@type\":\"EntryPoint\",\"urlTemplate\":\"https:\/\/westcoasttriallawyers.com\/es?s={search_term_string}\"},\"query-input\":{\"@type\":\"PropertyValueSpecification\",\"valueRequired\":true,\"valueName\":\"search_term_string\"}}],\"inLanguage\":\"es\"},{\"@type\":\"Organization\",\"@id\":\"https:\/\/westcoasttriallawyers.com\/es#organization\",\"name\":\"West Coast Trial Lawyers\",\"alternateName\":\"WCTL\",\"url\":\"https:\/\/westcoasttriallawyers.com\/es\",\"logo\":{\"@type\":\"ImageObject\",\"inLanguage\":\"es\",\"@id\":\"https:\/\/westcoasttriallawyers.com\/es#\/schema\/logo\/image\/\",\"url\":\"https:\/\/westcoasttriallawyers.com\/wp-content\/uploads\/2026\/02\/WCTL-Logo.jpg\",\"contentUrl\":\"https:\/\/westcoasttriallawyers.com\/wp-content\/uploads\/2026\/02\/WCTL-Logo.jpg\",\"width\":696,\"height\":696,\"caption\":\"West Coast Trial Lawyers\"},\"image\":{\"@id\":\"https:\/\/westcoasttriallawyers.com\/es#\/schema\/logo\/image\/\"},\"sameAs\":[\"https:\/\/www.facebook.com\/westcoasttriallawyers\/\",\"https:\/\/x.com\/WestCoastTrial\",\"https:\/\/www.linkedin.com\/company\/west-coast-trial-lawyers\/\",\"https:\/\/www.instagram.com\/westcoasttriallawyers\/\",\"https:\/\/www.yelp.com\/biz\/west-coast-trial-lawyers-los-angeles-2\",\"https:\/\/www.pinterest.com\/westcoasttrial\/\",\"https:\/\/www.youtube.com\/westcoasttriallawyersla\/\",\"https:\/\/www.tiktok.com\/westcoasttriallawyers\"],\"description\":\"West Coast Trial Lawyers is a top-rated personal injury law firm with a goal to provide expert legal representation to those in need. The law firm has offices across California, Nevada, Arizona, and Washington.\",\"legalName\":\"West Coast Trial Lawyers\"}]}<\/script>\n<!-- \/ Yoast SEO Premium plugin. -->","yoast_head_json":{"title":"Abogado de accidentes de autob\u00fas de Glendale\u00a0 | West Coast Trial Lawyers","robots":{"index":"index","follow":"follow","max-snippet":"max-snippet:-1","max-image-preview":"max-image-preview:large","max-video-preview":"max-video-preview:-1"},"canonical":"https:\/\/westcoasttriallawyers.com\/es\/california\/glendale\/abogado-de-accidentes-de-autobus-de-glendale","og_locale":"es_ES","og_type":"article","og_title":"Abogado de accidentes de autob\u00fas de Glendale\u00a0","og_description":"Causas comunes de un accidente de autob\u00fas y qu\u00e9 debe considerar hacer despu\u00e9s para obtener una oferta de acuerdo justo Glendale Beeline tiene alrededor de 12 rutas de autob\u00fas disponibles para que las personas las usen. Se espera que los conductores de autobuses que son responsables de recoger y dejar pasajeros en estas rutas brinden [&hellip;]","og_url":"https:\/\/westcoasttriallawyers.com\/es\/california\/glendale\/abogado-de-accidentes-de-autobus-de-glendale","og_site_name":"West Coast Trial Lawyers","article_publisher":"https:\/\/www.facebook.com\/westcoasttriallawyers\/","article_modified_time":"2026-01-21T10:48:03+00:00","og_image":[{"width":557,"height":327,"url":"https:\/\/westcoasttriallawyers.com\/wp-content\/uploads\/2025\/07\/Glendale-23.webp","type":"image\/webp"}],"twitter_card":"summary_large_image","twitter_site":"@WestCoastTrial","twitter_misc":{"Tiempo de lectura":"6 minutos"},"schema":{"@context":"https:\/\/schema.org","@graph":[{"@type":["WebPage","ItemPage"],"@id":"https:\/\/westcoasttriallawyers.com\/es\/california\/glendale\/abogado-de-accidentes-de-autobus-de-glendale","url":"https:\/\/westcoasttriallawyers.com\/es\/california\/glendale\/abogado-de-accidentes-de-autobus-de-glendale","name":"Abogado de accidentes de autob\u00fas de Glendale\u00a0 | West Coast Trial Lawyers","isPartOf":{"@id":"https:\/\/westcoasttriallawyers.com\/es#website"},"primaryImageOfPage":{"@id":"https:\/\/westcoasttriallawyers.com\/es\/california\/glendale\/abogado-de-accidentes-de-autobus-de-glendale#primaryimage"},"image":{"@id":"https:\/\/westcoasttriallawyers.com\/es\/california\/glendale\/abogado-de-accidentes-de-autobus-de-glendale#primaryimage"},"thumbnailUrl":"https:\/\/westcoasttriallawyers.com\/wp-content\/uploads\/2025\/07\/Glendale-23.webp","datePublished":"2026-01-13T23:06:48+00:00","dateModified":"2026-01-21T10:48:03+00:00","breadcrumb":{"@id":"https:\/\/westcoasttriallawyers.com\/es\/california\/glendale\/abogado-de-accidentes-de-autobus-de-glendale#breadcrumb"},"inLanguage":"es","potentialAction":[{"@type":"ReadAction","target":["https:\/\/westcoasttriallawyers.com\/es\/california\/glendale\/abogado-de-accidentes-de-autobus-de-glendale"]}]},{"@type":"ImageObject","inLanguage":"es","@id":"https:\/\/westcoasttriallawyers.com\/es\/california\/glendale\/abogado-de-accidentes-de-autobus-de-glendale#primaryimage","url":"https:\/\/westcoasttriallawyers.com\/wp-content\/uploads\/2025\/07\/Glendale-23.webp","contentUrl":"https:\/\/westcoasttriallawyers.com\/wp-content\/uploads\/2025\/07\/Glendale-23.webp","width":557,"height":327},{"@type":"BreadcrumbList","@id":"https:\/\/westcoasttriallawyers.com\/es\/california\/glendale\/abogado-de-accidentes-de-autobus-de-glendale#breadcrumb","itemListElement":[{"@type":"ListItem","position":1,"name":"Inicio","item":"https:\/\/westcoasttriallawyers.com\/es"},{"@type":"ListItem","position":2,"name":"California","item":"https:\/\/westcoasttriallawyers.com\/es\/california"},{"@type":"ListItem","position":3,"name":"Glendale","item":"https:\/\/westcoasttriallawyers.com\/es\/california\/glendale"},{"@type":"ListItem","position":4,"name":"Abogado de accidentes de autob\u00fas de Glendale\u00a0"}]},{"@type":"WebSite","@id":"https:\/\/westcoasttriallawyers.com\/es#website","url":"https:\/\/westcoasttriallawyers.com\/es","name":"West Coast Trial Lawyers","description":"West Coast Trial Lawyers","publisher":{"@id":"https:\/\/westcoasttriallawyers.com\/es#organization"},"alternateName":"WCTL","potentialAction":[{"@type":"SearchAction","target":{"@type":"EntryPoint","urlTemplate":"https:\/\/westcoasttriallawyers.com\/es?s={search_term_string}"},"query-input":{"@type":"PropertyValueSpecification","valueRequired":true,"valueName":"search_term_string"}}],"inLanguage":"es"},{"@type":"Organization","@id":"https:\/\/westcoasttriallawyers.com\/es#organization","name":"West Coast Trial Lawyers","alternateName":"WCTL","url":"https:\/\/westcoasttriallawyers.com\/es","logo":{"@type":"ImageObject","inLanguage":"es","@id":"https:\/\/westcoasttriallawyers.com\/es#\/schema\/logo\/image\/","url":"https:\/\/westcoasttriallawyers.com\/wp-content\/uploads\/2026\/02\/WCTL-Logo.jpg","contentUrl":"https:\/\/westcoasttriallawyers.com\/wp-content\/uploads\/2026\/02\/WCTL-Logo.jpg","width":696,"height":696,"caption":"West Coast Trial Lawyers"},"image":{"@id":"https:\/\/westcoasttriallawyers.com\/es#\/schema\/logo\/image\/"},"sameAs":["https:\/\/www.facebook.com\/westcoasttriallawyers\/","https:\/\/x.com\/WestCoastTrial","https:\/\/www.linkedin.com\/company\/west-coast-trial-lawyers\/","https:\/\/www.instagram.com\/westcoasttriallawyers\/","https:\/\/www.yelp.com\/biz\/west-coast-trial-lawyers-los-angeles-2","https:\/\/www.pinterest.com\/westcoasttrial\/","https:\/\/www.youtube.com\/westcoasttriallawyersla\/","https:\/\/www.tiktok.com\/westcoasttriallawyers"],"description":"West Coast Trial Lawyers is a top-rated personal injury law firm with a goal to provide expert legal representation to those in need. The law firm has offices across California, Nevada, Arizona, and Washington.","legalName":"West Coast Trial Lawyers"}]}},"_links":{"self":[{"href":"https:\/\/westcoasttriallawyers.com\/es\/wp-json\/wp\/v2\/pages\/13016","targetHints":{"allow":["GET"]}}],"collection":[{"href":"https:\/\/westcoasttriallawyers.com\/es\/wp-json\/wp\/v2\/pages"}],"about":[{"href":"https:\/\/westcoasttriallawyers.com\/es\/wp-json\/wp\/v2\/types\/page"}],"author":[{"embeddable":true,"href":"https:\/\/westcoasttriallawyers.com\/es\/wp-json\/wp\/v2\/users\/475"}],"replies":[{"embeddable":true,"href":"https:\/\/westcoasttriallawyers.com\/es\/wp-json\/wp\/v2\/comments?post=13016"}],"version-history":[{"count":3,"href":"https:\/\/westcoasttriallawyers.com\/es\/wp-json\/wp\/v2\/pages\/13016\/revisions"}],"predecessor-version":[{"id":47627,"href":"https:\/\/westcoasttriallawyers.com\/es\/wp-json\/wp\/v2\/pages\/13016\/revisions\/47627"}],"up":[{"embeddable":true,"href":"https:\/\/westcoasttriallawyers.com\/es\/wp-json\/wp\/v2\/pages\/47286"}],"wp:featuredmedia":[{"embeddable":true,"href":"https:\/\/westcoasttriallawyers.com\/es\/wp-json\/wp\/v2\/media\/45734"}],"wp:attachment":[{"href":"https:\/\/westcoasttriallawyers.com\/es\/wp-json\/wp\/v2\/media?parent=13016"}],"curies":[{"name":"wp","href":"https:\/\/api.w.org\/{rel}","templated":true}]}}