{"id":13014,"date":"2026-01-13T23:06:40","date_gmt":"2026-01-13T23:06:40","guid":{"rendered":"https:\/\/wctl1stg.wpengine.com\/?page_id=13014"},"modified":"2026-01-21T11:21:55","modified_gmt":"2026-01-21T11:21:55","slug":"abogados-de-accidentes-de-peatones-de-glendale","status":"publish","type":"page","link":"https:\/\/westcoasttriallawyers.com\/es\/california\/glendale\/abogados-de-accidentes-de-peatones-de-glendale","title":{"rendered":"Abogados de accidentes de peatones de Glendale"},"content":{"rendered":"<h2><strong>Tipos comunes de accidentes de peatones y c\u00f3mo reducir sus posibilidades de verse involucrado en uno<\/strong><\/h2>\n<p>Glendale tiene una poblaci\u00f3n estimada de 199,303 residentes. Con tantos peatones y conductores compartiendo las calles, es inevitable que en alg\u00fan momento surja un accidente peatonal. En los \u00faltimos a\u00f1os, ha habido varios accidentes de peatones que involucran atropellos y fugas, y el m\u00e1s reciente ocurri\u00f3 en julio de 2021. Se recomienda encarecidamente a las v\u00edctimas de un accidente de peatones que se comuniquen con un abogado de accidentes de peatones. El abogado los ayudar\u00e1 a construir un caso para recuperar la m\u00e1xima compensaci\u00f3n por da\u00f1os econ\u00f3micos y no econ\u00f3micos.<\/p>\n<p>En West Coast Trial Lawyers, contamos con abogados experimentados en accidentes de peatones en Glendale con m\u00e1s de 60 a\u00f1os de experiencia legal colectiva en el manejo de casos de lesiones personales. Hemos ganado m\u00e1s de 5000 casos y obtenido m\u00e1s de mil millones de d\u00f3lares en acuerdos para nuestros clientes. Debido a nuestros logros, hemos sido reconocidos como uno de los mejores bufetes de abogados de lesiones personales en Glendale.<\/p>\n<p>Para solicitar una consulta gratuita en nuestro bufete de abogados de lesiones personales de Glendale, comun\u00edquese con nuestro equipo legal las 24 horas, los 7 d\u00edas de la semana llamando al&nbsp;<strong>213-927-3700<\/strong> o enviando un correo electr\u00f3nico a&nbsp;<a href=\"mailto:info@westcoasttriallawyers.com\"><strong>info@westcoasttriallawyers.com<\/strong><\/a><strong>.<\/strong><\/p>\n<h2><strong>Tipos de accidentes de peatones<\/strong><\/h2>\n<p>Los accidentes comunes que han ocurrido en las carreteras de Glendale incluyen los siguientes:<\/p>\n<ul>\n<li><strong>Un veh\u00edculo retrocediendo.&nbsp;<\/strong>Esto ocurre com\u00fanmente en los estacionamientos. Los conductores tienden a tener dificultades para ver a los peatones debido a que otros veh\u00edculos bloquean su vista. Las entradas de veh\u00edculos tambi\u00e9n pueden bloquear la vista de un conductor cuando intenta regresar a la carretera. Independientemente de la visibilidad, un conductor siempre debe retroceder con precauci\u00f3n para asegurarse de no golpear a los peatones que pasan caminando.<\/li>\n<li><strong>Accidente todoterreno.<\/strong> Esto sucede cuando un conductor se sale de la carretera y golpea a los peatones cercanos en la acera.<\/li>\n<li><strong>Peat\u00f3n al costado de la carretera.<\/strong> Este tipo de accidente ocurre cuando no hay acera disponible. Debido a esto, es posible que un peat\u00f3n tenga que caminar por una peque\u00f1a parte de la carretera. Esto puede convertirse en un escenario peligroso, especialmente si est\u00e1 oscuro afuera o si hay malas condiciones clim\u00e1ticas. Estas dos circunstancias pueden dificultar que un conductor vea a un peat\u00f3n mientras est\u00e1 en la carretera.<\/li>\n<li><strong>Un peat\u00f3n cruzando una autopista.<\/strong> Esto generalmente ocurre cuando el veh\u00edculo de un peat\u00f3n se descompone o se ve involucrado en un accidente en una carretera. Siempre es mejor que el peat\u00f3n permanezca en un lugar seguro cerca de la escena del accidente hasta que llegue la ayuda.<\/li>\n<li><strong>Conducci\u00f3n de veh\u00edculos a trav\u00e9s de una intersecci\u00f3n.<\/strong> Este incidente ocurre cuando un peat\u00f3n est\u00e1 cruzando una intersecci\u00f3n y es atropellado por un conductor que va directamente por esa intersecci\u00f3n. Este tipo de accidentes son especialmente imprudentes y pueden someter al conductor a da\u00f1os punitivos.<\/li>\n<li><strong>Veh\u00edculo girando en una intersecci\u00f3n.&nbsp;<\/strong>Esto sucede cuando un conductor da vuelta y golpea a un peat\u00f3n que cruza la calle. Los conductores generalmente ser\u00e1n responsables de este tipo de accidente ya que los peatones siempre tienen el derecho de paso en una intersecci\u00f3n.<\/li>\n<li><strong>No ceder el paso en un cruce de peatones.&nbsp;<\/strong>Los cruces peatonales se hacen para mantener seguros a los peatones cuando cruzan la calle. Sin embargo, hay conductores negligentes que no ceden el paso en un cruce de peatones y proceden a conducir sin importar si hay un peat\u00f3n presente.<\/li>\n<li><strong>Cruzar repentinamente la carretera.<\/strong> Esto es a menudo responsabilidad de un peat\u00f3n negligente. Por lo general, sucede cuando un peat\u00f3n cruza repentinamente la calle mientras se acercan veh\u00edculos que se aproximan. En este tipo de accidentes, el peat\u00f3n es responsable por no usar el paso de peatones. Sin embargo, los conductores tambi\u00e9n pueden ser considerados responsables si contribuyeron con alg\u00fan tipo de negligencia, como exceso de velocidad o conducir bajo la influencia.<\/li>\n<\/ul>\n<p>Las v\u00edctimas de accidentes de peatones tienen derecho a recibir una compensaci\u00f3n por las p\u00e9rdidas causadas por el conductor negligente. Debe contratar a un abogado con experiencia en lesiones personales para que le brinde asistencia legal, lo que lo ayudar\u00e1 a obtener una compensaci\u00f3n justa para cubrir cualquier da\u00f1o, incluidas las facturas m\u00e9dicas, los salarios perdidos, el dolor y el sufrimiento, y m\u00e1s.<\/p>\n<h2><strong>9 consejos para reducir los accidentes de peatones<\/strong><\/h2>\n<ul>\n<li><strong>No deje su veh\u00edculo.<\/strong> Si est\u00e1 involucrado en una emergencia en la carretera, puede salir para revisar su veh\u00edculo, pero debe regresar a su veh\u00edculo despu\u00e9s de haber completado su tarea.<\/li>\n<li><strong>No use su tel\u00e9fono mientras camina.&nbsp;<\/strong>Preste mucha atenci\u00f3n a su entorno cuando est\u00e9 caminando por la calle. Mirar su tel\u00e9fono puede distraerlo de notar peligros potenciales, especialmente cuando camina en un cruce de peatones.<\/li>\n<li><strong>Utilice un paso de peatones.<\/strong> Ha habido circunstancias en las que las personas han cruzado una calle sin usar un cruce peatonal, especialmente en un \u00e1rea poblada. Esta es una acci\u00f3n peligrosa que puede poner en riesgo su vida, por lo que es importante usar los cruces peatonales para mantener seguros tanto a usted como a los conductores cercanos.<\/li>\n<li><strong>Hacer contacto visual.&nbsp;<\/strong>Aunque tenga el derecho de paso como peat\u00f3n, no debe suponer que los veh\u00edculos que se le acercan se detendr\u00e1n o que incluso pueden verlo. Haga contacto visual con el conductor para confirmar que lo nota antes de intentar cruzar la calle.<\/li>\n<li><strong>Tenga cuidado con los autos estacionados.<\/strong> Evite caminar en una calle entre autos estacionados. Los conductores no esperan que una persona cruce la calle repentinamente mientras est\u00e1 all\u00ed. Si decide pararse entre dos autos estacionados, aseg\u00farese de que el conductor no est\u00e9 a punto de encender el auto para irse.<\/li>\n<li><strong>Mire a su derecha e izquierda al cruzar la calle.<\/strong> Por razones de seguridad, es importante mirar a ambos lados antes de cruzar la calle. Debe verificar si se acerca alg\u00fan autom\u00f3vil que se aproxime para saber si est\u00e1 lo suficientemente seguro como para caminar hacia el otro lado de la carretera.<\/li>\n<li><strong>Permanezca en la acera.<\/strong> Evite caminar por la calle, a menos que est\u00e9 usando un paso de peatones. Correr\u00e1 el riesgo de ser atropellado por un veh\u00edculo que se aproxima. Siempre debes caminar por la acera.<\/li>\n<li><strong>Aseg\u00farate de ser visible.<\/strong> Si planea dar un paseo durante la noche, debe usar ropa brillante o reflectante.<\/li>\n<li><strong>No consuma alcohol en exceso antes de caminar.<\/strong> El alcohol nubla su visi\u00f3n, perjudica su mente y limita su capacidad para caminar. Debe ser consciente de su entorno para garantizar su seguridad, o de lo contrario puede tener un accidente.<\/li>\n<\/ul>\n<h2><strong>Cont\u00e1ctenos<\/strong><\/h2>\n<p>Si estuvo involucrado en un accidente de peatones, West Coast Trial Lawyers tiene abogados con experiencia en accidentes de peatones de Glendale disponibles para ayudarlo a manejar su caso.<\/p>\n<p>Cont\u00e1ctenos hoy llamando al&nbsp;<strong>213-927-3700<\/strong> o enviando un correo electr\u00f3nico a&nbsp;<a href=\"mailto:info@westcoasttriallawyers.com\"><strong>info@westcoasttriallawyers.com<\/strong><\/a><strong>&nbsp;<\/strong>para programar una consulta gratuita en nuestro bufete de abogados de lesiones personales de Glendale.<br \/>\n<!-- WCTL_DEBUG: no shortcode in this_content --><\/p>\n","protected":false},"excerpt":{"rendered":"<p>Tipos comunes de accidentes de peatones y c\u00f3mo reducir sus posibilidades de verse involucrado en uno Glendale tiene una poblaci\u00f3n estimada de 199,303 residentes. Con tantos peatones y conductores compartiendo las calles, es inevitable que en alg\u00fan momento surja un accidente peatonal. En los \u00faltimos a\u00f1os, ha habido varios accidentes de peatones que involucran atropellos [&hellip;]<\/p>\n","protected":false},"author":475,"featured_media":45699,"parent":47286,"menu_order":0,"comment_status":"closed","ping_status":"closed","template":"","meta":{"inline_featured_image":false,"footnotes":""},"class_list":["post-13014","page","type-page","status-publish","has-post-thumbnail","hentry"],"acf":[],"yoast_head":"<!-- This site is optimized with the Yoast SEO Premium plugin v26.0 (Yoast SEO v26.0) - https:\/\/yoast.com\/wordpress\/plugins\/seo\/ -->\n<title>Abogados de accidentes de peatones de Glendale | West Coast Trial Lawyers<\/title>\n<meta name=\"robots\" content=\"index, follow, max-snippet:-1, max-image-preview:large, max-video-preview:-1\" \/>\n<link rel=\"canonical\" href=\"https:\/\/westcoasttriallawyers.com\/es\/california\/glendale\/abogados-de-accidentes-de-peatones-de-glendale\" \/>\n<meta property=\"og:locale\" content=\"es_ES\" \/>\n<meta property=\"og:type\" content=\"article\" \/>\n<meta property=\"og:title\" content=\"Abogados de accidentes de peatones de Glendale\" \/>\n<meta property=\"og:description\" content=\"Tipos comunes de accidentes de peatones y c\u00f3mo reducir sus posibilidades de verse involucrado en uno Glendale tiene una poblaci\u00f3n estimada de 199,303 residentes. Con tantos peatones y conductores compartiendo las calles, es inevitable que en alg\u00fan momento surja un accidente peatonal. En los \u00faltimos a\u00f1os, ha habido varios accidentes de peatones que involucran atropellos [&hellip;]\" \/>\n<meta property=\"og:url\" content=\"https:\/\/westcoasttriallawyers.com\/es\/california\/glendale\/abogados-de-accidentes-de-peatones-de-glendale\" \/>\n<meta property=\"og:site_name\" content=\"West Coast Trial Lawyers\" \/>\n<meta property=\"article:publisher\" content=\"https:\/\/www.facebook.com\/westcoasttriallawyers\/\" \/>\n<meta property=\"article:modified_time\" content=\"2026-01-21T11:21:55+00:00\" \/>\n<meta property=\"og:image\" content=\"https:\/\/westcoasttriallawyers.com\/wp-content\/uploads\/2025\/07\/Glendale-9.webp\" \/>\n\t<meta property=\"og:image:width\" content=\"557\" \/>\n\t<meta property=\"og:image:height\" content=\"327\" \/>\n\t<meta property=\"og:image:type\" content=\"image\/webp\" \/>\n<meta name=\"twitter:card\" content=\"summary_large_image\" \/>\n<meta name=\"twitter:site\" content=\"@WestCoastTrial\" \/>\n<meta name=\"twitter:label1\" content=\"Tiempo de lectura\" \/>\n\t<meta name=\"twitter:data1\" content=\"6 minutos\" \/>\n<script type=\"application\/ld+json\" class=\"yoast-schema-graph\">{\"@context\":\"https:\/\/schema.org\",\"@graph\":[{\"@type\":[\"WebPage\",\"ItemPage\"],\"@id\":\"https:\/\/westcoasttriallawyers.com\/es\/california\/glendale\/abogados-de-accidentes-de-peatones-de-glendale\",\"url\":\"https:\/\/westcoasttriallawyers.com\/es\/california\/glendale\/abogados-de-accidentes-de-peatones-de-glendale\",\"name\":\"Abogados de accidentes de peatones de Glendale | West Coast Trial Lawyers\",\"isPartOf\":{\"@id\":\"https:\/\/westcoasttriallawyers.com\/es#website\"},\"primaryImageOfPage\":{\"@id\":\"https:\/\/westcoasttriallawyers.com\/es\/california\/glendale\/abogados-de-accidentes-de-peatones-de-glendale#primaryimage\"},\"image\":{\"@id\":\"https:\/\/westcoasttriallawyers.com\/es\/california\/glendale\/abogados-de-accidentes-de-peatones-de-glendale#primaryimage\"},\"thumbnailUrl\":\"https:\/\/westcoasttriallawyers.com\/wp-content\/uploads\/2025\/07\/Glendale-9.webp\",\"datePublished\":\"2026-01-13T23:06:40+00:00\",\"dateModified\":\"2026-01-21T11:21:55+00:00\",\"breadcrumb\":{\"@id\":\"https:\/\/westcoasttriallawyers.com\/es\/california\/glendale\/abogados-de-accidentes-de-peatones-de-glendale#breadcrumb\"},\"inLanguage\":\"es\",\"potentialAction\":[{\"@type\":\"ReadAction\",\"target\":[\"https:\/\/westcoasttriallawyers.com\/es\/california\/glendale\/abogados-de-accidentes-de-peatones-de-glendale\"]}]},{\"@type\":\"ImageObject\",\"inLanguage\":\"es\",\"@id\":\"https:\/\/westcoasttriallawyers.com\/es\/california\/glendale\/abogados-de-accidentes-de-peatones-de-glendale#primaryimage\",\"url\":\"https:\/\/westcoasttriallawyers.com\/wp-content\/uploads\/2025\/07\/Glendale-9.webp\",\"contentUrl\":\"https:\/\/westcoasttriallawyers.com\/wp-content\/uploads\/2025\/07\/Glendale-9.webp\",\"width\":557,\"height\":327},{\"@type\":\"BreadcrumbList\",\"@id\":\"https:\/\/westcoasttriallawyers.com\/es\/california\/glendale\/abogados-de-accidentes-de-peatones-de-glendale#breadcrumb\",\"itemListElement\":[{\"@type\":\"ListItem\",\"position\":1,\"name\":\"Inicio\",\"item\":\"https:\/\/westcoasttriallawyers.com\/es\"},{\"@type\":\"ListItem\",\"position\":2,\"name\":\"California\",\"item\":\"https:\/\/westcoasttriallawyers.com\/es\/california\"},{\"@type\":\"ListItem\",\"position\":3,\"name\":\"Glendale\",\"item\":\"https:\/\/westcoasttriallawyers.com\/es\/california\/glendale\"},{\"@type\":\"ListItem\",\"position\":4,\"name\":\"Abogados de accidentes de peatones de Glendale\"}]},{\"@type\":\"WebSite\",\"@id\":\"https:\/\/westcoasttriallawyers.com\/es#website\",\"url\":\"https:\/\/westcoasttriallawyers.com\/es\",\"name\":\"West Coast Trial Lawyers\",\"description\":\"West Coast Trial Lawyers\",\"publisher\":{\"@id\":\"https:\/\/westcoasttriallawyers.com\/es#organization\"},\"alternateName\":\"WCTL\",\"potentialAction\":[{\"@type\":\"SearchAction\",\"target\":{\"@type\":\"EntryPoint\",\"urlTemplate\":\"https:\/\/westcoasttriallawyers.com\/es?s={search_term_string}\"},\"query-input\":{\"@type\":\"PropertyValueSpecification\",\"valueRequired\":true,\"valueName\":\"search_term_string\"}}],\"inLanguage\":\"es\"},{\"@type\":\"Organization\",\"@id\":\"https:\/\/westcoasttriallawyers.com\/es#organization\",\"name\":\"West Coast Trial Lawyers\",\"alternateName\":\"WCTL\",\"url\":\"https:\/\/westcoasttriallawyers.com\/es\",\"logo\":{\"@type\":\"ImageObject\",\"inLanguage\":\"es\",\"@id\":\"https:\/\/westcoasttriallawyers.com\/es#\/schema\/logo\/image\/\",\"url\":\"https:\/\/westcoasttriallawyers.com\/wp-content\/uploads\/2026\/02\/WCTL-Logo.jpg\",\"contentUrl\":\"https:\/\/westcoasttriallawyers.com\/wp-content\/uploads\/2026\/02\/WCTL-Logo.jpg\",\"width\":696,\"height\":696,\"caption\":\"West Coast Trial Lawyers\"},\"image\":{\"@id\":\"https:\/\/westcoasttriallawyers.com\/es#\/schema\/logo\/image\/\"},\"sameAs\":[\"https:\/\/www.facebook.com\/westcoasttriallawyers\/\",\"https:\/\/x.com\/WestCoastTrial\",\"https:\/\/www.linkedin.com\/company\/west-coast-trial-lawyers\/\",\"https:\/\/www.instagram.com\/westcoasttriallawyers\/\",\"https:\/\/www.yelp.com\/biz\/west-coast-trial-lawyers-los-angeles-2\",\"https:\/\/www.pinterest.com\/westcoasttrial\/\",\"https:\/\/www.youtube.com\/westcoasttriallawyersla\/\",\"https:\/\/www.tiktok.com\/westcoasttriallawyers\"],\"description\":\"West Coast Trial Lawyers is a top-rated personal injury law firm with a goal to provide expert legal representation to those in need. The law firm has offices across California, Nevada, Arizona, and Washington.\",\"legalName\":\"West Coast Trial Lawyers\"}]}<\/script>\n<!-- \/ Yoast SEO Premium plugin. -->","yoast_head_json":{"title":"Abogados de accidentes de peatones de Glendale | West Coast Trial Lawyers","robots":{"index":"index","follow":"follow","max-snippet":"max-snippet:-1","max-image-preview":"max-image-preview:large","max-video-preview":"max-video-preview:-1"},"canonical":"https:\/\/westcoasttriallawyers.com\/es\/california\/glendale\/abogados-de-accidentes-de-peatones-de-glendale","og_locale":"es_ES","og_type":"article","og_title":"Abogados de accidentes de peatones de Glendale","og_description":"Tipos comunes de accidentes de peatones y c\u00f3mo reducir sus posibilidades de verse involucrado en uno Glendale tiene una poblaci\u00f3n estimada de 199,303 residentes. Con tantos peatones y conductores compartiendo las calles, es inevitable que en alg\u00fan momento surja un accidente peatonal. En los \u00faltimos a\u00f1os, ha habido varios accidentes de peatones que involucran atropellos [&hellip;]","og_url":"https:\/\/westcoasttriallawyers.com\/es\/california\/glendale\/abogados-de-accidentes-de-peatones-de-glendale","og_site_name":"West Coast Trial Lawyers","article_publisher":"https:\/\/www.facebook.com\/westcoasttriallawyers\/","article_modified_time":"2026-01-21T11:21:55+00:00","og_image":[{"width":557,"height":327,"url":"https:\/\/westcoasttriallawyers.com\/wp-content\/uploads\/2025\/07\/Glendale-9.webp","type":"image\/webp"}],"twitter_card":"summary_large_image","twitter_site":"@WestCoastTrial","twitter_misc":{"Tiempo de lectura":"6 minutos"},"schema":{"@context":"https:\/\/schema.org","@graph":[{"@type":["WebPage","ItemPage"],"@id":"https:\/\/westcoasttriallawyers.com\/es\/california\/glendale\/abogados-de-accidentes-de-peatones-de-glendale","url":"https:\/\/westcoasttriallawyers.com\/es\/california\/glendale\/abogados-de-accidentes-de-peatones-de-glendale","name":"Abogados de accidentes de peatones de Glendale | West Coast Trial Lawyers","isPartOf":{"@id":"https:\/\/westcoasttriallawyers.com\/es#website"},"primaryImageOfPage":{"@id":"https:\/\/westcoasttriallawyers.com\/es\/california\/glendale\/abogados-de-accidentes-de-peatones-de-glendale#primaryimage"},"image":{"@id":"https:\/\/westcoasttriallawyers.com\/es\/california\/glendale\/abogados-de-accidentes-de-peatones-de-glendale#primaryimage"},"thumbnailUrl":"https:\/\/westcoasttriallawyers.com\/wp-content\/uploads\/2025\/07\/Glendale-9.webp","datePublished":"2026-01-13T23:06:40+00:00","dateModified":"2026-01-21T11:21:55+00:00","breadcrumb":{"@id":"https:\/\/westcoasttriallawyers.com\/es\/california\/glendale\/abogados-de-accidentes-de-peatones-de-glendale#breadcrumb"},"inLanguage":"es","potentialAction":[{"@type":"ReadAction","target":["https:\/\/westcoasttriallawyers.com\/es\/california\/glendale\/abogados-de-accidentes-de-peatones-de-glendale"]}]},{"@type":"ImageObject","inLanguage":"es","@id":"https:\/\/westcoasttriallawyers.com\/es\/california\/glendale\/abogados-de-accidentes-de-peatones-de-glendale#primaryimage","url":"https:\/\/westcoasttriallawyers.com\/wp-content\/uploads\/2025\/07\/Glendale-9.webp","contentUrl":"https:\/\/westcoasttriallawyers.com\/wp-content\/uploads\/2025\/07\/Glendale-9.webp","width":557,"height":327},{"@type":"BreadcrumbList","@id":"https:\/\/westcoasttriallawyers.com\/es\/california\/glendale\/abogados-de-accidentes-de-peatones-de-glendale#breadcrumb","itemListElement":[{"@type":"ListItem","position":1,"name":"Inicio","item":"https:\/\/westcoasttriallawyers.com\/es"},{"@type":"ListItem","position":2,"name":"California","item":"https:\/\/westcoasttriallawyers.com\/es\/california"},{"@type":"ListItem","position":3,"name":"Glendale","item":"https:\/\/westcoasttriallawyers.com\/es\/california\/glendale"},{"@type":"ListItem","position":4,"name":"Abogados de accidentes de peatones de Glendale"}]},{"@type":"WebSite","@id":"https:\/\/westcoasttriallawyers.com\/es#website","url":"https:\/\/westcoasttriallawyers.com\/es","name":"West Coast Trial Lawyers","description":"West Coast Trial Lawyers","publisher":{"@id":"https:\/\/westcoasttriallawyers.com\/es#organization"},"alternateName":"WCTL","potentialAction":[{"@type":"SearchAction","target":{"@type":"EntryPoint","urlTemplate":"https:\/\/westcoasttriallawyers.com\/es?s={search_term_string}"},"query-input":{"@type":"PropertyValueSpecification","valueRequired":true,"valueName":"search_term_string"}}],"inLanguage":"es"},{"@type":"Organization","@id":"https:\/\/westcoasttriallawyers.com\/es#organization","name":"West Coast Trial Lawyers","alternateName":"WCTL","url":"https:\/\/westcoasttriallawyers.com\/es","logo":{"@type":"ImageObject","inLanguage":"es","@id":"https:\/\/westcoasttriallawyers.com\/es#\/schema\/logo\/image\/","url":"https:\/\/westcoasttriallawyers.com\/wp-content\/uploads\/2026\/02\/WCTL-Logo.jpg","contentUrl":"https:\/\/westcoasttriallawyers.com\/wp-content\/uploads\/2026\/02\/WCTL-Logo.jpg","width":696,"height":696,"caption":"West Coast Trial Lawyers"},"image":{"@id":"https:\/\/westcoasttriallawyers.com\/es#\/schema\/logo\/image\/"},"sameAs":["https:\/\/www.facebook.com\/westcoasttriallawyers\/","https:\/\/x.com\/WestCoastTrial","https:\/\/www.linkedin.com\/company\/west-coast-trial-lawyers\/","https:\/\/www.instagram.com\/westcoasttriallawyers\/","https:\/\/www.yelp.com\/biz\/west-coast-trial-lawyers-los-angeles-2","https:\/\/www.pinterest.com\/westcoasttrial\/","https:\/\/www.youtube.com\/westcoasttriallawyersla\/","https:\/\/www.tiktok.com\/westcoasttriallawyers"],"description":"West Coast Trial Lawyers is a top-rated personal injury law firm with a goal to provide expert legal representation to those in need. The law firm has offices across California, Nevada, Arizona, and Washington.","legalName":"West Coast Trial Lawyers"}]}},"_links":{"self":[{"href":"https:\/\/westcoasttriallawyers.com\/es\/wp-json\/wp\/v2\/pages\/13014","targetHints":{"allow":["GET"]}}],"collection":[{"href":"https:\/\/westcoasttriallawyers.com\/es\/wp-json\/wp\/v2\/pages"}],"about":[{"href":"https:\/\/westcoasttriallawyers.com\/es\/wp-json\/wp\/v2\/types\/page"}],"author":[{"embeddable":true,"href":"https:\/\/westcoasttriallawyers.com\/es\/wp-json\/wp\/v2\/users\/475"}],"replies":[{"embeddable":true,"href":"https:\/\/westcoasttriallawyers.com\/es\/wp-json\/wp\/v2\/comments?post=13014"}],"version-history":[{"count":3,"href":"https:\/\/westcoasttriallawyers.com\/es\/wp-json\/wp\/v2\/pages\/13014\/revisions"}],"predecessor-version":[{"id":47641,"href":"https:\/\/westcoasttriallawyers.com\/es\/wp-json\/wp\/v2\/pages\/13014\/revisions\/47641"}],"up":[{"embeddable":true,"href":"https:\/\/westcoasttriallawyers.com\/es\/wp-json\/wp\/v2\/pages\/47286"}],"wp:featuredmedia":[{"embeddable":true,"href":"https:\/\/westcoasttriallawyers.com\/es\/wp-json\/wp\/v2\/media\/45699"}],"wp:attachment":[{"href":"https:\/\/westcoasttriallawyers.com\/es\/wp-json\/wp\/v2\/media?parent=13014"}],"curies":[{"name":"wp","href":"https:\/\/api.w.org\/{rel}","templated":true}]}}