{"id":13010,"date":"2026-01-13T23:06:38","date_gmt":"2026-01-13T23:06:38","guid":{"rendered":"https:\/\/wctl1stg.wpengine.com\/?page_id=13010"},"modified":"2026-01-21T10:55:58","modified_gmt":"2026-01-21T10:55:58","slug":"abogado-de-mordedura-de-perro-de-glendale","status":"publish","type":"page","link":"https:\/\/westcoasttriallawyers.com\/es\/california\/glendale\/abogado-de-mordedura-de-perro-de-glendale","title":{"rendered":"Abogado de mordedura de perro de Glendale"},"content":{"rendered":"<h2><strong>C\u00f3mo saber cu\u00e1ndo un perro est\u00e1 listo para atacar y qu\u00e9 debe hacer para protegerse<\/strong><\/h2>\n<p>Se espera que los due\u00f1os de perros les ense\u00f1en a sus perros c\u00f3mo comportarse y actuar apropiadamente, especialmente cuando est\u00e1n en p\u00fablico. Aquellos que animan a sus mascotas a volverse agresivas e intimidantes pueden exponerse a consecuencias legales si se causan lesiones o da\u00f1os debido a su negligencia.<\/p>\n<p>Si fue mordido por un perro feroz y le gustar\u00eda emprender acciones legales contra el due\u00f1o del perro, West Coast Trial Lawyers tiene abogados experimentados en mordeduras de perros de Glendale que tienen m\u00e1s de 60 a\u00f1os de experiencia legal colectiva en el manejo de casos de lesiones personales. Hemos ganado m\u00e1s de 5,000 casos y recuperado m\u00e1s de $1,000 millones en acuerdos para nuestros clientes. Debido a nuestros logros, hemos sido reconocidos como uno de los mejores bufetes de abogados de lesiones personales en Glendale.<\/p>\n<p>Comun\u00edquese hoy con nuestro equipo legal disponible las 24 horas, los 7 d\u00edas de la semana llamando al (<strong>213-927-3700<\/strong> o enviando un correo electr\u00f3nico a<strong>&nbsp;<\/strong><a href=\"mailto:info@westcoasttriallawyers.com\"><strong>info@westcoasttriallawyers.com<\/strong><\/a> para programar una consulta gratuita y sin compromiso en nuestro bufete de abogados de lesiones personales de Glendale.<\/p>\n<h2><strong>\u00bfPor qu\u00e9 atacan los perros?<\/strong><\/h2>\n<p>No hay una raz\u00f3n exacta por la cual los perros atacan a los humanos. Hay varios escenarios que pueden causar que un perro ataque. \u00c9stos incluyen:<\/p>\n<ul>\n<li>Proteger su territorio o a otro miembro de su manada;<\/li>\n<li>Estar ansioso, asustado o amenazado, y<\/li>\n<li>Ser ense\u00f1ado a comportarse agresivamente con los dem\u00e1s.<\/li>\n<\/ul>\n<p>Cuando un perro ve peatones, especialmente corredores y ciclistas, es posible que el movimiento los dispare debido a sus instintos depredadores. Generalmente, a los perros les gusta perseguir a los que est\u00e1n en movimiento. Sin embargo, es responsabilidad del due\u00f1o asegurarse de ense\u00f1arle a su perro c\u00f3mo comportarse apropiadamente cuando est\u00e1 en p\u00fablico. Los due\u00f1os de perros que no hagan esto pueden meterse en problemas con la ley si su perro muerde a alguien.<\/p>\n<h2><strong>C\u00f3mo saber cu\u00e1ndo un perro est\u00e1 a punto de morder<\/strong><\/h2>\n<p>Puede ser dif\u00edcil para los due\u00f1os de perros saber cu\u00e1ndo su perro est\u00e1 a punto de morder a alguien. Para tener una idea de qu\u00e9 esperar cuando se trata de un perro que muestra signos de angustia, aqu\u00ed hay algunas cosas que debe tener en cuenta:<\/p>\n<ul>\n<li><strong>Gru\u00f1endo.<\/strong> Los perros pueden mostrar signos de agresi\u00f3n cuando gru\u00f1en o muestran los dientes. Por lo general, hacen esto cuando se sienten inc\u00f3modos, enojados o amenazados. Ser mordido por un perro, independientemente de su tama\u00f1o, podr\u00eda resultar en una lesi\u00f3n grave. Si notas esta se\u00f1al, dale al perro algo de tiempo y espacio para que se relaje y evitar que te ataque.<\/li>\n<li><strong>Bostezando.<\/strong> Cuando los perros se sienten ansiosos cerca de alguien, evitar\u00e1n el contacto visual. Tambi\u00e9n pueden lamerse los labios y bostezar. Esto no significa que el perro est\u00e9 listo para morder, pero muestra signos de que el perro se siente angustiado.<\/li>\n<li><strong>Piel levantada.<\/strong> Si un perro se siente inquieto o amenazado, su pelo se eriza. Esta es una se\u00f1al de advertencia para que quienes lo rodean sepan que est\u00e1 listo para atacar.<\/li>\n<li><strong>Cuerpo Tenso.<\/strong> Tener el cuerpo tenso indica que tu perro est\u00e1 agitado. Los perros suelen mostrar una emoci\u00f3n constante cuando est\u00e1n de buen humor. Una vez que su cuerpo se ponga r\u00edgido, entonces deber\u00edas empezar a preocuparte. Si notas que un perro levanta las orejas y la cola, es se\u00f1al de que se est\u00e1 preparando para protegerse de ti.<\/li>\n<li><strong>Moviendo la cola.&nbsp;<\/strong>Cuando los perros mueven la cola, las personas asumen autom\u00e1ticamente que est\u00e1n felices. Sin embargo, bajo algunas circunstancias, tambi\u00e9n podr\u00eda significar que est\u00e1n al l\u00edmite. Para diferenciar entre un \u00abmovimiento feliz\u00bb y un \u00abmovimiento enojado\u00bb, debe prestar atenci\u00f3n a su lenguaje corporal completo. Tenga cuidado cuando vea un perro que est\u00e1 parado con la cola levantada. Esto podr\u00eda significar que se est\u00e1n protegiendo o prepar\u00e1ndose para atacar.<\/li>\n<\/ul>\n<h2><strong>Qu\u00e9 hacer cuando un perro te ataca<\/strong><\/h2>\n<p>Las mordeduras de perro a menudo ocurren inesperadamente. Esto puede hacer que le resulte dif\u00edcil prepararse de antemano. Sin embargo, todav\u00eda tienes formas de defenderte. Si te ataca un perro, debes crear una barrera. Verifique si tiene algo sobre usted o cerca de usted para usarlo como distracci\u00f3n. El perro podr\u00eda dejar de concentrarse en morderte y prestar atenci\u00f3n al objeto que est\u00e1s usando. Tambi\u00e9n puedes lanzar el objeto para que el perro te suelte y lo persiga. Esta ser\u00eda la mejor oportunidad para que hagas tu escape.<\/p>\n<p>Las mordeduras de perros pueden causar lesiones graves y mortales. Se recomienda encarecidamente que se proteja la cara, la garganta y el pecho si nota que un perro agresivo se acerca a usted. Estas son t\u00edpicamente las \u00e1reas de acceso para que un perro muerda.<\/p>\n<h2><strong>Cont\u00e1ctenos<\/strong><\/h2>\n<p>Si usted es v\u00edctima de una lesi\u00f3n por mordedura de perro y desea presentar una demanda contra el due\u00f1o del perro, West Coast Trial Lawyers tiene abogados especializados en mordeduras de perro en Glendale que lo ayudar\u00e1n a obtener da\u00f1os econ\u00f3micos y no econ\u00f3micos por sus p\u00e9rdidas, incluidas las facturas m\u00e9dicas, salarios perdidos, dolor y sufrimiento, y m\u00e1s.<\/p>\n<p>Para programar una consulta gratuita en nuestro bufete de abogados de lesiones personales de Glendale, comun\u00edquese con nuestro personal legal las 24 horas, los 7 d\u00edas de la semana llamando al<strong> 213-927-3700<\/strong> o enviando un correo electr\u00f3nico a&nbsp;<a href=\"mailto:info@westcoasttriallawyers.com\"><strong>info@westcoasttriallawyers.com<\/strong><\/a><strong>.&nbsp;<\/strong><br \/>\n<!-- WCTL_DEBUG: no shortcode in this_content --><\/p>\n","protected":false},"excerpt":{"rendered":"<p>C\u00f3mo saber cu\u00e1ndo un perro est\u00e1 listo para atacar y qu\u00e9 debe hacer para protegerse Se espera que los due\u00f1os de perros les ense\u00f1en a sus perros c\u00f3mo comportarse y actuar apropiadamente, especialmente cuando est\u00e1n en p\u00fablico. Aquellos que animan a sus mascotas a volverse agresivas e intimidantes pueden exponerse a consecuencias legales si se [&hellip;]<\/p>\n","protected":false},"author":475,"featured_media":24302,"parent":47286,"menu_order":0,"comment_status":"closed","ping_status":"closed","template":"","meta":{"inline_featured_image":false,"footnotes":""},"class_list":["post-13010","page","type-page","status-publish","has-post-thumbnail","hentry"],"acf":[],"yoast_head":"<!-- This site is optimized with the Yoast SEO Premium plugin v26.0 (Yoast SEO v26.0) - https:\/\/yoast.com\/wordpress\/plugins\/seo\/ -->\n<title>Abogado de mordedura de perro de Glendale | West Coast Trial Lawyers<\/title>\n<meta name=\"robots\" content=\"index, follow, max-snippet:-1, max-image-preview:large, max-video-preview:-1\" \/>\n<link rel=\"canonical\" href=\"https:\/\/westcoasttriallawyers.com\/es\/california\/glendale\/abogado-de-mordedura-de-perro-de-glendale\" \/>\n<meta property=\"og:locale\" content=\"es_ES\" \/>\n<meta property=\"og:type\" content=\"article\" \/>\n<meta property=\"og:title\" content=\"Abogado de mordedura de perro de Glendale\" \/>\n<meta property=\"og:description\" content=\"C\u00f3mo saber cu\u00e1ndo un perro est\u00e1 listo para atacar y qu\u00e9 debe hacer para protegerse Se espera que los due\u00f1os de perros les ense\u00f1en a sus perros c\u00f3mo comportarse y actuar apropiadamente, especialmente cuando est\u00e1n en p\u00fablico. Aquellos que animan a sus mascotas a volverse agresivas e intimidantes pueden exponerse a consecuencias legales si se [&hellip;]\" \/>\n<meta property=\"og:url\" content=\"https:\/\/westcoasttriallawyers.com\/es\/california\/glendale\/abogado-de-mordedura-de-perro-de-glendale\" \/>\n<meta property=\"og:site_name\" content=\"West Coast Trial Lawyers\" \/>\n<meta property=\"article:publisher\" content=\"https:\/\/www.facebook.com\/westcoasttriallawyers\/\" \/>\n<meta property=\"article:modified_time\" content=\"2026-01-21T10:55:58+00:00\" \/>\n<meta property=\"og:image\" content=\"https:\/\/westcoasttriallawyers.com\/wp-content\/uploads\/2025\/07\/Glendale-5.webp\" \/>\n\t<meta property=\"og:image:width\" content=\"557\" \/>\n\t<meta property=\"og:image:height\" content=\"327\" \/>\n\t<meta property=\"og:image:type\" content=\"image\/webp\" \/>\n<meta name=\"twitter:card\" content=\"summary_large_image\" \/>\n<meta name=\"twitter:site\" content=\"@WestCoastTrial\" \/>\n<meta name=\"twitter:label1\" content=\"Tiempo de lectura\" \/>\n\t<meta name=\"twitter:data1\" content=\"5 minutos\" \/>\n<script type=\"application\/ld+json\" class=\"yoast-schema-graph\">{\"@context\":\"https:\/\/schema.org\",\"@graph\":[{\"@type\":[\"WebPage\",\"ItemPage\"],\"@id\":\"https:\/\/westcoasttriallawyers.com\/es\/california\/glendale\/abogado-de-mordedura-de-perro-de-glendale\",\"url\":\"https:\/\/westcoasttriallawyers.com\/es\/california\/glendale\/abogado-de-mordedura-de-perro-de-glendale\",\"name\":\"Abogado de mordedura de perro de Glendale | West Coast Trial Lawyers\",\"isPartOf\":{\"@id\":\"https:\/\/westcoasttriallawyers.com\/es#website\"},\"primaryImageOfPage\":{\"@id\":\"https:\/\/westcoasttriallawyers.com\/es\/california\/glendale\/abogado-de-mordedura-de-perro-de-glendale#primaryimage\"},\"image\":{\"@id\":\"https:\/\/westcoasttriallawyers.com\/es\/california\/glendale\/abogado-de-mordedura-de-perro-de-glendale#primaryimage\"},\"thumbnailUrl\":\"https:\/\/westcoasttriallawyers.com\/wp-content\/uploads\/2025\/07\/Glendale.webp\",\"datePublished\":\"2026-01-13T23:06:38+00:00\",\"dateModified\":\"2026-01-21T10:55:58+00:00\",\"breadcrumb\":{\"@id\":\"https:\/\/westcoasttriallawyers.com\/es\/california\/glendale\/abogado-de-mordedura-de-perro-de-glendale#breadcrumb\"},\"inLanguage\":\"es\",\"potentialAction\":[{\"@type\":\"ReadAction\",\"target\":[\"https:\/\/westcoasttriallawyers.com\/es\/california\/glendale\/abogado-de-mordedura-de-perro-de-glendale\"]}]},{\"@type\":\"ImageObject\",\"inLanguage\":\"es\",\"@id\":\"https:\/\/westcoasttriallawyers.com\/es\/california\/glendale\/abogado-de-mordedura-de-perro-de-glendale#primaryimage\",\"url\":\"https:\/\/westcoasttriallawyers.com\/wp-content\/uploads\/2025\/07\/Glendale.webp\",\"contentUrl\":\"https:\/\/westcoasttriallawyers.com\/wp-content\/uploads\/2025\/07\/Glendale.webp\",\"width\":557,\"height\":327,\"caption\":\"An overview of Glendale, CA.\"},{\"@type\":\"BreadcrumbList\",\"@id\":\"https:\/\/westcoasttriallawyers.com\/es\/california\/glendale\/abogado-de-mordedura-de-perro-de-glendale#breadcrumb\",\"itemListElement\":[{\"@type\":\"ListItem\",\"position\":1,\"name\":\"Inicio\",\"item\":\"https:\/\/westcoasttriallawyers.com\/es\"},{\"@type\":\"ListItem\",\"position\":2,\"name\":\"California\",\"item\":\"https:\/\/westcoasttriallawyers.com\/es\/california\"},{\"@type\":\"ListItem\",\"position\":3,\"name\":\"Glendale\",\"item\":\"https:\/\/westcoasttriallawyers.com\/es\/california\/glendale\"},{\"@type\":\"ListItem\",\"position\":4,\"name\":\"Abogado de mordedura de perro de Glendale\"}]},{\"@type\":\"WebSite\",\"@id\":\"https:\/\/westcoasttriallawyers.com\/es#website\",\"url\":\"https:\/\/westcoasttriallawyers.com\/es\",\"name\":\"West Coast Trial Lawyers\",\"description\":\"West Coast Trial Lawyers\",\"publisher\":{\"@id\":\"https:\/\/westcoasttriallawyers.com\/es#organization\"},\"alternateName\":\"WCTL\",\"potentialAction\":[{\"@type\":\"SearchAction\",\"target\":{\"@type\":\"EntryPoint\",\"urlTemplate\":\"https:\/\/westcoasttriallawyers.com\/es?s={search_term_string}\"},\"query-input\":{\"@type\":\"PropertyValueSpecification\",\"valueRequired\":true,\"valueName\":\"search_term_string\"}}],\"inLanguage\":\"es\"},{\"@type\":\"Organization\",\"@id\":\"https:\/\/westcoasttriallawyers.com\/es#organization\",\"name\":\"West Coast Trial Lawyers\",\"alternateName\":\"WCTL\",\"url\":\"https:\/\/westcoasttriallawyers.com\/es\",\"logo\":{\"@type\":\"ImageObject\",\"inLanguage\":\"es\",\"@id\":\"https:\/\/westcoasttriallawyers.com\/es#\/schema\/logo\/image\/\",\"url\":\"https:\/\/westcoasttriallawyers.com\/wp-content\/uploads\/2026\/02\/WCTL-Logo.jpg\",\"contentUrl\":\"https:\/\/westcoasttriallawyers.com\/wp-content\/uploads\/2026\/02\/WCTL-Logo.jpg\",\"width\":696,\"height\":696,\"caption\":\"West Coast Trial Lawyers\"},\"image\":{\"@id\":\"https:\/\/westcoasttriallawyers.com\/es#\/schema\/logo\/image\/\"},\"sameAs\":[\"https:\/\/www.facebook.com\/westcoasttriallawyers\/\",\"https:\/\/x.com\/WestCoastTrial\",\"https:\/\/www.linkedin.com\/company\/west-coast-trial-lawyers\/\",\"https:\/\/www.instagram.com\/westcoasttriallawyers\/\",\"https:\/\/www.yelp.com\/biz\/west-coast-trial-lawyers-los-angeles-2\",\"https:\/\/www.pinterest.com\/westcoasttrial\/\",\"https:\/\/www.youtube.com\/westcoasttriallawyersla\/\",\"https:\/\/www.tiktok.com\/westcoasttriallawyers\"],\"description\":\"West Coast Trial Lawyers is a top-rated personal injury law firm with a goal to provide expert legal representation to those in need. The law firm has offices across California, Nevada, Arizona, and Washington.\",\"legalName\":\"West Coast Trial Lawyers\"}]}<\/script>\n<!-- \/ Yoast SEO Premium plugin. -->","yoast_head_json":{"title":"Abogado de mordedura de perro de Glendale | West Coast Trial Lawyers","robots":{"index":"index","follow":"follow","max-snippet":"max-snippet:-1","max-image-preview":"max-image-preview:large","max-video-preview":"max-video-preview:-1"},"canonical":"https:\/\/westcoasttriallawyers.com\/es\/california\/glendale\/abogado-de-mordedura-de-perro-de-glendale","og_locale":"es_ES","og_type":"article","og_title":"Abogado de mordedura de perro de Glendale","og_description":"C\u00f3mo saber cu\u00e1ndo un perro est\u00e1 listo para atacar y qu\u00e9 debe hacer para protegerse Se espera que los due\u00f1os de perros les ense\u00f1en a sus perros c\u00f3mo comportarse y actuar apropiadamente, especialmente cuando est\u00e1n en p\u00fablico. Aquellos que animan a sus mascotas a volverse agresivas e intimidantes pueden exponerse a consecuencias legales si se [&hellip;]","og_url":"https:\/\/westcoasttriallawyers.com\/es\/california\/glendale\/abogado-de-mordedura-de-perro-de-glendale","og_site_name":"West Coast Trial Lawyers","article_publisher":"https:\/\/www.facebook.com\/westcoasttriallawyers\/","article_modified_time":"2026-01-21T10:55:58+00:00","og_image":[{"width":557,"height":327,"url":"https:\/\/westcoasttriallawyers.com\/wp-content\/uploads\/2025\/07\/Glendale-5.webp","type":"image\/webp"}],"twitter_card":"summary_large_image","twitter_site":"@WestCoastTrial","twitter_misc":{"Tiempo de lectura":"5 minutos"},"schema":{"@context":"https:\/\/schema.org","@graph":[{"@type":["WebPage","ItemPage"],"@id":"https:\/\/westcoasttriallawyers.com\/es\/california\/glendale\/abogado-de-mordedura-de-perro-de-glendale","url":"https:\/\/westcoasttriallawyers.com\/es\/california\/glendale\/abogado-de-mordedura-de-perro-de-glendale","name":"Abogado de mordedura de perro de Glendale | West Coast Trial Lawyers","isPartOf":{"@id":"https:\/\/westcoasttriallawyers.com\/es#website"},"primaryImageOfPage":{"@id":"https:\/\/westcoasttriallawyers.com\/es\/california\/glendale\/abogado-de-mordedura-de-perro-de-glendale#primaryimage"},"image":{"@id":"https:\/\/westcoasttriallawyers.com\/es\/california\/glendale\/abogado-de-mordedura-de-perro-de-glendale#primaryimage"},"thumbnailUrl":"https:\/\/westcoasttriallawyers.com\/wp-content\/uploads\/2025\/07\/Glendale.webp","datePublished":"2026-01-13T23:06:38+00:00","dateModified":"2026-01-21T10:55:58+00:00","breadcrumb":{"@id":"https:\/\/westcoasttriallawyers.com\/es\/california\/glendale\/abogado-de-mordedura-de-perro-de-glendale#breadcrumb"},"inLanguage":"es","potentialAction":[{"@type":"ReadAction","target":["https:\/\/westcoasttriallawyers.com\/es\/california\/glendale\/abogado-de-mordedura-de-perro-de-glendale"]}]},{"@type":"ImageObject","inLanguage":"es","@id":"https:\/\/westcoasttriallawyers.com\/es\/california\/glendale\/abogado-de-mordedura-de-perro-de-glendale#primaryimage","url":"https:\/\/westcoasttriallawyers.com\/wp-content\/uploads\/2025\/07\/Glendale.webp","contentUrl":"https:\/\/westcoasttriallawyers.com\/wp-content\/uploads\/2025\/07\/Glendale.webp","width":557,"height":327,"caption":"An overview of Glendale, CA."},{"@type":"BreadcrumbList","@id":"https:\/\/westcoasttriallawyers.com\/es\/california\/glendale\/abogado-de-mordedura-de-perro-de-glendale#breadcrumb","itemListElement":[{"@type":"ListItem","position":1,"name":"Inicio","item":"https:\/\/westcoasttriallawyers.com\/es"},{"@type":"ListItem","position":2,"name":"California","item":"https:\/\/westcoasttriallawyers.com\/es\/california"},{"@type":"ListItem","position":3,"name":"Glendale","item":"https:\/\/westcoasttriallawyers.com\/es\/california\/glendale"},{"@type":"ListItem","position":4,"name":"Abogado de mordedura de perro de Glendale"}]},{"@type":"WebSite","@id":"https:\/\/westcoasttriallawyers.com\/es#website","url":"https:\/\/westcoasttriallawyers.com\/es","name":"West Coast Trial Lawyers","description":"West Coast Trial Lawyers","publisher":{"@id":"https:\/\/westcoasttriallawyers.com\/es#organization"},"alternateName":"WCTL","potentialAction":[{"@type":"SearchAction","target":{"@type":"EntryPoint","urlTemplate":"https:\/\/westcoasttriallawyers.com\/es?s={search_term_string}"},"query-input":{"@type":"PropertyValueSpecification","valueRequired":true,"valueName":"search_term_string"}}],"inLanguage":"es"},{"@type":"Organization","@id":"https:\/\/westcoasttriallawyers.com\/es#organization","name":"West Coast Trial Lawyers","alternateName":"WCTL","url":"https:\/\/westcoasttriallawyers.com\/es","logo":{"@type":"ImageObject","inLanguage":"es","@id":"https:\/\/westcoasttriallawyers.com\/es#\/schema\/logo\/image\/","url":"https:\/\/westcoasttriallawyers.com\/wp-content\/uploads\/2026\/02\/WCTL-Logo.jpg","contentUrl":"https:\/\/westcoasttriallawyers.com\/wp-content\/uploads\/2026\/02\/WCTL-Logo.jpg","width":696,"height":696,"caption":"West Coast Trial Lawyers"},"image":{"@id":"https:\/\/westcoasttriallawyers.com\/es#\/schema\/logo\/image\/"},"sameAs":["https:\/\/www.facebook.com\/westcoasttriallawyers\/","https:\/\/x.com\/WestCoastTrial","https:\/\/www.linkedin.com\/company\/west-coast-trial-lawyers\/","https:\/\/www.instagram.com\/westcoasttriallawyers\/","https:\/\/www.yelp.com\/biz\/west-coast-trial-lawyers-los-angeles-2","https:\/\/www.pinterest.com\/westcoasttrial\/","https:\/\/www.youtube.com\/westcoasttriallawyersla\/","https:\/\/www.tiktok.com\/westcoasttriallawyers"],"description":"West Coast Trial Lawyers is a top-rated personal injury law firm with a goal to provide expert legal representation to those in need. The law firm has offices across California, Nevada, Arizona, and Washington.","legalName":"West Coast Trial Lawyers"}]}},"_links":{"self":[{"href":"https:\/\/westcoasttriallawyers.com\/es\/wp-json\/wp\/v2\/pages\/13010","targetHints":{"allow":["GET"]}}],"collection":[{"href":"https:\/\/westcoasttriallawyers.com\/es\/wp-json\/wp\/v2\/pages"}],"about":[{"href":"https:\/\/westcoasttriallawyers.com\/es\/wp-json\/wp\/v2\/types\/page"}],"author":[{"embeddable":true,"href":"https:\/\/westcoasttriallawyers.com\/es\/wp-json\/wp\/v2\/users\/475"}],"replies":[{"embeddable":true,"href":"https:\/\/westcoasttriallawyers.com\/es\/wp-json\/wp\/v2\/comments?post=13010"}],"version-history":[{"count":3,"href":"https:\/\/westcoasttriallawyers.com\/es\/wp-json\/wp\/v2\/pages\/13010\/revisions"}],"predecessor-version":[{"id":47632,"href":"https:\/\/westcoasttriallawyers.com\/es\/wp-json\/wp\/v2\/pages\/13010\/revisions\/47632"}],"up":[{"embeddable":true,"href":"https:\/\/westcoasttriallawyers.com\/es\/wp-json\/wp\/v2\/pages\/47286"}],"wp:featuredmedia":[{"embeddable":true,"href":"https:\/\/westcoasttriallawyers.com\/es\/wp-json\/wp\/v2\/media\/24302"}],"wp:attachment":[{"href":"https:\/\/westcoasttriallawyers.com\/es\/wp-json\/wp\/v2\/media?parent=13010"}],"curies":[{"name":"wp","href":"https:\/\/api.w.org\/{rel}","templated":true}]}}