{"id":12990,"date":"2026-01-14T18:29:14","date_gmt":"2026-01-14T18:29:14","guid":{"rendered":"https:\/\/wctl1stg.wpengine.com\/?page_id=12990"},"modified":"2026-01-22T10:27:36","modified_gmt":"2026-01-22T10:27:36","slug":"abogado-de-accidentes-de-camiones-en-pasadena","status":"publish","type":"page","link":"https:\/\/westcoasttriallawyers.com\/es\/california\/pasadena\/abogado-de-accidentes-de-camiones-en-pasadena","title":{"rendered":"Abogado de accidentes de camiones en Pasadena"},"content":{"rendered":"<h2><strong>Causas comunes de un accidente de cami\u00f3n y qu\u00e9 medidas debe tomar para aumentar sus posibilidades de obtener una oferta de acuerdo justo<\/strong><\/h2>\n<p>Las calles de Pasadena est\u00e1n llenas de miles de veh\u00edculos diariamente. Debido a la gran congesti\u00f3n del tr\u00e1fico, es importante que el conductor de un cami\u00f3n conduzca con precauci\u00f3n adicional, especialmente en un veh\u00edculo con puntos ciegos tan grandes. Si un conductor de cami\u00f3n no conduce con cuidado, puede desencadenar un accidente que podr\u00eda dejarlo parcial o totalmente responsable de los da\u00f1os.<\/p>\n<p>En West Coast Trial Lawyers, brindamos asistencia legal experta para v\u00edctimas lesionadas de accidentes de camiones. Nuestro equipo de abogados de accidentes de camiones en Pasadena ha ganado m\u00e1s de 5,000 casos de lesiones personales y ha obtenido m\u00e1s de $1,000 millones en acuerdos para clientes. Debido a nuestros logros, hemos sido reconocidos como uno de los mejores bufetes de abogados de lesiones personales en Pasadena. Con m\u00e1s de 60 a\u00f1os de experiencia legal colectiva, estamos seguros de que estar\u00e1 satisfecho con lo que tenemos para ofrecerle.<\/p>\n<p>Nuestro bufete de abogados de lesiones personales de Pasadena est\u00e1 disponible para comunicarse las 24 horas del d\u00eda, los 7 d\u00edas de la semana. Ll\u00e1menos al<strong> 213-927-3700<\/strong> o env\u00ede un correo electr\u00f3nico a&nbsp;<a href=\"mailto:info@westcoasttriallawyers.com\"><strong>info@westcoasttriallawyers.com<\/strong><\/a><strong>&nbsp;<\/strong>para programar su consulta gratuita hoy.<\/p>\n<h2><strong>Causas Comunes de Accidentes de Camiones en Pasadena<\/strong><\/h2>\n<p>Hay varios factores que pueden contribuir a un accidente de cami\u00f3n. \u00c9stos incluyen:<\/p>\n<ul>\n<li><strong>Exceso de velocidad.&nbsp;<\/strong>Los camioneros est\u00e1n sujetos a estrictos plazos de entrega que deben cumplir. Hay muchas circunstancias que pueden causar demoras, como el tr\u00e1fico, carreteras defectuosas, accidentes o malas condiciones clim\u00e1ticas. Si un conductor de cami\u00f3n est\u00e1 experimentando un retraso que lo hace retroceder en su horario, puede sentirse obligado a acelerar, lo que puede provocar un accidente.<\/li>\n<li><strong>Sin controles de mantenimiento.&nbsp;<\/strong>Es importante que los camiones pasen por una revisi\u00f3n de mantenimiento antes de que los conductores comiencen sus turnos. Los camiones deben cumplir con los requisitos de seguridad para garantizar que no haya posibilidades de aver\u00eda o mal funcionamiento en medio de una carretera o carretera.<\/li>\n<li><strong>Falta de experiencia.&nbsp;<\/strong>Si un conductor de cami\u00f3n no ha recibido la capacitaci\u00f3n adecuada o no tiene una licencia de conducir comercial oficial, no debe operar un cami\u00f3n en la v\u00eda p\u00fablica. No solo pondr\u00e1n en riesgo sus vidas, sino que tambi\u00e9n pueden da\u00f1ar a otros conductores cercanos.<\/li>\n<li><strong>Fatiga.&nbsp;<\/strong>Esta es una de las causas m\u00e1s comunes de un accidente de cami\u00f3n. Dado que los conductores de camiones trabajan muchas horas, tienden a tener sue\u00f1o y cansancio. Adem\u00e1s, se les presiona para que cumplan los plazos. Esto les dificulta tomar descansos, lo que resulta en la privaci\u00f3n del sue\u00f1o. Si los conductores de camiones no duermen lo suficiente y est\u00e1n fatigados, es casi inevitable que se queden dormidos al volante.<\/li>\n<li><strong>Distra\u00eddo.<\/strong> Los conductores de camiones pueden aburrirse despu\u00e9s de conducir durante varias horas en la carretera. Eventualmente, pueden comenzar a usar sus tel\u00e9fonos para revisar mensajes de texto o conectarse a Internet. De todos modos, quitar la vista de la carretera, aunque sea por unos segundos, es peligroso.<\/li>\n<li><strong>Bajo la influencia de drogas o alcohol.&nbsp;<\/strong>Es com\u00fan que los camioneros consuman drogas o alcohol para aliviar el estr\u00e9s de cumplir con los plazos o permanecer despiertos durante su turno. Sin embargo, conducir bajo la influencia es un acto negligente que no se debe hacer. Los camioneros est\u00e1n operando un veh\u00edculo grande que podr\u00eda causar da\u00f1os significativos a otros conductores cercanos si no se maneja de manera segura. Todos los conductores de camiones tienen un deber adicional de cuidado mientras est\u00e1n detr\u00e1s del volante.<\/li>\n<\/ul>\n<h2><strong>Consejos de seguridad para conducir un cami\u00f3n en Pasadena<\/strong><\/h2>\n<ul>\n<li><strong>Compruebe si hay malas condiciones meteorol\u00f3gicas.<\/strong> Se recomienda encarecidamente verificar el clima antes de sacar el cami\u00f3n a dar un paseo. Esto le ayudar\u00e1 a tener una idea de c\u00f3mo prepararse mejor mientras viaja.<\/li>\n<li><strong>Conduzca con precauci\u00f3n por la noche.<\/strong> Debe tomar precauciones adicionales al conducir de noche, como usar la iluminaci\u00f3n adecuada. Adem\u00e1s, aseg\u00farese de conducir despacio y verifique su entorno con frecuencia.<\/li>\n<li><strong>Mant\u00e9n tu velocidad.&nbsp;<\/strong>No exceda el l\u00edmite de velocidad. Dado que los camiones comerciales reaccionan m\u00e1s lentamente ante situaciones inesperadas, es importante mantener la velocidad a un nivel seguro. Tambi\u00e9n debe conducir despacio al hacer giros o usar rampas de acceso. No se sienta presionado por otros autos detr\u00e1s de usted. Su seguridad es mucho m\u00e1s importante.<\/li>\n<li><strong>No haga cambios frecuentes de carril.<\/strong> Los camiones tienen grandes puntos ciegos, por lo que hacer cambios de carril innecesarios aumentar\u00e1 las posibilidades de una colisi\u00f3n. Los cambios de carril solo son necesarios cuando el conductor de un cami\u00f3n necesita ir en una direcci\u00f3n diferente, pero deben hacerse con precauci\u00f3n. Siempre debe tener en cuenta sus puntos ciegos y prestarles atenci\u00f3n al cambiar de carril.<\/li>\n<li><strong>Aseg\u00farate de que gozas de buena salud.<\/strong> Los conductores de camiones pueden verse privados de sue\u00f1o o fatigados mientras est\u00e1n en la carretera. Es importante detenerse y tomar un descanso si las condiciones de salud contin\u00faan empeorando. Es ideal para bajar de tu camioneta y dar un agradable paseo para ejercitar las piernas. Tambi\u00e9n debe obtener algo de comida para mantenerse con energ\u00eda mientras viaja durante varias horas.<\/li>\n<li><strong>Haz una revisi\u00f3n de mantenimiento.&nbsp;<\/strong>Como se indic\u00f3 anteriormente, se requieren controles de mantenimiento. Debe asegurarse de que su cami\u00f3n siga los est\u00e1ndares de las pautas de seguridad. Si hace una parada para descansar, tambi\u00e9n debe tomarse el tiempo para revisar el cami\u00f3n para asegurarse de que todav\u00eda est\u00e1 en buenas condiciones.<\/li>\n<li><strong>Proporcione espacio extra delante de su cami\u00f3n.<\/strong> Permitir una buena cantidad de espacio frente a su cami\u00f3n lo mantendr\u00e1 fuera de peligro potencial. Adem\u00e1s, tendr\u00e1 m\u00e1s tiempo para reaccionar ante cualquier peligro que pueda encontrar m\u00e1s adelante. En general, cuanto m\u00e1s espacio te des, m\u00e1s f\u00e1cilmente reaccionar\u00e1s ante cualquier peligro en la carretera que pueda aparecer de repente.<\/li>\n<li><strong>Usa GPS.<\/strong> Un GPS hace que sea m\u00e1s conveniente para los conductores de camiones saber hacia d\u00f3nde se dirigen. Adem\u00e1s, brinda informaci\u00f3n sobre las condiciones del tr\u00e1fico cercano y dirige al conductor a la ruta m\u00e1s r\u00e1pida disponible.<\/li>\n<li><strong>Trate de evitar conducir en tr\u00e1fico pesado.<\/strong> Si es posible, trate de evitar conducir en el tr\u00e1fico. Conducir en condiciones de mucho tr\u00e1fico podr\u00eda aumentar sus posibilidades de tener un accidente de cami\u00f3n. No solo eso, sino que tambi\u00e9n puede retrasar a un conductor de cami\u00f3n en su horario.<\/li>\n<\/ul>\n<h2><strong>Cont\u00e1ctenos<\/strong><\/h2>\n<p>Si estuvo involucrado en un accidente de cami\u00f3n, West Coast Trial Lawyers tiene abogados de accidentes de camiones en Pasadena que est\u00e1n decididos a obtener la compensaci\u00f3n que merecen por sus p\u00e9rdidas.<\/p>\n<p>Para programar una consulta gratuita y sin compromiso en nuestro bufete de abogados de lesiones personales de Pasadena, comun\u00edquese con nuestro equipo legal las 24 horas, los 7 d\u00edas de la semana llamando al&nbsp;<strong>213-927-3700<\/strong> o enviando un correo electr\u00f3nico a&nbsp;<a href=\"mailto:info@westcoasttriallawyers.com\"><strong>info@westcoasttriallawyers.com<\/strong><\/a><strong>.&nbsp;<\/strong><br \/>\n<!-- WCTL_DEBUG: no shortcode in this_content --><\/p>\n","protected":false},"excerpt":{"rendered":"<p>Causas comunes de un accidente de cami\u00f3n y qu\u00e9 medidas debe tomar para aumentar sus posibilidades de obtener una oferta de acuerdo justo Las calles de Pasadena est\u00e1n llenas de miles de veh\u00edculos diariamente. Debido a la gran congesti\u00f3n del tr\u00e1fico, es importante que el conductor de un cami\u00f3n conduzca con precauci\u00f3n adicional, especialmente en [&hellip;]<\/p>\n","protected":false},"author":475,"featured_media":47065,"parent":47423,"menu_order":0,"comment_status":"closed","ping_status":"closed","template":"","meta":{"inline_featured_image":false,"footnotes":""},"class_list":["post-12990","page","type-page","status-publish","has-post-thumbnail","hentry"],"acf":[],"yoast_head":"<!-- This site is optimized with the Yoast SEO Premium plugin v26.0 (Yoast SEO v26.0) - https:\/\/yoast.com\/wordpress\/plugins\/seo\/ -->\n<title>Abogado de accidentes de camiones en Pasadena | West Coast Trial Lawyers<\/title>\n<meta name=\"robots\" content=\"index, follow, max-snippet:-1, max-image-preview:large, max-video-preview:-1\" \/>\n<link rel=\"canonical\" href=\"https:\/\/westcoasttriallawyers.com\/es\/california\/pasadena\/abogado-de-accidentes-de-camiones-en-pasadena\" \/>\n<meta property=\"og:locale\" content=\"es_ES\" \/>\n<meta property=\"og:type\" content=\"article\" \/>\n<meta property=\"og:title\" content=\"Abogado de accidentes de camiones en Pasadena\" \/>\n<meta property=\"og:description\" content=\"Causas comunes de un accidente de cami\u00f3n y qu\u00e9 medidas debe tomar para aumentar sus posibilidades de obtener una oferta de acuerdo justo Las calles de Pasadena est\u00e1n llenas de miles de veh\u00edculos diariamente. Debido a la gran congesti\u00f3n del tr\u00e1fico, es importante que el conductor de un cami\u00f3n conduzca con precauci\u00f3n adicional, especialmente en [&hellip;]\" \/>\n<meta property=\"og:url\" content=\"https:\/\/westcoasttriallawyers.com\/es\/california\/pasadena\/abogado-de-accidentes-de-camiones-en-pasadena\" \/>\n<meta property=\"og:site_name\" content=\"West Coast Trial Lawyers\" \/>\n<meta property=\"article:publisher\" content=\"https:\/\/www.facebook.com\/westcoasttriallawyers\/\" \/>\n<meta property=\"article:modified_time\" content=\"2026-01-22T10:27:36+00:00\" \/>\n<meta property=\"og:image\" content=\"https:\/\/westcoasttriallawyers.com\/wp-content\/uploads\/2025\/07\/Pasadena-Featured-Image-scaled-13.webp\" \/>\n\t<meta property=\"og:image:width\" content=\"2560\" \/>\n\t<meta property=\"og:image:height\" content=\"1350\" \/>\n\t<meta property=\"og:image:type\" content=\"image\/webp\" \/>\n<meta name=\"twitter:card\" content=\"summary_large_image\" \/>\n<meta name=\"twitter:site\" content=\"@WestCoastTrial\" \/>\n<meta name=\"twitter:label1\" content=\"Tiempo de lectura\" \/>\n\t<meta name=\"twitter:data1\" content=\"11 minutos\" \/>\n<script type=\"application\/ld+json\" class=\"yoast-schema-graph\">{\"@context\":\"https:\/\/schema.org\",\"@graph\":[{\"@type\":[\"WebPage\",\"ItemPage\"],\"@id\":\"https:\/\/westcoasttriallawyers.com\/es\/california\/pasadena\/abogado-de-accidentes-de-camiones-en-pasadena\",\"url\":\"https:\/\/westcoasttriallawyers.com\/es\/california\/pasadena\/abogado-de-accidentes-de-camiones-en-pasadena\",\"name\":\"Abogado de accidentes de camiones en Pasadena | West Coast Trial Lawyers\",\"isPartOf\":{\"@id\":\"https:\/\/westcoasttriallawyers.com\/es#website\"},\"primaryImageOfPage\":{\"@id\":\"https:\/\/westcoasttriallawyers.com\/es\/california\/pasadena\/abogado-de-accidentes-de-camiones-en-pasadena#primaryimage\"},\"image\":{\"@id\":\"https:\/\/westcoasttriallawyers.com\/es\/california\/pasadena\/abogado-de-accidentes-de-camiones-en-pasadena#primaryimage\"},\"thumbnailUrl\":\"https:\/\/westcoasttriallawyers.com\/wp-content\/uploads\/2025\/07\/Pasadena-Featured-Image-scaled-13.webp\",\"datePublished\":\"2026-01-14T18:29:14+00:00\",\"dateModified\":\"2026-01-22T10:27:36+00:00\",\"breadcrumb\":{\"@id\":\"https:\/\/westcoasttriallawyers.com\/es\/california\/pasadena\/abogado-de-accidentes-de-camiones-en-pasadena#breadcrumb\"},\"inLanguage\":\"es\",\"potentialAction\":[{\"@type\":\"ReadAction\",\"target\":[\"https:\/\/westcoasttriallawyers.com\/es\/california\/pasadena\/abogado-de-accidentes-de-camiones-en-pasadena\"]}]},{\"@type\":\"ImageObject\",\"inLanguage\":\"es\",\"@id\":\"https:\/\/westcoasttriallawyers.com\/es\/california\/pasadena\/abogado-de-accidentes-de-camiones-en-pasadena#primaryimage\",\"url\":\"https:\/\/westcoasttriallawyers.com\/wp-content\/uploads\/2025\/07\/Pasadena-Featured-Image-scaled-13.webp\",\"contentUrl\":\"https:\/\/westcoasttriallawyers.com\/wp-content\/uploads\/2025\/07\/Pasadena-Featured-Image-scaled-13.webp\",\"width\":2560,\"height\":1350},{\"@type\":\"BreadcrumbList\",\"@id\":\"https:\/\/westcoasttriallawyers.com\/es\/california\/pasadena\/abogado-de-accidentes-de-camiones-en-pasadena#breadcrumb\",\"itemListElement\":[{\"@type\":\"ListItem\",\"position\":1,\"name\":\"Inicio\",\"item\":\"https:\/\/westcoasttriallawyers.com\/es\"},{\"@type\":\"ListItem\",\"position\":2,\"name\":\"California\",\"item\":\"https:\/\/westcoasttriallawyers.com\/es\/california\"},{\"@type\":\"ListItem\",\"position\":3,\"name\":\"Pasadena\",\"item\":\"https:\/\/westcoasttriallawyers.com\/es\/california\/pasadena\"},{\"@type\":\"ListItem\",\"position\":4,\"name\":\"Abogado de accidentes de camiones en Pasadena\"}]},{\"@type\":\"WebSite\",\"@id\":\"https:\/\/westcoasttriallawyers.com\/es#website\",\"url\":\"https:\/\/westcoasttriallawyers.com\/es\",\"name\":\"West Coast Trial Lawyers\",\"description\":\"West Coast Trial Lawyers\",\"publisher\":{\"@id\":\"https:\/\/westcoasttriallawyers.com\/es#organization\"},\"alternateName\":\"WCTL\",\"potentialAction\":[{\"@type\":\"SearchAction\",\"target\":{\"@type\":\"EntryPoint\",\"urlTemplate\":\"https:\/\/westcoasttriallawyers.com\/es?s={search_term_string}\"},\"query-input\":{\"@type\":\"PropertyValueSpecification\",\"valueRequired\":true,\"valueName\":\"search_term_string\"}}],\"inLanguage\":\"es\"},{\"@type\":\"Organization\",\"@id\":\"https:\/\/westcoasttriallawyers.com\/es#organization\",\"name\":\"West Coast Trial Lawyers\",\"alternateName\":\"WCTL\",\"url\":\"https:\/\/westcoasttriallawyers.com\/es\",\"logo\":{\"@type\":\"ImageObject\",\"inLanguage\":\"es\",\"@id\":\"https:\/\/westcoasttriallawyers.com\/es#\/schema\/logo\/image\/\",\"url\":\"https:\/\/westcoasttriallawyers.com\/wp-content\/uploads\/2026\/02\/WCTL-Logo.jpg\",\"contentUrl\":\"https:\/\/westcoasttriallawyers.com\/wp-content\/uploads\/2026\/02\/WCTL-Logo.jpg\",\"width\":696,\"height\":696,\"caption\":\"West Coast Trial Lawyers\"},\"image\":{\"@id\":\"https:\/\/westcoasttriallawyers.com\/es#\/schema\/logo\/image\/\"},\"sameAs\":[\"https:\/\/www.facebook.com\/westcoasttriallawyers\/\",\"https:\/\/x.com\/WestCoastTrial\",\"https:\/\/www.linkedin.com\/company\/west-coast-trial-lawyers\/\",\"https:\/\/www.instagram.com\/westcoasttriallawyers\/\",\"https:\/\/www.yelp.com\/biz\/west-coast-trial-lawyers-los-angeles-2\",\"https:\/\/www.pinterest.com\/westcoasttrial\/\",\"https:\/\/www.youtube.com\/westcoasttriallawyersla\/\",\"https:\/\/www.tiktok.com\/westcoasttriallawyers\"],\"description\":\"West Coast Trial Lawyers is a top-rated personal injury law firm with a goal to provide expert legal representation to those in need. The law firm has offices across California, Nevada, Arizona, and Washington.\",\"legalName\":\"West Coast Trial Lawyers\"}]}<\/script>\n<!-- \/ Yoast SEO Premium plugin. -->","yoast_head_json":{"title":"Abogado de accidentes de camiones en Pasadena | West Coast Trial Lawyers","robots":{"index":"index","follow":"follow","max-snippet":"max-snippet:-1","max-image-preview":"max-image-preview:large","max-video-preview":"max-video-preview:-1"},"canonical":"https:\/\/westcoasttriallawyers.com\/es\/california\/pasadena\/abogado-de-accidentes-de-camiones-en-pasadena","og_locale":"es_ES","og_type":"article","og_title":"Abogado de accidentes de camiones en Pasadena","og_description":"Causas comunes de un accidente de cami\u00f3n y qu\u00e9 medidas debe tomar para aumentar sus posibilidades de obtener una oferta de acuerdo justo Las calles de Pasadena est\u00e1n llenas de miles de veh\u00edculos diariamente. Debido a la gran congesti\u00f3n del tr\u00e1fico, es importante que el conductor de un cami\u00f3n conduzca con precauci\u00f3n adicional, especialmente en [&hellip;]","og_url":"https:\/\/westcoasttriallawyers.com\/es\/california\/pasadena\/abogado-de-accidentes-de-camiones-en-pasadena","og_site_name":"West Coast Trial Lawyers","article_publisher":"https:\/\/www.facebook.com\/westcoasttriallawyers\/","article_modified_time":"2026-01-22T10:27:36+00:00","og_image":[{"width":2560,"height":1350,"url":"https:\/\/westcoasttriallawyers.com\/wp-content\/uploads\/2025\/07\/Pasadena-Featured-Image-scaled-13.webp","type":"image\/webp"}],"twitter_card":"summary_large_image","twitter_site":"@WestCoastTrial","twitter_misc":{"Tiempo de lectura":"11 minutos"},"schema":{"@context":"https:\/\/schema.org","@graph":[{"@type":["WebPage","ItemPage"],"@id":"https:\/\/westcoasttriallawyers.com\/es\/california\/pasadena\/abogado-de-accidentes-de-camiones-en-pasadena","url":"https:\/\/westcoasttriallawyers.com\/es\/california\/pasadena\/abogado-de-accidentes-de-camiones-en-pasadena","name":"Abogado de accidentes de camiones en Pasadena | West Coast Trial Lawyers","isPartOf":{"@id":"https:\/\/westcoasttriallawyers.com\/es#website"},"primaryImageOfPage":{"@id":"https:\/\/westcoasttriallawyers.com\/es\/california\/pasadena\/abogado-de-accidentes-de-camiones-en-pasadena#primaryimage"},"image":{"@id":"https:\/\/westcoasttriallawyers.com\/es\/california\/pasadena\/abogado-de-accidentes-de-camiones-en-pasadena#primaryimage"},"thumbnailUrl":"https:\/\/westcoasttriallawyers.com\/wp-content\/uploads\/2025\/07\/Pasadena-Featured-Image-scaled-13.webp","datePublished":"2026-01-14T18:29:14+00:00","dateModified":"2026-01-22T10:27:36+00:00","breadcrumb":{"@id":"https:\/\/westcoasttriallawyers.com\/es\/california\/pasadena\/abogado-de-accidentes-de-camiones-en-pasadena#breadcrumb"},"inLanguage":"es","potentialAction":[{"@type":"ReadAction","target":["https:\/\/westcoasttriallawyers.com\/es\/california\/pasadena\/abogado-de-accidentes-de-camiones-en-pasadena"]}]},{"@type":"ImageObject","inLanguage":"es","@id":"https:\/\/westcoasttriallawyers.com\/es\/california\/pasadena\/abogado-de-accidentes-de-camiones-en-pasadena#primaryimage","url":"https:\/\/westcoasttriallawyers.com\/wp-content\/uploads\/2025\/07\/Pasadena-Featured-Image-scaled-13.webp","contentUrl":"https:\/\/westcoasttriallawyers.com\/wp-content\/uploads\/2025\/07\/Pasadena-Featured-Image-scaled-13.webp","width":2560,"height":1350},{"@type":"BreadcrumbList","@id":"https:\/\/westcoasttriallawyers.com\/es\/california\/pasadena\/abogado-de-accidentes-de-camiones-en-pasadena#breadcrumb","itemListElement":[{"@type":"ListItem","position":1,"name":"Inicio","item":"https:\/\/westcoasttriallawyers.com\/es"},{"@type":"ListItem","position":2,"name":"California","item":"https:\/\/westcoasttriallawyers.com\/es\/california"},{"@type":"ListItem","position":3,"name":"Pasadena","item":"https:\/\/westcoasttriallawyers.com\/es\/california\/pasadena"},{"@type":"ListItem","position":4,"name":"Abogado de accidentes de camiones en Pasadena"}]},{"@type":"WebSite","@id":"https:\/\/westcoasttriallawyers.com\/es#website","url":"https:\/\/westcoasttriallawyers.com\/es","name":"West Coast Trial Lawyers","description":"West Coast Trial Lawyers","publisher":{"@id":"https:\/\/westcoasttriallawyers.com\/es#organization"},"alternateName":"WCTL","potentialAction":[{"@type":"SearchAction","target":{"@type":"EntryPoint","urlTemplate":"https:\/\/westcoasttriallawyers.com\/es?s={search_term_string}"},"query-input":{"@type":"PropertyValueSpecification","valueRequired":true,"valueName":"search_term_string"}}],"inLanguage":"es"},{"@type":"Organization","@id":"https:\/\/westcoasttriallawyers.com\/es#organization","name":"West Coast Trial Lawyers","alternateName":"WCTL","url":"https:\/\/westcoasttriallawyers.com\/es","logo":{"@type":"ImageObject","inLanguage":"es","@id":"https:\/\/westcoasttriallawyers.com\/es#\/schema\/logo\/image\/","url":"https:\/\/westcoasttriallawyers.com\/wp-content\/uploads\/2026\/02\/WCTL-Logo.jpg","contentUrl":"https:\/\/westcoasttriallawyers.com\/wp-content\/uploads\/2026\/02\/WCTL-Logo.jpg","width":696,"height":696,"caption":"West Coast Trial Lawyers"},"image":{"@id":"https:\/\/westcoasttriallawyers.com\/es#\/schema\/logo\/image\/"},"sameAs":["https:\/\/www.facebook.com\/westcoasttriallawyers\/","https:\/\/x.com\/WestCoastTrial","https:\/\/www.linkedin.com\/company\/west-coast-trial-lawyers\/","https:\/\/www.instagram.com\/westcoasttriallawyers\/","https:\/\/www.yelp.com\/biz\/west-coast-trial-lawyers-los-angeles-2","https:\/\/www.pinterest.com\/westcoasttrial\/","https:\/\/www.youtube.com\/westcoasttriallawyersla\/","https:\/\/www.tiktok.com\/westcoasttriallawyers"],"description":"West Coast Trial Lawyers is a top-rated personal injury law firm with a goal to provide expert legal representation to those in need. The law firm has offices across California, Nevada, Arizona, and Washington.","legalName":"West Coast Trial Lawyers"}]}},"_links":{"self":[{"href":"https:\/\/westcoasttriallawyers.com\/es\/wp-json\/wp\/v2\/pages\/12990","targetHints":{"allow":["GET"]}}],"collection":[{"href":"https:\/\/westcoasttriallawyers.com\/es\/wp-json\/wp\/v2\/pages"}],"about":[{"href":"https:\/\/westcoasttriallawyers.com\/es\/wp-json\/wp\/v2\/types\/page"}],"author":[{"embeddable":true,"href":"https:\/\/westcoasttriallawyers.com\/es\/wp-json\/wp\/v2\/users\/475"}],"replies":[{"embeddable":true,"href":"https:\/\/westcoasttriallawyers.com\/es\/wp-json\/wp\/v2\/comments?post=12990"}],"version-history":[{"count":3,"href":"https:\/\/westcoasttriallawyers.com\/es\/wp-json\/wp\/v2\/pages\/12990\/revisions"}],"predecessor-version":[{"id":47833,"href":"https:\/\/westcoasttriallawyers.com\/es\/wp-json\/wp\/v2\/pages\/12990\/revisions\/47833"}],"up":[{"embeddable":true,"href":"https:\/\/westcoasttriallawyers.com\/es\/wp-json\/wp\/v2\/pages\/47423"}],"wp:featuredmedia":[{"embeddable":true,"href":"https:\/\/westcoasttriallawyers.com\/es\/wp-json\/wp\/v2\/media\/47065"}],"wp:attachment":[{"href":"https:\/\/westcoasttriallawyers.com\/es\/wp-json\/wp\/v2\/media?parent=12990"}],"curies":[{"name":"wp","href":"https:\/\/api.w.org\/{rel}","templated":true}]}}