{"id":12985,"date":"2026-01-14T18:29:08","date_gmt":"2026-01-14T18:29:08","guid":{"rendered":"https:\/\/wctl1stg.wpengine.com\/?page_id=12985"},"modified":"2026-01-23T19:30:58","modified_gmt":"2026-01-23T19:30:58","slug":"abogados-accidentes-bicicleta-pasadena","status":"publish","type":"page","link":"https:\/\/westcoasttriallawyers.com\/es\/california\/pasadena\/abogados-accidentes-bicicleta-pasadena","title":{"rendered":"Abogado de accidentes de bicicleta en Pasadena"},"content":{"rendered":"<h2><strong>Pasos que debe considerar tomar despu\u00e9s de un accidente de bicicleta para aumentar sus posibilidades de obtener una compensaci\u00f3n justa\u00a0<\/strong><\/h2>\n<p>En Pasadena, las bicicletas son una fuente com\u00fan de transporte. Tambi\u00e9n se pueden usar para un buen entrenamiento, especialmente a lo largo de rutas de senderismo y carriles para bicicletas. Sin embargo, puede ser arriesgado dar un paseo por las calles de Pasadena, ya que el riesgo m\u00e1s grave que puede enfrentar un ciclista es un conductor negligente. Los conductores negligentes tienden a ir en contra de las reglas de tr\u00e1nsito de California y crean un ambiente peligroso para quienes est\u00e1n en la v\u00eda. Los factores comunes que han contribuido a un accidente de bicicleta incluye conductores que van a exceso de velocidad, intoxicados y distra\u00eddos.<\/p>\n<p>Se recomienda encarecidamente a las personas que han sido v\u00edctimas de cualquiera de los escenarios anteriores que se comuniquen con los abogados litigantes de la costa oeste y hablen con uno de nuestros abogados expertos en accidentes de bicicleta de Pasadena. Nuestros abogados han ganado m\u00e1s de 5000 casos de lesiones personales, acumulando as\u00ed m\u00e1s de mil millones de d\u00f3lares en acuerdos para nuestros clientes. Debido a nuestro \u00e9xito con la satisfacci\u00f3n del cliente, hemos sido clasificados como uno de los mejores bufetes de abogados de lesiones personales en Pasadena.<\/p>\n<p>Con m\u00e1s de 60 a\u00f1os de experiencia legal colectiva, nuestros abogados de accidentes de bicicleta en Pasadena conf\u00edan en que le daremos un buen resultado a su caso. Cont\u00e1ctenos hoy llamando al\u00a0<strong>213-927-3700<\/strong> o enviando un correo electr\u00f3nico a\u00a0<strong>info@westcoasttriallawyers.com<\/strong> para programar una consulta gratuita y sin compromiso en nuestro bufete de abogados de lesiones personales de Pasadena.<\/p>\n<h2><strong>Qu\u00e9 hacer despu\u00e9s de un accidente de bicicleta<\/strong><\/h2>\n<p>Para mejorar sus posibilidades de recibir la m\u00e1xima compensaci\u00f3n por sus p\u00e9rdidas, se recomienda seguir estos pasos:<\/p>\n<ul>\n<li><strong>No abandone la escena del accidente.<\/strong> Si es posible, aseg\u00farese de que todos los involucrados en la situaci\u00f3n est\u00e9n bien. Si nota lesiones o da\u00f1os, comun\u00edquese con el 911 de inmediato.<\/li>\n<li><strong>Llama a la polic\u00eda.<\/strong> La polic\u00eda llegar\u00e1 al lugar del accidente y realizar\u00e1 un informe policial oficial. Los param\u00e9dicos tambi\u00e9n pueden estar presentes para brindar atenci\u00f3n m\u00e9dica a quienes la necesiten.<\/li>\n<li><strong>Reunir evidencias.\u00a0<\/strong>Trate de reunir tanta evidencia como pueda. Esto incluye:\n<ul>\n<li>Documentar su perspectiva del accidente.<strong>\u00a0<\/strong>Aseg\u00farese de incluir la fecha y la hora en que ocurri\u00f3 el accidente de bicicleta.<\/li>\n<li>Tomar fotograf\u00edas del accidente en s\u00ed, junto con las lesiones que sufri\u00f3. Tambi\u00e9n se recomiendan im\u00e1genes de video.<\/li>\n<li>Adquirir informaci\u00f3n de contacto de testigos. Si hubo testigos que vieron el accidente de bicicleta, comun\u00edquese con ellos y p\u00eddales su consentimiento para registrar su informaci\u00f3n de contacto. Los testimonios de los testigos pueden ayudar a respaldar su reclamo.<\/li>\n<li>Obtener registros m\u00e9dicos relacionados con sus lesiones que fueron causadas por el accidente.<\/li>\n<li>Obtener una copia del informe policial oficial, junto con el nombre y el n\u00famero de placa del oficial de polic\u00eda.<\/li>\n<\/ul>\n<\/li>\n<li><strong>Visita a un m\u00e9dico.<\/strong> Independientemente de si sus lesiones son menores, moderadas o graves, debe ser evaluado por un m\u00e9dico. Esta visita tambi\u00e9n se guardar\u00e1 en sus registros, que se pueden utilizar como prueba para su caso.<\/li>\n<li><strong>P\u00f3ngase en contacto con un abogado de lesiones personales.<\/strong> No tome decisiones precipitadas sin obtener la opini\u00f3n de un abogado con experiencia en lesiones personales de Pasadena. En West Coast Trial Lawyers, nuestros abogados siempre est\u00e1n disponibles para ayudar con casos de lesiones personales, especialmente aquellos que involucran accidentes de bicicleta. Le proporcionaremos orientaci\u00f3n y asesoramiento legal para asegurarnos de que recupere el acuerdo m\u00e1s alto posible.<\/li>\n<\/ul>\n<p><strong>Seguro de accidentes de bicicleta<\/strong><\/p>\n<p>Cuando se trata de un seguro de accidentes de bicicleta, no es obligatorio que los ciclistas lo adquieran. Sin embargo, si cree que su bicicleta es parte de su rutina diaria, entonces debe obtener un seguro de bicicleta. Son muchos los beneficios que se incorporan a este tipo de p\u00f3liza. Puede recibir:<\/p>\n<ul>\n<li>Pagos m\u00e9dicos<\/li>\n<li>Cobertura contra robo<\/li>\n<li>Cobertura de da\u00f1o f\u00edsico<\/li>\n<li>Reembolso de alquiler<\/li>\n<li>Protecci\u00f3n de tr\u00e1nsito<\/li>\n<li>Asistencia en carretera<\/li>\n<li>protecci\u00f3n de responsabilidad<\/li>\n<li>Reembolso de tarifas de eventos competitivos<\/li>\n<\/ul>\n<h2><strong>Cont\u00e1ctenos<\/strong><\/h2>\n<p>Si usted o un ser querido estuvieron involucrados en un accidente de bicicleta en Pasadena, West Coast Trial Lawyers tiene abogados calificados en lesiones personales de Pasadena que lo ayudar\u00e1n a obtener la compensaci\u00f3n m\u00e1xima que merece por sus p\u00e9rdidas, incluidas las facturas m\u00e9dicas, da\u00f1os a la propiedad, salarios perdidos, dolor y sufrimiento, y m\u00e1s.<\/p>\n<p>Ofrecemos una consulta gratuita y sin compromiso en nuestro bufete de abogados de lesiones personales de Pasadena. Comun\u00edquese con nuestro equipo legal las 24 horas, los 7 d\u00edas de la semana llamando al\u00a0<strong>213-927-3700<\/strong> o enviando un correo electr\u00f3nico a\u00a0<a href=\"mailto:info@westcoasttriallawyers.com\"><strong>info@westcoasttriallawyers.com<\/strong><\/a><strong>.\u00a0<\/strong><br \/>\n<!-- WCTL_DEBUG: no shortcode in this_content --><\/p>\n","protected":false},"excerpt":{"rendered":"<p>Pasos que debe considerar tomar despu\u00e9s de un accidente de bicicleta para aumentar sus posibilidades de obtener una compensaci\u00f3n justa\u00a0 En Pasadena, las bicicletas son una fuente com\u00fan de transporte. Tambi\u00e9n se pueden usar para un buen entrenamiento, especialmente a lo largo de rutas de senderismo y carriles para bicicletas. Sin embargo, puede ser arriesgado [&hellip;]<\/p>\n","protected":false},"author":475,"featured_media":47055,"parent":47423,"menu_order":0,"comment_status":"closed","ping_status":"closed","template":"","meta":{"inline_featured_image":false,"footnotes":""},"class_list":["post-12985","page","type-page","status-publish","has-post-thumbnail","hentry"],"acf":[],"yoast_head":"<!-- This site is optimized with the Yoast SEO Premium plugin v26.0 (Yoast SEO v26.0) - https:\/\/yoast.com\/wordpress\/plugins\/seo\/ -->\n<title>Abogado de accidentes de bicicleta en Pasadena | West Coast Trial Lawyers<\/title>\n<meta name=\"robots\" content=\"index, follow, max-snippet:-1, max-image-preview:large, max-video-preview:-1\" \/>\n<link rel=\"canonical\" href=\"https:\/\/westcoasttriallawyers.com\/es\/california\/pasadena\/abogados-accidentes-bicicleta-pasadena\" \/>\n<meta property=\"og:locale\" content=\"es_ES\" \/>\n<meta property=\"og:type\" content=\"article\" \/>\n<meta property=\"og:title\" content=\"Abogado de accidentes de bicicleta en Pasadena\" \/>\n<meta property=\"og:description\" content=\"Pasos que debe considerar tomar despu\u00e9s de un accidente de bicicleta para aumentar sus posibilidades de obtener una compensaci\u00f3n justa\u00a0 En Pasadena, las bicicletas son una fuente com\u00fan de transporte. Tambi\u00e9n se pueden usar para un buen entrenamiento, especialmente a lo largo de rutas de senderismo y carriles para bicicletas. Sin embargo, puede ser arriesgado [&hellip;]\" \/>\n<meta property=\"og:url\" content=\"https:\/\/westcoasttriallawyers.com\/es\/california\/pasadena\/abogados-accidentes-bicicleta-pasadena\" \/>\n<meta property=\"og:site_name\" content=\"West Coast Trial Lawyers\" \/>\n<meta property=\"article:publisher\" content=\"https:\/\/www.facebook.com\/westcoasttriallawyers\/\" \/>\n<meta property=\"article:modified_time\" content=\"2026-01-23T19:30:58+00:00\" \/>\n<meta property=\"og:image\" content=\"https:\/\/westcoasttriallawyers.com\/wp-content\/uploads\/2025\/07\/Pasadena-Featured-Image-scaled-9.webp\" \/>\n\t<meta property=\"og:image:width\" content=\"2560\" \/>\n\t<meta property=\"og:image:height\" content=\"1350\" \/>\n\t<meta property=\"og:image:type\" content=\"image\/webp\" \/>\n<meta name=\"twitter:card\" content=\"summary_large_image\" \/>\n<meta name=\"twitter:site\" content=\"@WestCoastTrial\" \/>\n<meta name=\"twitter:label1\" content=\"Tiempo de lectura\" \/>\n\t<meta name=\"twitter:data1\" content=\"4 minutos\" \/>\n<script type=\"application\/ld+json\" class=\"yoast-schema-graph\">{\"@context\":\"https:\/\/schema.org\",\"@graph\":[{\"@type\":[\"WebPage\",\"ItemPage\"],\"@id\":\"https:\/\/westcoasttriallawyers.com\/es\/california\/pasadena\/abogados-accidentes-bicicleta-pasadena\",\"url\":\"https:\/\/westcoasttriallawyers.com\/es\/california\/pasadena\/abogados-accidentes-bicicleta-pasadena\",\"name\":\"Abogado de accidentes de bicicleta en Pasadena | West Coast Trial Lawyers\",\"isPartOf\":{\"@id\":\"https:\/\/westcoasttriallawyers.com\/es#website\"},\"primaryImageOfPage\":{\"@id\":\"https:\/\/westcoasttriallawyers.com\/es\/california\/pasadena\/abogados-accidentes-bicicleta-pasadena#primaryimage\"},\"image\":{\"@id\":\"https:\/\/westcoasttriallawyers.com\/es\/california\/pasadena\/abogados-accidentes-bicicleta-pasadena#primaryimage\"},\"thumbnailUrl\":\"https:\/\/westcoasttriallawyers.com\/wp-content\/uploads\/2025\/07\/Pasadena-Featured-Image-scaled-9.webp\",\"datePublished\":\"2026-01-14T18:29:08+00:00\",\"dateModified\":\"2026-01-23T19:30:58+00:00\",\"breadcrumb\":{\"@id\":\"https:\/\/westcoasttriallawyers.com\/es\/california\/pasadena\/abogados-accidentes-bicicleta-pasadena#breadcrumb\"},\"inLanguage\":\"es\",\"potentialAction\":[{\"@type\":\"ReadAction\",\"target\":[\"https:\/\/westcoasttriallawyers.com\/es\/california\/pasadena\/abogados-accidentes-bicicleta-pasadena\"]}]},{\"@type\":\"ImageObject\",\"inLanguage\":\"es\",\"@id\":\"https:\/\/westcoasttriallawyers.com\/es\/california\/pasadena\/abogados-accidentes-bicicleta-pasadena#primaryimage\",\"url\":\"https:\/\/westcoasttriallawyers.com\/wp-content\/uploads\/2025\/07\/Pasadena-Featured-Image-scaled-9.webp\",\"contentUrl\":\"https:\/\/westcoasttriallawyers.com\/wp-content\/uploads\/2025\/07\/Pasadena-Featured-Image-scaled-9.webp\",\"width\":2560,\"height\":1350},{\"@type\":\"BreadcrumbList\",\"@id\":\"https:\/\/westcoasttriallawyers.com\/es\/california\/pasadena\/abogados-accidentes-bicicleta-pasadena#breadcrumb\",\"itemListElement\":[{\"@type\":\"ListItem\",\"position\":1,\"name\":\"Inicio\",\"item\":\"https:\/\/westcoasttriallawyers.com\/es\"},{\"@type\":\"ListItem\",\"position\":2,\"name\":\"California\",\"item\":\"https:\/\/westcoasttriallawyers.com\/es\/california\"},{\"@type\":\"ListItem\",\"position\":3,\"name\":\"Pasadena\",\"item\":\"https:\/\/westcoasttriallawyers.com\/es\/california\/pasadena\"},{\"@type\":\"ListItem\",\"position\":4,\"name\":\"Abogado de accidentes de bicicleta en Pasadena\"}]},{\"@type\":\"WebSite\",\"@id\":\"https:\/\/westcoasttriallawyers.com\/es#website\",\"url\":\"https:\/\/westcoasttriallawyers.com\/es\",\"name\":\"West Coast Trial Lawyers\",\"description\":\"West Coast Trial Lawyers\",\"publisher\":{\"@id\":\"https:\/\/westcoasttriallawyers.com\/es#organization\"},\"alternateName\":\"WCTL\",\"potentialAction\":[{\"@type\":\"SearchAction\",\"target\":{\"@type\":\"EntryPoint\",\"urlTemplate\":\"https:\/\/westcoasttriallawyers.com\/es?s={search_term_string}\"},\"query-input\":{\"@type\":\"PropertyValueSpecification\",\"valueRequired\":true,\"valueName\":\"search_term_string\"}}],\"inLanguage\":\"es\"},{\"@type\":\"Organization\",\"@id\":\"https:\/\/westcoasttriallawyers.com\/es#organization\",\"name\":\"West Coast Trial Lawyers\",\"alternateName\":\"WCTL\",\"url\":\"https:\/\/westcoasttriallawyers.com\/es\",\"logo\":{\"@type\":\"ImageObject\",\"inLanguage\":\"es\",\"@id\":\"https:\/\/westcoasttriallawyers.com\/es#\/schema\/logo\/image\/\",\"url\":\"https:\/\/westcoasttriallawyers.com\/wp-content\/uploads\/2026\/02\/WCTL-Logo.jpg\",\"contentUrl\":\"https:\/\/westcoasttriallawyers.com\/wp-content\/uploads\/2026\/02\/WCTL-Logo.jpg\",\"width\":696,\"height\":696,\"caption\":\"West Coast Trial Lawyers\"},\"image\":{\"@id\":\"https:\/\/westcoasttriallawyers.com\/es#\/schema\/logo\/image\/\"},\"sameAs\":[\"https:\/\/www.facebook.com\/westcoasttriallawyers\/\",\"https:\/\/x.com\/WestCoastTrial\",\"https:\/\/www.linkedin.com\/company\/west-coast-trial-lawyers\/\",\"https:\/\/www.instagram.com\/westcoasttriallawyers\/\",\"https:\/\/www.yelp.com\/biz\/west-coast-trial-lawyers-los-angeles-2\",\"https:\/\/www.pinterest.com\/westcoasttrial\/\",\"https:\/\/www.youtube.com\/westcoasttriallawyersla\/\",\"https:\/\/www.tiktok.com\/westcoasttriallawyers\"],\"description\":\"West Coast Trial Lawyers is a top-rated personal injury law firm with a goal to provide expert legal representation to those in need. The law firm has offices across California, Nevada, Arizona, and Washington.\",\"legalName\":\"West Coast Trial Lawyers\"}]}<\/script>\n<!-- \/ Yoast SEO Premium plugin. -->","yoast_head_json":{"title":"Abogado de accidentes de bicicleta en Pasadena | West Coast Trial Lawyers","robots":{"index":"index","follow":"follow","max-snippet":"max-snippet:-1","max-image-preview":"max-image-preview:large","max-video-preview":"max-video-preview:-1"},"canonical":"https:\/\/westcoasttriallawyers.com\/es\/california\/pasadena\/abogados-accidentes-bicicleta-pasadena","og_locale":"es_ES","og_type":"article","og_title":"Abogado de accidentes de bicicleta en Pasadena","og_description":"Pasos que debe considerar tomar despu\u00e9s de un accidente de bicicleta para aumentar sus posibilidades de obtener una compensaci\u00f3n justa\u00a0 En Pasadena, las bicicletas son una fuente com\u00fan de transporte. Tambi\u00e9n se pueden usar para un buen entrenamiento, especialmente a lo largo de rutas de senderismo y carriles para bicicletas. Sin embargo, puede ser arriesgado [&hellip;]","og_url":"https:\/\/westcoasttriallawyers.com\/es\/california\/pasadena\/abogados-accidentes-bicicleta-pasadena","og_site_name":"West Coast Trial Lawyers","article_publisher":"https:\/\/www.facebook.com\/westcoasttriallawyers\/","article_modified_time":"2026-01-23T19:30:58+00:00","og_image":[{"width":2560,"height":1350,"url":"https:\/\/westcoasttriallawyers.com\/wp-content\/uploads\/2025\/07\/Pasadena-Featured-Image-scaled-9.webp","type":"image\/webp"}],"twitter_card":"summary_large_image","twitter_site":"@WestCoastTrial","twitter_misc":{"Tiempo de lectura":"4 minutos"},"schema":{"@context":"https:\/\/schema.org","@graph":[{"@type":["WebPage","ItemPage"],"@id":"https:\/\/westcoasttriallawyers.com\/es\/california\/pasadena\/abogados-accidentes-bicicleta-pasadena","url":"https:\/\/westcoasttriallawyers.com\/es\/california\/pasadena\/abogados-accidentes-bicicleta-pasadena","name":"Abogado de accidentes de bicicleta en Pasadena | West Coast Trial Lawyers","isPartOf":{"@id":"https:\/\/westcoasttriallawyers.com\/es#website"},"primaryImageOfPage":{"@id":"https:\/\/westcoasttriallawyers.com\/es\/california\/pasadena\/abogados-accidentes-bicicleta-pasadena#primaryimage"},"image":{"@id":"https:\/\/westcoasttriallawyers.com\/es\/california\/pasadena\/abogados-accidentes-bicicleta-pasadena#primaryimage"},"thumbnailUrl":"https:\/\/westcoasttriallawyers.com\/wp-content\/uploads\/2025\/07\/Pasadena-Featured-Image-scaled-9.webp","datePublished":"2026-01-14T18:29:08+00:00","dateModified":"2026-01-23T19:30:58+00:00","breadcrumb":{"@id":"https:\/\/westcoasttriallawyers.com\/es\/california\/pasadena\/abogados-accidentes-bicicleta-pasadena#breadcrumb"},"inLanguage":"es","potentialAction":[{"@type":"ReadAction","target":["https:\/\/westcoasttriallawyers.com\/es\/california\/pasadena\/abogados-accidentes-bicicleta-pasadena"]}]},{"@type":"ImageObject","inLanguage":"es","@id":"https:\/\/westcoasttriallawyers.com\/es\/california\/pasadena\/abogados-accidentes-bicicleta-pasadena#primaryimage","url":"https:\/\/westcoasttriallawyers.com\/wp-content\/uploads\/2025\/07\/Pasadena-Featured-Image-scaled-9.webp","contentUrl":"https:\/\/westcoasttriallawyers.com\/wp-content\/uploads\/2025\/07\/Pasadena-Featured-Image-scaled-9.webp","width":2560,"height":1350},{"@type":"BreadcrumbList","@id":"https:\/\/westcoasttriallawyers.com\/es\/california\/pasadena\/abogados-accidentes-bicicleta-pasadena#breadcrumb","itemListElement":[{"@type":"ListItem","position":1,"name":"Inicio","item":"https:\/\/westcoasttriallawyers.com\/es"},{"@type":"ListItem","position":2,"name":"California","item":"https:\/\/westcoasttriallawyers.com\/es\/california"},{"@type":"ListItem","position":3,"name":"Pasadena","item":"https:\/\/westcoasttriallawyers.com\/es\/california\/pasadena"},{"@type":"ListItem","position":4,"name":"Abogado de accidentes de bicicleta en Pasadena"}]},{"@type":"WebSite","@id":"https:\/\/westcoasttriallawyers.com\/es#website","url":"https:\/\/westcoasttriallawyers.com\/es","name":"West Coast Trial Lawyers","description":"West Coast Trial Lawyers","publisher":{"@id":"https:\/\/westcoasttriallawyers.com\/es#organization"},"alternateName":"WCTL","potentialAction":[{"@type":"SearchAction","target":{"@type":"EntryPoint","urlTemplate":"https:\/\/westcoasttriallawyers.com\/es?s={search_term_string}"},"query-input":{"@type":"PropertyValueSpecification","valueRequired":true,"valueName":"search_term_string"}}],"inLanguage":"es"},{"@type":"Organization","@id":"https:\/\/westcoasttriallawyers.com\/es#organization","name":"West Coast Trial Lawyers","alternateName":"WCTL","url":"https:\/\/westcoasttriallawyers.com\/es","logo":{"@type":"ImageObject","inLanguage":"es","@id":"https:\/\/westcoasttriallawyers.com\/es#\/schema\/logo\/image\/","url":"https:\/\/westcoasttriallawyers.com\/wp-content\/uploads\/2026\/02\/WCTL-Logo.jpg","contentUrl":"https:\/\/westcoasttriallawyers.com\/wp-content\/uploads\/2026\/02\/WCTL-Logo.jpg","width":696,"height":696,"caption":"West Coast Trial Lawyers"},"image":{"@id":"https:\/\/westcoasttriallawyers.com\/es#\/schema\/logo\/image\/"},"sameAs":["https:\/\/www.facebook.com\/westcoasttriallawyers\/","https:\/\/x.com\/WestCoastTrial","https:\/\/www.linkedin.com\/company\/west-coast-trial-lawyers\/","https:\/\/www.instagram.com\/westcoasttriallawyers\/","https:\/\/www.yelp.com\/biz\/west-coast-trial-lawyers-los-angeles-2","https:\/\/www.pinterest.com\/westcoasttrial\/","https:\/\/www.youtube.com\/westcoasttriallawyersla\/","https:\/\/www.tiktok.com\/westcoasttriallawyers"],"description":"West Coast Trial Lawyers is a top-rated personal injury law firm with a goal to provide expert legal representation to those in need. The law firm has offices across California, Nevada, Arizona, and Washington.","legalName":"West Coast Trial Lawyers"}]}},"_links":{"self":[{"href":"https:\/\/westcoasttriallawyers.com\/es\/wp-json\/wp\/v2\/pages\/12985","targetHints":{"allow":["GET"]}}],"collection":[{"href":"https:\/\/westcoasttriallawyers.com\/es\/wp-json\/wp\/v2\/pages"}],"about":[{"href":"https:\/\/westcoasttriallawyers.com\/es\/wp-json\/wp\/v2\/types\/page"}],"author":[{"embeddable":true,"href":"https:\/\/westcoasttriallawyers.com\/es\/wp-json\/wp\/v2\/users\/475"}],"replies":[{"embeddable":true,"href":"https:\/\/westcoasttriallawyers.com\/es\/wp-json\/wp\/v2\/comments?post=12985"}],"version-history":[{"count":4,"href":"https:\/\/westcoasttriallawyers.com\/es\/wp-json\/wp\/v2\/pages\/12985\/revisions"}],"predecessor-version":[{"id":48121,"href":"https:\/\/westcoasttriallawyers.com\/es\/wp-json\/wp\/v2\/pages\/12985\/revisions\/48121"}],"up":[{"embeddable":true,"href":"https:\/\/westcoasttriallawyers.com\/es\/wp-json\/wp\/v2\/pages\/47423"}],"wp:featuredmedia":[{"embeddable":true,"href":"https:\/\/westcoasttriallawyers.com\/es\/wp-json\/wp\/v2\/media\/47055"}],"wp:attachment":[{"href":"https:\/\/westcoasttriallawyers.com\/es\/wp-json\/wp\/v2\/media?parent=12985"}],"curies":[{"name":"wp","href":"https:\/\/api.w.org\/{rel}","templated":true}]}}