{"id":12981,"date":"2026-01-14T18:29:11","date_gmt":"2026-01-14T18:29:11","guid":{"rendered":"https:\/\/wctl1stg.wpengine.com\/?page_id=12981"},"modified":"2026-01-22T10:23:46","modified_gmt":"2026-01-22T10:23:46","slug":"abogado-de-accidentes-de-e-scooter-en-pasadena","status":"publish","type":"page","link":"https:\/\/westcoasttriallawyers.com\/es\/california\/pasadena\/abogado-de-accidentes-de-e-scooter-en-pasadena","title":{"rendered":"Abogado de Accidentes de E-Scooter en Pasadena\u00a0"},"content":{"rendered":"<h2><strong>Nuestros abogados de accidentes de scooter en Pasadena analizan los peligros asociados con andar en scooter<\/strong><\/h2>\n<p>Los scooters el\u00e9ctricos se utilizan cada vez m\u00e1s para el transporte. Con compa\u00f1\u00edas como Uber, Lyft y Bird que ofrecen f\u00e1cil acceso para operar estos veh\u00edculos, muchas personas se han interesado m\u00e1s en dar un paseo. Se pueden ver scooters el\u00e9ctricos estacionados en varias \u00e1reas alrededor de Pasadena, incluido el campus de Pasadena Community College, parques p\u00fablicos o cerca de edificios comerciales donde las personas se apresuran a llegar al trabajo a tiempo.<\/p>\n<p>Aunque los e-scooters son c\u00f3modos de usar, tambi\u00e9n pueden conllevar un alto riesgo de accidentes o muerte. Las circunstancias que pueden causar da\u00f1o a un conductor de e-scooter incluyen:<\/p>\n<ul>\n<li>Sin saber c\u00f3mo usar correctamente un e-scooter,<\/li>\n<li>exceso de velocidad, o<\/li>\n<li>No prestar atenci\u00f3n a la carretera.<\/li>\n<\/ul>\n<p>Si ha estado involucrado en un accidente de scooter el\u00e9ctrico y necesita ayuda para obtener la m\u00e1xima compensaci\u00f3n financiera y emocional que merece, West Coast Trial Lawyers tiene abogados con experiencia en accidentes de scooter en Pasadena disponibles para manejar su caso. Nuestro bufete de abogados de lesiones personales de Pasadena ha ganado m\u00e1s de 5,000 casos, acumulando m\u00e1s de $1 mil millones en acuerdos para nuestros clientes. Con m\u00e1s de 60 a\u00f1os de experiencia legal colectiva en el manejo de casos de lesiones personales, estamos seguros de que obtendremos un buen resultado en su acuerdo. Cont\u00e1ctenos hoy llamando al <strong>213-927-3700<\/strong> o enviando un correo electr\u00f3nico a info@westcoasttriallawyers.com para programar una consulta gratuita y sin compromiso.<\/p>\n<h2><strong>\u00bfSon peligrosos los patinetes el\u00e9ctricos?<\/strong><\/h2>\n<p>S\u00ed. Hay muchos riesgos involucrados cuando una persona est\u00e1 operando un e-scooter, que incluyen:<\/p>\n<ul>\n<li><strong>Comportamiento temerario.<\/strong> Los pasajeros pueden aprovechar el e-scooter que est\u00e1n usando conduciendo a altas velocidades o realizando acrobacias peligrosas mientras est\u00e1n en la carretera. El comportamiento imprudente podr\u00eda conducir a una colisi\u00f3n con un veh\u00edculo o peat\u00f3n.<\/li>\n<li><strong>Conductores negligentes.<\/strong> Los conductores que no sigan las reglas de tr\u00e1nsito podr\u00edan poner en riesgo sus vidas, junto con otras personas cercanas, incluidos los usuarios de scooters el\u00e9ctricos.<\/li>\n<li><strong>Visibilidad.&nbsp;<\/strong>Dado que los e-scooters son m\u00e1s peque\u00f1os que los autom\u00f3viles y las motocicletas, podr\u00eda ser dif\u00edcil verlos desde la perspectiva de un automovilista.<\/li>\n<li><strong>Falta de protecci\u00f3n.&nbsp;<\/strong>Los e-scooters no ofrecen ninguna protecci\u00f3n para el ciclista si tuviera un accidente. No hay bolsas de seguridad o cinturones de seguridad para el uso del conductor. Debido a estas razones, los usuarios de e-scooter pueden enfrentar los peores tipos de lesiones si se ven involucrados en un accidente.<\/li>\n<li><strong>No tengo experiencia.<\/strong> Las personas que tienen poca o ninguna experiencia en el uso de un scooter el\u00e9ctrico podr\u00edan ponerse en una situaci\u00f3n peligrosa. Es mejor practicar el uso de un e-scooter antes de conducir uno en \u00e1reas densamente pobladas.<\/li>\n<li><strong>Peligros de la carretera.<\/strong> Los peligros de la carretera, como pavimentos defectuosos, baches, escombros o grava, pueden hacer que un conductor de e-scooter pierda el control de su veh\u00edculo.<\/li>\n<li><strong>Problemas de estabilidad.<\/strong> Los scooters el\u00e9ctricos pueden volverse dif\u00edciles de controlar cuando se frena o se desv\u00eda bruscamente.<\/li>\n<\/ul>\n<h2><strong>Lesiones de patinete el\u00e9ctrico<\/strong><\/h2>\n<p>Hay varios tipos de lesiones que un ciclista puede sufrir despu\u00e9s de sufrir un accidente de e-scooter. Las lesiones comunes incluyen:<\/p>\n<ul>\n<li>moretones,<\/li>\n<li>cortes,<\/li>\n<li>Par\u00e1lisis,<\/li>\n<li>Lesi\u00f3n cerebral traum\u00e1tica (LCT),<\/li>\n<li>Sangrado interno, o<\/li>\n<li>Huesos rotos.<\/li>\n<\/ul>\n<p>Siempre se recomienda que una v\u00edctima de un accidente sea revisada por un profesional m\u00e9dico lo antes posible, incluso si la herida es menor. El m\u00e9dico realizar\u00e1 pruebas para determinar si es posible que deba someterse a un plan de tratamiento para recuperarse de cualquier lesi\u00f3n que haya sufrido por el accidente.<\/p>\n<p>Adem\u00e1s, si planea presentar una demanda contra la parte que cree que tiene la culpa de sus lesiones, puede usar sus visitas al m\u00e9dico como prueba para incluir en su reclamo. Los pasajeros de e-scooter que mueren instant\u00e1neamente despu\u00e9s de una colisi\u00f3n pueden hacer que un miembro de la familia presente una demanda por homicidio culposo contra la parte culpable por cualquier p\u00e9rdida.<\/p>\n<p>Se recomienda encarecidamente que se comunique con un abogado con experiencia en lesiones personales para que lo ayude a comenzar el proceso de presentaci\u00f3n de un reclamo. El abogado tambi\u00e9n negociar\u00e1 con las compa\u00f1\u00edas de seguros para obtener la compensaci\u00f3n m\u00e1xima que merece para cubrir los da\u00f1os econ\u00f3micos y no econ\u00f3micos causados \u200b\u200bpor el accidente, como facturas m\u00e9dicas, salarios perdidos, angustia emocional y dolor y sufrimiento.<\/p>\n<h2><strong>Consejos de seguridad para andar en un scooter el\u00e9ctrico<\/strong><\/h2>\n<p>Los scooters el\u00e9ctricos son una forma divertida y conveniente de viajar. Sin embargo, son riesgosos de usar. Por eso es importante aprender consejos de seguridad sobre c\u00f3mo conducir correctamente un e-scooter.<\/p>\n<ul>\n<li><strong>Presta atenci\u00f3n a tus alrededores.<\/strong> Aseg\u00farate de poner toda tu atenci\u00f3n en la carretera. Si desea realizar alg\u00fan cambio de carril, debe observar cuidadosamente su entorno para determinar si ser\u00eda una buena idea pasar al otro carril.<\/li>\n<li><strong>Usa equipo de seguridad.<\/strong> Dado que los e-scooters no ofrecen protecci\u00f3n, es importante que el conductor use equipo de seguridad que lo ayude a evitar lesiones graves si se ve involucrado en un accidente de scooter. Los art\u00edculos ideales para usar como equipo de seguridad incluyen un casco, guantes, chaqueta de cuero y rodilleras y coderas.<\/li>\n<li><strong>Haz una revisi\u00f3n de mantenimiento.&nbsp;<\/strong>Antes de dar un paseo con su e-scooter, se recomienda encarecidamente realizar una revisi\u00f3n de mantenimiento para ver si todo est\u00e1 en buenas condiciones.<\/li>\n<li><strong>Est\u00e9 atento a los peligros de la carretera.<\/strong> Aseg\u00farese de poner su atenci\u00f3n en la carretera y permanezca siempre preparado para evitar pasar por encima de un peligro en la carretera. Tambi\u00e9n debe analizar su entorno para determinar cu\u00e1ndo ser\u00eda seguro para usted realizar movimientos bruscos que no provoquen un accidente con otros veh\u00edculos cercanos.<\/li>\n<li><strong>No conduzca en malas condiciones clim\u00e1ticas.<\/strong> Ser\u00e1 dif\u00edcil operar adecuadamente un e-scooter en condiciones clim\u00e1ticas adversas, especialmente si afuera llueve mucho, graniza o nieva. Las carreteras pueden cambiar dr\u00e1sticamente y hacer que sea casi imposible conducir sin perder el control.<\/li>\n<li><strong>No comparta el e-scooter.&nbsp;<\/strong>Los scooters el\u00e9ctricos est\u00e1n hechos para que los use una sola persona. Agregar m\u00e1s personas puede causar que una o ambas personas se caigan, lo que puede provocar lesiones graves.<\/li>\n<li><strong>No conduzca bajo la influencia de drogas o alcohol.<\/strong> Para conducir correctamente un e-scooter, debe estar mental y f\u00edsicamente consciente de su entorno en todo momento. El consumo de drogas o alcohol da\u00f1ar\u00e1 su visi\u00f3n y afectar\u00e1 su estado de \u00e1nimo, aumentando as\u00ed la probabilidad de un accidente de e-scooter.<\/li>\n<\/ul>\n<h2><strong>Cont\u00e1ctenos<\/strong><\/h2>\n<p>Si usted o un ser querido fueron v\u00edctimas de un accidente de e-scooter en Pasadena, West Coast Trial Lawyers tiene abogados con experiencia en accidentes de e-scooter en Pasadena que est\u00e1n disponibles las 24 horas del d\u00eda, los 7 d\u00edas de la semana para ayudarlo con sus necesidades. No hay riesgos financieros involucrados al utilizar nuestros servicios.<\/p>\n<p>Comun\u00edquese con nuestro equipo legal para programar una consulta gratuita y sin compromiso en nuestro bufete de abogados de lesiones personales de Pasadena llamando al&nbsp;<strong>213-927-3700<\/strong> o enviando un correo electr\u00f3nico a<strong>&nbsp;<\/strong><a href=\"mailto:info@westcoasttriallawyers.com\"><strong>info@westcoasttriallawyers.com<\/strong><\/a><strong>.&nbsp;<\/strong><br \/>\n<!-- WCTL_DEBUG: no shortcode in this_content --><\/p>\n","protected":false},"excerpt":{"rendered":"<p>Nuestros abogados de accidentes de scooter en Pasadena analizan los peligros asociados con andar en scooter Los scooters el\u00e9ctricos se utilizan cada vez m\u00e1s para el transporte. Con compa\u00f1\u00edas como Uber, Lyft y Bird que ofrecen f\u00e1cil acceso para operar estos veh\u00edculos, muchas personas se han interesado m\u00e1s en dar un paseo. Se pueden ver [&hellip;]<\/p>\n","protected":false},"author":475,"featured_media":47060,"parent":47423,"menu_order":0,"comment_status":"closed","ping_status":"closed","template":"","meta":{"inline_featured_image":false,"footnotes":""},"class_list":["post-12981","page","type-page","status-publish","has-post-thumbnail","hentry"],"acf":[],"yoast_head":"<!-- This site is optimized with the Yoast SEO Premium plugin v26.0 (Yoast SEO v26.0) - https:\/\/yoast.com\/wordpress\/plugins\/seo\/ -->\n<title>Abogado de Accidentes de E-Scooter en Pasadena\u00a0 | West Coast Trial Lawyers<\/title>\n<meta name=\"robots\" content=\"index, follow, max-snippet:-1, max-image-preview:large, max-video-preview:-1\" \/>\n<link rel=\"canonical\" href=\"https:\/\/westcoasttriallawyers.com\/es\/california\/pasadena\/abogado-de-accidentes-de-e-scooter-en-pasadena\" \/>\n<meta property=\"og:locale\" content=\"es_ES\" \/>\n<meta property=\"og:type\" content=\"article\" \/>\n<meta property=\"og:title\" content=\"Abogado de Accidentes de E-Scooter en Pasadena\u00a0\" \/>\n<meta property=\"og:description\" content=\"Nuestros abogados de accidentes de scooter en Pasadena analizan los peligros asociados con andar en scooter Los scooters el\u00e9ctricos se utilizan cada vez m\u00e1s para el transporte. Con compa\u00f1\u00edas como Uber, Lyft y Bird que ofrecen f\u00e1cil acceso para operar estos veh\u00edculos, muchas personas se han interesado m\u00e1s en dar un paseo. Se pueden ver [&hellip;]\" \/>\n<meta property=\"og:url\" content=\"https:\/\/westcoasttriallawyers.com\/es\/california\/pasadena\/abogado-de-accidentes-de-e-scooter-en-pasadena\" \/>\n<meta property=\"og:site_name\" content=\"West Coast Trial Lawyers\" \/>\n<meta property=\"article:publisher\" content=\"https:\/\/www.facebook.com\/westcoasttriallawyers\/\" \/>\n<meta property=\"article:modified_time\" content=\"2026-01-22T10:23:46+00:00\" \/>\n<meta property=\"og:image\" content=\"https:\/\/westcoasttriallawyers.com\/wp-content\/uploads\/2025\/07\/Pasadena-Featured-Image-scaled-11.webp\" \/>\n\t<meta property=\"og:image:width\" content=\"2560\" \/>\n\t<meta property=\"og:image:height\" content=\"1350\" \/>\n\t<meta property=\"og:image:type\" content=\"image\/webp\" \/>\n<meta name=\"twitter:card\" content=\"summary_large_image\" \/>\n<meta name=\"twitter:site\" content=\"@WestCoastTrial\" \/>\n<meta name=\"twitter:label1\" content=\"Tiempo de lectura\" \/>\n\t<meta name=\"twitter:data1\" content=\"11 minutos\" \/>\n<script type=\"application\/ld+json\" class=\"yoast-schema-graph\">{\"@context\":\"https:\/\/schema.org\",\"@graph\":[{\"@type\":[\"WebPage\",\"ItemPage\"],\"@id\":\"https:\/\/westcoasttriallawyers.com\/es\/california\/pasadena\/abogado-de-accidentes-de-e-scooter-en-pasadena\",\"url\":\"https:\/\/westcoasttriallawyers.com\/es\/california\/pasadena\/abogado-de-accidentes-de-e-scooter-en-pasadena\",\"name\":\"Abogado de Accidentes de E-Scooter en Pasadena\u00a0 | West Coast Trial Lawyers\",\"isPartOf\":{\"@id\":\"https:\/\/westcoasttriallawyers.com\/es#website\"},\"primaryImageOfPage\":{\"@id\":\"https:\/\/westcoasttriallawyers.com\/es\/california\/pasadena\/abogado-de-accidentes-de-e-scooter-en-pasadena#primaryimage\"},\"image\":{\"@id\":\"https:\/\/westcoasttriallawyers.com\/es\/california\/pasadena\/abogado-de-accidentes-de-e-scooter-en-pasadena#primaryimage\"},\"thumbnailUrl\":\"https:\/\/westcoasttriallawyers.com\/wp-content\/uploads\/2025\/07\/Pasadena-Featured-Image-scaled-11.webp\",\"datePublished\":\"2026-01-14T18:29:11+00:00\",\"dateModified\":\"2026-01-22T10:23:46+00:00\",\"breadcrumb\":{\"@id\":\"https:\/\/westcoasttriallawyers.com\/es\/california\/pasadena\/abogado-de-accidentes-de-e-scooter-en-pasadena#breadcrumb\"},\"inLanguage\":\"es\",\"potentialAction\":[{\"@type\":\"ReadAction\",\"target\":[\"https:\/\/westcoasttriallawyers.com\/es\/california\/pasadena\/abogado-de-accidentes-de-e-scooter-en-pasadena\"]}]},{\"@type\":\"ImageObject\",\"inLanguage\":\"es\",\"@id\":\"https:\/\/westcoasttriallawyers.com\/es\/california\/pasadena\/abogado-de-accidentes-de-e-scooter-en-pasadena#primaryimage\",\"url\":\"https:\/\/westcoasttriallawyers.com\/wp-content\/uploads\/2025\/07\/Pasadena-Featured-Image-scaled-11.webp\",\"contentUrl\":\"https:\/\/westcoasttriallawyers.com\/wp-content\/uploads\/2025\/07\/Pasadena-Featured-Image-scaled-11.webp\",\"width\":2560,\"height\":1350},{\"@type\":\"BreadcrumbList\",\"@id\":\"https:\/\/westcoasttriallawyers.com\/es\/california\/pasadena\/abogado-de-accidentes-de-e-scooter-en-pasadena#breadcrumb\",\"itemListElement\":[{\"@type\":\"ListItem\",\"position\":1,\"name\":\"Inicio\",\"item\":\"https:\/\/westcoasttriallawyers.com\/es\"},{\"@type\":\"ListItem\",\"position\":2,\"name\":\"California\",\"item\":\"https:\/\/westcoasttriallawyers.com\/es\/california\"},{\"@type\":\"ListItem\",\"position\":3,\"name\":\"Pasadena\",\"item\":\"https:\/\/westcoasttriallawyers.com\/es\/california\/pasadena\"},{\"@type\":\"ListItem\",\"position\":4,\"name\":\"Abogado de Accidentes de E-Scooter en Pasadena\u00a0\"}]},{\"@type\":\"WebSite\",\"@id\":\"https:\/\/westcoasttriallawyers.com\/es#website\",\"url\":\"https:\/\/westcoasttriallawyers.com\/es\",\"name\":\"West Coast Trial Lawyers\",\"description\":\"West Coast Trial Lawyers\",\"publisher\":{\"@id\":\"https:\/\/westcoasttriallawyers.com\/es#organization\"},\"alternateName\":\"WCTL\",\"potentialAction\":[{\"@type\":\"SearchAction\",\"target\":{\"@type\":\"EntryPoint\",\"urlTemplate\":\"https:\/\/westcoasttriallawyers.com\/es?s={search_term_string}\"},\"query-input\":{\"@type\":\"PropertyValueSpecification\",\"valueRequired\":true,\"valueName\":\"search_term_string\"}}],\"inLanguage\":\"es\"},{\"@type\":\"Organization\",\"@id\":\"https:\/\/westcoasttriallawyers.com\/es#organization\",\"name\":\"West Coast Trial Lawyers\",\"alternateName\":\"WCTL\",\"url\":\"https:\/\/westcoasttriallawyers.com\/es\",\"logo\":{\"@type\":\"ImageObject\",\"inLanguage\":\"es\",\"@id\":\"https:\/\/westcoasttriallawyers.com\/es#\/schema\/logo\/image\/\",\"url\":\"https:\/\/westcoasttriallawyers.com\/wp-content\/uploads\/2026\/02\/WCTL-Logo.jpg\",\"contentUrl\":\"https:\/\/westcoasttriallawyers.com\/wp-content\/uploads\/2026\/02\/WCTL-Logo.jpg\",\"width\":696,\"height\":696,\"caption\":\"West Coast Trial Lawyers\"},\"image\":{\"@id\":\"https:\/\/westcoasttriallawyers.com\/es#\/schema\/logo\/image\/\"},\"sameAs\":[\"https:\/\/www.facebook.com\/westcoasttriallawyers\/\",\"https:\/\/x.com\/WestCoastTrial\",\"https:\/\/www.linkedin.com\/company\/west-coast-trial-lawyers\/\",\"https:\/\/www.instagram.com\/westcoasttriallawyers\/\",\"https:\/\/www.yelp.com\/biz\/west-coast-trial-lawyers-los-angeles-2\",\"https:\/\/www.pinterest.com\/westcoasttrial\/\",\"https:\/\/www.youtube.com\/westcoasttriallawyersla\/\",\"https:\/\/www.tiktok.com\/westcoasttriallawyers\"],\"description\":\"West Coast Trial Lawyers is a top-rated personal injury law firm with a goal to provide expert legal representation to those in need. The law firm has offices across California, Nevada, Arizona, and Washington.\",\"legalName\":\"West Coast Trial Lawyers\"}]}<\/script>\n<!-- \/ Yoast SEO Premium plugin. -->","yoast_head_json":{"title":"Abogado de Accidentes de E-Scooter en Pasadena\u00a0 | West Coast Trial Lawyers","robots":{"index":"index","follow":"follow","max-snippet":"max-snippet:-1","max-image-preview":"max-image-preview:large","max-video-preview":"max-video-preview:-1"},"canonical":"https:\/\/westcoasttriallawyers.com\/es\/california\/pasadena\/abogado-de-accidentes-de-e-scooter-en-pasadena","og_locale":"es_ES","og_type":"article","og_title":"Abogado de Accidentes de E-Scooter en Pasadena\u00a0","og_description":"Nuestros abogados de accidentes de scooter en Pasadena analizan los peligros asociados con andar en scooter Los scooters el\u00e9ctricos se utilizan cada vez m\u00e1s para el transporte. Con compa\u00f1\u00edas como Uber, Lyft y Bird que ofrecen f\u00e1cil acceso para operar estos veh\u00edculos, muchas personas se han interesado m\u00e1s en dar un paseo. Se pueden ver [&hellip;]","og_url":"https:\/\/westcoasttriallawyers.com\/es\/california\/pasadena\/abogado-de-accidentes-de-e-scooter-en-pasadena","og_site_name":"West Coast Trial Lawyers","article_publisher":"https:\/\/www.facebook.com\/westcoasttriallawyers\/","article_modified_time":"2026-01-22T10:23:46+00:00","og_image":[{"width":2560,"height":1350,"url":"https:\/\/westcoasttriallawyers.com\/wp-content\/uploads\/2025\/07\/Pasadena-Featured-Image-scaled-11.webp","type":"image\/webp"}],"twitter_card":"summary_large_image","twitter_site":"@WestCoastTrial","twitter_misc":{"Tiempo de lectura":"11 minutos"},"schema":{"@context":"https:\/\/schema.org","@graph":[{"@type":["WebPage","ItemPage"],"@id":"https:\/\/westcoasttriallawyers.com\/es\/california\/pasadena\/abogado-de-accidentes-de-e-scooter-en-pasadena","url":"https:\/\/westcoasttriallawyers.com\/es\/california\/pasadena\/abogado-de-accidentes-de-e-scooter-en-pasadena","name":"Abogado de Accidentes de E-Scooter en Pasadena\u00a0 | West Coast Trial Lawyers","isPartOf":{"@id":"https:\/\/westcoasttriallawyers.com\/es#website"},"primaryImageOfPage":{"@id":"https:\/\/westcoasttriallawyers.com\/es\/california\/pasadena\/abogado-de-accidentes-de-e-scooter-en-pasadena#primaryimage"},"image":{"@id":"https:\/\/westcoasttriallawyers.com\/es\/california\/pasadena\/abogado-de-accidentes-de-e-scooter-en-pasadena#primaryimage"},"thumbnailUrl":"https:\/\/westcoasttriallawyers.com\/wp-content\/uploads\/2025\/07\/Pasadena-Featured-Image-scaled-11.webp","datePublished":"2026-01-14T18:29:11+00:00","dateModified":"2026-01-22T10:23:46+00:00","breadcrumb":{"@id":"https:\/\/westcoasttriallawyers.com\/es\/california\/pasadena\/abogado-de-accidentes-de-e-scooter-en-pasadena#breadcrumb"},"inLanguage":"es","potentialAction":[{"@type":"ReadAction","target":["https:\/\/westcoasttriallawyers.com\/es\/california\/pasadena\/abogado-de-accidentes-de-e-scooter-en-pasadena"]}]},{"@type":"ImageObject","inLanguage":"es","@id":"https:\/\/westcoasttriallawyers.com\/es\/california\/pasadena\/abogado-de-accidentes-de-e-scooter-en-pasadena#primaryimage","url":"https:\/\/westcoasttriallawyers.com\/wp-content\/uploads\/2025\/07\/Pasadena-Featured-Image-scaled-11.webp","contentUrl":"https:\/\/westcoasttriallawyers.com\/wp-content\/uploads\/2025\/07\/Pasadena-Featured-Image-scaled-11.webp","width":2560,"height":1350},{"@type":"BreadcrumbList","@id":"https:\/\/westcoasttriallawyers.com\/es\/california\/pasadena\/abogado-de-accidentes-de-e-scooter-en-pasadena#breadcrumb","itemListElement":[{"@type":"ListItem","position":1,"name":"Inicio","item":"https:\/\/westcoasttriallawyers.com\/es"},{"@type":"ListItem","position":2,"name":"California","item":"https:\/\/westcoasttriallawyers.com\/es\/california"},{"@type":"ListItem","position":3,"name":"Pasadena","item":"https:\/\/westcoasttriallawyers.com\/es\/california\/pasadena"},{"@type":"ListItem","position":4,"name":"Abogado de Accidentes de E-Scooter en Pasadena\u00a0"}]},{"@type":"WebSite","@id":"https:\/\/westcoasttriallawyers.com\/es#website","url":"https:\/\/westcoasttriallawyers.com\/es","name":"West Coast Trial Lawyers","description":"West Coast Trial Lawyers","publisher":{"@id":"https:\/\/westcoasttriallawyers.com\/es#organization"},"alternateName":"WCTL","potentialAction":[{"@type":"SearchAction","target":{"@type":"EntryPoint","urlTemplate":"https:\/\/westcoasttriallawyers.com\/es?s={search_term_string}"},"query-input":{"@type":"PropertyValueSpecification","valueRequired":true,"valueName":"search_term_string"}}],"inLanguage":"es"},{"@type":"Organization","@id":"https:\/\/westcoasttriallawyers.com\/es#organization","name":"West Coast Trial Lawyers","alternateName":"WCTL","url":"https:\/\/westcoasttriallawyers.com\/es","logo":{"@type":"ImageObject","inLanguage":"es","@id":"https:\/\/westcoasttriallawyers.com\/es#\/schema\/logo\/image\/","url":"https:\/\/westcoasttriallawyers.com\/wp-content\/uploads\/2026\/02\/WCTL-Logo.jpg","contentUrl":"https:\/\/westcoasttriallawyers.com\/wp-content\/uploads\/2026\/02\/WCTL-Logo.jpg","width":696,"height":696,"caption":"West Coast Trial Lawyers"},"image":{"@id":"https:\/\/westcoasttriallawyers.com\/es#\/schema\/logo\/image\/"},"sameAs":["https:\/\/www.facebook.com\/westcoasttriallawyers\/","https:\/\/x.com\/WestCoastTrial","https:\/\/www.linkedin.com\/company\/west-coast-trial-lawyers\/","https:\/\/www.instagram.com\/westcoasttriallawyers\/","https:\/\/www.yelp.com\/biz\/west-coast-trial-lawyers-los-angeles-2","https:\/\/www.pinterest.com\/westcoasttrial\/","https:\/\/www.youtube.com\/westcoasttriallawyersla\/","https:\/\/www.tiktok.com\/westcoasttriallawyers"],"description":"West Coast Trial Lawyers is a top-rated personal injury law firm with a goal to provide expert legal representation to those in need. The law firm has offices across California, Nevada, Arizona, and Washington.","legalName":"West Coast Trial Lawyers"}]}},"_links":{"self":[{"href":"https:\/\/westcoasttriallawyers.com\/es\/wp-json\/wp\/v2\/pages\/12981","targetHints":{"allow":["GET"]}}],"collection":[{"href":"https:\/\/westcoasttriallawyers.com\/es\/wp-json\/wp\/v2\/pages"}],"about":[{"href":"https:\/\/westcoasttriallawyers.com\/es\/wp-json\/wp\/v2\/types\/page"}],"author":[{"embeddable":true,"href":"https:\/\/westcoasttriallawyers.com\/es\/wp-json\/wp\/v2\/users\/475"}],"replies":[{"embeddable":true,"href":"https:\/\/westcoasttriallawyers.com\/es\/wp-json\/wp\/v2\/comments?post=12981"}],"version-history":[{"count":3,"href":"https:\/\/westcoasttriallawyers.com\/es\/wp-json\/wp\/v2\/pages\/12981\/revisions"}],"predecessor-version":[{"id":47827,"href":"https:\/\/westcoasttriallawyers.com\/es\/wp-json\/wp\/v2\/pages\/12981\/revisions\/47827"}],"up":[{"embeddable":true,"href":"https:\/\/westcoasttriallawyers.com\/es\/wp-json\/wp\/v2\/pages\/47423"}],"wp:featuredmedia":[{"embeddable":true,"href":"https:\/\/westcoasttriallawyers.com\/es\/wp-json\/wp\/v2\/media\/47060"}],"wp:attachment":[{"href":"https:\/\/westcoasttriallawyers.com\/es\/wp-json\/wp\/v2\/media?parent=12981"}],"curies":[{"name":"wp","href":"https:\/\/api.w.org\/{rel}","templated":true}]}}