{"id":12979,"date":"2026-01-14T18:29:23","date_gmt":"2026-01-14T18:29:23","guid":{"rendered":"https:\/\/wctl1stg.wpengine.com\/?page_id=12979"},"modified":"2026-01-22T10:21:06","modified_gmt":"2026-01-22T10:21:06","slug":"abogado-de-responsabilidad-de-locales-de-pasadena","status":"publish","type":"page","link":"https:\/\/westcoasttriallawyers.com\/es\/california\/pasadena\/abogado-de-responsabilidad-de-locales-de-pasadena","title":{"rendered":"Abogado de responsabilidad de locales de Pasadena\u00a0"},"content":{"rendered":"<h2><strong>\u00bfSe lesion\u00f3 usted (o su hijo) mientras estaba en la propiedad de otra persona? Obtenga asistencia legal de nuestros abogados expertos en responsabilidad de locales de Pasadena<\/strong><\/h2>\n<p>Los propietarios son responsables de mantener sus instalaciones en condiciones razonablemente seguras. De lo contrario, el propietario de una propiedad puede enfrentar consecuencias por actuar de manera negligente si alguna persona resulta lesionada en sus instalaciones. Seg\u00fan el C\u00f3digo Civil de California 1714(a), \u201cToda persona es responsable, no solo por el resultado de sus actos intencionales, sino tambi\u00e9n por una lesi\u00f3n ocasionada a otro por su falta de cuidado ordinario o habilidad en el manejo de su propiedad o persona.\u201d<\/p>\n<p>Si una persona desea presentar una demanda de responsabilidad de locales contra un propietario negligente, debe mostrar prueba de lo siguiente:<\/p>\n<ul>\n<li>El demandado era propietario o arrendatario de la propiedad donde se produjo la lesi\u00f3n.<\/li>\n<li>El acusado exhibi\u00f3 actos de negligencia o imprudencia al no asegurar adecuadamente su propiedad.<\/li>\n<li>Su lesi\u00f3n fue causada por la negligencia del acusado.<\/li>\n<\/ul>\n<p>En West Coast Trial Lawyers, nuestros abogados de responsabilidad de locales de Pasadena tienen m\u00e1s de 60 a\u00f1os de experiencia legal colectiva en el manejo de casos de lesiones personales. Hemos ganado m\u00e1s de 5,000 casos y recuperado m\u00e1s de $1,000 millones en acuerdos para nuestros clientes. Debido a nuestro \u00e9xito con la satisfacci\u00f3n del cliente, hemos sido reconocidos como uno de los mejores bufetes de abogados de lesiones personales en Pasadena.<\/p>\n<p>Para programar una consulta gratuita y sin compromiso en nuestro bufete de abogados de lesiones personales de Pasadena, comun\u00edquese con nuestro equipo legal llamando al&nbsp;<strong>213-927-3700<\/strong> o enviando un correo electr\u00f3nico a&nbsp;<a href=\"mailto:info@westcoasttriallawyers.com\"><strong>info@westcoasttriallawyers.com<\/strong><\/a><strong>.<\/strong><\/p>\n<h2><strong>Me lesion\u00e9 mientras trabajaba en la propiedad de alguien<\/strong><\/h2>\n<p>Si se lesion\u00f3 mientras trabajaba en la propiedad de alguien, se le ofrecer\u00e1 una oportunidad limitada de recuperar da\u00f1os por cualquier p\u00e9rdida que haya sufrido. En Pasadena, se espera que los empleadores brinden beneficios laborales a sus empleados. Est\u00e1n obligados a pagar el seguro de compensaci\u00f3n para trabajadores de dos opciones, ya sea aseguradoras con licencia dentro del estado o del Fondo de Seguro de Compensaci\u00f3n del Estado (SCIF).<\/p>\n<p>Un empleador debe comprar un seguro de compensaci\u00f3n para trabajadores, independientemente de cu\u00e1ntos empleados tenga. A los empleados que se enfermen o lesionen les resultar\u00e1 m\u00e1s f\u00e1cil obtener tratamiento m\u00e9dico o recuperar los salarios perdidos. Si el empleador no est\u00e1 debidamente asegurado, entonces el Fondo Fiduciario de Beneficios para Empleadores No Asegurados (UEBTF, por sus siglas en ingl\u00e9s) de California tomar\u00e1 el lugar de la compa\u00f1\u00eda de seguros para pagar los beneficios del seguro de compensaci\u00f3n para trabajadores.<\/p>\n<p>Para calificar para los beneficios de compensaci\u00f3n para trabajadores, el empleado debe:<\/p>\n<ul>\n<li>Trabaje para una compa\u00f1\u00eda que ofrezca seguro de compensaci\u00f3n para trabajadores.<\/li>\n<li>Lesionarse en el trabajo o en tareas relacionadas con el trabajo.<\/li>\n<\/ul>\n<p>Los beneficios de compensaci\u00f3n para trabajadores se aplican a los empleados de tiempo completo, de medio tiempo y de temporada. Sin embargo, hay otras clases que no son elegibles para recibir compensaci\u00f3n laboral. Esto incluye:<\/p>\n<ul>\n<li>empleados indocumentados,<\/li>\n<li>Empleados temporales,<\/li>\n<li>empleados dom\u00e9sticos,<\/li>\n<li>Empleados independientes por contrato, y<\/li>\n<li>Empleados aut\u00f3nomos.<\/li>\n<\/ul>\n<p>Los empleados que trabajan en una casa privada a\u00fan califican para compensaci\u00f3n laboral si sus salarios son pagados por:<\/p>\n<ul>\n<li>Compa\u00f1\u00eda,<\/li>\n<li>agencia, o<\/li>\n<li>Contratista general.<\/li>\n<\/ul>\n<h2><strong>Un ni\u00f1o result\u00f3 herido en mi propiedad<\/strong><\/h2>\n<p>Es importante tener se\u00f1ales de advertencia para informar a las personas, especialmente a los ni\u00f1os, que no son bienvenidos en la propiedad sin permiso para entrar. Si bloquea su propiedad con puertas cerradas o cercas, es probable que evite ser responsable de que un ni\u00f1o entre sin autorizaci\u00f3n y se lesione. Lo contrario tambi\u00e9n se aplica si su hijo result\u00f3 herido en la propiedad de otra persona.<\/p>\n<p>Otro escenario que podr\u00eda causarle problemas con la ley es mostrar negligencia o descuido mientras supervisa a un ni\u00f1o en sus instalaciones. Usted es responsable de monitorear al ni\u00f1o en su propiedad. La falta de cuidado o atenci\u00f3n aumentar\u00e1 las posibilidades de que el ni\u00f1o sufra da\u00f1os. Lo contrario tambi\u00e9n se aplica si su hijo result\u00f3 herido en la propiedad de alguien debido a negligencia.<\/p>\n<p>Cuando se trata de allanamiento, los ni\u00f1os pueden sentirse tentados a poner un pie en la propiedad de otra persona si notan una molestia atractiva. Una molestia atractiva es algo que hace que los ni\u00f1os quieran entrar a la propiedad de otra persona. Los tribunales han creado limitaciones al tener requisitos para que los objetos sean hechos por el hombre o al hacer obligatorio que el due\u00f1o de una propiedad mantenga la molestia para ser considerado responsable. Esto incluye, pero no se limita a:<\/p>\n<ul>\n<li><strong>Equipo de juegos.<\/strong> Columpio, tobog\u00e1n, barras de mono o una caja de arena.<\/li>\n<li><strong>Animales.<\/strong> perro o gato.<\/li>\n<li><strong>Juguetes.<\/strong> Frisbee, hula hoop, pelota o flotadores.<\/li>\n<li><strong>Agua.<\/strong> Piscina, estanque o fuente.<\/li>\n<li><strong>Maquinaria.&nbsp;<\/strong>Cortadoras de c\u00e9sped.<\/li>\n<\/ul>\n<p>Un ejemplo de un escenario molesto atractivo es un ni\u00f1o que est\u00e1 hipnotizado por el patio de recreo de su vecino de al lado. Al parecer, el vecino no ha levantado barricadas para impedir que el ni\u00f1o entre en sus instalaciones. El ni\u00f1o tiene f\u00e1cil acceso a la propiedad y se dirige al conjunto de juegos. El ni\u00f1o sube al juego de juegos y se dirige hacia el tobog\u00e1n. Cuando el ni\u00f1o se prepara para bajar por el tobog\u00e1n, resbala y se cae. El ni\u00f1o sufre un gran golpe en la frente y moretones en las piernas. En este tipo de circunstancias, el propietario del inmueble puede ser considerado responsable por no colocar ning\u00fan tipo de protecci\u00f3n o se\u00f1alizaci\u00f3n de advertencia para impedir el acceso de cualquier persona a sus instalaciones.<\/p>\n<p>En resumen, si result\u00f3 lesionado en la propiedad de otra persona, ya sea privada o comercial, como resultado de la negligencia del due\u00f1o de la propiedad, puede tener derecho a recibir una compensaci\u00f3n por sus p\u00e9rdidas.<\/p>\n<h2><strong>Cont\u00e1ctenos<\/strong><\/h2>\n<p>Si estuvo involucrado en un accidente de responsabilidad de locales y le gustar\u00eda entablar una demanda contra la parte culpable, West Coast Trial Lawyers tiene abogados de responsabilidad de locales de Pasadena que est\u00e1n disponibles las 24 horas del d\u00eda, los 7 d\u00edas de la semana para brindarle asistencia legal.<\/p>\n<p>Cont\u00e1ctenos hoy llamando al&nbsp;<strong>213-927-3700&nbsp;<\/strong>o enviando un correo electr\u00f3nico a&nbsp;<a href=\"mailto:info@westcoasttriallawyers.com\"><strong>info@westcoasttriallawyers.com<\/strong><\/a><strong>&nbsp;<\/strong>para programar una consulta gratuita y sin compromiso en nuestro bufete de abogados de lesiones personales de Pasadena.<br \/>\n<!-- WCTL_DEBUG: no shortcode in this_content --><\/p>\n","protected":false},"excerpt":{"rendered":"<p>\u00bfSe lesion\u00f3 usted (o su hijo) mientras estaba en la propiedad de otra persona? Obtenga asistencia legal de nuestros abogados expertos en responsabilidad de locales de Pasadena Los propietarios son responsables de mantener sus instalaciones en condiciones razonablemente seguras. De lo contrario, el propietario de una propiedad puede enfrentar consecuencias por actuar de manera negligente [&hellip;]<\/p>\n","protected":false},"author":475,"featured_media":47080,"parent":47423,"menu_order":0,"comment_status":"closed","ping_status":"closed","template":"","meta":{"inline_featured_image":false,"footnotes":""},"class_list":["post-12979","page","type-page","status-publish","has-post-thumbnail","hentry"],"acf":[],"yoast_head":"<!-- This site is optimized with the Yoast SEO Premium plugin v26.0 (Yoast SEO v26.0) - https:\/\/yoast.com\/wordpress\/plugins\/seo\/ -->\n<title>Abogado de responsabilidad de locales de Pasadena\u00a0 | West Coast Trial Lawyers<\/title>\n<meta name=\"robots\" content=\"index, follow, max-snippet:-1, max-image-preview:large, max-video-preview:-1\" \/>\n<link rel=\"canonical\" href=\"https:\/\/westcoasttriallawyers.com\/es\/california\/pasadena\/abogado-de-responsabilidad-de-locales-de-pasadena\" \/>\n<meta property=\"og:locale\" content=\"es_ES\" \/>\n<meta property=\"og:type\" content=\"article\" \/>\n<meta property=\"og:title\" content=\"Abogado de responsabilidad de locales de Pasadena\u00a0\" \/>\n<meta property=\"og:description\" content=\"\u00bfSe lesion\u00f3 usted (o su hijo) mientras estaba en la propiedad de otra persona? Obtenga asistencia legal de nuestros abogados expertos en responsabilidad de locales de Pasadena Los propietarios son responsables de mantener sus instalaciones en condiciones razonablemente seguras. De lo contrario, el propietario de una propiedad puede enfrentar consecuencias por actuar de manera negligente [&hellip;]\" \/>\n<meta property=\"og:url\" content=\"https:\/\/westcoasttriallawyers.com\/es\/california\/pasadena\/abogado-de-responsabilidad-de-locales-de-pasadena\" \/>\n<meta property=\"og:site_name\" content=\"West Coast Trial Lawyers\" \/>\n<meta property=\"article:publisher\" content=\"https:\/\/www.facebook.com\/westcoasttriallawyers\/\" \/>\n<meta property=\"article:modified_time\" content=\"2026-01-22T10:21:06+00:00\" \/>\n<meta property=\"og:image\" content=\"https:\/\/westcoasttriallawyers.com\/wp-content\/uploads\/2025\/07\/Pasadena-Featured-Image-scaled-19.webp\" \/>\n\t<meta property=\"og:image:width\" content=\"2560\" \/>\n\t<meta property=\"og:image:height\" content=\"1350\" \/>\n\t<meta property=\"og:image:type\" content=\"image\/webp\" \/>\n<meta name=\"twitter:card\" content=\"summary_large_image\" \/>\n<meta name=\"twitter:site\" content=\"@WestCoastTrial\" \/>\n<meta name=\"twitter:label1\" content=\"Tiempo de lectura\" \/>\n\t<meta name=\"twitter:data1\" content=\"9 minutos\" \/>\n<script type=\"application\/ld+json\" class=\"yoast-schema-graph\">{\"@context\":\"https:\/\/schema.org\",\"@graph\":[{\"@type\":[\"WebPage\",\"ItemPage\"],\"@id\":\"https:\/\/westcoasttriallawyers.com\/es\/california\/pasadena\/abogado-de-responsabilidad-de-locales-de-pasadena\",\"url\":\"https:\/\/westcoasttriallawyers.com\/es\/california\/pasadena\/abogado-de-responsabilidad-de-locales-de-pasadena\",\"name\":\"Abogado de responsabilidad de locales de Pasadena\u00a0 | West Coast Trial Lawyers\",\"isPartOf\":{\"@id\":\"https:\/\/westcoasttriallawyers.com\/es#website\"},\"primaryImageOfPage\":{\"@id\":\"https:\/\/westcoasttriallawyers.com\/es\/california\/pasadena\/abogado-de-responsabilidad-de-locales-de-pasadena#primaryimage\"},\"image\":{\"@id\":\"https:\/\/westcoasttriallawyers.com\/es\/california\/pasadena\/abogado-de-responsabilidad-de-locales-de-pasadena#primaryimage\"},\"thumbnailUrl\":\"https:\/\/westcoasttriallawyers.com\/wp-content\/uploads\/2025\/07\/Pasadena-Featured-Image-scaled-19.webp\",\"datePublished\":\"2026-01-14T18:29:23+00:00\",\"dateModified\":\"2026-01-22T10:21:06+00:00\",\"breadcrumb\":{\"@id\":\"https:\/\/westcoasttriallawyers.com\/es\/california\/pasadena\/abogado-de-responsabilidad-de-locales-de-pasadena#breadcrumb\"},\"inLanguage\":\"es\",\"potentialAction\":[{\"@type\":\"ReadAction\",\"target\":[\"https:\/\/westcoasttriallawyers.com\/es\/california\/pasadena\/abogado-de-responsabilidad-de-locales-de-pasadena\"]}]},{\"@type\":\"ImageObject\",\"inLanguage\":\"es\",\"@id\":\"https:\/\/westcoasttriallawyers.com\/es\/california\/pasadena\/abogado-de-responsabilidad-de-locales-de-pasadena#primaryimage\",\"url\":\"https:\/\/westcoasttriallawyers.com\/wp-content\/uploads\/2025\/07\/Pasadena-Featured-Image-scaled-19.webp\",\"contentUrl\":\"https:\/\/westcoasttriallawyers.com\/wp-content\/uploads\/2025\/07\/Pasadena-Featured-Image-scaled-19.webp\",\"width\":2560,\"height\":1350},{\"@type\":\"BreadcrumbList\",\"@id\":\"https:\/\/westcoasttriallawyers.com\/es\/california\/pasadena\/abogado-de-responsabilidad-de-locales-de-pasadena#breadcrumb\",\"itemListElement\":[{\"@type\":\"ListItem\",\"position\":1,\"name\":\"Inicio\",\"item\":\"https:\/\/westcoasttriallawyers.com\/es\"},{\"@type\":\"ListItem\",\"position\":2,\"name\":\"California\",\"item\":\"https:\/\/westcoasttriallawyers.com\/es\/california\"},{\"@type\":\"ListItem\",\"position\":3,\"name\":\"Pasadena\",\"item\":\"https:\/\/westcoasttriallawyers.com\/es\/california\/pasadena\"},{\"@type\":\"ListItem\",\"position\":4,\"name\":\"Abogado de responsabilidad de locales de Pasadena\u00a0\"}]},{\"@type\":\"WebSite\",\"@id\":\"https:\/\/westcoasttriallawyers.com\/es#website\",\"url\":\"https:\/\/westcoasttriallawyers.com\/es\",\"name\":\"West Coast Trial Lawyers\",\"description\":\"West Coast Trial Lawyers\",\"publisher\":{\"@id\":\"https:\/\/westcoasttriallawyers.com\/es#organization\"},\"alternateName\":\"WCTL\",\"potentialAction\":[{\"@type\":\"SearchAction\",\"target\":{\"@type\":\"EntryPoint\",\"urlTemplate\":\"https:\/\/westcoasttriallawyers.com\/es?s={search_term_string}\"},\"query-input\":{\"@type\":\"PropertyValueSpecification\",\"valueRequired\":true,\"valueName\":\"search_term_string\"}}],\"inLanguage\":\"es\"},{\"@type\":\"Organization\",\"@id\":\"https:\/\/westcoasttriallawyers.com\/es#organization\",\"name\":\"West Coast Trial Lawyers\",\"alternateName\":\"WCTL\",\"url\":\"https:\/\/westcoasttriallawyers.com\/es\",\"logo\":{\"@type\":\"ImageObject\",\"inLanguage\":\"es\",\"@id\":\"https:\/\/westcoasttriallawyers.com\/es#\/schema\/logo\/image\/\",\"url\":\"https:\/\/westcoasttriallawyers.com\/wp-content\/uploads\/2026\/02\/WCTL-Logo.jpg\",\"contentUrl\":\"https:\/\/westcoasttriallawyers.com\/wp-content\/uploads\/2026\/02\/WCTL-Logo.jpg\",\"width\":696,\"height\":696,\"caption\":\"West Coast Trial Lawyers\"},\"image\":{\"@id\":\"https:\/\/westcoasttriallawyers.com\/es#\/schema\/logo\/image\/\"},\"sameAs\":[\"https:\/\/www.facebook.com\/westcoasttriallawyers\/\",\"https:\/\/x.com\/WestCoastTrial\",\"https:\/\/www.linkedin.com\/company\/west-coast-trial-lawyers\/\",\"https:\/\/www.instagram.com\/westcoasttriallawyers\/\",\"https:\/\/www.yelp.com\/biz\/west-coast-trial-lawyers-los-angeles-2\",\"https:\/\/www.pinterest.com\/westcoasttrial\/\",\"https:\/\/www.youtube.com\/westcoasttriallawyersla\/\",\"https:\/\/www.tiktok.com\/westcoasttriallawyers\"],\"description\":\"West Coast Trial Lawyers is a top-rated personal injury law firm with a goal to provide expert legal representation to those in need. The law firm has offices across California, Nevada, Arizona, and Washington.\",\"legalName\":\"West Coast Trial Lawyers\"}]}<\/script>\n<!-- \/ Yoast SEO Premium plugin. -->","yoast_head_json":{"title":"Abogado de responsabilidad de locales de Pasadena\u00a0 | West Coast Trial Lawyers","robots":{"index":"index","follow":"follow","max-snippet":"max-snippet:-1","max-image-preview":"max-image-preview:large","max-video-preview":"max-video-preview:-1"},"canonical":"https:\/\/westcoasttriallawyers.com\/es\/california\/pasadena\/abogado-de-responsabilidad-de-locales-de-pasadena","og_locale":"es_ES","og_type":"article","og_title":"Abogado de responsabilidad de locales de Pasadena\u00a0","og_description":"\u00bfSe lesion\u00f3 usted (o su hijo) mientras estaba en la propiedad de otra persona? Obtenga asistencia legal de nuestros abogados expertos en responsabilidad de locales de Pasadena Los propietarios son responsables de mantener sus instalaciones en condiciones razonablemente seguras. De lo contrario, el propietario de una propiedad puede enfrentar consecuencias por actuar de manera negligente [&hellip;]","og_url":"https:\/\/westcoasttriallawyers.com\/es\/california\/pasadena\/abogado-de-responsabilidad-de-locales-de-pasadena","og_site_name":"West Coast Trial Lawyers","article_publisher":"https:\/\/www.facebook.com\/westcoasttriallawyers\/","article_modified_time":"2026-01-22T10:21:06+00:00","og_image":[{"width":2560,"height":1350,"url":"https:\/\/westcoasttriallawyers.com\/wp-content\/uploads\/2025\/07\/Pasadena-Featured-Image-scaled-19.webp","type":"image\/webp"}],"twitter_card":"summary_large_image","twitter_site":"@WestCoastTrial","twitter_misc":{"Tiempo de lectura":"9 minutos"},"schema":{"@context":"https:\/\/schema.org","@graph":[{"@type":["WebPage","ItemPage"],"@id":"https:\/\/westcoasttriallawyers.com\/es\/california\/pasadena\/abogado-de-responsabilidad-de-locales-de-pasadena","url":"https:\/\/westcoasttriallawyers.com\/es\/california\/pasadena\/abogado-de-responsabilidad-de-locales-de-pasadena","name":"Abogado de responsabilidad de locales de Pasadena\u00a0 | West Coast Trial Lawyers","isPartOf":{"@id":"https:\/\/westcoasttriallawyers.com\/es#website"},"primaryImageOfPage":{"@id":"https:\/\/westcoasttriallawyers.com\/es\/california\/pasadena\/abogado-de-responsabilidad-de-locales-de-pasadena#primaryimage"},"image":{"@id":"https:\/\/westcoasttriallawyers.com\/es\/california\/pasadena\/abogado-de-responsabilidad-de-locales-de-pasadena#primaryimage"},"thumbnailUrl":"https:\/\/westcoasttriallawyers.com\/wp-content\/uploads\/2025\/07\/Pasadena-Featured-Image-scaled-19.webp","datePublished":"2026-01-14T18:29:23+00:00","dateModified":"2026-01-22T10:21:06+00:00","breadcrumb":{"@id":"https:\/\/westcoasttriallawyers.com\/es\/california\/pasadena\/abogado-de-responsabilidad-de-locales-de-pasadena#breadcrumb"},"inLanguage":"es","potentialAction":[{"@type":"ReadAction","target":["https:\/\/westcoasttriallawyers.com\/es\/california\/pasadena\/abogado-de-responsabilidad-de-locales-de-pasadena"]}]},{"@type":"ImageObject","inLanguage":"es","@id":"https:\/\/westcoasttriallawyers.com\/es\/california\/pasadena\/abogado-de-responsabilidad-de-locales-de-pasadena#primaryimage","url":"https:\/\/westcoasttriallawyers.com\/wp-content\/uploads\/2025\/07\/Pasadena-Featured-Image-scaled-19.webp","contentUrl":"https:\/\/westcoasttriallawyers.com\/wp-content\/uploads\/2025\/07\/Pasadena-Featured-Image-scaled-19.webp","width":2560,"height":1350},{"@type":"BreadcrumbList","@id":"https:\/\/westcoasttriallawyers.com\/es\/california\/pasadena\/abogado-de-responsabilidad-de-locales-de-pasadena#breadcrumb","itemListElement":[{"@type":"ListItem","position":1,"name":"Inicio","item":"https:\/\/westcoasttriallawyers.com\/es"},{"@type":"ListItem","position":2,"name":"California","item":"https:\/\/westcoasttriallawyers.com\/es\/california"},{"@type":"ListItem","position":3,"name":"Pasadena","item":"https:\/\/westcoasttriallawyers.com\/es\/california\/pasadena"},{"@type":"ListItem","position":4,"name":"Abogado de responsabilidad de locales de Pasadena\u00a0"}]},{"@type":"WebSite","@id":"https:\/\/westcoasttriallawyers.com\/es#website","url":"https:\/\/westcoasttriallawyers.com\/es","name":"West Coast Trial Lawyers","description":"West Coast Trial Lawyers","publisher":{"@id":"https:\/\/westcoasttriallawyers.com\/es#organization"},"alternateName":"WCTL","potentialAction":[{"@type":"SearchAction","target":{"@type":"EntryPoint","urlTemplate":"https:\/\/westcoasttriallawyers.com\/es?s={search_term_string}"},"query-input":{"@type":"PropertyValueSpecification","valueRequired":true,"valueName":"search_term_string"}}],"inLanguage":"es"},{"@type":"Organization","@id":"https:\/\/westcoasttriallawyers.com\/es#organization","name":"West Coast Trial Lawyers","alternateName":"WCTL","url":"https:\/\/westcoasttriallawyers.com\/es","logo":{"@type":"ImageObject","inLanguage":"es","@id":"https:\/\/westcoasttriallawyers.com\/es#\/schema\/logo\/image\/","url":"https:\/\/westcoasttriallawyers.com\/wp-content\/uploads\/2026\/02\/WCTL-Logo.jpg","contentUrl":"https:\/\/westcoasttriallawyers.com\/wp-content\/uploads\/2026\/02\/WCTL-Logo.jpg","width":696,"height":696,"caption":"West Coast Trial Lawyers"},"image":{"@id":"https:\/\/westcoasttriallawyers.com\/es#\/schema\/logo\/image\/"},"sameAs":["https:\/\/www.facebook.com\/westcoasttriallawyers\/","https:\/\/x.com\/WestCoastTrial","https:\/\/www.linkedin.com\/company\/west-coast-trial-lawyers\/","https:\/\/www.instagram.com\/westcoasttriallawyers\/","https:\/\/www.yelp.com\/biz\/west-coast-trial-lawyers-los-angeles-2","https:\/\/www.pinterest.com\/westcoasttrial\/","https:\/\/www.youtube.com\/westcoasttriallawyersla\/","https:\/\/www.tiktok.com\/westcoasttriallawyers"],"description":"West Coast Trial Lawyers is a top-rated personal injury law firm with a goal to provide expert legal representation to those in need. The law firm has offices across California, Nevada, Arizona, and Washington.","legalName":"West Coast Trial Lawyers"}]}},"_links":{"self":[{"href":"https:\/\/westcoasttriallawyers.com\/es\/wp-json\/wp\/v2\/pages\/12979","targetHints":{"allow":["GET"]}}],"collection":[{"href":"https:\/\/westcoasttriallawyers.com\/es\/wp-json\/wp\/v2\/pages"}],"about":[{"href":"https:\/\/westcoasttriallawyers.com\/es\/wp-json\/wp\/v2\/types\/page"}],"author":[{"embeddable":true,"href":"https:\/\/westcoasttriallawyers.com\/es\/wp-json\/wp\/v2\/users\/475"}],"replies":[{"embeddable":true,"href":"https:\/\/westcoasttriallawyers.com\/es\/wp-json\/wp\/v2\/comments?post=12979"}],"version-history":[{"count":3,"href":"https:\/\/westcoasttriallawyers.com\/es\/wp-json\/wp\/v2\/pages\/12979\/revisions"}],"predecessor-version":[{"id":47824,"href":"https:\/\/westcoasttriallawyers.com\/es\/wp-json\/wp\/v2\/pages\/12979\/revisions\/47824"}],"up":[{"embeddable":true,"href":"https:\/\/westcoasttriallawyers.com\/es\/wp-json\/wp\/v2\/pages\/47423"}],"wp:featuredmedia":[{"embeddable":true,"href":"https:\/\/westcoasttriallawyers.com\/es\/wp-json\/wp\/v2\/media\/47080"}],"wp:attachment":[{"href":"https:\/\/westcoasttriallawyers.com\/es\/wp-json\/wp\/v2\/media?parent=12979"}],"curies":[{"name":"wp","href":"https:\/\/api.w.org\/{rel}","templated":true}]}}