{"id":12978,"date":"2026-01-14T18:29:38","date_gmt":"2026-01-14T18:29:38","guid":{"rendered":"https:\/\/wctl1stg.wpengine.com\/?page_id=12978"},"modified":"2026-01-22T10:16:24","modified_gmt":"2026-01-22T10:16:24","slug":"abogado-de-entrega-de-alimentos-en-pasadena","status":"publish","type":"page","link":"https:\/\/westcoasttriallawyers.com\/es\/california\/pasadena\/abogado-de-entrega-de-alimentos-en-pasadena","title":{"rendered":"Abogado de entrega de alimentos en Pasadena"},"content":{"rendered":"<h2><strong>\u00bfCu\u00e1les son algunos de los problemas comunes que han causado los conductores de entrega de alimentos?<\/strong><\/h2>\n<p>Los servicios de comida a domicilio se han convertido en una opci\u00f3n conveniente para aquellos que quieren comida a domicilio sin tener que salir a buscarla ellos mismos. Los usuarios de estos servicios tienen f\u00e1cil acceso a casi cualquier comida que puedan imaginar simplemente descargando una aplicaci\u00f3n, como DoorDash o UberEats. Aunque los servicios de entrega de alimentos ofrecen beneficios a los usuarios, tambi\u00e9n tienen algunas desventajas.<\/p>\n<p>Los conductores que trabajan para los servicios de entrega de alimentos tienen la responsabilidad de asegurarse de que los alimentos se entreguen a tiempo. No hacerlo puede resultar en malas cr\u00edticas, lo que aumenta la probabilidad de que un conductor de entrega de alimentos sea despedido. Debido a esta presi\u00f3n, los conductores tienden a comportarse de manera imprudente al no obedecer las leyes de tr\u00e1nsito, lo que f\u00e1cilmente puede provocar un accidente.<\/p>\n<p>Un reclamo por accidente de entrega de alimentos es un tipo de reclamo por lesiones personales muy desafiante. En West Coast Trial Lawyers, contamos con abogados expertos en accidentes de entrega de alimentos en Pasadena que entienden c\u00f3mo manejar la responsabilidad y los da\u00f1os relacionados con este tipo de incidente. Hemos ganado m\u00e1s de 5000 casos de lesiones personales y adquirido m\u00e1s de mil millones de d\u00f3lares en acuerdos para nuestros clientes. Debido a nuestro \u00e9xito con la satisfacci\u00f3n del cliente, hemos sido reconocidos como uno de los mejores bufetes de abogados de lesiones personales en Pasadena.<\/p>\n<p>Para programar una consulta gratuita y sin compromiso en nuestro bufete de abogados de lesiones personales de Pasadena, comun\u00edquese con nuestro equipo legal las 24 horas, los 7 d\u00edas de la semana llamando al&nbsp;<strong>213-927-3700<\/strong> o enviando un correo electr\u00f3nico a&nbsp;<a href=\"mailto:info@westcoasttriallawyers.com\"><strong>info@westcoasttriallawyers.com<\/strong><\/a><strong>.&nbsp;<\/strong><\/p>\n<h2><strong>Problemas comunes con los servicios de entrega de alimentos<\/strong><\/h2>\n<p>Cuando se trata de servicios de entrega de alimentos, hay muchos problemas que pueden presentarse. \u00c9stos incluyen:<\/p>\n<ul>\n<li><strong>Seguridad alimentaria.<\/strong> Esta es una prioridad importante. Se espera que los conductores de entrega de alimentos mantengan las temperaturas fr\u00edas o calientes adecuadas para los alimentos que entregan. Si no lo hace, puede cambiar la calidad de la comida y es posible que se deteriore. El restaurante o el repartidor pueden tener la culpa de este tipo de problema si alguien se enferma como resultado de comida podrida o en mal estado. Se iniciar\u00e1 una investigaci\u00f3n para determinar qui\u00e9n ser\u00e1 responsable por el alimento caducado.<\/li>\n<li><strong>Manipulaci\u00f3n de alimentos.<\/strong> Este problema est\u00e1 dirigido principalmente a los conductores. Se han informado varios casos de conductores de entrega de alimentos que manipulan los pedidos de los clientes. Estas acciones pueden hacer que un cliente quede expuesto a la posibilidad de contaminaci\u00f3n cruzada. Existen leyes estrictas que est\u00e1n destinadas a evitar que un conductor de entrega de alimentos manipule los pedidos de alimentos. Por ejemplo, un conductor que est\u00e1 enfermo con una enfermedad contagiosa que escupe en la comida de alguien puede estar sujeto a graves repercusiones legales. De acuerdo con la ley de California (Secci\u00f3n 347 del C\u00f3digo Penal), aquellos que \u201ca sabiendas agregan veneno o una sustancia da\u00f1ina a cualquier alimento, bebida, medicina o producto farmac\u00e9utico donde otra persona podr\u00eda resultar da\u00f1ada, es culpable de un delito grave punible con una pena de prisi\u00f3n de de dos a cinco a\u00f1os\u201d. Para evitar la manipulaci\u00f3n de alimentos, empresas como UberEats y DoorDash est\u00e1n alentando a los restaurantes a realizar pedidos de alimentos en envases resistentes a la manipulaci\u00f3n.<\/li>\n<li><strong>Problemas de seguridad del conductor.&nbsp;<\/strong>Si un conductor est\u00e1 retrasado en su entrega, puede sentirse obligado a acelerar. Esta es una pr\u00e1ctica de manejo insegura que podr\u00eda ponerlos a ellos y a otros en riesgo de sufrir un accidente.<\/li>\n<\/ul>\n<h2><strong>Causas comunes de un accidente de entrega de alimentos<\/strong><\/h2>\n<p>Con la presi\u00f3n de entregar los alimentos a tiempo, un conductor puede participar en varios tipos de pr\u00e1cticas de conducci\u00f3n inseguras. \u00c9stos incluyen:<\/p>\n<ul>\n<li><strong>Conducir distra\u00eddo.<\/strong> Esta es una de las formas m\u00e1s comunes de causar una colisi\u00f3n. Hay una variedad de razones por las que un conductor se distrae mientras conduce en la carretera. Por ejemplo, podr\u00edan mirar su tel\u00e9fono para verificar una direcci\u00f3n, cambiar su m\u00fasica o enviar un mensaje de texto a alguien.<\/li>\n<li><strong>Conductor perdido.<\/strong> Los conductores pueden recibir una direcci\u00f3n de una ciudad con la que no est\u00e1n familiarizados. Esto puede hacer que el conductor revise con frecuencia su tel\u00e9fono para asegurarse de que va en la direcci\u00f3n correcta. Ser un conductor perdido tiene una conexi\u00f3n con ser un conductor distra\u00eddo, ya que la mayor parte del enfoque est\u00e1 en su tel\u00e9fono en lugar de en la carretera. Esto podr\u00eda conducir a una colisi\u00f3n con otro veh\u00edculo, o incluso con un peat\u00f3n.<\/li>\n<li><strong>Paradas y giros repentinos.<\/strong> Esto generalmente ocurre cuando el conductor pasa por la direcci\u00f3n del cliente o estaba demasiado ocupado prestando atenci\u00f3n a la direcci\u00f3n del cliente en su tel\u00e9fono. Esta parada repentina puede provocar un accidente entre el conductor de la entrega y el conductor directamente detr\u00e1s de ellos. En circunstancias como esta, el conductor de la entrega ser\u00e1 responsable de cualquier lesi\u00f3n o p\u00e9rdida causada por la parada repentina.<\/li>\n<\/ul>\n<h2><strong>Cont\u00e1ctenos<\/strong><\/h2>\n<p>Si usted o un ser querido estuvieron involucrados en un accidente de entrega de alimentos, West Coast Trial Lawyers tiene abogados de accidentes de entrega de alimentos en Pasadena que est\u00e1n disponibles para ayudarle con su caso de lesiones personales. No hay riesgos financieros involucrados al utilizar nuestros servicios.<\/p>\n<p>Para obtener una consulta gratuita en nuestro bufete de abogados de lesiones personales de Pasadena, comun\u00edquese con nuestro personal legal las 24 horas, los 7 d\u00edas de la semana llamando al&nbsp;<strong>213-927-3700<\/strong> o enviando un correo electr\u00f3nico a&nbsp;<a href=\"mailto:info@westcoasttriallawyers.com\"><strong>info@westcoasttriallawyers.com<\/strong><\/a><strong>.&nbsp;<\/strong><br \/>\n<!-- WCTL_DEBUG: no shortcode in this_content --><\/p>\n","protected":false},"excerpt":{"rendered":"<p>\u00bfCu\u00e1les son algunos de los problemas comunes que han causado los conductores de entrega de alimentos? Los servicios de comida a domicilio se han convertido en una opci\u00f3n conveniente para aquellos que quieren comida a domicilio sin tener que salir a buscarla ellos mismos. Los usuarios de estos servicios tienen f\u00e1cil acceso a casi cualquier [&hellip;]<\/p>\n","protected":false},"author":475,"featured_media":47105,"parent":47423,"menu_order":0,"comment_status":"closed","ping_status":"closed","template":"","meta":{"inline_featured_image":false,"footnotes":""},"class_list":["post-12978","page","type-page","status-publish","has-post-thumbnail","hentry"],"acf":[],"yoast_head":"<!-- This site is optimized with the Yoast SEO Premium plugin v26.0 (Yoast SEO v26.0) - https:\/\/yoast.com\/wordpress\/plugins\/seo\/ -->\n<title>Abogado de entrega de alimentos en Pasadena | West Coast Trial Lawyers<\/title>\n<meta name=\"robots\" content=\"index, follow, max-snippet:-1, max-image-preview:large, max-video-preview:-1\" \/>\n<link rel=\"canonical\" href=\"https:\/\/westcoasttriallawyers.com\/es\/california\/pasadena\/abogado-de-entrega-de-alimentos-en-pasadena\" \/>\n<meta property=\"og:locale\" content=\"es_ES\" \/>\n<meta property=\"og:type\" content=\"article\" \/>\n<meta property=\"og:title\" content=\"Abogado de entrega de alimentos en Pasadena\" \/>\n<meta property=\"og:description\" content=\"\u00bfCu\u00e1les son algunos de los problemas comunes que han causado los conductores de entrega de alimentos? Los servicios de comida a domicilio se han convertido en una opci\u00f3n conveniente para aquellos que quieren comida a domicilio sin tener que salir a buscarla ellos mismos. Los usuarios de estos servicios tienen f\u00e1cil acceso a casi cualquier [&hellip;]\" \/>\n<meta property=\"og:url\" content=\"https:\/\/westcoasttriallawyers.com\/es\/california\/pasadena\/abogado-de-entrega-de-alimentos-en-pasadena\" \/>\n<meta property=\"og:site_name\" content=\"West Coast Trial Lawyers\" \/>\n<meta property=\"article:publisher\" content=\"https:\/\/www.facebook.com\/westcoasttriallawyers\/\" \/>\n<meta property=\"article:modified_time\" content=\"2026-01-22T10:16:24+00:00\" \/>\n<meta property=\"og:image\" content=\"https:\/\/westcoasttriallawyers.com\/wp-content\/uploads\/2025\/07\/Pasadena-Featured-Image-scaled-29.webp\" \/>\n\t<meta property=\"og:image:width\" content=\"2560\" \/>\n\t<meta property=\"og:image:height\" content=\"1350\" \/>\n\t<meta property=\"og:image:type\" content=\"image\/webp\" \/>\n<meta name=\"twitter:card\" content=\"summary_large_image\" \/>\n<meta name=\"twitter:site\" content=\"@WestCoastTrial\" \/>\n<meta name=\"twitter:label1\" content=\"Tiempo de lectura\" \/>\n\t<meta name=\"twitter:data1\" content=\"7 minutos\" \/>\n<script type=\"application\/ld+json\" class=\"yoast-schema-graph\">{\"@context\":\"https:\/\/schema.org\",\"@graph\":[{\"@type\":[\"WebPage\",\"ItemPage\"],\"@id\":\"https:\/\/westcoasttriallawyers.com\/es\/california\/pasadena\/abogado-de-entrega-de-alimentos-en-pasadena\",\"url\":\"https:\/\/westcoasttriallawyers.com\/es\/california\/pasadena\/abogado-de-entrega-de-alimentos-en-pasadena\",\"name\":\"Abogado de entrega de alimentos en Pasadena | West Coast Trial Lawyers\",\"isPartOf\":{\"@id\":\"https:\/\/westcoasttriallawyers.com\/es#website\"},\"primaryImageOfPage\":{\"@id\":\"https:\/\/westcoasttriallawyers.com\/es\/california\/pasadena\/abogado-de-entrega-de-alimentos-en-pasadena#primaryimage\"},\"image\":{\"@id\":\"https:\/\/westcoasttriallawyers.com\/es\/california\/pasadena\/abogado-de-entrega-de-alimentos-en-pasadena#primaryimage\"},\"thumbnailUrl\":\"https:\/\/westcoasttriallawyers.com\/wp-content\/uploads\/2025\/07\/Pasadena-Featured-Image-scaled-29.webp\",\"datePublished\":\"2026-01-14T18:29:38+00:00\",\"dateModified\":\"2026-01-22T10:16:24+00:00\",\"breadcrumb\":{\"@id\":\"https:\/\/westcoasttriallawyers.com\/es\/california\/pasadena\/abogado-de-entrega-de-alimentos-en-pasadena#breadcrumb\"},\"inLanguage\":\"es\",\"potentialAction\":[{\"@type\":\"ReadAction\",\"target\":[\"https:\/\/westcoasttriallawyers.com\/es\/california\/pasadena\/abogado-de-entrega-de-alimentos-en-pasadena\"]}]},{\"@type\":\"ImageObject\",\"inLanguage\":\"es\",\"@id\":\"https:\/\/westcoasttriallawyers.com\/es\/california\/pasadena\/abogado-de-entrega-de-alimentos-en-pasadena#primaryimage\",\"url\":\"https:\/\/westcoasttriallawyers.com\/wp-content\/uploads\/2025\/07\/Pasadena-Featured-Image-scaled-29.webp\",\"contentUrl\":\"https:\/\/westcoasttriallawyers.com\/wp-content\/uploads\/2025\/07\/Pasadena-Featured-Image-scaled-29.webp\",\"width\":2560,\"height\":1350},{\"@type\":\"BreadcrumbList\",\"@id\":\"https:\/\/westcoasttriallawyers.com\/es\/california\/pasadena\/abogado-de-entrega-de-alimentos-en-pasadena#breadcrumb\",\"itemListElement\":[{\"@type\":\"ListItem\",\"position\":1,\"name\":\"Inicio\",\"item\":\"https:\/\/westcoasttriallawyers.com\/es\"},{\"@type\":\"ListItem\",\"position\":2,\"name\":\"California\",\"item\":\"https:\/\/westcoasttriallawyers.com\/es\/california\"},{\"@type\":\"ListItem\",\"position\":3,\"name\":\"Pasadena\",\"item\":\"https:\/\/westcoasttriallawyers.com\/es\/california\/pasadena\"},{\"@type\":\"ListItem\",\"position\":4,\"name\":\"Abogado de entrega de alimentos en Pasadena\"}]},{\"@type\":\"WebSite\",\"@id\":\"https:\/\/westcoasttriallawyers.com\/es#website\",\"url\":\"https:\/\/westcoasttriallawyers.com\/es\",\"name\":\"West Coast Trial Lawyers\",\"description\":\"West Coast Trial Lawyers\",\"publisher\":{\"@id\":\"https:\/\/westcoasttriallawyers.com\/es#organization\"},\"alternateName\":\"WCTL\",\"potentialAction\":[{\"@type\":\"SearchAction\",\"target\":{\"@type\":\"EntryPoint\",\"urlTemplate\":\"https:\/\/westcoasttriallawyers.com\/es?s={search_term_string}\"},\"query-input\":{\"@type\":\"PropertyValueSpecification\",\"valueRequired\":true,\"valueName\":\"search_term_string\"}}],\"inLanguage\":\"es\"},{\"@type\":\"Organization\",\"@id\":\"https:\/\/westcoasttriallawyers.com\/es#organization\",\"name\":\"West Coast Trial Lawyers\",\"alternateName\":\"WCTL\",\"url\":\"https:\/\/westcoasttriallawyers.com\/es\",\"logo\":{\"@type\":\"ImageObject\",\"inLanguage\":\"es\",\"@id\":\"https:\/\/westcoasttriallawyers.com\/es#\/schema\/logo\/image\/\",\"url\":\"https:\/\/westcoasttriallawyers.com\/wp-content\/uploads\/2026\/02\/WCTL-Logo.jpg\",\"contentUrl\":\"https:\/\/westcoasttriallawyers.com\/wp-content\/uploads\/2026\/02\/WCTL-Logo.jpg\",\"width\":696,\"height\":696,\"caption\":\"West Coast Trial Lawyers\"},\"image\":{\"@id\":\"https:\/\/westcoasttriallawyers.com\/es#\/schema\/logo\/image\/\"},\"sameAs\":[\"https:\/\/www.facebook.com\/westcoasttriallawyers\/\",\"https:\/\/x.com\/WestCoastTrial\",\"https:\/\/www.linkedin.com\/company\/west-coast-trial-lawyers\/\",\"https:\/\/www.instagram.com\/westcoasttriallawyers\/\",\"https:\/\/www.yelp.com\/biz\/west-coast-trial-lawyers-los-angeles-2\",\"https:\/\/www.pinterest.com\/westcoasttrial\/\",\"https:\/\/www.youtube.com\/westcoasttriallawyersla\/\",\"https:\/\/www.tiktok.com\/westcoasttriallawyers\"],\"description\":\"West Coast Trial Lawyers is a top-rated personal injury law firm with a goal to provide expert legal representation to those in need. The law firm has offices across California, Nevada, Arizona, and Washington.\",\"legalName\":\"West Coast Trial Lawyers\"}]}<\/script>\n<!-- \/ Yoast SEO Premium plugin. -->","yoast_head_json":{"title":"Abogado de entrega de alimentos en Pasadena | West Coast Trial Lawyers","robots":{"index":"index","follow":"follow","max-snippet":"max-snippet:-1","max-image-preview":"max-image-preview:large","max-video-preview":"max-video-preview:-1"},"canonical":"https:\/\/westcoasttriallawyers.com\/es\/california\/pasadena\/abogado-de-entrega-de-alimentos-en-pasadena","og_locale":"es_ES","og_type":"article","og_title":"Abogado de entrega de alimentos en Pasadena","og_description":"\u00bfCu\u00e1les son algunos de los problemas comunes que han causado los conductores de entrega de alimentos? Los servicios de comida a domicilio se han convertido en una opci\u00f3n conveniente para aquellos que quieren comida a domicilio sin tener que salir a buscarla ellos mismos. Los usuarios de estos servicios tienen f\u00e1cil acceso a casi cualquier [&hellip;]","og_url":"https:\/\/westcoasttriallawyers.com\/es\/california\/pasadena\/abogado-de-entrega-de-alimentos-en-pasadena","og_site_name":"West Coast Trial Lawyers","article_publisher":"https:\/\/www.facebook.com\/westcoasttriallawyers\/","article_modified_time":"2026-01-22T10:16:24+00:00","og_image":[{"width":2560,"height":1350,"url":"https:\/\/westcoasttriallawyers.com\/wp-content\/uploads\/2025\/07\/Pasadena-Featured-Image-scaled-29.webp","type":"image\/webp"}],"twitter_card":"summary_large_image","twitter_site":"@WestCoastTrial","twitter_misc":{"Tiempo de lectura":"7 minutos"},"schema":{"@context":"https:\/\/schema.org","@graph":[{"@type":["WebPage","ItemPage"],"@id":"https:\/\/westcoasttriallawyers.com\/es\/california\/pasadena\/abogado-de-entrega-de-alimentos-en-pasadena","url":"https:\/\/westcoasttriallawyers.com\/es\/california\/pasadena\/abogado-de-entrega-de-alimentos-en-pasadena","name":"Abogado de entrega de alimentos en Pasadena | West Coast Trial Lawyers","isPartOf":{"@id":"https:\/\/westcoasttriallawyers.com\/es#website"},"primaryImageOfPage":{"@id":"https:\/\/westcoasttriallawyers.com\/es\/california\/pasadena\/abogado-de-entrega-de-alimentos-en-pasadena#primaryimage"},"image":{"@id":"https:\/\/westcoasttriallawyers.com\/es\/california\/pasadena\/abogado-de-entrega-de-alimentos-en-pasadena#primaryimage"},"thumbnailUrl":"https:\/\/westcoasttriallawyers.com\/wp-content\/uploads\/2025\/07\/Pasadena-Featured-Image-scaled-29.webp","datePublished":"2026-01-14T18:29:38+00:00","dateModified":"2026-01-22T10:16:24+00:00","breadcrumb":{"@id":"https:\/\/westcoasttriallawyers.com\/es\/california\/pasadena\/abogado-de-entrega-de-alimentos-en-pasadena#breadcrumb"},"inLanguage":"es","potentialAction":[{"@type":"ReadAction","target":["https:\/\/westcoasttriallawyers.com\/es\/california\/pasadena\/abogado-de-entrega-de-alimentos-en-pasadena"]}]},{"@type":"ImageObject","inLanguage":"es","@id":"https:\/\/westcoasttriallawyers.com\/es\/california\/pasadena\/abogado-de-entrega-de-alimentos-en-pasadena#primaryimage","url":"https:\/\/westcoasttriallawyers.com\/wp-content\/uploads\/2025\/07\/Pasadena-Featured-Image-scaled-29.webp","contentUrl":"https:\/\/westcoasttriallawyers.com\/wp-content\/uploads\/2025\/07\/Pasadena-Featured-Image-scaled-29.webp","width":2560,"height":1350},{"@type":"BreadcrumbList","@id":"https:\/\/westcoasttriallawyers.com\/es\/california\/pasadena\/abogado-de-entrega-de-alimentos-en-pasadena#breadcrumb","itemListElement":[{"@type":"ListItem","position":1,"name":"Inicio","item":"https:\/\/westcoasttriallawyers.com\/es"},{"@type":"ListItem","position":2,"name":"California","item":"https:\/\/westcoasttriallawyers.com\/es\/california"},{"@type":"ListItem","position":3,"name":"Pasadena","item":"https:\/\/westcoasttriallawyers.com\/es\/california\/pasadena"},{"@type":"ListItem","position":4,"name":"Abogado de entrega de alimentos en Pasadena"}]},{"@type":"WebSite","@id":"https:\/\/westcoasttriallawyers.com\/es#website","url":"https:\/\/westcoasttriallawyers.com\/es","name":"West Coast Trial Lawyers","description":"West Coast Trial Lawyers","publisher":{"@id":"https:\/\/westcoasttriallawyers.com\/es#organization"},"alternateName":"WCTL","potentialAction":[{"@type":"SearchAction","target":{"@type":"EntryPoint","urlTemplate":"https:\/\/westcoasttriallawyers.com\/es?s={search_term_string}"},"query-input":{"@type":"PropertyValueSpecification","valueRequired":true,"valueName":"search_term_string"}}],"inLanguage":"es"},{"@type":"Organization","@id":"https:\/\/westcoasttriallawyers.com\/es#organization","name":"West Coast Trial Lawyers","alternateName":"WCTL","url":"https:\/\/westcoasttriallawyers.com\/es","logo":{"@type":"ImageObject","inLanguage":"es","@id":"https:\/\/westcoasttriallawyers.com\/es#\/schema\/logo\/image\/","url":"https:\/\/westcoasttriallawyers.com\/wp-content\/uploads\/2026\/02\/WCTL-Logo.jpg","contentUrl":"https:\/\/westcoasttriallawyers.com\/wp-content\/uploads\/2026\/02\/WCTL-Logo.jpg","width":696,"height":696,"caption":"West Coast Trial Lawyers"},"image":{"@id":"https:\/\/westcoasttriallawyers.com\/es#\/schema\/logo\/image\/"},"sameAs":["https:\/\/www.facebook.com\/westcoasttriallawyers\/","https:\/\/x.com\/WestCoastTrial","https:\/\/www.linkedin.com\/company\/west-coast-trial-lawyers\/","https:\/\/www.instagram.com\/westcoasttriallawyers\/","https:\/\/www.yelp.com\/biz\/west-coast-trial-lawyers-los-angeles-2","https:\/\/www.pinterest.com\/westcoasttrial\/","https:\/\/www.youtube.com\/westcoasttriallawyersla\/","https:\/\/www.tiktok.com\/westcoasttriallawyers"],"description":"West Coast Trial Lawyers is a top-rated personal injury law firm with a goal to provide expert legal representation to those in need. The law firm has offices across California, Nevada, Arizona, and Washington.","legalName":"West Coast Trial Lawyers"}]}},"_links":{"self":[{"href":"https:\/\/westcoasttriallawyers.com\/es\/wp-json\/wp\/v2\/pages\/12978","targetHints":{"allow":["GET"]}}],"collection":[{"href":"https:\/\/westcoasttriallawyers.com\/es\/wp-json\/wp\/v2\/pages"}],"about":[{"href":"https:\/\/westcoasttriallawyers.com\/es\/wp-json\/wp\/v2\/types\/page"}],"author":[{"embeddable":true,"href":"https:\/\/westcoasttriallawyers.com\/es\/wp-json\/wp\/v2\/users\/475"}],"replies":[{"embeddable":true,"href":"https:\/\/westcoasttriallawyers.com\/es\/wp-json\/wp\/v2\/comments?post=12978"}],"version-history":[{"count":3,"href":"https:\/\/westcoasttriallawyers.com\/es\/wp-json\/wp\/v2\/pages\/12978\/revisions"}],"predecessor-version":[{"id":47821,"href":"https:\/\/westcoasttriallawyers.com\/es\/wp-json\/wp\/v2\/pages\/12978\/revisions\/47821"}],"up":[{"embeddable":true,"href":"https:\/\/westcoasttriallawyers.com\/es\/wp-json\/wp\/v2\/pages\/47423"}],"wp:featuredmedia":[{"embeddable":true,"href":"https:\/\/westcoasttriallawyers.com\/es\/wp-json\/wp\/v2\/media\/47105"}],"wp:attachment":[{"href":"https:\/\/westcoasttriallawyers.com\/es\/wp-json\/wp\/v2\/media?parent=12978"}],"curies":[{"name":"wp","href":"https:\/\/api.w.org\/{rel}","templated":true}]}}