{"id":12974,"date":"2026-01-14T18:29:20","date_gmt":"2026-01-14T18:29:20","guid":{"rendered":"https:\/\/wctl1stg.wpengine.com\/?page_id=12974"},"modified":"2026-01-22T10:30:16","modified_gmt":"2026-01-22T10:30:16","slug":"abogado-de-accidentes-de-uber-y-lyft-en-pasadena","status":"publish","type":"page","link":"https:\/\/westcoasttriallawyers.com\/es\/california\/pasadena\/abogado-de-accidentes-de-uber-y-lyft-en-pasadena","title":{"rendered":"Abogado de accidentes de Uber y Lyft en Pasadena"},"content":{"rendered":"<h2><strong>Obtenga informaci\u00f3n de nuestros abogados expertos en accidentes de Uber y Lyft en Pasadena sobre c\u00f3mo emprender acciones legales contra un conductor de viaje compartido<\/strong><\/h2>\n<p>Uber y Lyft son los servicios de viajes compartidos m\u00e1s populares en California. Ambos est\u00e1n disponibles para su uso en todas las ciudades del estado, incluida Pasadena. Con sus convenientes servicios de transporte, estas dos empresas han adquirido m\u00e1s de millones de usuarios que utilizan sus aplicaciones a diario.<\/p>\n<p>Muchos usuarios acceden a Uber o Lyft para ir al trabajo, a la universidad o evitar conducir bajo los efectos del alcohol. Aunque Uber y Lyft ofrecen muchos beneficios para los usuarios, tambi\u00e9n pueden tener algunas desventajas, como sufrir agresiones f\u00edsicas, agresiones sexuales y conducci\u00f3n imprudente que resulta en un accidente. Si fue v\u00edctima de cualquiera de los escenarios, se recomienda encarecidamente que se comunique con un abogado con experiencia en viajes compartidos para que lo ayude a obtener una compensaci\u00f3n por sus p\u00e9rdidas.<\/p>\n<p>En West Coast Trial Lawyers, nuestros abogados le brindar\u00e1n asistencia legal para garantizar que tenga una alta probabilidad de ganar su caso. Nuestro bufete de abogados de lesiones personales de Pasadena ha ganado m\u00e1s de 5,000 casos y m\u00e1s de $1 mil millones en acuerdos y juicios para nuestros clientes. Estamos seguros de que estar\u00e1 satisfecho con nuestros servicios y el resultado de su caso.<\/p>\n<p>Ofrecemos una consulta gratuita y sin compromiso con nuestros abogados de accidentes de Uber y Lyft en Pasadena. Comun\u00edquese con nuestro equipo legal disponible las 24 horas, los 7 d\u00edas de la semana para programar una consulta gratuita llamando al\u00a0<strong>213-927-3700\u00a0<\/strong>o enviando un correo electr\u00f3nico a\u00a0<a href=\"mailto:info@westcoasttriallawyers.com\"><strong>info@westcoasttriallawyers.com<\/strong><\/a><strong>.<\/strong><\/p>\n<h2><strong>\u00bfQu\u00e9 protecciones ofrece Uber?<\/strong><\/h2>\n<p>Para proteger a sus trabajadores y pasajeros, Uber ofrece:<\/p>\n<ul>\n<li><strong>Le siguen amigos y familiares.\u00a0<\/strong>Uber autoriza a amigos y familiares a verificar su ruta. Esto es \u00fatil en situaciones en las que los amigos o la familia sienten la necesidad de controlarlo para asegurarse de que haya llegado a salvo a su destino.<\/li>\n<li><strong>Sistema de valoraci\u00f3n.<\/strong> Se le pide al pasajero que califique al conductor en funci\u00f3n de sus habilidades de conducci\u00f3n y comunicaci\u00f3n. El conductor tambi\u00e9n tiene la oportunidad de calificar qu\u00e9 tan bien se comportaron los pasajeros durante el viaje. Si el pasajero tiene una calificaci\u00f3n baja por cualquier motivo, ya no podr\u00e1 usar la aplicaci\u00f3n. Si el conductor tiene una calificaci\u00f3n baja, ser\u00e1 despedido.<\/li>\n<li><strong>Asistencia en la aplicaci\u00f3n.<\/strong> En caso de emergencias, Uber ha establecido una funci\u00f3n integrada que enviar\u00e1 la informaci\u00f3n de su viaje al instante a las autoridades locales.<\/li>\n<li><strong>seguimiento GPS.\u00a0<\/strong>Uber mantiene registros de todos los viajes y rutas que han realizado los usuarios. Esto ayudar\u00e1 con las quejas que env\u00eden los pasajeros con respecto a una mala experiencia que puedan haber tenido. Tambi\u00e9n se puede utilizar para emergencias.<\/li>\n<li><strong>Protecci\u00f3n contra lesiones de socios.<\/strong> Uber ofrece un seguro de protecci\u00f3n contra lesiones para socios a los conductores de viajes compartidos y entregas. Beneficios incluidos:\n<ul>\n<li>Hasta $1,000,000 por gastos m\u00e9dicos relacionados con el accidente. No hay deducible ni copago.<\/li>\n<li>Hasta $500 a la semana por incapacidad total temporal.<\/li>\n<li>Hasta $500 a la semana por incapacidad total continua.<\/li>\n<li>Hasta $50,000 por muerte accidental.<\/li>\n<li>Hasta $150,000 para beneficios de sobreviviente.<\/li>\n<li>Hasta $200,000 por desmembramiento accidental.<\/li>\n<\/ul>\n<\/li>\n<li><strong>Seguro de auto.<\/strong> Uber brinda protecci\u00f3n contra conductores imprudentes y conductores sin seguro o con seguro insuficiente.<\/li>\n<li><strong>Valor en efectivo del coche.<\/strong> Con un deducible de $1,000, puede asegurar su autom\u00f3vil por el valor en efectivo.<\/li>\n<li><strong>Calcoman\u00eda de Uber.<\/strong> Los conductores deben colocar una calcoman\u00eda en el lado derecho del parabrisas. Esto facilitar\u00e1 que un pasajero identifique a su conductor Uber asignado.<\/li>\n<li><strong>Inspecci\u00f3n de veh\u00edculo.\u00a0<\/strong>Los conductores deben revisar sus autos una vez al a\u00f1o o cada 50,000 millas. Esto se hace para asegurarse de que los conductores operen veh\u00edculos que est\u00e9n en buenas condiciones y que sean capaces de llevar a los pasajeros a las ubicaciones seleccionadas.<\/li>\n<li><strong>Verificaci\u00f3n de antecedentes.<\/strong> Se espera que los conductores pasen una verificaci\u00f3n de antecedentes anual. No ser\u00e1n elegibles para conducir hasta que esto se haya completado.<\/li>\n<li><strong>Restricci\u00f3n de edad.<\/strong> Los conductores no pueden aceptar solicitudes de viaje de menores.<\/li>\n<\/ul>\n<h2><strong>\u00bfPuedo demandar a Uber?<\/strong><\/h2>\n<p><strong>Conductor de Uber<\/strong><\/p>\n<p>Si trabaja para Uber como conductor, puede demandar a la empresa. De hecho, hay muchas demandas en curso que se han presentado contra Uber. Sin embargo, la atenci\u00f3n de los medios de comunicaci\u00f3n ha sido captada principalmente por una demanda colectiva nacional pendiente.<\/p>\n<p>Los conductores quieren una compensaci\u00f3n porque supuestamente Uber ha estado cometiendo actos de mala conducta contra ellos. El problema de la clasificaci\u00f3n err\u00f3nea de los empleados es grave y, seg\u00fan lo que han informado los conductores de Uber, la empresa de viajes compartidos no ha distribuido adecuadamente las propinas y no ha ofrecido beneficios a los empleados.<\/p>\n<p><strong>Uber Pasajero<\/strong><\/p>\n<p>Cualquier lesi\u00f3n o da\u00f1o puede compensarse presentando una demanda contra el conductor de Uber culpable. Para presentar una demanda, deber\u00e1 contratar a un abogado de accidentes de Uber. Lo guiar\u00e1n a trav\u00e9s del proceso de fortalecer su reclamo, negociar con las compa\u00f1\u00edas de seguros y obtener la compensaci\u00f3n que merece.<\/p>\n<p>Si result\u00f3 lesionado como pasajero, estar\u00e1 cubierto por la cobertura de responsabilidad comercial de Uber. Si los da\u00f1os que sufri\u00f3 superan la cobertura del seguro personal de los conductores, la p\u00f3liza de Uber cubrir\u00e1 el monto restante. Si el conductor no ten\u00eda seguro o ten\u00eda un seguro insuficiente, la p\u00f3liza de Uber a\u00fan cubrir\u00e1 p\u00e9rdidas de hasta $1 mill\u00f3n por accidente.<\/p>\n<h2><strong>\u00bfCu\u00e1nta compensaci\u00f3n puedo obtener de un acuerdo de Uber?<\/strong><\/h2>\n<p>No existe una forma probada y comprobada de hacer una predicci\u00f3n precisa sobre cu\u00e1nto dinero puede recuperar de un acuerdo con Uber. En algunos casos, los da\u00f1os del demandante se miden junto con la responsabilidad. Para comprender mejor los da\u00f1os disponibles, lo mejor es contratar a un abogado con experiencia en accidentes de Uber.<\/p>\n<h2><strong>Cont\u00e1ctenos<\/strong><\/h2>\n<p>Si estuvo involucrado en un accidente de Uber o Lyft, West Coast Trial Lawyers tiene abogados de accidentes de Uber y Lyft en Pasadena que tienen m\u00e1s de 60 a\u00f1os de experiencia legal colectiva en el manejo de casos de lesiones personales. Nos aseguraremos de que obtenga la m\u00e1xima compensaci\u00f3n por los da\u00f1os causados por el accidente. Esto incluye facturas m\u00e9dicas, da\u00f1os a la propiedad, salarios perdidos, angustia emocional y dolor y sufrimiento.<\/p>\n<p>Comun\u00edquese con nuestro equipo legal las 24 horas del d\u00eda, los 7 d\u00edas de la semana llamando al<strong> 213-927-3700<\/strong> o enviando un correo electr\u00f3nico a\u00a0<a href=\"mailto:info@westcoasttriallawyers.com\"><strong>info@westcoasttriallawyers.com<\/strong><\/a><strong>\u00a0<\/strong>para programar una consulta gratuita y sin compromiso en nuestro bufete de abogados de lesiones personales de Pasadena.<\/p>\n<p><!-- WCTL_DEBUG: no shortcode in this_content --><\/p>\n","protected":false},"excerpt":{"rendered":"<p>Obtenga informaci\u00f3n de nuestros abogados expertos en accidentes de Uber y Lyft en Pasadena sobre c\u00f3mo emprender acciones legales contra un conductor de viaje compartido Uber y Lyft son los servicios de viajes compartidos m\u00e1s populares en California. Ambos est\u00e1n disponibles para su uso en todas las ciudades del estado, incluida Pasadena. Con sus convenientes [&hellip;]<\/p>\n","protected":false},"author":475,"featured_media":47075,"parent":47423,"menu_order":0,"comment_status":"closed","ping_status":"closed","template":"","meta":{"inline_featured_image":false,"footnotes":""},"class_list":["post-12974","page","type-page","status-publish","has-post-thumbnail","hentry"],"acf":[],"yoast_head":"<!-- This site is optimized with the Yoast SEO Premium plugin v26.0 (Yoast SEO v26.0) - https:\/\/yoast.com\/wordpress\/plugins\/seo\/ -->\n<title>Abogado de accidentes de Uber y Lyft en Pasadena | West Coast Trial Lawyers<\/title>\n<meta name=\"robots\" content=\"index, follow, max-snippet:-1, max-image-preview:large, max-video-preview:-1\" \/>\n<link rel=\"canonical\" href=\"https:\/\/westcoasttriallawyers.com\/es\/california\/pasadena\/abogado-de-accidentes-de-uber-y-lyft-en-pasadena\" \/>\n<meta property=\"og:locale\" content=\"es_ES\" \/>\n<meta property=\"og:type\" content=\"article\" \/>\n<meta property=\"og:title\" content=\"Abogado de accidentes de Uber y Lyft en Pasadena\" \/>\n<meta property=\"og:description\" content=\"Obtenga informaci\u00f3n de nuestros abogados expertos en accidentes de Uber y Lyft en Pasadena sobre c\u00f3mo emprender acciones legales contra un conductor de viaje compartido Uber y Lyft son los servicios de viajes compartidos m\u00e1s populares en California. Ambos est\u00e1n disponibles para su uso en todas las ciudades del estado, incluida Pasadena. Con sus convenientes [&hellip;]\" \/>\n<meta property=\"og:url\" content=\"https:\/\/westcoasttriallawyers.com\/es\/california\/pasadena\/abogado-de-accidentes-de-uber-y-lyft-en-pasadena\" \/>\n<meta property=\"og:site_name\" content=\"West Coast Trial Lawyers\" \/>\n<meta property=\"article:publisher\" content=\"https:\/\/www.facebook.com\/westcoasttriallawyers\/\" \/>\n<meta property=\"article:modified_time\" content=\"2026-01-22T10:30:16+00:00\" \/>\n<meta property=\"og:image\" content=\"https:\/\/westcoasttriallawyers.com\/wp-content\/uploads\/2025\/07\/Pasadena-Featured-Image-scaled-17.webp\" \/>\n\t<meta property=\"og:image:width\" content=\"2560\" \/>\n\t<meta property=\"og:image:height\" content=\"1350\" \/>\n\t<meta property=\"og:image:type\" content=\"image\/webp\" \/>\n<meta name=\"twitter:card\" content=\"summary_large_image\" \/>\n<meta name=\"twitter:site\" content=\"@WestCoastTrial\" \/>\n<meta name=\"twitter:label1\" content=\"Tiempo de lectura\" \/>\n\t<meta name=\"twitter:data1\" content=\"8 minutos\" \/>\n<script type=\"application\/ld+json\" class=\"yoast-schema-graph\">{\"@context\":\"https:\/\/schema.org\",\"@graph\":[{\"@type\":[\"WebPage\",\"ItemPage\"],\"@id\":\"https:\/\/westcoasttriallawyers.com\/es\/california\/pasadena\/abogado-de-accidentes-de-uber-y-lyft-en-pasadena\",\"url\":\"https:\/\/westcoasttriallawyers.com\/es\/california\/pasadena\/abogado-de-accidentes-de-uber-y-lyft-en-pasadena\",\"name\":\"Abogado de accidentes de Uber y Lyft en Pasadena | West Coast Trial Lawyers\",\"isPartOf\":{\"@id\":\"https:\/\/westcoasttriallawyers.com\/es#website\"},\"primaryImageOfPage\":{\"@id\":\"https:\/\/westcoasttriallawyers.com\/es\/california\/pasadena\/abogado-de-accidentes-de-uber-y-lyft-en-pasadena#primaryimage\"},\"image\":{\"@id\":\"https:\/\/westcoasttriallawyers.com\/es\/california\/pasadena\/abogado-de-accidentes-de-uber-y-lyft-en-pasadena#primaryimage\"},\"thumbnailUrl\":\"https:\/\/westcoasttriallawyers.com\/wp-content\/uploads\/2025\/07\/Pasadena-Featured-Image-scaled-17.webp\",\"datePublished\":\"2026-01-14T18:29:20+00:00\",\"dateModified\":\"2026-01-22T10:30:16+00:00\",\"breadcrumb\":{\"@id\":\"https:\/\/westcoasttriallawyers.com\/es\/california\/pasadena\/abogado-de-accidentes-de-uber-y-lyft-en-pasadena#breadcrumb\"},\"inLanguage\":\"es\",\"potentialAction\":[{\"@type\":\"ReadAction\",\"target\":[\"https:\/\/westcoasttriallawyers.com\/es\/california\/pasadena\/abogado-de-accidentes-de-uber-y-lyft-en-pasadena\"]}]},{\"@type\":\"ImageObject\",\"inLanguage\":\"es\",\"@id\":\"https:\/\/westcoasttriallawyers.com\/es\/california\/pasadena\/abogado-de-accidentes-de-uber-y-lyft-en-pasadena#primaryimage\",\"url\":\"https:\/\/westcoasttriallawyers.com\/wp-content\/uploads\/2025\/07\/Pasadena-Featured-Image-scaled-17.webp\",\"contentUrl\":\"https:\/\/westcoasttriallawyers.com\/wp-content\/uploads\/2025\/07\/Pasadena-Featured-Image-scaled-17.webp\",\"width\":2560,\"height\":1350},{\"@type\":\"BreadcrumbList\",\"@id\":\"https:\/\/westcoasttriallawyers.com\/es\/california\/pasadena\/abogado-de-accidentes-de-uber-y-lyft-en-pasadena#breadcrumb\",\"itemListElement\":[{\"@type\":\"ListItem\",\"position\":1,\"name\":\"Inicio\",\"item\":\"https:\/\/westcoasttriallawyers.com\/es\"},{\"@type\":\"ListItem\",\"position\":2,\"name\":\"California\",\"item\":\"https:\/\/westcoasttriallawyers.com\/es\/california\"},{\"@type\":\"ListItem\",\"position\":3,\"name\":\"Pasadena\",\"item\":\"https:\/\/westcoasttriallawyers.com\/es\/california\/pasadena\"},{\"@type\":\"ListItem\",\"position\":4,\"name\":\"Abogado de accidentes de Uber y Lyft en Pasadena\"}]},{\"@type\":\"WebSite\",\"@id\":\"https:\/\/westcoasttriallawyers.com\/es#website\",\"url\":\"https:\/\/westcoasttriallawyers.com\/es\",\"name\":\"West Coast Trial Lawyers\",\"description\":\"West Coast Trial Lawyers\",\"publisher\":{\"@id\":\"https:\/\/westcoasttriallawyers.com\/es#organization\"},\"alternateName\":\"WCTL\",\"potentialAction\":[{\"@type\":\"SearchAction\",\"target\":{\"@type\":\"EntryPoint\",\"urlTemplate\":\"https:\/\/westcoasttriallawyers.com\/es?s={search_term_string}\"},\"query-input\":{\"@type\":\"PropertyValueSpecification\",\"valueRequired\":true,\"valueName\":\"search_term_string\"}}],\"inLanguage\":\"es\"},{\"@type\":\"Organization\",\"@id\":\"https:\/\/westcoasttriallawyers.com\/es#organization\",\"name\":\"West Coast Trial Lawyers\",\"alternateName\":\"WCTL\",\"url\":\"https:\/\/westcoasttriallawyers.com\/es\",\"logo\":{\"@type\":\"ImageObject\",\"inLanguage\":\"es\",\"@id\":\"https:\/\/westcoasttriallawyers.com\/es#\/schema\/logo\/image\/\",\"url\":\"https:\/\/westcoasttriallawyers.com\/wp-content\/uploads\/2026\/02\/WCTL-Logo.jpg\",\"contentUrl\":\"https:\/\/westcoasttriallawyers.com\/wp-content\/uploads\/2026\/02\/WCTL-Logo.jpg\",\"width\":696,\"height\":696,\"caption\":\"West Coast Trial Lawyers\"},\"image\":{\"@id\":\"https:\/\/westcoasttriallawyers.com\/es#\/schema\/logo\/image\/\"},\"sameAs\":[\"https:\/\/www.facebook.com\/westcoasttriallawyers\/\",\"https:\/\/x.com\/WestCoastTrial\",\"https:\/\/www.linkedin.com\/company\/west-coast-trial-lawyers\/\",\"https:\/\/www.instagram.com\/westcoasttriallawyers\/\",\"https:\/\/www.yelp.com\/biz\/west-coast-trial-lawyers-los-angeles-2\",\"https:\/\/www.pinterest.com\/westcoasttrial\/\",\"https:\/\/www.youtube.com\/westcoasttriallawyersla\/\",\"https:\/\/www.tiktok.com\/westcoasttriallawyers\"],\"description\":\"West Coast Trial Lawyers is a top-rated personal injury law firm with a goal to provide expert legal representation to those in need. The law firm has offices across California, Nevada, Arizona, and Washington.\",\"legalName\":\"West Coast Trial Lawyers\"}]}<\/script>\n<!-- \/ Yoast SEO Premium plugin. -->","yoast_head_json":{"title":"Abogado de accidentes de Uber y Lyft en Pasadena | West Coast Trial Lawyers","robots":{"index":"index","follow":"follow","max-snippet":"max-snippet:-1","max-image-preview":"max-image-preview:large","max-video-preview":"max-video-preview:-1"},"canonical":"https:\/\/westcoasttriallawyers.com\/es\/california\/pasadena\/abogado-de-accidentes-de-uber-y-lyft-en-pasadena","og_locale":"es_ES","og_type":"article","og_title":"Abogado de accidentes de Uber y Lyft en Pasadena","og_description":"Obtenga informaci\u00f3n de nuestros abogados expertos en accidentes de Uber y Lyft en Pasadena sobre c\u00f3mo emprender acciones legales contra un conductor de viaje compartido Uber y Lyft son los servicios de viajes compartidos m\u00e1s populares en California. Ambos est\u00e1n disponibles para su uso en todas las ciudades del estado, incluida Pasadena. Con sus convenientes [&hellip;]","og_url":"https:\/\/westcoasttriallawyers.com\/es\/california\/pasadena\/abogado-de-accidentes-de-uber-y-lyft-en-pasadena","og_site_name":"West Coast Trial Lawyers","article_publisher":"https:\/\/www.facebook.com\/westcoasttriallawyers\/","article_modified_time":"2026-01-22T10:30:16+00:00","og_image":[{"width":2560,"height":1350,"url":"https:\/\/westcoasttriallawyers.com\/wp-content\/uploads\/2025\/07\/Pasadena-Featured-Image-scaled-17.webp","type":"image\/webp"}],"twitter_card":"summary_large_image","twitter_site":"@WestCoastTrial","twitter_misc":{"Tiempo de lectura":"8 minutos"},"schema":{"@context":"https:\/\/schema.org","@graph":[{"@type":["WebPage","ItemPage"],"@id":"https:\/\/westcoasttriallawyers.com\/es\/california\/pasadena\/abogado-de-accidentes-de-uber-y-lyft-en-pasadena","url":"https:\/\/westcoasttriallawyers.com\/es\/california\/pasadena\/abogado-de-accidentes-de-uber-y-lyft-en-pasadena","name":"Abogado de accidentes de Uber y Lyft en Pasadena | West Coast Trial Lawyers","isPartOf":{"@id":"https:\/\/westcoasttriallawyers.com\/es#website"},"primaryImageOfPage":{"@id":"https:\/\/westcoasttriallawyers.com\/es\/california\/pasadena\/abogado-de-accidentes-de-uber-y-lyft-en-pasadena#primaryimage"},"image":{"@id":"https:\/\/westcoasttriallawyers.com\/es\/california\/pasadena\/abogado-de-accidentes-de-uber-y-lyft-en-pasadena#primaryimage"},"thumbnailUrl":"https:\/\/westcoasttriallawyers.com\/wp-content\/uploads\/2025\/07\/Pasadena-Featured-Image-scaled-17.webp","datePublished":"2026-01-14T18:29:20+00:00","dateModified":"2026-01-22T10:30:16+00:00","breadcrumb":{"@id":"https:\/\/westcoasttriallawyers.com\/es\/california\/pasadena\/abogado-de-accidentes-de-uber-y-lyft-en-pasadena#breadcrumb"},"inLanguage":"es","potentialAction":[{"@type":"ReadAction","target":["https:\/\/westcoasttriallawyers.com\/es\/california\/pasadena\/abogado-de-accidentes-de-uber-y-lyft-en-pasadena"]}]},{"@type":"ImageObject","inLanguage":"es","@id":"https:\/\/westcoasttriallawyers.com\/es\/california\/pasadena\/abogado-de-accidentes-de-uber-y-lyft-en-pasadena#primaryimage","url":"https:\/\/westcoasttriallawyers.com\/wp-content\/uploads\/2025\/07\/Pasadena-Featured-Image-scaled-17.webp","contentUrl":"https:\/\/westcoasttriallawyers.com\/wp-content\/uploads\/2025\/07\/Pasadena-Featured-Image-scaled-17.webp","width":2560,"height":1350},{"@type":"BreadcrumbList","@id":"https:\/\/westcoasttriallawyers.com\/es\/california\/pasadena\/abogado-de-accidentes-de-uber-y-lyft-en-pasadena#breadcrumb","itemListElement":[{"@type":"ListItem","position":1,"name":"Inicio","item":"https:\/\/westcoasttriallawyers.com\/es"},{"@type":"ListItem","position":2,"name":"California","item":"https:\/\/westcoasttriallawyers.com\/es\/california"},{"@type":"ListItem","position":3,"name":"Pasadena","item":"https:\/\/westcoasttriallawyers.com\/es\/california\/pasadena"},{"@type":"ListItem","position":4,"name":"Abogado de accidentes de Uber y Lyft en Pasadena"}]},{"@type":"WebSite","@id":"https:\/\/westcoasttriallawyers.com\/es#website","url":"https:\/\/westcoasttriallawyers.com\/es","name":"West Coast Trial Lawyers","description":"West Coast Trial Lawyers","publisher":{"@id":"https:\/\/westcoasttriallawyers.com\/es#organization"},"alternateName":"WCTL","potentialAction":[{"@type":"SearchAction","target":{"@type":"EntryPoint","urlTemplate":"https:\/\/westcoasttriallawyers.com\/es?s={search_term_string}"},"query-input":{"@type":"PropertyValueSpecification","valueRequired":true,"valueName":"search_term_string"}}],"inLanguage":"es"},{"@type":"Organization","@id":"https:\/\/westcoasttriallawyers.com\/es#organization","name":"West Coast Trial Lawyers","alternateName":"WCTL","url":"https:\/\/westcoasttriallawyers.com\/es","logo":{"@type":"ImageObject","inLanguage":"es","@id":"https:\/\/westcoasttriallawyers.com\/es#\/schema\/logo\/image\/","url":"https:\/\/westcoasttriallawyers.com\/wp-content\/uploads\/2026\/02\/WCTL-Logo.jpg","contentUrl":"https:\/\/westcoasttriallawyers.com\/wp-content\/uploads\/2026\/02\/WCTL-Logo.jpg","width":696,"height":696,"caption":"West Coast Trial Lawyers"},"image":{"@id":"https:\/\/westcoasttriallawyers.com\/es#\/schema\/logo\/image\/"},"sameAs":["https:\/\/www.facebook.com\/westcoasttriallawyers\/","https:\/\/x.com\/WestCoastTrial","https:\/\/www.linkedin.com\/company\/west-coast-trial-lawyers\/","https:\/\/www.instagram.com\/westcoasttriallawyers\/","https:\/\/www.yelp.com\/biz\/west-coast-trial-lawyers-los-angeles-2","https:\/\/www.pinterest.com\/westcoasttrial\/","https:\/\/www.youtube.com\/westcoasttriallawyersla\/","https:\/\/www.tiktok.com\/westcoasttriallawyers"],"description":"West Coast Trial Lawyers is a top-rated personal injury law firm with a goal to provide expert legal representation to those in need. The law firm has offices across California, Nevada, Arizona, and Washington.","legalName":"West Coast Trial Lawyers"}]}},"_links":{"self":[{"href":"https:\/\/westcoasttriallawyers.com\/es\/wp-json\/wp\/v2\/pages\/12974","targetHints":{"allow":["GET"]}}],"collection":[{"href":"https:\/\/westcoasttriallawyers.com\/es\/wp-json\/wp\/v2\/pages"}],"about":[{"href":"https:\/\/westcoasttriallawyers.com\/es\/wp-json\/wp\/v2\/types\/page"}],"author":[{"embeddable":true,"href":"https:\/\/westcoasttriallawyers.com\/es\/wp-json\/wp\/v2\/users\/475"}],"replies":[{"embeddable":true,"href":"https:\/\/westcoasttriallawyers.com\/es\/wp-json\/wp\/v2\/comments?post=12974"}],"version-history":[{"count":3,"href":"https:\/\/westcoasttriallawyers.com\/es\/wp-json\/wp\/v2\/pages\/12974\/revisions"}],"predecessor-version":[{"id":47836,"href":"https:\/\/westcoasttriallawyers.com\/es\/wp-json\/wp\/v2\/pages\/12974\/revisions\/47836"}],"up":[{"embeddable":true,"href":"https:\/\/westcoasttriallawyers.com\/es\/wp-json\/wp\/v2\/pages\/47423"}],"wp:featuredmedia":[{"embeddable":true,"href":"https:\/\/westcoasttriallawyers.com\/es\/wp-json\/wp\/v2\/media\/47075"}],"wp:attachment":[{"href":"https:\/\/westcoasttriallawyers.com\/es\/wp-json\/wp\/v2\/media?parent=12974"}],"curies":[{"name":"wp","href":"https:\/\/api.w.org\/{rel}","templated":true}]}}