{"id":12973,"date":"2026-01-14T18:29:35","date_gmt":"2026-01-14T18:29:35","guid":{"rendered":"https:\/\/wctl1stg.wpengine.com\/?page_id=12973"},"modified":"2026-01-22T10:25:49","modified_gmt":"2026-01-22T10:25:49","slug":"abogado-especializado-en-lesiones-de-la-medula-espinal-de-pasadena","status":"publish","type":"page","link":"https:\/\/westcoasttriallawyers.com\/es\/california\/pasadena\/abogado-especializado-en-lesiones-de-la-medula-espinal-de-pasadena","title":{"rendered":"Abogado especializado en lesiones de la m\u00e9dula espinal de Pasadena"},"content":{"rendered":"<h2><strong>Tipos de lesiones de la m\u00e9dula espinal que las v\u00edctimas podr\u00edan sufrir en un accidente<\/strong><\/h2>\n<p>Las lesiones de la m\u00e9dula espinal son causadas por diferentes tipos de accidentes. Estos incluyen, entre otros, accidentes automovil\u00edsticos, accidentes de bicicleta, accidentes de motocicleta, accidentes de peatones y accidentes de camiones. Sin embargo, lo que es com\u00fan a todos los tipos de reclamos por lesiones de la m\u00e9dula espinal es la negligencia. En otras palabras, su lesi\u00f3n de la m\u00e9dula espinal debe haber sido causada por la negligencia de alguien, ya sea un individuo, un grupo de personas, una entidad o incluso un fabricante o distribuidor de productos.<\/p>\n<p>En West Coast Trial Lawyers, nuestros abogados de lesiones de la m\u00e9dula espinal de Pasadena siempre est\u00e1n disponibles para ayudarlo con su caso. Nuestro bufete de abogados de lesiones personales de Pasadena ha ganado m\u00e1s de 5,000 casos, acumulando as\u00ed m\u00e1s de $1,000 millones en acuerdos para nuestros clientes. Con la cantidad de \u00e9xito que hemos logrado en el campo legal, hemos sido clasificados como uno de los mejores bufetes de abogados de lesiones personales en Pasadena.<\/p>\n<p>Comun\u00edquese con nuestro equipo legal disponible las 24 horas, los 7 d\u00edas de la semana para programar una consulta gratuita y sin compromiso llamando al&nbsp;<strong>213-927-3700<\/strong> o enviando un correo electr\u00f3nico a&nbsp;<a href=\"mailto:info@westcoasttriallawyers.com\"><strong>info@westcoasttriallawyers.com<\/strong><\/a><strong>.<\/strong><\/p>\n<h2><strong>Tipos de lesiones de la m\u00e9dula espinal<\/strong><\/h2>\n<p>La m\u00e9dula espinal tiene cuatro secciones que corren el riesgo de da\u00f1arse, como se describe a continuaci\u00f3n:<\/p>\n<ul>\n<li><strong>M\u00e9dula espinal cervical.<\/strong> Esta secci\u00f3n se encuentra en la parte superior de la m\u00e9dula espinal. Hay siete v\u00e9rtebras en el cuello (C1 a C7). Los s\u00edntomas de una lesi\u00f3n de la m\u00e9dula espinal cervical incluyen tetraplej\u00eda, paraplej\u00eda, ausencia de sensaci\u00f3n debajo del cuello y los hombros, p\u00e9rdida de control de la vejiga o el intestino, espasmos, dolor de espalda o cuello, dificultad para respirar, p\u00e9rdida de movimiento y p\u00e9rdida de sensibilidad. El tratamiento de este tipo de lesi\u00f3n medular consiste en:\n<ul>\n<li>Tomar esteroides o medicamentos antiinflamatorios para reducir la hinchaz\u00f3n.<\/li>\n<li>Estabilizaci\u00f3n de la zona lesionada.<\/li>\n<li>Rehabilitaci\u00f3n para ayudar a volver a aprender el movimiento del cuerpo.<\/li>\n<li>Cuidado 24\/7 por el resto de su vida. Esto es principalmente para aquellos que sufrieron una lesi\u00f3n grave de la m\u00e9dula espinal cervical y no tienen posibilidades de recuperarse por completo.<\/li>\n<\/ul>\n<\/li>\n<li><strong>M\u00e9dula espinal tor\u00e1cica.<\/strong> Esta secci\u00f3n se encuentra debajo de las v\u00e9rtebras cervicales. Contiene doce v\u00e9rtebras (T1 a T12).\n<ul>\n<li><strong>T1 a T5.<\/strong> Esto afectar\u00e1 los m\u00fasculos, los m\u00fasculos abdominales, la parte media de la espalda y la parte superior del pecho. Estos nervios sostienen la caja tor\u00e1cica, los pulmones, el diafragma y los m\u00fasculos para ayudar con la respiraci\u00f3n.<\/li>\n<li><strong>T6 a T12.<\/strong> Esto afectar\u00e1 la espalda y los m\u00fasculos abdominales. Estos nervios mantienen el equilibrio y la postura adecuados.<\/li>\n<\/ul>\n<\/li>\n<\/ul>\n<p>Los efectos adicionales de una lesi\u00f3n de la m\u00e9dula espinal tambi\u00e9n pueden incluir p\u00e9rdida de la sensibilidad, p\u00e9rdida del control de la vejiga o el intestino, fiebre, dolor de espalda y paraplej\u00eda. Es importante buscar atenci\u00f3n m\u00e9dica para obtener un diagn\u00f3stico adecuado de su condici\u00f3n y un plan de tratamiento para la recuperaci\u00f3n. Si su lesi\u00f3n no fue grave, puede completar el tratamiento de cuidado personal en casa. Aqu\u00ed hay algunos consejos importantes a seguir.<\/p>\n<ul>\n<li>Mu\u00e9vase lentamente.<\/li>\n<li>Col\u00f3quese un aparato ortop\u00e9dico para ayudar con la estabilizaci\u00f3n.<\/li>\n<li>Asiste a sesiones de fisioterapia para recuperar fuerzas.<\/li>\n<li>Aplique hielo o calor en el \u00e1rea afectada. Se puede usar hielo para reducir el dolor y la hinchaz\u00f3n. El calor ayudar\u00e1 a reducir los espasmos musculares. Consulte con su m\u00e9dico sobre qu\u00e9 tratamiento ser\u00eda m\u00e1s beneficioso para su lesi\u00f3n.<\/li>\n<\/ul>\n<p>Tenga en cuenta que cualquier lesi\u00f3n de moderada a grave puede necesitar atenci\u00f3n m\u00e9dica inmediata en un hospital.<\/p>\n<ul>\n<li><strong>M\u00e9dula espinal lumbar.<\/strong> La columna lumbar se encuentra justo debajo de las v\u00e9rtebras tor\u00e1cicas e incluye cinco v\u00e9rtebras (L1 a L5). Si se lesiona la m\u00e9dula espinal lumbar, puede experimentar p\u00e9rdida de la funci\u00f3n alrededor de las caderas y las piernas, p\u00e9rdida del control de la vejiga o el intestino, disfunci\u00f3n sexual y paraplej\u00eda. El proceso de recuperaci\u00f3n de una lesi\u00f3n de la m\u00e9dula espinal lumbar depende de los nervios afectados y la gravedad del impacto. Por lo general, este tipo de lesi\u00f3n no es fatal. El tratamiento puede incluir ir al hospital para m\u00e1s an\u00e1lisis y diagn\u00f3stico. Tambi\u00e9n se le puede recomendar que visite un centro de rehabilitaci\u00f3n para ayudarlo con su proceso de recuperaci\u00f3n.<\/li>\n<li><strong>M\u00e9dula espinal sacra.<\/strong> Se encuentra en la zona m\u00e1s baja de la m\u00e9dula espinal. La m\u00e9dula espinal sacra tiene cinco huesos combinados que forman nervios de forma triangular. Cada uno de estos nervios afecta a una parte diferente del cuerpo.\n<ul>\n<li><strong>S1.<\/strong> Afecta las caderas y la ingle.<\/li>\n<li><strong>S2.<\/strong> Afecta la parte posterior de los muslos.<\/li>\n<li><strong>S3.<\/strong> Afecta las nalgas.<\/li>\n<li><strong>S4 y S5.<\/strong> Afecta la zona perineal.<\/li>\n<\/ul>\n<\/li>\n<\/ul>\n<p>Este tipo de lesi\u00f3n de la m\u00e9dula espinal es causada por una ca\u00edda o un traumatismo grave. La p\u00e9rdida de funci\u00f3n en las caderas y las piernas y la falta de control de la vejiga o el intestino son efectos secundarios comunes. En casa, se pueden usar remedios para curar una lesi\u00f3n de la m\u00e9dula espinal sacra. Esto incluye:<\/p>\n<ul>\n<li>Aplicar una compresa fr\u00eda envuelta en una toalla sobre el \u00e1rea lesionada durante 10 a 20 minutos. Haga esto cada 1 a 2 horas durante 3 d\u00edas.<\/li>\n<li>No sentarse en superficies duras.<\/li>\n<li>Comer frutas, verduras, frijoles y granos integrales para obtener un alto contenido de fibra.<\/li>\n<li>Beber mucha agua.<\/li>\n<\/ul>\n<p>Cualquier s\u00edntoma grave o notable debe ser evaluado por un profesional m\u00e9dico. Ellos determinar\u00e1n un diagn\u00f3stico y crear\u00e1n un plan de tratamiento que sea m\u00e1s adecuado para tratar su condici\u00f3n.<\/p>\n<h2><strong>Cont\u00e1ctenos<\/strong><\/h2>\n<p>Si experiment\u00f3 una lesi\u00f3n de la m\u00e9dula espinal debido a las acciones negligentes de otra persona, West Coast Trial Lawyers cuenta con abogados experimentados en lesiones de la m\u00e9dula espinal de Pasadena que han ganado m\u00e1s de 5,000 casos, lo que ha acumulado m\u00e1s de $ 1 mil millones en acuerdos para nuestros clientes. Debido a nuestro \u00e9xito con la satisfacci\u00f3n del cliente, estamos seguros de que le daremos un buen resultado a su caso.<\/p>\n<p>Cont\u00e1ctenos las 24 horas del d\u00eda, los 7 d\u00edas de la semana llamando al <strong>213-927-3700<\/strong> o enviando un correo electr\u00f3nico a&nbsp;<strong>info@westcoasttriallawyers.com<\/strong> para programar una consulta gratuita con nuestro equipo legal compasivo, atento y experto.<br \/>\n<!-- WCTL_DEBUG: no shortcode in this_content --><\/p>\n","protected":false},"excerpt":{"rendered":"<p>Tipos de lesiones de la m\u00e9dula espinal que las v\u00edctimas podr\u00edan sufrir en un accidente Las lesiones de la m\u00e9dula espinal son causadas por diferentes tipos de accidentes. Estos incluyen, entre otros, accidentes automovil\u00edsticos, accidentes de bicicleta, accidentes de motocicleta, accidentes de peatones y accidentes de camiones. Sin embargo, lo que es com\u00fan a todos [&hellip;]<\/p>\n","protected":false},"author":475,"featured_media":47100,"parent":47423,"menu_order":0,"comment_status":"closed","ping_status":"closed","template":"","meta":{"inline_featured_image":false,"footnotes":""},"class_list":["post-12973","page","type-page","status-publish","has-post-thumbnail","hentry"],"acf":[],"yoast_head":"<!-- This site is optimized with the Yoast SEO Premium plugin v26.0 (Yoast SEO v26.0) - https:\/\/yoast.com\/wordpress\/plugins\/seo\/ -->\n<title>Abogado especializado en lesiones de la m\u00e9dula espinal de Pasadena | West Coast Trial Lawyers<\/title>\n<meta name=\"robots\" content=\"index, follow, max-snippet:-1, max-image-preview:large, max-video-preview:-1\" \/>\n<link rel=\"canonical\" href=\"https:\/\/westcoasttriallawyers.com\/es\/california\/pasadena\/abogado-especializado-en-lesiones-de-la-medula-espinal-de-pasadena\" \/>\n<meta property=\"og:locale\" content=\"es_ES\" \/>\n<meta property=\"og:type\" content=\"article\" \/>\n<meta property=\"og:title\" content=\"Abogado especializado en lesiones de la m\u00e9dula espinal de Pasadena\" \/>\n<meta property=\"og:description\" content=\"Tipos de lesiones de la m\u00e9dula espinal que las v\u00edctimas podr\u00edan sufrir en un accidente Las lesiones de la m\u00e9dula espinal son causadas por diferentes tipos de accidentes. Estos incluyen, entre otros, accidentes automovil\u00edsticos, accidentes de bicicleta, accidentes de motocicleta, accidentes de peatones y accidentes de camiones. Sin embargo, lo que es com\u00fan a todos [&hellip;]\" \/>\n<meta property=\"og:url\" content=\"https:\/\/westcoasttriallawyers.com\/es\/california\/pasadena\/abogado-especializado-en-lesiones-de-la-medula-espinal-de-pasadena\" \/>\n<meta property=\"og:site_name\" content=\"West Coast Trial Lawyers\" \/>\n<meta property=\"article:publisher\" content=\"https:\/\/www.facebook.com\/westcoasttriallawyers\/\" \/>\n<meta property=\"article:modified_time\" content=\"2026-01-22T10:25:49+00:00\" \/>\n<meta property=\"og:image\" content=\"https:\/\/westcoasttriallawyers.com\/wp-content\/uploads\/2025\/07\/Pasadena-Featured-Image-scaled-27.webp\" \/>\n\t<meta property=\"og:image:width\" content=\"2560\" \/>\n\t<meta property=\"og:image:height\" content=\"1350\" \/>\n\t<meta property=\"og:image:type\" content=\"image\/webp\" \/>\n<meta name=\"twitter:card\" content=\"summary_large_image\" \/>\n<meta name=\"twitter:site\" content=\"@WestCoastTrial\" \/>\n<meta name=\"twitter:label1\" content=\"Tiempo de lectura\" \/>\n\t<meta name=\"twitter:data1\" content=\"8 minutos\" \/>\n<script type=\"application\/ld+json\" class=\"yoast-schema-graph\">{\"@context\":\"https:\/\/schema.org\",\"@graph\":[{\"@type\":[\"WebPage\",\"ItemPage\"],\"@id\":\"https:\/\/westcoasttriallawyers.com\/es\/california\/pasadena\/abogado-especializado-en-lesiones-de-la-medula-espinal-de-pasadena\",\"url\":\"https:\/\/westcoasttriallawyers.com\/es\/california\/pasadena\/abogado-especializado-en-lesiones-de-la-medula-espinal-de-pasadena\",\"name\":\"Abogado especializado en lesiones de la m\u00e9dula espinal de Pasadena | West Coast Trial Lawyers\",\"isPartOf\":{\"@id\":\"https:\/\/westcoasttriallawyers.com\/es#website\"},\"primaryImageOfPage\":{\"@id\":\"https:\/\/westcoasttriallawyers.com\/es\/california\/pasadena\/abogado-especializado-en-lesiones-de-la-medula-espinal-de-pasadena#primaryimage\"},\"image\":{\"@id\":\"https:\/\/westcoasttriallawyers.com\/es\/california\/pasadena\/abogado-especializado-en-lesiones-de-la-medula-espinal-de-pasadena#primaryimage\"},\"thumbnailUrl\":\"https:\/\/westcoasttriallawyers.com\/wp-content\/uploads\/2025\/07\/Pasadena-Featured-Image-scaled-27.webp\",\"datePublished\":\"2026-01-14T18:29:35+00:00\",\"dateModified\":\"2026-01-22T10:25:49+00:00\",\"breadcrumb\":{\"@id\":\"https:\/\/westcoasttriallawyers.com\/es\/california\/pasadena\/abogado-especializado-en-lesiones-de-la-medula-espinal-de-pasadena#breadcrumb\"},\"inLanguage\":\"es\",\"potentialAction\":[{\"@type\":\"ReadAction\",\"target\":[\"https:\/\/westcoasttriallawyers.com\/es\/california\/pasadena\/abogado-especializado-en-lesiones-de-la-medula-espinal-de-pasadena\"]}]},{\"@type\":\"ImageObject\",\"inLanguage\":\"es\",\"@id\":\"https:\/\/westcoasttriallawyers.com\/es\/california\/pasadena\/abogado-especializado-en-lesiones-de-la-medula-espinal-de-pasadena#primaryimage\",\"url\":\"https:\/\/westcoasttriallawyers.com\/wp-content\/uploads\/2025\/07\/Pasadena-Featured-Image-scaled-27.webp\",\"contentUrl\":\"https:\/\/westcoasttriallawyers.com\/wp-content\/uploads\/2025\/07\/Pasadena-Featured-Image-scaled-27.webp\",\"width\":2560,\"height\":1350},{\"@type\":\"BreadcrumbList\",\"@id\":\"https:\/\/westcoasttriallawyers.com\/es\/california\/pasadena\/abogado-especializado-en-lesiones-de-la-medula-espinal-de-pasadena#breadcrumb\",\"itemListElement\":[{\"@type\":\"ListItem\",\"position\":1,\"name\":\"Inicio\",\"item\":\"https:\/\/westcoasttriallawyers.com\/es\"},{\"@type\":\"ListItem\",\"position\":2,\"name\":\"California\",\"item\":\"https:\/\/westcoasttriallawyers.com\/es\/california\"},{\"@type\":\"ListItem\",\"position\":3,\"name\":\"Pasadena\",\"item\":\"https:\/\/westcoasttriallawyers.com\/es\/california\/pasadena\"},{\"@type\":\"ListItem\",\"position\":4,\"name\":\"Abogado especializado en lesiones de la m\u00e9dula espinal de Pasadena\"}]},{\"@type\":\"WebSite\",\"@id\":\"https:\/\/westcoasttriallawyers.com\/es#website\",\"url\":\"https:\/\/westcoasttriallawyers.com\/es\",\"name\":\"West Coast Trial Lawyers\",\"description\":\"West Coast Trial Lawyers\",\"publisher\":{\"@id\":\"https:\/\/westcoasttriallawyers.com\/es#organization\"},\"alternateName\":\"WCTL\",\"potentialAction\":[{\"@type\":\"SearchAction\",\"target\":{\"@type\":\"EntryPoint\",\"urlTemplate\":\"https:\/\/westcoasttriallawyers.com\/es?s={search_term_string}\"},\"query-input\":{\"@type\":\"PropertyValueSpecification\",\"valueRequired\":true,\"valueName\":\"search_term_string\"}}],\"inLanguage\":\"es\"},{\"@type\":\"Organization\",\"@id\":\"https:\/\/westcoasttriallawyers.com\/es#organization\",\"name\":\"West Coast Trial Lawyers\",\"alternateName\":\"WCTL\",\"url\":\"https:\/\/westcoasttriallawyers.com\/es\",\"logo\":{\"@type\":\"ImageObject\",\"inLanguage\":\"es\",\"@id\":\"https:\/\/westcoasttriallawyers.com\/es#\/schema\/logo\/image\/\",\"url\":\"https:\/\/westcoasttriallawyers.com\/wp-content\/uploads\/2026\/02\/WCTL-Logo.jpg\",\"contentUrl\":\"https:\/\/westcoasttriallawyers.com\/wp-content\/uploads\/2026\/02\/WCTL-Logo.jpg\",\"width\":696,\"height\":696,\"caption\":\"West Coast Trial Lawyers\"},\"image\":{\"@id\":\"https:\/\/westcoasttriallawyers.com\/es#\/schema\/logo\/image\/\"},\"sameAs\":[\"https:\/\/www.facebook.com\/westcoasttriallawyers\/\",\"https:\/\/x.com\/WestCoastTrial\",\"https:\/\/www.linkedin.com\/company\/west-coast-trial-lawyers\/\",\"https:\/\/www.instagram.com\/westcoasttriallawyers\/\",\"https:\/\/www.yelp.com\/biz\/west-coast-trial-lawyers-los-angeles-2\",\"https:\/\/www.pinterest.com\/westcoasttrial\/\",\"https:\/\/www.youtube.com\/westcoasttriallawyersla\/\",\"https:\/\/www.tiktok.com\/westcoasttriallawyers\"],\"description\":\"West Coast Trial Lawyers is a top-rated personal injury law firm with a goal to provide expert legal representation to those in need. The law firm has offices across California, Nevada, Arizona, and Washington.\",\"legalName\":\"West Coast Trial Lawyers\"}]}<\/script>\n<!-- \/ Yoast SEO Premium plugin. -->","yoast_head_json":{"title":"Abogado especializado en lesiones de la m\u00e9dula espinal de Pasadena | West Coast Trial Lawyers","robots":{"index":"index","follow":"follow","max-snippet":"max-snippet:-1","max-image-preview":"max-image-preview:large","max-video-preview":"max-video-preview:-1"},"canonical":"https:\/\/westcoasttriallawyers.com\/es\/california\/pasadena\/abogado-especializado-en-lesiones-de-la-medula-espinal-de-pasadena","og_locale":"es_ES","og_type":"article","og_title":"Abogado especializado en lesiones de la m\u00e9dula espinal de Pasadena","og_description":"Tipos de lesiones de la m\u00e9dula espinal que las v\u00edctimas podr\u00edan sufrir en un accidente Las lesiones de la m\u00e9dula espinal son causadas por diferentes tipos de accidentes. Estos incluyen, entre otros, accidentes automovil\u00edsticos, accidentes de bicicleta, accidentes de motocicleta, accidentes de peatones y accidentes de camiones. Sin embargo, lo que es com\u00fan a todos [&hellip;]","og_url":"https:\/\/westcoasttriallawyers.com\/es\/california\/pasadena\/abogado-especializado-en-lesiones-de-la-medula-espinal-de-pasadena","og_site_name":"West Coast Trial Lawyers","article_publisher":"https:\/\/www.facebook.com\/westcoasttriallawyers\/","article_modified_time":"2026-01-22T10:25:49+00:00","og_image":[{"width":2560,"height":1350,"url":"https:\/\/westcoasttriallawyers.com\/wp-content\/uploads\/2025\/07\/Pasadena-Featured-Image-scaled-27.webp","type":"image\/webp"}],"twitter_card":"summary_large_image","twitter_site":"@WestCoastTrial","twitter_misc":{"Tiempo de lectura":"8 minutos"},"schema":{"@context":"https:\/\/schema.org","@graph":[{"@type":["WebPage","ItemPage"],"@id":"https:\/\/westcoasttriallawyers.com\/es\/california\/pasadena\/abogado-especializado-en-lesiones-de-la-medula-espinal-de-pasadena","url":"https:\/\/westcoasttriallawyers.com\/es\/california\/pasadena\/abogado-especializado-en-lesiones-de-la-medula-espinal-de-pasadena","name":"Abogado especializado en lesiones de la m\u00e9dula espinal de Pasadena | West Coast Trial Lawyers","isPartOf":{"@id":"https:\/\/westcoasttriallawyers.com\/es#website"},"primaryImageOfPage":{"@id":"https:\/\/westcoasttriallawyers.com\/es\/california\/pasadena\/abogado-especializado-en-lesiones-de-la-medula-espinal-de-pasadena#primaryimage"},"image":{"@id":"https:\/\/westcoasttriallawyers.com\/es\/california\/pasadena\/abogado-especializado-en-lesiones-de-la-medula-espinal-de-pasadena#primaryimage"},"thumbnailUrl":"https:\/\/westcoasttriallawyers.com\/wp-content\/uploads\/2025\/07\/Pasadena-Featured-Image-scaled-27.webp","datePublished":"2026-01-14T18:29:35+00:00","dateModified":"2026-01-22T10:25:49+00:00","breadcrumb":{"@id":"https:\/\/westcoasttriallawyers.com\/es\/california\/pasadena\/abogado-especializado-en-lesiones-de-la-medula-espinal-de-pasadena#breadcrumb"},"inLanguage":"es","potentialAction":[{"@type":"ReadAction","target":["https:\/\/westcoasttriallawyers.com\/es\/california\/pasadena\/abogado-especializado-en-lesiones-de-la-medula-espinal-de-pasadena"]}]},{"@type":"ImageObject","inLanguage":"es","@id":"https:\/\/westcoasttriallawyers.com\/es\/california\/pasadena\/abogado-especializado-en-lesiones-de-la-medula-espinal-de-pasadena#primaryimage","url":"https:\/\/westcoasttriallawyers.com\/wp-content\/uploads\/2025\/07\/Pasadena-Featured-Image-scaled-27.webp","contentUrl":"https:\/\/westcoasttriallawyers.com\/wp-content\/uploads\/2025\/07\/Pasadena-Featured-Image-scaled-27.webp","width":2560,"height":1350},{"@type":"BreadcrumbList","@id":"https:\/\/westcoasttriallawyers.com\/es\/california\/pasadena\/abogado-especializado-en-lesiones-de-la-medula-espinal-de-pasadena#breadcrumb","itemListElement":[{"@type":"ListItem","position":1,"name":"Inicio","item":"https:\/\/westcoasttriallawyers.com\/es"},{"@type":"ListItem","position":2,"name":"California","item":"https:\/\/westcoasttriallawyers.com\/es\/california"},{"@type":"ListItem","position":3,"name":"Pasadena","item":"https:\/\/westcoasttriallawyers.com\/es\/california\/pasadena"},{"@type":"ListItem","position":4,"name":"Abogado especializado en lesiones de la m\u00e9dula espinal de Pasadena"}]},{"@type":"WebSite","@id":"https:\/\/westcoasttriallawyers.com\/es#website","url":"https:\/\/westcoasttriallawyers.com\/es","name":"West Coast Trial Lawyers","description":"West Coast Trial Lawyers","publisher":{"@id":"https:\/\/westcoasttriallawyers.com\/es#organization"},"alternateName":"WCTL","potentialAction":[{"@type":"SearchAction","target":{"@type":"EntryPoint","urlTemplate":"https:\/\/westcoasttriallawyers.com\/es?s={search_term_string}"},"query-input":{"@type":"PropertyValueSpecification","valueRequired":true,"valueName":"search_term_string"}}],"inLanguage":"es"},{"@type":"Organization","@id":"https:\/\/westcoasttriallawyers.com\/es#organization","name":"West Coast Trial Lawyers","alternateName":"WCTL","url":"https:\/\/westcoasttriallawyers.com\/es","logo":{"@type":"ImageObject","inLanguage":"es","@id":"https:\/\/westcoasttriallawyers.com\/es#\/schema\/logo\/image\/","url":"https:\/\/westcoasttriallawyers.com\/wp-content\/uploads\/2026\/02\/WCTL-Logo.jpg","contentUrl":"https:\/\/westcoasttriallawyers.com\/wp-content\/uploads\/2026\/02\/WCTL-Logo.jpg","width":696,"height":696,"caption":"West Coast Trial Lawyers"},"image":{"@id":"https:\/\/westcoasttriallawyers.com\/es#\/schema\/logo\/image\/"},"sameAs":["https:\/\/www.facebook.com\/westcoasttriallawyers\/","https:\/\/x.com\/WestCoastTrial","https:\/\/www.linkedin.com\/company\/west-coast-trial-lawyers\/","https:\/\/www.instagram.com\/westcoasttriallawyers\/","https:\/\/www.yelp.com\/biz\/west-coast-trial-lawyers-los-angeles-2","https:\/\/www.pinterest.com\/westcoasttrial\/","https:\/\/www.youtube.com\/westcoasttriallawyersla\/","https:\/\/www.tiktok.com\/westcoasttriallawyers"],"description":"West Coast Trial Lawyers is a top-rated personal injury law firm with a goal to provide expert legal representation to those in need. The law firm has offices across California, Nevada, Arizona, and Washington.","legalName":"West Coast Trial Lawyers"}]}},"_links":{"self":[{"href":"https:\/\/westcoasttriallawyers.com\/es\/wp-json\/wp\/v2\/pages\/12973","targetHints":{"allow":["GET"]}}],"collection":[{"href":"https:\/\/westcoasttriallawyers.com\/es\/wp-json\/wp\/v2\/pages"}],"about":[{"href":"https:\/\/westcoasttriallawyers.com\/es\/wp-json\/wp\/v2\/types\/page"}],"author":[{"embeddable":true,"href":"https:\/\/westcoasttriallawyers.com\/es\/wp-json\/wp\/v2\/users\/475"}],"replies":[{"embeddable":true,"href":"https:\/\/westcoasttriallawyers.com\/es\/wp-json\/wp\/v2\/comments?post=12973"}],"version-history":[{"count":3,"href":"https:\/\/westcoasttriallawyers.com\/es\/wp-json\/wp\/v2\/pages\/12973\/revisions"}],"predecessor-version":[{"id":47830,"href":"https:\/\/westcoasttriallawyers.com\/es\/wp-json\/wp\/v2\/pages\/12973\/revisions\/47830"}],"up":[{"embeddable":true,"href":"https:\/\/westcoasttriallawyers.com\/es\/wp-json\/wp\/v2\/pages\/47423"}],"wp:featuredmedia":[{"embeddable":true,"href":"https:\/\/westcoasttriallawyers.com\/es\/wp-json\/wp\/v2\/media\/47100"}],"wp:attachment":[{"href":"https:\/\/westcoasttriallawyers.com\/es\/wp-json\/wp\/v2\/media?parent=12973"}],"curies":[{"name":"wp","href":"https:\/\/api.w.org\/{rel}","templated":true}]}}