{"id":12971,"date":"2026-01-14T18:29:32","date_gmt":"2026-01-14T18:29:32","guid":{"rendered":"https:\/\/wctl1stg.wpengine.com\/?page_id=12971"},"modified":"2026-01-22T10:09:37","modified_gmt":"2026-01-22T10:09:37","slug":"abogado-de-lesiones-por-quemaduras-de-pasadena","status":"publish","type":"page","link":"https:\/\/westcoasttriallawyers.com\/es\/california\/pasadena\/abogado-de-lesiones-por-quemaduras-de-pasadena","title":{"rendered":"ABOGADO DE LESIONES POR QUEMADURAS DE PASADENA"},"content":{"rendered":"<h2><strong>Tipos de lesiones por quemaduras y c\u00f3mo tratarlas<\/strong><\/h2>\n<p>Los incendios de Pasadena a lo largo de los a\u00f1os han sido provocados por causas naturales, productos defectuosos, accidentes de veh\u00edculos, explosiones de plantas e incluso incendios de casas. Si una persona negligente o un fabricante\/distribuidor de productos tiene la culpa de una lesi\u00f3n por quemadura, entonces ser\u00e1 responsable de las p\u00e9rdidas financieras y emocionales incurridas, incluidos los gastos m\u00e9dicos, los da\u00f1os a la propiedad, la p\u00e9rdida de salarios, la angustia emocional y el dolor y el sufrimiento.<\/p>\n<p>Si fue v\u00edctima de una lesi\u00f3n por quemadura y desea presentar una demanda contra la parte culpable, West Coast Trial Lawyers tiene abogados de accidentes por quemadura en Pasadena con m\u00e1s de 60 a\u00f1os de experiencia legal colectiva en el manejo de casos de lesiones personales. Hemos ganado m\u00e1s de 5,000 casos y recuperado m\u00e1s de $1,000 millones en acuerdos para nuestros clientes. Debido a nuestro \u00e9xito con la satisfacci\u00f3n del cliente, hemos sido reconocidos como uno de los mejores bufetes de abogados de lesiones personales en Pasadena.<\/p>\n<p>Para ponerse en contacto con nuestro bufete de abogados de lesiones personales de Pasadena, comun\u00edquese con nuestro personal legal las 24 horas, los 7 d\u00edas de la semana llamando al&nbsp;<strong>213-927-3700<\/strong> o enviando un correo electr\u00f3nico a&nbsp;<a href=\"mailto:info@westcoasttriallawyers.com\"><strong>info@westcoasttriallawyers.com<\/strong><\/a><strong>.&nbsp;<\/strong><\/p>\n<h2><strong>Clasificaciones de quemaduras<\/strong><\/h2>\n<p>La clasificaci\u00f3n de las quemaduras es importante porque la compensaci\u00f3n econ\u00f3mica se ver\u00e1 afectada parcialmente por la gravedad de la quemadura. La ubicaci\u00f3n real de una quemadura generalmente se tiene en cuenta al determinar los da\u00f1os.<\/p>\n<p>Por ejemplo, las quemaduras que se encuentran en la cara de una persona seguramente calificar\u00e1n para mayores da\u00f1os que las que se encuentran en la parte inferior de la espalda de alguien. Adem\u00e1s, la clasificaci\u00f3n de las quemaduras es una consideraci\u00f3n importante porque tambi\u00e9n mide la cantidad de dolor que una persona probablemente experimente ahora y en el futuro, as\u00ed como el tratamiento m\u00e9dico que es y ser\u00e1 necesario.<\/p>\n<p><strong>Las quemaduras se clasifican en:<\/strong><\/p>\n<ul>\n<li><strong>Primer grado.<\/strong> Esto da\u00f1a principalmente la capa externa de la piel. Por lo general, no hay da\u00f1o a largo plazo. El enrojecimiento ser\u00e1 visible durante las etapas iniciales, pero desaparecer\u00e1 una vez que finalice el proceso de recuperaci\u00f3n. Esta quemadura tiene una apariencia notablemente roja que es dolorosa y seca.<\/li>\n<li><strong>Segundo grado.<\/strong> Esto causa da\u00f1o a la capa externa de la piel y la capa debajo (dermis). La quemadura puede aparecer de color rojo brillante, hinchada y con ampollas.<\/li>\n<li><strong>Espesor parcial profundo.<\/strong> La piel cambiar\u00e1 de color de forma permanente. Esta quemadura tambi\u00e9n dejar\u00e1 una cicatriz en la piel.<\/li>\n<li><strong>Tercer grado.<\/strong> Esto da\u00f1ar\u00e1 las terminaciones nerviosas. La epidermis y la dermis ser\u00e1n destruidas. La quemadura tambi\u00e9n aparecer\u00e1 blanca, negra, amarilla o marr\u00f3n.<\/li>\n<li><strong>Cuarto grado.&nbsp;<\/strong>Esta se clasifica como la quemadura m\u00e1s profunda y grave. Esta es una lesi\u00f3n potencialmente mortal que destruir\u00e1 todas las capas de su piel, incluidos los m\u00fasculos, los tendones y los huesos.<\/li>\n<\/ul>\n<h2><strong>Ejemplos de lesiones por quemaduras<\/strong><\/h2>\n<p>Los escenarios comunes de lesiones por quemaduras incluyen:<\/p>\n<ul>\n<li><strong>Accidentes de cocina.<\/strong> Hay una variedad de situaciones que pueden ocurrir cuando alguien est\u00e1 usando la cocina. Uno podr\u00eda quemarse la mano mientras usa la estufa para hacer comida. Otro escenario podr\u00eda ser derramar l\u00edquido caliente mientras prepara sopa.<\/li>\n<li><strong>Objeto defectuoso.<\/strong> Los productos defectuosos pueden provocar una explosi\u00f3n o un estallido de llamas. Por ejemplo, en 2016, varios usuarios de Samsung informaron sobre lesiones por quemaduras causadas por la explosi\u00f3n de sus tel\u00e9fonos Samsung mientras estaban en su poder. La causa de la explosi\u00f3n se debi\u00f3 a un dise\u00f1o y fabricaci\u00f3n defectuosos de la bater\u00eda. Se present\u00f3 una demanda colectiva contra la compa\u00f1\u00eda, lo que result\u00f3 en el mayor retiro de tel\u00e9fonos inteligentes en la historia para el Samsung Note 7.<\/li>\n<li><strong>Accidentes automovil\u00edsticos.<\/strong> Los accidentes automovil\u00edsticos son causas comunes de lesiones por quemaduras. Las colisiones pueden causar explosiones menores o masivas, seg\u00fan la gravedad del impacto. Por ejemplo, los camiones de combustible involucrados en una colisi\u00f3n pueden desencadenar explosiones graves, creando llamas que pueden extenderse por la carretera y lesionar a varias personas.<\/li>\n<li><strong>Ambiente de trabajo.<\/strong> Los trabajadores de restaurantes enfrentan la mayor\u00eda de los incidentes de lesiones por quemaduras. Se requiere que los empleados trabajen con m\u00e1quinas que calientan o cocinan alimentos. Es importante que un empleado de un restaurante tenga experiencia en el uso de este tipo de m\u00e1quinas. La falta de capacitaci\u00f3n y orientaci\u00f3n adecuadas a menudo puede hacer que los empleados se derramen l\u00edquidos calientes o alimentos s\u00f3lidos sobre ellos mismos. En el caso de una lesi\u00f3n por quemadura, los empleados lesionados no demandan a sus empleadores a menos que su empleador haya sido abiertamente negligente y la negligencia condujo directamente al accidente. Por lo general, la p\u00f3liza de seguro de un empleador cubrir\u00eda cualquier tipo de lesi\u00f3n causada en el lugar de trabajo.<\/li>\n<\/ul>\n<p>C\u00f3mo tratar una quemadura<\/p>\n<p>Hay diferentes formas de tratar una quemadura. Para encontrar el tratamiento adecuado para curar su lesi\u00f3n, primero se debe identificar la quemadura como leve, moderada o grave. Una vez que comprenda qu\u00e9 tipo de quemadura est\u00e1 sufriendo, debe comenzar a tratarla de inmediato. Esto, por supuesto, incluye consultar con un profesional m\u00e9dico. En el sentido m\u00e1s amplio, el tratamiento incluye, entre otros, lo siguiente:<\/p>\n<ul>\n<li><strong>Cremas o ung\u00fcentos.<\/strong> La aplicaci\u00f3n ayudar\u00e1 a prevenir las posibles posibilidades de una infecci\u00f3n. Los ung\u00fcentos comunes que se usan para curar quemaduras incluyen Neosporin y Polysporin.<\/li>\n<li><strong>Medicamentos para el dolor y la ansiedad.<\/strong> Las personas que experimentan una gran cantidad de dolor pueden usar morfina para ayudar a permanecer tranquilas. Los medicamentos contra la ansiedad tambi\u00e9n se utilizan en el proceso de recuperaci\u00f3n.<\/li>\n<li><strong>Terapia de agua.<\/strong> Se pueden usar tratamientos a base de agua, como la terapia de niebla, para limpiar el tejido herido.<\/li>\n<li><strong>IV.<\/strong> Si experimenta lesiones por quemaduras graves, los m\u00e9dicos pueden administrar l\u00edquidos por v\u00eda intravenosa (IV) para prevenir la insuficiencia org\u00e1nica o la deshidrataci\u00f3n.<\/li>\n<li><strong>Vacuna contra el t\u00e9tanos.<\/strong> Si sufre una lesi\u00f3n grave por quemadura, se le pedir\u00e1 que reciba una vacuna de refuerzo contra el t\u00e9tanos.<\/li>\n<li><strong>Cirug\u00eda pl\u00e1stica.<\/strong> Este procedimiento se utiliza en dos situaciones. Una es hacer que su cicatriz sea menos notoria. El otro es aumentar la flexibilidad de sus articulaciones.<\/li>\n<li><strong>Tubo de alimentaci\u00f3n.<\/strong> Las quemaduras graves pueden causar desnutrici\u00f3n en una persona. Si est\u00e1 lidiando con esto, debe obtener apoyo nutricional. Los m\u00e9dicos insertar\u00e1n una sonda de alimentaci\u00f3n a trav\u00e9s de la nariz, que luego bajar\u00e1 hasta el est\u00f3mago.<\/li>\n<li><strong>Injerto de piel.<\/strong> Este procedimiento reemplazar\u00e1 sus tejidos cicatriciales con su propia piel sana. Esto se administra principalmente en v\u00edctimas que sufren quemaduras profundas.<\/li>\n<li><strong>Vendajes.<\/strong> Para lesiones por quemaduras menores, puede cubrir el \u00e1rea con una venda o gasa. Evite aplicar algod\u00f3n esponjoso. Tambi\u00e9n debe asegurarse de que est\u00e9 envuelto sin apretar. Al hacer esto, se proteger\u00e1 de la infecci\u00f3n.<\/li>\n<\/ul>\n<h2><strong>Cont\u00e1ctenos<\/strong><\/h2>\n<p>Si usted o un ser querido fueron v\u00edctimas de una lesi\u00f3n por quemadura, West Coast Trial Lawyers tiene abogados experimentados en lesiones por quemadura de Pasadena que est\u00e1n disponibles para ayudarlo con su caso. Con m\u00e1s de 60 a\u00f1os de experiencia legal colectiva, estamos seguros de que le daremos un buen resultado a su acuerdo.<\/p>\n<p>Para programar una consulta gratuita en nuestro bufete de abogados de lesiones personales de Pasadena, comun\u00edquese con nuestro equipo legal las 24 horas, los 7 d\u00edas de la semana llamando al<strong> 213-927-3700&nbsp;<\/strong>o enviando un correo electr\u00f3nico a&nbsp;<a href=\"mailto:info@westcoasttriallawyers.com\"><strong>info@westcoasttriallawyers.com<\/strong><\/a><strong>.&nbsp;<\/strong><br \/>\n<!-- WCTL_DEBUG: no shortcode in this_content --><\/p>\n","protected":false},"excerpt":{"rendered":"<p>Tipos de lesiones por quemaduras y c\u00f3mo tratarlas Los incendios de Pasadena a lo largo de los a\u00f1os han sido provocados por causas naturales, productos defectuosos, accidentes de veh\u00edculos, explosiones de plantas e incluso incendios de casas. Si una persona negligente o un fabricante\/distribuidor de productos tiene la culpa de una lesi\u00f3n por quemadura, entonces [&hellip;]<\/p>\n","protected":false},"author":475,"featured_media":47095,"parent":47423,"menu_order":0,"comment_status":"closed","ping_status":"closed","template":"","meta":{"inline_featured_image":false,"footnotes":""},"class_list":["post-12971","page","type-page","status-publish","has-post-thumbnail","hentry"],"acf":[],"yoast_head":"<!-- This site is optimized with the Yoast SEO Premium plugin v26.0 (Yoast SEO v26.0) - https:\/\/yoast.com\/wordpress\/plugins\/seo\/ -->\n<title>ABOGADO DE LESIONES POR QUEMADURAS DE PASADENA | West Coast Trial Lawyers<\/title>\n<meta name=\"robots\" content=\"index, follow, max-snippet:-1, max-image-preview:large, max-video-preview:-1\" \/>\n<link rel=\"canonical\" href=\"https:\/\/westcoasttriallawyers.com\/es\/california\/pasadena\/abogado-de-lesiones-por-quemaduras-de-pasadena\" \/>\n<meta property=\"og:locale\" content=\"es_ES\" \/>\n<meta property=\"og:type\" content=\"article\" \/>\n<meta property=\"og:title\" content=\"ABOGADO DE LESIONES POR QUEMADURAS DE PASADENA\" \/>\n<meta property=\"og:description\" content=\"Tipos de lesiones por quemaduras y c\u00f3mo tratarlas Los incendios de Pasadena a lo largo de los a\u00f1os han sido provocados por causas naturales, productos defectuosos, accidentes de veh\u00edculos, explosiones de plantas e incluso incendios de casas. Si una persona negligente o un fabricante\/distribuidor de productos tiene la culpa de una lesi\u00f3n por quemadura, entonces [&hellip;]\" \/>\n<meta property=\"og:url\" content=\"https:\/\/westcoasttriallawyers.com\/es\/california\/pasadena\/abogado-de-lesiones-por-quemaduras-de-pasadena\" \/>\n<meta property=\"og:site_name\" content=\"West Coast Trial Lawyers\" \/>\n<meta property=\"article:publisher\" content=\"https:\/\/www.facebook.com\/westcoasttriallawyers\/\" \/>\n<meta property=\"article:modified_time\" content=\"2026-01-22T10:09:37+00:00\" \/>\n<meta property=\"og:image\" content=\"https:\/\/westcoasttriallawyers.com\/wp-content\/uploads\/2025\/07\/Pasadena-Featured-Image-scaled-25.webp\" \/>\n\t<meta property=\"og:image:width\" content=\"2560\" \/>\n\t<meta property=\"og:image:height\" content=\"1350\" \/>\n\t<meta property=\"og:image:type\" content=\"image\/webp\" \/>\n<meta name=\"twitter:card\" content=\"summary_large_image\" \/>\n<meta name=\"twitter:site\" content=\"@WestCoastTrial\" \/>\n<meta name=\"twitter:label1\" content=\"Tiempo de lectura\" \/>\n\t<meta name=\"twitter:data1\" content=\"5 minutos\" \/>\n<script type=\"application\/ld+json\" class=\"yoast-schema-graph\">{\"@context\":\"https:\/\/schema.org\",\"@graph\":[{\"@type\":[\"WebPage\",\"ItemPage\"],\"@id\":\"https:\/\/westcoasttriallawyers.com\/es\/california\/pasadena\/abogado-de-lesiones-por-quemaduras-de-pasadena\",\"url\":\"https:\/\/westcoasttriallawyers.com\/es\/california\/pasadena\/abogado-de-lesiones-por-quemaduras-de-pasadena\",\"name\":\"ABOGADO DE LESIONES POR QUEMADURAS DE PASADENA | West Coast Trial Lawyers\",\"isPartOf\":{\"@id\":\"https:\/\/westcoasttriallawyers.com\/es#website\"},\"primaryImageOfPage\":{\"@id\":\"https:\/\/westcoasttriallawyers.com\/es\/california\/pasadena\/abogado-de-lesiones-por-quemaduras-de-pasadena#primaryimage\"},\"image\":{\"@id\":\"https:\/\/westcoasttriallawyers.com\/es\/california\/pasadena\/abogado-de-lesiones-por-quemaduras-de-pasadena#primaryimage\"},\"thumbnailUrl\":\"https:\/\/westcoasttriallawyers.com\/wp-content\/uploads\/2025\/07\/Pasadena-Featured-Image-scaled-25.webp\",\"datePublished\":\"2026-01-14T18:29:32+00:00\",\"dateModified\":\"2026-01-22T10:09:37+00:00\",\"breadcrumb\":{\"@id\":\"https:\/\/westcoasttriallawyers.com\/es\/california\/pasadena\/abogado-de-lesiones-por-quemaduras-de-pasadena#breadcrumb\"},\"inLanguage\":\"es\",\"potentialAction\":[{\"@type\":\"ReadAction\",\"target\":[\"https:\/\/westcoasttriallawyers.com\/es\/california\/pasadena\/abogado-de-lesiones-por-quemaduras-de-pasadena\"]}]},{\"@type\":\"ImageObject\",\"inLanguage\":\"es\",\"@id\":\"https:\/\/westcoasttriallawyers.com\/es\/california\/pasadena\/abogado-de-lesiones-por-quemaduras-de-pasadena#primaryimage\",\"url\":\"https:\/\/westcoasttriallawyers.com\/wp-content\/uploads\/2025\/07\/Pasadena-Featured-Image-scaled-25.webp\",\"contentUrl\":\"https:\/\/westcoasttriallawyers.com\/wp-content\/uploads\/2025\/07\/Pasadena-Featured-Image-scaled-25.webp\",\"width\":2560,\"height\":1350},{\"@type\":\"BreadcrumbList\",\"@id\":\"https:\/\/westcoasttriallawyers.com\/es\/california\/pasadena\/abogado-de-lesiones-por-quemaduras-de-pasadena#breadcrumb\",\"itemListElement\":[{\"@type\":\"ListItem\",\"position\":1,\"name\":\"Inicio\",\"item\":\"https:\/\/westcoasttriallawyers.com\/es\"},{\"@type\":\"ListItem\",\"position\":2,\"name\":\"California\",\"item\":\"https:\/\/westcoasttriallawyers.com\/es\/california\"},{\"@type\":\"ListItem\",\"position\":3,\"name\":\"Pasadena\",\"item\":\"https:\/\/westcoasttriallawyers.com\/es\/california\/pasadena\"},{\"@type\":\"ListItem\",\"position\":4,\"name\":\"ABOGADO DE LESIONES POR QUEMADURAS DE PASADENA\"}]},{\"@type\":\"WebSite\",\"@id\":\"https:\/\/westcoasttriallawyers.com\/es#website\",\"url\":\"https:\/\/westcoasttriallawyers.com\/es\",\"name\":\"West Coast Trial Lawyers\",\"description\":\"West Coast Trial Lawyers\",\"publisher\":{\"@id\":\"https:\/\/westcoasttriallawyers.com\/es#organization\"},\"alternateName\":\"WCTL\",\"potentialAction\":[{\"@type\":\"SearchAction\",\"target\":{\"@type\":\"EntryPoint\",\"urlTemplate\":\"https:\/\/westcoasttriallawyers.com\/es?s={search_term_string}\"},\"query-input\":{\"@type\":\"PropertyValueSpecification\",\"valueRequired\":true,\"valueName\":\"search_term_string\"}}],\"inLanguage\":\"es\"},{\"@type\":\"Organization\",\"@id\":\"https:\/\/westcoasttriallawyers.com\/es#organization\",\"name\":\"West Coast Trial Lawyers\",\"alternateName\":\"WCTL\",\"url\":\"https:\/\/westcoasttriallawyers.com\/es\",\"logo\":{\"@type\":\"ImageObject\",\"inLanguage\":\"es\",\"@id\":\"https:\/\/westcoasttriallawyers.com\/es#\/schema\/logo\/image\/\",\"url\":\"https:\/\/westcoasttriallawyers.com\/wp-content\/uploads\/2026\/02\/WCTL-Logo.jpg\",\"contentUrl\":\"https:\/\/westcoasttriallawyers.com\/wp-content\/uploads\/2026\/02\/WCTL-Logo.jpg\",\"width\":696,\"height\":696,\"caption\":\"West Coast Trial Lawyers\"},\"image\":{\"@id\":\"https:\/\/westcoasttriallawyers.com\/es#\/schema\/logo\/image\/\"},\"sameAs\":[\"https:\/\/www.facebook.com\/westcoasttriallawyers\/\",\"https:\/\/x.com\/WestCoastTrial\",\"https:\/\/www.linkedin.com\/company\/west-coast-trial-lawyers\/\",\"https:\/\/www.instagram.com\/westcoasttriallawyers\/\",\"https:\/\/www.yelp.com\/biz\/west-coast-trial-lawyers-los-angeles-2\",\"https:\/\/www.pinterest.com\/westcoasttrial\/\",\"https:\/\/www.youtube.com\/westcoasttriallawyersla\/\",\"https:\/\/www.tiktok.com\/westcoasttriallawyers\"],\"description\":\"West Coast Trial Lawyers is a top-rated personal injury law firm with a goal to provide expert legal representation to those in need. The law firm has offices across California, Nevada, Arizona, and Washington.\",\"legalName\":\"West Coast Trial Lawyers\"}]}<\/script>\n<!-- \/ Yoast SEO Premium plugin. -->","yoast_head_json":{"title":"ABOGADO DE LESIONES POR QUEMADURAS DE PASADENA | West Coast Trial Lawyers","robots":{"index":"index","follow":"follow","max-snippet":"max-snippet:-1","max-image-preview":"max-image-preview:large","max-video-preview":"max-video-preview:-1"},"canonical":"https:\/\/westcoasttriallawyers.com\/es\/california\/pasadena\/abogado-de-lesiones-por-quemaduras-de-pasadena","og_locale":"es_ES","og_type":"article","og_title":"ABOGADO DE LESIONES POR QUEMADURAS DE PASADENA","og_description":"Tipos de lesiones por quemaduras y c\u00f3mo tratarlas Los incendios de Pasadena a lo largo de los a\u00f1os han sido provocados por causas naturales, productos defectuosos, accidentes de veh\u00edculos, explosiones de plantas e incluso incendios de casas. Si una persona negligente o un fabricante\/distribuidor de productos tiene la culpa de una lesi\u00f3n por quemadura, entonces [&hellip;]","og_url":"https:\/\/westcoasttriallawyers.com\/es\/california\/pasadena\/abogado-de-lesiones-por-quemaduras-de-pasadena","og_site_name":"West Coast Trial Lawyers","article_publisher":"https:\/\/www.facebook.com\/westcoasttriallawyers\/","article_modified_time":"2026-01-22T10:09:37+00:00","og_image":[{"width":2560,"height":1350,"url":"https:\/\/westcoasttriallawyers.com\/wp-content\/uploads\/2025\/07\/Pasadena-Featured-Image-scaled-25.webp","type":"image\/webp"}],"twitter_card":"summary_large_image","twitter_site":"@WestCoastTrial","twitter_misc":{"Tiempo de lectura":"5 minutos"},"schema":{"@context":"https:\/\/schema.org","@graph":[{"@type":["WebPage","ItemPage"],"@id":"https:\/\/westcoasttriallawyers.com\/es\/california\/pasadena\/abogado-de-lesiones-por-quemaduras-de-pasadena","url":"https:\/\/westcoasttriallawyers.com\/es\/california\/pasadena\/abogado-de-lesiones-por-quemaduras-de-pasadena","name":"ABOGADO DE LESIONES POR QUEMADURAS DE PASADENA | West Coast Trial Lawyers","isPartOf":{"@id":"https:\/\/westcoasttriallawyers.com\/es#website"},"primaryImageOfPage":{"@id":"https:\/\/westcoasttriallawyers.com\/es\/california\/pasadena\/abogado-de-lesiones-por-quemaduras-de-pasadena#primaryimage"},"image":{"@id":"https:\/\/westcoasttriallawyers.com\/es\/california\/pasadena\/abogado-de-lesiones-por-quemaduras-de-pasadena#primaryimage"},"thumbnailUrl":"https:\/\/westcoasttriallawyers.com\/wp-content\/uploads\/2025\/07\/Pasadena-Featured-Image-scaled-25.webp","datePublished":"2026-01-14T18:29:32+00:00","dateModified":"2026-01-22T10:09:37+00:00","breadcrumb":{"@id":"https:\/\/westcoasttriallawyers.com\/es\/california\/pasadena\/abogado-de-lesiones-por-quemaduras-de-pasadena#breadcrumb"},"inLanguage":"es","potentialAction":[{"@type":"ReadAction","target":["https:\/\/westcoasttriallawyers.com\/es\/california\/pasadena\/abogado-de-lesiones-por-quemaduras-de-pasadena"]}]},{"@type":"ImageObject","inLanguage":"es","@id":"https:\/\/westcoasttriallawyers.com\/es\/california\/pasadena\/abogado-de-lesiones-por-quemaduras-de-pasadena#primaryimage","url":"https:\/\/westcoasttriallawyers.com\/wp-content\/uploads\/2025\/07\/Pasadena-Featured-Image-scaled-25.webp","contentUrl":"https:\/\/westcoasttriallawyers.com\/wp-content\/uploads\/2025\/07\/Pasadena-Featured-Image-scaled-25.webp","width":2560,"height":1350},{"@type":"BreadcrumbList","@id":"https:\/\/westcoasttriallawyers.com\/es\/california\/pasadena\/abogado-de-lesiones-por-quemaduras-de-pasadena#breadcrumb","itemListElement":[{"@type":"ListItem","position":1,"name":"Inicio","item":"https:\/\/westcoasttriallawyers.com\/es"},{"@type":"ListItem","position":2,"name":"California","item":"https:\/\/westcoasttriallawyers.com\/es\/california"},{"@type":"ListItem","position":3,"name":"Pasadena","item":"https:\/\/westcoasttriallawyers.com\/es\/california\/pasadena"},{"@type":"ListItem","position":4,"name":"ABOGADO DE LESIONES POR QUEMADURAS DE PASADENA"}]},{"@type":"WebSite","@id":"https:\/\/westcoasttriallawyers.com\/es#website","url":"https:\/\/westcoasttriallawyers.com\/es","name":"West Coast Trial Lawyers","description":"West Coast Trial Lawyers","publisher":{"@id":"https:\/\/westcoasttriallawyers.com\/es#organization"},"alternateName":"WCTL","potentialAction":[{"@type":"SearchAction","target":{"@type":"EntryPoint","urlTemplate":"https:\/\/westcoasttriallawyers.com\/es?s={search_term_string}"},"query-input":{"@type":"PropertyValueSpecification","valueRequired":true,"valueName":"search_term_string"}}],"inLanguage":"es"},{"@type":"Organization","@id":"https:\/\/westcoasttriallawyers.com\/es#organization","name":"West Coast Trial Lawyers","alternateName":"WCTL","url":"https:\/\/westcoasttriallawyers.com\/es","logo":{"@type":"ImageObject","inLanguage":"es","@id":"https:\/\/westcoasttriallawyers.com\/es#\/schema\/logo\/image\/","url":"https:\/\/westcoasttriallawyers.com\/wp-content\/uploads\/2026\/02\/WCTL-Logo.jpg","contentUrl":"https:\/\/westcoasttriallawyers.com\/wp-content\/uploads\/2026\/02\/WCTL-Logo.jpg","width":696,"height":696,"caption":"West Coast Trial Lawyers"},"image":{"@id":"https:\/\/westcoasttriallawyers.com\/es#\/schema\/logo\/image\/"},"sameAs":["https:\/\/www.facebook.com\/westcoasttriallawyers\/","https:\/\/x.com\/WestCoastTrial","https:\/\/www.linkedin.com\/company\/west-coast-trial-lawyers\/","https:\/\/www.instagram.com\/westcoasttriallawyers\/","https:\/\/www.yelp.com\/biz\/west-coast-trial-lawyers-los-angeles-2","https:\/\/www.pinterest.com\/westcoasttrial\/","https:\/\/www.youtube.com\/westcoasttriallawyersla\/","https:\/\/www.tiktok.com\/westcoasttriallawyers"],"description":"West Coast Trial Lawyers is a top-rated personal injury law firm with a goal to provide expert legal representation to those in need. The law firm has offices across California, Nevada, Arizona, and Washington.","legalName":"West Coast Trial Lawyers"}]}},"_links":{"self":[{"href":"https:\/\/westcoasttriallawyers.com\/es\/wp-json\/wp\/v2\/pages\/12971","targetHints":{"allow":["GET"]}}],"collection":[{"href":"https:\/\/westcoasttriallawyers.com\/es\/wp-json\/wp\/v2\/pages"}],"about":[{"href":"https:\/\/westcoasttriallawyers.com\/es\/wp-json\/wp\/v2\/types\/page"}],"author":[{"embeddable":true,"href":"https:\/\/westcoasttriallawyers.com\/es\/wp-json\/wp\/v2\/users\/475"}],"replies":[{"embeddable":true,"href":"https:\/\/westcoasttriallawyers.com\/es\/wp-json\/wp\/v2\/comments?post=12971"}],"version-history":[{"count":3,"href":"https:\/\/westcoasttriallawyers.com\/es\/wp-json\/wp\/v2\/pages\/12971\/revisions"}],"predecessor-version":[{"id":47815,"href":"https:\/\/westcoasttriallawyers.com\/es\/wp-json\/wp\/v2\/pages\/12971\/revisions\/47815"}],"up":[{"embeddable":true,"href":"https:\/\/westcoasttriallawyers.com\/es\/wp-json\/wp\/v2\/pages\/47423"}],"wp:featuredmedia":[{"embeddable":true,"href":"https:\/\/westcoasttriallawyers.com\/es\/wp-json\/wp\/v2\/media\/47095"}],"wp:attachment":[{"href":"https:\/\/westcoasttriallawyers.com\/es\/wp-json\/wp\/v2\/media?parent=12971"}],"curies":[{"name":"wp","href":"https:\/\/api.w.org\/{rel}","templated":true}]}}