{"id":12967,"date":"2026-01-14T18:29:05","date_gmt":"2026-01-14T18:29:05","guid":{"rendered":"https:\/\/wctl1stg.wpengine.com\/?page_id=12967"},"modified":"2026-01-23T19:32:33","modified_gmt":"2026-01-23T19:32:33","slug":"abogados-accidentes-autobus-pasadena","status":"publish","type":"page","link":"https:\/\/westcoasttriallawyers.com\/es\/california\/pasadena\/abogados-accidentes-autobus-pasadena","title":{"rendered":"Abogado de accidentes de autob\u00fas en Pasadena"},"content":{"rendered":"<h2><strong>\u00bfQu\u00e9 puede causar un accidente de autob\u00fas? \u00bfQui\u00e9n puede ser considerado responsable de los da\u00f1os? Obtenga informaci\u00f3n legal de nuestros abogados con experiencia en accidentes de autob\u00fas en Pasadena<\/strong><\/h2>\n<p>Cada a\u00f1o, ocurren cerca de 63,000 accidentes de autob\u00fas en los Estados Unidos. Se estima que m\u00e1s de 14.000 personas involucradas en estas colisiones sufren lesiones graves. Estas desafortunadas estad\u00edsticas se han vuelto notablemente altas en ciudades m\u00e1s densamente pobladas, como Pasadena.<\/p>\n<p>Pasadena Transit tiene alrededor de 9 rutas de autob\u00fas que operan dentro de la ciudad. Cada una de estas rutas est\u00e1 conectada con la Metro Gold Line. Con tantos autobuses funcionando todos los d\u00edas de la semana, las posibilidades de un accidente de autob\u00fas son altas. La probabilidad de un accidente de autob\u00fas depende de varios factores. En muchas circunstancias, un conductor de autob\u00fas puede causar una colisi\u00f3n simplemente por no prestar atenci\u00f3n a la carretera. No solo da\u00f1ar\u00e1 a los pasajeros del autob\u00fas, sino tambi\u00e9n a otros conductores y peatones cercanos. Otro escenario que podr\u00eda causar un accidente de autob\u00fas son las carreteras defectuosas que no fueron construidas o mantenidas adecuadamente. Si un conductor de autob\u00fas est\u00e1 tratando de navegar por una carretera defectuosa, lo hace con un mayor riesgo de da\u00f1ar a sus pasajeros.<\/p>\n<p>Si estuvo involucrado en un accidente de autob\u00fas, puede tener derecho a recibir una compensaci\u00f3n por sus p\u00e9rdidas. En West Coast Trial Lawyers, contamos con abogados expertos en accidentes de autob\u00fas en Pasadena que tienen m\u00e1s de 60 a\u00f1os de experiencia legal colectiva en el manejo de casos de lesiones personales. Hemos ganado m\u00e1s de 5,000 casos y recuperado m\u00e1s de $1,000 millones en acuerdos para nuestros clientes. Debido a nuestros logros, hemos sido reconocidos como uno de los mejores bufetes de abogados de lesiones personales en Pasadena.<\/p>\n<p>Para programar una consulta gratuita y sin compromiso en nuestro bufete de abogados de lesiones personales de Pasadena, comun\u00edquese con nuestro equipo legal las 24 horas, los 7 d\u00edas de la semana llamando al\u00a0<strong>213-927-3700\u00a0<\/strong>o enviando un correo electr\u00f3nico a\u00a0<a href=\"mailto:info@westcoasttriallawyers.com\"><strong>info@westcoasttriallawyers.com<\/strong><\/a><strong>.\u00a0<\/strong><\/p>\n<h2><strong>Causas comunes de accidentes de autob\u00fas en Pasadena<\/strong><\/h2>\n<p>Hay varios factores que pueden desencadenar un accidente de autob\u00fas. \u00c9stos incluyen:<\/p>\n<ul>\n<li><strong>Exceso de velocidad.<\/strong> Los conductores de autobuses pueden sentirse obligados a acelerar para cumplir con sus horarios y llegar a sus destinos a tiempo.<\/li>\n<li><strong>Peligros de la carretera.<\/strong> Algunas carreteras no admiten autobuses. Esto dificulta que el conductor del autob\u00fas navegue con seguridad a trav\u00e9s de ellos. Las malas condiciones clim\u00e1ticas tambi\u00e9n pueden contribuir a una colisi\u00f3n.<\/li>\n<li><strong>Autob\u00fas defectuoso.<\/strong> Un autob\u00fas que se descompone abruptamente en medio de la calle puede resultar f\u00e1cilmente en un accidente de autob\u00fas. Esto depende del nivel de tr\u00e1fico. Si hay tr\u00e1fico denso, es probable que el autob\u00fas choque con otro veh\u00edculo. Para evitar que esto suceda, es importante que los operadores de autobuses siempre realicen controles de mantenimiento de rutina para asegurarse de que cada autob\u00fas est\u00e9 en buenas condiciones antes de permitir que el conductor del autob\u00fas lo use. Sin embargo, no todos los operadores de autobuses cumplen con los requisitos de mantenimiento regular, lo que puede exponerlos a responsabilidad.<\/li>\n<li><strong>Autobuses superpoblados.<\/strong> La Administraci\u00f3n Federal de Seguridad de Autotransportes (FMCSA, por sus siglas en ingl\u00e9s) tiene restricciones de peso espec\u00edficas para evitar el hacinamiento en un autob\u00fas. Los conductores de autobuses que operan un autob\u00fas con una Tasa de Peso Bruto del Veh\u00edculo (GVWR) de 26,001 libras o m\u00e1s deben adquirir una CDL. Adem\u00e1s, se necesitan endosos de pasajeros si el autob\u00fas transporta 16 o m\u00e1s pasajeros, incluido el conductor del autob\u00fas. Si se excede una restricci\u00f3n de peso, el conductor del autob\u00fas no podr\u00e1 operar el autob\u00fas de manera segura.<\/li>\n<li><strong>Distracci\u00f3n.<\/strong> Hay varios factores que pueden hacer que un conductor de autob\u00fas se distraiga. Con los autobuses escolares, el conductor del autob\u00fas podr\u00eda irritarse si los ni\u00f1os se portan mal o hacen ruidos fuertes. El conductor puede entonces sentirse obligado a decirles a los ni\u00f1os que se relajen y se comporten, distray\u00e9ndose as\u00ed de prestar atenci\u00f3n a la carretera. Otro peligro com\u00fan podr\u00eda ser el uso del tel\u00e9fono celular. Si el conductor del autob\u00fas est\u00e1 enviando mensajes de texto mientras conduce, correr\u00e1 el riesgo de chocar con otro veh\u00edculo cercano.<\/li>\n<li><strong>Intoxicaci\u00f3n.<\/strong> Los conductores de autobuses que consumen drogas o alcohol antes o durante su turno muestran un comportamiento negligente y descuidado. Sus decisiones imprudentes les dificultar\u00e1 prestar toda la atenci\u00f3n a la carretera, ya que su visi\u00f3n puede verse afectada. Para evitar que esto suceda, la FMCSA tiene un requisito estricto para que los conductores de autobuses se sometan a pruebas de detecci\u00f3n de drogas y alcohol. Si el conductor del autob\u00fas se niega a realizar la prueba o se encuentra con cualquiera de las sustancias en su sistema, enfrentar\u00e1 duras consecuencias por violar estos requisitos de seguridad.<\/li>\n<\/ul>\n<h2><strong>\u00bfQui\u00e9n es responsable en un accidente de autob\u00fas?<\/strong><\/h2>\n<p>Es dif\u00edcil determinar qui\u00e9n tiene la culpa de causar un accidente de autob\u00fas. Las partes culpables pueden incluir:<\/p>\n<ul>\n<li><strong>Conductor de autob\u00fas.<\/strong> De acuerdo con el derecho consuetudinario de California, los conductores de autobuses est\u00e1n obligados a brindar \u201cel m\u00e1ximo cuidado y diligencia para su transporte seguro, deben proporcionar todo lo necesario para ese prop\u00f3sito y deben ejercer un grado razonable de habilidad para ese fin\u201d. Su objetivo principal debe ser proporcionar un entorno seguro para los pasajeros del autob\u00fas y los conductores que est\u00e9n cerca. Por lo tanto, se espera que los conductores de autob\u00fas:\n<ul>\n<li>Dar una cantidad razonable de respeto y atenci\u00f3n a los pasajeros.<\/li>\n<li>Proporcionar alojamiento adecuado para pasajeros discapacitados y ancianos.<\/li>\n<li>Notificar a los pasajeros sobre los peligros potenciales que pueden ocurrir al utilizar los servicios de autob\u00fas.<\/li>\n<li>Proteja a los pasajeros de sufrir lesiones.<\/li>\n<li>No exceder el l\u00edmite de velocidad se\u00f1alado.<\/li>\n<li>Siga las reglas de la carretera.<\/li>\n<\/ul>\n<\/li>\n<li><strong>Fabricante de autobuses.<\/strong> Ser\u00e1n responsables de:\n<ul>\n<li>Defectos de dise\u00f1o encontrados en el autob\u00fas.<\/li>\n<li>Conocimiento de los defectos producidos durante el proceso de fabricaci\u00f3n, pero sin mencionar nada sobre el problema.<\/li>\n<li>No incluir una etiqueta de advertencia para que las personas sean conscientes de los riesgos potenciales que pueden surgir al utilizar el autob\u00fas.<\/li>\n<\/ul>\n<\/li>\n<li><strong>Municipios, Ayuntamientos y Organismos Estatales por la construcci\u00f3n de carreteras defectuosas.<\/strong> Ser\u00e1n responsables de las lesiones si:\n<ul>\n<li>Caminos defectuosos construidos.<\/li>\n<li>Escombros dejados en las carreteras o autopistas.<\/li>\n<li>No proporcion\u00f3 se\u00f1ales de advertencia para curvas u otros peligros.<\/li>\n<li>Cre\u00f3 la se\u00f1alizaci\u00f3n incorrecta para las zonas que se hicieron para ser utilizadas para la construcci\u00f3n.<\/li>\n<\/ul>\n<\/li>\n<\/ul>\n<p>Si cree que hay una determinada parte que es mayoritariamente, si no totalmente, responsable del accidente, debe adquirir evidencia para probar su caso. Para reunir pruebas convincentes, el abogado de accidentes de autob\u00fas del demandante le brindar\u00e1 asistencia legal, como fortalecer su reclamo, negociar con las compa\u00f1\u00edas de seguros y obtener la compensaci\u00f3n m\u00e1xima por las p\u00e9rdidas causadas por el accidente.<\/p>\n<h2><strong>Cont\u00e1ctenos<\/strong><\/h2>\n<p>Si fue v\u00edctima de un accidente de autob\u00fas, West Coast Trial Lawyers tiene abogados expertos en accidentes de autob\u00fas en Pasadena que est\u00e1n disponibles para ayudarle con su caso. No hay riesgos financieros involucrados al utilizar nuestros servicios.<\/p>\n<p>Comun\u00edquese con nuestro equipo legal las 24 horas, los 7 d\u00edas de la semana llamando al\u00a0<strong>213-927-3700<\/strong> o enviando un correo electr\u00f3nico a\u00a0<a href=\"mailto:info@westcoasttriallawyers.com\"><strong>info@westcoasttriallawyers.com<\/strong><\/a><strong>\u00a0<\/strong>para programar una consulta gratuita y sin compromiso hoy.<br \/>\n<!-- WCTL_DEBUG: no shortcode in this_content --><\/p>\n","protected":false},"excerpt":{"rendered":"<p>\u00bfQu\u00e9 puede causar un accidente de autob\u00fas? \u00bfQui\u00e9n puede ser considerado responsable de los da\u00f1os? Obtenga informaci\u00f3n legal de nuestros abogados con experiencia en accidentes de autob\u00fas en Pasadena Cada a\u00f1o, ocurren cerca de 63,000 accidentes de autob\u00fas en los Estados Unidos. Se estima que m\u00e1s de 14.000 personas involucradas en estas colisiones sufren lesiones [&hellip;]<\/p>\n","protected":false},"author":475,"featured_media":47050,"parent":47423,"menu_order":0,"comment_status":"closed","ping_status":"closed","template":"","meta":{"inline_featured_image":false,"footnotes":""},"class_list":["post-12967","page","type-page","status-publish","has-post-thumbnail","hentry"],"acf":[],"yoast_head":"<!-- This site is optimized with the Yoast SEO Premium plugin v26.0 (Yoast SEO v26.0) - https:\/\/yoast.com\/wordpress\/plugins\/seo\/ -->\n<title>Abogado de accidentes de autob\u00fas en Pasadena | West Coast Trial Lawyers<\/title>\n<meta name=\"robots\" content=\"index, follow, max-snippet:-1, max-image-preview:large, max-video-preview:-1\" \/>\n<link rel=\"canonical\" href=\"https:\/\/westcoasttriallawyers.com\/es\/california\/pasadena\/abogados-accidentes-autobus-pasadena\" \/>\n<meta property=\"og:locale\" content=\"es_ES\" \/>\n<meta property=\"og:type\" content=\"article\" \/>\n<meta property=\"og:title\" content=\"Abogado de accidentes de autob\u00fas en Pasadena\" \/>\n<meta property=\"og:description\" content=\"\u00bfQu\u00e9 puede causar un accidente de autob\u00fas? \u00bfQui\u00e9n puede ser considerado responsable de los da\u00f1os? Obtenga informaci\u00f3n legal de nuestros abogados con experiencia en accidentes de autob\u00fas en Pasadena Cada a\u00f1o, ocurren cerca de 63,000 accidentes de autob\u00fas en los Estados Unidos. Se estima que m\u00e1s de 14.000 personas involucradas en estas colisiones sufren lesiones [&hellip;]\" \/>\n<meta property=\"og:url\" content=\"https:\/\/westcoasttriallawyers.com\/es\/california\/pasadena\/abogados-accidentes-autobus-pasadena\" \/>\n<meta property=\"og:site_name\" content=\"West Coast Trial Lawyers\" \/>\n<meta property=\"article:publisher\" content=\"https:\/\/www.facebook.com\/westcoasttriallawyers\/\" \/>\n<meta property=\"article:modified_time\" content=\"2026-01-23T19:32:33+00:00\" \/>\n<meta property=\"og:image\" content=\"https:\/\/westcoasttriallawyers.com\/wp-content\/uploads\/2025\/07\/Pasadena-Featured-Image-scaled-7.webp\" \/>\n\t<meta property=\"og:image:width\" content=\"2560\" \/>\n\t<meta property=\"og:image:height\" content=\"1350\" \/>\n\t<meta property=\"og:image:type\" content=\"image\/webp\" \/>\n<meta name=\"twitter:card\" content=\"summary_large_image\" \/>\n<meta name=\"twitter:site\" content=\"@WestCoastTrial\" \/>\n<meta name=\"twitter:label1\" content=\"Tiempo de lectura\" \/>\n\t<meta name=\"twitter:data1\" content=\"6 minutos\" \/>\n<script type=\"application\/ld+json\" class=\"yoast-schema-graph\">{\"@context\":\"https:\/\/schema.org\",\"@graph\":[{\"@type\":[\"WebPage\",\"ItemPage\"],\"@id\":\"https:\/\/westcoasttriallawyers.com\/es\/california\/pasadena\/abogados-accidentes-autobus-pasadena\",\"url\":\"https:\/\/westcoasttriallawyers.com\/es\/california\/pasadena\/abogados-accidentes-autobus-pasadena\",\"name\":\"Abogado de accidentes de autob\u00fas en Pasadena | West Coast Trial Lawyers\",\"isPartOf\":{\"@id\":\"https:\/\/westcoasttriallawyers.com\/es#website\"},\"primaryImageOfPage\":{\"@id\":\"https:\/\/westcoasttriallawyers.com\/es\/california\/pasadena\/abogados-accidentes-autobus-pasadena#primaryimage\"},\"image\":{\"@id\":\"https:\/\/westcoasttriallawyers.com\/es\/california\/pasadena\/abogados-accidentes-autobus-pasadena#primaryimage\"},\"thumbnailUrl\":\"https:\/\/westcoasttriallawyers.com\/wp-content\/uploads\/2025\/07\/Pasadena-Featured-Image-scaled-7.webp\",\"datePublished\":\"2026-01-14T18:29:05+00:00\",\"dateModified\":\"2026-01-23T19:32:33+00:00\",\"breadcrumb\":{\"@id\":\"https:\/\/westcoasttriallawyers.com\/es\/california\/pasadena\/abogados-accidentes-autobus-pasadena#breadcrumb\"},\"inLanguage\":\"es\",\"potentialAction\":[{\"@type\":\"ReadAction\",\"target\":[\"https:\/\/westcoasttriallawyers.com\/es\/california\/pasadena\/abogados-accidentes-autobus-pasadena\"]}]},{\"@type\":\"ImageObject\",\"inLanguage\":\"es\",\"@id\":\"https:\/\/westcoasttriallawyers.com\/es\/california\/pasadena\/abogados-accidentes-autobus-pasadena#primaryimage\",\"url\":\"https:\/\/westcoasttriallawyers.com\/wp-content\/uploads\/2025\/07\/Pasadena-Featured-Image-scaled-7.webp\",\"contentUrl\":\"https:\/\/westcoasttriallawyers.com\/wp-content\/uploads\/2025\/07\/Pasadena-Featured-Image-scaled-7.webp\",\"width\":2560,\"height\":1350},{\"@type\":\"BreadcrumbList\",\"@id\":\"https:\/\/westcoasttriallawyers.com\/es\/california\/pasadena\/abogados-accidentes-autobus-pasadena#breadcrumb\",\"itemListElement\":[{\"@type\":\"ListItem\",\"position\":1,\"name\":\"Inicio\",\"item\":\"https:\/\/westcoasttriallawyers.com\/es\"},{\"@type\":\"ListItem\",\"position\":2,\"name\":\"California\",\"item\":\"https:\/\/westcoasttriallawyers.com\/es\/california\"},{\"@type\":\"ListItem\",\"position\":3,\"name\":\"Pasadena\",\"item\":\"https:\/\/westcoasttriallawyers.com\/es\/california\/pasadena\"},{\"@type\":\"ListItem\",\"position\":4,\"name\":\"Abogado de accidentes de autob\u00fas en Pasadena\"}]},{\"@type\":\"WebSite\",\"@id\":\"https:\/\/westcoasttriallawyers.com\/es#website\",\"url\":\"https:\/\/westcoasttriallawyers.com\/es\",\"name\":\"West Coast Trial Lawyers\",\"description\":\"West Coast Trial Lawyers\",\"publisher\":{\"@id\":\"https:\/\/westcoasttriallawyers.com\/es#organization\"},\"alternateName\":\"WCTL\",\"potentialAction\":[{\"@type\":\"SearchAction\",\"target\":{\"@type\":\"EntryPoint\",\"urlTemplate\":\"https:\/\/westcoasttriallawyers.com\/es?s={search_term_string}\"},\"query-input\":{\"@type\":\"PropertyValueSpecification\",\"valueRequired\":true,\"valueName\":\"search_term_string\"}}],\"inLanguage\":\"es\"},{\"@type\":\"Organization\",\"@id\":\"https:\/\/westcoasttriallawyers.com\/es#organization\",\"name\":\"West Coast Trial Lawyers\",\"alternateName\":\"WCTL\",\"url\":\"https:\/\/westcoasttriallawyers.com\/es\",\"logo\":{\"@type\":\"ImageObject\",\"inLanguage\":\"es\",\"@id\":\"https:\/\/westcoasttriallawyers.com\/es#\/schema\/logo\/image\/\",\"url\":\"https:\/\/westcoasttriallawyers.com\/wp-content\/uploads\/2026\/02\/WCTL-Logo.jpg\",\"contentUrl\":\"https:\/\/westcoasttriallawyers.com\/wp-content\/uploads\/2026\/02\/WCTL-Logo.jpg\",\"width\":696,\"height\":696,\"caption\":\"West Coast Trial Lawyers\"},\"image\":{\"@id\":\"https:\/\/westcoasttriallawyers.com\/es#\/schema\/logo\/image\/\"},\"sameAs\":[\"https:\/\/www.facebook.com\/westcoasttriallawyers\/\",\"https:\/\/x.com\/WestCoastTrial\",\"https:\/\/www.linkedin.com\/company\/west-coast-trial-lawyers\/\",\"https:\/\/www.instagram.com\/westcoasttriallawyers\/\",\"https:\/\/www.yelp.com\/biz\/west-coast-trial-lawyers-los-angeles-2\",\"https:\/\/www.pinterest.com\/westcoasttrial\/\",\"https:\/\/www.youtube.com\/westcoasttriallawyersla\/\",\"https:\/\/www.tiktok.com\/westcoasttriallawyers\"],\"description\":\"West Coast Trial Lawyers is a top-rated personal injury law firm with a goal to provide expert legal representation to those in need. The law firm has offices across California, Nevada, Arizona, and Washington.\",\"legalName\":\"West Coast Trial Lawyers\"}]}<\/script>\n<!-- \/ Yoast SEO Premium plugin. -->","yoast_head_json":{"title":"Abogado de accidentes de autob\u00fas en Pasadena | West Coast Trial Lawyers","robots":{"index":"index","follow":"follow","max-snippet":"max-snippet:-1","max-image-preview":"max-image-preview:large","max-video-preview":"max-video-preview:-1"},"canonical":"https:\/\/westcoasttriallawyers.com\/es\/california\/pasadena\/abogados-accidentes-autobus-pasadena","og_locale":"es_ES","og_type":"article","og_title":"Abogado de accidentes de autob\u00fas en Pasadena","og_description":"\u00bfQu\u00e9 puede causar un accidente de autob\u00fas? \u00bfQui\u00e9n puede ser considerado responsable de los da\u00f1os? Obtenga informaci\u00f3n legal de nuestros abogados con experiencia en accidentes de autob\u00fas en Pasadena Cada a\u00f1o, ocurren cerca de 63,000 accidentes de autob\u00fas en los Estados Unidos. Se estima que m\u00e1s de 14.000 personas involucradas en estas colisiones sufren lesiones [&hellip;]","og_url":"https:\/\/westcoasttriallawyers.com\/es\/california\/pasadena\/abogados-accidentes-autobus-pasadena","og_site_name":"West Coast Trial Lawyers","article_publisher":"https:\/\/www.facebook.com\/westcoasttriallawyers\/","article_modified_time":"2026-01-23T19:32:33+00:00","og_image":[{"width":2560,"height":1350,"url":"https:\/\/westcoasttriallawyers.com\/wp-content\/uploads\/2025\/07\/Pasadena-Featured-Image-scaled-7.webp","type":"image\/webp"}],"twitter_card":"summary_large_image","twitter_site":"@WestCoastTrial","twitter_misc":{"Tiempo de lectura":"6 minutos"},"schema":{"@context":"https:\/\/schema.org","@graph":[{"@type":["WebPage","ItemPage"],"@id":"https:\/\/westcoasttriallawyers.com\/es\/california\/pasadena\/abogados-accidentes-autobus-pasadena","url":"https:\/\/westcoasttriallawyers.com\/es\/california\/pasadena\/abogados-accidentes-autobus-pasadena","name":"Abogado de accidentes de autob\u00fas en Pasadena | West Coast Trial Lawyers","isPartOf":{"@id":"https:\/\/westcoasttriallawyers.com\/es#website"},"primaryImageOfPage":{"@id":"https:\/\/westcoasttriallawyers.com\/es\/california\/pasadena\/abogados-accidentes-autobus-pasadena#primaryimage"},"image":{"@id":"https:\/\/westcoasttriallawyers.com\/es\/california\/pasadena\/abogados-accidentes-autobus-pasadena#primaryimage"},"thumbnailUrl":"https:\/\/westcoasttriallawyers.com\/wp-content\/uploads\/2025\/07\/Pasadena-Featured-Image-scaled-7.webp","datePublished":"2026-01-14T18:29:05+00:00","dateModified":"2026-01-23T19:32:33+00:00","breadcrumb":{"@id":"https:\/\/westcoasttriallawyers.com\/es\/california\/pasadena\/abogados-accidentes-autobus-pasadena#breadcrumb"},"inLanguage":"es","potentialAction":[{"@type":"ReadAction","target":["https:\/\/westcoasttriallawyers.com\/es\/california\/pasadena\/abogados-accidentes-autobus-pasadena"]}]},{"@type":"ImageObject","inLanguage":"es","@id":"https:\/\/westcoasttriallawyers.com\/es\/california\/pasadena\/abogados-accidentes-autobus-pasadena#primaryimage","url":"https:\/\/westcoasttriallawyers.com\/wp-content\/uploads\/2025\/07\/Pasadena-Featured-Image-scaled-7.webp","contentUrl":"https:\/\/westcoasttriallawyers.com\/wp-content\/uploads\/2025\/07\/Pasadena-Featured-Image-scaled-7.webp","width":2560,"height":1350},{"@type":"BreadcrumbList","@id":"https:\/\/westcoasttriallawyers.com\/es\/california\/pasadena\/abogados-accidentes-autobus-pasadena#breadcrumb","itemListElement":[{"@type":"ListItem","position":1,"name":"Inicio","item":"https:\/\/westcoasttriallawyers.com\/es"},{"@type":"ListItem","position":2,"name":"California","item":"https:\/\/westcoasttriallawyers.com\/es\/california"},{"@type":"ListItem","position":3,"name":"Pasadena","item":"https:\/\/westcoasttriallawyers.com\/es\/california\/pasadena"},{"@type":"ListItem","position":4,"name":"Abogado de accidentes de autob\u00fas en Pasadena"}]},{"@type":"WebSite","@id":"https:\/\/westcoasttriallawyers.com\/es#website","url":"https:\/\/westcoasttriallawyers.com\/es","name":"West Coast Trial Lawyers","description":"West Coast Trial Lawyers","publisher":{"@id":"https:\/\/westcoasttriallawyers.com\/es#organization"},"alternateName":"WCTL","potentialAction":[{"@type":"SearchAction","target":{"@type":"EntryPoint","urlTemplate":"https:\/\/westcoasttriallawyers.com\/es?s={search_term_string}"},"query-input":{"@type":"PropertyValueSpecification","valueRequired":true,"valueName":"search_term_string"}}],"inLanguage":"es"},{"@type":"Organization","@id":"https:\/\/westcoasttriallawyers.com\/es#organization","name":"West Coast Trial Lawyers","alternateName":"WCTL","url":"https:\/\/westcoasttriallawyers.com\/es","logo":{"@type":"ImageObject","inLanguage":"es","@id":"https:\/\/westcoasttriallawyers.com\/es#\/schema\/logo\/image\/","url":"https:\/\/westcoasttriallawyers.com\/wp-content\/uploads\/2026\/02\/WCTL-Logo.jpg","contentUrl":"https:\/\/westcoasttriallawyers.com\/wp-content\/uploads\/2026\/02\/WCTL-Logo.jpg","width":696,"height":696,"caption":"West Coast Trial Lawyers"},"image":{"@id":"https:\/\/westcoasttriallawyers.com\/es#\/schema\/logo\/image\/"},"sameAs":["https:\/\/www.facebook.com\/westcoasttriallawyers\/","https:\/\/x.com\/WestCoastTrial","https:\/\/www.linkedin.com\/company\/west-coast-trial-lawyers\/","https:\/\/www.instagram.com\/westcoasttriallawyers\/","https:\/\/www.yelp.com\/biz\/west-coast-trial-lawyers-los-angeles-2","https:\/\/www.pinterest.com\/westcoasttrial\/","https:\/\/www.youtube.com\/westcoasttriallawyersla\/","https:\/\/www.tiktok.com\/westcoasttriallawyers"],"description":"West Coast Trial Lawyers is a top-rated personal injury law firm with a goal to provide expert legal representation to those in need. The law firm has offices across California, Nevada, Arizona, and Washington.","legalName":"West Coast Trial Lawyers"}]}},"_links":{"self":[{"href":"https:\/\/westcoasttriallawyers.com\/es\/wp-json\/wp\/v2\/pages\/12967","targetHints":{"allow":["GET"]}}],"collection":[{"href":"https:\/\/westcoasttriallawyers.com\/es\/wp-json\/wp\/v2\/pages"}],"about":[{"href":"https:\/\/westcoasttriallawyers.com\/es\/wp-json\/wp\/v2\/types\/page"}],"author":[{"embeddable":true,"href":"https:\/\/westcoasttriallawyers.com\/es\/wp-json\/wp\/v2\/users\/475"}],"replies":[{"embeddable":true,"href":"https:\/\/westcoasttriallawyers.com\/es\/wp-json\/wp\/v2\/comments?post=12967"}],"version-history":[{"count":4,"href":"https:\/\/westcoasttriallawyers.com\/es\/wp-json\/wp\/v2\/pages\/12967\/revisions"}],"predecessor-version":[{"id":48124,"href":"https:\/\/westcoasttriallawyers.com\/es\/wp-json\/wp\/v2\/pages\/12967\/revisions\/48124"}],"up":[{"embeddable":true,"href":"https:\/\/westcoasttriallawyers.com\/es\/wp-json\/wp\/v2\/pages\/47423"}],"wp:featuredmedia":[{"embeddable":true,"href":"https:\/\/westcoasttriallawyers.com\/es\/wp-json\/wp\/v2\/media\/47050"}],"wp:attachment":[{"href":"https:\/\/westcoasttriallawyers.com\/es\/wp-json\/wp\/v2\/media?parent=12967"}],"curies":[{"name":"wp","href":"https:\/\/api.w.org\/{rel}","templated":true}]}}