{"id":12965,"date":"2026-01-14T18:29:26","date_gmt":"2026-01-14T18:29:26","guid":{"rendered":"https:\/\/wctl1stg.wpengine.com\/?page_id=12965"},"modified":"2026-01-22T10:33:09","modified_gmt":"2026-01-22T10:33:09","slug":"abogado-de-muerte-injusta-de-pasadena","status":"publish","type":"page","link":"https:\/\/westcoasttriallawyers.com\/es\/california\/pasadena\/abogado-de-muerte-injusta-de-pasadena","title":{"rendered":"Abogado de Muerte Injusta de Pasadena"},"content":{"rendered":"<h2><strong>\u00bfQu\u00e9 puede causar una Muerte Injusta? \u00bfC\u00f3mo puede un demandante mostrar prueba de negligencia? Nuestros abogados expertos en muerte injusta de Pasadena explican<\/strong><\/h2>\n<p>La muerte injusta es una situaci\u00f3n impredecible que resulta en una experiencia que altera la vida de la familia de la persona fallecida. Si ha sufrido la p\u00e9rdida repentina de su ser querido, acepte nuestro m\u00e1s sentido p\u00e9same.<\/p>\n<p>Durante este momento dif\u00edcil de su vida, es posible que tenga preguntas o inquietudes sobre c\u00f3mo manejar su situaci\u00f3n. Suele ser uno de los momentos m\u00e1s dif\u00edciles para tomar decisiones complejas, sin embargo, los afectados por \u00e9l tienen derecho a ser resarcidos por el vac\u00edo dejado por la muerte de su ser querido. Los herederos de la v\u00edctima tienen derecho a recibir compensaci\u00f3n por cualquier da\u00f1o econ\u00f3mico y no econ\u00f3mico causado por la muerte injusta de un ser querido.<\/p>\n<p>West Coast Trial Lawyers est\u00e1 decidido a ayudarlo a obtener la m\u00e1xima compensaci\u00f3n y justicia que se merece. Ofrecemos una consulta gratuita y sin compromiso con nuestros abogados experimentados en muerte injusta de Pasadena. No se pagan honorarios hasta que su caso haya sido resuelto.<\/p>\n<p>Comun\u00edquese con nuestro equipo legal las 24 horas, los 7 d\u00edas de la semana llamando al&nbsp;<strong>213-927-3700<\/strong> o enviando un correo electr\u00f3nico a&nbsp;<strong>info@westcoasttriallawyers.com<\/strong> para programar una consulta gratuita en nuestro bufete de abogados de lesiones personales de Pasadena.<\/p>\n<h2><strong>Causas comunes de Muerte Injusta en Pasadena<\/strong><\/h2>\n<ul>\n<li><strong>Accidentes de peatones.&nbsp;<\/strong>Los accidentes de peatones ocurren con bastante frecuencia en Pasadena. Uno de los accidentes peatonales m\u00e1s recientes tuvo lugar en junio de 2021. Una anciana fue atropellada por un autom\u00f3vil mientras cruzaba la calle. M\u00e1s tarde fue declarada muerta en la escena. Desafortunadamente, estas circunstancias son inevitables ya que los peatones quedan vulnerables mientras est\u00e1n en las calles. Dado que no hay protecci\u00f3n para prevenir lesiones graves en un accidente, un peat\u00f3n generalmente queda en estado cr\u00edtico o muerto despu\u00e9s de que un veh\u00edculo choca contra \u00e9l. Se requiere atenci\u00f3n m\u00e9dica inmediata en la mayor\u00eda de los casos de accidentes de peatones.<\/li>\n<li><strong>Accidentes automovil\u00edsticos.&nbsp;<\/strong>Varios conductores han sido v\u00edctimas de muerte injusta debido al comportamiento imprudente de otro conductor. Desafortunadamente, muchos conductores optan por ignorar las reglas de tr\u00e1nsito de California al acelerar o conducir bajo la influencia. Estos conductores no solo se ponen en peligro a s\u00ed mismos, sino tambi\u00e9n a otros que est\u00e1n cerca.<\/li>\n<li><strong>Accidentes de motocicleta.&nbsp;<\/strong>Uno de los lugares m\u00e1s comunes donde ocurre un accidente fatal de motocicleta es en una intersecci\u00f3n. Esto ocurre principalmente debido a la falta de conciencia que tiene un conductor de su propio entorno cuando intenta girar a la izquierda. No observan atentamente la carretera antes del giro y chocan contra una motocicleta que se les acerca por detr\u00e1s. Por ejemplo, en julio de 2021, se produjo un accidente de motocicleta en la intersecci\u00f3n de Lake Avenue y Orange Grove Boulevard en Pasadena. El motociclista sufri\u00f3 lesiones que no pusieron en peligro su vida, sin embargo, fue trasladado a un hospital para recibir tratamiento m\u00e9dico adicional.<\/li>\n<li><strong>Violencia criminal.<\/strong> El Departamento de Polic\u00eda de Pasadena emiti\u00f3 un comunicado que indica que ha habido un aumento del 85 por ciento en la violencia armada de 2019 a 2020. La tasa de delincuencia de la ciudad ha aumentado s\u00f3lo un 2 por ciento, sin embargo, la polic\u00eda de Pasadena vio un aumento del 59 por ciento en el n\u00famero de personas. Disparo. La mayor\u00eda de estos altercados involucraron a pandilleros y personas que discut\u00edan acaloradamente entre s\u00ed.<\/li>\n<\/ul>\n<h2><strong>\u00bfQu\u00e9 elementos crean una muerte injusta?<\/strong><\/h2>\n<p>Cuando ocurre una muerte injusta, la familia de la v\u00edctima puede querer buscar una compensaci\u00f3n por sus p\u00e9rdidas. Hay cuatro elementos que la familia debe probar que estaban involucrados cuando ocurri\u00f3 la muerte injusta. Esto incluye:<\/p>\n<ul>\n<li><strong>Obligaci\u00f3n de cuidar.<\/strong> Debe haber pruebas de que el acusado ten\u00eda un deber de cuidado con la persona fallecida. Por lo tanto, el demandante es responsable de determinar c\u00f3mo existi\u00f3 el deber de diligencia del demandado.<\/li>\n<li><strong>Incumplimiento del deber.<\/strong> Se espera que los herederos de la v\u00edctima demuestren que la muerte injusta fue causada por el comportamiento negligente y descuidado del acusado.<\/li>\n<li><strong>Causalidad.<\/strong> Se requiere que el demandante muestre pruebas de c\u00f3mo el comportamiento negligente del demandado result\u00f3 en la muerte injusta.<\/li>\n<li><strong>Da\u00f1os y perjuicios.&nbsp;<\/strong>La familia de la v\u00edctima debe mostrar las p\u00e9rdidas que resultaron de la muerte de la v\u00edctima.<\/li>\n<\/ul>\n<p>Para asegurarse de que est\u00e1 manejando adecuadamente su caso de muerte injusta, se recomienda que se comunique con un abogado de muerte injusta de Pasadena. Le brindar\u00e1n asistencia legal para obtener la compensaci\u00f3n m\u00e1xima que merece por sus p\u00e9rdidas.<\/p>\n<h2><strong>\u00bfQu\u00e9 es el estatuto de limitaciones por muerte injusta?<\/strong><\/h2>\n<p>El estatuto de limitaciones es un per\u00edodo de tiempo espec\u00edfico que se le da a un individuo para presentar una demanda. En Pasadena, el estatuto de limitaciones por muerte injusta suele ser de dos a\u00f1os a partir de la fecha del fallecimiento de la v\u00edctima. Sin embargo, hay excepciones. Si la muerte de la v\u00edctima no se notifica de inmediato y se descubri\u00f3 d\u00edas despu\u00e9s, el per\u00edodo de tiempo puede extenderse. Esto significa que la familia de la v\u00edctima tiene la oportunidad de presentar una demanda a partir de la fecha en que se enteraron por primera vez de la p\u00e9rdida de su ser querido.<\/p>\n<p>Hay otras circunstancias que pueden justificar tiempo adicional para presentar una demanda por muerte injusta. Por ejemplo, si una persona fallece debido a un dise\u00f1o o construcci\u00f3n defectuosos, la familia tendr\u00e1 6 meses para presentar una demanda por homicidio culposo. Para situaciones que involucran a menores, se aplican reglas especiales. Si un menor quiere presentar una demanda por la muerte de su(s) padre(s), no se le da un plazo hasta que cumpla los 18 a\u00f1os. Una vez que el menor es mayor de edad, tiene un plazo de 2 a\u00f1os para demandar a la persona culpable por la p\u00e9rdida de sus padres.<\/p>\n<p>Las reclamaciones por negligencia m\u00e9dica incluyen pautas especiales. De acuerdo con la secci\u00f3n 340.5 del C\u00f3digo de Procedimiento Civil de California, los herederos de la v\u00edctima tienen de 1 a 3 a\u00f1os para presentar una demanda por homicidio culposo, a partir de la fecha en que descubrieron inicialmente el comportamiento imprudente que result\u00f3 en la muerte de su ser querido. una. Es ideal comunicarse con un abogado de muerte injusta de Pasadena para revisar su caso y determinar si a\u00fan puede demandar a la persona culpable del incidente.<\/p>\n<p>Si excede el estatuto de limitaciones, ya no estar\u00e1 calificado para presentar una demanda por muerte injusta. Es por eso que es importante actuar de inmediato para garantizar que usted y su familia reciban la justicia que merecen junto con la m\u00e1xima compensaci\u00f3n por las p\u00e9rdidas causadas por la muerte injusta.<\/p>\n<h2><strong>Cont\u00e1ctenos<\/strong><\/h2>\n<p>Si sufri\u00f3 la p\u00e9rdida de su ser querido debido a una muerte injusta, Abogados de la Costa Oeste cuenta con abogados expertos en muerte injusta en Pasadena que tienen m\u00e1s de 60 a\u00f1os de experiencia legal. Lo ayudaremos a recuperar los da\u00f1os econ\u00f3micos y no econ\u00f3micos que fueron causados por acciones negligentes cometidas por la parte culpable. Esto incluye gastos m\u00e9dicos, costos de funeral y entierro, da\u00f1os a la propiedad, salarios perdidos, angustia emocional y dolor y sufrimiento.<\/p>\n<p>No hay riesgos financieros involucrados cuando utiliza nuestros servicios. Estamos aqu\u00ed para usted el 24\/7. Comun\u00edquese con nuestro amable equipo legal llamando al&nbsp;<strong>213-927-3700<\/strong> o enviando un correo electr\u00f3nico a&nbsp;<a href=\"mailto:info@westcoasttriallawyers.com\"><strong>info@westcoasttriallawyers.com<\/strong><\/a><strong>&nbsp;<\/strong>para programar una consulta gratuita hoy.<br \/>\n<!-- WCTL_DEBUG: no shortcode in this_content --><\/p>\n","protected":false},"excerpt":{"rendered":"<p>\u00bfQu\u00e9 puede causar una Muerte Injusta? \u00bfC\u00f3mo puede un demandante mostrar prueba de negligencia? Nuestros abogados expertos en muerte injusta de Pasadena explican La muerte injusta es una situaci\u00f3n impredecible que resulta en una experiencia que altera la vida de la familia de la persona fallecida. Si ha sufrido la p\u00e9rdida repentina de su ser [&hellip;]<\/p>\n","protected":false},"author":475,"featured_media":47085,"parent":47423,"menu_order":0,"comment_status":"closed","ping_status":"closed","template":"","meta":{"inline_featured_image":false,"footnotes":""},"class_list":["post-12965","page","type-page","status-publish","has-post-thumbnail","hentry"],"acf":[],"yoast_head":"<!-- This site is optimized with the Yoast SEO Premium plugin v26.0 (Yoast SEO v26.0) - https:\/\/yoast.com\/wordpress\/plugins\/seo\/ -->\n<title>Abogado de Muerte Injusta de Pasadena | West Coast Trial Lawyers<\/title>\n<meta name=\"robots\" content=\"index, follow, max-snippet:-1, max-image-preview:large, max-video-preview:-1\" \/>\n<link rel=\"canonical\" href=\"https:\/\/westcoasttriallawyers.com\/es\/california\/pasadena\/abogado-de-muerte-injusta-de-pasadena\" \/>\n<meta property=\"og:locale\" content=\"es_ES\" \/>\n<meta property=\"og:type\" content=\"article\" \/>\n<meta property=\"og:title\" content=\"Abogado de Muerte Injusta de Pasadena\" \/>\n<meta property=\"og:description\" content=\"\u00bfQu\u00e9 puede causar una Muerte Injusta? \u00bfC\u00f3mo puede un demandante mostrar prueba de negligencia? Nuestros abogados expertos en muerte injusta de Pasadena explican La muerte injusta es una situaci\u00f3n impredecible que resulta en una experiencia que altera la vida de la familia de la persona fallecida. Si ha sufrido la p\u00e9rdida repentina de su ser [&hellip;]\" \/>\n<meta property=\"og:url\" content=\"https:\/\/westcoasttriallawyers.com\/es\/california\/pasadena\/abogado-de-muerte-injusta-de-pasadena\" \/>\n<meta property=\"og:site_name\" content=\"West Coast Trial Lawyers\" \/>\n<meta property=\"article:publisher\" content=\"https:\/\/www.facebook.com\/westcoasttriallawyers\/\" \/>\n<meta property=\"article:modified_time\" content=\"2026-01-22T10:33:09+00:00\" \/>\n<meta property=\"og:image\" content=\"https:\/\/westcoasttriallawyers.com\/wp-content\/uploads\/2025\/07\/Pasadena-Featured-Image-scaled-21.webp\" \/>\n\t<meta property=\"og:image:width\" content=\"2560\" \/>\n\t<meta property=\"og:image:height\" content=\"1350\" \/>\n\t<meta property=\"og:image:type\" content=\"image\/webp\" \/>\n<meta name=\"twitter:card\" content=\"summary_large_image\" \/>\n<meta name=\"twitter:site\" content=\"@WestCoastTrial\" \/>\n<meta name=\"twitter:label1\" content=\"Tiempo de lectura\" \/>\n\t<meta name=\"twitter:data1\" content=\"8 minutos\" \/>\n<script type=\"application\/ld+json\" class=\"yoast-schema-graph\">{\"@context\":\"https:\/\/schema.org\",\"@graph\":[{\"@type\":[\"WebPage\",\"ItemPage\"],\"@id\":\"https:\/\/westcoasttriallawyers.com\/es\/california\/pasadena\/abogado-de-muerte-injusta-de-pasadena\",\"url\":\"https:\/\/westcoasttriallawyers.com\/es\/california\/pasadena\/abogado-de-muerte-injusta-de-pasadena\",\"name\":\"Abogado de Muerte Injusta de Pasadena | West Coast Trial Lawyers\",\"isPartOf\":{\"@id\":\"https:\/\/westcoasttriallawyers.com\/es#website\"},\"primaryImageOfPage\":{\"@id\":\"https:\/\/westcoasttriallawyers.com\/es\/california\/pasadena\/abogado-de-muerte-injusta-de-pasadena#primaryimage\"},\"image\":{\"@id\":\"https:\/\/westcoasttriallawyers.com\/es\/california\/pasadena\/abogado-de-muerte-injusta-de-pasadena#primaryimage\"},\"thumbnailUrl\":\"https:\/\/westcoasttriallawyers.com\/wp-content\/uploads\/2025\/07\/Pasadena-Featured-Image-scaled-21.webp\",\"datePublished\":\"2026-01-14T18:29:26+00:00\",\"dateModified\":\"2026-01-22T10:33:09+00:00\",\"breadcrumb\":{\"@id\":\"https:\/\/westcoasttriallawyers.com\/es\/california\/pasadena\/abogado-de-muerte-injusta-de-pasadena#breadcrumb\"},\"inLanguage\":\"es\",\"potentialAction\":[{\"@type\":\"ReadAction\",\"target\":[\"https:\/\/westcoasttriallawyers.com\/es\/california\/pasadena\/abogado-de-muerte-injusta-de-pasadena\"]}]},{\"@type\":\"ImageObject\",\"inLanguage\":\"es\",\"@id\":\"https:\/\/westcoasttriallawyers.com\/es\/california\/pasadena\/abogado-de-muerte-injusta-de-pasadena#primaryimage\",\"url\":\"https:\/\/westcoasttriallawyers.com\/wp-content\/uploads\/2025\/07\/Pasadena-Featured-Image-scaled-21.webp\",\"contentUrl\":\"https:\/\/westcoasttriallawyers.com\/wp-content\/uploads\/2025\/07\/Pasadena-Featured-Image-scaled-21.webp\",\"width\":2560,\"height\":1350},{\"@type\":\"BreadcrumbList\",\"@id\":\"https:\/\/westcoasttriallawyers.com\/es\/california\/pasadena\/abogado-de-muerte-injusta-de-pasadena#breadcrumb\",\"itemListElement\":[{\"@type\":\"ListItem\",\"position\":1,\"name\":\"Inicio\",\"item\":\"https:\/\/westcoasttriallawyers.com\/es\"},{\"@type\":\"ListItem\",\"position\":2,\"name\":\"California\",\"item\":\"https:\/\/westcoasttriallawyers.com\/es\/california\"},{\"@type\":\"ListItem\",\"position\":3,\"name\":\"Pasadena\",\"item\":\"https:\/\/westcoasttriallawyers.com\/es\/california\/pasadena\"},{\"@type\":\"ListItem\",\"position\":4,\"name\":\"Abogado de Muerte Injusta de Pasadena\"}]},{\"@type\":\"WebSite\",\"@id\":\"https:\/\/westcoasttriallawyers.com\/es#website\",\"url\":\"https:\/\/westcoasttriallawyers.com\/es\",\"name\":\"West Coast Trial Lawyers\",\"description\":\"West Coast Trial Lawyers\",\"publisher\":{\"@id\":\"https:\/\/westcoasttriallawyers.com\/es#organization\"},\"alternateName\":\"WCTL\",\"potentialAction\":[{\"@type\":\"SearchAction\",\"target\":{\"@type\":\"EntryPoint\",\"urlTemplate\":\"https:\/\/westcoasttriallawyers.com\/es?s={search_term_string}\"},\"query-input\":{\"@type\":\"PropertyValueSpecification\",\"valueRequired\":true,\"valueName\":\"search_term_string\"}}],\"inLanguage\":\"es\"},{\"@type\":\"Organization\",\"@id\":\"https:\/\/westcoasttriallawyers.com\/es#organization\",\"name\":\"West Coast Trial Lawyers\",\"alternateName\":\"WCTL\",\"url\":\"https:\/\/westcoasttriallawyers.com\/es\",\"logo\":{\"@type\":\"ImageObject\",\"inLanguage\":\"es\",\"@id\":\"https:\/\/westcoasttriallawyers.com\/es#\/schema\/logo\/image\/\",\"url\":\"https:\/\/westcoasttriallawyers.com\/wp-content\/uploads\/2026\/02\/WCTL-Logo.jpg\",\"contentUrl\":\"https:\/\/westcoasttriallawyers.com\/wp-content\/uploads\/2026\/02\/WCTL-Logo.jpg\",\"width\":696,\"height\":696,\"caption\":\"West Coast Trial Lawyers\"},\"image\":{\"@id\":\"https:\/\/westcoasttriallawyers.com\/es#\/schema\/logo\/image\/\"},\"sameAs\":[\"https:\/\/www.facebook.com\/westcoasttriallawyers\/\",\"https:\/\/x.com\/WestCoastTrial\",\"https:\/\/www.linkedin.com\/company\/west-coast-trial-lawyers\/\",\"https:\/\/www.instagram.com\/westcoasttriallawyers\/\",\"https:\/\/www.yelp.com\/biz\/west-coast-trial-lawyers-los-angeles-2\",\"https:\/\/www.pinterest.com\/westcoasttrial\/\",\"https:\/\/www.youtube.com\/westcoasttriallawyersla\/\",\"https:\/\/www.tiktok.com\/westcoasttriallawyers\"],\"description\":\"West Coast Trial Lawyers is a top-rated personal injury law firm with a goal to provide expert legal representation to those in need. The law firm has offices across California, Nevada, Arizona, and Washington.\",\"legalName\":\"West Coast Trial Lawyers\"}]}<\/script>\n<!-- \/ Yoast SEO Premium plugin. -->","yoast_head_json":{"title":"Abogado de Muerte Injusta de Pasadena | West Coast Trial Lawyers","robots":{"index":"index","follow":"follow","max-snippet":"max-snippet:-1","max-image-preview":"max-image-preview:large","max-video-preview":"max-video-preview:-1"},"canonical":"https:\/\/westcoasttriallawyers.com\/es\/california\/pasadena\/abogado-de-muerte-injusta-de-pasadena","og_locale":"es_ES","og_type":"article","og_title":"Abogado de Muerte Injusta de Pasadena","og_description":"\u00bfQu\u00e9 puede causar una Muerte Injusta? \u00bfC\u00f3mo puede un demandante mostrar prueba de negligencia? Nuestros abogados expertos en muerte injusta de Pasadena explican La muerte injusta es una situaci\u00f3n impredecible que resulta en una experiencia que altera la vida de la familia de la persona fallecida. Si ha sufrido la p\u00e9rdida repentina de su ser [&hellip;]","og_url":"https:\/\/westcoasttriallawyers.com\/es\/california\/pasadena\/abogado-de-muerte-injusta-de-pasadena","og_site_name":"West Coast Trial Lawyers","article_publisher":"https:\/\/www.facebook.com\/westcoasttriallawyers\/","article_modified_time":"2026-01-22T10:33:09+00:00","og_image":[{"width":2560,"height":1350,"url":"https:\/\/westcoasttriallawyers.com\/wp-content\/uploads\/2025\/07\/Pasadena-Featured-Image-scaled-21.webp","type":"image\/webp"}],"twitter_card":"summary_large_image","twitter_site":"@WestCoastTrial","twitter_misc":{"Tiempo de lectura":"8 minutos"},"schema":{"@context":"https:\/\/schema.org","@graph":[{"@type":["WebPage","ItemPage"],"@id":"https:\/\/westcoasttriallawyers.com\/es\/california\/pasadena\/abogado-de-muerte-injusta-de-pasadena","url":"https:\/\/westcoasttriallawyers.com\/es\/california\/pasadena\/abogado-de-muerte-injusta-de-pasadena","name":"Abogado de Muerte Injusta de Pasadena | West Coast Trial Lawyers","isPartOf":{"@id":"https:\/\/westcoasttriallawyers.com\/es#website"},"primaryImageOfPage":{"@id":"https:\/\/westcoasttriallawyers.com\/es\/california\/pasadena\/abogado-de-muerte-injusta-de-pasadena#primaryimage"},"image":{"@id":"https:\/\/westcoasttriallawyers.com\/es\/california\/pasadena\/abogado-de-muerte-injusta-de-pasadena#primaryimage"},"thumbnailUrl":"https:\/\/westcoasttriallawyers.com\/wp-content\/uploads\/2025\/07\/Pasadena-Featured-Image-scaled-21.webp","datePublished":"2026-01-14T18:29:26+00:00","dateModified":"2026-01-22T10:33:09+00:00","breadcrumb":{"@id":"https:\/\/westcoasttriallawyers.com\/es\/california\/pasadena\/abogado-de-muerte-injusta-de-pasadena#breadcrumb"},"inLanguage":"es","potentialAction":[{"@type":"ReadAction","target":["https:\/\/westcoasttriallawyers.com\/es\/california\/pasadena\/abogado-de-muerte-injusta-de-pasadena"]}]},{"@type":"ImageObject","inLanguage":"es","@id":"https:\/\/westcoasttriallawyers.com\/es\/california\/pasadena\/abogado-de-muerte-injusta-de-pasadena#primaryimage","url":"https:\/\/westcoasttriallawyers.com\/wp-content\/uploads\/2025\/07\/Pasadena-Featured-Image-scaled-21.webp","contentUrl":"https:\/\/westcoasttriallawyers.com\/wp-content\/uploads\/2025\/07\/Pasadena-Featured-Image-scaled-21.webp","width":2560,"height":1350},{"@type":"BreadcrumbList","@id":"https:\/\/westcoasttriallawyers.com\/es\/california\/pasadena\/abogado-de-muerte-injusta-de-pasadena#breadcrumb","itemListElement":[{"@type":"ListItem","position":1,"name":"Inicio","item":"https:\/\/westcoasttriallawyers.com\/es"},{"@type":"ListItem","position":2,"name":"California","item":"https:\/\/westcoasttriallawyers.com\/es\/california"},{"@type":"ListItem","position":3,"name":"Pasadena","item":"https:\/\/westcoasttriallawyers.com\/es\/california\/pasadena"},{"@type":"ListItem","position":4,"name":"Abogado de Muerte Injusta de Pasadena"}]},{"@type":"WebSite","@id":"https:\/\/westcoasttriallawyers.com\/es#website","url":"https:\/\/westcoasttriallawyers.com\/es","name":"West Coast Trial Lawyers","description":"West Coast Trial Lawyers","publisher":{"@id":"https:\/\/westcoasttriallawyers.com\/es#organization"},"alternateName":"WCTL","potentialAction":[{"@type":"SearchAction","target":{"@type":"EntryPoint","urlTemplate":"https:\/\/westcoasttriallawyers.com\/es?s={search_term_string}"},"query-input":{"@type":"PropertyValueSpecification","valueRequired":true,"valueName":"search_term_string"}}],"inLanguage":"es"},{"@type":"Organization","@id":"https:\/\/westcoasttriallawyers.com\/es#organization","name":"West Coast Trial Lawyers","alternateName":"WCTL","url":"https:\/\/westcoasttriallawyers.com\/es","logo":{"@type":"ImageObject","inLanguage":"es","@id":"https:\/\/westcoasttriallawyers.com\/es#\/schema\/logo\/image\/","url":"https:\/\/westcoasttriallawyers.com\/wp-content\/uploads\/2026\/02\/WCTL-Logo.jpg","contentUrl":"https:\/\/westcoasttriallawyers.com\/wp-content\/uploads\/2026\/02\/WCTL-Logo.jpg","width":696,"height":696,"caption":"West Coast Trial Lawyers"},"image":{"@id":"https:\/\/westcoasttriallawyers.com\/es#\/schema\/logo\/image\/"},"sameAs":["https:\/\/www.facebook.com\/westcoasttriallawyers\/","https:\/\/x.com\/WestCoastTrial","https:\/\/www.linkedin.com\/company\/west-coast-trial-lawyers\/","https:\/\/www.instagram.com\/westcoasttriallawyers\/","https:\/\/www.yelp.com\/biz\/west-coast-trial-lawyers-los-angeles-2","https:\/\/www.pinterest.com\/westcoasttrial\/","https:\/\/www.youtube.com\/westcoasttriallawyersla\/","https:\/\/www.tiktok.com\/westcoasttriallawyers"],"description":"West Coast Trial Lawyers is a top-rated personal injury law firm with a goal to provide expert legal representation to those in need. The law firm has offices across California, Nevada, Arizona, and Washington.","legalName":"West Coast Trial Lawyers"}]}},"_links":{"self":[{"href":"https:\/\/westcoasttriallawyers.com\/es\/wp-json\/wp\/v2\/pages\/12965","targetHints":{"allow":["GET"]}}],"collection":[{"href":"https:\/\/westcoasttriallawyers.com\/es\/wp-json\/wp\/v2\/pages"}],"about":[{"href":"https:\/\/westcoasttriallawyers.com\/es\/wp-json\/wp\/v2\/types\/page"}],"author":[{"embeddable":true,"href":"https:\/\/westcoasttriallawyers.com\/es\/wp-json\/wp\/v2\/users\/475"}],"replies":[{"embeddable":true,"href":"https:\/\/westcoasttriallawyers.com\/es\/wp-json\/wp\/v2\/comments?post=12965"}],"version-history":[{"count":3,"href":"https:\/\/westcoasttriallawyers.com\/es\/wp-json\/wp\/v2\/pages\/12965\/revisions"}],"predecessor-version":[{"id":47839,"href":"https:\/\/westcoasttriallawyers.com\/es\/wp-json\/wp\/v2\/pages\/12965\/revisions\/47839"}],"up":[{"embeddable":true,"href":"https:\/\/westcoasttriallawyers.com\/es\/wp-json\/wp\/v2\/pages\/47423"}],"wp:featuredmedia":[{"embeddable":true,"href":"https:\/\/westcoasttriallawyers.com\/es\/wp-json\/wp\/v2\/media\/47085"}],"wp:attachment":[{"href":"https:\/\/westcoasttriallawyers.com\/es\/wp-json\/wp\/v2\/media?parent=12965"}],"curies":[{"name":"wp","href":"https:\/\/api.w.org\/{rel}","templated":true}]}}