{"id":12961,"date":"2026-01-14T18:29:02","date_gmt":"2026-01-14T18:29:02","guid":{"rendered":"https:\/\/wctl1stg.wpengine.com\/?page_id=12961"},"modified":"2026-01-23T19:34:20","modified_gmt":"2026-01-23T19:34:20","slug":"abogados-accidentes-motocicleta-pasadena","status":"publish","type":"page","link":"https:\/\/westcoasttriallawyers.com\/es\/california\/pasadena\/abogados-accidentes-motocicleta-pasadena","title":{"rendered":"Abogados de Accidente de motocicleta en Pasadena"},"content":{"rendered":"<h2><strong>Causas comunes de accidentes de motocicleta y c\u00f3mo puede evitar verse involucrado en uno<\/strong><\/h2>\n<p>En Pasadena, los accidentes de motocicleta se reportan con bastante frecuencia. El incidente m\u00e1s reciente ocurri\u00f3 en mayo de 2021. El motociclista fue atropellado por un conductor que giraba a la izquierda. Desafortunadamente, los accidentes de motocicleta con giro a la izquierda son muy comunes. Seg\u00fan datos federales, el 36 por ciento de los accidentes de motocicleta son causados \u200b\u200bpor veh\u00edculos que giran a la izquierda delante de una motocicleta. Se espera que los conductores revisen cuidadosamente su entorno antes de girar o cambiar de carril. Sin embargo, muchos de ellos no se preocupan lo suficiente como para verificar correctamente u olvidan mirar sus puntos ciegos.<\/p>\n<p>Si fue v\u00edctima de un accidente de motocicleta y desea presentar una demanda contra el conductor culpable, West Coast Trial Lawyers cuenta con abogados expertos en accidentes de motocicleta en Pasadena con m\u00e1s de 60 a\u00f1os de experiencia legal colectiva en el manejo de casos de lesiones personales. Hemos ganado m\u00e1s de 5000 casos y adquirido m\u00e1s de mil millones de d\u00f3lares en acuerdos y sentencias para nuestros clientes. Debido a nuestro \u00e9xito con la satisfacci\u00f3n del cliente, hemos sido clasificados como uno de los mejores bufetes de abogados de lesiones personales en Pasadena.<\/p>\n<p>Cont\u00e1ctenos hoy llamando al\u00a0<strong>213-927-3700<\/strong> o enviando un correo electr\u00f3nico a\u00a0<strong>info@westcoasttriallawyers.com<\/strong> para programar una consulta gratuita y sin compromiso en nuestro bufete de abogados de lesiones personales de Pasadena.<\/p>\n<h2><strong>Causas Comunes de Accidentes de Motocicleta<\/strong><\/h2>\n<p>Hay varios factores que pueden contribuir a un accidente de motocicleta. Esto incluye lo siguiente:<\/p>\n<ul>\n<li><strong>Exceso de velocidad.<\/strong> En 2019, el 33 por ciento de todos los motociclistas involucrados en un accidente fatal iban a exceso de velocidad. Desafortunadamente, muchos motociclistas aprovechan la velocidad incorporada de una motocicleta. Esto puede dificultar que un motociclista controle adecuadamente su veh\u00edculo, lo que aumenta las posibilidades de que ocurra una colisi\u00f3n.<\/li>\n<li><strong>Intoxicaci\u00f3n.\u00a0<\/strong>El 29 por ciento de los accidentes fatales de motocicletas en 2019 involucraron a motociclistas que ten\u00edan una concentraci\u00f3n de alcohol en la sangre (BAC) igual o superior al 0.08 por ciento. Dado que el alcohol puede causar problemas de visi\u00f3n y falta de conciencia, puede ser dif\u00edcil para un motociclista controlar adecuadamente su veh\u00edculo, por lo que es muy probable que se vea involucrado en un accidente.<\/li>\n<li><strong>Peligros de la carretera.<\/strong> Las motocicletas son m\u00e1s peque\u00f1as y menos estables en comparaci\u00f3n con los autom\u00f3viles. Debido a esto, son m\u00e1s vulnerables a los peligros de la carretera, como baches, escombros y pavimentos defectuosos.<\/li>\n<li><strong>Divisi\u00f3n de carriles.<\/strong> Esto suele ocurrir cuando un motociclista conduce entre dos carriles. Hay varios riesgos de accidentes que pueden ocurrir si un ciclista se involucra en la divisi\u00f3n de carriles, como tener una distancia muy corta con otro veh\u00edculo y espacio limitado para moverse. En algunos casos, es posible que un conductor no espere que pase un motociclista durante el tr\u00e1fico. Mientras el conductor intenta hacer un cambio de carril, podr\u00eda chocar accidentalmente contra un motociclista que est\u00e1 tratando de cambiar de carril. En Pasadena, la divisi\u00f3n de carriles es legal. Sin embargo, el motociclista debe hacerlo de manera segura. El no hacerlo puede resultar en un accidente, del cual la motocicleta podr\u00eda ser total o parcialmente responsable.<\/li>\n<li><strong>Colisi\u00f3n frontal.<\/strong> Esto generalmente sucede cuando un motociclista y otro veh\u00edculo van a altas velocidades. Cualquiera de los veh\u00edculos puede perder el control y chocar directamente entre s\u00ed. Dado que un autom\u00f3vil tiene m\u00e1s protecci\u00f3n que una motocicleta, es probable que el conductor sufra lesiones graves o la muerte despu\u00e9s de estrellarse contra el suelo.<\/li>\n<li><strong>Giros a la izquierda.<\/strong> Como se mencion\u00f3 anteriormente, los giros a la izquierda son una de las causas m\u00e1s comunes de un accidente de motocicleta. Se espera que un conductor observe la carretera cuidadosamente antes de girar a la izquierda. De lo contrario, el conductor puede chocar contra un motociclista detr\u00e1s de \u00e9l.<\/li>\n<\/ul>\n<h2><strong>C\u00f3mo evitar accidentes de motocicleta<\/strong><\/h2>\n<p>Dado que hay varios peligros asociados con andar en motocicleta, siempre es importante saber qu\u00e9 debe hacer para evitar ponerse en peligro.<\/p>\n<ul>\n<li><strong>Use equipo de protecci\u00f3n.<\/strong> Dado que las motocicletas no ofrecen suficiente protecci\u00f3n para el conductor, es importante usar ropa que lo proteja de sufrir lesiones graves en un accidente. Esto incluye usar casco, gafas protectoras, guantes, botas, chaqueta y pantalones largos.<\/li>\n<li><strong>Mant\u00e9n tu moto en buen estado.<\/strong> Aseg\u00farese de realizar controles de mantenimiento regulares en su motocicleta en caso de da\u00f1os o defectos.<\/li>\n<li><strong>Permanezca en su carril hasta que sea necesario cambiar de carril.<\/strong> Evite ocupar dos carriles o acelerar para adelantar a otros veh\u00edculos. Est\u00e1s arriesgando tanto tu vida como la de los que te rodean en el camino. Si necesita cambiar de carril, debe verificar si es seguro hacerlo. Si es as\u00ed, puede proceder a cambiar a un carril diferente.<\/li>\n<li><strong>Evite los peligros de la carretera.<\/strong> Hay varios peligros en la carretera que podr\u00edan crear condiciones peligrosas para un motociclista. Aseg\u00farese de estar atento a pavimentos defectuosos, escombros, malas condiciones clim\u00e1ticas y baches.<\/li>\n<li><strong>Conoce lo que eres capaz de hacer.<\/strong> No exceda los l\u00edmites de lo que puede manejar. Aseg\u00farese de cumplir con las normas de circulaci\u00f3n, tambi\u00e9n.<\/li>\n<li><strong>Obtenga capacitaci\u00f3n profesional.<\/strong> La pr\u00e1ctica hace la perfecci\u00f3n. Cuanto m\u00e1s entrenes, mejor ser\u00e1s para conducir tu motocicleta.<\/li>\n<li><strong>Evite estar bajo la influencia de drogas o alcohol.<\/strong> No conduzca su motocicleta si ha consumido drogas o alcohol. Las motocicletas ya tienen la capacidad de alcanzar altas velocidades, por lo que es importante que te asegures de poder controlar adecuadamente tu veh\u00edculo para evitar accidentes. Adem\u00e1s, las motocicletas son dif\u00edciles de controlar, por lo que debes mantenerte mental y f\u00edsicamente estable por tu propia seguridad.<\/li>\n<\/ul>\n<h2><strong>Cont\u00e1ctenos<\/strong><\/h2>\n<p>Si usted o un ser querido estuvieron involucrados en un accidente de motocicleta en Pasadena, West Coast Trial Lawyers tiene abogados de accidentes de motocicleta en Pasadena que tienen una amplia experiencia en el manejo de casos de lesiones personales. Nos aseguraremos de que reciba la m\u00e1xima compensaci\u00f3n financiera y emocional que se merece.<\/p>\n<p>Nuestro bufete de abogados de lesiones personales de Pasadena est\u00e1 disponible las 24 horas del d\u00eda, los 7 d\u00edas de la semana. Cont\u00e1ctenos hoy llamando al\u00a0<strong>213-927-3700<\/strong> o enviando un correo electr\u00f3nico a<strong> info@westcoasttriallawyers.com\u00a0<\/strong>para programar una consulta gratuita y sin compromiso con nuestro equipo legal experto, compasivo y atento.<br \/>\n<!-- WCTL_DEBUG: no shortcode in this_content --><\/p>\n","protected":false},"excerpt":{"rendered":"<p>Causas comunes de accidentes de motocicleta y c\u00f3mo puede evitar verse involucrado en uno En Pasadena, los accidentes de motocicleta se reportan con bastante frecuencia. El incidente m\u00e1s reciente ocurri\u00f3 en mayo de 2021. El motociclista fue atropellado por un conductor que giraba a la izquierda. Desafortunadamente, los accidentes de motocicleta con giro a la [&hellip;]<\/p>\n","protected":false},"author":475,"featured_media":47045,"parent":47423,"menu_order":0,"comment_status":"closed","ping_status":"closed","template":"","meta":{"inline_featured_image":false,"footnotes":""},"class_list":["post-12961","page","type-page","status-publish","has-post-thumbnail","hentry"],"acf":[],"yoast_head":"<!-- This site is optimized with the Yoast SEO Premium plugin v26.0 (Yoast SEO v26.0) - https:\/\/yoast.com\/wordpress\/plugins\/seo\/ -->\n<title>Abogados de Accidente de motocicleta en Pasadena | West Coast Trial Lawyers<\/title>\n<meta name=\"robots\" content=\"index, follow, max-snippet:-1, max-image-preview:large, max-video-preview:-1\" \/>\n<link rel=\"canonical\" href=\"https:\/\/westcoasttriallawyers.com\/es\/california\/pasadena\/abogados-accidentes-motocicleta-pasadena\" \/>\n<meta property=\"og:locale\" content=\"es_ES\" \/>\n<meta property=\"og:type\" content=\"article\" \/>\n<meta property=\"og:title\" content=\"Abogados de Accidente de motocicleta en Pasadena\" \/>\n<meta property=\"og:description\" content=\"Causas comunes de accidentes de motocicleta y c\u00f3mo puede evitar verse involucrado en uno En Pasadena, los accidentes de motocicleta se reportan con bastante frecuencia. El incidente m\u00e1s reciente ocurri\u00f3 en mayo de 2021. El motociclista fue atropellado por un conductor que giraba a la izquierda. Desafortunadamente, los accidentes de motocicleta con giro a la [&hellip;]\" \/>\n<meta property=\"og:url\" content=\"https:\/\/westcoasttriallawyers.com\/es\/california\/pasadena\/abogados-accidentes-motocicleta-pasadena\" \/>\n<meta property=\"og:site_name\" content=\"West Coast Trial Lawyers\" \/>\n<meta property=\"article:publisher\" content=\"https:\/\/www.facebook.com\/westcoasttriallawyers\/\" \/>\n<meta property=\"article:modified_time\" content=\"2026-01-23T19:34:20+00:00\" \/>\n<meta property=\"og:image\" content=\"https:\/\/westcoasttriallawyers.com\/wp-content\/uploads\/2025\/07\/Pasadena-Featured-Image-scaled-5.webp\" \/>\n\t<meta property=\"og:image:width\" content=\"2560\" \/>\n\t<meta property=\"og:image:height\" content=\"1350\" \/>\n\t<meta property=\"og:image:type\" content=\"image\/webp\" \/>\n<meta name=\"twitter:card\" content=\"summary_large_image\" \/>\n<meta name=\"twitter:site\" content=\"@WestCoastTrial\" \/>\n<meta name=\"twitter:label1\" content=\"Tiempo de lectura\" \/>\n\t<meta name=\"twitter:data1\" content=\"5 minutos\" \/>\n<script type=\"application\/ld+json\" class=\"yoast-schema-graph\">{\"@context\":\"https:\/\/schema.org\",\"@graph\":[{\"@type\":[\"WebPage\",\"ItemPage\"],\"@id\":\"https:\/\/westcoasttriallawyers.com\/es\/california\/pasadena\/abogados-accidentes-motocicleta-pasadena\",\"url\":\"https:\/\/westcoasttriallawyers.com\/es\/california\/pasadena\/abogados-accidentes-motocicleta-pasadena\",\"name\":\"Abogados de Accidente de motocicleta en Pasadena | West Coast Trial Lawyers\",\"isPartOf\":{\"@id\":\"https:\/\/westcoasttriallawyers.com\/es#website\"},\"primaryImageOfPage\":{\"@id\":\"https:\/\/westcoasttriallawyers.com\/es\/california\/pasadena\/abogados-accidentes-motocicleta-pasadena#primaryimage\"},\"image\":{\"@id\":\"https:\/\/westcoasttriallawyers.com\/es\/california\/pasadena\/abogados-accidentes-motocicleta-pasadena#primaryimage\"},\"thumbnailUrl\":\"https:\/\/westcoasttriallawyers.com\/wp-content\/uploads\/2025\/07\/Pasadena-Featured-Image-scaled-5.webp\",\"datePublished\":\"2026-01-14T18:29:02+00:00\",\"dateModified\":\"2026-01-23T19:34:20+00:00\",\"breadcrumb\":{\"@id\":\"https:\/\/westcoasttriallawyers.com\/es\/california\/pasadena\/abogados-accidentes-motocicleta-pasadena#breadcrumb\"},\"inLanguage\":\"es\",\"potentialAction\":[{\"@type\":\"ReadAction\",\"target\":[\"https:\/\/westcoasttriallawyers.com\/es\/california\/pasadena\/abogados-accidentes-motocicleta-pasadena\"]}]},{\"@type\":\"ImageObject\",\"inLanguage\":\"es\",\"@id\":\"https:\/\/westcoasttriallawyers.com\/es\/california\/pasadena\/abogados-accidentes-motocicleta-pasadena#primaryimage\",\"url\":\"https:\/\/westcoasttriallawyers.com\/wp-content\/uploads\/2025\/07\/Pasadena-Featured-Image-scaled-5.webp\",\"contentUrl\":\"https:\/\/westcoasttriallawyers.com\/wp-content\/uploads\/2025\/07\/Pasadena-Featured-Image-scaled-5.webp\",\"width\":2560,\"height\":1350},{\"@type\":\"BreadcrumbList\",\"@id\":\"https:\/\/westcoasttriallawyers.com\/es\/california\/pasadena\/abogados-accidentes-motocicleta-pasadena#breadcrumb\",\"itemListElement\":[{\"@type\":\"ListItem\",\"position\":1,\"name\":\"Inicio\",\"item\":\"https:\/\/westcoasttriallawyers.com\/es\"},{\"@type\":\"ListItem\",\"position\":2,\"name\":\"California\",\"item\":\"https:\/\/westcoasttriallawyers.com\/es\/california\"},{\"@type\":\"ListItem\",\"position\":3,\"name\":\"Pasadena\",\"item\":\"https:\/\/westcoasttriallawyers.com\/es\/california\/pasadena\"},{\"@type\":\"ListItem\",\"position\":4,\"name\":\"Abogados de Accidente de motocicleta en Pasadena\"}]},{\"@type\":\"WebSite\",\"@id\":\"https:\/\/westcoasttriallawyers.com\/es#website\",\"url\":\"https:\/\/westcoasttriallawyers.com\/es\",\"name\":\"West Coast Trial Lawyers\",\"description\":\"West Coast Trial Lawyers\",\"publisher\":{\"@id\":\"https:\/\/westcoasttriallawyers.com\/es#organization\"},\"alternateName\":\"WCTL\",\"potentialAction\":[{\"@type\":\"SearchAction\",\"target\":{\"@type\":\"EntryPoint\",\"urlTemplate\":\"https:\/\/westcoasttriallawyers.com\/es?s={search_term_string}\"},\"query-input\":{\"@type\":\"PropertyValueSpecification\",\"valueRequired\":true,\"valueName\":\"search_term_string\"}}],\"inLanguage\":\"es\"},{\"@type\":\"Organization\",\"@id\":\"https:\/\/westcoasttriallawyers.com\/es#organization\",\"name\":\"West Coast Trial Lawyers\",\"alternateName\":\"WCTL\",\"url\":\"https:\/\/westcoasttriallawyers.com\/es\",\"logo\":{\"@type\":\"ImageObject\",\"inLanguage\":\"es\",\"@id\":\"https:\/\/westcoasttriallawyers.com\/es#\/schema\/logo\/image\/\",\"url\":\"https:\/\/westcoasttriallawyers.com\/wp-content\/uploads\/2026\/02\/WCTL-Logo.jpg\",\"contentUrl\":\"https:\/\/westcoasttriallawyers.com\/wp-content\/uploads\/2026\/02\/WCTL-Logo.jpg\",\"width\":696,\"height\":696,\"caption\":\"West Coast Trial Lawyers\"},\"image\":{\"@id\":\"https:\/\/westcoasttriallawyers.com\/es#\/schema\/logo\/image\/\"},\"sameAs\":[\"https:\/\/www.facebook.com\/westcoasttriallawyers\/\",\"https:\/\/x.com\/WestCoastTrial\",\"https:\/\/www.linkedin.com\/company\/west-coast-trial-lawyers\/\",\"https:\/\/www.instagram.com\/westcoasttriallawyers\/\",\"https:\/\/www.yelp.com\/biz\/west-coast-trial-lawyers-los-angeles-2\",\"https:\/\/www.pinterest.com\/westcoasttrial\/\",\"https:\/\/www.youtube.com\/westcoasttriallawyersla\/\",\"https:\/\/www.tiktok.com\/westcoasttriallawyers\"],\"description\":\"West Coast Trial Lawyers is a top-rated personal injury law firm with a goal to provide expert legal representation to those in need. The law firm has offices across California, Nevada, Arizona, and Washington.\",\"legalName\":\"West Coast Trial Lawyers\"}]}<\/script>\n<!-- \/ Yoast SEO Premium plugin. -->","yoast_head_json":{"title":"Abogados de Accidente de motocicleta en Pasadena | West Coast Trial Lawyers","robots":{"index":"index","follow":"follow","max-snippet":"max-snippet:-1","max-image-preview":"max-image-preview:large","max-video-preview":"max-video-preview:-1"},"canonical":"https:\/\/westcoasttriallawyers.com\/es\/california\/pasadena\/abogados-accidentes-motocicleta-pasadena","og_locale":"es_ES","og_type":"article","og_title":"Abogados de Accidente de motocicleta en Pasadena","og_description":"Causas comunes de accidentes de motocicleta y c\u00f3mo puede evitar verse involucrado en uno En Pasadena, los accidentes de motocicleta se reportan con bastante frecuencia. El incidente m\u00e1s reciente ocurri\u00f3 en mayo de 2021. El motociclista fue atropellado por un conductor que giraba a la izquierda. Desafortunadamente, los accidentes de motocicleta con giro a la [&hellip;]","og_url":"https:\/\/westcoasttriallawyers.com\/es\/california\/pasadena\/abogados-accidentes-motocicleta-pasadena","og_site_name":"West Coast Trial Lawyers","article_publisher":"https:\/\/www.facebook.com\/westcoasttriallawyers\/","article_modified_time":"2026-01-23T19:34:20+00:00","og_image":[{"width":2560,"height":1350,"url":"https:\/\/westcoasttriallawyers.com\/wp-content\/uploads\/2025\/07\/Pasadena-Featured-Image-scaled-5.webp","type":"image\/webp"}],"twitter_card":"summary_large_image","twitter_site":"@WestCoastTrial","twitter_misc":{"Tiempo de lectura":"5 minutos"},"schema":{"@context":"https:\/\/schema.org","@graph":[{"@type":["WebPage","ItemPage"],"@id":"https:\/\/westcoasttriallawyers.com\/es\/california\/pasadena\/abogados-accidentes-motocicleta-pasadena","url":"https:\/\/westcoasttriallawyers.com\/es\/california\/pasadena\/abogados-accidentes-motocicleta-pasadena","name":"Abogados de Accidente de motocicleta en Pasadena | West Coast Trial Lawyers","isPartOf":{"@id":"https:\/\/westcoasttriallawyers.com\/es#website"},"primaryImageOfPage":{"@id":"https:\/\/westcoasttriallawyers.com\/es\/california\/pasadena\/abogados-accidentes-motocicleta-pasadena#primaryimage"},"image":{"@id":"https:\/\/westcoasttriallawyers.com\/es\/california\/pasadena\/abogados-accidentes-motocicleta-pasadena#primaryimage"},"thumbnailUrl":"https:\/\/westcoasttriallawyers.com\/wp-content\/uploads\/2025\/07\/Pasadena-Featured-Image-scaled-5.webp","datePublished":"2026-01-14T18:29:02+00:00","dateModified":"2026-01-23T19:34:20+00:00","breadcrumb":{"@id":"https:\/\/westcoasttriallawyers.com\/es\/california\/pasadena\/abogados-accidentes-motocicleta-pasadena#breadcrumb"},"inLanguage":"es","potentialAction":[{"@type":"ReadAction","target":["https:\/\/westcoasttriallawyers.com\/es\/california\/pasadena\/abogados-accidentes-motocicleta-pasadena"]}]},{"@type":"ImageObject","inLanguage":"es","@id":"https:\/\/westcoasttriallawyers.com\/es\/california\/pasadena\/abogados-accidentes-motocicleta-pasadena#primaryimage","url":"https:\/\/westcoasttriallawyers.com\/wp-content\/uploads\/2025\/07\/Pasadena-Featured-Image-scaled-5.webp","contentUrl":"https:\/\/westcoasttriallawyers.com\/wp-content\/uploads\/2025\/07\/Pasadena-Featured-Image-scaled-5.webp","width":2560,"height":1350},{"@type":"BreadcrumbList","@id":"https:\/\/westcoasttriallawyers.com\/es\/california\/pasadena\/abogados-accidentes-motocicleta-pasadena#breadcrumb","itemListElement":[{"@type":"ListItem","position":1,"name":"Inicio","item":"https:\/\/westcoasttriallawyers.com\/es"},{"@type":"ListItem","position":2,"name":"California","item":"https:\/\/westcoasttriallawyers.com\/es\/california"},{"@type":"ListItem","position":3,"name":"Pasadena","item":"https:\/\/westcoasttriallawyers.com\/es\/california\/pasadena"},{"@type":"ListItem","position":4,"name":"Abogados de Accidente de motocicleta en Pasadena"}]},{"@type":"WebSite","@id":"https:\/\/westcoasttriallawyers.com\/es#website","url":"https:\/\/westcoasttriallawyers.com\/es","name":"West Coast Trial Lawyers","description":"West Coast Trial Lawyers","publisher":{"@id":"https:\/\/westcoasttriallawyers.com\/es#organization"},"alternateName":"WCTL","potentialAction":[{"@type":"SearchAction","target":{"@type":"EntryPoint","urlTemplate":"https:\/\/westcoasttriallawyers.com\/es?s={search_term_string}"},"query-input":{"@type":"PropertyValueSpecification","valueRequired":true,"valueName":"search_term_string"}}],"inLanguage":"es"},{"@type":"Organization","@id":"https:\/\/westcoasttriallawyers.com\/es#organization","name":"West Coast Trial Lawyers","alternateName":"WCTL","url":"https:\/\/westcoasttriallawyers.com\/es","logo":{"@type":"ImageObject","inLanguage":"es","@id":"https:\/\/westcoasttriallawyers.com\/es#\/schema\/logo\/image\/","url":"https:\/\/westcoasttriallawyers.com\/wp-content\/uploads\/2026\/02\/WCTL-Logo.jpg","contentUrl":"https:\/\/westcoasttriallawyers.com\/wp-content\/uploads\/2026\/02\/WCTL-Logo.jpg","width":696,"height":696,"caption":"West Coast Trial Lawyers"},"image":{"@id":"https:\/\/westcoasttriallawyers.com\/es#\/schema\/logo\/image\/"},"sameAs":["https:\/\/www.facebook.com\/westcoasttriallawyers\/","https:\/\/x.com\/WestCoastTrial","https:\/\/www.linkedin.com\/company\/west-coast-trial-lawyers\/","https:\/\/www.instagram.com\/westcoasttriallawyers\/","https:\/\/www.yelp.com\/biz\/west-coast-trial-lawyers-los-angeles-2","https:\/\/www.pinterest.com\/westcoasttrial\/","https:\/\/www.youtube.com\/westcoasttriallawyersla\/","https:\/\/www.tiktok.com\/westcoasttriallawyers"],"description":"West Coast Trial Lawyers is a top-rated personal injury law firm with a goal to provide expert legal representation to those in need. The law firm has offices across California, Nevada, Arizona, and Washington.","legalName":"West Coast Trial Lawyers"}]}},"_links":{"self":[{"href":"https:\/\/westcoasttriallawyers.com\/es\/wp-json\/wp\/v2\/pages\/12961","targetHints":{"allow":["GET"]}}],"collection":[{"href":"https:\/\/westcoasttriallawyers.com\/es\/wp-json\/wp\/v2\/pages"}],"about":[{"href":"https:\/\/westcoasttriallawyers.com\/es\/wp-json\/wp\/v2\/types\/page"}],"author":[{"embeddable":true,"href":"https:\/\/westcoasttriallawyers.com\/es\/wp-json\/wp\/v2\/users\/475"}],"replies":[{"embeddable":true,"href":"https:\/\/westcoasttriallawyers.com\/es\/wp-json\/wp\/v2\/comments?post=12961"}],"version-history":[{"count":5,"href":"https:\/\/westcoasttriallawyers.com\/es\/wp-json\/wp\/v2\/pages\/12961\/revisions"}],"predecessor-version":[{"id":48128,"href":"https:\/\/westcoasttriallawyers.com\/es\/wp-json\/wp\/v2\/pages\/12961\/revisions\/48128"}],"up":[{"embeddable":true,"href":"https:\/\/westcoasttriallawyers.com\/es\/wp-json\/wp\/v2\/pages\/47423"}],"wp:featuredmedia":[{"embeddable":true,"href":"https:\/\/westcoasttriallawyers.com\/es\/wp-json\/wp\/v2\/media\/47045"}],"wp:attachment":[{"href":"https:\/\/westcoasttriallawyers.com\/es\/wp-json\/wp\/v2\/media?parent=12961"}],"curies":[{"name":"wp","href":"https:\/\/api.w.org\/{rel}","templated":true}]}}