{"id":12959,"date":"2026-01-14T18:28:59","date_gmt":"2026-01-14T18:28:59","guid":{"rendered":"https:\/\/wctl1stg.wpengine.com\/?page_id=12959"},"modified":"2026-01-23T19:35:52","modified_gmt":"2026-01-23T19:35:52","slug":"abogados-accidentes-peaton-pasadena","status":"publish","type":"page","link":"https:\/\/westcoasttriallawyers.com\/es\/california\/pasadena\/abogados-accidentes-peaton-pasadena","title":{"rendered":"Abogado de accidentes de peatones de Pasadena"},"content":{"rendered":"<h2><strong>Causas comunes de accidentes de peatones y qu\u00e9 debe hacer despu\u00e9s de verse involucrado en uno<\/strong><\/h2>\n<p>En Pasadena, los accidentes de peatones ocurren con bastante frecuencia. El accidente peatonal m\u00e1s reciente tuvo lugar en junio de 2021. Una anciana fue atropellada por un autom\u00f3vil mientras cruzaba la calle. M\u00e1s tarde fue declarada muerta en la escena. Desafortunadamente, estas circunstancias son inevitables ya que los peatones quedan vulnerables mientras est\u00e1n en las calles. Dado que no hay protecci\u00f3n para prevenir lesiones graves en un accidente, un peat\u00f3n generalmente queda en estado cr\u00edtico o muerto despu\u00e9s de que un veh\u00edculo choca contra \u00e9l. Se requiere atenci\u00f3n m\u00e9dica inmediata en la mayor\u00eda de los casos de accidentes de peatones.<\/p>\n<p>Aquellos que sobreviven a un accidente de peat\u00f3n a menudo se quedan con las facturas m\u00e9dicas del tratamiento hospitalario, las recetas de medicamentos, las visitas al m\u00e9dico y\/o la terapia. Puede ser una carga financiera pagar todos estos gastos, especialmente para aquellos que no pueden pagarlos. Sin embargo, puede ser elegible para adquirir una compensaci\u00f3n para cubrir los da\u00f1os econ\u00f3micos y no econ\u00f3micos causados \u200b\u200bpor el conductor culpable.<\/p>\n<p>En West Coast Trial Lawyers, nuestros abogados de accidentes de peatones en Pasadena se dedican a ayudar a las v\u00edctimas de lesiones personales a obtener la justicia que merecen. Hemos ganado m\u00e1s de 5000 casos y adquirido m\u00e1s de mil millones de d\u00f3lares en acuerdos para nuestros clientes. Debido a nuestro \u00e9xito con la satisfacci\u00f3n del cliente, hemos sido reconocidos como uno de los mejores bufetes de abogados de lesiones personales en Pasadena. Para programar una consulta gratuita y sin compromiso en nuestro bufete de abogados de lesiones personales de Pasadena, cont\u00e1ctenos hoy llamando al\u00a0<strong>213-927-3700<\/strong> o enviando un correo electr\u00f3nico a\u00a0<a href=\"mailto:info@westcoasttriallawyers.com\"><strong>info@westcoasttriallawyers.com<\/strong><\/a><strong>.\u00a0<\/strong><\/p>\n<h2><strong>\u00bfQu\u00e9 causa los accidentes de peatones?<\/strong><\/h2>\n<p>Una gran parte de los accidentes de peatones en Pasadena son causados por conductores imprudentes. Sin embargo, hay varios otros factores que tambi\u00e9n pueden contribuir a un accidente peatonal. Esto incluye lo siguiente:<\/p>\n<ul>\n<li>Un ciclista o skater montando en la calle.<\/li>\n<li>Un corredor o grupo de corredores que pueden empujar a un peat\u00f3n en su camino.<\/li>\n<li>Un grupo de personas pasa agresivamente junto a un peat\u00f3n.<\/li>\n<li>Un conductor de un veh\u00edculo estacionado que abre la puerta sin verificar si hay peatones cerca.<\/li>\n<li>Un perro hostil que est\u00e1 desatado y listo para atacar a cualquiera en su camino.<\/li>\n<li>Veh\u00edculos grandes, como camiones o autobuses que tienen espejos que se extienden hacia la acera.<\/li>\n<li>Ni\u00f1os corriendo y chocando con un peat\u00f3n.<\/li>\n<\/ul>\n<h2><strong>Qu\u00e9 hacer despu\u00e9s de estar involucrado en un accidente de peatones<\/strong><\/h2>\n<p>Si estuvo involucrado en un accidente de peatones en Pasadena, le recomendamos seguir estos consejos para obtener una compensaci\u00f3n justa que ayude a cubrir los da\u00f1os causados \u200b\u200bpor un accidente de peatones:<\/p>\n<ul>\n<li><strong>Llame al 911.<\/strong> Si sufre una lesi\u00f3n o nota alg\u00fan da\u00f1o despu\u00e9s del accidente, debe comunicarse con el 911 de inmediato. La polic\u00eda llegar\u00e1 al lugar del accidente y crear\u00e1 un informe policial oficial. Los param\u00e9dicos tambi\u00e9n pueden estar presentes para brindar asistencia m\u00e9dica a quienes la necesiten.<\/li>\n<li><strong>Recopilaci\u00f3n de pruebas.<\/strong> Debe solicitar una copia del informe policial oficial. Adem\u00e1s, ser\u00eda bueno incluir pruebas visuales, como fotos o videos de sus lesiones, da\u00f1os y la ubicaci\u00f3n donde ocurri\u00f3 el accidente. Si nota que hay testigos cerca, debe pedir su consentimiento para obtener su informaci\u00f3n de contacto. Los testimonios de los testigos pueden fortalecer mucho su caso.<\/li>\n<li><strong>Busque tratamiento m\u00e9dico.\u00a0<\/strong>Debe visitar a un m\u00e9dico lo antes posible para que lo revisen. Muchos s\u00edntomas no se notan hasta d\u00edas, semanas o incluso meses despu\u00e9s. Lo mejor es hacerse examinar tan pronto como sea posible en caso de que haya una lesi\u00f3n grave que deba ser atendida.<\/li>\n<li><strong>No admita la culpa ni sugiera qui\u00e9n tiene la culpa.<\/strong> No hable del accidente con otras personas. Cualquier informaci\u00f3n que proporcione o declaraciones que haga pueden usarse en su contra.<\/li>\n<li><strong>No negocie con una compa\u00f1\u00eda de seguros por su cuenta.<\/strong> Las compa\u00f1\u00edas de seguros no est\u00e1n de su lado. Lo convencer\u00e1n de que se conforme con una compensaci\u00f3n baja. Se recomienda encarecidamente comunicarse con un abogado experimentado en accidentes de peatones de Pasadena que negociar\u00e1 con la compa\u00f1\u00eda de seguros para obtener la compensaci\u00f3n que merece.<\/li>\n<\/ul>\n<h2><strong>Da\u00f1os por un accidente de peat\u00f3n<\/strong><\/h2>\n<p>Hay tres tipos de da\u00f1os que una v\u00edctima puede recibir despu\u00e9s de verse involucrada en un accidente peatonal.<\/p>\n<p><strong>Los da\u00f1os econ\u00f3micos<\/strong> est\u00e1n destinados a compensar al demandante por las p\u00e9rdidas a las que se puede adjuntar f\u00e1cilmente una cantidad en d\u00f3lares. Los da\u00f1os econ\u00f3micos se calculan determinando la cantidad de p\u00e9rdidas de bolsillo que una persona agraviada tiene o esperar\u00e1 incurrir como resultado de sus lesiones. Ejemplos incluyen:<\/p>\n<ul>\n<li><strong>Gastos m\u00e9dicos actuales y futuros.<\/strong> Si la lesi\u00f3n ha dejado a la v\u00edctima con la necesidad de atenci\u00f3n m\u00e9dica actual y a largo plazo para su recuperaci\u00f3n, sus facturas m\u00e9dicas estar\u00e1n cubiertas.<\/li>\n<li><strong>Salarios perdidos.<\/strong> Si el accidente ha impedido que la v\u00edctima vuelva a trabajar y gane dinero, comenzar\u00e1 a perder ingresos. Sin embargo, pueden ser compensados \u200b\u200bpor la cantidad de dinero que han perdido, junto con lo que perder\u00e1n en el futuro porque tuvieron que cuidar las lesiones causadas por la colisi\u00f3n.<\/li>\n<\/ul>\n<p><strong>Los da\u00f1os no econ\u00f3micos<\/strong> est\u00e1n destinados esencialmente a cubrir p\u00e9rdidas que se consideran subjetivas y no necesariamente cubrir\u00e1n p\u00e9rdidas de bolsillo. Los da\u00f1os no econ\u00f3micos pueden incluir compensaci\u00f3n por:<\/p>\n<ul>\n<li><strong>Dolor y sufrimiento, angustia emocional y p\u00e9rdida del disfrute de la vida.<\/strong> La v\u00edctima puede experimentar angustia mental, miedo, ansiedad, depresi\u00f3n o ira despu\u00e9s de pasar por una experiencia tan horrible. Tambi\u00e9n podr\u00edan sufrir de trastorno de estr\u00e9s postraum\u00e1tico (TEPT). Desafortunadamente, estos problemas pueden hacer que la v\u00edctima tenga dificultades para ir a trabajar y socializar menos con amigos y familiares. La p\u00e9rdida del disfrute de la vida y la angustia emocional se relacionan con este tipo de situaci\u00f3n. Todo esto ser\u00e1 compensado porque fue desencadenado directamente por el accidente.<\/li>\n<\/ul>\n<p><strong>El da\u00f1o punitivo<\/strong> tiene por objeto castigar al individuo negligente que caus\u00f3 el accidente. Generalmente se otorga a la v\u00edctima si el comportamiento del acusado fue demasiado imprudente. Sin embargo, es raro que se otorguen da\u00f1os punitivos. No existe un est\u00e1ndar real establecido para calcular y otorgar da\u00f1os punitivos. Se otorga a discreci\u00f3n del tribunal y variar\u00e1 seg\u00fan las circunstancias espec\u00edficas de un caso.<\/p>\n<h2><strong>Cont\u00e1ctenos<\/strong><\/h2>\n<p>Si usted o un ser querido han sido v\u00edctimas de un accidente de peatones, nuestro experimentado equipo de abogados de lesiones personales de Pasadena en West Coast Trial Lawyers lo ayudar\u00e1 a obtener la compensaci\u00f3n financiera y emocional que se merece.<\/p>\n<p>Cont\u00e1ctenos hoy llamando al\u00a0<strong>213-927-3700<\/strong> o enviando un correo electr\u00f3nico a\u00a0<strong>info@westcoasttriallawyers.com<\/strong> para programar una consulta gratuita y sin compromiso con nuestro equipo legal experto, atento y compasivo.<br \/>\n<!-- WCTL_DEBUG: no shortcode in this_content --><\/p>\n","protected":false},"excerpt":{"rendered":"<p>Causas comunes de accidentes de peatones y qu\u00e9 debe hacer despu\u00e9s de verse involucrado en uno En Pasadena, los accidentes de peatones ocurren con bastante frecuencia. El accidente peatonal m\u00e1s reciente tuvo lugar en junio de 2021. Una anciana fue atropellada por un autom\u00f3vil mientras cruzaba la calle. M\u00e1s tarde fue declarada muerta en la [&hellip;]<\/p>\n","protected":false},"author":475,"featured_media":47040,"parent":47423,"menu_order":0,"comment_status":"closed","ping_status":"closed","template":"","meta":{"inline_featured_image":false,"footnotes":""},"class_list":["post-12959","page","type-page","status-publish","has-post-thumbnail","hentry"],"acf":[],"yoast_head":"<!-- This site is optimized with the Yoast SEO Premium plugin v26.0 (Yoast SEO v26.0) - https:\/\/yoast.com\/wordpress\/plugins\/seo\/ -->\n<title>Abogado de accidentes de peatones de Pasadena | West Coast Trial Lawyers<\/title>\n<meta name=\"robots\" content=\"index, follow, max-snippet:-1, max-image-preview:large, max-video-preview:-1\" \/>\n<link rel=\"canonical\" href=\"https:\/\/westcoasttriallawyers.com\/es\/california\/pasadena\/abogados-accidentes-peaton-pasadena\" \/>\n<meta property=\"og:locale\" content=\"es_ES\" \/>\n<meta property=\"og:type\" content=\"article\" \/>\n<meta property=\"og:title\" content=\"Abogado de accidentes de peatones de Pasadena\" \/>\n<meta property=\"og:description\" content=\"Causas comunes de accidentes de peatones y qu\u00e9 debe hacer despu\u00e9s de verse involucrado en uno En Pasadena, los accidentes de peatones ocurren con bastante frecuencia. El accidente peatonal m\u00e1s reciente tuvo lugar en junio de 2021. Una anciana fue atropellada por un autom\u00f3vil mientras cruzaba la calle. M\u00e1s tarde fue declarada muerta en la [&hellip;]\" \/>\n<meta property=\"og:url\" content=\"https:\/\/westcoasttriallawyers.com\/es\/california\/pasadena\/abogados-accidentes-peaton-pasadena\" \/>\n<meta property=\"og:site_name\" content=\"West Coast Trial Lawyers\" \/>\n<meta property=\"article:publisher\" content=\"https:\/\/www.facebook.com\/westcoasttriallawyers\/\" \/>\n<meta property=\"article:modified_time\" content=\"2026-01-23T19:35:52+00:00\" \/>\n<meta property=\"og:image\" content=\"https:\/\/westcoasttriallawyers.com\/wp-content\/uploads\/2025\/07\/Pasadena-Featured-Image-scaled-3.webp\" \/>\n\t<meta property=\"og:image:width\" content=\"2560\" \/>\n\t<meta property=\"og:image:height\" content=\"1350\" \/>\n\t<meta property=\"og:image:type\" content=\"image\/webp\" \/>\n<meta name=\"twitter:card\" content=\"summary_large_image\" \/>\n<meta name=\"twitter:site\" content=\"@WestCoastTrial\" \/>\n<meta name=\"twitter:label1\" content=\"Tiempo de lectura\" \/>\n\t<meta name=\"twitter:data1\" content=\"6 minutos\" \/>\n<script type=\"application\/ld+json\" class=\"yoast-schema-graph\">{\"@context\":\"https:\/\/schema.org\",\"@graph\":[{\"@type\":[\"WebPage\",\"ItemPage\"],\"@id\":\"https:\/\/westcoasttriallawyers.com\/es\/california\/pasadena\/abogados-accidentes-peaton-pasadena\",\"url\":\"https:\/\/westcoasttriallawyers.com\/es\/california\/pasadena\/abogados-accidentes-peaton-pasadena\",\"name\":\"Abogado de accidentes de peatones de Pasadena | West Coast Trial Lawyers\",\"isPartOf\":{\"@id\":\"https:\/\/westcoasttriallawyers.com\/es#website\"},\"primaryImageOfPage\":{\"@id\":\"https:\/\/westcoasttriallawyers.com\/es\/california\/pasadena\/abogados-accidentes-peaton-pasadena#primaryimage\"},\"image\":{\"@id\":\"https:\/\/westcoasttriallawyers.com\/es\/california\/pasadena\/abogados-accidentes-peaton-pasadena#primaryimage\"},\"thumbnailUrl\":\"https:\/\/westcoasttriallawyers.com\/wp-content\/uploads\/2025\/07\/Pasadena-Featured-Image-scaled-3.webp\",\"datePublished\":\"2026-01-14T18:28:59+00:00\",\"dateModified\":\"2026-01-23T19:35:52+00:00\",\"breadcrumb\":{\"@id\":\"https:\/\/westcoasttriallawyers.com\/es\/california\/pasadena\/abogados-accidentes-peaton-pasadena#breadcrumb\"},\"inLanguage\":\"es\",\"potentialAction\":[{\"@type\":\"ReadAction\",\"target\":[\"https:\/\/westcoasttriallawyers.com\/es\/california\/pasadena\/abogados-accidentes-peaton-pasadena\"]}]},{\"@type\":\"ImageObject\",\"inLanguage\":\"es\",\"@id\":\"https:\/\/westcoasttriallawyers.com\/es\/california\/pasadena\/abogados-accidentes-peaton-pasadena#primaryimage\",\"url\":\"https:\/\/westcoasttriallawyers.com\/wp-content\/uploads\/2025\/07\/Pasadena-Featured-Image-scaled-3.webp\",\"contentUrl\":\"https:\/\/westcoasttriallawyers.com\/wp-content\/uploads\/2025\/07\/Pasadena-Featured-Image-scaled-3.webp\",\"width\":2560,\"height\":1350},{\"@type\":\"BreadcrumbList\",\"@id\":\"https:\/\/westcoasttriallawyers.com\/es\/california\/pasadena\/abogados-accidentes-peaton-pasadena#breadcrumb\",\"itemListElement\":[{\"@type\":\"ListItem\",\"position\":1,\"name\":\"Inicio\",\"item\":\"https:\/\/westcoasttriallawyers.com\/es\"},{\"@type\":\"ListItem\",\"position\":2,\"name\":\"California\",\"item\":\"https:\/\/westcoasttriallawyers.com\/es\/california\"},{\"@type\":\"ListItem\",\"position\":3,\"name\":\"Pasadena\",\"item\":\"https:\/\/westcoasttriallawyers.com\/es\/california\/pasadena\"},{\"@type\":\"ListItem\",\"position\":4,\"name\":\"Abogado de accidentes de peatones de Pasadena\"}]},{\"@type\":\"WebSite\",\"@id\":\"https:\/\/westcoasttriallawyers.com\/es#website\",\"url\":\"https:\/\/westcoasttriallawyers.com\/es\",\"name\":\"West Coast Trial Lawyers\",\"description\":\"West Coast Trial Lawyers\",\"publisher\":{\"@id\":\"https:\/\/westcoasttriallawyers.com\/es#organization\"},\"alternateName\":\"WCTL\",\"potentialAction\":[{\"@type\":\"SearchAction\",\"target\":{\"@type\":\"EntryPoint\",\"urlTemplate\":\"https:\/\/westcoasttriallawyers.com\/es?s={search_term_string}\"},\"query-input\":{\"@type\":\"PropertyValueSpecification\",\"valueRequired\":true,\"valueName\":\"search_term_string\"}}],\"inLanguage\":\"es\"},{\"@type\":\"Organization\",\"@id\":\"https:\/\/westcoasttriallawyers.com\/es#organization\",\"name\":\"West Coast Trial Lawyers\",\"alternateName\":\"WCTL\",\"url\":\"https:\/\/westcoasttriallawyers.com\/es\",\"logo\":{\"@type\":\"ImageObject\",\"inLanguage\":\"es\",\"@id\":\"https:\/\/westcoasttriallawyers.com\/es#\/schema\/logo\/image\/\",\"url\":\"https:\/\/westcoasttriallawyers.com\/wp-content\/uploads\/2026\/02\/WCTL-Logo.jpg\",\"contentUrl\":\"https:\/\/westcoasttriallawyers.com\/wp-content\/uploads\/2026\/02\/WCTL-Logo.jpg\",\"width\":696,\"height\":696,\"caption\":\"West Coast Trial Lawyers\"},\"image\":{\"@id\":\"https:\/\/westcoasttriallawyers.com\/es#\/schema\/logo\/image\/\"},\"sameAs\":[\"https:\/\/www.facebook.com\/westcoasttriallawyers\/\",\"https:\/\/x.com\/WestCoastTrial\",\"https:\/\/www.linkedin.com\/company\/west-coast-trial-lawyers\/\",\"https:\/\/www.instagram.com\/westcoasttriallawyers\/\",\"https:\/\/www.yelp.com\/biz\/west-coast-trial-lawyers-los-angeles-2\",\"https:\/\/www.pinterest.com\/westcoasttrial\/\",\"https:\/\/www.youtube.com\/westcoasttriallawyersla\/\",\"https:\/\/www.tiktok.com\/westcoasttriallawyers\"],\"description\":\"West Coast Trial Lawyers is a top-rated personal injury law firm with a goal to provide expert legal representation to those in need. The law firm has offices across California, Nevada, Arizona, and Washington.\",\"legalName\":\"West Coast Trial Lawyers\"}]}<\/script>\n<!-- \/ Yoast SEO Premium plugin. -->","yoast_head_json":{"title":"Abogado de accidentes de peatones de Pasadena | West Coast Trial Lawyers","robots":{"index":"index","follow":"follow","max-snippet":"max-snippet:-1","max-image-preview":"max-image-preview:large","max-video-preview":"max-video-preview:-1"},"canonical":"https:\/\/westcoasttriallawyers.com\/es\/california\/pasadena\/abogados-accidentes-peaton-pasadena","og_locale":"es_ES","og_type":"article","og_title":"Abogado de accidentes de peatones de Pasadena","og_description":"Causas comunes de accidentes de peatones y qu\u00e9 debe hacer despu\u00e9s de verse involucrado en uno En Pasadena, los accidentes de peatones ocurren con bastante frecuencia. El accidente peatonal m\u00e1s reciente tuvo lugar en junio de 2021. Una anciana fue atropellada por un autom\u00f3vil mientras cruzaba la calle. M\u00e1s tarde fue declarada muerta en la [&hellip;]","og_url":"https:\/\/westcoasttriallawyers.com\/es\/california\/pasadena\/abogados-accidentes-peaton-pasadena","og_site_name":"West Coast Trial Lawyers","article_publisher":"https:\/\/www.facebook.com\/westcoasttriallawyers\/","article_modified_time":"2026-01-23T19:35:52+00:00","og_image":[{"width":2560,"height":1350,"url":"https:\/\/westcoasttriallawyers.com\/wp-content\/uploads\/2025\/07\/Pasadena-Featured-Image-scaled-3.webp","type":"image\/webp"}],"twitter_card":"summary_large_image","twitter_site":"@WestCoastTrial","twitter_misc":{"Tiempo de lectura":"6 minutos"},"schema":{"@context":"https:\/\/schema.org","@graph":[{"@type":["WebPage","ItemPage"],"@id":"https:\/\/westcoasttriallawyers.com\/es\/california\/pasadena\/abogados-accidentes-peaton-pasadena","url":"https:\/\/westcoasttriallawyers.com\/es\/california\/pasadena\/abogados-accidentes-peaton-pasadena","name":"Abogado de accidentes de peatones de Pasadena | West Coast Trial Lawyers","isPartOf":{"@id":"https:\/\/westcoasttriallawyers.com\/es#website"},"primaryImageOfPage":{"@id":"https:\/\/westcoasttriallawyers.com\/es\/california\/pasadena\/abogados-accidentes-peaton-pasadena#primaryimage"},"image":{"@id":"https:\/\/westcoasttriallawyers.com\/es\/california\/pasadena\/abogados-accidentes-peaton-pasadena#primaryimage"},"thumbnailUrl":"https:\/\/westcoasttriallawyers.com\/wp-content\/uploads\/2025\/07\/Pasadena-Featured-Image-scaled-3.webp","datePublished":"2026-01-14T18:28:59+00:00","dateModified":"2026-01-23T19:35:52+00:00","breadcrumb":{"@id":"https:\/\/westcoasttriallawyers.com\/es\/california\/pasadena\/abogados-accidentes-peaton-pasadena#breadcrumb"},"inLanguage":"es","potentialAction":[{"@type":"ReadAction","target":["https:\/\/westcoasttriallawyers.com\/es\/california\/pasadena\/abogados-accidentes-peaton-pasadena"]}]},{"@type":"ImageObject","inLanguage":"es","@id":"https:\/\/westcoasttriallawyers.com\/es\/california\/pasadena\/abogados-accidentes-peaton-pasadena#primaryimage","url":"https:\/\/westcoasttriallawyers.com\/wp-content\/uploads\/2025\/07\/Pasadena-Featured-Image-scaled-3.webp","contentUrl":"https:\/\/westcoasttriallawyers.com\/wp-content\/uploads\/2025\/07\/Pasadena-Featured-Image-scaled-3.webp","width":2560,"height":1350},{"@type":"BreadcrumbList","@id":"https:\/\/westcoasttriallawyers.com\/es\/california\/pasadena\/abogados-accidentes-peaton-pasadena#breadcrumb","itemListElement":[{"@type":"ListItem","position":1,"name":"Inicio","item":"https:\/\/westcoasttriallawyers.com\/es"},{"@type":"ListItem","position":2,"name":"California","item":"https:\/\/westcoasttriallawyers.com\/es\/california"},{"@type":"ListItem","position":3,"name":"Pasadena","item":"https:\/\/westcoasttriallawyers.com\/es\/california\/pasadena"},{"@type":"ListItem","position":4,"name":"Abogado de accidentes de peatones de Pasadena"}]},{"@type":"WebSite","@id":"https:\/\/westcoasttriallawyers.com\/es#website","url":"https:\/\/westcoasttriallawyers.com\/es","name":"West Coast Trial Lawyers","description":"West Coast Trial Lawyers","publisher":{"@id":"https:\/\/westcoasttriallawyers.com\/es#organization"},"alternateName":"WCTL","potentialAction":[{"@type":"SearchAction","target":{"@type":"EntryPoint","urlTemplate":"https:\/\/westcoasttriallawyers.com\/es?s={search_term_string}"},"query-input":{"@type":"PropertyValueSpecification","valueRequired":true,"valueName":"search_term_string"}}],"inLanguage":"es"},{"@type":"Organization","@id":"https:\/\/westcoasttriallawyers.com\/es#organization","name":"West Coast Trial Lawyers","alternateName":"WCTL","url":"https:\/\/westcoasttriallawyers.com\/es","logo":{"@type":"ImageObject","inLanguage":"es","@id":"https:\/\/westcoasttriallawyers.com\/es#\/schema\/logo\/image\/","url":"https:\/\/westcoasttriallawyers.com\/wp-content\/uploads\/2026\/02\/WCTL-Logo.jpg","contentUrl":"https:\/\/westcoasttriallawyers.com\/wp-content\/uploads\/2026\/02\/WCTL-Logo.jpg","width":696,"height":696,"caption":"West Coast Trial Lawyers"},"image":{"@id":"https:\/\/westcoasttriallawyers.com\/es#\/schema\/logo\/image\/"},"sameAs":["https:\/\/www.facebook.com\/westcoasttriallawyers\/","https:\/\/x.com\/WestCoastTrial","https:\/\/www.linkedin.com\/company\/west-coast-trial-lawyers\/","https:\/\/www.instagram.com\/westcoasttriallawyers\/","https:\/\/www.yelp.com\/biz\/west-coast-trial-lawyers-los-angeles-2","https:\/\/www.pinterest.com\/westcoasttrial\/","https:\/\/www.youtube.com\/westcoasttriallawyersla\/","https:\/\/www.tiktok.com\/westcoasttriallawyers"],"description":"West Coast Trial Lawyers is a top-rated personal injury law firm with a goal to provide expert legal representation to those in need. The law firm has offices across California, Nevada, Arizona, and Washington.","legalName":"West Coast Trial Lawyers"}]}},"_links":{"self":[{"href":"https:\/\/westcoasttriallawyers.com\/es\/wp-json\/wp\/v2\/pages\/12959","targetHints":{"allow":["GET"]}}],"collection":[{"href":"https:\/\/westcoasttriallawyers.com\/es\/wp-json\/wp\/v2\/pages"}],"about":[{"href":"https:\/\/westcoasttriallawyers.com\/es\/wp-json\/wp\/v2\/types\/page"}],"author":[{"embeddable":true,"href":"https:\/\/westcoasttriallawyers.com\/es\/wp-json\/wp\/v2\/users\/475"}],"replies":[{"embeddable":true,"href":"https:\/\/westcoasttriallawyers.com\/es\/wp-json\/wp\/v2\/comments?post=12959"}],"version-history":[{"count":4,"href":"https:\/\/westcoasttriallawyers.com\/es\/wp-json\/wp\/v2\/pages\/12959\/revisions"}],"predecessor-version":[{"id":48131,"href":"https:\/\/westcoasttriallawyers.com\/es\/wp-json\/wp\/v2\/pages\/12959\/revisions\/48131"}],"up":[{"embeddable":true,"href":"https:\/\/westcoasttriallawyers.com\/es\/wp-json\/wp\/v2\/pages\/47423"}],"wp:featuredmedia":[{"embeddable":true,"href":"https:\/\/westcoasttriallawyers.com\/es\/wp-json\/wp\/v2\/media\/47040"}],"wp:attachment":[{"href":"https:\/\/westcoasttriallawyers.com\/es\/wp-json\/wp\/v2\/media?parent=12959"}],"curies":[{"name":"wp","href":"https:\/\/api.w.org\/{rel}","templated":true}]}}