{"id":12956,"date":"2026-01-14T18:28:56","date_gmt":"2026-01-14T18:28:56","guid":{"rendered":"https:\/\/wctl1stg.wpengine.com\/?page_id=12956"},"modified":"2026-01-23T19:40:12","modified_gmt":"2026-01-23T19:40:12","slug":"abogados-accidentes-carro-pasadena","status":"publish","type":"page","link":"https:\/\/westcoasttriallawyers.com\/es\/california\/pasadena\/abogados-accidentes-carro-pasadena","title":{"rendered":"Abogado De Accidentes De Auto En Pasadena"},"content":{"rendered":"<h2><\/h2>\r\n<h2 class=\"wp-block-heading\"><\/h2>\r\n<h2 id=\"h-tenga-una-consulta-gratuita-con-los-abogados-de-abogados-de-la-costa-oeste-por-su-de-accidente-automovilistico\" class=\"wp-block-heading\">Tenga una consulta gratuita con los abogados de Abogados de la Costa Oeste por su de accidente automovil\u00edstico<\/h2>\r\n<h2 class=\"wp-block-heading\"><\/h2>\r\nPasadena tiene una poblaci\u00f3n de 141.029 ciudadanos y cada hogar tiene en promedio dos veh\u00edculos, o sea que hay miles de conductores ocupando las calles a diario. Con tanta gente yendo de un lugar a otro, las posibilidades de un accidente automovil\u00edstico siempre aumentan. Casi semanalmente, se da a conocer un accidente automovil\u00edstico con lesiones o muerte en Pasadena.\r\n<h2 class=\"wp-block-heading\"><\/h2>\r\nSi fue v\u00edctima de un accidente automovil\u00edstico, es importante emprender acciones legales contra la parte culpable. En Abogados de la Costa Oeste, nuestros abogados de accidentes automovil\u00edsticos de Pasadena est\u00e1n disponibles las 24 horas del d\u00eda, los 7 d\u00edas de la semana para manejar casos de lesiones personales. Hemos ganado m\u00e1s de 5000 casos y obtenido m\u00e1s de mil millones de d\u00f3lares en acuerdos y sentencias para nuestros clientes.\r\n<h2 class=\"wp-block-heading\"><\/h2>\r\nComun\u00edquese hoy con nuestro bufete de abogados de lesiones personales de Pasadena llamando al <a href=\"tel:2139273700\">(213) 927-3700<\/a> o completando <a href=\"https:\/\/westcoasttriallawyers.com\/es\/contactenos\">nuestro formulario en l\u00ednea<\/a> para programar una consulta gratuita y sin compromiso con nuestro equipo legal experto, atento y compasivo.\r\n<h2 class=\"wp-block-heading\"><\/h2>\r\n<figure class=\"wp-block-image size-large\"><img width=\"1024\" height=\"576\" class=\"wp-image-15423\" src=\"https:\/\/westcoasttriallawyers.com\/wp-content\/uploads\/2023\/12\/ABOGADO-DE-ACCIDENTES-DE-AUTO-DE-PASADENA-1024x576.png\" alt=\"\" srcset=\"https:\/\/westcoasttriallawyers.com\/wp-content\/uploads\/2023\/12\/ABOGADO-DE-ACCIDENTES-DE-AUTO-DE-PASADENA-1024x576.png 1024w, https:\/\/westcoasttriallawyers.com\/wp-content\/uploads\/2023\/12\/ABOGADO-DE-ACCIDENTES-DE-AUTO-DE-PASADENA-300x169.png 300w, https:\/\/westcoasttriallawyers.com\/wp-content\/uploads\/2023\/12\/ABOGADO-DE-ACCIDENTES-DE-AUTO-DE-PASADENA-768x432.png 768w, https:\/\/westcoasttriallawyers.com\/wp-content\/uploads\/2023\/12\/ABOGADO-DE-ACCIDENTES-DE-AUTO-DE-PASADENA-1536x864.png 1536w, https:\/\/westcoasttriallawyers.com\/wp-content\/uploads\/2023\/12\/ABOGADO-DE-ACCIDENTES-DE-AUTO-DE-PASADENA-1200x675.png 1200w, https:\/\/westcoasttriallawyers.com\/wp-content\/uploads\/2023\/12\/ABOGADO-DE-ACCIDENTES-DE-AUTO-DE-PASADENA-1400x788.png 1400w, https:\/\/westcoasttriallawyers.com\/wp-content\/uploads\/2023\/12\/ABOGADO-DE-ACCIDENTES-DE-AUTO-DE-PASADENA.png 2000w\" sizes=\"(max-width: 1024px) 100vw, 1024px\" \/><\/figure>\r\n<h2 class=\"wp-block-heading\"><\/h2>\r\n<h2 id=\"h-tipos-de-accidentes-automovilisticos-que-manejamos\" class=\"wp-block-heading\"><strong>Tipos de accidentes automovil\u00edsticos que manejamos<\/strong><\/h2>\r\n<h2 class=\"wp-block-heading\"><\/h2>\r\n<strong>Colisiones de varios autos.<\/strong> Este tipo de accidente puede ocurrir de dos formas. En autopistas o interestatales muy concurridas son mayores las probabilidades de que los autom\u00f3viles que van a altas velocidades choquen con veh\u00edculos cercanos. Sin embargo, los conductores lentos tambi\u00e9n pueden sufrir accidentes. Aquellos que viajan a velocidades m\u00e1s bajas en carreteras o autopistas pueden provocar que otros conductores aceleren bruscamente al querer pasarlos, cometiendo actos negligentes, lo que puede resultar en un accidente\r\n<h2 class=\"wp-block-heading\"><\/h2>\r\n<strong>Impacto de frente.<\/strong> Si dos veh\u00edculos chocan entre s\u00ed por la parte delantera, podr\u00eda causar que el conductor y los pasajeros sufran diversas lesiones, como:\r\n<h2 class=\"wp-block-heading\"><\/h2>\r\n<ul class=\"wp-block-list\">\r\n \t<li>Latigazo cervical<\/li>\r\n\r\n \t<li>Lesi\u00f3n en el cuello<\/li>\r\n\r\n \t<li>Lesi\u00f3n craneal<\/li>\r\n\r\n \t<li>Lesi\u00f3n de la m\u00e9dula espinal<\/li>\r\n\r\n \t<li>Discos herniados<\/li>\r\n\r\n \t<li>Roturas de ligamentos<\/li>\r\n\r\n \t<li>Huesos fracturados<\/li>\r\n\r\n \t<li>Rasgu\u00f1os o cortes profundos<\/li>\r\n\r\n \t<li>Contusiones<\/li>\r\n<\/ul>\r\n<h2 class=\"wp-block-heading\"><\/h2>\r\n<strong>Impacto por la parte de atr\u00e1s.<\/strong> Ocurre generalmente, cuando un conductor va siguiendo a muy poca distancia a otro veh\u00edculo o no est\u00e1 prestando atenci\u00f3n a la carretera mientras conduce.\r\n<h2 class=\"wp-block-heading\"><\/h2>\r\nLas lesiones m\u00e1s comunes en este tipo de accidente son:\r\n<h2 class=\"wp-block-heading\"><\/h2>\r\n<ul class=\"wp-block-list\">\r\n \t<li>Contusiones<\/li>\r\n\r\n \t<li>Latigazo<\/li>\r\n\r\n \t<li>Da\u00f1o cerebral<\/li>\r\n\r\n \t<li>Lesi\u00f3n de la m\u00e9dula espinal<\/li>\r\n<\/ul>\r\n<h2 class=\"wp-block-heading\"><\/h2>\r\n<strong>Impacto lateral.<\/strong> Ocurre cuando la parte delantera de un autom\u00f3vil choca contra el costado de otro autom\u00f3vil. Las colisiones de impacto lateral, a veces conocidas en ingl\u00e9s como colisiones de <em>t-bone<\/em>, generalmente ocurren cuando un veh\u00edculo pasa una luz roja o est\u00e1 fuera de control.\r\n<h2 class=\"wp-block-heading\"><\/h2>\r\n<strong>Choque y fuga. <\/strong>Cuando un conductor huye de la escena despu\u00e9s de atropellar a un peat\u00f3n, se clasifica como atropello y fuga. Para que ocurra este tipo de colisi\u00f3n, el conductor puede haber acelerado, perdido el control del veh\u00edculo o estar distra\u00eddo. Este es uno de los tipos de accidentes automovil\u00edsticos m\u00e1s comunes y el resultado suele ser particularmente terrible.\r\n<h2 class=\"wp-block-heading\"><\/h2>\r\n<strong>Choque contra el costado.<\/strong> Cuando un autom\u00f3vil choca contra el costado de otro veh\u00edculo, ambos conductores pueden sufrir lesiones. Esta situaci\u00f3n suele ocurrir cuando un conductor pierde el control de su autom\u00f3vil y generalmente se asocia con cambios de carril peligrosos.\r\n<h2 class=\"wp-block-heading\"><\/h2>\r\n<h2 id=\"h-tipos-comunes-de-lesiones-por-accidentes-automovilisticos\" class=\"wp-block-heading\"><strong>Tipos comunes de lesiones por accidentes automovil\u00edsticos<\/strong><\/h2>\r\n<h2 class=\"wp-block-heading\"><\/h2>\r\nHay varios tipos de lesiones causadas por un accidente automovil\u00edstico, algunas son m\u00e1s comunes que otras, como:\r\n<h2 class=\"wp-block-heading\"><\/h2>\r\n<strong>Heridas en la cabeza: <\/strong>pueden variar dependiendo del nivel del impacto. Algunas lesiones en la cabeza son menores, mientras que otras son severas. Los movimientos bruscos repentinos despu\u00e9s de una colisi\u00f3n pueden hacer que el conductor mueva su cuerpo de una manera poco natural. Esto puede causar que el conductor experimente distensiones musculares alrededor del cuello y la espalda. Adem\u00e1s, la cabeza tambi\u00e9n puede verse afectada. Si la cabeza del conductor golpea agresivamente el volante o la ventana lateral, lo m\u00e1s probable es que sufra cortes, hematomas, hemorragia interna y\/o una lesi\u00f3n cerebral traum\u00e1tica (TBI).\r\n<h2 class=\"wp-block-heading\"><\/h2>\r\n<strong>Costillas rotas:<\/strong> las costillas son una parte sensible del cuerpo. Incluso con un golpe leve o moderado, pueden lesionarse. Una costilla rota puede resultar de un golpe por delante, por detr\u00e1s o por los lados de un veh\u00edculo. El tratamiento com\u00fan para personas que se lesionan las costillas, es de reposo y autosanaci\u00f3n y puede durar hasta dos meses.\r\n<h2 class=\"wp-block-heading\"><\/h2>\r\n<strong>Lesiones en brazos y piernas.<\/strong> Si el conductor estuvo en una colisi\u00f3n de impacto lateral, sus brazos y\/o piernas pueden golpearse contra la puerta del autom\u00f3vil. Dado que hay espacio limitado en los asientos del conductor y del pasajero, tambi\u00e9n pueden aparecer lesiones en las rodillas. Es com\u00fan en los accidentes que el conductor y el pasajero que se sientan adelante, se golpeen fuerte contra el parabrisas, el volante, la guantera o las ventanas laterales. Los que est\u00e1n en el asiento trasero pueden ser arrojados a los asientos de adelante, volar hacia el parabrisas o estrellarse contra las ventanas laterales.\r\n<h2 class=\"wp-block-heading\"><\/h2>\r\n<strong>Hemorragia interna.<\/strong> Este es un asunto muy serio que debe abordarse lo antes posible. Si la hemorragia interna no se trata a tiempo, el individuo puede pasar a una condici\u00f3n potencialmente mortal. Si la persona se siente inc\u00f3moda despu\u00e9s del accidente y sospecha de una herida interna, lo recomendable es que lo revise un m\u00e9dico. Realizar\u00e1n varias pruebas para determinar un diagn\u00f3stico.\r\n<h2 class=\"wp-block-heading\"><\/h2>\r\n<strong>Trastorno de estr\u00e9s postraum\u00e1tico (TEPT).<\/strong> Adem\u00e1s de sufrir una lesi\u00f3n f\u00edsica, los conductores y pasajeros pueden sufrir una lesi\u00f3n mental\/psicol\u00f3gica. El miedo, el nerviosismo y la ansiedad son comunes despu\u00e9s de sufrir un accidente automovil\u00edstico. Tambi\u00e9n pueden tener dificultades para realizar actividades b\u00e1sicas y cotidianas. Es importante que las v\u00edctimas de PTSD busquen tratamiento m\u00e9dico.\r\n<h2 class=\"wp-block-heading\"><\/h2>\r\n<h2 id=\"h-contactenos\" class=\"wp-block-heading\"><strong>Cont\u00e1ctenos<\/strong><\/h2>\r\n<h2 class=\"wp-block-heading\"><\/h2>\r\nSi usted o un ser querido fueron v\u00edctimas de un accidente automovil\u00edstico, West Coast Trial Lawyers tiene abogados con experiencia en accidentes automovil\u00edsticos en Pasadena que lo ayudar\u00e1n a obtener la compensaci\u00f3n que merece por sus p\u00e9rdidas, incluidas facturas m\u00e9dicas, salarios perdidos, da\u00f1os a la propiedad, dolor y sufrimiento. y m\u00e1s.\r\n<h2 class=\"wp-block-heading\"><\/h2>\r\nPara programar una consulta gratuita y sin compromiso en nuestro bufete de abogados de lesiones personales de Pasadena, cont\u00e1ctenos llamando al <a href=\"tel:2139273700\">(213) 927-3700<\/a> o llenando<a href=\"https:\/\/westcoasttriallawyers.com\/es\/contactenos\"> nuestro formulario en l\u00ednea<\/a>.\r\n<h2 id=\"h-tenga-una-consulta-gratuita-con-los-abogados-de-abogados-de-la-costa-oeste-por-su-de-accidente-automovilistico\" class=\"wp-block-heading\"><\/h2>\n<!-- WCTL_DEBUG: no shortcode in this_content -->","protected":false},"excerpt":{"rendered":"","protected":false},"author":475,"featured_media":47035,"parent":47423,"menu_order":0,"comment_status":"closed","ping_status":"closed","template":"","meta":{"inline_featured_image":false,"footnotes":""},"class_list":["post-12956","page","type-page","status-publish","has-post-thumbnail","hentry"],"acf":[],"yoast_head":"<!-- This site is optimized with the Yoast SEO Premium plugin v26.0 (Yoast SEO v26.0) - https:\/\/yoast.com\/wordpress\/plugins\/seo\/ -->\n<title>Abogado De Accidentes De Auto En Pasadena | West Coast Trial Lawyers<\/title>\n<meta name=\"description\" content=\"Casi semanalmente, se informa de un accidente con lesionados o muertos en Pasadena. Busca la ayuda que necesitas para recuperar una compensaci\u00f3n por da\u00f1os\" \/>\n<meta name=\"robots\" content=\"index, follow, max-snippet:-1, max-image-preview:large, max-video-preview:-1\" \/>\n<link rel=\"canonical\" href=\"https:\/\/westcoasttriallawyers.com\/es\/california\/pasadena\/abogados-accidentes-carro-pasadena\" \/>\n<meta property=\"og:locale\" content=\"es_ES\" \/>\n<meta property=\"og:type\" content=\"article\" \/>\n<meta property=\"og:title\" content=\"Abogado De Accidentes De Auto En Pasadena\" \/>\n<meta property=\"og:description\" content=\"Casi semanalmente, se informa de un accidente con lesionados o muertos en Pasadena. Busca la ayuda que necesitas para recuperar una compensaci\u00f3n por da\u00f1os\" \/>\n<meta property=\"og:url\" content=\"https:\/\/westcoasttriallawyers.com\/es\/california\/pasadena\/abogados-accidentes-carro-pasadena\" \/>\n<meta property=\"og:site_name\" content=\"West Coast Trial Lawyers\" \/>\n<meta property=\"article:publisher\" content=\"https:\/\/www.facebook.com\/westcoasttriallawyers\/\" \/>\n<meta property=\"article:modified_time\" content=\"2026-01-23T19:40:12+00:00\" \/>\n<meta property=\"og:image\" content=\"https:\/\/westcoasttriallawyers.com\/wp-content\/uploads\/2025\/07\/Pasadena-Featured-Image-scaled-1.webp\" \/>\n\t<meta property=\"og:image:width\" content=\"2560\" \/>\n\t<meta property=\"og:image:height\" content=\"1350\" \/>\n\t<meta property=\"og:image:type\" content=\"image\/webp\" \/>\n<meta name=\"twitter:card\" content=\"summary_large_image\" \/>\n<meta name=\"twitter:site\" content=\"@WestCoastTrial\" \/>\n<meta name=\"twitter:label1\" content=\"Tiempo de lectura\" \/>\n\t<meta name=\"twitter:data1\" content=\"5 minutos\" \/>\n<script type=\"application\/ld+json\" class=\"yoast-schema-graph\">{\"@context\":\"https:\/\/schema.org\",\"@graph\":[{\"@type\":[\"WebPage\",\"ItemPage\"],\"@id\":\"https:\/\/westcoasttriallawyers.com\/es\/california\/pasadena\/abogados-accidentes-carro-pasadena\",\"url\":\"https:\/\/westcoasttriallawyers.com\/es\/california\/pasadena\/abogados-accidentes-carro-pasadena\",\"name\":\"Abogado De Accidentes De Auto En Pasadena | West Coast Trial Lawyers\",\"isPartOf\":{\"@id\":\"https:\/\/westcoasttriallawyers.com\/es#website\"},\"primaryImageOfPage\":{\"@id\":\"https:\/\/westcoasttriallawyers.com\/es\/california\/pasadena\/abogados-accidentes-carro-pasadena#primaryimage\"},\"image\":{\"@id\":\"https:\/\/westcoasttriallawyers.com\/es\/california\/pasadena\/abogados-accidentes-carro-pasadena#primaryimage\"},\"thumbnailUrl\":\"https:\/\/westcoasttriallawyers.com\/wp-content\/uploads\/2025\/07\/Pasadena-Featured-Image-scaled-1.webp\",\"datePublished\":\"2026-01-14T18:28:56+00:00\",\"dateModified\":\"2026-01-23T19:40:12+00:00\",\"description\":\"Casi semanalmente, se informa de un accidente con lesionados o muertos en Pasadena. Busca la ayuda que necesitas para recuperar una compensaci\u00f3n por da\u00f1os\",\"breadcrumb\":{\"@id\":\"https:\/\/westcoasttriallawyers.com\/es\/california\/pasadena\/abogados-accidentes-carro-pasadena#breadcrumb\"},\"inLanguage\":\"es\",\"potentialAction\":[{\"@type\":\"ReadAction\",\"target\":[\"https:\/\/westcoasttriallawyers.com\/es\/california\/pasadena\/abogados-accidentes-carro-pasadena\"]}]},{\"@type\":\"ImageObject\",\"inLanguage\":\"es\",\"@id\":\"https:\/\/westcoasttriallawyers.com\/es\/california\/pasadena\/abogados-accidentes-carro-pasadena#primaryimage\",\"url\":\"https:\/\/westcoasttriallawyers.com\/wp-content\/uploads\/2025\/07\/Pasadena-Featured-Image-scaled-1.webp\",\"contentUrl\":\"https:\/\/westcoasttriallawyers.com\/wp-content\/uploads\/2025\/07\/Pasadena-Featured-Image-scaled-1.webp\",\"width\":2560,\"height\":1350},{\"@type\":\"BreadcrumbList\",\"@id\":\"https:\/\/westcoasttriallawyers.com\/es\/california\/pasadena\/abogados-accidentes-carro-pasadena#breadcrumb\",\"itemListElement\":[{\"@type\":\"ListItem\",\"position\":1,\"name\":\"Inicio\",\"item\":\"https:\/\/westcoasttriallawyers.com\/es\"},{\"@type\":\"ListItem\",\"position\":2,\"name\":\"California\",\"item\":\"https:\/\/westcoasttriallawyers.com\/es\/california\"},{\"@type\":\"ListItem\",\"position\":3,\"name\":\"Pasadena\",\"item\":\"https:\/\/westcoasttriallawyers.com\/es\/california\/pasadena\"},{\"@type\":\"ListItem\",\"position\":4,\"name\":\"Abogado De Accidentes De Auto En Pasadena\"}]},{\"@type\":\"WebSite\",\"@id\":\"https:\/\/westcoasttriallawyers.com\/es#website\",\"url\":\"https:\/\/westcoasttriallawyers.com\/es\",\"name\":\"West Coast Trial Lawyers\",\"description\":\"West Coast Trial Lawyers\",\"publisher\":{\"@id\":\"https:\/\/westcoasttriallawyers.com\/es#organization\"},\"alternateName\":\"WCTL\",\"potentialAction\":[{\"@type\":\"SearchAction\",\"target\":{\"@type\":\"EntryPoint\",\"urlTemplate\":\"https:\/\/westcoasttriallawyers.com\/es?s={search_term_string}\"},\"query-input\":{\"@type\":\"PropertyValueSpecification\",\"valueRequired\":true,\"valueName\":\"search_term_string\"}}],\"inLanguage\":\"es\"},{\"@type\":\"Organization\",\"@id\":\"https:\/\/westcoasttriallawyers.com\/es#organization\",\"name\":\"West Coast Trial Lawyers\",\"alternateName\":\"WCTL\",\"url\":\"https:\/\/westcoasttriallawyers.com\/es\",\"logo\":{\"@type\":\"ImageObject\",\"inLanguage\":\"es\",\"@id\":\"https:\/\/westcoasttriallawyers.com\/es#\/schema\/logo\/image\/\",\"url\":\"https:\/\/westcoasttriallawyers.com\/wp-content\/uploads\/2026\/02\/WCTL-Logo.jpg\",\"contentUrl\":\"https:\/\/westcoasttriallawyers.com\/wp-content\/uploads\/2026\/02\/WCTL-Logo.jpg\",\"width\":696,\"height\":696,\"caption\":\"West Coast Trial Lawyers\"},\"image\":{\"@id\":\"https:\/\/westcoasttriallawyers.com\/es#\/schema\/logo\/image\/\"},\"sameAs\":[\"https:\/\/www.facebook.com\/westcoasttriallawyers\/\",\"https:\/\/x.com\/WestCoastTrial\",\"https:\/\/www.linkedin.com\/company\/west-coast-trial-lawyers\/\",\"https:\/\/www.instagram.com\/westcoasttriallawyers\/\",\"https:\/\/www.yelp.com\/biz\/west-coast-trial-lawyers-los-angeles-2\",\"https:\/\/www.pinterest.com\/westcoasttrial\/\",\"https:\/\/www.youtube.com\/westcoasttriallawyersla\/\",\"https:\/\/www.tiktok.com\/westcoasttriallawyers\"],\"description\":\"West Coast Trial Lawyers is a top-rated personal injury law firm with a goal to provide expert legal representation to those in need. The law firm has offices across California, Nevada, Arizona, and Washington.\",\"legalName\":\"West Coast Trial Lawyers\"}]}<\/script>\n<!-- \/ Yoast SEO Premium plugin. -->","yoast_head_json":{"title":"Abogado De Accidentes De Auto En Pasadena | West Coast Trial Lawyers","description":"Casi semanalmente, se informa de un accidente con lesionados o muertos en Pasadena. Busca la ayuda que necesitas para recuperar una compensaci\u00f3n por da\u00f1os","robots":{"index":"index","follow":"follow","max-snippet":"max-snippet:-1","max-image-preview":"max-image-preview:large","max-video-preview":"max-video-preview:-1"},"canonical":"https:\/\/westcoasttriallawyers.com\/es\/california\/pasadena\/abogados-accidentes-carro-pasadena","og_locale":"es_ES","og_type":"article","og_title":"Abogado De Accidentes De Auto En Pasadena","og_description":"Casi semanalmente, se informa de un accidente con lesionados o muertos en Pasadena. Busca la ayuda que necesitas para recuperar una compensaci\u00f3n por da\u00f1os","og_url":"https:\/\/westcoasttriallawyers.com\/es\/california\/pasadena\/abogados-accidentes-carro-pasadena","og_site_name":"West Coast Trial Lawyers","article_publisher":"https:\/\/www.facebook.com\/westcoasttriallawyers\/","article_modified_time":"2026-01-23T19:40:12+00:00","og_image":[{"width":2560,"height":1350,"url":"https:\/\/westcoasttriallawyers.com\/wp-content\/uploads\/2025\/07\/Pasadena-Featured-Image-scaled-1.webp","type":"image\/webp"}],"twitter_card":"summary_large_image","twitter_site":"@WestCoastTrial","twitter_misc":{"Tiempo de lectura":"5 minutos"},"schema":{"@context":"https:\/\/schema.org","@graph":[{"@type":["WebPage","ItemPage"],"@id":"https:\/\/westcoasttriallawyers.com\/es\/california\/pasadena\/abogados-accidentes-carro-pasadena","url":"https:\/\/westcoasttriallawyers.com\/es\/california\/pasadena\/abogados-accidentes-carro-pasadena","name":"Abogado De Accidentes De Auto En Pasadena | West Coast Trial Lawyers","isPartOf":{"@id":"https:\/\/westcoasttriallawyers.com\/es#website"},"primaryImageOfPage":{"@id":"https:\/\/westcoasttriallawyers.com\/es\/california\/pasadena\/abogados-accidentes-carro-pasadena#primaryimage"},"image":{"@id":"https:\/\/westcoasttriallawyers.com\/es\/california\/pasadena\/abogados-accidentes-carro-pasadena#primaryimage"},"thumbnailUrl":"https:\/\/westcoasttriallawyers.com\/wp-content\/uploads\/2025\/07\/Pasadena-Featured-Image-scaled-1.webp","datePublished":"2026-01-14T18:28:56+00:00","dateModified":"2026-01-23T19:40:12+00:00","description":"Casi semanalmente, se informa de un accidente con lesionados o muertos en Pasadena. Busca la ayuda que necesitas para recuperar una compensaci\u00f3n por da\u00f1os","breadcrumb":{"@id":"https:\/\/westcoasttriallawyers.com\/es\/california\/pasadena\/abogados-accidentes-carro-pasadena#breadcrumb"},"inLanguage":"es","potentialAction":[{"@type":"ReadAction","target":["https:\/\/westcoasttriallawyers.com\/es\/california\/pasadena\/abogados-accidentes-carro-pasadena"]}]},{"@type":"ImageObject","inLanguage":"es","@id":"https:\/\/westcoasttriallawyers.com\/es\/california\/pasadena\/abogados-accidentes-carro-pasadena#primaryimage","url":"https:\/\/westcoasttriallawyers.com\/wp-content\/uploads\/2025\/07\/Pasadena-Featured-Image-scaled-1.webp","contentUrl":"https:\/\/westcoasttriallawyers.com\/wp-content\/uploads\/2025\/07\/Pasadena-Featured-Image-scaled-1.webp","width":2560,"height":1350},{"@type":"BreadcrumbList","@id":"https:\/\/westcoasttriallawyers.com\/es\/california\/pasadena\/abogados-accidentes-carro-pasadena#breadcrumb","itemListElement":[{"@type":"ListItem","position":1,"name":"Inicio","item":"https:\/\/westcoasttriallawyers.com\/es"},{"@type":"ListItem","position":2,"name":"California","item":"https:\/\/westcoasttriallawyers.com\/es\/california"},{"@type":"ListItem","position":3,"name":"Pasadena","item":"https:\/\/westcoasttriallawyers.com\/es\/california\/pasadena"},{"@type":"ListItem","position":4,"name":"Abogado De Accidentes De Auto En Pasadena"}]},{"@type":"WebSite","@id":"https:\/\/westcoasttriallawyers.com\/es#website","url":"https:\/\/westcoasttriallawyers.com\/es","name":"West Coast Trial Lawyers","description":"West Coast Trial Lawyers","publisher":{"@id":"https:\/\/westcoasttriallawyers.com\/es#organization"},"alternateName":"WCTL","potentialAction":[{"@type":"SearchAction","target":{"@type":"EntryPoint","urlTemplate":"https:\/\/westcoasttriallawyers.com\/es?s={search_term_string}"},"query-input":{"@type":"PropertyValueSpecification","valueRequired":true,"valueName":"search_term_string"}}],"inLanguage":"es"},{"@type":"Organization","@id":"https:\/\/westcoasttriallawyers.com\/es#organization","name":"West Coast Trial Lawyers","alternateName":"WCTL","url":"https:\/\/westcoasttriallawyers.com\/es","logo":{"@type":"ImageObject","inLanguage":"es","@id":"https:\/\/westcoasttriallawyers.com\/es#\/schema\/logo\/image\/","url":"https:\/\/westcoasttriallawyers.com\/wp-content\/uploads\/2026\/02\/WCTL-Logo.jpg","contentUrl":"https:\/\/westcoasttriallawyers.com\/wp-content\/uploads\/2026\/02\/WCTL-Logo.jpg","width":696,"height":696,"caption":"West Coast Trial Lawyers"},"image":{"@id":"https:\/\/westcoasttriallawyers.com\/es#\/schema\/logo\/image\/"},"sameAs":["https:\/\/www.facebook.com\/westcoasttriallawyers\/","https:\/\/x.com\/WestCoastTrial","https:\/\/www.linkedin.com\/company\/west-coast-trial-lawyers\/","https:\/\/www.instagram.com\/westcoasttriallawyers\/","https:\/\/www.yelp.com\/biz\/west-coast-trial-lawyers-los-angeles-2","https:\/\/www.pinterest.com\/westcoasttrial\/","https:\/\/www.youtube.com\/westcoasttriallawyersla\/","https:\/\/www.tiktok.com\/westcoasttriallawyers"],"description":"West Coast Trial Lawyers is a top-rated personal injury law firm with a goal to provide expert legal representation to those in need. The law firm has offices across California, Nevada, Arizona, and Washington.","legalName":"West Coast Trial Lawyers"}]}},"_links":{"self":[{"href":"https:\/\/westcoasttriallawyers.com\/es\/wp-json\/wp\/v2\/pages\/12956","targetHints":{"allow":["GET"]}}],"collection":[{"href":"https:\/\/westcoasttriallawyers.com\/es\/wp-json\/wp\/v2\/pages"}],"about":[{"href":"https:\/\/westcoasttriallawyers.com\/es\/wp-json\/wp\/v2\/types\/page"}],"author":[{"embeddable":true,"href":"https:\/\/westcoasttriallawyers.com\/es\/wp-json\/wp\/v2\/users\/475"}],"replies":[{"embeddable":true,"href":"https:\/\/westcoasttriallawyers.com\/es\/wp-json\/wp\/v2\/comments?post=12956"}],"version-history":[{"count":5,"href":"https:\/\/westcoasttriallawyers.com\/es\/wp-json\/wp\/v2\/pages\/12956\/revisions"}],"predecessor-version":[{"id":48135,"href":"https:\/\/westcoasttriallawyers.com\/es\/wp-json\/wp\/v2\/pages\/12956\/revisions\/48135"}],"up":[{"embeddable":true,"href":"https:\/\/westcoasttriallawyers.com\/es\/wp-json\/wp\/v2\/pages\/47423"}],"wp:featuredmedia":[{"embeddable":true,"href":"https:\/\/westcoasttriallawyers.com\/es\/wp-json\/wp\/v2\/media\/47035"}],"wp:attachment":[{"href":"https:\/\/westcoasttriallawyers.com\/es\/wp-json\/wp\/v2\/media?parent=12956"}],"curies":[{"name":"wp","href":"https:\/\/api.w.org\/{rel}","templated":true}]}}