{"id":12955,"date":"2026-01-14T18:29:29","date_gmt":"2026-01-14T18:29:29","guid":{"rendered":"https:\/\/wctl1stg.wpengine.com\/?page_id=12955"},"modified":"2026-01-22T10:13:29","modified_gmt":"2026-01-22T10:13:29","slug":"abogado-de-mordedura-de-perro-de-pasadena","status":"publish","type":"page","link":"https:\/\/westcoasttriallawyers.com\/es\/california\/pasadena\/abogado-de-mordedura-de-perro-de-pasadena","title":{"rendered":"Abogado de mordedura de perro de Pasadena"},"content":{"rendered":"<h2><strong>Mordeduras de perro: \u00bfQu\u00e9 tan comunes son y la raza del perro afecta la responsabilidad?<\/strong><\/h2>\n<p>Se estima que 19,321 perros viven en la ciudad de Pasadena. Los perros suelen ser las mascotas favoritas de las personas para cuidar. Es responsabilidad del due\u00f1o de un perro asegurarse de que su perro se comporte, especialmente con los dem\u00e1s. No hacerlo puede aumentar la probabilidad de una mordedura de perro, lo que puede hacer que el propietario enfrente demandas por lesiones personales.<\/p>\n<p>Para comprender si necesita o no informar una mordedura de perro, debe haber sufrido da\u00f1os graves hasta el punto en que necesit\u00f3 tratamiento m\u00e9dico para curar sus heridas. Si sufri\u00f3 lesiones como resultado de una mordedura de perro, se recomienda que se comunique con un abogado experimentado en mordeduras de perros de Pasadena. Lo ayudar\u00e1n a emprender acciones legales contra el due\u00f1o del perro y recuperar los da\u00f1os que se le deben por sus lesiones.<\/p>\n<p>En West Coast Trial Lawyers, contamos con abogados experimentados en mordeduras de perros en Pasadena con m\u00e1s de 60 a\u00f1os de experiencia legal colectiva en el manejo de casos de lesiones personales. Nuestro bufete de abogados de lesiones personales de Pasadena gan\u00f3 m\u00e1s de 5,000 casos y recuper\u00f3 m\u00e1s de $1 mil millones en acuerdos para nuestros clientes. Debido a nuestro \u00e9xito con la satisfacci\u00f3n del cliente, hemos sido reconocidos como uno de los mejores bufetes de abogados de lesiones personales en Pasadena.<\/p>\n<p>Para programar una consulta gratuita y sin compromiso con uno de nuestros abogados de mordeduras de perros en Pasadena, comun\u00edquese con nuestro equipo legal las 24 horas del d\u00eda, los 7 d\u00edas de la semana llamando al <strong>213-927-3700<\/strong> o enviando un correo electr\u00f3nico a info@westcoasttriallawyers.com.<\/p>\n<h2><strong>Estad\u00edsticas de mordeduras de perros<\/strong><\/h2>\n<p>En los \u00faltimos 16 a\u00f1os, ha habido un total de 568 ataques fatales de perros en los Estados Unidos. Dos de las razas m\u00e1s comunes que contribuyeron al 76 por ciento de estas muertes fueron pitbulls y rottweilers. Los perros de familia contribuyeron al 59 por ciento de todos los ataques fatales, y los pitbulls llevaron a cabo la mayor\u00eda de estos altercados. El 61 por ciento de las v\u00edctimas mortales de mordeduras de perros eran adultos de 19 a\u00f1os o m\u00e1s, mientras que el 33 por ciento eran ni\u00f1os de 9 a\u00f1os o menos.<\/p>\n<h2><strong>\u00bfEl tama\u00f1o o la raza afectan la responsabilidad?<\/strong><\/h2>\n<p>El tama\u00f1o no afecta la responsabilidad, pero la raza s\u00ed. En California, existen leyes establecidas espec\u00edficas de raza para perros. Estas leyes se dirigen principalmente a los pitbulls, junto con otras razas que se incluyen en la l\u00ednea de pitbulls.<\/p>\n<p>Seg\u00fan la Legislaci\u00f3n espec\u00edfica de raza (BSL), los pitbulls que tienen m\u00e1s de cuatro meses, junto con todos los perros mencionados en la lista de BSL, deben tener una licencia. La lista de BSL incluye:<\/p>\n<ul>\n<li>Staffordshire terrier americano<\/li>\n<li>pit bull terrier americano<\/li>\n<li>Otros perros que tienen la misma herencia de sangre de bull-baiting como se menciona en el United Kennel Club<\/li>\n<\/ul>\n<h2><strong>Seguro de hogar para razas de perros<\/strong><\/h2>\n<p>Hay una lista de perros que no est\u00e1n cubiertos por una aseguradora de hogar. Esto se debe principalmente a que son vistos como razas peligrosas.<\/p>\n<p>Perro chino. Se asustan y se irritan con mucha facilidad.<\/p>\n<ul>\n<li><strong>Pastor alem\u00e1n.<\/strong> Esta raza se agita r\u00e1pidamente y puede tener problemas con los humanos y otros animales.<\/li>\n<li><strong>D\u00f3berman pinscher.\u00a0<\/strong>A veces, exhibir\u00e1n mucho dominio y comportamiento territorial.<\/li>\n<li><strong>Gran Dan\u00e9s.<\/strong> Debido al tama\u00f1o de esta raza, puede ser dif\u00edcil controlarlos adecuadamente. Adem\u00e1s, necesitan desarrollar habilidades de socializaci\u00f3n durante su etapa de cachorro para evitar ser un riesgo para los dem\u00e1s.<\/li>\n<li><strong>Pitbull.<\/strong> Esta raza ha sido conocida por su comportamiento agresivo.<\/li>\n<li><strong>Akita.<\/strong> Fueron criados principalmente para la protecci\u00f3n y la caza. Esta raza debe tener un entrenamiento estricto o de lo contrario se volver\u00e1n agresivos.<\/li>\n<li><strong>Rottweiler.<\/strong> Esta raza ha estado involucrada en muchos casos de mordeduras de perros y tambi\u00e9n se sabe que es agresiva.<\/li>\n<li><strong>Husky siberiano.<\/strong> Instintivamente les gusta perseguir cualquier cosa. Esta raza podr\u00eda verse como un riesgo potencial para los ni\u00f1os.<\/li>\n<\/ul>\n<p>Cada una de estas razas es de gran tama\u00f1o y tiene un poderoso impacto en el individuo que ha mordido. Es importante que los due\u00f1os de perros tengan mucho cuidado al cuidar a este tipo de perros. Animarlos a realizar actos de violencia rara vez terminar\u00e1 bien para el due\u00f1o del perro y el perro mismo.<\/p>\n<h2><strong>Cont\u00e1ctenos<\/strong><\/h2>\n<p>Si fue v\u00edctima de una lesi\u00f3n por mordedura de perro, West Coast Trial Lawyers tiene abogados de mordeduras de perros en Pasadena disponibles para ayudarlo. Estamos comprometidos a obtener la compensaci\u00f3n m\u00e1xima que merece por sus p\u00e9rdidas.<\/p>\n<p>Para programar una consulta gratuita en nuestro bufete de abogados de lesiones personales de Pasadena, comun\u00edquese con nuestro personal legal las 24 horas, los 7 d\u00edas de la semana llamando al\u00a0<strong>213-927-3700<\/strong> o enviando un correo electr\u00f3nico a\u00a0<a href=\"mailto:info@westcoasttriallawyers.com\"><strong>info@westcoasttriallawyers.com<\/strong><\/a><strong>.\u00a0<\/strong><\/p>\n<p><!-- WCTL_DEBUG: no shortcode in this_content --><\/p>\n","protected":false},"excerpt":{"rendered":"<p>Mordeduras de perro: \u00bfQu\u00e9 tan comunes son y la raza del perro afecta la responsabilidad? Se estima que 19,321 perros viven en la ciudad de Pasadena. Los perros suelen ser las mascotas favoritas de las personas para cuidar. Es responsabilidad del due\u00f1o de un perro asegurarse de que su perro se comporte, especialmente con los [&hellip;]<\/p>\n","protected":false},"author":475,"featured_media":47090,"parent":47423,"menu_order":0,"comment_status":"closed","ping_status":"closed","template":"","meta":{"inline_featured_image":false,"footnotes":""},"class_list":["post-12955","page","type-page","status-publish","has-post-thumbnail","hentry"],"acf":[],"yoast_head":"<!-- This site is optimized with the Yoast SEO Premium plugin v26.0 (Yoast SEO v26.0) - https:\/\/yoast.com\/wordpress\/plugins\/seo\/ -->\n<title>Abogado de mordedura de perro de Pasadena | West Coast Trial Lawyers<\/title>\n<meta name=\"robots\" content=\"index, follow, max-snippet:-1, max-image-preview:large, max-video-preview:-1\" \/>\n<link rel=\"canonical\" href=\"https:\/\/westcoasttriallawyers.com\/es\/california\/pasadena\/abogado-de-mordedura-de-perro-de-pasadena\" \/>\n<meta property=\"og:locale\" content=\"es_ES\" \/>\n<meta property=\"og:type\" content=\"article\" \/>\n<meta property=\"og:title\" content=\"Abogado de mordedura de perro de Pasadena\" \/>\n<meta property=\"og:description\" content=\"Mordeduras de perro: \u00bfQu\u00e9 tan comunes son y la raza del perro afecta la responsabilidad? Se estima que 19,321 perros viven en la ciudad de Pasadena. Los perros suelen ser las mascotas favoritas de las personas para cuidar. Es responsabilidad del due\u00f1o de un perro asegurarse de que su perro se comporte, especialmente con los [&hellip;]\" \/>\n<meta property=\"og:url\" content=\"https:\/\/westcoasttriallawyers.com\/es\/california\/pasadena\/abogado-de-mordedura-de-perro-de-pasadena\" \/>\n<meta property=\"og:site_name\" content=\"West Coast Trial Lawyers\" \/>\n<meta property=\"article:publisher\" content=\"https:\/\/www.facebook.com\/westcoasttriallawyers\/\" \/>\n<meta property=\"article:modified_time\" content=\"2026-01-22T10:13:29+00:00\" \/>\n<meta property=\"og:image\" content=\"https:\/\/westcoasttriallawyers.com\/wp-content\/uploads\/2025\/07\/Pasadena-Featured-Image-scaled-23.webp\" \/>\n\t<meta property=\"og:image:width\" content=\"2560\" \/>\n\t<meta property=\"og:image:height\" content=\"1350\" \/>\n\t<meta property=\"og:image:type\" content=\"image\/webp\" \/>\n<meta name=\"twitter:card\" content=\"summary_large_image\" \/>\n<meta name=\"twitter:site\" content=\"@WestCoastTrial\" \/>\n<meta name=\"twitter:label1\" content=\"Tiempo de lectura\" \/>\n\t<meta name=\"twitter:data1\" content=\"7 minutos\" \/>\n<script type=\"application\/ld+json\" class=\"yoast-schema-graph\">{\"@context\":\"https:\/\/schema.org\",\"@graph\":[{\"@type\":[\"WebPage\",\"ItemPage\"],\"@id\":\"https:\/\/westcoasttriallawyers.com\/es\/california\/pasadena\/abogado-de-mordedura-de-perro-de-pasadena\",\"url\":\"https:\/\/westcoasttriallawyers.com\/es\/california\/pasadena\/abogado-de-mordedura-de-perro-de-pasadena\",\"name\":\"Abogado de mordedura de perro de Pasadena | West Coast Trial Lawyers\",\"isPartOf\":{\"@id\":\"https:\/\/westcoasttriallawyers.com\/es#website\"},\"primaryImageOfPage\":{\"@id\":\"https:\/\/westcoasttriallawyers.com\/es\/california\/pasadena\/abogado-de-mordedura-de-perro-de-pasadena#primaryimage\"},\"image\":{\"@id\":\"https:\/\/westcoasttriallawyers.com\/es\/california\/pasadena\/abogado-de-mordedura-de-perro-de-pasadena#primaryimage\"},\"thumbnailUrl\":\"https:\/\/westcoasttriallawyers.com\/wp-content\/uploads\/2025\/07\/Pasadena-Featured-Image-scaled-23.webp\",\"datePublished\":\"2026-01-14T18:29:29+00:00\",\"dateModified\":\"2026-01-22T10:13:29+00:00\",\"breadcrumb\":{\"@id\":\"https:\/\/westcoasttriallawyers.com\/es\/california\/pasadena\/abogado-de-mordedura-de-perro-de-pasadena#breadcrumb\"},\"inLanguage\":\"es\",\"potentialAction\":[{\"@type\":\"ReadAction\",\"target\":[\"https:\/\/westcoasttriallawyers.com\/es\/california\/pasadena\/abogado-de-mordedura-de-perro-de-pasadena\"]}]},{\"@type\":\"ImageObject\",\"inLanguage\":\"es\",\"@id\":\"https:\/\/westcoasttriallawyers.com\/es\/california\/pasadena\/abogado-de-mordedura-de-perro-de-pasadena#primaryimage\",\"url\":\"https:\/\/westcoasttriallawyers.com\/wp-content\/uploads\/2025\/07\/Pasadena-Featured-Image-scaled-23.webp\",\"contentUrl\":\"https:\/\/westcoasttriallawyers.com\/wp-content\/uploads\/2025\/07\/Pasadena-Featured-Image-scaled-23.webp\",\"width\":2560,\"height\":1350},{\"@type\":\"BreadcrumbList\",\"@id\":\"https:\/\/westcoasttriallawyers.com\/es\/california\/pasadena\/abogado-de-mordedura-de-perro-de-pasadena#breadcrumb\",\"itemListElement\":[{\"@type\":\"ListItem\",\"position\":1,\"name\":\"Inicio\",\"item\":\"https:\/\/westcoasttriallawyers.com\/es\"},{\"@type\":\"ListItem\",\"position\":2,\"name\":\"California\",\"item\":\"https:\/\/westcoasttriallawyers.com\/es\/california\"},{\"@type\":\"ListItem\",\"position\":3,\"name\":\"Pasadena\",\"item\":\"https:\/\/westcoasttriallawyers.com\/es\/california\/pasadena\"},{\"@type\":\"ListItem\",\"position\":4,\"name\":\"Abogado de mordedura de perro de Pasadena\"}]},{\"@type\":\"WebSite\",\"@id\":\"https:\/\/westcoasttriallawyers.com\/es#website\",\"url\":\"https:\/\/westcoasttriallawyers.com\/es\",\"name\":\"West Coast Trial Lawyers\",\"description\":\"West Coast Trial Lawyers\",\"publisher\":{\"@id\":\"https:\/\/westcoasttriallawyers.com\/es#organization\"},\"alternateName\":\"WCTL\",\"potentialAction\":[{\"@type\":\"SearchAction\",\"target\":{\"@type\":\"EntryPoint\",\"urlTemplate\":\"https:\/\/westcoasttriallawyers.com\/es?s={search_term_string}\"},\"query-input\":{\"@type\":\"PropertyValueSpecification\",\"valueRequired\":true,\"valueName\":\"search_term_string\"}}],\"inLanguage\":\"es\"},{\"@type\":\"Organization\",\"@id\":\"https:\/\/westcoasttriallawyers.com\/es#organization\",\"name\":\"West Coast Trial Lawyers\",\"alternateName\":\"WCTL\",\"url\":\"https:\/\/westcoasttriallawyers.com\/es\",\"logo\":{\"@type\":\"ImageObject\",\"inLanguage\":\"es\",\"@id\":\"https:\/\/westcoasttriallawyers.com\/es#\/schema\/logo\/image\/\",\"url\":\"https:\/\/westcoasttriallawyers.com\/wp-content\/uploads\/2026\/02\/WCTL-Logo.jpg\",\"contentUrl\":\"https:\/\/westcoasttriallawyers.com\/wp-content\/uploads\/2026\/02\/WCTL-Logo.jpg\",\"width\":696,\"height\":696,\"caption\":\"West Coast Trial Lawyers\"},\"image\":{\"@id\":\"https:\/\/westcoasttriallawyers.com\/es#\/schema\/logo\/image\/\"},\"sameAs\":[\"https:\/\/www.facebook.com\/westcoasttriallawyers\/\",\"https:\/\/x.com\/WestCoastTrial\",\"https:\/\/www.linkedin.com\/company\/west-coast-trial-lawyers\/\",\"https:\/\/www.instagram.com\/westcoasttriallawyers\/\",\"https:\/\/www.yelp.com\/biz\/west-coast-trial-lawyers-los-angeles-2\",\"https:\/\/www.pinterest.com\/westcoasttrial\/\",\"https:\/\/www.youtube.com\/westcoasttriallawyersla\/\",\"https:\/\/www.tiktok.com\/westcoasttriallawyers\"],\"description\":\"West Coast Trial Lawyers is a top-rated personal injury law firm with a goal to provide expert legal representation to those in need. The law firm has offices across California, Nevada, Arizona, and Washington.\",\"legalName\":\"West Coast Trial Lawyers\"}]}<\/script>\n<!-- \/ Yoast SEO Premium plugin. -->","yoast_head_json":{"title":"Abogado de mordedura de perro de Pasadena | West Coast Trial Lawyers","robots":{"index":"index","follow":"follow","max-snippet":"max-snippet:-1","max-image-preview":"max-image-preview:large","max-video-preview":"max-video-preview:-1"},"canonical":"https:\/\/westcoasttriallawyers.com\/es\/california\/pasadena\/abogado-de-mordedura-de-perro-de-pasadena","og_locale":"es_ES","og_type":"article","og_title":"Abogado de mordedura de perro de Pasadena","og_description":"Mordeduras de perro: \u00bfQu\u00e9 tan comunes son y la raza del perro afecta la responsabilidad? Se estima que 19,321 perros viven en la ciudad de Pasadena. Los perros suelen ser las mascotas favoritas de las personas para cuidar. Es responsabilidad del due\u00f1o de un perro asegurarse de que su perro se comporte, especialmente con los [&hellip;]","og_url":"https:\/\/westcoasttriallawyers.com\/es\/california\/pasadena\/abogado-de-mordedura-de-perro-de-pasadena","og_site_name":"West Coast Trial Lawyers","article_publisher":"https:\/\/www.facebook.com\/westcoasttriallawyers\/","article_modified_time":"2026-01-22T10:13:29+00:00","og_image":[{"width":2560,"height":1350,"url":"https:\/\/westcoasttriallawyers.com\/wp-content\/uploads\/2025\/07\/Pasadena-Featured-Image-scaled-23.webp","type":"image\/webp"}],"twitter_card":"summary_large_image","twitter_site":"@WestCoastTrial","twitter_misc":{"Tiempo de lectura":"7 minutos"},"schema":{"@context":"https:\/\/schema.org","@graph":[{"@type":["WebPage","ItemPage"],"@id":"https:\/\/westcoasttriallawyers.com\/es\/california\/pasadena\/abogado-de-mordedura-de-perro-de-pasadena","url":"https:\/\/westcoasttriallawyers.com\/es\/california\/pasadena\/abogado-de-mordedura-de-perro-de-pasadena","name":"Abogado de mordedura de perro de Pasadena | West Coast Trial Lawyers","isPartOf":{"@id":"https:\/\/westcoasttriallawyers.com\/es#website"},"primaryImageOfPage":{"@id":"https:\/\/westcoasttriallawyers.com\/es\/california\/pasadena\/abogado-de-mordedura-de-perro-de-pasadena#primaryimage"},"image":{"@id":"https:\/\/westcoasttriallawyers.com\/es\/california\/pasadena\/abogado-de-mordedura-de-perro-de-pasadena#primaryimage"},"thumbnailUrl":"https:\/\/westcoasttriallawyers.com\/wp-content\/uploads\/2025\/07\/Pasadena-Featured-Image-scaled-23.webp","datePublished":"2026-01-14T18:29:29+00:00","dateModified":"2026-01-22T10:13:29+00:00","breadcrumb":{"@id":"https:\/\/westcoasttriallawyers.com\/es\/california\/pasadena\/abogado-de-mordedura-de-perro-de-pasadena#breadcrumb"},"inLanguage":"es","potentialAction":[{"@type":"ReadAction","target":["https:\/\/westcoasttriallawyers.com\/es\/california\/pasadena\/abogado-de-mordedura-de-perro-de-pasadena"]}]},{"@type":"ImageObject","inLanguage":"es","@id":"https:\/\/westcoasttriallawyers.com\/es\/california\/pasadena\/abogado-de-mordedura-de-perro-de-pasadena#primaryimage","url":"https:\/\/westcoasttriallawyers.com\/wp-content\/uploads\/2025\/07\/Pasadena-Featured-Image-scaled-23.webp","contentUrl":"https:\/\/westcoasttriallawyers.com\/wp-content\/uploads\/2025\/07\/Pasadena-Featured-Image-scaled-23.webp","width":2560,"height":1350},{"@type":"BreadcrumbList","@id":"https:\/\/westcoasttriallawyers.com\/es\/california\/pasadena\/abogado-de-mordedura-de-perro-de-pasadena#breadcrumb","itemListElement":[{"@type":"ListItem","position":1,"name":"Inicio","item":"https:\/\/westcoasttriallawyers.com\/es"},{"@type":"ListItem","position":2,"name":"California","item":"https:\/\/westcoasttriallawyers.com\/es\/california"},{"@type":"ListItem","position":3,"name":"Pasadena","item":"https:\/\/westcoasttriallawyers.com\/es\/california\/pasadena"},{"@type":"ListItem","position":4,"name":"Abogado de mordedura de perro de Pasadena"}]},{"@type":"WebSite","@id":"https:\/\/westcoasttriallawyers.com\/es#website","url":"https:\/\/westcoasttriallawyers.com\/es","name":"West Coast Trial Lawyers","description":"West Coast Trial Lawyers","publisher":{"@id":"https:\/\/westcoasttriallawyers.com\/es#organization"},"alternateName":"WCTL","potentialAction":[{"@type":"SearchAction","target":{"@type":"EntryPoint","urlTemplate":"https:\/\/westcoasttriallawyers.com\/es?s={search_term_string}"},"query-input":{"@type":"PropertyValueSpecification","valueRequired":true,"valueName":"search_term_string"}}],"inLanguage":"es"},{"@type":"Organization","@id":"https:\/\/westcoasttriallawyers.com\/es#organization","name":"West Coast Trial Lawyers","alternateName":"WCTL","url":"https:\/\/westcoasttriallawyers.com\/es","logo":{"@type":"ImageObject","inLanguage":"es","@id":"https:\/\/westcoasttriallawyers.com\/es#\/schema\/logo\/image\/","url":"https:\/\/westcoasttriallawyers.com\/wp-content\/uploads\/2026\/02\/WCTL-Logo.jpg","contentUrl":"https:\/\/westcoasttriallawyers.com\/wp-content\/uploads\/2026\/02\/WCTL-Logo.jpg","width":696,"height":696,"caption":"West Coast Trial Lawyers"},"image":{"@id":"https:\/\/westcoasttriallawyers.com\/es#\/schema\/logo\/image\/"},"sameAs":["https:\/\/www.facebook.com\/westcoasttriallawyers\/","https:\/\/x.com\/WestCoastTrial","https:\/\/www.linkedin.com\/company\/west-coast-trial-lawyers\/","https:\/\/www.instagram.com\/westcoasttriallawyers\/","https:\/\/www.yelp.com\/biz\/west-coast-trial-lawyers-los-angeles-2","https:\/\/www.pinterest.com\/westcoasttrial\/","https:\/\/www.youtube.com\/westcoasttriallawyersla\/","https:\/\/www.tiktok.com\/westcoasttriallawyers"],"description":"West Coast Trial Lawyers is a top-rated personal injury law firm with a goal to provide expert legal representation to those in need. The law firm has offices across California, Nevada, Arizona, and Washington.","legalName":"West Coast Trial Lawyers"}]}},"_links":{"self":[{"href":"https:\/\/westcoasttriallawyers.com\/es\/wp-json\/wp\/v2\/pages\/12955","targetHints":{"allow":["GET"]}}],"collection":[{"href":"https:\/\/westcoasttriallawyers.com\/es\/wp-json\/wp\/v2\/pages"}],"about":[{"href":"https:\/\/westcoasttriallawyers.com\/es\/wp-json\/wp\/v2\/types\/page"}],"author":[{"embeddable":true,"href":"https:\/\/westcoasttriallawyers.com\/es\/wp-json\/wp\/v2\/users\/475"}],"replies":[{"embeddable":true,"href":"https:\/\/westcoasttriallawyers.com\/es\/wp-json\/wp\/v2\/comments?post=12955"}],"version-history":[{"count":3,"href":"https:\/\/westcoasttriallawyers.com\/es\/wp-json\/wp\/v2\/pages\/12955\/revisions"}],"predecessor-version":[{"id":47818,"href":"https:\/\/westcoasttriallawyers.com\/es\/wp-json\/wp\/v2\/pages\/12955\/revisions\/47818"}],"up":[{"embeddable":true,"href":"https:\/\/westcoasttriallawyers.com\/es\/wp-json\/wp\/v2\/pages\/47423"}],"wp:featuredmedia":[{"embeddable":true,"href":"https:\/\/westcoasttriallawyers.com\/es\/wp-json\/wp\/v2\/media\/47090"}],"wp:attachment":[{"href":"https:\/\/westcoasttriallawyers.com\/es\/wp-json\/wp\/v2\/media?parent=12955"}],"curies":[{"name":"wp","href":"https:\/\/api.w.org\/{rel}","templated":true}]}}