{"id":12917,"date":"2026-01-14T18:23:41","date_gmt":"2026-01-14T18:23:41","guid":{"rendered":"https:\/\/wctl1stg.wpengine.com\/?page_id=12917"},"modified":"2026-01-23T22:56:30","modified_gmt":"2026-01-23T22:56:30","slug":"abogados-lesiones-cerebrales-riverside","status":"publish","type":"page","link":"https:\/\/westcoasttriallawyers.com\/es\/california\/riverside\/abogados-lesiones-cerebrales-riverside","title":{"rendered":"Abogado Especializado en Lesiones Cerebrales en Riverside"},"content":{"rendered":"<h2><strong>\u00bfQu\u00e9 formas de Lesi\u00f3n Cerebral puede Sufrir una V\u00edctima? \u00bfC\u00f3mo Puede Reducir sus Posibilidades de Sufrir una Lesi\u00f3n Cerebral?<\/strong><\/h2>\n<p><img src=\"https:\/\/lh3.googleusercontent.com\/wAfFX3XbUBPaFm4toA5mKom7XOtk2pli9kaYHlNUCXrVfVFGplNN8MAKHbMQ3BkmJnw7I426xs_MZ7oiMuFypBvy553gTdt_6XWHT-XyJe5QmeqSmHOzL5WwfgSTRV1smF6dGiXE7jYKi8LgsZISTaw\" alt=\"null\" \/><\/p>\n<p>Las lesiones cerebrales pueden ser uno de los peores tipos de trauma que alguien pueda sufrir. Las lesiones cerebrales traum\u00e1ticas (TBI, por sus siglas en ingl\u00e9s) afectan directamente la forma en que una persona piensa, act\u00faa y siente. Estos cambios pueden tardar un tiempo en desarrollarse o pueden ocurrir instant\u00e1neamente despu\u00e9s de un accidente.<\/p>\n<p>La gravedad de una lesi\u00f3n cerebral a veces depende de la intensidad del golpe y de la ubicaci\u00f3n exacta del impacto en el cr\u00e1neo. Las personas que sufren lesiones cerebrales pueden descubrir s\u00edntomas que van desde dolores de cabeza leves hasta per\u00edodos prolongados de inconsciencia. Si usted o un ser querido ha sufrido una lesi\u00f3n cerebral debido a la negligencia de otro<strong>,<\/strong> es posible que tenga un caso de lesiones personales.<\/p>\n<p>En Los Abogados de la Costa Oeste, nuestros\u00a0<strong>abogados de lesiones cerebrales de Riverside\u00a0<\/strong>tienen como objetivo obtener la m\u00e1xima compensaci\u00f3n para nuestros clientes. Con nuestro historial de ganar m\u00e1s de 5,000 casos de lesiones personales y recuperar m\u00e1s de $1,000 millones en acuerdos, podemos decir con confianza que su caso estar\u00e1 en buenas manos.<\/p>\n<p>Para programar una consulta gratuita y sin compromiso en nuestro\u00a0<strong>bufete de abogados de lesiones personales de Riverside<\/strong>, comun\u00edquese con nuestro equipo legal las 24 horas, los 7 d\u00edas de la semana llamando al\u00a0<strong>(951) 393-1299<\/strong> o enviando un correo electr\u00f3nico\u00a0<a href=\"mailto:info@westcoasttriallawyers.com\"><strong>a info@westcoasttriallawyers.com<\/strong><\/a><strong>.\u00a0<\/strong><\/p>\n<h4><strong>Tipos de Lesiones<\/strong><\/h4>\n<p>cerebrales Cada lesi\u00f3n cerebral es diferente. No hay una forma segura de predecir c\u00f3mo afectar\u00e1 a una persona espec\u00edfica. Sin embargo, las lesiones cerebrales generalmente se dividen en tres categor\u00edas:<\/p>\n<ol>\n<li><strong>Lesiones cerebrales traum\u00e1ticas leves.\u00a0<\/strong>Aunque este tipo de lesiones se consideran leves en comparaci\u00f3n con las lesiones m\u00e1s graves, los efectos en una persona y su familia pueden ser igualmente catastr\u00f3ficos. Por lo general, una lesi\u00f3n cerebral traum\u00e1tica se considera leve si los efectos inmediatos, como confusi\u00f3n o delirio, no duran m\u00e1s de 30 minutos. Los efectos a largo plazo incluyen p\u00e9rdida de memoria, cambios de humor, dolores de cabeza, frustraci\u00f3n, d\u00e9ficit de atenci\u00f3n, v\u00f3mitos y mareos.<\/li>\n<li><a href=\"https:\/\/www.traumaticbraininjury.com\/mild-tbi-symptoms\/\"><strong>Lesiones cerebrales traum\u00e1ticas moderadas.\u00a0<\/strong><\/a>moderado TBI es mucho m\u00e1s intenso que las heridas leves. A menudo son causados \u200b\u200bpor una fuerza contundente no penetrante o sacudidas violentas en la cabeza. Desafortunadamente, muchos de los que sufren de una lesi\u00f3n cerebral traum\u00e1tica moderada se enfrentar\u00e1n a impedimentos de por vida. Este tipo de lesi\u00f3n puede ser categorizados por p\u00e9rdida del conocimiento que puede durar horas, o confusi\u00f3n que puede durar semanas. Los s\u00edntomas y efectos incluyen contusiones, sangrado, largos per\u00edodos de inconsciencia y lapsos cerebrales.<\/li>\n<li><strong>Lesiones cerebrales graves.\u00a0<\/strong>Esto se considera como el peor tipo de lesi\u00f3n cerebral. La mayor\u00eda de las veces, las lesiones cerebrales graves causan complicaciones de por vida y pueden dejar a una persona en coma durante meses o, a veces, a\u00f1os. Las lesiones cerebrales graves generalmente son causadas por golpes penetrantes en la cabeza o una fuerza aplastante. Varios s\u00edntomas pueden incluir coma, falta de sue\u00f1o, p\u00e9rdida de habilidades motoras, p\u00e9rdida de habilidades cognitivas y p\u00e9rdida de control del intestino o la vejiga.<\/li>\n<\/ol>\n<h4><strong>C\u00f3mo Prevenir una Lesi\u00f3n Cerebral<\/strong><\/h4>\n<p>Para disminuir la probabilidad de una lesi\u00f3n cerebral, debe considerar seguir estos consejos:<\/p>\n<ul>\n<li><strong>Siempre use un casco cuando realice actividades relacionadas con el deporte.\u00a0<\/strong>Los deportes, como el f\u00fatbol y el hockey, requieren un impacto f\u00edsico. Un casco ayudar\u00e1 a proteger su cerebro de un contacto agresivo duradero que puede provocar lesiones de moderadas a graves.<\/li>\n<li><strong>No beba alcohol sin moderaci\u00f3n.\u00a0<\/strong>El alcohol da\u00f1ar\u00e1 su mente y su visi\u00f3n. No ser\u00e1 consciente de su entorno y se caer\u00e1 con m\u00e1s frecuencia de lo que lo har\u00eda mientras est\u00e1 sobrio. Aseg\u00farese de controlar su consumo de alcohol para evitar cualquier posibilidad de da\u00f1ar su cabeza.<\/li>\n<li><strong>No consuma ninguna droga ilegal.<\/strong> Es peligroso consumir drogas ilegales ya que pueden contener qu\u00edmicos t\u00f3xicos que pueden da\u00f1ar tu cuerpo. Las drogas tambi\u00e9n tienen el efecto de da\u00f1ar el cerebro y la visi\u00f3n. Esto puede hacer que le resulte dif\u00edcil controlar su cuerpo.<\/li>\n<li><strong>No mandes mensajes y manejes.\u00a0<\/strong>Debe mantener la vista en la carretera en todo momento. Cualquier atenci\u00f3n que se desv\u00ede de la carretera aumentar\u00e1 la probabilidad de un accidente, independientemente de si ech\u00f3 un vistazo r\u00e1pido a su tel\u00e9fono. Su seguridad siempre debe ser su principal prioridad.<\/li>\n<li><strong>Siempre tenga puesto el cintur\u00f3n de seguridad cuando maneje.\u00a0<\/strong>Por ley, debe tener puesto el cintur\u00f3n de seguridad cuando se conduce el veh\u00edculo. Lo proteger\u00e1 de sufrir lesiones graves causadas por un accidente, como golpearse contra el parabrisas o salir volando de su veh\u00edculo.<\/li>\n<li><strong>Coloque equipo de prevenci\u00f3n de ca\u00eddas alrededor de la casa.<\/strong> Se recomienda encarecidamente que instale protectores de ventanas y puertas de seguridad en su hogar. Los protectores de ventanas evitar\u00e1n que te caigas por la ventana, mientras que una puerta de seguridad puede bloquear la escalera para evitar que los ni\u00f1os accedan a ella sin supervisi\u00f3n. Los manteles individuales tambi\u00e9n son ideales para colocarlos en el suelo del ba\u00f1o junto a la ducha y\/o la ba\u00f1era. Esto ayudar\u00e1 a prevenir accidentes por resbalones y ca\u00eddas.<\/li>\n<\/ul>\n<h4><strong>Cont\u00e1ctenos Hoy!<\/strong><\/h4>\n<p>Si ha sufrido lesiones en Riverside debido a la negligencia de un individuo, un<strong>\u00a0<\/strong>Abogado de lesiones personales de Riverside en\u00a0<a href=\"\/\"><strong>Abogados de la Costa Oeste<\/strong><\/a>\u00a0le ayudar\u00e1 a obtener la compensaci\u00f3n m\u00e1xima que merece por sus p\u00e9rdidas. Esto incluye facturas m\u00e9dicas, salarios perdidos, dolor y sufrimiento, y m\u00e1s.<\/p>\n<p>Comun\u00edquese hoy con nuestro equipo legal disponible las 24 horas, los 7 d\u00edas de la semana llamando al\u00a0<strong>(951) 393-1299<\/strong> o enviando un correo electr\u00f3nico\u00a0<strong>info@westcoasttriallawyers.com<\/strong> para programar una consulta gratuita en nuestro bufete de abogados de lesiones personales de Riverside.<br \/>\n<!-- WCTL_DEBUG: no shortcode in this_content --><\/p>\n","protected":false},"excerpt":{"rendered":"<p>\u00bfQu\u00e9 formas de Lesi\u00f3n Cerebral puede Sufrir una V\u00edctima? \u00bfC\u00f3mo Puede Reducir sus Posibilidades de Sufrir una Lesi\u00f3n Cerebral? Las lesiones cerebrales pueden ser uno de los peores tipos de trauma que alguien pueda sufrir. Las lesiones cerebrales traum\u00e1ticas (TBI, por sus siglas en ingl\u00e9s) afectan directamente la forma en que una persona piensa, act\u00faa [&hellip;]<\/p>\n","protected":false},"author":470,"featured_media":46999,"parent":47436,"menu_order":446,"comment_status":"closed","ping_status":"closed","template":"","meta":{"inline_featured_image":false,"footnotes":""},"class_list":["post-12917","page","type-page","status-publish","has-post-thumbnail","hentry"],"acf":[],"yoast_head":"<!-- This site is optimized with the Yoast SEO Premium plugin v26.0 (Yoast SEO v26.0) - https:\/\/yoast.com\/wordpress\/plugins\/seo\/ -->\n<title>Abogado Especializado en Lesiones Cerebrales en Riverside | West Coast Trial Lawyers<\/title>\n<meta name=\"robots\" content=\"index, follow, max-snippet:-1, max-image-preview:large, max-video-preview:-1\" \/>\n<link rel=\"canonical\" href=\"https:\/\/westcoasttriallawyers.com\/es\/california\/riverside\/abogados-lesiones-cerebrales-riverside\" \/>\n<meta property=\"og:locale\" content=\"es_ES\" \/>\n<meta property=\"og:type\" content=\"article\" \/>\n<meta property=\"og:title\" content=\"Abogado Especializado en Lesiones Cerebrales en Riverside\" \/>\n<meta property=\"og:description\" content=\"\u00bfQu\u00e9 formas de Lesi\u00f3n Cerebral puede Sufrir una V\u00edctima? \u00bfC\u00f3mo Puede Reducir sus Posibilidades de Sufrir una Lesi\u00f3n Cerebral? Las lesiones cerebrales pueden ser uno de los peores tipos de trauma que alguien pueda sufrir. Las lesiones cerebrales traum\u00e1ticas (TBI, por sus siglas en ingl\u00e9s) afectan directamente la forma en que una persona piensa, act\u00faa [&hellip;]\" \/>\n<meta property=\"og:url\" content=\"https:\/\/westcoasttriallawyers.com\/es\/california\/riverside\/abogados-lesiones-cerebrales-riverside\" \/>\n<meta property=\"og:site_name\" content=\"West Coast Trial Lawyers\" \/>\n<meta property=\"article:publisher\" content=\"https:\/\/www.facebook.com\/westcoasttriallawyers\/\" \/>\n<meta property=\"article:modified_time\" content=\"2026-01-23T22:56:30+00:00\" \/>\n<meta property=\"og:image\" content=\"https:\/\/westcoasttriallawyers.com\/wp-content\/uploads\/2025\/07\/Riverside-17.webp\" \/>\n\t<meta property=\"og:image:width\" content=\"557\" \/>\n\t<meta property=\"og:image:height\" content=\"327\" \/>\n\t<meta property=\"og:image:type\" content=\"image\/webp\" \/>\n<meta name=\"twitter:card\" content=\"summary_large_image\" \/>\n<meta name=\"twitter:site\" content=\"@WestCoastTrial\" \/>\n<meta name=\"twitter:label1\" content=\"Tiempo de lectura\" \/>\n\t<meta name=\"twitter:data1\" content=\"5 minutos\" \/>\n<script type=\"application\/ld+json\" class=\"yoast-schema-graph\">{\"@context\":\"https:\/\/schema.org\",\"@graph\":[{\"@type\":[\"WebPage\",\"ItemPage\"],\"@id\":\"https:\/\/westcoasttriallawyers.com\/es\/california\/riverside\/abogados-lesiones-cerebrales-riverside\",\"url\":\"https:\/\/westcoasttriallawyers.com\/es\/california\/riverside\/abogados-lesiones-cerebrales-riverside\",\"name\":\"Abogado Especializado en Lesiones Cerebrales en Riverside | West Coast Trial Lawyers\",\"isPartOf\":{\"@id\":\"https:\/\/westcoasttriallawyers.com\/es#website\"},\"primaryImageOfPage\":{\"@id\":\"https:\/\/westcoasttriallawyers.com\/es\/california\/riverside\/abogados-lesiones-cerebrales-riverside#primaryimage\"},\"image\":{\"@id\":\"https:\/\/westcoasttriallawyers.com\/es\/california\/riverside\/abogados-lesiones-cerebrales-riverside#primaryimage\"},\"thumbnailUrl\":\"https:\/\/westcoasttriallawyers.com\/wp-content\/uploads\/2025\/07\/Riverside-17.webp\",\"datePublished\":\"2026-01-14T18:23:41+00:00\",\"dateModified\":\"2026-01-23T22:56:30+00:00\",\"breadcrumb\":{\"@id\":\"https:\/\/westcoasttriallawyers.com\/es\/california\/riverside\/abogados-lesiones-cerebrales-riverside#breadcrumb\"},\"inLanguage\":\"es\",\"potentialAction\":[{\"@type\":\"ReadAction\",\"target\":[\"https:\/\/westcoasttriallawyers.com\/es\/california\/riverside\/abogados-lesiones-cerebrales-riverside\"]}]},{\"@type\":\"ImageObject\",\"inLanguage\":\"es\",\"@id\":\"https:\/\/westcoasttriallawyers.com\/es\/california\/riverside\/abogados-lesiones-cerebrales-riverside#primaryimage\",\"url\":\"https:\/\/westcoasttriallawyers.com\/wp-content\/uploads\/2025\/07\/Riverside-17.webp\",\"contentUrl\":\"https:\/\/westcoasttriallawyers.com\/wp-content\/uploads\/2025\/07\/Riverside-17.webp\",\"width\":557,\"height\":327},{\"@type\":\"BreadcrumbList\",\"@id\":\"https:\/\/westcoasttriallawyers.com\/es\/california\/riverside\/abogados-lesiones-cerebrales-riverside#breadcrumb\",\"itemListElement\":[{\"@type\":\"ListItem\",\"position\":1,\"name\":\"Inicio\",\"item\":\"https:\/\/westcoasttriallawyers.com\/es\"},{\"@type\":\"ListItem\",\"position\":2,\"name\":\"California\",\"item\":\"https:\/\/westcoasttriallawyers.com\/es\/california\"},{\"@type\":\"ListItem\",\"position\":3,\"name\":\"Riverside\",\"item\":\"https:\/\/westcoasttriallawyers.com\/es\/california\/riverside\"},{\"@type\":\"ListItem\",\"position\":4,\"name\":\"Abogado Especializado en Lesiones Cerebrales en Riverside\"}]},{\"@type\":\"WebSite\",\"@id\":\"https:\/\/westcoasttriallawyers.com\/es#website\",\"url\":\"https:\/\/westcoasttriallawyers.com\/es\",\"name\":\"West Coast Trial Lawyers\",\"description\":\"West Coast Trial Lawyers\",\"publisher\":{\"@id\":\"https:\/\/westcoasttriallawyers.com\/es#organization\"},\"alternateName\":\"WCTL\",\"potentialAction\":[{\"@type\":\"SearchAction\",\"target\":{\"@type\":\"EntryPoint\",\"urlTemplate\":\"https:\/\/westcoasttriallawyers.com\/es?s={search_term_string}\"},\"query-input\":{\"@type\":\"PropertyValueSpecification\",\"valueRequired\":true,\"valueName\":\"search_term_string\"}}],\"inLanguage\":\"es\"},{\"@type\":\"Organization\",\"@id\":\"https:\/\/westcoasttriallawyers.com\/es#organization\",\"name\":\"West Coast Trial Lawyers\",\"alternateName\":\"WCTL\",\"url\":\"https:\/\/westcoasttriallawyers.com\/es\",\"logo\":{\"@type\":\"ImageObject\",\"inLanguage\":\"es\",\"@id\":\"https:\/\/westcoasttriallawyers.com\/es#\/schema\/logo\/image\/\",\"url\":\"https:\/\/westcoasttriallawyers.com\/wp-content\/uploads\/2026\/02\/WCTL-Logo.jpg\",\"contentUrl\":\"https:\/\/westcoasttriallawyers.com\/wp-content\/uploads\/2026\/02\/WCTL-Logo.jpg\",\"width\":696,\"height\":696,\"caption\":\"West Coast Trial Lawyers\"},\"image\":{\"@id\":\"https:\/\/westcoasttriallawyers.com\/es#\/schema\/logo\/image\/\"},\"sameAs\":[\"https:\/\/www.facebook.com\/westcoasttriallawyers\/\",\"https:\/\/x.com\/WestCoastTrial\",\"https:\/\/www.linkedin.com\/company\/west-coast-trial-lawyers\/\",\"https:\/\/www.instagram.com\/westcoasttriallawyers\/\",\"https:\/\/www.yelp.com\/biz\/west-coast-trial-lawyers-los-angeles-2\",\"https:\/\/www.pinterest.com\/westcoasttrial\/\",\"https:\/\/www.youtube.com\/westcoasttriallawyersla\/\",\"https:\/\/www.tiktok.com\/westcoasttriallawyers\"],\"description\":\"West Coast Trial Lawyers is a top-rated personal injury law firm with a goal to provide expert legal representation to those in need. The law firm has offices across California, Nevada, Arizona, and Washington.\",\"legalName\":\"West Coast Trial Lawyers\"}]}<\/script>\n<!-- \/ Yoast SEO Premium plugin. -->","yoast_head_json":{"title":"Abogado Especializado en Lesiones Cerebrales en Riverside | West Coast Trial Lawyers","robots":{"index":"index","follow":"follow","max-snippet":"max-snippet:-1","max-image-preview":"max-image-preview:large","max-video-preview":"max-video-preview:-1"},"canonical":"https:\/\/westcoasttriallawyers.com\/es\/california\/riverside\/abogados-lesiones-cerebrales-riverside","og_locale":"es_ES","og_type":"article","og_title":"Abogado Especializado en Lesiones Cerebrales en Riverside","og_description":"\u00bfQu\u00e9 formas de Lesi\u00f3n Cerebral puede Sufrir una V\u00edctima? \u00bfC\u00f3mo Puede Reducir sus Posibilidades de Sufrir una Lesi\u00f3n Cerebral? Las lesiones cerebrales pueden ser uno de los peores tipos de trauma que alguien pueda sufrir. Las lesiones cerebrales traum\u00e1ticas (TBI, por sus siglas en ingl\u00e9s) afectan directamente la forma en que una persona piensa, act\u00faa [&hellip;]","og_url":"https:\/\/westcoasttriallawyers.com\/es\/california\/riverside\/abogados-lesiones-cerebrales-riverside","og_site_name":"West Coast Trial Lawyers","article_publisher":"https:\/\/www.facebook.com\/westcoasttriallawyers\/","article_modified_time":"2026-01-23T22:56:30+00:00","og_image":[{"width":557,"height":327,"url":"https:\/\/westcoasttriallawyers.com\/wp-content\/uploads\/2025\/07\/Riverside-17.webp","type":"image\/webp"}],"twitter_card":"summary_large_image","twitter_site":"@WestCoastTrial","twitter_misc":{"Tiempo de lectura":"5 minutos"},"schema":{"@context":"https:\/\/schema.org","@graph":[{"@type":["WebPage","ItemPage"],"@id":"https:\/\/westcoasttriallawyers.com\/es\/california\/riverside\/abogados-lesiones-cerebrales-riverside","url":"https:\/\/westcoasttriallawyers.com\/es\/california\/riverside\/abogados-lesiones-cerebrales-riverside","name":"Abogado Especializado en Lesiones Cerebrales en Riverside | West Coast Trial Lawyers","isPartOf":{"@id":"https:\/\/westcoasttriallawyers.com\/es#website"},"primaryImageOfPage":{"@id":"https:\/\/westcoasttriallawyers.com\/es\/california\/riverside\/abogados-lesiones-cerebrales-riverside#primaryimage"},"image":{"@id":"https:\/\/westcoasttriallawyers.com\/es\/california\/riverside\/abogados-lesiones-cerebrales-riverside#primaryimage"},"thumbnailUrl":"https:\/\/westcoasttriallawyers.com\/wp-content\/uploads\/2025\/07\/Riverside-17.webp","datePublished":"2026-01-14T18:23:41+00:00","dateModified":"2026-01-23T22:56:30+00:00","breadcrumb":{"@id":"https:\/\/westcoasttriallawyers.com\/es\/california\/riverside\/abogados-lesiones-cerebrales-riverside#breadcrumb"},"inLanguage":"es","potentialAction":[{"@type":"ReadAction","target":["https:\/\/westcoasttriallawyers.com\/es\/california\/riverside\/abogados-lesiones-cerebrales-riverside"]}]},{"@type":"ImageObject","inLanguage":"es","@id":"https:\/\/westcoasttriallawyers.com\/es\/california\/riverside\/abogados-lesiones-cerebrales-riverside#primaryimage","url":"https:\/\/westcoasttriallawyers.com\/wp-content\/uploads\/2025\/07\/Riverside-17.webp","contentUrl":"https:\/\/westcoasttriallawyers.com\/wp-content\/uploads\/2025\/07\/Riverside-17.webp","width":557,"height":327},{"@type":"BreadcrumbList","@id":"https:\/\/westcoasttriallawyers.com\/es\/california\/riverside\/abogados-lesiones-cerebrales-riverside#breadcrumb","itemListElement":[{"@type":"ListItem","position":1,"name":"Inicio","item":"https:\/\/westcoasttriallawyers.com\/es"},{"@type":"ListItem","position":2,"name":"California","item":"https:\/\/westcoasttriallawyers.com\/es\/california"},{"@type":"ListItem","position":3,"name":"Riverside","item":"https:\/\/westcoasttriallawyers.com\/es\/california\/riverside"},{"@type":"ListItem","position":4,"name":"Abogado Especializado en Lesiones Cerebrales en Riverside"}]},{"@type":"WebSite","@id":"https:\/\/westcoasttriallawyers.com\/es#website","url":"https:\/\/westcoasttriallawyers.com\/es","name":"West Coast Trial Lawyers","description":"West Coast Trial Lawyers","publisher":{"@id":"https:\/\/westcoasttriallawyers.com\/es#organization"},"alternateName":"WCTL","potentialAction":[{"@type":"SearchAction","target":{"@type":"EntryPoint","urlTemplate":"https:\/\/westcoasttriallawyers.com\/es?s={search_term_string}"},"query-input":{"@type":"PropertyValueSpecification","valueRequired":true,"valueName":"search_term_string"}}],"inLanguage":"es"},{"@type":"Organization","@id":"https:\/\/westcoasttriallawyers.com\/es#organization","name":"West Coast Trial Lawyers","alternateName":"WCTL","url":"https:\/\/westcoasttriallawyers.com\/es","logo":{"@type":"ImageObject","inLanguage":"es","@id":"https:\/\/westcoasttriallawyers.com\/es#\/schema\/logo\/image\/","url":"https:\/\/westcoasttriallawyers.com\/wp-content\/uploads\/2026\/02\/WCTL-Logo.jpg","contentUrl":"https:\/\/westcoasttriallawyers.com\/wp-content\/uploads\/2026\/02\/WCTL-Logo.jpg","width":696,"height":696,"caption":"West Coast Trial Lawyers"},"image":{"@id":"https:\/\/westcoasttriallawyers.com\/es#\/schema\/logo\/image\/"},"sameAs":["https:\/\/www.facebook.com\/westcoasttriallawyers\/","https:\/\/x.com\/WestCoastTrial","https:\/\/www.linkedin.com\/company\/west-coast-trial-lawyers\/","https:\/\/www.instagram.com\/westcoasttriallawyers\/","https:\/\/www.yelp.com\/biz\/west-coast-trial-lawyers-los-angeles-2","https:\/\/www.pinterest.com\/westcoasttrial\/","https:\/\/www.youtube.com\/westcoasttriallawyersla\/","https:\/\/www.tiktok.com\/westcoasttriallawyers"],"description":"West Coast Trial Lawyers is a top-rated personal injury law firm with a goal to provide expert legal representation to those in need. The law firm has offices across California, Nevada, Arizona, and Washington.","legalName":"West Coast Trial Lawyers"}]}},"_links":{"self":[{"href":"https:\/\/westcoasttriallawyers.com\/es\/wp-json\/wp\/v2\/pages\/12917","targetHints":{"allow":["GET"]}}],"collection":[{"href":"https:\/\/westcoasttriallawyers.com\/es\/wp-json\/wp\/v2\/pages"}],"about":[{"href":"https:\/\/westcoasttriallawyers.com\/es\/wp-json\/wp\/v2\/types\/page"}],"author":[{"embeddable":true,"href":"https:\/\/westcoasttriallawyers.com\/es\/wp-json\/wp\/v2\/users\/470"}],"replies":[{"embeddable":true,"href":"https:\/\/westcoasttriallawyers.com\/es\/wp-json\/wp\/v2\/comments?post=12917"}],"version-history":[{"count":2,"href":"https:\/\/westcoasttriallawyers.com\/es\/wp-json\/wp\/v2\/pages\/12917\/revisions"}],"predecessor-version":[{"id":48197,"href":"https:\/\/westcoasttriallawyers.com\/es\/wp-json\/wp\/v2\/pages\/12917\/revisions\/48197"}],"up":[{"embeddable":true,"href":"https:\/\/westcoasttriallawyers.com\/es\/wp-json\/wp\/v2\/pages\/47436"}],"wp:featuredmedia":[{"embeddable":true,"href":"https:\/\/westcoasttriallawyers.com\/es\/wp-json\/wp\/v2\/media\/46999"}],"wp:attachment":[{"href":"https:\/\/westcoasttriallawyers.com\/es\/wp-json\/wp\/v2\/media?parent=12917"}],"curies":[{"name":"wp","href":"https:\/\/api.w.org\/{rel}","templated":true}]}}