{"id":12916,"date":"2026-01-14T18:23:47","date_gmt":"2026-01-14T18:23:47","guid":{"rendered":"https:\/\/wctl1stg.wpengine.com\/?page_id=12916"},"modified":"2026-01-22T10:49:13","modified_gmt":"2026-01-22T10:49:13","slug":"leyes-de-scooters-electricos-en-riverside","status":"publish","type":"page","link":"https:\/\/westcoasttriallawyers.com\/es\/california\/riverside\/leyes-de-scooters-electricos-en-riverside","title":{"rendered":"Leyes de scooters el\u00e9ctricos en Riverside"},"content":{"rendered":"<h2><strong>La popularidad de los patinetes el\u00e9ctricos y los riesgos de seguridad asociados<\/strong><\/h2>\n<p>En los \u00faltimos a\u00f1os, California ha experimentado un r\u00e1pido crecimiento con el uso de scooters y bicicletas el\u00e9ctricas. Esto probablemente se deba a la noci\u00f3n percibida de que los e-scooters y las e-bikes no solo son beneficiosos para la salud f\u00edsica del ciclista, sino tambi\u00e9n para el medio ambiente.<\/p>\n<p>Riverside conoci\u00f3 los e-scooters en septiembre de 2018. Desde entonces, muchas personas han utilizado e-scooters. Con la conveniencia y la asequibilidad que las empresas de e-scooter, como Bird y Lime, ofrecen a sus usuarios, no es de extra\u00f1ar por qu\u00e9 tantas personas se ven a menudo andando en ellos por la ciudad. A pesar de que estos servicios brindan beneficios, tambi\u00e9n presentan algunas desventajas.<\/p>\n<p>Los scooters el\u00e9ctricos est\u00e1n hechos para ofrecer un transporte conveniente. No se proporciona equipo de seguridad, como cascos y coderas. Esto podr\u00eda aumentar la probabilidad de sufrir una lesi\u00f3n grave si el ciclista se involucrara en un accidente. Adem\u00e1s, aquellos que utilizan estos servicios de e-scooter a menudo son personas que tienen poca o ninguna experiencia en la conducci\u00f3n de un e-scooter. Si el ciclista carece de conocimiento y experiencia, podr\u00eda dificultar que conduzca sin caerse. Esto puede convertirse en una situaci\u00f3n peligrosa tanto para el conductor como para los peatones cercanos.<\/p>\n<p>Si usted es v\u00edctima de un accidente de e-scooter y desea entablar una demanda contra la parte culpable, West Coast Trial Lawyers cuenta con abogados experimentados en accidentes de e-scooter de Riverside que est\u00e1n disponibles para brindarle asistencia legal. Con nuestro historial de ganar m\u00e1s de 5,000 casos de lesiones personales y recuperar m\u00e1s de $ 1 mil millones en acuerdos para nuestros clientes, estamos seguros de que obtendremos un buen resultado en su caso.<\/p>\n<p>Para programar una consulta gratuita y sin compromiso en nuestro bufete de abogados de lesiones personales de Riverside, comun\u00edquese con nuestro equipo legal las 24 horas, los 7 d\u00edas de la semana llamando al&nbsp;<strong>(951) 393-1299<\/strong> o enviando un correo electr\u00f3nico a&nbsp;<a href=\"mailto:info@westcoasttriallawyers.com\"><strong>info@westcoasttriallawyers.com<\/strong><\/a><strong>.&nbsp;<\/strong><\/p>\n<h2><strong>La popularidad de los scooters el\u00e9ctricos UC Riverside<\/strong><\/h2>\n<p>Bird inform\u00f3 una ola inicial de 90,000 viajes en un per\u00edodo de 3 meses en UC Riverside. Sin embargo, entonces hubo una disminuci\u00f3n significativa en el uso de scooters el\u00e9ctricos. Seg\u00fan Irma Henderson, directora de Servicios de Transporte y Estacionamiento de la Universidad de California Riverside, \u00abFue una ca\u00edda lenta despu\u00e9s de la ca\u00edda\u00bb.<\/p>\n<p>Hoy en d\u00eda, la mayor\u00eda de los e-scooters y e-bikes de Riverside son de propiedad y operaci\u00f3n privada. De hecho, el uso de e-scooters se ha restringido en las aceras y caminos de UC Riverside. Los scooters el\u00e9ctricos se han vuelto tan impopulares que se retiraron del campus 500 scooters abandonados registrados debido a la falta de uso.<\/p>\n<p>Desde entonces, UC Riverside ha tomado la iniciativa de establecer normas y reglamentos que garanticen tanto la seguridad p\u00fablica como el respeto al medio ambiente. Estas normas dictan:<\/p>\n<ul>\n<li>Un l\u00edmite electr\u00f3nico que alerta a los ciclistas si pasan por zonas restringidas.<\/li>\n<li>Un programa de permisos y tarifas que restringe la cantidad de empresas y dispositivos de e-scooters que pueden operar no solo en el campus, sino en Riverside en general.<\/li>\n<li>Un l\u00edmite m\u00e1ximo de velocidad.<\/li>\n<li>La eliminaci\u00f3n de dispositivos rotos, abandonados o mal estacionados.<\/li>\n<\/ul>\n<h2><strong>Consejos de seguridad para patinetes el\u00e9ctricos<\/strong><\/h2>\n<p>La introducci\u00f3n y popularidad de los patinetes el\u00e9ctricos ha fomentado modificaciones a las leyes actuales. Por ejemplo, independientemente de la edad, la ley anterior del estado de California requer\u00eda que todos los usuarios de scooters el\u00e9ctricos usar\u00e1n un casco est\u00e1ndar. Sin embargo, seg\u00fan los portavoces de las principales compa\u00f1\u00edas de scooters el\u00e9ctricos, como Uber, Lyft y Bird, el requisito previo del casco es perjudicial para sus negocios. Las regulaciones de scooters el\u00e9ctricos est\u00e1n actualmente bajo escrutinio. Sin embargo, independientemente de la ley, hay consejos de seguridad en los que la mayor\u00eda puede estar de acuerdo:<\/p>\n<ul>\n<li><strong>Usa un casco.<\/strong> Siempre es una buena idea usar un casco, independientemente de la edad o las leyes locales. Se ha demostrado que los cascos no solo reducen las lesiones, sino que tambi\u00e9n salvan vidas en caso de accidente.<\/li>\n<li><strong>Conservar una licencia de conducir v\u00e1lida.<\/strong> La ley de California requiere que los conductores de scooters el\u00e9ctricos tengan una licencia de conducir. Se espera que los conductores de patinetes el\u00e9ctricos tengan conocimientos actualizados y pr\u00e1cticos de las normas de circulaci\u00f3n.<\/li>\n<li><strong>No exceda el l\u00edmite de velocidad.<\/strong> La mayor\u00eda de los requisitos de la ciudad proh\u00edben que los usuarios de scooters el\u00e9ctricos excedan las velocidades superiores a 15 mph.<\/li>\n<\/ul>\n<h2><strong>Accidentes de scooter el\u00e9ctrico<\/strong><\/h2>\n<p>La seguridad ha sido un punto importante de discusi\u00f3n con respecto a la regulaci\u00f3n de scooters el\u00e9ctricos. El rechazo de las principales compa\u00f1\u00edas, como Uber, Lyft y Bird, ha alterado la ley en lo que respecta a los requisitos del casco y las zonas de conducci\u00f3n restringidas. Sin embargo, independientemente del rigor y la severidad de las normas, los accidentes siguen ocurriendo.<\/p>\n<p>Desafortunadamente, no hay suficiente informaci\u00f3n registrada que detalle las lesiones por patinetes el\u00e9ctricos en California. Sin embargo, la Oficina de Transporte de Portland registr\u00f3 una tasa de lesiones de e-scooter de 2.2 accidentes por cada 10,000 millas.<\/p>\n<p>Sin embargo, Paul Steele, director de pol\u00edtica y defensa de la seguridad de Bird, abord\u00f3 las preocupaciones de seguridad con esta declaraci\u00f3n: \u00abEl informe de datos compartidos de lesiones de e-scooters carece del contexto importante necesario para apreciar el problema de la seguridad del transporte: la cantidad de lesiones reportadas hasta ahora ser\u00eda ascienden a menos de una fracci\u00f3n del uno por ciento del n\u00famero total de viajes en e-scooter realizados en todo el mundo. Conducir es mucho m\u00e1s mortal para todos, como lo demuestran los 6000 peatones que murieron en las carreteras de EE. UU. en 2017. En todo el mundo, los accidentes automovil\u00edsticos matan a m\u00e1s de un mill\u00f3n de personas cada a\u00f1o. Y por cada persona que muere un autom\u00f3vil en el impacto, muchas m\u00e1s vidas se ver\u00e1n truncadas debido en parte a su impacto devastador en nuestro clima\u201d.<\/p>\n<h2><strong>Causas comunes de lesiones por patinete el\u00e9ctrico<\/strong><\/h2>\n<p>Al igual que con cualquier modo de transporte, existe un cierto nivel de riesgo que est\u00e1 involucrado. Las lesiones debidas a accidentes de e-scooter pueden ser causadas por:<\/p>\n<ul>\n<li><strong>Colisiones de tr\u00e1fico.<\/strong> Al igual que con otros veh\u00edculos, los scooters el\u00e9ctricos est\u00e1n m\u00e1s expuestos al peligro cuando giran a la izquierda o cruzan una intersecci\u00f3n.<\/li>\n<li><strong>Colisiones de peatones.<\/strong> Las calles abarrotadas a menudo hacen que los usuarios de scooters el\u00e9ctricos se distraigan y pueden provocar un accidente.<\/li>\n<li><strong>Pavimento irregular u otros peligros en la carretera.<\/strong> La se\u00f1alizaci\u00f3n incorrecta, las obstrucciones en la carretera y el pavimento agrietado representan un peligro para los usuarios de scooters el\u00e9ctricos.<\/li>\n<li><strong>Aumento de la velocidad y otras infracciones de las leyes de tr\u00e1nsito.<\/strong> Los conductores de scooters est\u00e1n obligados por ley a seguir las normas de tr\u00e1fico, incluidas las se\u00f1ales de alto\/ceder el paso y las se\u00f1ales manuales.<\/li>\n<li><strong>Mal funcionamiento del patinete.<\/strong> El mal manejo de los e-scooters ha provocado piezas da\u00f1adas y mal funcionamiento. Las piezas rotas, como frenos y cerraduras, pueden provocar un accidente de e-scooter.<\/li>\n<\/ul>\n<h2><strong>Los abogados litigantes de la costa oeste est\u00e1n aqu\u00ed para ayudar<\/strong><\/h2>\n<p>Si sufri\u00f3 lesiones en Riverside debido a un accidente de scooter, un abogado de lesiones personales de Riverside en West Coast Trial Lawyers puede ayudarlo a recuperar una compensaci\u00f3n por sus p\u00e9rdidas. Los da\u00f1os recuperables incluyen facturas m\u00e9dicas, da\u00f1os a la propiedad, salarios perdidos, p\u00e9rdida de consorcio y dolor y sufrimiento.<\/p>\n<p>Comun\u00edquese hoy con nuestro equipo legal disponible las 24 horas, los 7 d\u00edas de la semana llamando al&nbsp;<strong>(951) 393-1299<\/strong> o enviando un correo electr\u00f3nico a&nbsp;<a href=\"mailto:info@westcoasttriallawyers.com\"><strong>info@westcoasttriallawyers.com<\/strong><\/a> para programar una consulta gratuita en nuestro bufete de abogados de lesiones personales de Riverside.<br \/>\n<!-- WCTL_DEBUG: no shortcode in this_content --><\/p>\n","protected":false},"excerpt":{"rendered":"<p>La popularidad de los patinetes el\u00e9ctricos y los riesgos de seguridad asociados En los \u00faltimos a\u00f1os, California ha experimentado un r\u00e1pido crecimiento con el uso de scooters y bicicletas el\u00e9ctricas. Esto probablemente se deba a la noci\u00f3n percibida de que los e-scooters y las e-bikes no solo son beneficiosos para la salud f\u00edsica del ciclista, [&hellip;]<\/p>\n","protected":false},"author":475,"featured_media":47029,"parent":47436,"menu_order":0,"comment_status":"closed","ping_status":"closed","template":"","meta":{"inline_featured_image":false,"footnotes":""},"class_list":["post-12916","page","type-page","status-publish","has-post-thumbnail","hentry"],"acf":[],"yoast_head":"<!-- This site is optimized with the Yoast SEO Premium plugin v26.0 (Yoast SEO v26.0) - https:\/\/yoast.com\/wordpress\/plugins\/seo\/ -->\n<title>Leyes de scooters el\u00e9ctricos en Riverside | West Coast Trial Lawyers<\/title>\n<meta name=\"robots\" content=\"index, follow, max-snippet:-1, max-image-preview:large, max-video-preview:-1\" \/>\n<link rel=\"canonical\" href=\"https:\/\/westcoasttriallawyers.com\/es\/california\/riverside\/leyes-de-scooters-electricos-en-riverside\" \/>\n<meta property=\"og:locale\" content=\"es_ES\" \/>\n<meta property=\"og:type\" content=\"article\" \/>\n<meta property=\"og:title\" content=\"Leyes de scooters el\u00e9ctricos en Riverside\" \/>\n<meta property=\"og:description\" content=\"La popularidad de los patinetes el\u00e9ctricos y los riesgos de seguridad asociados En los \u00faltimos a\u00f1os, California ha experimentado un r\u00e1pido crecimiento con el uso de scooters y bicicletas el\u00e9ctricas. Esto probablemente se deba a la noci\u00f3n percibida de que los e-scooters y las e-bikes no solo son beneficiosos para la salud f\u00edsica del ciclista, [&hellip;]\" \/>\n<meta property=\"og:url\" content=\"https:\/\/westcoasttriallawyers.com\/es\/california\/riverside\/leyes-de-scooters-electricos-en-riverside\" \/>\n<meta property=\"og:site_name\" content=\"West Coast Trial Lawyers\" \/>\n<meta property=\"article:publisher\" content=\"https:\/\/www.facebook.com\/westcoasttriallawyers\/\" \/>\n<meta property=\"article:modified_time\" content=\"2026-01-22T10:49:13+00:00\" \/>\n<meta property=\"og:image\" content=\"https:\/\/westcoasttriallawyers.com\/wp-content\/uploads\/2025\/07\/Riverside-29.webp\" \/>\n\t<meta property=\"og:image:width\" content=\"557\" \/>\n\t<meta property=\"og:image:height\" content=\"327\" \/>\n\t<meta property=\"og:image:type\" content=\"image\/webp\" \/>\n<meta name=\"twitter:card\" content=\"summary_large_image\" \/>\n<meta name=\"twitter:site\" content=\"@WestCoastTrial\" \/>\n<meta name=\"twitter:label1\" content=\"Tiempo de lectura\" \/>\n\t<meta name=\"twitter:data1\" content=\"12 minutos\" \/>\n<script type=\"application\/ld+json\" class=\"yoast-schema-graph\">{\"@context\":\"https:\/\/schema.org\",\"@graph\":[{\"@type\":[\"WebPage\",\"ItemPage\"],\"@id\":\"https:\/\/westcoasttriallawyers.com\/es\/california\/riverside\/leyes-de-scooters-electricos-en-riverside\",\"url\":\"https:\/\/westcoasttriallawyers.com\/es\/california\/riverside\/leyes-de-scooters-electricos-en-riverside\",\"name\":\"Leyes de scooters el\u00e9ctricos en Riverside | West Coast Trial Lawyers\",\"isPartOf\":{\"@id\":\"https:\/\/westcoasttriallawyers.com\/es#website\"},\"primaryImageOfPage\":{\"@id\":\"https:\/\/westcoasttriallawyers.com\/es\/california\/riverside\/leyes-de-scooters-electricos-en-riverside#primaryimage\"},\"image\":{\"@id\":\"https:\/\/westcoasttriallawyers.com\/es\/california\/riverside\/leyes-de-scooters-electricos-en-riverside#primaryimage\"},\"thumbnailUrl\":\"https:\/\/westcoasttriallawyers.com\/wp-content\/uploads\/2025\/07\/Riverside-29.webp\",\"datePublished\":\"2026-01-14T18:23:47+00:00\",\"dateModified\":\"2026-01-22T10:49:13+00:00\",\"breadcrumb\":{\"@id\":\"https:\/\/westcoasttriallawyers.com\/es\/california\/riverside\/leyes-de-scooters-electricos-en-riverside#breadcrumb\"},\"inLanguage\":\"es\",\"potentialAction\":[{\"@type\":\"ReadAction\",\"target\":[\"https:\/\/westcoasttriallawyers.com\/es\/california\/riverside\/leyes-de-scooters-electricos-en-riverside\"]}]},{\"@type\":\"ImageObject\",\"inLanguage\":\"es\",\"@id\":\"https:\/\/westcoasttriallawyers.com\/es\/california\/riverside\/leyes-de-scooters-electricos-en-riverside#primaryimage\",\"url\":\"https:\/\/westcoasttriallawyers.com\/wp-content\/uploads\/2025\/07\/Riverside-29.webp\",\"contentUrl\":\"https:\/\/westcoasttriallawyers.com\/wp-content\/uploads\/2025\/07\/Riverside-29.webp\",\"width\":557,\"height\":327},{\"@type\":\"BreadcrumbList\",\"@id\":\"https:\/\/westcoasttriallawyers.com\/es\/california\/riverside\/leyes-de-scooters-electricos-en-riverside#breadcrumb\",\"itemListElement\":[{\"@type\":\"ListItem\",\"position\":1,\"name\":\"Inicio\",\"item\":\"https:\/\/westcoasttriallawyers.com\/es\"},{\"@type\":\"ListItem\",\"position\":2,\"name\":\"California\",\"item\":\"https:\/\/westcoasttriallawyers.com\/es\/california\"},{\"@type\":\"ListItem\",\"position\":3,\"name\":\"Riverside\",\"item\":\"https:\/\/westcoasttriallawyers.com\/es\/california\/riverside\"},{\"@type\":\"ListItem\",\"position\":4,\"name\":\"Leyes de scooters el\u00e9ctricos en Riverside\"}]},{\"@type\":\"WebSite\",\"@id\":\"https:\/\/westcoasttriallawyers.com\/es#website\",\"url\":\"https:\/\/westcoasttriallawyers.com\/es\",\"name\":\"West Coast Trial Lawyers\",\"description\":\"West Coast Trial Lawyers\",\"publisher\":{\"@id\":\"https:\/\/westcoasttriallawyers.com\/es#organization\"},\"alternateName\":\"WCTL\",\"potentialAction\":[{\"@type\":\"SearchAction\",\"target\":{\"@type\":\"EntryPoint\",\"urlTemplate\":\"https:\/\/westcoasttriallawyers.com\/es?s={search_term_string}\"},\"query-input\":{\"@type\":\"PropertyValueSpecification\",\"valueRequired\":true,\"valueName\":\"search_term_string\"}}],\"inLanguage\":\"es\"},{\"@type\":\"Organization\",\"@id\":\"https:\/\/westcoasttriallawyers.com\/es#organization\",\"name\":\"West Coast Trial Lawyers\",\"alternateName\":\"WCTL\",\"url\":\"https:\/\/westcoasttriallawyers.com\/es\",\"logo\":{\"@type\":\"ImageObject\",\"inLanguage\":\"es\",\"@id\":\"https:\/\/westcoasttriallawyers.com\/es#\/schema\/logo\/image\/\",\"url\":\"https:\/\/westcoasttriallawyers.com\/wp-content\/uploads\/2026\/02\/WCTL-Logo.jpg\",\"contentUrl\":\"https:\/\/westcoasttriallawyers.com\/wp-content\/uploads\/2026\/02\/WCTL-Logo.jpg\",\"width\":696,\"height\":696,\"caption\":\"West Coast Trial Lawyers\"},\"image\":{\"@id\":\"https:\/\/westcoasttriallawyers.com\/es#\/schema\/logo\/image\/\"},\"sameAs\":[\"https:\/\/www.facebook.com\/westcoasttriallawyers\/\",\"https:\/\/x.com\/WestCoastTrial\",\"https:\/\/www.linkedin.com\/company\/west-coast-trial-lawyers\/\",\"https:\/\/www.instagram.com\/westcoasttriallawyers\/\",\"https:\/\/www.yelp.com\/biz\/west-coast-trial-lawyers-los-angeles-2\",\"https:\/\/www.pinterest.com\/westcoasttrial\/\",\"https:\/\/www.youtube.com\/westcoasttriallawyersla\/\",\"https:\/\/www.tiktok.com\/westcoasttriallawyers\"],\"description\":\"West Coast Trial Lawyers is a top-rated personal injury law firm with a goal to provide expert legal representation to those in need. The law firm has offices across California, Nevada, Arizona, and Washington.\",\"legalName\":\"West Coast Trial Lawyers\"}]}<\/script>\n<!-- \/ Yoast SEO Premium plugin. -->","yoast_head_json":{"title":"Leyes de scooters el\u00e9ctricos en Riverside | West Coast Trial Lawyers","robots":{"index":"index","follow":"follow","max-snippet":"max-snippet:-1","max-image-preview":"max-image-preview:large","max-video-preview":"max-video-preview:-1"},"canonical":"https:\/\/westcoasttriallawyers.com\/es\/california\/riverside\/leyes-de-scooters-electricos-en-riverside","og_locale":"es_ES","og_type":"article","og_title":"Leyes de scooters el\u00e9ctricos en Riverside","og_description":"La popularidad de los patinetes el\u00e9ctricos y los riesgos de seguridad asociados En los \u00faltimos a\u00f1os, California ha experimentado un r\u00e1pido crecimiento con el uso de scooters y bicicletas el\u00e9ctricas. Esto probablemente se deba a la noci\u00f3n percibida de que los e-scooters y las e-bikes no solo son beneficiosos para la salud f\u00edsica del ciclista, [&hellip;]","og_url":"https:\/\/westcoasttriallawyers.com\/es\/california\/riverside\/leyes-de-scooters-electricos-en-riverside","og_site_name":"West Coast Trial Lawyers","article_publisher":"https:\/\/www.facebook.com\/westcoasttriallawyers\/","article_modified_time":"2026-01-22T10:49:13+00:00","og_image":[{"width":557,"height":327,"url":"https:\/\/westcoasttriallawyers.com\/wp-content\/uploads\/2025\/07\/Riverside-29.webp","type":"image\/webp"}],"twitter_card":"summary_large_image","twitter_site":"@WestCoastTrial","twitter_misc":{"Tiempo de lectura":"12 minutos"},"schema":{"@context":"https:\/\/schema.org","@graph":[{"@type":["WebPage","ItemPage"],"@id":"https:\/\/westcoasttriallawyers.com\/es\/california\/riverside\/leyes-de-scooters-electricos-en-riverside","url":"https:\/\/westcoasttriallawyers.com\/es\/california\/riverside\/leyes-de-scooters-electricos-en-riverside","name":"Leyes de scooters el\u00e9ctricos en Riverside | West Coast Trial Lawyers","isPartOf":{"@id":"https:\/\/westcoasttriallawyers.com\/es#website"},"primaryImageOfPage":{"@id":"https:\/\/westcoasttriallawyers.com\/es\/california\/riverside\/leyes-de-scooters-electricos-en-riverside#primaryimage"},"image":{"@id":"https:\/\/westcoasttriallawyers.com\/es\/california\/riverside\/leyes-de-scooters-electricos-en-riverside#primaryimage"},"thumbnailUrl":"https:\/\/westcoasttriallawyers.com\/wp-content\/uploads\/2025\/07\/Riverside-29.webp","datePublished":"2026-01-14T18:23:47+00:00","dateModified":"2026-01-22T10:49:13+00:00","breadcrumb":{"@id":"https:\/\/westcoasttriallawyers.com\/es\/california\/riverside\/leyes-de-scooters-electricos-en-riverside#breadcrumb"},"inLanguage":"es","potentialAction":[{"@type":"ReadAction","target":["https:\/\/westcoasttriallawyers.com\/es\/california\/riverside\/leyes-de-scooters-electricos-en-riverside"]}]},{"@type":"ImageObject","inLanguage":"es","@id":"https:\/\/westcoasttriallawyers.com\/es\/california\/riverside\/leyes-de-scooters-electricos-en-riverside#primaryimage","url":"https:\/\/westcoasttriallawyers.com\/wp-content\/uploads\/2025\/07\/Riverside-29.webp","contentUrl":"https:\/\/westcoasttriallawyers.com\/wp-content\/uploads\/2025\/07\/Riverside-29.webp","width":557,"height":327},{"@type":"BreadcrumbList","@id":"https:\/\/westcoasttriallawyers.com\/es\/california\/riverside\/leyes-de-scooters-electricos-en-riverside#breadcrumb","itemListElement":[{"@type":"ListItem","position":1,"name":"Inicio","item":"https:\/\/westcoasttriallawyers.com\/es"},{"@type":"ListItem","position":2,"name":"California","item":"https:\/\/westcoasttriallawyers.com\/es\/california"},{"@type":"ListItem","position":3,"name":"Riverside","item":"https:\/\/westcoasttriallawyers.com\/es\/california\/riverside"},{"@type":"ListItem","position":4,"name":"Leyes de scooters el\u00e9ctricos en Riverside"}]},{"@type":"WebSite","@id":"https:\/\/westcoasttriallawyers.com\/es#website","url":"https:\/\/westcoasttriallawyers.com\/es","name":"West Coast Trial Lawyers","description":"West Coast Trial Lawyers","publisher":{"@id":"https:\/\/westcoasttriallawyers.com\/es#organization"},"alternateName":"WCTL","potentialAction":[{"@type":"SearchAction","target":{"@type":"EntryPoint","urlTemplate":"https:\/\/westcoasttriallawyers.com\/es?s={search_term_string}"},"query-input":{"@type":"PropertyValueSpecification","valueRequired":true,"valueName":"search_term_string"}}],"inLanguage":"es"},{"@type":"Organization","@id":"https:\/\/westcoasttriallawyers.com\/es#organization","name":"West Coast Trial Lawyers","alternateName":"WCTL","url":"https:\/\/westcoasttriallawyers.com\/es","logo":{"@type":"ImageObject","inLanguage":"es","@id":"https:\/\/westcoasttriallawyers.com\/es#\/schema\/logo\/image\/","url":"https:\/\/westcoasttriallawyers.com\/wp-content\/uploads\/2026\/02\/WCTL-Logo.jpg","contentUrl":"https:\/\/westcoasttriallawyers.com\/wp-content\/uploads\/2026\/02\/WCTL-Logo.jpg","width":696,"height":696,"caption":"West Coast Trial Lawyers"},"image":{"@id":"https:\/\/westcoasttriallawyers.com\/es#\/schema\/logo\/image\/"},"sameAs":["https:\/\/www.facebook.com\/westcoasttriallawyers\/","https:\/\/x.com\/WestCoastTrial","https:\/\/www.linkedin.com\/company\/west-coast-trial-lawyers\/","https:\/\/www.instagram.com\/westcoasttriallawyers\/","https:\/\/www.yelp.com\/biz\/west-coast-trial-lawyers-los-angeles-2","https:\/\/www.pinterest.com\/westcoasttrial\/","https:\/\/www.youtube.com\/westcoasttriallawyersla\/","https:\/\/www.tiktok.com\/westcoasttriallawyers"],"description":"West Coast Trial Lawyers is a top-rated personal injury law firm with a goal to provide expert legal representation to those in need. The law firm has offices across California, Nevada, Arizona, and Washington.","legalName":"West Coast Trial Lawyers"}]}},"_links":{"self":[{"href":"https:\/\/westcoasttriallawyers.com\/es\/wp-json\/wp\/v2\/pages\/12916","targetHints":{"allow":["GET"]}}],"collection":[{"href":"https:\/\/westcoasttriallawyers.com\/es\/wp-json\/wp\/v2\/pages"}],"about":[{"href":"https:\/\/westcoasttriallawyers.com\/es\/wp-json\/wp\/v2\/types\/page"}],"author":[{"embeddable":true,"href":"https:\/\/westcoasttriallawyers.com\/es\/wp-json\/wp\/v2\/users\/475"}],"replies":[{"embeddable":true,"href":"https:\/\/westcoasttriallawyers.com\/es\/wp-json\/wp\/v2\/comments?post=12916"}],"version-history":[{"count":3,"href":"https:\/\/westcoasttriallawyers.com\/es\/wp-json\/wp\/v2\/pages\/12916\/revisions"}],"predecessor-version":[{"id":47848,"href":"https:\/\/westcoasttriallawyers.com\/es\/wp-json\/wp\/v2\/pages\/12916\/revisions\/47848"}],"up":[{"embeddable":true,"href":"https:\/\/westcoasttriallawyers.com\/es\/wp-json\/wp\/v2\/pages\/47436"}],"wp:featuredmedia":[{"embeddable":true,"href":"https:\/\/westcoasttriallawyers.com\/es\/wp-json\/wp\/v2\/media\/47029"}],"wp:attachment":[{"href":"https:\/\/westcoasttriallawyers.com\/es\/wp-json\/wp\/v2\/media?parent=12916"}],"curies":[{"name":"wp","href":"https:\/\/api.w.org\/{rel}","templated":true}]}}