{"id":12903,"date":"2026-01-14T18:23:35","date_gmt":"2026-01-14T18:23:35","guid":{"rendered":"https:\/\/wctl1stg.wpengine.com\/?page_id=12903"},"modified":"2026-01-23T23:01:04","modified_gmt":"2026-01-23T23:01:04","slug":"abogados-responsabilidad-locales-riverside","status":"publish","type":"page","link":"https:\/\/westcoasttriallawyers.com\/es\/california\/riverside\/abogados-responsabilidad-locales-riverside","title":{"rendered":"Abogado de responsabilidad de locales de Riverside"},"content":{"rendered":"<h2><strong>C\u00f3mo clasificar a los visitantes que ingresan a una propiedad p\u00fablica o privada<\/strong><\/h2>\n<p>Es esencial que los propietarios de viviendas y las empresas coloquen se\u00f1ales de advertencia alrededor de la propiedad para advertir a los visitantes sobre posibles peligros. Tambi\u00e9n se espera que se realicen controles de mantenimiento regulares para detectar cualquier equipo defectuoso que pueda representar una amenaza para los dem\u00e1s. Si el due\u00f1o de la propiedad nota un peligro, pero elige ignorar el problema, entonces est\u00e1 cometiendo un acto de negligencia que puede tener repercusiones legales.<\/p>\n<p>Se alienta a cualquier v\u00edctima lesionada de un accidente de responsabilidad de locales a presentar una demanda por lesiones personales contra el due\u00f1o de la propiedad. En West Coast Trial Lawyers, contamos con abogados de responsabilidad de locales de Riverside con m\u00e1s de 60 a\u00f1os de experiencia legal colectiva en el manejo de casos de lesiones personales. Hemos ganado exitosamente m\u00e1s de 5,000 casos y obtenido m\u00e1s de $1,000 millones en acuerdos para nuestros clientes. Debido a nuestros logros, hemos sido reconocidos como uno de los mejores bufetes de abogados de lesiones personales en Riverside.<\/p>\n<p>Para programar una consulta gratuita y sin compromiso en nuestro bufete de abogados de lesiones personales de Riverside, comun\u00edquese con nuestro equipo legal las 24 horas, los 7 d\u00edas de la semana llamando al\u00a0<strong>(951) 393-1299<\/strong> o enviando un correo electr\u00f3nico a\u00a0<a href=\"mailto:info@westcoasttriallawyers.com\"><strong>info@westcoasttriallawyers.com<\/strong><\/a><strong>.\u00a0<\/strong><\/p>\n<h2><strong>Introducci\u00f3n a la Ley de Responsabilidad de Locales de California<\/strong><\/h2>\n<p>La ley de California exige que todos los propietarios deben mantener un entorno razonablemente seguro para quienes ingresan a su propiedad. La ley separa a las personas que ingresan a una propiedad en tres categor\u00edas:\u00a0<strong>Invitados, libertinos e intrusos.<\/strong><\/p>\n<p>De acuerdo con la ley de responsabilidad de las instalaciones de Riverside, el administrador de una propiedad le debe a cada tipo de visitante un cierto nivel de responsabilidad, lo que se conoce como\u00a0<strong>\u00abdeber de cuidado\u00bb<\/strong>. Con referencia a la responsabilidad de las instalaciones, el t\u00e9rmino legal \u00abdeber de cuidado\u00bb se define como el requisito que tiene el due\u00f1o de una propiedad para mantener su propiedad segura en circunstancias razonables y previsibles.<\/p>\n<h2><strong>Tipos de visitantes<\/strong><\/h2>\n<p>Si el propietario de una propiedad no completa su debida diligencia y, como resultado, alguien resulta lesionado, entonces sus acciones podr\u00edan considerarse negligentes, lo que los abre a una demanda por responsabilidad del local. A continuaci\u00f3n se enumeran los t\u00e9rminos legales para los tres tipos de visitantes y el nivel de atenci\u00f3n que se les debe legalmente:<\/p>\n<p><strong>Invitado.<\/strong> El due\u00f1o de una propiedad tiene el m\u00e1s alto deber de cuidar a un invitado. Un invitado es alguien que ha sido recibido legalmente en la casa o propiedad por el propietario como invitado aceptado. Ejemplos de invitados son:<\/p>\n<ul>\n<li>Comprador de tienda de comestibles<\/li>\n<li>Cliente de tienda minorista<\/li>\n<li>Cliente de oficina<\/li>\n<li>Amigos<\/li>\n<li>Miembros de la familia<\/li>\n<\/ul>\n<p><strong>Licenciatarios.<\/strong> La ley establece que el due\u00f1o de una propiedad tambi\u00e9n tiene el deber de cuidar a los licenciatarios. Una simple invitaci\u00f3n verbal, un contrato o cualquier otra forma de reconocimiento definir\u00e1 legalmente a este visitante como titular de una licencia, y el due\u00f1o de la propiedad debe garantizar un entorno seguro. Ejemplos de licenciatarios incluyen:<\/p>\n<ul>\n<li>Vendedor<\/li>\n<li>Trabajador utilitario<\/li>\n<li>Un invitado visita la casa de un amigo.<\/li>\n<\/ul>\n<p><strong>Intruso.<\/strong> Un intruso es alguien que no tiene permiso para ingresar a la propiedad, pero lo hace de todos modos. No hay deber de cuidado dado a un intruso, a menos que \u00e9l o ella sea un ni\u00f1o. Bajo esta circunstancia, se espera que el due\u00f1o de una propiedad bloquee su propiedad con cercas y\/o letreros para evitar que un ni\u00f1o ingrese a sus instalaciones. Por ejemplo, si el due\u00f1o de una propiedad tiene conocimiento previo de ni\u00f1os del vecindario que ingresan al patio, el propietario debe cumplir con el deber no solo de mantenerlos fuera, sino tambi\u00e9n de advertirles de los peligros potenciales, como colocar un letrero de\u00a0<strong>\u00abCUIDADO CON EL PERRO\u00bb.<\/strong><\/p>\n<p><strong>Ejemplos de intrusos incluyen:<\/strong><\/p>\n<ul>\n<li>Ladrones<\/li>\n<li>Exploradores borrachos<\/li>\n<li>Ni\u00f1os curiosos<\/li>\n<\/ul>\n<p>Las leyes de intrusi\u00f3n de California imponen una multa de $75 a quienes ingresan ilegalmente por la primera ofensa, $250 por la segunda ofensa y la tercera ofensa probablemente resultar\u00e1 en un delito menor.<\/p>\n<h2><strong>Cont\u00e1ctenos<\/strong><\/h2>\n<p>Si ha sufrido lesiones en Riverside debido a un accidente de responsabilidad en las instalaciones, un abogado de lesiones personales de Riverside en West Coast Trial Lawyers puede ayudarlo a recuperar una compensaci\u00f3n por sus p\u00e9rdidas. Los da\u00f1os recuperables incluyen facturas m\u00e9dicas, da\u00f1os a la propiedad, salarios perdidos, p\u00e9rdida de consorcio y dolor y sufrimiento.<\/p>\n<p>Comun\u00edquese hoy con nuestro equipo legal las 24 horas, los 7 d\u00edas de la semana al\u00a0<strong>(951) 393-1299<\/strong> o env\u00ede un correo electr\u00f3nico a\u00a0<a href=\"mailto:info@westcoasttriallawyers.com\"><strong>info@westcoasttriallawyers.com<\/strong><\/a><strong>\u00a0<\/strong>para programar una consulta gratuita en nuestro bufete de abogados de lesiones personales de Riverside.<br \/>\n<!-- WCTL_DEBUG: no shortcode in this_content --><\/p>\n","protected":false},"excerpt":{"rendered":"<p>C\u00f3mo clasificar a los visitantes que ingresan a una propiedad p\u00fablica o privada Es esencial que los propietarios de viviendas y las empresas coloquen se\u00f1ales de advertencia alrededor de la propiedad para advertir a los visitantes sobre posibles peligros. Tambi\u00e9n se espera que se realicen controles de mantenimiento regulares para detectar cualquier equipo defectuoso que [&hellip;]<\/p>\n","protected":false},"author":470,"featured_media":16878,"parent":47436,"menu_order":71,"comment_status":"closed","ping_status":"closed","template":"","meta":{"inline_featured_image":false,"footnotes":""},"class_list":["post-12903","page","type-page","status-publish","has-post-thumbnail","hentry"],"acf":[],"yoast_head":"<!-- This site is optimized with the Yoast SEO Premium plugin v26.0 (Yoast SEO v26.0) - https:\/\/yoast.com\/wordpress\/plugins\/seo\/ -->\n<title>Abogado de responsabilidad de locales de Riverside | West Coast Trial Lawyers<\/title>\n<meta name=\"robots\" content=\"index, follow, max-snippet:-1, max-image-preview:large, max-video-preview:-1\" \/>\n<link rel=\"canonical\" href=\"https:\/\/westcoasttriallawyers.com\/es\/california\/riverside\/abogados-responsabilidad-locales-riverside\" \/>\n<meta property=\"og:locale\" content=\"es_ES\" \/>\n<meta property=\"og:type\" content=\"article\" \/>\n<meta property=\"og:title\" content=\"Abogado de responsabilidad de locales de Riverside\" \/>\n<meta property=\"og:description\" content=\"C\u00f3mo clasificar a los visitantes que ingresan a una propiedad p\u00fablica o privada Es esencial que los propietarios de viviendas y las empresas coloquen se\u00f1ales de advertencia alrededor de la propiedad para advertir a los visitantes sobre posibles peligros. Tambi\u00e9n se espera que se realicen controles de mantenimiento regulares para detectar cualquier equipo defectuoso que [&hellip;]\" \/>\n<meta property=\"og:url\" content=\"https:\/\/westcoasttriallawyers.com\/es\/california\/riverside\/abogados-responsabilidad-locales-riverside\" \/>\n<meta property=\"og:site_name\" content=\"West Coast Trial Lawyers\" \/>\n<meta property=\"article:publisher\" content=\"https:\/\/www.facebook.com\/westcoasttriallawyers\/\" \/>\n<meta property=\"article:modified_time\" content=\"2026-01-23T23:01:04+00:00\" \/>\n<meta property=\"og:image\" content=\"https:\/\/westcoasttriallawyers.com\/wp-content\/uploads\/2024\/10\/Riverside-Featured-Image.jpg\" \/>\n\t<meta property=\"og:image:width\" content=\"1920\" \/>\n\t<meta property=\"og:image:height\" content=\"1080\" \/>\n\t<meta property=\"og:image:type\" content=\"image\/jpeg\" \/>\n<meta name=\"twitter:card\" content=\"summary_large_image\" \/>\n<meta name=\"twitter:site\" content=\"@WestCoastTrial\" \/>\n<meta name=\"twitter:label1\" content=\"Tiempo de lectura\" \/>\n\t<meta name=\"twitter:data1\" content=\"4 minutos\" \/>\n<script type=\"application\/ld+json\" class=\"yoast-schema-graph\">{\"@context\":\"https:\/\/schema.org\",\"@graph\":[{\"@type\":[\"WebPage\",\"ItemPage\"],\"@id\":\"https:\/\/westcoasttriallawyers.com\/es\/california\/riverside\/abogados-responsabilidad-locales-riverside\",\"url\":\"https:\/\/westcoasttriallawyers.com\/es\/california\/riverside\/abogados-responsabilidad-locales-riverside\",\"name\":\"Abogado de responsabilidad de locales de Riverside | West Coast Trial Lawyers\",\"isPartOf\":{\"@id\":\"https:\/\/westcoasttriallawyers.com\/es#website\"},\"primaryImageOfPage\":{\"@id\":\"https:\/\/westcoasttriallawyers.com\/es\/california\/riverside\/abogados-responsabilidad-locales-riverside#primaryimage\"},\"image\":{\"@id\":\"https:\/\/westcoasttriallawyers.com\/es\/california\/riverside\/abogados-responsabilidad-locales-riverside#primaryimage\"},\"thumbnailUrl\":\"https:\/\/westcoasttriallawyers.com\/wp-content\/uploads\/2024\/10\/Riverside-Featured-Image.jpg\",\"datePublished\":\"2026-01-14T18:23:35+00:00\",\"dateModified\":\"2026-01-23T23:01:04+00:00\",\"breadcrumb\":{\"@id\":\"https:\/\/westcoasttriallawyers.com\/es\/california\/riverside\/abogados-responsabilidad-locales-riverside#breadcrumb\"},\"inLanguage\":\"es\",\"potentialAction\":[{\"@type\":\"ReadAction\",\"target\":[\"https:\/\/westcoasttriallawyers.com\/es\/california\/riverside\/abogados-responsabilidad-locales-riverside\"]}]},{\"@type\":\"ImageObject\",\"inLanguage\":\"es\",\"@id\":\"https:\/\/westcoasttriallawyers.com\/es\/california\/riverside\/abogados-responsabilidad-locales-riverside#primaryimage\",\"url\":\"https:\/\/westcoasttriallawyers.com\/wp-content\/uploads\/2024\/10\/Riverside-Featured-Image.jpg\",\"contentUrl\":\"https:\/\/westcoasttriallawyers.com\/wp-content\/uploads\/2024\/10\/Riverside-Featured-Image.jpg\",\"width\":1920,\"height\":1080,\"caption\":\"A wide overview of downtown Riverside, California.\"},{\"@type\":\"BreadcrumbList\",\"@id\":\"https:\/\/westcoasttriallawyers.com\/es\/california\/riverside\/abogados-responsabilidad-locales-riverside#breadcrumb\",\"itemListElement\":[{\"@type\":\"ListItem\",\"position\":1,\"name\":\"Inicio\",\"item\":\"https:\/\/westcoasttriallawyers.com\/es\"},{\"@type\":\"ListItem\",\"position\":2,\"name\":\"California\",\"item\":\"https:\/\/westcoasttriallawyers.com\/es\/california\"},{\"@type\":\"ListItem\",\"position\":3,\"name\":\"Riverside\",\"item\":\"https:\/\/westcoasttriallawyers.com\/es\/california\/riverside\"},{\"@type\":\"ListItem\",\"position\":4,\"name\":\"Abogado de responsabilidad de locales de Riverside\"}]},{\"@type\":\"WebSite\",\"@id\":\"https:\/\/westcoasttriallawyers.com\/es#website\",\"url\":\"https:\/\/westcoasttriallawyers.com\/es\",\"name\":\"West Coast Trial Lawyers\",\"description\":\"West Coast Trial Lawyers\",\"publisher\":{\"@id\":\"https:\/\/westcoasttriallawyers.com\/es#organization\"},\"alternateName\":\"WCTL\",\"potentialAction\":[{\"@type\":\"SearchAction\",\"target\":{\"@type\":\"EntryPoint\",\"urlTemplate\":\"https:\/\/westcoasttriallawyers.com\/es?s={search_term_string}\"},\"query-input\":{\"@type\":\"PropertyValueSpecification\",\"valueRequired\":true,\"valueName\":\"search_term_string\"}}],\"inLanguage\":\"es\"},{\"@type\":\"Organization\",\"@id\":\"https:\/\/westcoasttriallawyers.com\/es#organization\",\"name\":\"West Coast Trial Lawyers\",\"alternateName\":\"WCTL\",\"url\":\"https:\/\/westcoasttriallawyers.com\/es\",\"logo\":{\"@type\":\"ImageObject\",\"inLanguage\":\"es\",\"@id\":\"https:\/\/westcoasttriallawyers.com\/es#\/schema\/logo\/image\/\",\"url\":\"https:\/\/westcoasttriallawyers.com\/wp-content\/uploads\/2026\/02\/WCTL-Logo.jpg\",\"contentUrl\":\"https:\/\/westcoasttriallawyers.com\/wp-content\/uploads\/2026\/02\/WCTL-Logo.jpg\",\"width\":696,\"height\":696,\"caption\":\"West Coast Trial Lawyers\"},\"image\":{\"@id\":\"https:\/\/westcoasttriallawyers.com\/es#\/schema\/logo\/image\/\"},\"sameAs\":[\"https:\/\/www.facebook.com\/westcoasttriallawyers\/\",\"https:\/\/x.com\/WestCoastTrial\",\"https:\/\/www.linkedin.com\/company\/west-coast-trial-lawyers\/\",\"https:\/\/www.instagram.com\/westcoasttriallawyers\/\",\"https:\/\/www.yelp.com\/biz\/west-coast-trial-lawyers-los-angeles-2\",\"https:\/\/www.pinterest.com\/westcoasttrial\/\",\"https:\/\/www.youtube.com\/westcoasttriallawyersla\/\",\"https:\/\/www.tiktok.com\/westcoasttriallawyers\"],\"description\":\"West Coast Trial Lawyers is a top-rated personal injury law firm with a goal to provide expert legal representation to those in need. The law firm has offices across California, Nevada, Arizona, and Washington.\",\"legalName\":\"West Coast Trial Lawyers\"}]}<\/script>\n<!-- \/ Yoast SEO Premium plugin. -->","yoast_head_json":{"title":"Abogado de responsabilidad de locales de Riverside | West Coast Trial Lawyers","robots":{"index":"index","follow":"follow","max-snippet":"max-snippet:-1","max-image-preview":"max-image-preview:large","max-video-preview":"max-video-preview:-1"},"canonical":"https:\/\/westcoasttriallawyers.com\/es\/california\/riverside\/abogados-responsabilidad-locales-riverside","og_locale":"es_ES","og_type":"article","og_title":"Abogado de responsabilidad de locales de Riverside","og_description":"C\u00f3mo clasificar a los visitantes que ingresan a una propiedad p\u00fablica o privada Es esencial que los propietarios de viviendas y las empresas coloquen se\u00f1ales de advertencia alrededor de la propiedad para advertir a los visitantes sobre posibles peligros. Tambi\u00e9n se espera que se realicen controles de mantenimiento regulares para detectar cualquier equipo defectuoso que [&hellip;]","og_url":"https:\/\/westcoasttriallawyers.com\/es\/california\/riverside\/abogados-responsabilidad-locales-riverside","og_site_name":"West Coast Trial Lawyers","article_publisher":"https:\/\/www.facebook.com\/westcoasttriallawyers\/","article_modified_time":"2026-01-23T23:01:04+00:00","og_image":[{"width":1920,"height":1080,"url":"https:\/\/westcoasttriallawyers.com\/wp-content\/uploads\/2024\/10\/Riverside-Featured-Image.jpg","type":"image\/jpeg"}],"twitter_card":"summary_large_image","twitter_site":"@WestCoastTrial","twitter_misc":{"Tiempo de lectura":"4 minutos"},"schema":{"@context":"https:\/\/schema.org","@graph":[{"@type":["WebPage","ItemPage"],"@id":"https:\/\/westcoasttriallawyers.com\/es\/california\/riverside\/abogados-responsabilidad-locales-riverside","url":"https:\/\/westcoasttriallawyers.com\/es\/california\/riverside\/abogados-responsabilidad-locales-riverside","name":"Abogado de responsabilidad de locales de Riverside | West Coast Trial Lawyers","isPartOf":{"@id":"https:\/\/westcoasttriallawyers.com\/es#website"},"primaryImageOfPage":{"@id":"https:\/\/westcoasttriallawyers.com\/es\/california\/riverside\/abogados-responsabilidad-locales-riverside#primaryimage"},"image":{"@id":"https:\/\/westcoasttriallawyers.com\/es\/california\/riverside\/abogados-responsabilidad-locales-riverside#primaryimage"},"thumbnailUrl":"https:\/\/westcoasttriallawyers.com\/wp-content\/uploads\/2024\/10\/Riverside-Featured-Image.jpg","datePublished":"2026-01-14T18:23:35+00:00","dateModified":"2026-01-23T23:01:04+00:00","breadcrumb":{"@id":"https:\/\/westcoasttriallawyers.com\/es\/california\/riverside\/abogados-responsabilidad-locales-riverside#breadcrumb"},"inLanguage":"es","potentialAction":[{"@type":"ReadAction","target":["https:\/\/westcoasttriallawyers.com\/es\/california\/riverside\/abogados-responsabilidad-locales-riverside"]}]},{"@type":"ImageObject","inLanguage":"es","@id":"https:\/\/westcoasttriallawyers.com\/es\/california\/riverside\/abogados-responsabilidad-locales-riverside#primaryimage","url":"https:\/\/westcoasttriallawyers.com\/wp-content\/uploads\/2024\/10\/Riverside-Featured-Image.jpg","contentUrl":"https:\/\/westcoasttriallawyers.com\/wp-content\/uploads\/2024\/10\/Riverside-Featured-Image.jpg","width":1920,"height":1080,"caption":"A wide overview of downtown Riverside, California."},{"@type":"BreadcrumbList","@id":"https:\/\/westcoasttriallawyers.com\/es\/california\/riverside\/abogados-responsabilidad-locales-riverside#breadcrumb","itemListElement":[{"@type":"ListItem","position":1,"name":"Inicio","item":"https:\/\/westcoasttriallawyers.com\/es"},{"@type":"ListItem","position":2,"name":"California","item":"https:\/\/westcoasttriallawyers.com\/es\/california"},{"@type":"ListItem","position":3,"name":"Riverside","item":"https:\/\/westcoasttriallawyers.com\/es\/california\/riverside"},{"@type":"ListItem","position":4,"name":"Abogado de responsabilidad de locales de Riverside"}]},{"@type":"WebSite","@id":"https:\/\/westcoasttriallawyers.com\/es#website","url":"https:\/\/westcoasttriallawyers.com\/es","name":"West Coast Trial Lawyers","description":"West Coast Trial Lawyers","publisher":{"@id":"https:\/\/westcoasttriallawyers.com\/es#organization"},"alternateName":"WCTL","potentialAction":[{"@type":"SearchAction","target":{"@type":"EntryPoint","urlTemplate":"https:\/\/westcoasttriallawyers.com\/es?s={search_term_string}"},"query-input":{"@type":"PropertyValueSpecification","valueRequired":true,"valueName":"search_term_string"}}],"inLanguage":"es"},{"@type":"Organization","@id":"https:\/\/westcoasttriallawyers.com\/es#organization","name":"West Coast Trial Lawyers","alternateName":"WCTL","url":"https:\/\/westcoasttriallawyers.com\/es","logo":{"@type":"ImageObject","inLanguage":"es","@id":"https:\/\/westcoasttriallawyers.com\/es#\/schema\/logo\/image\/","url":"https:\/\/westcoasttriallawyers.com\/wp-content\/uploads\/2026\/02\/WCTL-Logo.jpg","contentUrl":"https:\/\/westcoasttriallawyers.com\/wp-content\/uploads\/2026\/02\/WCTL-Logo.jpg","width":696,"height":696,"caption":"West Coast Trial Lawyers"},"image":{"@id":"https:\/\/westcoasttriallawyers.com\/es#\/schema\/logo\/image\/"},"sameAs":["https:\/\/www.facebook.com\/westcoasttriallawyers\/","https:\/\/x.com\/WestCoastTrial","https:\/\/www.linkedin.com\/company\/west-coast-trial-lawyers\/","https:\/\/www.instagram.com\/westcoasttriallawyers\/","https:\/\/www.yelp.com\/biz\/west-coast-trial-lawyers-los-angeles-2","https:\/\/www.pinterest.com\/westcoasttrial\/","https:\/\/www.youtube.com\/westcoasttriallawyersla\/","https:\/\/www.tiktok.com\/westcoasttriallawyers"],"description":"West Coast Trial Lawyers is a top-rated personal injury law firm with a goal to provide expert legal representation to those in need. The law firm has offices across California, Nevada, Arizona, and Washington.","legalName":"West Coast Trial Lawyers"}]}},"_links":{"self":[{"href":"https:\/\/westcoasttriallawyers.com\/es\/wp-json\/wp\/v2\/pages\/12903","targetHints":{"allow":["GET"]}}],"collection":[{"href":"https:\/\/westcoasttriallawyers.com\/es\/wp-json\/wp\/v2\/pages"}],"about":[{"href":"https:\/\/westcoasttriallawyers.com\/es\/wp-json\/wp\/v2\/types\/page"}],"author":[{"embeddable":true,"href":"https:\/\/westcoasttriallawyers.com\/es\/wp-json\/wp\/v2\/users\/470"}],"replies":[{"embeddable":true,"href":"https:\/\/westcoasttriallawyers.com\/es\/wp-json\/wp\/v2\/comments?post=12903"}],"version-history":[{"count":2,"href":"https:\/\/westcoasttriallawyers.com\/es\/wp-json\/wp\/v2\/pages\/12903\/revisions"}],"predecessor-version":[{"id":48202,"href":"https:\/\/westcoasttriallawyers.com\/es\/wp-json\/wp\/v2\/pages\/12903\/revisions\/48202"}],"up":[{"embeddable":true,"href":"https:\/\/westcoasttriallawyers.com\/es\/wp-json\/wp\/v2\/pages\/47436"}],"wp:featuredmedia":[{"embeddable":true,"href":"https:\/\/westcoasttriallawyers.com\/es\/wp-json\/wp\/v2\/media\/16878"}],"wp:attachment":[{"href":"https:\/\/westcoasttriallawyers.com\/es\/wp-json\/wp\/v2\/media?parent=12903"}],"curies":[{"name":"wp","href":"https:\/\/api.w.org\/{rel}","templated":true}]}}