{"id":12900,"date":"2026-01-14T18:23:43","date_gmt":"2026-01-14T18:23:43","guid":{"rendered":"https:\/\/wctl1stg.wpengine.com\/?page_id=12900"},"modified":"2026-01-22T10:51:34","modified_gmt":"2026-01-22T10:51:34","slug":"abogado-de-accidentes-de-uber-y-lyft-de-riverside","status":"publish","type":"page","link":"https:\/\/westcoasttriallawyers.com\/es\/california\/riverside\/abogado-de-accidentes-de-uber-y-lyft-de-riverside","title":{"rendered":"Abogado de Accidentes de Uber y Lyft de Riverside"},"content":{"rendered":"<h2><strong>Obtenga Informaci\u00f3n legal de Nuestros Abogados Expertos en viajes Compartidos de Riverside sobre Consejos de Seguridad para Pasajeros que usan un Uber o Lyft<\/strong><\/h2>\n<p><img src=\"https:\/\/lh4.googleusercontent.com\/CWFXBr3Op164NAA1C-K95z1ybjDAXfawxdkgq_RwJGRGJfLHoAKMc97E-JhwtkhZoYK2cMDP4rUS5nYMQNAyd6KWIXsycviVL250UA5iUPSAabYeirYpjI4VvEBgQILkhojk1qpkfUkZBXgl4YkJD-g\" alt=\"null\"><\/p>\n<p>El concepto de viajes compartidos se ha vuelto tan popular en California que empresas como Uber y Lyft ahora lo han incorporado a nuestras rutinas diarias. Estas empresas nos han presentado una forma nueva y conveniente de viajar. Sin embargo, no todo es tan bueno como parece.<\/p>\n<p>Con la aparici\u00f3n de informes de incidentes de Uber y Lyft que van desde colisiones de veh\u00edculos motorizados hasta casos de agresi\u00f3n sexual, ha hecho que los pasajeros comiencen a reconsiderar el uso de servicios de viajes compartidos por temor a convertirse en la pr\u00f3xima v\u00edctima. Si fue v\u00edctima de cualquiera de las dos ocasiones, puede ser elegible para recibir una compensaci\u00f3n.&nbsp;<\/p>\n<p>En West Coast Trial Lawyers, contamos con abogados experimentados&nbsp;<strong>en accidentes de Riverside Uber y Lyft<\/strong> que est\u00e1n disponibles para ayudarle con su caso. Hemos ganado m\u00e1s de 5000 casos de lesiones personales y hemos recuperado m\u00e1s de $1000 millones en acuerdos para nuestros clientes. Debido a nuestro \u00e9xito, hemos sido reconocidos como uno de los mejores bufetes de abogados de lesiones personales en&nbsp;<strong>Riverside.&nbsp;<\/strong><\/p>\n<p>Para programar una consulta gratuita y sin compromiso en nuestro&nbsp;<strong>bufete de abogados de lesiones personales de Riverside<\/strong>, comun\u00edquese con nuestro equipo legal las 24 horas, los 7 d\u00edas de la semana llamando al&nbsp;<strong>(951) 393-1299<\/strong> o enviando un correo electr\u00f3nico&nbsp;<a href=\"mailto:info@westcoasttriallawyers.com\">a info@westcoasttriallawyers.com<\/a>.&nbsp;<\/p>\n<p><strong>Consejos de Seguridad de Uber y Lyft para Pasajeros<\/strong><\/p>\n<p>Para mantenerse seguro, se recomienda enf\u00e1ticamente que los pasajeros sigan estos consejos:<\/p>\n<ol>\n<li><strong>Permanezca adentro cuando solicite su viaje.&nbsp;<\/strong>Es mejor permanecer dentro de un edificio mientras espera, especialmente cuando se encuentra en \u00e1reas desconocidas u oscuras. Como siempre, su aplicaci\u00f3n le avisar\u00e1 cuando haya llegado su viaje.&nbsp;<\/li>\n<li><strong>Conoce el auto.&nbsp;<\/strong>Verifique dos veces el auto antes de entrar. Aseg\u00farese de que sea el conductor correcto comprobando el n\u00famero de placa y verificando el nombre del conductor. La mayor\u00eda de los conductores suelen mostrar la aplicaci\u00f3n en su tel\u00e9fono y tenerla a la vista. Puede verificar r\u00e1pidamente la foto del conductor solicitando ver su tel\u00e9fono. Es importante autenticar a su conductor ya que ha habido varios casos en los que alguien ha sido asesinado o<a href=\"https:\/\/jezebel.com\/philadelphia-woman-says-she-was-raped-and-kidnapped-by-1693382321\"><strong>&nbsp;secuestrado<\/strong><\/a><strong>&nbsp;<\/strong>por un conductor falso de Uber o Lyft.<\/li>\n<li><strong>Si\u00e9ntate en el asiento trasero.<\/strong> Sentarse en el asiento trasero le permite tener acceso a dos salidas.<\/li>\n<li><strong>Dile a un amigo.<\/strong> Si su destino est\u00e1 lejos o si se encuentra en un \u00e1rea desconocida, puede ser una buena idea compartir los detalles de su viaje con un amigo o un ser querido. Cuando hace clic en \u00abcompartir estado\u00bb mientras usa la aplicaci\u00f3n, la informaci\u00f3n del conductor, como su nombre y n\u00famero de placa, se enviar\u00e1 a la persona de su elecci\u00f3n.<\/li>\n<li><strong>No comparta su informaci\u00f3n personal.<\/strong> Su conductor no necesita saber su n\u00famero de tel\u00e9fono o si el lugar en el que lo dejar\u00e1n es su casa. La aplicaci\u00f3n protege su informaci\u00f3n personal brind\u00e1ndole un n\u00famero an\u00f3nimo, que es para su propia seguridad.<\/li>\n<li><strong>Usa el cintur\u00f3n de seguridad.&nbsp;<\/strong>Como siempre, es m\u00e1s seguro abrocharse el cintur\u00f3n. De acuerdo con la&nbsp;<a href=\"https:\/\/www.cdc.gov\/\"><strong>Centros para el Control y la Prevenci\u00f3n<\/strong><\/a>, usar el cintur\u00f3n de seguridad sigue siendo la mejor manera de reducir las lesiones o salvar una vida en un accidente automovil\u00edstico.<\/li>\n<li><strong>Mant\u00e9n la mente clara.&nbsp;<\/strong>Tanto Uber como Lyft son servicios populares de viajes compartidos que se utilizan para llegar a casa despu\u00e9s de una noche de copas. Sin embargo, emborracharse demasiado puede ser peligroso para usted y el conductor. Desafortunadamente, no todos los conductores de viajes compartidos son buenas personas, ya que ha habido<a href=\"https:\/\/www.news.com.au\/finance\/business\/travel\/uber-driver-convicted-of-raping-intoxicated-passenger-charged-her-extra-220\/news-story\/a31368bd56e123f1d4375a3a79af53d4\">&nbsp;<strong>casos<\/strong><\/a><strong>&nbsp;<\/strong>de presunta violaci\u00f3n cuando se trata de conductores que se aprovechan de pasajeros ebrios.<\/li>\n<li><strong>Prot\u00e9gete a ti mismo.<\/strong> No tengas miedo de salir del coche. Conf\u00eda siempre en tus instintos. Si siente que su conductor est\u00e1 bajo la influencia, o si \u00e9l o ella est\u00e1 sentado en el autom\u00f3vil con un amigo, podr\u00eda ser una buena idea acortar su viaje.<\/li>\n<\/ol>\n<p><strong>Pasos que debe Tomar un Pasajero Despu\u00e9s de un Accidente de Uber o Lyft&nbsp;<\/strong><\/p>\n<p>Para prepararse mejor ante la posibilidad de verse involucrado en un accidente de Uber o Lyft, debe considerar seguir estos pasos:<\/p>\n<ul>\n<li><strong>Controla a los dem\u00e1s.&nbsp;<\/strong>Si es posible, intente verificar a quienes estuvieron involucrados en el accidente. Si nota da\u00f1os o lesiones, comun\u00edquese con la polic\u00eda de inmediato.<\/li>\n<li><strong>Llame al 911.&nbsp;<\/strong>Llegar\u00e1n al lugar del accidente y crear\u00e1n un informe policial oficial. Los param\u00e9dicos tambi\u00e9n pueden estar presentes para brindar atenci\u00f3n m\u00e9dica inmediata a quienes la necesiten.<\/li>\n<li><strong>Intercambiar informaci\u00f3n de contacto y de seguros.&nbsp;<\/strong>&nbsp;Hable con la(s) otra(s) parte(s) involucrada(s) en la colisi\u00f3n. Aseg\u00farese de obtener su informaci\u00f3n de contacto, informaci\u00f3n del seguro y n\u00famero(s) de licencia de conducir.&nbsp;<\/li>\n<li><strong>Adquirir informaci\u00f3n de testigos.&nbsp;<\/strong>Verifique si hay testigos cerca. Si nota alguno, debe pedir su consentimiento para que se involucren en su caso. Si obtiene una aprobaci\u00f3n, debe obtener su informaci\u00f3n de contacto. Los testimonios de los testigos pueden ayudar a fortalecer su caso.&nbsp;<\/li>\n<li><strong>Reunir evidencias.&nbsp;<\/strong>Tome fotograf\u00edas o videos de las lesiones, los da\u00f1os y el lugar donde ocurri\u00f3 el accidente. Aseg\u00farese de solicitar tambi\u00e9n una copia del informe policial oficial. Por \u00faltimo, debe documentar lo que sucedi\u00f3, antes, durante y despu\u00e9s del impacto.<\/li>\n<li><strong>No hable con ninguna de las partes involucradas en el accidente.&nbsp;<\/strong>&nbsp;No hable con ning\u00fan ajustador y no se comunique con Uber o Lyft. Cualquier informaci\u00f3n que discuta con otra parte, como la compa\u00f1\u00eda de seguros o de viajes compartidos, puede y ser\u00e1 utilizada en su contra.&nbsp;<\/li>\n<li><strong>Comun\u00edquese con un abogado con experiencia en accidentes de Uber o Lyft.&nbsp; <\/strong>No permita que Uber, Lyft o cualquier compa\u00f1\u00eda de seguros maneje su reclamo. A menudo intentar\u00e1n que te conformes con menos de lo que mereces. En su lugar, p\u00f3ngase en contacto con un abogado de accidentes de Uber o Lyft. Lo ayudar\u00e1n a presentar un reclamo, negociar con las compa\u00f1\u00edas de seguros y obtener la compensaci\u00f3n que se merece.<\/li>\n<\/ul>\n<p><strong>Comun\u00edquese con Nosotros<\/strong><\/p>\n<p>Si ha sufrido lesiones en Riverside como resultado de un accidente de Uber o Lyft<strong>,<\/strong> un<strong>&nbsp;<\/strong>Riverside Abogado de lesiones personales en&nbsp;<a href=\"\/\"><strong>Los Abogados de la Costa Oeste<\/strong><\/a> puede ayudarlo a recuperar da\u00f1os econ\u00f3micos y no econ\u00f3micos, incluidas facturas m\u00e9dicas, da\u00f1os a la propiedad, salarios perdidos, dolor y sufrimiento, y m\u00e1s.<\/p>\n<p>P\u00f3ngase en contacto con nuestro equipo legal las 24 horas del d\u00eda, los 7 d\u00edas de la semana hoy llamando al&nbsp;<strong>(951) 393-1299<\/strong> o enviando un correo electr\u00f3nico&nbsp;<a href=\"mailto:info@westcoasttriallawyers.com\">a&nbsp;info@westcoasttriallawyers.com<\/a>&nbsp;para programar una consulta gratuita y sin compromiso en nuestro bufete de abogados de lesiones personales de Riverside.&nbsp;<br \/>\n<!-- WCTL_DEBUG: no shortcode in this_content --><\/p>\n","protected":false},"excerpt":{"rendered":"<p>Obtenga Informaci\u00f3n legal de Nuestros Abogados Expertos en viajes Compartidos de Riverside sobre Consejos de Seguridad para Pasajeros que usan un Uber o Lyft El concepto de viajes compartidos se ha vuelto tan popular en California que empresas como Uber y Lyft ahora lo han incorporado a nuestras rutinas diarias. Estas empresas nos han presentado [&hellip;]<\/p>\n","protected":false},"author":475,"featured_media":47009,"parent":47436,"menu_order":0,"comment_status":"closed","ping_status":"closed","template":"","meta":{"inline_featured_image":false,"footnotes":""},"class_list":["post-12900","page","type-page","status-publish","has-post-thumbnail","hentry"],"acf":[],"yoast_head":"<!-- This site is optimized with the Yoast SEO Premium plugin v26.0 (Yoast SEO v26.0) - https:\/\/yoast.com\/wordpress\/plugins\/seo\/ -->\n<title>Abogado de Accidentes de Uber y Lyft de Riverside | West Coast Trial Lawyers<\/title>\n<meta name=\"robots\" content=\"index, follow, max-snippet:-1, max-image-preview:large, max-video-preview:-1\" \/>\n<link rel=\"canonical\" href=\"https:\/\/westcoasttriallawyers.com\/es\/california\/riverside\/abogado-de-accidentes-de-uber-y-lyft-de-riverside\" \/>\n<meta property=\"og:locale\" content=\"es_ES\" \/>\n<meta property=\"og:type\" content=\"article\" \/>\n<meta property=\"og:title\" content=\"Abogado de Accidentes de Uber y Lyft de Riverside\" \/>\n<meta property=\"og:description\" content=\"Obtenga Informaci\u00f3n legal de Nuestros Abogados Expertos en viajes Compartidos de Riverside sobre Consejos de Seguridad para Pasajeros que usan un Uber o Lyft El concepto de viajes compartidos se ha vuelto tan popular en California que empresas como Uber y Lyft ahora lo han incorporado a nuestras rutinas diarias. Estas empresas nos han presentado [&hellip;]\" \/>\n<meta property=\"og:url\" content=\"https:\/\/westcoasttriallawyers.com\/es\/california\/riverside\/abogado-de-accidentes-de-uber-y-lyft-de-riverside\" \/>\n<meta property=\"og:site_name\" content=\"West Coast Trial Lawyers\" \/>\n<meta property=\"article:publisher\" content=\"https:\/\/www.facebook.com\/westcoasttriallawyers\/\" \/>\n<meta property=\"article:modified_time\" content=\"2026-01-22T10:51:34+00:00\" \/>\n<meta property=\"og:image\" content=\"https:\/\/westcoasttriallawyers.com\/wp-content\/uploads\/2025\/07\/Riverside-21.webp\" \/>\n\t<meta property=\"og:image:width\" content=\"557\" \/>\n\t<meta property=\"og:image:height\" content=\"327\" \/>\n\t<meta property=\"og:image:type\" content=\"image\/webp\" \/>\n<meta name=\"twitter:card\" content=\"summary_large_image\" \/>\n<meta name=\"twitter:site\" content=\"@WestCoastTrial\" \/>\n<meta name=\"twitter:label1\" content=\"Tiempo de lectura\" \/>\n\t<meta name=\"twitter:data1\" content=\"11 minutos\" \/>\n<script type=\"application\/ld+json\" class=\"yoast-schema-graph\">{\"@context\":\"https:\/\/schema.org\",\"@graph\":[{\"@type\":[\"WebPage\",\"ItemPage\"],\"@id\":\"https:\/\/westcoasttriallawyers.com\/es\/california\/riverside\/abogado-de-accidentes-de-uber-y-lyft-de-riverside\",\"url\":\"https:\/\/westcoasttriallawyers.com\/es\/california\/riverside\/abogado-de-accidentes-de-uber-y-lyft-de-riverside\",\"name\":\"Abogado de Accidentes de Uber y Lyft de Riverside | West Coast Trial Lawyers\",\"isPartOf\":{\"@id\":\"https:\/\/westcoasttriallawyers.com\/es#website\"},\"primaryImageOfPage\":{\"@id\":\"https:\/\/westcoasttriallawyers.com\/es\/california\/riverside\/abogado-de-accidentes-de-uber-y-lyft-de-riverside#primaryimage\"},\"image\":{\"@id\":\"https:\/\/westcoasttriallawyers.com\/es\/california\/riverside\/abogado-de-accidentes-de-uber-y-lyft-de-riverside#primaryimage\"},\"thumbnailUrl\":\"https:\/\/westcoasttriallawyers.com\/wp-content\/uploads\/2025\/07\/Riverside-21.webp\",\"datePublished\":\"2026-01-14T18:23:43+00:00\",\"dateModified\":\"2026-01-22T10:51:34+00:00\",\"breadcrumb\":{\"@id\":\"https:\/\/westcoasttriallawyers.com\/es\/california\/riverside\/abogado-de-accidentes-de-uber-y-lyft-de-riverside#breadcrumb\"},\"inLanguage\":\"es\",\"potentialAction\":[{\"@type\":\"ReadAction\",\"target\":[\"https:\/\/westcoasttriallawyers.com\/es\/california\/riverside\/abogado-de-accidentes-de-uber-y-lyft-de-riverside\"]}]},{\"@type\":\"ImageObject\",\"inLanguage\":\"es\",\"@id\":\"https:\/\/westcoasttriallawyers.com\/es\/california\/riverside\/abogado-de-accidentes-de-uber-y-lyft-de-riverside#primaryimage\",\"url\":\"https:\/\/westcoasttriallawyers.com\/wp-content\/uploads\/2025\/07\/Riverside-21.webp\",\"contentUrl\":\"https:\/\/westcoasttriallawyers.com\/wp-content\/uploads\/2025\/07\/Riverside-21.webp\",\"width\":557,\"height\":327},{\"@type\":\"BreadcrumbList\",\"@id\":\"https:\/\/westcoasttriallawyers.com\/es\/california\/riverside\/abogado-de-accidentes-de-uber-y-lyft-de-riverside#breadcrumb\",\"itemListElement\":[{\"@type\":\"ListItem\",\"position\":1,\"name\":\"Inicio\",\"item\":\"https:\/\/westcoasttriallawyers.com\/es\"},{\"@type\":\"ListItem\",\"position\":2,\"name\":\"California\",\"item\":\"https:\/\/westcoasttriallawyers.com\/es\/california\"},{\"@type\":\"ListItem\",\"position\":3,\"name\":\"Riverside\",\"item\":\"https:\/\/westcoasttriallawyers.com\/es\/california\/riverside\"},{\"@type\":\"ListItem\",\"position\":4,\"name\":\"Abogado de Accidentes de Uber y Lyft de Riverside\"}]},{\"@type\":\"WebSite\",\"@id\":\"https:\/\/westcoasttriallawyers.com\/es#website\",\"url\":\"https:\/\/westcoasttriallawyers.com\/es\",\"name\":\"West Coast Trial Lawyers\",\"description\":\"West Coast Trial Lawyers\",\"publisher\":{\"@id\":\"https:\/\/westcoasttriallawyers.com\/es#organization\"},\"alternateName\":\"WCTL\",\"potentialAction\":[{\"@type\":\"SearchAction\",\"target\":{\"@type\":\"EntryPoint\",\"urlTemplate\":\"https:\/\/westcoasttriallawyers.com\/es?s={search_term_string}\"},\"query-input\":{\"@type\":\"PropertyValueSpecification\",\"valueRequired\":true,\"valueName\":\"search_term_string\"}}],\"inLanguage\":\"es\"},{\"@type\":\"Organization\",\"@id\":\"https:\/\/westcoasttriallawyers.com\/es#organization\",\"name\":\"West Coast Trial Lawyers\",\"alternateName\":\"WCTL\",\"url\":\"https:\/\/westcoasttriallawyers.com\/es\",\"logo\":{\"@type\":\"ImageObject\",\"inLanguage\":\"es\",\"@id\":\"https:\/\/westcoasttriallawyers.com\/es#\/schema\/logo\/image\/\",\"url\":\"https:\/\/westcoasttriallawyers.com\/wp-content\/uploads\/2026\/02\/WCTL-Logo.jpg\",\"contentUrl\":\"https:\/\/westcoasttriallawyers.com\/wp-content\/uploads\/2026\/02\/WCTL-Logo.jpg\",\"width\":696,\"height\":696,\"caption\":\"West Coast Trial Lawyers\"},\"image\":{\"@id\":\"https:\/\/westcoasttriallawyers.com\/es#\/schema\/logo\/image\/\"},\"sameAs\":[\"https:\/\/www.facebook.com\/westcoasttriallawyers\/\",\"https:\/\/x.com\/WestCoastTrial\",\"https:\/\/www.linkedin.com\/company\/west-coast-trial-lawyers\/\",\"https:\/\/www.instagram.com\/westcoasttriallawyers\/\",\"https:\/\/www.yelp.com\/biz\/west-coast-trial-lawyers-los-angeles-2\",\"https:\/\/www.pinterest.com\/westcoasttrial\/\",\"https:\/\/www.youtube.com\/westcoasttriallawyersla\/\",\"https:\/\/www.tiktok.com\/westcoasttriallawyers\"],\"description\":\"West Coast Trial Lawyers is a top-rated personal injury law firm with a goal to provide expert legal representation to those in need. The law firm has offices across California, Nevada, Arizona, and Washington.\",\"legalName\":\"West Coast Trial Lawyers\"}]}<\/script>\n<!-- \/ Yoast SEO Premium plugin. -->","yoast_head_json":{"title":"Abogado de Accidentes de Uber y Lyft de Riverside | West Coast Trial Lawyers","robots":{"index":"index","follow":"follow","max-snippet":"max-snippet:-1","max-image-preview":"max-image-preview:large","max-video-preview":"max-video-preview:-1"},"canonical":"https:\/\/westcoasttriallawyers.com\/es\/california\/riverside\/abogado-de-accidentes-de-uber-y-lyft-de-riverside","og_locale":"es_ES","og_type":"article","og_title":"Abogado de Accidentes de Uber y Lyft de Riverside","og_description":"Obtenga Informaci\u00f3n legal de Nuestros Abogados Expertos en viajes Compartidos de Riverside sobre Consejos de Seguridad para Pasajeros que usan un Uber o Lyft El concepto de viajes compartidos se ha vuelto tan popular en California que empresas como Uber y Lyft ahora lo han incorporado a nuestras rutinas diarias. Estas empresas nos han presentado [&hellip;]","og_url":"https:\/\/westcoasttriallawyers.com\/es\/california\/riverside\/abogado-de-accidentes-de-uber-y-lyft-de-riverside","og_site_name":"West Coast Trial Lawyers","article_publisher":"https:\/\/www.facebook.com\/westcoasttriallawyers\/","article_modified_time":"2026-01-22T10:51:34+00:00","og_image":[{"width":557,"height":327,"url":"https:\/\/westcoasttriallawyers.com\/wp-content\/uploads\/2025\/07\/Riverside-21.webp","type":"image\/webp"}],"twitter_card":"summary_large_image","twitter_site":"@WestCoastTrial","twitter_misc":{"Tiempo de lectura":"11 minutos"},"schema":{"@context":"https:\/\/schema.org","@graph":[{"@type":["WebPage","ItemPage"],"@id":"https:\/\/westcoasttriallawyers.com\/es\/california\/riverside\/abogado-de-accidentes-de-uber-y-lyft-de-riverside","url":"https:\/\/westcoasttriallawyers.com\/es\/california\/riverside\/abogado-de-accidentes-de-uber-y-lyft-de-riverside","name":"Abogado de Accidentes de Uber y Lyft de Riverside | West Coast Trial Lawyers","isPartOf":{"@id":"https:\/\/westcoasttriallawyers.com\/es#website"},"primaryImageOfPage":{"@id":"https:\/\/westcoasttriallawyers.com\/es\/california\/riverside\/abogado-de-accidentes-de-uber-y-lyft-de-riverside#primaryimage"},"image":{"@id":"https:\/\/westcoasttriallawyers.com\/es\/california\/riverside\/abogado-de-accidentes-de-uber-y-lyft-de-riverside#primaryimage"},"thumbnailUrl":"https:\/\/westcoasttriallawyers.com\/wp-content\/uploads\/2025\/07\/Riverside-21.webp","datePublished":"2026-01-14T18:23:43+00:00","dateModified":"2026-01-22T10:51:34+00:00","breadcrumb":{"@id":"https:\/\/westcoasttriallawyers.com\/es\/california\/riverside\/abogado-de-accidentes-de-uber-y-lyft-de-riverside#breadcrumb"},"inLanguage":"es","potentialAction":[{"@type":"ReadAction","target":["https:\/\/westcoasttriallawyers.com\/es\/california\/riverside\/abogado-de-accidentes-de-uber-y-lyft-de-riverside"]}]},{"@type":"ImageObject","inLanguage":"es","@id":"https:\/\/westcoasttriallawyers.com\/es\/california\/riverside\/abogado-de-accidentes-de-uber-y-lyft-de-riverside#primaryimage","url":"https:\/\/westcoasttriallawyers.com\/wp-content\/uploads\/2025\/07\/Riverside-21.webp","contentUrl":"https:\/\/westcoasttriallawyers.com\/wp-content\/uploads\/2025\/07\/Riverside-21.webp","width":557,"height":327},{"@type":"BreadcrumbList","@id":"https:\/\/westcoasttriallawyers.com\/es\/california\/riverside\/abogado-de-accidentes-de-uber-y-lyft-de-riverside#breadcrumb","itemListElement":[{"@type":"ListItem","position":1,"name":"Inicio","item":"https:\/\/westcoasttriallawyers.com\/es"},{"@type":"ListItem","position":2,"name":"California","item":"https:\/\/westcoasttriallawyers.com\/es\/california"},{"@type":"ListItem","position":3,"name":"Riverside","item":"https:\/\/westcoasttriallawyers.com\/es\/california\/riverside"},{"@type":"ListItem","position":4,"name":"Abogado de Accidentes de Uber y Lyft de Riverside"}]},{"@type":"WebSite","@id":"https:\/\/westcoasttriallawyers.com\/es#website","url":"https:\/\/westcoasttriallawyers.com\/es","name":"West Coast Trial Lawyers","description":"West Coast Trial Lawyers","publisher":{"@id":"https:\/\/westcoasttriallawyers.com\/es#organization"},"alternateName":"WCTL","potentialAction":[{"@type":"SearchAction","target":{"@type":"EntryPoint","urlTemplate":"https:\/\/westcoasttriallawyers.com\/es?s={search_term_string}"},"query-input":{"@type":"PropertyValueSpecification","valueRequired":true,"valueName":"search_term_string"}}],"inLanguage":"es"},{"@type":"Organization","@id":"https:\/\/westcoasttriallawyers.com\/es#organization","name":"West Coast Trial Lawyers","alternateName":"WCTL","url":"https:\/\/westcoasttriallawyers.com\/es","logo":{"@type":"ImageObject","inLanguage":"es","@id":"https:\/\/westcoasttriallawyers.com\/es#\/schema\/logo\/image\/","url":"https:\/\/westcoasttriallawyers.com\/wp-content\/uploads\/2026\/02\/WCTL-Logo.jpg","contentUrl":"https:\/\/westcoasttriallawyers.com\/wp-content\/uploads\/2026\/02\/WCTL-Logo.jpg","width":696,"height":696,"caption":"West Coast Trial Lawyers"},"image":{"@id":"https:\/\/westcoasttriallawyers.com\/es#\/schema\/logo\/image\/"},"sameAs":["https:\/\/www.facebook.com\/westcoasttriallawyers\/","https:\/\/x.com\/WestCoastTrial","https:\/\/www.linkedin.com\/company\/west-coast-trial-lawyers\/","https:\/\/www.instagram.com\/westcoasttriallawyers\/","https:\/\/www.yelp.com\/biz\/west-coast-trial-lawyers-los-angeles-2","https:\/\/www.pinterest.com\/westcoasttrial\/","https:\/\/www.youtube.com\/westcoasttriallawyersla\/","https:\/\/www.tiktok.com\/westcoasttriallawyers"],"description":"West Coast Trial Lawyers is a top-rated personal injury law firm with a goal to provide expert legal representation to those in need. The law firm has offices across California, Nevada, Arizona, and Washington.","legalName":"West Coast Trial Lawyers"}]}},"_links":{"self":[{"href":"https:\/\/westcoasttriallawyers.com\/es\/wp-json\/wp\/v2\/pages\/12900","targetHints":{"allow":["GET"]}}],"collection":[{"href":"https:\/\/westcoasttriallawyers.com\/es\/wp-json\/wp\/v2\/pages"}],"about":[{"href":"https:\/\/westcoasttriallawyers.com\/es\/wp-json\/wp\/v2\/types\/page"}],"author":[{"embeddable":true,"href":"https:\/\/westcoasttriallawyers.com\/es\/wp-json\/wp\/v2\/users\/475"}],"replies":[{"embeddable":true,"href":"https:\/\/westcoasttriallawyers.com\/es\/wp-json\/wp\/v2\/comments?post=12900"}],"version-history":[{"count":3,"href":"https:\/\/westcoasttriallawyers.com\/es\/wp-json\/wp\/v2\/pages\/12900\/revisions"}],"predecessor-version":[{"id":47851,"href":"https:\/\/westcoasttriallawyers.com\/es\/wp-json\/wp\/v2\/pages\/12900\/revisions\/47851"}],"up":[{"embeddable":true,"href":"https:\/\/westcoasttriallawyers.com\/es\/wp-json\/wp\/v2\/pages\/47436"}],"wp:featuredmedia":[{"embeddable":true,"href":"https:\/\/westcoasttriallawyers.com\/es\/wp-json\/wp\/v2\/media\/47009"}],"wp:attachment":[{"href":"https:\/\/westcoasttriallawyers.com\/es\/wp-json\/wp\/v2\/media?parent=12900"}],"curies":[{"name":"wp","href":"https:\/\/api.w.org\/{rel}","templated":true}]}}