{"id":12899,"date":"2026-01-14T18:23:36","date_gmt":"2026-01-14T18:23:36","guid":{"rendered":"https:\/\/wctl1stg.wpengine.com\/?page_id=12899"},"modified":"2026-01-23T23:00:17","modified_gmt":"2026-01-23T23:00:17","slug":"abogados-accidentes-medula-espinal-riverside","status":"publish","type":"page","link":"https:\/\/westcoasttriallawyers.com\/es\/california\/riverside\/abogados-accidentes-medula-espinal-riverside","title":{"rendered":"Abogados de Lesiones de la M\u00e9dula espinal en Riverside"},"content":{"rendered":"<h2><strong>\u00bfC\u00f3mo se puede Diagnosticar la Gravedad de una Lesi\u00f3n por Quemadura? \u00bfQu\u00e9 Opciones de Tratamiento est\u00e1n Disponibles para ayudar a una V\u00edctima a Recuperarse?<\/strong><\/h2>\n<p>Las lesiones de la m\u00e9dula espinal son comunes en accidentes automovil\u00edsticos, accidentes de motocicleta y accidentes de bicicleta. Cualquier impacto contundente en la espalda puede desencadenar f\u00e1cilmente una columna fracturada o da\u00f1ada. Por lo general, se espera que una v\u00edctima de lesi\u00f3n de la m\u00e9dula espinal obtenga atenci\u00f3n m\u00e9dica inmediata para determinar un diagn\u00f3stico. La v\u00edctima puede sufrir una\u00a0<a href=\"\/ca\/los-angeles-spinal-cord-injury-lawyer\/complete-vs-incomplete-spinal-injury\/\"><strong>lesi\u00f3n medular completa o incompleta.<\/strong><\/a> Una vez que se encuentra el diagn\u00f3stico, el m\u00e9dico crear\u00e1 un plan de tratamiento para ayudar a la v\u00edctima a recuperarse y vivir un estilo de vida m\u00e1s c\u00f3modo.<\/p>\n<p>Muchas v\u00edctimas pueden abstenerse de buscar tratamiento m\u00e9dico debido a los gastos que conlleva. Sin embargo, s\u00ed estuvo involucrado en un accidente que result\u00f3 en una lesi\u00f3n de la m\u00e9dula espinal, puede tener derecho a recibir una compensaci\u00f3n por da\u00f1os, como facturas m\u00e9dicas, salarios perdidos, dolor y sufrimiento, y m\u00e1s.<\/p>\n<p>En Los Abogados de la Costa Oeste, nuestros\u00a0<strong>abogados especializados en lesiones de la m\u00e9dula espinal de Riverside\u00a0<\/strong>tienen como objetivo obtener la m\u00e1xima compensaci\u00f3n para nuestros clientes. Continuamos logrando este objetivo ganando miles de casos y recuperando m\u00e1s de $1 mil millones en acuerdos y sentencias. Debido a nuestros logros, hemos sido reconocidos como uno de los mejores bufetes de abogados de lesiones personales en\u00a0<strong>Riverside.\u00a0<\/strong><\/p>\n<p>Para programar una consulta gratuita y sin compromiso en nuestro\u00a0<strong>bufete de abogados de lesiones personales de Riverside<\/strong>, comun\u00edquese con nuestro equipo legal las 24 horas del d\u00eda, los 7 d\u00edas de la semana llamando al\u00a0<strong>(951) 393-1299<\/strong>\u00a0 o enviando un correo electr\u00f3nico\u00a0<a href=\"mailto:info@westcoasttriallawyers.com\">a\u00a0<strong>info@westcoasttriallawyers.com<\/strong><\/a><strong>.\u00a0<\/strong><\/p>\n<p><strong>Causas Comunes de una Lesi\u00f3n de la M\u00e9dula Espinal<\/strong><\/p>\n<p>Muchos factores pueden contribuir a la causa de una lesi\u00f3n de la m\u00e9dula espinal. A continuaci\u00f3n, nuestros abogados de lesiones personales de Riverside analizan cada causa y los efectos que puede tener en la v\u00edctima.<\/p>\n<ul>\n<li><strong>Descendente.\u00a0<\/strong>Las ca\u00eddas contribuyen al 31 por ciento de las lesiones de la m\u00e9dula espinal. Las v\u00edctimas de una lesi\u00f3n por ca\u00edda son en su mayor\u00eda mayores de 65 a\u00f1os. A medida que las personas envejecen, comienzan a experimentar diversas condiciones de salud que pueden aumentar la probabilidad de un accidente por resbal\u00f3n y ca\u00edda. Esto incluye tener una mala postura, reacciones lentas, mala visi\u00f3n y efectos secundarios de medicamentos que pueden reducir la masa \u00f3sea o dificultar el caminar correctamente.<\/li>\n<li><strong>Accidente de veh\u00edculo motorizado.<\/strong> Alrededor del 38 por ciento de las lesiones de la m\u00e9dula espinal se deben a accidentes automovil\u00edsticos. Las v\u00edctimas pueden sufrir una posible par\u00e1lisis seg\u00fan la parte de la m\u00e9dula espinal afectada por el impacto. Cualquier da\u00f1o hecho a los m\u00fasculos y nervios podr\u00eda afectar la forma en que la v\u00edctima funciona con su cuerpo.<\/li>\n<li><strong>Violencia f\u00edsica.\u00a0<\/strong>Casi el 13 por ciento de las lesiones de la m\u00e9dula espinal son causadas por violencia f\u00edsica. Las pistolas y los cuchillos son armas comunes que se usan en altercados violentos. La v\u00edctima puede enfrentar una par\u00e1lisis temporal o permanente dependiendo de qu\u00e9 \u00e1rea de la columna result\u00f3 gravemente herida por la punci\u00f3n de la bala o el cuchillo. Por lo general, se requiere fisioterapia para ayudar a la v\u00edctima a recuperar la capacidad de controlar sus brazos o piernas.<\/li>\n<li><strong>Deportes.\u00a0<\/strong>Alrededor del 10 por ciento de las lesiones de la m\u00e9dula espinal son causadas por la pr\u00e1ctica de deportes. Los grupos de edad m\u00e1s comunes que sufren lesiones relacionadas con el deporte son los ni\u00f1os y los adolescentes. El contacto f\u00edsico agresivo, con poco o ning\u00fan equipo de seguridad, podr\u00eda da\u00f1ar gravemente la m\u00e9dula espinal. La par\u00e1lisis puede ocurrir si la v\u00edctima es arrojada al suelo de manera beligerante. Los deportes con los riesgos m\u00e1s altos de lesi\u00f3n de la m\u00e9dula espinal incluyen el f\u00fatbol, \u200b\u200bel hockey, las porristas y el buceo.<\/li>\n<li><strong>Alcohol.<\/strong> El consumo de alcohol puede causar problemas de visi\u00f3n y falta de conciencia. Una persona ebria podr\u00eda tener dificultades para caminar sin caerse. Cualquier ca\u00edda grave puede contribuir a una lesi\u00f3n de la m\u00e9dula espinal.<\/li>\n<li><strong>Enfermedades<\/strong> Aquellos a quienes se les diagnostica una condici\u00f3n de salud que reduce la fuerza de sus huesos, como osteoporosis, c\u00e1ncer o artritis, es probable que sufran una lesi\u00f3n en la m\u00e9dula espinal. Los ancianos son el grupo de edad m\u00e1s com\u00fan al que se les diagnostican problemas relacionados con los huesos. Son m\u00e1s propensos a sufrir una lesi\u00f3n en la m\u00e9dula espinal si se caen, independientemente de la gravedad del impacto. Con c\u00e1ncer, las personas pueden heredar un tumor de la m\u00e9dula espinal en la columna vertebral o cerca de ella. Esto har\u00e1 que tengan m\u00fasculos m\u00e1s d\u00e9biles, p\u00e9rdida de sensibilidad en partes del cuerpo y\/o p\u00e9rdida del control de la vejiga o el intestino.<\/li>\n<\/ul>\n<p><strong>Diagn\u00f3stico<\/strong><\/p>\n<p>Los pacientes con lesi\u00f3n de la m\u00e9dula espinal deben ser revisados \u200b\u200bpor un m\u00e9dico. El m\u00e9dico correr\u00e1<strong>\u00a0<\/strong><a href=\"https:\/\/www.mayoclinic.org\/diseases-conditions\/spinal-cord-injury\/diagnosis-treatment\/drc-20377895\"><strong>pruebas y procedimientos<\/strong><\/a> para determinar un diagn\u00f3stico de la afecci\u00f3n. Estos incluyen lo siguiente:<\/p>\n<ul>\n<li><strong>Radiograf\u00edas.\u00a0<\/strong>Una radiograf\u00eda puede ayudar a determinar si hay problemas vertebrales, fracturas, tumores u otras enfermedades en la columna.<\/li>\n<li><strong>Exploraci\u00f3n por tomograf\u00eda computarizada (TC).<\/strong> Una tomograf\u00eda computarizada puede darle al m\u00e9dico una mejor visi\u00f3n de cualquier irregularidad en la columna. Se desarrollar\u00e1n im\u00e1genes transversales para permitir que el m\u00e9dico controle los huesos, los discos u otros problemas del paciente.<\/li>\n<li><strong>Im\u00e1genes por resonancia magn\u00e9tica (IRM).\u00a0<\/strong>Una resonancia magn\u00e9tica emite un poderoso campo magn\u00e9tico y ondas de radio para crear im\u00e1genes generadas por computadora. Esto puede ayudar al m\u00e9dico a encontrar co\u00e1gulos de sangre, discos herniados u otros problemas en la m\u00e9dula espinal.<\/li>\n<\/ul>\n<p><strong>Tratamiento<\/strong><\/p>\n<p>Una vez que el m\u00e9dico encuentre el problema y lo diagnostique, se construir\u00e1 un plan de tratamiento para ayudar al paciente con su recuperaci\u00f3n. Las pr\u00e1cticas comunes que se mencionan en estos planes de tratamiento incluyen las siguientes:<\/p>\n<ul>\n<li><strong>Medicamentos.<\/strong> Los medicamentos que pueden administrarse a pacientes con lesi\u00f3n de la m\u00e9dula espinal incluyen antibi\u00f3ticos, relajantes musculares, antiinflamatorios, antidepresivos, analg\u00e9sicos y medicamentos para la ansiedad. No a todos se les recomendar\u00e1n las mismas recetas y dosis. Cada paciente enfrenta un tipo diferente de lesi\u00f3n, por lo que los planes de tratamiento pueden variar.<\/li>\n<li><strong>Necesitar\u00e1<\/strong> que le estabilice la columna. Esto ayudar\u00e1 a alinearlo correctamente. Los aparatos ortop\u00e9dicos para el cuello y las camas dise\u00f1adas para la inmovilizaci\u00f3n son ejemplos de equipos de uso com\u00fan que se fabrican para mejorar una m\u00e9dula espinal da\u00f1ada.<\/li>\n<li><strong>Rehabilitaci\u00f3n.\u00a0<\/strong>A lo largo de su etapa de recuperaci\u00f3n, contar\u00e1 con la ayuda de un equipo de rehabilitaci\u00f3n. Esto incluye tener un fisioterapeuta, un terapeuta ocupacional, un terapeuta recreativo, un trabajador social, un especialista en lesiones de la m\u00e9dula espinal y\/o un psic\u00f3logo o enfermero de rehabilitaci\u00f3n. Los terapeutas se concentrar\u00e1 en fortalecer sus m\u00fasculos y mejorar sus habilidades motoras para ayudarlo a realizar sus actividades diarias.<\/li>\n<li><strong>Tecnolog\u00eda.\u00a0<\/strong>Existen diferentes tipos de tecnolog\u00eda y equipos que ayudan a las personas brind\u00e1ndoles m\u00e1s movilidad e independencia. Esto incluye:\n<ul>\n<li><strong>Sillas de ruedas est\u00e1ndar o sillas de ruedas el\u00e9ctricas.\u00a0<\/strong>Una silla de ruedas permitir\u00e1 que el paciente tenga una mejor movilidad.<\/li>\n<li><strong>Ayudas electr\u00f3nicas.\u00a0<\/strong>El paciente puede usar ayudas electr\u00f3nicas, como sistemas controlados por voz y basados \u200b\u200ben computadora, para completar tareas de una manera m\u00e1s conveniente que no requiera que se mueven f\u00edsicamente con tanta frecuencia.<\/li>\n<li><strong>Dispositivo de estimulaci\u00f3n el\u00e9ctrica cl\u00ednica (CES).<\/strong> Este dispositivo controlar\u00e1 los m\u00fasculos de los brazos y las piernas de la persona para ayudarlo a caminar, pararse, agarrar y alcanzar.<\/li>\n<\/ul>\n<\/li>\n<\/ul>\n<p><strong>Recuperaci\u00f3n\u00a0<\/strong><\/p>\n<p>La recuperaci\u00f3n es diferente para cada paciente. Generalmente, puede comenzar entre una semana y seis meses desde la fecha inicial del incidente. Algunos pueden comenzar a notar los resultados uno o dos a\u00f1os despu\u00e9s. Realmente no existe una respuesta exacta, ni acertada, para determinar cu\u00e1nto tiempo puede tardar en sanar una lesi\u00f3n medular, ya que cada paciente tiene un tipo de problema diferente que puede requerir m\u00e1s o menos atenci\u00f3n m\u00e9dica.<\/p>\n<p><strong>Llama nos Hoy!\u00a0<\/strong><\/p>\n<p>Si es v\u00edctima de una lesi\u00f3n en la m\u00e9dula espinal, puede tener derecho a recibir una compensaci\u00f3n. Nuestros abogados experimentados en lesiones personales de Riverside en\u00a0<a href=\"\/\"><strong>Coast Los Abogados de la Coasta Oeste<\/strong><\/a><strong>\u00a0<\/strong>est\u00e1n disponibles para brindarle asistencia legal.<\/p>\n<p>Para programar una consulta gratuita en nuestro bufete de abogados de lesiones personales de Riverside, comun\u00edquese con nuestro equipo legal las 24 horas, los 7 d\u00edas de la semana llamando al\u00a0<strong>(951) 393-1299<\/strong>\u00a0 o enviando un correo electr\u00f3nico\u00a0<a href=\"mailto:info@westcoasttriallawyers.com\">a\u00a0<strong>info@westcoasttriallawyers.com<\/strong><\/a><strong>.\u00a0<\/strong><br \/>\n<!-- WCTL_DEBUG: no shortcode in this_content --><\/p>\n","protected":false},"excerpt":{"rendered":"<p>\u00bfC\u00f3mo se puede Diagnosticar la Gravedad de una Lesi\u00f3n por Quemadura? \u00bfQu\u00e9 Opciones de Tratamiento est\u00e1n Disponibles para ayudar a una V\u00edctima a Recuperarse? Las lesiones de la m\u00e9dula espinal son comunes en accidentes automovil\u00edsticos, accidentes de motocicleta y accidentes de bicicleta. Cualquier impacto contundente en la espalda puede desencadenar f\u00e1cilmente una columna fracturada o [&hellip;]<\/p>\n","protected":false},"author":470,"featured_media":16878,"parent":47436,"menu_order":82,"comment_status":"closed","ping_status":"closed","template":"","meta":{"inline_featured_image":false,"footnotes":""},"class_list":["post-12899","page","type-page","status-publish","has-post-thumbnail","hentry"],"acf":[],"yoast_head":"<!-- This site is optimized with the Yoast SEO Premium plugin v26.0 (Yoast SEO v26.0) - https:\/\/yoast.com\/wordpress\/plugins\/seo\/ -->\n<title>Abogados de Lesiones de la M\u00e9dula espinal en Riverside | West Coast Trial Lawyers<\/title>\n<meta name=\"robots\" content=\"index, follow, max-snippet:-1, max-image-preview:large, max-video-preview:-1\" \/>\n<link rel=\"canonical\" href=\"https:\/\/westcoasttriallawyers.com\/es\/california\/riverside\/abogados-accidentes-medula-espinal-riverside\" \/>\n<meta property=\"og:locale\" content=\"es_ES\" \/>\n<meta property=\"og:type\" content=\"article\" \/>\n<meta property=\"og:title\" content=\"Abogados de Lesiones de la M\u00e9dula espinal en Riverside\" \/>\n<meta property=\"og:description\" content=\"\u00bfC\u00f3mo se puede Diagnosticar la Gravedad de una Lesi\u00f3n por Quemadura? \u00bfQu\u00e9 Opciones de Tratamiento est\u00e1n Disponibles para ayudar a una V\u00edctima a Recuperarse? Las lesiones de la m\u00e9dula espinal son comunes en accidentes automovil\u00edsticos, accidentes de motocicleta y accidentes de bicicleta. Cualquier impacto contundente en la espalda puede desencadenar f\u00e1cilmente una columna fracturada o [&hellip;]\" \/>\n<meta property=\"og:url\" content=\"https:\/\/westcoasttriallawyers.com\/es\/california\/riverside\/abogados-accidentes-medula-espinal-riverside\" \/>\n<meta property=\"og:site_name\" content=\"West Coast Trial Lawyers\" \/>\n<meta property=\"article:publisher\" content=\"https:\/\/www.facebook.com\/westcoasttriallawyers\/\" \/>\n<meta property=\"article:modified_time\" content=\"2026-01-23T23:00:17+00:00\" \/>\n<meta property=\"og:image\" content=\"https:\/\/westcoasttriallawyers.com\/wp-content\/uploads\/2024\/10\/Riverside-Featured-Image.jpg\" \/>\n\t<meta property=\"og:image:width\" content=\"1920\" \/>\n\t<meta property=\"og:image:height\" content=\"1080\" \/>\n\t<meta property=\"og:image:type\" content=\"image\/jpeg\" \/>\n<meta name=\"twitter:card\" content=\"summary_large_image\" \/>\n<meta name=\"twitter:site\" content=\"@WestCoastTrial\" \/>\n<meta name=\"twitter:label1\" content=\"Tiempo de lectura\" \/>\n\t<meta name=\"twitter:data1\" content=\"7 minutos\" \/>\n<script type=\"application\/ld+json\" class=\"yoast-schema-graph\">{\"@context\":\"https:\/\/schema.org\",\"@graph\":[{\"@type\":[\"WebPage\",\"ItemPage\"],\"@id\":\"https:\/\/westcoasttriallawyers.com\/es\/california\/riverside\/abogados-accidentes-medula-espinal-riverside\",\"url\":\"https:\/\/westcoasttriallawyers.com\/es\/california\/riverside\/abogados-accidentes-medula-espinal-riverside\",\"name\":\"Abogados de Lesiones de la M\u00e9dula espinal en Riverside | West Coast Trial Lawyers\",\"isPartOf\":{\"@id\":\"https:\/\/westcoasttriallawyers.com\/es#website\"},\"primaryImageOfPage\":{\"@id\":\"https:\/\/westcoasttriallawyers.com\/es\/california\/riverside\/abogados-accidentes-medula-espinal-riverside#primaryimage\"},\"image\":{\"@id\":\"https:\/\/westcoasttriallawyers.com\/es\/california\/riverside\/abogados-accidentes-medula-espinal-riverside#primaryimage\"},\"thumbnailUrl\":\"https:\/\/westcoasttriallawyers.com\/wp-content\/uploads\/2024\/10\/Riverside-Featured-Image.jpg\",\"datePublished\":\"2026-01-14T18:23:36+00:00\",\"dateModified\":\"2026-01-23T23:00:17+00:00\",\"breadcrumb\":{\"@id\":\"https:\/\/westcoasttriallawyers.com\/es\/california\/riverside\/abogados-accidentes-medula-espinal-riverside#breadcrumb\"},\"inLanguage\":\"es\",\"potentialAction\":[{\"@type\":\"ReadAction\",\"target\":[\"https:\/\/westcoasttriallawyers.com\/es\/california\/riverside\/abogados-accidentes-medula-espinal-riverside\"]}]},{\"@type\":\"ImageObject\",\"inLanguage\":\"es\",\"@id\":\"https:\/\/westcoasttriallawyers.com\/es\/california\/riverside\/abogados-accidentes-medula-espinal-riverside#primaryimage\",\"url\":\"https:\/\/westcoasttriallawyers.com\/wp-content\/uploads\/2024\/10\/Riverside-Featured-Image.jpg\",\"contentUrl\":\"https:\/\/westcoasttriallawyers.com\/wp-content\/uploads\/2024\/10\/Riverside-Featured-Image.jpg\",\"width\":1920,\"height\":1080,\"caption\":\"A wide overview of downtown Riverside, California.\"},{\"@type\":\"BreadcrumbList\",\"@id\":\"https:\/\/westcoasttriallawyers.com\/es\/california\/riverside\/abogados-accidentes-medula-espinal-riverside#breadcrumb\",\"itemListElement\":[{\"@type\":\"ListItem\",\"position\":1,\"name\":\"Inicio\",\"item\":\"https:\/\/westcoasttriallawyers.com\/es\"},{\"@type\":\"ListItem\",\"position\":2,\"name\":\"California\",\"item\":\"https:\/\/westcoasttriallawyers.com\/es\/california\"},{\"@type\":\"ListItem\",\"position\":3,\"name\":\"Riverside\",\"item\":\"https:\/\/westcoasttriallawyers.com\/es\/california\/riverside\"},{\"@type\":\"ListItem\",\"position\":4,\"name\":\"Abogados de Lesiones de la M\u00e9dula espinal en Riverside\"}]},{\"@type\":\"WebSite\",\"@id\":\"https:\/\/westcoasttriallawyers.com\/es#website\",\"url\":\"https:\/\/westcoasttriallawyers.com\/es\",\"name\":\"West Coast Trial Lawyers\",\"description\":\"West Coast Trial Lawyers\",\"publisher\":{\"@id\":\"https:\/\/westcoasttriallawyers.com\/es#organization\"},\"alternateName\":\"WCTL\",\"potentialAction\":[{\"@type\":\"SearchAction\",\"target\":{\"@type\":\"EntryPoint\",\"urlTemplate\":\"https:\/\/westcoasttriallawyers.com\/es?s={search_term_string}\"},\"query-input\":{\"@type\":\"PropertyValueSpecification\",\"valueRequired\":true,\"valueName\":\"search_term_string\"}}],\"inLanguage\":\"es\"},{\"@type\":\"Organization\",\"@id\":\"https:\/\/westcoasttriallawyers.com\/es#organization\",\"name\":\"West Coast Trial Lawyers\",\"alternateName\":\"WCTL\",\"url\":\"https:\/\/westcoasttriallawyers.com\/es\",\"logo\":{\"@type\":\"ImageObject\",\"inLanguage\":\"es\",\"@id\":\"https:\/\/westcoasttriallawyers.com\/es#\/schema\/logo\/image\/\",\"url\":\"https:\/\/westcoasttriallawyers.com\/wp-content\/uploads\/2026\/02\/WCTL-Logo.jpg\",\"contentUrl\":\"https:\/\/westcoasttriallawyers.com\/wp-content\/uploads\/2026\/02\/WCTL-Logo.jpg\",\"width\":696,\"height\":696,\"caption\":\"West Coast Trial Lawyers\"},\"image\":{\"@id\":\"https:\/\/westcoasttriallawyers.com\/es#\/schema\/logo\/image\/\"},\"sameAs\":[\"https:\/\/www.facebook.com\/westcoasttriallawyers\/\",\"https:\/\/x.com\/WestCoastTrial\",\"https:\/\/www.linkedin.com\/company\/west-coast-trial-lawyers\/\",\"https:\/\/www.instagram.com\/westcoasttriallawyers\/\",\"https:\/\/www.yelp.com\/biz\/west-coast-trial-lawyers-los-angeles-2\",\"https:\/\/www.pinterest.com\/westcoasttrial\/\",\"https:\/\/www.youtube.com\/westcoasttriallawyersla\/\",\"https:\/\/www.tiktok.com\/westcoasttriallawyers\"],\"description\":\"West Coast Trial Lawyers is a top-rated personal injury law firm with a goal to provide expert legal representation to those in need. The law firm has offices across California, Nevada, Arizona, and Washington.\",\"legalName\":\"West Coast Trial Lawyers\"}]}<\/script>\n<!-- \/ Yoast SEO Premium plugin. -->","yoast_head_json":{"title":"Abogados de Lesiones de la M\u00e9dula espinal en Riverside | West Coast Trial Lawyers","robots":{"index":"index","follow":"follow","max-snippet":"max-snippet:-1","max-image-preview":"max-image-preview:large","max-video-preview":"max-video-preview:-1"},"canonical":"https:\/\/westcoasttriallawyers.com\/es\/california\/riverside\/abogados-accidentes-medula-espinal-riverside","og_locale":"es_ES","og_type":"article","og_title":"Abogados de Lesiones de la M\u00e9dula espinal en Riverside","og_description":"\u00bfC\u00f3mo se puede Diagnosticar la Gravedad de una Lesi\u00f3n por Quemadura? \u00bfQu\u00e9 Opciones de Tratamiento est\u00e1n Disponibles para ayudar a una V\u00edctima a Recuperarse? Las lesiones de la m\u00e9dula espinal son comunes en accidentes automovil\u00edsticos, accidentes de motocicleta y accidentes de bicicleta. Cualquier impacto contundente en la espalda puede desencadenar f\u00e1cilmente una columna fracturada o [&hellip;]","og_url":"https:\/\/westcoasttriallawyers.com\/es\/california\/riverside\/abogados-accidentes-medula-espinal-riverside","og_site_name":"West Coast Trial Lawyers","article_publisher":"https:\/\/www.facebook.com\/westcoasttriallawyers\/","article_modified_time":"2026-01-23T23:00:17+00:00","og_image":[{"width":1920,"height":1080,"url":"https:\/\/westcoasttriallawyers.com\/wp-content\/uploads\/2024\/10\/Riverside-Featured-Image.jpg","type":"image\/jpeg"}],"twitter_card":"summary_large_image","twitter_site":"@WestCoastTrial","twitter_misc":{"Tiempo de lectura":"7 minutos"},"schema":{"@context":"https:\/\/schema.org","@graph":[{"@type":["WebPage","ItemPage"],"@id":"https:\/\/westcoasttriallawyers.com\/es\/california\/riverside\/abogados-accidentes-medula-espinal-riverside","url":"https:\/\/westcoasttriallawyers.com\/es\/california\/riverside\/abogados-accidentes-medula-espinal-riverside","name":"Abogados de Lesiones de la M\u00e9dula espinal en Riverside | West Coast Trial Lawyers","isPartOf":{"@id":"https:\/\/westcoasttriallawyers.com\/es#website"},"primaryImageOfPage":{"@id":"https:\/\/westcoasttriallawyers.com\/es\/california\/riverside\/abogados-accidentes-medula-espinal-riverside#primaryimage"},"image":{"@id":"https:\/\/westcoasttriallawyers.com\/es\/california\/riverside\/abogados-accidentes-medula-espinal-riverside#primaryimage"},"thumbnailUrl":"https:\/\/westcoasttriallawyers.com\/wp-content\/uploads\/2024\/10\/Riverside-Featured-Image.jpg","datePublished":"2026-01-14T18:23:36+00:00","dateModified":"2026-01-23T23:00:17+00:00","breadcrumb":{"@id":"https:\/\/westcoasttriallawyers.com\/es\/california\/riverside\/abogados-accidentes-medula-espinal-riverside#breadcrumb"},"inLanguage":"es","potentialAction":[{"@type":"ReadAction","target":["https:\/\/westcoasttriallawyers.com\/es\/california\/riverside\/abogados-accidentes-medula-espinal-riverside"]}]},{"@type":"ImageObject","inLanguage":"es","@id":"https:\/\/westcoasttriallawyers.com\/es\/california\/riverside\/abogados-accidentes-medula-espinal-riverside#primaryimage","url":"https:\/\/westcoasttriallawyers.com\/wp-content\/uploads\/2024\/10\/Riverside-Featured-Image.jpg","contentUrl":"https:\/\/westcoasttriallawyers.com\/wp-content\/uploads\/2024\/10\/Riverside-Featured-Image.jpg","width":1920,"height":1080,"caption":"A wide overview of downtown Riverside, California."},{"@type":"BreadcrumbList","@id":"https:\/\/westcoasttriallawyers.com\/es\/california\/riverside\/abogados-accidentes-medula-espinal-riverside#breadcrumb","itemListElement":[{"@type":"ListItem","position":1,"name":"Inicio","item":"https:\/\/westcoasttriallawyers.com\/es"},{"@type":"ListItem","position":2,"name":"California","item":"https:\/\/westcoasttriallawyers.com\/es\/california"},{"@type":"ListItem","position":3,"name":"Riverside","item":"https:\/\/westcoasttriallawyers.com\/es\/california\/riverside"},{"@type":"ListItem","position":4,"name":"Abogados de Lesiones de la M\u00e9dula espinal en Riverside"}]},{"@type":"WebSite","@id":"https:\/\/westcoasttriallawyers.com\/es#website","url":"https:\/\/westcoasttriallawyers.com\/es","name":"West Coast Trial Lawyers","description":"West Coast Trial Lawyers","publisher":{"@id":"https:\/\/westcoasttriallawyers.com\/es#organization"},"alternateName":"WCTL","potentialAction":[{"@type":"SearchAction","target":{"@type":"EntryPoint","urlTemplate":"https:\/\/westcoasttriallawyers.com\/es?s={search_term_string}"},"query-input":{"@type":"PropertyValueSpecification","valueRequired":true,"valueName":"search_term_string"}}],"inLanguage":"es"},{"@type":"Organization","@id":"https:\/\/westcoasttriallawyers.com\/es#organization","name":"West Coast Trial Lawyers","alternateName":"WCTL","url":"https:\/\/westcoasttriallawyers.com\/es","logo":{"@type":"ImageObject","inLanguage":"es","@id":"https:\/\/westcoasttriallawyers.com\/es#\/schema\/logo\/image\/","url":"https:\/\/westcoasttriallawyers.com\/wp-content\/uploads\/2026\/02\/WCTL-Logo.jpg","contentUrl":"https:\/\/westcoasttriallawyers.com\/wp-content\/uploads\/2026\/02\/WCTL-Logo.jpg","width":696,"height":696,"caption":"West Coast Trial Lawyers"},"image":{"@id":"https:\/\/westcoasttriallawyers.com\/es#\/schema\/logo\/image\/"},"sameAs":["https:\/\/www.facebook.com\/westcoasttriallawyers\/","https:\/\/x.com\/WestCoastTrial","https:\/\/www.linkedin.com\/company\/west-coast-trial-lawyers\/","https:\/\/www.instagram.com\/westcoasttriallawyers\/","https:\/\/www.yelp.com\/biz\/west-coast-trial-lawyers-los-angeles-2","https:\/\/www.pinterest.com\/westcoasttrial\/","https:\/\/www.youtube.com\/westcoasttriallawyersla\/","https:\/\/www.tiktok.com\/westcoasttriallawyers"],"description":"West Coast Trial Lawyers is a top-rated personal injury law firm with a goal to provide expert legal representation to those in need. The law firm has offices across California, Nevada, Arizona, and Washington.","legalName":"West Coast Trial Lawyers"}]}},"_links":{"self":[{"href":"https:\/\/westcoasttriallawyers.com\/es\/wp-json\/wp\/v2\/pages\/12899","targetHints":{"allow":["GET"]}}],"collection":[{"href":"https:\/\/westcoasttriallawyers.com\/es\/wp-json\/wp\/v2\/pages"}],"about":[{"href":"https:\/\/westcoasttriallawyers.com\/es\/wp-json\/wp\/v2\/types\/page"}],"author":[{"embeddable":true,"href":"https:\/\/westcoasttriallawyers.com\/es\/wp-json\/wp\/v2\/users\/470"}],"replies":[{"embeddable":true,"href":"https:\/\/westcoasttriallawyers.com\/es\/wp-json\/wp\/v2\/comments?post=12899"}],"version-history":[{"count":2,"href":"https:\/\/westcoasttriallawyers.com\/es\/wp-json\/wp\/v2\/pages\/12899\/revisions"}],"predecessor-version":[{"id":48201,"href":"https:\/\/westcoasttriallawyers.com\/es\/wp-json\/wp\/v2\/pages\/12899\/revisions\/48201"}],"up":[{"embeddable":true,"href":"https:\/\/westcoasttriallawyers.com\/es\/wp-json\/wp\/v2\/pages\/47436"}],"wp:featuredmedia":[{"embeddable":true,"href":"https:\/\/westcoasttriallawyers.com\/es\/wp-json\/wp\/v2\/media\/16878"}],"wp:attachment":[{"href":"https:\/\/westcoasttriallawyers.com\/es\/wp-json\/wp\/v2\/media?parent=12899"}],"curies":[{"name":"wp","href":"https:\/\/api.w.org\/{rel}","templated":true}]}}