{"id":12898,"date":"2026-01-14T18:23:45","date_gmt":"2026-01-14T18:23:45","guid":{"rendered":"https:\/\/wctl1stg.wpengine.com\/?page_id=12898"},"modified":"2026-01-22T10:43:11","modified_gmt":"2026-01-22T10:43:11","slug":"abogado-de-lesiones-por-quemaduras-de-riverside","status":"publish","type":"page","link":"https:\/\/westcoasttriallawyers.com\/es\/california\/riverside\/abogado-de-lesiones-por-quemaduras-de-riverside","title":{"rendered":"Abogado de Lesiones por Quemaduras de Riverside"},"content":{"rendered":"<h2><strong>\u00bfCu\u00e1les son las Clasificaciones de una Lesi\u00f3n por Quemaduras? \u00bfD\u00f3nde ocurren T\u00edpicamente estas Lesiones por Quemaduras? &nbsp;<\/strong><\/h2>\n<p><img src=\"https:\/\/lh5.googleusercontent.com\/Ezgg4DINA60qQp7IT9OWWl8GDqXMc-mNb7_KoB5wc1Tbac3KDbXTmYfZALX7-_3yXVf8wl7U0cdNxNDww-n9bs9ErtO38Js9jxH8fp8ycRwVrfGWMgzbV_27vreZSvXZev7hIoXsh6UGtktpITGe-R0\" alt=\"null\"><\/p>\n<p>Incesivamente, los incendios forestales de California han devastado muchas regiones, incluidas Beverly Hills, Los \u00c1ngeles y&nbsp;<strong>Riverside<\/strong>. Seg\u00fan un&nbsp;<a href=\"https:\/\/fox5sandiego.com\/2019\/09\/06\/riverside-county-wildfire213-927-3700contained-evacuations-lifted\/\"><strong>informe de 2019<\/strong><\/a><strong>,&nbsp;<\/strong>Riverside experiment\u00f3 una ola de incendios forestales<strong>&nbsp;<\/strong>que consumi\u00f3 m\u00e1s de 2,000 acres y reubic\u00f3 a m\u00e1s de 570 residentes. En estas condiciones, pueden surgir lesiones por quemaduras. Quienes sufren una lesi\u00f3n por quemaduras pueden sufrir da\u00f1os f\u00edsicos, como ampollas, hinchaz\u00f3n y cicatrices.<\/p>\n<p>Si se quem\u00f3 debido a la negligencia de otra parte, puede tener derecho a recibir una compensaci\u00f3n por sus p\u00e9rdidas. En Los Abogados de la Costa Oeste, nuestros<strong> abogados de lesiones por quemaduras de Riverside<\/strong> han ganado m\u00e1s de 5,000 casos y han recuperado m\u00e1s de $1,000 millones en acuerdos para nuestros clientes. Debido a nuestros logros, hemos sido reconocidos como uno de los mejores bufetes de abogados de lesiones personales en Riverside.<\/p>\n<p>Para programar una consulta gratuita y sin compromiso en nuestro&nbsp;<strong>bufete de abogados de lesiones personales de Riverside<\/strong>, comun\u00edquese con nuestro equipo legal las 24 horas, los 7 d\u00edas de la semana llamando al&nbsp;<strong>(951) 393-1299&nbsp;<\/strong>o enviando un correo electr\u00f3nico&nbsp;<strong>a info@westcoasttriallawyers.com<\/strong><\/p>\n<h2><strong>Tipos de Quemaduras<\/strong><\/h2>\n<p>El monto de compensaci\u00f3n que puede recibir de la liquidaci\u00f3n de su seguro depende directamente de la gravedad de sus p\u00e9rdidas y los costos de sus facturas m\u00e9dicas. En la mayor\u00eda de las circunstancias, las quemaduras se dividen en una de tres categor\u00edas, seg\u00fan la aspereza de la herida.&nbsp;<\/p>\n<p>A continuaci\u00f3n se enumeran los tres tipos de quemaduras:&nbsp;<\/p>\n<ul>\n<li><strong>Primer grado.<\/strong> Esto tiene una apariencia roja que es a la vez dolorosa y seca. Afecta principalmente a la capa externa de la piel (epidermis). Generalmente, no hay da\u00f1o a largo plazo. Experimentar\u00e1 un enrojecimiento notable en las etapas iniciales. Cerca del final de su recuperaci\u00f3n, se desvanecer\u00e1.<\/li>\n<li><strong>Segundo grado.&nbsp;<\/strong>Esto causa da\u00f1o a la capa externa de la piel y la capa debajo (dermis). La apariencia de la quemadura ser\u00e1 de color rojo brillante, hinchada y con ampollas.<\/li>\n<li><strong>Quemadura profunda de espesor parcial.&nbsp;<\/strong>Deja una cicatriz en la piel, adem\u00e1s de que su piel cambia de color permanentemente.<\/li>\n<li><strong>Tercer grado.<\/strong> Esto se dirige principalmente a las terminaciones nerviosas. Destruir\u00e1 la epidermis y la dermis. Las quemaduras de tercer grado podr\u00edan impactar potencialmente en el tejido subcut\u00e1neo, que es la capa m\u00e1s interna de la piel. La quemadura aparecer\u00e1 como un tono blanco, negro, marr\u00f3n o amarillo.<\/li>\n<li><strong>Cuarto grado<\/strong>. Esto causa las quemaduras m\u00e1s profundas y severas. Las quemaduras de cuarto grado pueden resultar en una situaci\u00f3n potencialmente mortal. Todas las capas de su piel, incluidos sus m\u00fasculos, huesos y tendones, ser\u00e1n destruidas.<\/li>\n<\/ul>\n<h2><strong>Lugares Comunes donde Ocurren Lesiones por Quemaduras&nbsp;<\/strong><\/h2>\n<p>En California, hay varios lugares donde puede sufrir una lesi\u00f3n por quemadura. Riverside no est\u00e1 exento y cada a\u00f1o hay estad\u00edsticas que rompen r\u00e9cords con respecto a lesiones graves por incendios y quemaduras. Los lugares comunes donde pueden ocurrir quemaduras incluyen:<\/p>\n<ol>\n<li><strong>Restaurantes.&nbsp;<\/strong>Debido a la gran demanda y la cultura acelerada de la industria de los restaurantes, hay personas que han sufrido quemaduras inesperadas por un plato caliente, un alimento o, lo que es m\u00e1s famoso, por una&nbsp;<a href=\"https:\/\/www.caoc.org\/?pg=facts\"><strong>taza de caf\u00e9 humeante<\/strong><\/a><strong>.<\/strong>&nbsp;Si bien es deber del restaurante mantener la comida caliente y a temperaturas seguras, tambi\u00e9n es importante advertir al hu\u00e9sped con suficiente antelaci\u00f3n, ya que algunas v\u00edctimas desprevenidas han sufrido quemaduras de segundo y tercer grado en los restaurantes debido a la falta de etiquetas de advertencia.<\/li>\n<li><strong>Salones de bronceado.<\/strong> Al usar una cama de bronceado, usted est\u00e1 asumiendo un cierto nivel de responsabilidad dado que est\u00e1 eligiendo voluntaria y activamente usar una. La negligencia comparativa puede ser aplicable si cada parte tiene una parte de la mala conducta que condujo a una lesi\u00f3n.&nbsp;<\/li>\n<li><strong>Tu Propio Hogar.<\/strong> Las quemaduras de estufas y hornos a menudo ocurren en su propia casa. El uso de ciertos productos para el hogar, como el&nbsp;<a href=\"https:\/\/www.usatoday.com\/story\/money\/nation-now\/2016\/03\/24\/lawsuit-old-spice-rashes-chemical-burns-procter-gamble\/82201506\/\"><strong>desodorante<\/strong><\/a>&nbsp;o&nbsp;<a href=\"https:\/\/www.livestrong.com\/article\/185552-how-to-treat-burned-or-irritated-skin-from-benzoyl-peroxide\/\"><strong>medicamentos para el acn\u00e9<\/strong><\/a>, tambi\u00e9n pueden causar una quemadura qu\u00edmica. Si estas empresas no proporcionan ninguna etiqueta de advertencia que indique que el producto puede causar una quemadura qu\u00edmica, es posible que tenga derecho a recibir una compensaci\u00f3n.<\/li>\n<\/ol>\n<h2><strong>Los Abogados de la Costa Oeste est\u00e1n Aqu\u00ed para Ayudarlo<\/strong><\/h2>\n<p>Si ha sufrido lesiones en Riverside como resultado de una lesi\u00f3n relacionada con una quemadura<strong>,<\/strong> un<strong>&nbsp;<\/strong>El abogado de lesiones personales de Riverside en&nbsp;<a href=\"\/\"><strong>Los Abogados de la Costa Oeste<\/strong><\/a> puede ayudarlo a recuperar da\u00f1os econ\u00f3micos y no econ\u00f3micos, como facturas m\u00e9dicas, salarios perdidos, dolor y sufrimiento, y m\u00e1s.&nbsp;<\/p>\n<p>Comun\u00edquese hoy con nuestro equipo legal disponible las 24 horas, los 7 d\u00edas de la semana al&nbsp;<strong>(951) 393-1299&nbsp;<\/strong>o env\u00ede un correo electr\u00f3nico&nbsp;<strong>info@westcoasttriallawyers.com<\/strong> para programar una consulta gratuita en nuestro bufete de abogados de lesiones personales de Riverside.&nbsp;<br \/>\n<!-- WCTL_DEBUG: no shortcode in this_content --><\/p>\n","protected":false},"excerpt":{"rendered":"<p>\u00bfCu\u00e1les son las Clasificaciones de una Lesi\u00f3n por Quemaduras? \u00bfD\u00f3nde ocurren T\u00edpicamente estas Lesiones por Quemaduras? &nbsp; Incesivamente, los incendios forestales de California han devastado muchas regiones, incluidas Beverly Hills, Los \u00c1ngeles y&nbsp;Riverside. Seg\u00fan un&nbsp;informe de 2019,&nbsp;Riverside experiment\u00f3 una ola de incendios forestales&nbsp;que consumi\u00f3 m\u00e1s de 2,000 acres y reubic\u00f3 a m\u00e1s de 570 residentes. [&hellip;]<\/p>\n","protected":false},"author":475,"featured_media":47019,"parent":47436,"menu_order":0,"comment_status":"closed","ping_status":"closed","template":"","meta":{"inline_featured_image":false,"footnotes":""},"class_list":["post-12898","page","type-page","status-publish","has-post-thumbnail","hentry"],"acf":[],"yoast_head":"<!-- This site is optimized with the Yoast SEO Premium plugin v26.0 (Yoast SEO v26.0) - https:\/\/yoast.com\/wordpress\/plugins\/seo\/ -->\n<title>Abogado de Lesiones por Quemaduras de Riverside | West Coast Trial Lawyers<\/title>\n<meta name=\"robots\" content=\"index, follow, max-snippet:-1, max-image-preview:large, max-video-preview:-1\" \/>\n<link rel=\"canonical\" href=\"https:\/\/westcoasttriallawyers.com\/es\/california\/riverside\/abogado-de-lesiones-por-quemaduras-de-riverside\" \/>\n<meta property=\"og:locale\" content=\"es_ES\" \/>\n<meta property=\"og:type\" content=\"article\" \/>\n<meta property=\"og:title\" content=\"Abogado de Lesiones por Quemaduras de Riverside\" \/>\n<meta property=\"og:description\" content=\"\u00bfCu\u00e1les son las Clasificaciones de una Lesi\u00f3n por Quemaduras? \u00bfD\u00f3nde ocurren T\u00edpicamente estas Lesiones por Quemaduras? &nbsp; Incesivamente, los incendios forestales de California han devastado muchas regiones, incluidas Beverly Hills, Los \u00c1ngeles y&nbsp;Riverside. Seg\u00fan un&nbsp;informe de 2019,&nbsp;Riverside experiment\u00f3 una ola de incendios forestales&nbsp;que consumi\u00f3 m\u00e1s de 2,000 acres y reubic\u00f3 a m\u00e1s de 570 residentes. [&hellip;]\" \/>\n<meta property=\"og:url\" content=\"https:\/\/westcoasttriallawyers.com\/es\/california\/riverside\/abogado-de-lesiones-por-quemaduras-de-riverside\" \/>\n<meta property=\"og:site_name\" content=\"West Coast Trial Lawyers\" \/>\n<meta property=\"article:publisher\" content=\"https:\/\/www.facebook.com\/westcoasttriallawyers\/\" \/>\n<meta property=\"article:modified_time\" content=\"2026-01-22T10:43:11+00:00\" \/>\n<meta property=\"og:image\" content=\"https:\/\/westcoasttriallawyers.com\/wp-content\/uploads\/2025\/07\/Riverside-25.webp\" \/>\n\t<meta property=\"og:image:width\" content=\"557\" \/>\n\t<meta property=\"og:image:height\" content=\"327\" \/>\n\t<meta property=\"og:image:type\" content=\"image\/webp\" \/>\n<meta name=\"twitter:card\" content=\"summary_large_image\" \/>\n<meta name=\"twitter:site\" content=\"@WestCoastTrial\" \/>\n<meta name=\"twitter:label1\" content=\"Tiempo de lectura\" \/>\n\t<meta name=\"twitter:data1\" content=\"8 minutos\" \/>\n<script type=\"application\/ld+json\" class=\"yoast-schema-graph\">{\"@context\":\"https:\/\/schema.org\",\"@graph\":[{\"@type\":[\"WebPage\",\"ItemPage\"],\"@id\":\"https:\/\/westcoasttriallawyers.com\/es\/california\/riverside\/abogado-de-lesiones-por-quemaduras-de-riverside\",\"url\":\"https:\/\/westcoasttriallawyers.com\/es\/california\/riverside\/abogado-de-lesiones-por-quemaduras-de-riverside\",\"name\":\"Abogado de Lesiones por Quemaduras de Riverside | West Coast Trial Lawyers\",\"isPartOf\":{\"@id\":\"https:\/\/westcoasttriallawyers.com\/es#website\"},\"primaryImageOfPage\":{\"@id\":\"https:\/\/westcoasttriallawyers.com\/es\/california\/riverside\/abogado-de-lesiones-por-quemaduras-de-riverside#primaryimage\"},\"image\":{\"@id\":\"https:\/\/westcoasttriallawyers.com\/es\/california\/riverside\/abogado-de-lesiones-por-quemaduras-de-riverside#primaryimage\"},\"thumbnailUrl\":\"https:\/\/westcoasttriallawyers.com\/wp-content\/uploads\/2025\/07\/Riverside-25.webp\",\"datePublished\":\"2026-01-14T18:23:45+00:00\",\"dateModified\":\"2026-01-22T10:43:11+00:00\",\"breadcrumb\":{\"@id\":\"https:\/\/westcoasttriallawyers.com\/es\/california\/riverside\/abogado-de-lesiones-por-quemaduras-de-riverside#breadcrumb\"},\"inLanguage\":\"es\",\"potentialAction\":[{\"@type\":\"ReadAction\",\"target\":[\"https:\/\/westcoasttriallawyers.com\/es\/california\/riverside\/abogado-de-lesiones-por-quemaduras-de-riverside\"]}]},{\"@type\":\"ImageObject\",\"inLanguage\":\"es\",\"@id\":\"https:\/\/westcoasttriallawyers.com\/es\/california\/riverside\/abogado-de-lesiones-por-quemaduras-de-riverside#primaryimage\",\"url\":\"https:\/\/westcoasttriallawyers.com\/wp-content\/uploads\/2025\/07\/Riverside-25.webp\",\"contentUrl\":\"https:\/\/westcoasttriallawyers.com\/wp-content\/uploads\/2025\/07\/Riverside-25.webp\",\"width\":557,\"height\":327},{\"@type\":\"BreadcrumbList\",\"@id\":\"https:\/\/westcoasttriallawyers.com\/es\/california\/riverside\/abogado-de-lesiones-por-quemaduras-de-riverside#breadcrumb\",\"itemListElement\":[{\"@type\":\"ListItem\",\"position\":1,\"name\":\"Inicio\",\"item\":\"https:\/\/westcoasttriallawyers.com\/es\"},{\"@type\":\"ListItem\",\"position\":2,\"name\":\"California\",\"item\":\"https:\/\/westcoasttriallawyers.com\/es\/california\"},{\"@type\":\"ListItem\",\"position\":3,\"name\":\"Riverside\",\"item\":\"https:\/\/westcoasttriallawyers.com\/es\/california\/riverside\"},{\"@type\":\"ListItem\",\"position\":4,\"name\":\"Abogado de Lesiones por Quemaduras de Riverside\"}]},{\"@type\":\"WebSite\",\"@id\":\"https:\/\/westcoasttriallawyers.com\/es#website\",\"url\":\"https:\/\/westcoasttriallawyers.com\/es\",\"name\":\"West Coast Trial Lawyers\",\"description\":\"West Coast Trial Lawyers\",\"publisher\":{\"@id\":\"https:\/\/westcoasttriallawyers.com\/es#organization\"},\"alternateName\":\"WCTL\",\"potentialAction\":[{\"@type\":\"SearchAction\",\"target\":{\"@type\":\"EntryPoint\",\"urlTemplate\":\"https:\/\/westcoasttriallawyers.com\/es?s={search_term_string}\"},\"query-input\":{\"@type\":\"PropertyValueSpecification\",\"valueRequired\":true,\"valueName\":\"search_term_string\"}}],\"inLanguage\":\"es\"},{\"@type\":\"Organization\",\"@id\":\"https:\/\/westcoasttriallawyers.com\/es#organization\",\"name\":\"West Coast Trial Lawyers\",\"alternateName\":\"WCTL\",\"url\":\"https:\/\/westcoasttriallawyers.com\/es\",\"logo\":{\"@type\":\"ImageObject\",\"inLanguage\":\"es\",\"@id\":\"https:\/\/westcoasttriallawyers.com\/es#\/schema\/logo\/image\/\",\"url\":\"https:\/\/westcoasttriallawyers.com\/wp-content\/uploads\/2026\/02\/WCTL-Logo.jpg\",\"contentUrl\":\"https:\/\/westcoasttriallawyers.com\/wp-content\/uploads\/2026\/02\/WCTL-Logo.jpg\",\"width\":696,\"height\":696,\"caption\":\"West Coast Trial Lawyers\"},\"image\":{\"@id\":\"https:\/\/westcoasttriallawyers.com\/es#\/schema\/logo\/image\/\"},\"sameAs\":[\"https:\/\/www.facebook.com\/westcoasttriallawyers\/\",\"https:\/\/x.com\/WestCoastTrial\",\"https:\/\/www.linkedin.com\/company\/west-coast-trial-lawyers\/\",\"https:\/\/www.instagram.com\/westcoasttriallawyers\/\",\"https:\/\/www.yelp.com\/biz\/west-coast-trial-lawyers-los-angeles-2\",\"https:\/\/www.pinterest.com\/westcoasttrial\/\",\"https:\/\/www.youtube.com\/westcoasttriallawyersla\/\",\"https:\/\/www.tiktok.com\/westcoasttriallawyers\"],\"description\":\"West Coast Trial Lawyers is a top-rated personal injury law firm with a goal to provide expert legal representation to those in need. The law firm has offices across California, Nevada, Arizona, and Washington.\",\"legalName\":\"West Coast Trial Lawyers\"}]}<\/script>\n<!-- \/ Yoast SEO Premium plugin. -->","yoast_head_json":{"title":"Abogado de Lesiones por Quemaduras de Riverside | West Coast Trial Lawyers","robots":{"index":"index","follow":"follow","max-snippet":"max-snippet:-1","max-image-preview":"max-image-preview:large","max-video-preview":"max-video-preview:-1"},"canonical":"https:\/\/westcoasttriallawyers.com\/es\/california\/riverside\/abogado-de-lesiones-por-quemaduras-de-riverside","og_locale":"es_ES","og_type":"article","og_title":"Abogado de Lesiones por Quemaduras de Riverside","og_description":"\u00bfCu\u00e1les son las Clasificaciones de una Lesi\u00f3n por Quemaduras? \u00bfD\u00f3nde ocurren T\u00edpicamente estas Lesiones por Quemaduras? &nbsp; Incesivamente, los incendios forestales de California han devastado muchas regiones, incluidas Beverly Hills, Los \u00c1ngeles y&nbsp;Riverside. Seg\u00fan un&nbsp;informe de 2019,&nbsp;Riverside experiment\u00f3 una ola de incendios forestales&nbsp;que consumi\u00f3 m\u00e1s de 2,000 acres y reubic\u00f3 a m\u00e1s de 570 residentes. [&hellip;]","og_url":"https:\/\/westcoasttriallawyers.com\/es\/california\/riverside\/abogado-de-lesiones-por-quemaduras-de-riverside","og_site_name":"West Coast Trial Lawyers","article_publisher":"https:\/\/www.facebook.com\/westcoasttriallawyers\/","article_modified_time":"2026-01-22T10:43:11+00:00","og_image":[{"width":557,"height":327,"url":"https:\/\/westcoasttriallawyers.com\/wp-content\/uploads\/2025\/07\/Riverside-25.webp","type":"image\/webp"}],"twitter_card":"summary_large_image","twitter_site":"@WestCoastTrial","twitter_misc":{"Tiempo de lectura":"8 minutos"},"schema":{"@context":"https:\/\/schema.org","@graph":[{"@type":["WebPage","ItemPage"],"@id":"https:\/\/westcoasttriallawyers.com\/es\/california\/riverside\/abogado-de-lesiones-por-quemaduras-de-riverside","url":"https:\/\/westcoasttriallawyers.com\/es\/california\/riverside\/abogado-de-lesiones-por-quemaduras-de-riverside","name":"Abogado de Lesiones por Quemaduras de Riverside | West Coast Trial Lawyers","isPartOf":{"@id":"https:\/\/westcoasttriallawyers.com\/es#website"},"primaryImageOfPage":{"@id":"https:\/\/westcoasttriallawyers.com\/es\/california\/riverside\/abogado-de-lesiones-por-quemaduras-de-riverside#primaryimage"},"image":{"@id":"https:\/\/westcoasttriallawyers.com\/es\/california\/riverside\/abogado-de-lesiones-por-quemaduras-de-riverside#primaryimage"},"thumbnailUrl":"https:\/\/westcoasttriallawyers.com\/wp-content\/uploads\/2025\/07\/Riverside-25.webp","datePublished":"2026-01-14T18:23:45+00:00","dateModified":"2026-01-22T10:43:11+00:00","breadcrumb":{"@id":"https:\/\/westcoasttriallawyers.com\/es\/california\/riverside\/abogado-de-lesiones-por-quemaduras-de-riverside#breadcrumb"},"inLanguage":"es","potentialAction":[{"@type":"ReadAction","target":["https:\/\/westcoasttriallawyers.com\/es\/california\/riverside\/abogado-de-lesiones-por-quemaduras-de-riverside"]}]},{"@type":"ImageObject","inLanguage":"es","@id":"https:\/\/westcoasttriallawyers.com\/es\/california\/riverside\/abogado-de-lesiones-por-quemaduras-de-riverside#primaryimage","url":"https:\/\/westcoasttriallawyers.com\/wp-content\/uploads\/2025\/07\/Riverside-25.webp","contentUrl":"https:\/\/westcoasttriallawyers.com\/wp-content\/uploads\/2025\/07\/Riverside-25.webp","width":557,"height":327},{"@type":"BreadcrumbList","@id":"https:\/\/westcoasttriallawyers.com\/es\/california\/riverside\/abogado-de-lesiones-por-quemaduras-de-riverside#breadcrumb","itemListElement":[{"@type":"ListItem","position":1,"name":"Inicio","item":"https:\/\/westcoasttriallawyers.com\/es"},{"@type":"ListItem","position":2,"name":"California","item":"https:\/\/westcoasttriallawyers.com\/es\/california"},{"@type":"ListItem","position":3,"name":"Riverside","item":"https:\/\/westcoasttriallawyers.com\/es\/california\/riverside"},{"@type":"ListItem","position":4,"name":"Abogado de Lesiones por Quemaduras de Riverside"}]},{"@type":"WebSite","@id":"https:\/\/westcoasttriallawyers.com\/es#website","url":"https:\/\/westcoasttriallawyers.com\/es","name":"West Coast Trial Lawyers","description":"West Coast Trial Lawyers","publisher":{"@id":"https:\/\/westcoasttriallawyers.com\/es#organization"},"alternateName":"WCTL","potentialAction":[{"@type":"SearchAction","target":{"@type":"EntryPoint","urlTemplate":"https:\/\/westcoasttriallawyers.com\/es?s={search_term_string}"},"query-input":{"@type":"PropertyValueSpecification","valueRequired":true,"valueName":"search_term_string"}}],"inLanguage":"es"},{"@type":"Organization","@id":"https:\/\/westcoasttriallawyers.com\/es#organization","name":"West Coast Trial Lawyers","alternateName":"WCTL","url":"https:\/\/westcoasttriallawyers.com\/es","logo":{"@type":"ImageObject","inLanguage":"es","@id":"https:\/\/westcoasttriallawyers.com\/es#\/schema\/logo\/image\/","url":"https:\/\/westcoasttriallawyers.com\/wp-content\/uploads\/2026\/02\/WCTL-Logo.jpg","contentUrl":"https:\/\/westcoasttriallawyers.com\/wp-content\/uploads\/2026\/02\/WCTL-Logo.jpg","width":696,"height":696,"caption":"West Coast Trial Lawyers"},"image":{"@id":"https:\/\/westcoasttriallawyers.com\/es#\/schema\/logo\/image\/"},"sameAs":["https:\/\/www.facebook.com\/westcoasttriallawyers\/","https:\/\/x.com\/WestCoastTrial","https:\/\/www.linkedin.com\/company\/west-coast-trial-lawyers\/","https:\/\/www.instagram.com\/westcoasttriallawyers\/","https:\/\/www.yelp.com\/biz\/west-coast-trial-lawyers-los-angeles-2","https:\/\/www.pinterest.com\/westcoasttrial\/","https:\/\/www.youtube.com\/westcoasttriallawyersla\/","https:\/\/www.tiktok.com\/westcoasttriallawyers"],"description":"West Coast Trial Lawyers is a top-rated personal injury law firm with a goal to provide expert legal representation to those in need. The law firm has offices across California, Nevada, Arizona, and Washington.","legalName":"West Coast Trial Lawyers"}]}},"_links":{"self":[{"href":"https:\/\/westcoasttriallawyers.com\/es\/wp-json\/wp\/v2\/pages\/12898","targetHints":{"allow":["GET"]}}],"collection":[{"href":"https:\/\/westcoasttriallawyers.com\/es\/wp-json\/wp\/v2\/pages"}],"about":[{"href":"https:\/\/westcoasttriallawyers.com\/es\/wp-json\/wp\/v2\/types\/page"}],"author":[{"embeddable":true,"href":"https:\/\/westcoasttriallawyers.com\/es\/wp-json\/wp\/v2\/users\/475"}],"replies":[{"embeddable":true,"href":"https:\/\/westcoasttriallawyers.com\/es\/wp-json\/wp\/v2\/comments?post=12898"}],"version-history":[{"count":3,"href":"https:\/\/westcoasttriallawyers.com\/es\/wp-json\/wp\/v2\/pages\/12898\/revisions"}],"predecessor-version":[{"id":47842,"href":"https:\/\/westcoasttriallawyers.com\/es\/wp-json\/wp\/v2\/pages\/12898\/revisions\/47842"}],"up":[{"embeddable":true,"href":"https:\/\/westcoasttriallawyers.com\/es\/wp-json\/wp\/v2\/pages\/47436"}],"wp:featuredmedia":[{"embeddable":true,"href":"https:\/\/westcoasttriallawyers.com\/es\/wp-json\/wp\/v2\/media\/47019"}],"wp:attachment":[{"href":"https:\/\/westcoasttriallawyers.com\/es\/wp-json\/wp\/v2\/media?parent=12898"}],"curies":[{"name":"wp","href":"https:\/\/api.w.org\/{rel}","templated":true}]}}