{"id":12897,"date":"2026-01-14T18:23:39","date_gmt":"2026-01-14T18:23:39","guid":{"rendered":"https:\/\/wctl1stg.wpengine.com\/?page_id=12897"},"modified":"2026-01-23T22:59:39","modified_gmt":"2026-01-23T22:59:39","slug":"abogados-accidentes-camion-riverside","status":"publish","type":"page","link":"https:\/\/westcoasttriallawyers.com\/es\/california\/riverside\/abogados-accidentes-camion-riverside","title":{"rendered":"Abogado de Accidentes de Camiones en Riverside"},"content":{"rendered":"<h2><strong>Qu\u00e9 debe Hacer Despu\u00e9s de un Accidente de Cami\u00f3n para Aumentar su Compensaci\u00f3n<\/strong><\/h2>\n<p><img src=\"https:\/\/lh6.googleusercontent.com\/XNRCXvM2S9E29Uwi401WhJmnNDHfmCOr0-bIDgwOnhCOPEjhIohYnXh2MlKEAWzWvvuVpdqCAc9bL90q7f1Ip_Z0gjC_cYba7dWMOtZllI2cBQiauxDzVUBvlXv73_sZ_eblCeoRXwnFqiiipGQuNlI\" alt=\"null\" \/><\/p>\n<p>Los accidentes de camiones son peligrosos debido a su gran tama\u00f1o y potencia. Los da\u00f1os pueden ser catastr\u00f3ficos, ya que podr\u00eda involucrar a varios veh\u00edculos. Debido a estos riesgos, muchos conductores se sienten inc\u00f3modos conduciendo al lado de un cami\u00f3n. Incluso hay quienes han desarrollado la homofobia, que es el miedo a los semirremolques. Los nervios del conductor pueden influir en las acciones imprudentes, como el exceso de velocidad, para evitar cualquier posibilidad de sufrir un accidente de cami\u00f3n. Sin embargo, la decisi\u00f3n de un conductor de ir en contra de las reglas de tr\u00e1nsito tambi\u00e9n puede colocarlo en una situaci\u00f3n peligrosa que puede involucrar a otros veh\u00edculos cercanos.<\/p>\n<p>Si estuvo involucrado en un accidente de cami\u00f3n y desea presentar un reclamo contra el conductor culpable, Los Abogados de la Costa Oeste tiene abogados con experiencia\u00a0<strong>en accidentes de camiones en Riverside<\/strong> disponibles para ayudarle con su caso. Nuestro equipo tiene m\u00e1s de 60 a\u00f1os de experiencia legal colectiva en el manejo de casos de lesiones personales y ha recuperado m\u00e1s de $1 mil millones en acuerdos para nuestros clientes. Debido a nuestros logros, hemos sido clasificados como uno de los mejores bufetes de abogados de lesiones personales en\u00a0<strong>Riverside.<\/strong><\/p>\n<p>Para programar una consulta gratuita y sin compromiso en nuestro\u00a0<strong>bufete de abogados de lesiones personales de Riverside<\/strong>, comun\u00edquese con nuestro equipo legal las 24 horas, los 7 d\u00edas de la semana llamando al\u00a0<strong>(951) 393-1299\u00a0<\/strong>o correo electr\u00f3nico\u00a0<a href=\"mailto:info@westcoasttriallawyers.com\"><strong>info@westcoasttriallawyers.com<\/strong><\/a><strong>.\u00a0<\/strong><\/p>\n<h2><strong>Pasos a seguir despu\u00e9s de un accidente de cami\u00f3n<\/strong><\/h2>\n<p>En 2019, unas 4.119 personas murieron en un\u00a0<a href=\"https:\/\/www.iihs.org\/topics\/fatality-statistics\/detail\/large-trucks\"><strong>accidente de cami\u00f3n<\/strong><\/a>. De ese n\u00famero, el 67 por ciento eran ocupantes de autom\u00f3viles y otros veh\u00edculos de pasajeros, mientras que el 16 por ciento eran ocupantes de camiones. El resto fueron motociclistas, peatones y ciclistas. Dado que un accidente de cami\u00f3n puede afectar a una amplia variedad de personas, siempre es importante saber qu\u00e9 debe hacer despu\u00e9s del impacto.<\/p>\n<p>A continuaci\u00f3n, nuestros abogados de lesiones personales de Riverside han creado una lista de pasos que debe seguir para prepararse mejor en caso de un accidente de cami\u00f3n.<\/p>\n<ul>\n<li><strong>Aseg\u00farate de que todos est\u00e9n bien.\u00a0<\/strong>Si nota lesiones o da\u00f1os, comun\u00edquese con la polic\u00eda de inmediato.<\/li>\n<li><strong>P\u00f3ngase en contacto con la polic\u00eda.\u00a0<\/strong>La polic\u00eda llegar\u00e1 al lugar del accidente y realizar\u00e1 un informe policial oficial. Los param\u00e9dicos tambi\u00e9n pueden estar presentes para brindar atenci\u00f3n m\u00e9dica inmediata a quienes la necesiten.<\/li>\n<li><strong>Intercambiar informaci\u00f3n con el conductor.<\/strong> Es imperativo intercambiar informaci\u00f3n con la(s) parte(s) involucrada(s) en el accidente. La informaci\u00f3n debe incluir:\n<ul>\n<li>Nombre<\/li>\n<li>del conductor Direcci\u00f3n<\/li>\n<li>del conductor Informaci\u00f3n del seguro del<\/li>\n<li>conductor N\u00famero de placa del conductor<\/li>\n<li>El tipo y color de los veh\u00edculos involucrados<\/li>\n<li>N\u00famero<\/li>\n<\/ul>\n<\/li>\n<li><strong>Re\u00fana evidencia.<\/strong>\u00a0Aseg\u00farese de tomar fotograf\u00edas y\/o secuencias de video de sus lesiones, da\u00f1os y el lugar donde ocurri\u00f3 el accidente. Tambi\u00e9n debe solicitar recibir una copia del informe policial. Por \u00faltimo, ser\u00eda ideal que anotaras tu perspectiva sobre lo ocurrido antes, durante y despu\u00e9s del accidente. No olvides incluir la fecha y hora de cada evento.<\/li>\n<li><strong>Encuentra un testigo.\u00a0<\/strong>Intente mirar a su alrededor y ver si hay testigos cerca. Si nota uno, debe acercarse a ellos y pedirles su consentimiento para involucrarnos en su caso. Si dan una aprobaci\u00f3n, entonces debe solicitar su informaci\u00f3n de contacto. El testimonio de un testigo puede respaldar en gran medida su reclamo.<\/li>\n<li><strong>Ten cuidado con lo que dices.<\/strong> Para la mayor\u00eda de las personas, es un instinto natural aceptar la culpa, incluso cuando en realidad no es su culpa. En un tribunal de justicia, si admiti\u00f3 la culpa en el momento del accidente, sus propias palabras pueden y probablemente ser\u00e1n utilizadas en su contra.<\/li>\n<li><strong>Obtenga atenci\u00f3n m\u00e9dica.<\/strong>\u00a0Incluso si no sufri\u00f3 lesiones graves, a\u00fan debe ser revisado por un m\u00e9dico s\u00f3lo para estar seguro. Su m\u00e9dico examinar\u00e1 su herida y determinar\u00e1 un diagn\u00f3stico. Si es una lesi\u00f3n que necesita ser tratada y monitoreada, se crear\u00e1 un plan de tratamiento para ayudarlo a recuperarse. Sus visitas al m\u00e9dico se guardar\u00e1n en un archivo y se pueden usar como evidencia para incluir en su reclamo.<\/li>\n<li><strong>P\u00f3ngase en contacto con un abogado.\u00a0<\/strong>Las compa\u00f1\u00edas de seguros no est\u00e1n de su lado. Se le dar\u00e1 una cantidad baja como primera oferta, que muy probablemente no ser\u00e1 suficiente para cubrir los da\u00f1os causados \u200b\u200bpor el accidente. Un abogado de accidentes de camiones lo ayudar\u00e1 a construir su reclamo y negociar\u00e1 con las compa\u00f1\u00edas de seguros para garantizar que obtenga la compensaci\u00f3n m\u00e1xima que merece por sus p\u00e9rdidas.<\/li>\n<\/ul>\n<h2><strong>\u00a1P\u00f3ngase en Contacto con Los Abogados de la Costa Oeste Hoy!<\/strong><\/h2>\n<p>mismo. Si ha sufrido lesiones en Riverside o sus alrededores como resultado de un accidente de cami\u00f3n<strong>,<\/strong> de Riverside abogado de lesiones personales<strong>\u00a0<\/strong>en\u00a0<a href=\"\/\"><strong>Los Abogados de la Costa Oeste<\/strong><\/a><strong>\u00a0<\/strong>puede ayudarlo a recuperar da\u00f1os econ\u00f3micos y no econ\u00f3micos, incluidas facturas m\u00e9dicas, da\u00f1os a la propiedad, salarios perdidos, dolor y sufrimiento, y m\u00e1s.<\/p>\n<p>Ll\u00e1manos<strong>\u00a0<\/strong>hoy al\u00a0<strong>(951) 393-1299\u00a0<\/strong>o env\u00ede un correo electr\u00f3nico\u00a0<strong>info@westcoasttriallawyers.com<\/strong> para programar una consulta gratuita con nuestro equipo legal experimentado, atento y compasivo.<br \/>\n<!-- WCTL_DEBUG: no shortcode in this_content --><\/p>\n","protected":false},"excerpt":{"rendered":"<p>Qu\u00e9 debe Hacer Despu\u00e9s de un Accidente de Cami\u00f3n para Aumentar su Compensaci\u00f3n Los accidentes de camiones son peligrosos debido a su gran tama\u00f1o y potencia. Los da\u00f1os pueden ser catastr\u00f3ficos, ya que podr\u00eda involucrar a varios veh\u00edculos. Debido a estos riesgos, muchos conductores se sienten inc\u00f3modos conduciendo al lado de un cami\u00f3n. Incluso hay [&hellip;]<\/p>\n","protected":false},"author":470,"featured_media":46989,"parent":47436,"menu_order":394,"comment_status":"closed","ping_status":"closed","template":"","meta":{"inline_featured_image":false,"footnotes":""},"class_list":["post-12897","page","type-page","status-publish","has-post-thumbnail","hentry"],"acf":[],"yoast_head":"<!-- This site is optimized with the Yoast SEO Premium plugin v26.0 (Yoast SEO v26.0) - https:\/\/yoast.com\/wordpress\/plugins\/seo\/ -->\n<title>Abogado de Accidentes de Camiones en Riverside | West Coast Trial Lawyers<\/title>\n<meta name=\"robots\" content=\"index, follow, max-snippet:-1, max-image-preview:large, max-video-preview:-1\" \/>\n<link rel=\"canonical\" href=\"https:\/\/westcoasttriallawyers.com\/es\/california\/riverside\/abogados-accidentes-camion-riverside\" \/>\n<meta property=\"og:locale\" content=\"es_ES\" \/>\n<meta property=\"og:type\" content=\"article\" \/>\n<meta property=\"og:title\" content=\"Abogado de Accidentes de Camiones en Riverside\" \/>\n<meta property=\"og:description\" content=\"Qu\u00e9 debe Hacer Despu\u00e9s de un Accidente de Cami\u00f3n para Aumentar su Compensaci\u00f3n Los accidentes de camiones son peligrosos debido a su gran tama\u00f1o y potencia. Los da\u00f1os pueden ser catastr\u00f3ficos, ya que podr\u00eda involucrar a varios veh\u00edculos. Debido a estos riesgos, muchos conductores se sienten inc\u00f3modos conduciendo al lado de un cami\u00f3n. Incluso hay [&hellip;]\" \/>\n<meta property=\"og:url\" content=\"https:\/\/westcoasttriallawyers.com\/es\/california\/riverside\/abogados-accidentes-camion-riverside\" \/>\n<meta property=\"og:site_name\" content=\"West Coast Trial Lawyers\" \/>\n<meta property=\"article:publisher\" content=\"https:\/\/www.facebook.com\/westcoasttriallawyers\/\" \/>\n<meta property=\"article:modified_time\" content=\"2026-01-23T22:59:39+00:00\" \/>\n<meta property=\"og:image\" content=\"https:\/\/westcoasttriallawyers.com\/wp-content\/uploads\/2025\/07\/Riverside-13.webp\" \/>\n\t<meta property=\"og:image:width\" content=\"557\" \/>\n\t<meta property=\"og:image:height\" content=\"327\" \/>\n\t<meta property=\"og:image:type\" content=\"image\/webp\" \/>\n<meta name=\"twitter:card\" content=\"summary_large_image\" \/>\n<meta name=\"twitter:site\" content=\"@WestCoastTrial\" \/>\n<meta name=\"twitter:label1\" content=\"Tiempo de lectura\" \/>\n\t<meta name=\"twitter:data1\" content=\"4 minutos\" \/>\n<script type=\"application\/ld+json\" class=\"yoast-schema-graph\">{\"@context\":\"https:\/\/schema.org\",\"@graph\":[{\"@type\":[\"WebPage\",\"ItemPage\"],\"@id\":\"https:\/\/westcoasttriallawyers.com\/es\/california\/riverside\/abogados-accidentes-camion-riverside\",\"url\":\"https:\/\/westcoasttriallawyers.com\/es\/california\/riverside\/abogados-accidentes-camion-riverside\",\"name\":\"Abogado de Accidentes de Camiones en Riverside | West Coast Trial Lawyers\",\"isPartOf\":{\"@id\":\"https:\/\/westcoasttriallawyers.com\/es#website\"},\"primaryImageOfPage\":{\"@id\":\"https:\/\/westcoasttriallawyers.com\/es\/california\/riverside\/abogados-accidentes-camion-riverside#primaryimage\"},\"image\":{\"@id\":\"https:\/\/westcoasttriallawyers.com\/es\/california\/riverside\/abogados-accidentes-camion-riverside#primaryimage\"},\"thumbnailUrl\":\"https:\/\/westcoasttriallawyers.com\/wp-content\/uploads\/2025\/07\/Riverside-13.webp\",\"datePublished\":\"2026-01-14T18:23:39+00:00\",\"dateModified\":\"2026-01-23T22:59:39+00:00\",\"breadcrumb\":{\"@id\":\"https:\/\/westcoasttriallawyers.com\/es\/california\/riverside\/abogados-accidentes-camion-riverside#breadcrumb\"},\"inLanguage\":\"es\",\"potentialAction\":[{\"@type\":\"ReadAction\",\"target\":[\"https:\/\/westcoasttriallawyers.com\/es\/california\/riverside\/abogados-accidentes-camion-riverside\"]}]},{\"@type\":\"ImageObject\",\"inLanguage\":\"es\",\"@id\":\"https:\/\/westcoasttriallawyers.com\/es\/california\/riverside\/abogados-accidentes-camion-riverside#primaryimage\",\"url\":\"https:\/\/westcoasttriallawyers.com\/wp-content\/uploads\/2025\/07\/Riverside-13.webp\",\"contentUrl\":\"https:\/\/westcoasttriallawyers.com\/wp-content\/uploads\/2025\/07\/Riverside-13.webp\",\"width\":557,\"height\":327},{\"@type\":\"BreadcrumbList\",\"@id\":\"https:\/\/westcoasttriallawyers.com\/es\/california\/riverside\/abogados-accidentes-camion-riverside#breadcrumb\",\"itemListElement\":[{\"@type\":\"ListItem\",\"position\":1,\"name\":\"Inicio\",\"item\":\"https:\/\/westcoasttriallawyers.com\/es\"},{\"@type\":\"ListItem\",\"position\":2,\"name\":\"California\",\"item\":\"https:\/\/westcoasttriallawyers.com\/es\/california\"},{\"@type\":\"ListItem\",\"position\":3,\"name\":\"Riverside\",\"item\":\"https:\/\/westcoasttriallawyers.com\/es\/california\/riverside\"},{\"@type\":\"ListItem\",\"position\":4,\"name\":\"Abogado de Accidentes de Camiones en Riverside\"}]},{\"@type\":\"WebSite\",\"@id\":\"https:\/\/westcoasttriallawyers.com\/es#website\",\"url\":\"https:\/\/westcoasttriallawyers.com\/es\",\"name\":\"West Coast Trial Lawyers\",\"description\":\"West Coast Trial Lawyers\",\"publisher\":{\"@id\":\"https:\/\/westcoasttriallawyers.com\/es#organization\"},\"alternateName\":\"WCTL\",\"potentialAction\":[{\"@type\":\"SearchAction\",\"target\":{\"@type\":\"EntryPoint\",\"urlTemplate\":\"https:\/\/westcoasttriallawyers.com\/es?s={search_term_string}\"},\"query-input\":{\"@type\":\"PropertyValueSpecification\",\"valueRequired\":true,\"valueName\":\"search_term_string\"}}],\"inLanguage\":\"es\"},{\"@type\":\"Organization\",\"@id\":\"https:\/\/westcoasttriallawyers.com\/es#organization\",\"name\":\"West Coast Trial Lawyers\",\"alternateName\":\"WCTL\",\"url\":\"https:\/\/westcoasttriallawyers.com\/es\",\"logo\":{\"@type\":\"ImageObject\",\"inLanguage\":\"es\",\"@id\":\"https:\/\/westcoasttriallawyers.com\/es#\/schema\/logo\/image\/\",\"url\":\"https:\/\/westcoasttriallawyers.com\/wp-content\/uploads\/2026\/02\/WCTL-Logo.jpg\",\"contentUrl\":\"https:\/\/westcoasttriallawyers.com\/wp-content\/uploads\/2026\/02\/WCTL-Logo.jpg\",\"width\":696,\"height\":696,\"caption\":\"West Coast Trial Lawyers\"},\"image\":{\"@id\":\"https:\/\/westcoasttriallawyers.com\/es#\/schema\/logo\/image\/\"},\"sameAs\":[\"https:\/\/www.facebook.com\/westcoasttriallawyers\/\",\"https:\/\/x.com\/WestCoastTrial\",\"https:\/\/www.linkedin.com\/company\/west-coast-trial-lawyers\/\",\"https:\/\/www.instagram.com\/westcoasttriallawyers\/\",\"https:\/\/www.yelp.com\/biz\/west-coast-trial-lawyers-los-angeles-2\",\"https:\/\/www.pinterest.com\/westcoasttrial\/\",\"https:\/\/www.youtube.com\/westcoasttriallawyersla\/\",\"https:\/\/www.tiktok.com\/westcoasttriallawyers\"],\"description\":\"West Coast Trial Lawyers is a top-rated personal injury law firm with a goal to provide expert legal representation to those in need. The law firm has offices across California, Nevada, Arizona, and Washington.\",\"legalName\":\"West Coast Trial Lawyers\"}]}<\/script>\n<!-- \/ Yoast SEO Premium plugin. -->","yoast_head_json":{"title":"Abogado de Accidentes de Camiones en Riverside | West Coast Trial Lawyers","robots":{"index":"index","follow":"follow","max-snippet":"max-snippet:-1","max-image-preview":"max-image-preview:large","max-video-preview":"max-video-preview:-1"},"canonical":"https:\/\/westcoasttriallawyers.com\/es\/california\/riverside\/abogados-accidentes-camion-riverside","og_locale":"es_ES","og_type":"article","og_title":"Abogado de Accidentes de Camiones en Riverside","og_description":"Qu\u00e9 debe Hacer Despu\u00e9s de un Accidente de Cami\u00f3n para Aumentar su Compensaci\u00f3n Los accidentes de camiones son peligrosos debido a su gran tama\u00f1o y potencia. Los da\u00f1os pueden ser catastr\u00f3ficos, ya que podr\u00eda involucrar a varios veh\u00edculos. Debido a estos riesgos, muchos conductores se sienten inc\u00f3modos conduciendo al lado de un cami\u00f3n. Incluso hay [&hellip;]","og_url":"https:\/\/westcoasttriallawyers.com\/es\/california\/riverside\/abogados-accidentes-camion-riverside","og_site_name":"West Coast Trial Lawyers","article_publisher":"https:\/\/www.facebook.com\/westcoasttriallawyers\/","article_modified_time":"2026-01-23T22:59:39+00:00","og_image":[{"width":557,"height":327,"url":"https:\/\/westcoasttriallawyers.com\/wp-content\/uploads\/2025\/07\/Riverside-13.webp","type":"image\/webp"}],"twitter_card":"summary_large_image","twitter_site":"@WestCoastTrial","twitter_misc":{"Tiempo de lectura":"4 minutos"},"schema":{"@context":"https:\/\/schema.org","@graph":[{"@type":["WebPage","ItemPage"],"@id":"https:\/\/westcoasttriallawyers.com\/es\/california\/riverside\/abogados-accidentes-camion-riverside","url":"https:\/\/westcoasttriallawyers.com\/es\/california\/riverside\/abogados-accidentes-camion-riverside","name":"Abogado de Accidentes de Camiones en Riverside | West Coast Trial Lawyers","isPartOf":{"@id":"https:\/\/westcoasttriallawyers.com\/es#website"},"primaryImageOfPage":{"@id":"https:\/\/westcoasttriallawyers.com\/es\/california\/riverside\/abogados-accidentes-camion-riverside#primaryimage"},"image":{"@id":"https:\/\/westcoasttriallawyers.com\/es\/california\/riverside\/abogados-accidentes-camion-riverside#primaryimage"},"thumbnailUrl":"https:\/\/westcoasttriallawyers.com\/wp-content\/uploads\/2025\/07\/Riverside-13.webp","datePublished":"2026-01-14T18:23:39+00:00","dateModified":"2026-01-23T22:59:39+00:00","breadcrumb":{"@id":"https:\/\/westcoasttriallawyers.com\/es\/california\/riverside\/abogados-accidentes-camion-riverside#breadcrumb"},"inLanguage":"es","potentialAction":[{"@type":"ReadAction","target":["https:\/\/westcoasttriallawyers.com\/es\/california\/riverside\/abogados-accidentes-camion-riverside"]}]},{"@type":"ImageObject","inLanguage":"es","@id":"https:\/\/westcoasttriallawyers.com\/es\/california\/riverside\/abogados-accidentes-camion-riverside#primaryimage","url":"https:\/\/westcoasttriallawyers.com\/wp-content\/uploads\/2025\/07\/Riverside-13.webp","contentUrl":"https:\/\/westcoasttriallawyers.com\/wp-content\/uploads\/2025\/07\/Riverside-13.webp","width":557,"height":327},{"@type":"BreadcrumbList","@id":"https:\/\/westcoasttriallawyers.com\/es\/california\/riverside\/abogados-accidentes-camion-riverside#breadcrumb","itemListElement":[{"@type":"ListItem","position":1,"name":"Inicio","item":"https:\/\/westcoasttriallawyers.com\/es"},{"@type":"ListItem","position":2,"name":"California","item":"https:\/\/westcoasttriallawyers.com\/es\/california"},{"@type":"ListItem","position":3,"name":"Riverside","item":"https:\/\/westcoasttriallawyers.com\/es\/california\/riverside"},{"@type":"ListItem","position":4,"name":"Abogado de Accidentes de Camiones en Riverside"}]},{"@type":"WebSite","@id":"https:\/\/westcoasttriallawyers.com\/es#website","url":"https:\/\/westcoasttriallawyers.com\/es","name":"West Coast Trial Lawyers","description":"West Coast Trial Lawyers","publisher":{"@id":"https:\/\/westcoasttriallawyers.com\/es#organization"},"alternateName":"WCTL","potentialAction":[{"@type":"SearchAction","target":{"@type":"EntryPoint","urlTemplate":"https:\/\/westcoasttriallawyers.com\/es?s={search_term_string}"},"query-input":{"@type":"PropertyValueSpecification","valueRequired":true,"valueName":"search_term_string"}}],"inLanguage":"es"},{"@type":"Organization","@id":"https:\/\/westcoasttriallawyers.com\/es#organization","name":"West Coast Trial Lawyers","alternateName":"WCTL","url":"https:\/\/westcoasttriallawyers.com\/es","logo":{"@type":"ImageObject","inLanguage":"es","@id":"https:\/\/westcoasttriallawyers.com\/es#\/schema\/logo\/image\/","url":"https:\/\/westcoasttriallawyers.com\/wp-content\/uploads\/2026\/02\/WCTL-Logo.jpg","contentUrl":"https:\/\/westcoasttriallawyers.com\/wp-content\/uploads\/2026\/02\/WCTL-Logo.jpg","width":696,"height":696,"caption":"West Coast Trial Lawyers"},"image":{"@id":"https:\/\/westcoasttriallawyers.com\/es#\/schema\/logo\/image\/"},"sameAs":["https:\/\/www.facebook.com\/westcoasttriallawyers\/","https:\/\/x.com\/WestCoastTrial","https:\/\/www.linkedin.com\/company\/west-coast-trial-lawyers\/","https:\/\/www.instagram.com\/westcoasttriallawyers\/","https:\/\/www.yelp.com\/biz\/west-coast-trial-lawyers-los-angeles-2","https:\/\/www.pinterest.com\/westcoasttrial\/","https:\/\/www.youtube.com\/westcoasttriallawyersla\/","https:\/\/www.tiktok.com\/westcoasttriallawyers"],"description":"West Coast Trial Lawyers is a top-rated personal injury law firm with a goal to provide expert legal representation to those in need. The law firm has offices across California, Nevada, Arizona, and Washington.","legalName":"West Coast Trial Lawyers"}]}},"_links":{"self":[{"href":"https:\/\/westcoasttriallawyers.com\/es\/wp-json\/wp\/v2\/pages\/12897","targetHints":{"allow":["GET"]}}],"collection":[{"href":"https:\/\/westcoasttriallawyers.com\/es\/wp-json\/wp\/v2\/pages"}],"about":[{"href":"https:\/\/westcoasttriallawyers.com\/es\/wp-json\/wp\/v2\/types\/page"}],"author":[{"embeddable":true,"href":"https:\/\/westcoasttriallawyers.com\/es\/wp-json\/wp\/v2\/users\/470"}],"replies":[{"embeddable":true,"href":"https:\/\/westcoasttriallawyers.com\/es\/wp-json\/wp\/v2\/comments?post=12897"}],"version-history":[{"count":2,"href":"https:\/\/westcoasttriallawyers.com\/es\/wp-json\/wp\/v2\/pages\/12897\/revisions"}],"predecessor-version":[{"id":48200,"href":"https:\/\/westcoasttriallawyers.com\/es\/wp-json\/wp\/v2\/pages\/12897\/revisions\/48200"}],"up":[{"embeddable":true,"href":"https:\/\/westcoasttriallawyers.com\/es\/wp-json\/wp\/v2\/pages\/47436"}],"wp:featuredmedia":[{"embeddable":true,"href":"https:\/\/westcoasttriallawyers.com\/es\/wp-json\/wp\/v2\/media\/46989"}],"wp:attachment":[{"href":"https:\/\/westcoasttriallawyers.com\/es\/wp-json\/wp\/v2\/media?parent=12897"}],"curies":[{"name":"wp","href":"https:\/\/api.w.org\/{rel}","templated":true}]}}