{"id":12896,"date":"2026-01-14T18:23:46","date_gmt":"2026-01-14T18:23:46","guid":{"rendered":"https:\/\/wctl1stg.wpengine.com\/?page_id=12896"},"modified":"2026-01-26T13:50:50","modified_gmt":"2026-01-26T13:50:50","slug":"abogado-de-accidentes-de-autobus-en-riverside","status":"publish","type":"page","link":"https:\/\/westcoasttriallawyers.com\/es\/california\/riverside\/abogado-de-accidentes-de-autobus-en-riverside","title":{"rendered":"Abogado de Accidentes de autobus en Riverside"},"content":{"rendered":"<h2><strong>\u00bfQu\u00e9 tipos de Accidentes de Autob\u00fas Ocurren en Riverside Roads?<\/strong><\/h2>\n<\/p>\n<p><strong>Riverside<\/strong> tiene<a href=\"https:\/\/www.riversidetransit.com\/riding-the-bus\/maps-schedules\"><strong> 34 rutas de autob\u00fas<\/strong><\/a> disponibles para el transporte. Se espera que los conductores de autobuses brindan un deber de cuidado una vez que los pasajeros pongan un pie en el veh\u00edculo. Esto significa que el conductor del autob\u00fas debe seguir las reglas de tr\u00e1nsito para garantizar un viaje seguro a la pr\u00f3xima parada de autob\u00fas. Sin embargo, durante estos viajes pueden aparecer conductores negligentes. A menudo se encuentra a estos conductores acelerando para pasar o cortar un autob\u00fas. Desafortunadamente, han ocurrido muchos casos en los que un conductor a exceso de velocidad ha sido la causa principal de un accidente de autob\u00fas. En\u00a0<a href=\"https:\/\/myrcns.com\/2021\/05\/26\/no-injuries-reported-after-crash-involving-burney-school-bus\/\"><strong>mayo de 2021<\/strong><\/a>, un conductor adolescente estaba tratando de \u00abvencer\u00bb al conductor del autob\u00fas escolar en la intersecci\u00f3n a exceso de velocidad, pero en cambio provoc\u00f3 un accidente. No se reportaron heridos.\u00a0<\/p>\n<p>Estar involucrado en un accidente puede ser una experiencia traum\u00e1tica. Las v\u00edctimas pueden tener derecho a recibir una compensaci\u00f3n por las p\u00e9rdidas sufridas por el impacto. En Los Abogados de la Costa Oeste, nuestros\u00a0<strong>abogados de accidentes de autob\u00fas de Riverside<\/strong> tienen m\u00e1s de 60 a\u00f1os de experiencia legal colectiva en el manejo de casos de lesiones personales. Con nuestro historial de ganar m\u00e1s de 5,000 casos, hemos sido reconocidos como uno de los mejores bufetes de abogados de lesiones personales en Riverside.\u00a0<\/p>\n<p>Para programar una consulta gratuita y sin compromiso en nuestro\u00a0<strong>bufete de abogados de lesiones personales de Riverside<\/strong>, comun\u00edquese con nuestro equipo legal las 24 horas, los 7 d\u00edas de la semana llamando al\u00a0<strong>213-927-3700<\/strong> o enviando un correo electr\u00f3nico\u00a0<a href=\"mailto:info@westcoasttriallawyers.com\">a\u00a0<strong>info@westcoasttriallawyers.com<\/strong><\/a>.<\/p>\n<p><strong>Tipos de accidentes de autob\u00fas en Riverside<\/strong><\/p>\n<p>Hay varios tipos de autobuses que operan en todo California, y cada tipo se rige por su propio conjunto de reglas en relaci\u00f3n con la responsabilidad. Esto incluye lo siguiente:<\/p>\n<ul>\n<li><strong>Accidentes de autobuses de tr\u00e1nsito.\u00a0<\/strong>El transporte p\u00fablico ha hecho que sea m\u00e1s conveniente para miles de peatones no solo viajar hacia y desde el trabajo, sino tambi\u00e9n navegar r\u00e1pidamente millas en un corto per\u00edodo de tiempo. Muchos condados grandes, como Riverside, tienen sistemas de tr\u00e1nsito exitosos, pero eso no significa que no tengan fallas. Si result\u00f3 lesionado por un veh\u00edculo de tr\u00e1nsito, entonces la ciudad de Riverside puede ser responsable de sus da\u00f1os.\u00a0<\/li>\n<\/ul>\n<p>Accidentes de autobuses de carga.\u00a0Los autobuses de carga generalmente se utilizan para transportar mercanc\u00edas de un punto a otro durante largas distancias y per\u00edodos de tiempo. Debido al hecho de que los autobuses de carga pueden sobrecargarse con mercanc\u00edas, los da\u00f1os pueden ser m\u00e1s graves si tienen un accidente. El peso de un autob\u00fas de carga hace que sea dif\u00edcil reducir la velocidad, lo que le da la posibilidad de patinar o deslizarse y, por lo tanto, provocar un accidente. En la mayor\u00eda de los casos, es responsabilidad del conductor del cami\u00f3n tener un cuidado razonable en relaci\u00f3n con los accidentes evitables.\u00a0<\/p>\n<ul>\n<li><strong>Accidentes de autobuses tur\u00edsticos.\u00a0<\/strong>California es un centro vital que produce la mayor parte del entretenimiento del pa\u00eds, por lo que no sorprende que nuestro estado sea el hogar de una gran cantidad de compa\u00f1\u00edas de autobuses tur\u00edsticos. Algunas compa\u00f1\u00edas de autobuses tur\u00edsticos pueden obligar a los conductores a trabajar durante largos per\u00edodos de tiempo, lo que reduce los gastos en lo que respecta al mantenimiento adecuado. Si ha tenido un accidente con un autob\u00fas tur\u00edstico, la compa\u00f1\u00eda de autobuses tur\u00edsticos puede ser responsable de sus da\u00f1os.<\/li>\n<li><strong>Accidentes de autobuses escolares.\u00a0<\/strong>Los conductores no deben exceder las 25 mph cuando est\u00e9n cerca de una zona escolar. Desafortunadamente, muchos conductores seguir\u00e1n acelerando para pasar por un autob\u00fas escolar. Este ha sido un factor com\u00fan de un accidente de autob\u00fas escolar.\u00a0Si su hijo se lastima mientras est\u00e1 en un autob\u00fas escolar, es imperativo que busque atenci\u00f3n m\u00e9dica inmediata, independientemente de cu\u00e1n intrascendente pueda parecer la herida. Esto se debe a que algunas lesiones, como una lesi\u00f3n cerebral traum\u00e1tica, pueden tardar un tiempo en mostrar s\u00edntomas.\u00a0<\/li>\n<li><strong>Accidentes por resbalones y ca\u00eddas.<\/strong>\u00a0Si se ha resbalado y ca\u00eddo en un autob\u00fas, primero debe considerar qui\u00e9n tiene la su accidente: usted, el conductor del autob\u00fas u otro pasajero. Aunque los resbalones y las ca\u00eddas pueden ser menores,a\u00fan puede sufrir m\u00e1s da\u00f1os de los esperados. Cuando se lesiona en un autob\u00fas, es imperativo registrar la mayor cantidad de informaci\u00f3n posible. Tambi\u00e9n debe buscar atenci\u00f3n m\u00e9dica, incluso si el da\u00f1o parece menor.\u00a0<\/li>\n<\/ul>\n<p>Los autobuses de California pueden ser de propiedad p\u00fablica o privada, lo que puede trasladar la responsabilidad de un accidente de una parte a otra. Las v\u00edctimas de un accidente de autob\u00fas pueden tener que luchar no s\u00f3lo contra su propia compa\u00f1\u00eda de seguros, sino tambi\u00e9n contra el proveedor de seguros de la parte contraria, las empresas operadoras de autobuses, los propietarios de los autobuses y otras entidades privadas.\u00a0<\/p>\n<p><strong>Cont\u00e1ctenos Hoy\u00a0<\/strong><\/p>\n<p>Si ha sufrido lesiones en Riverside debido a un accidente de autob\u00fas<strong>,<\/strong> un Riverside de abogado de lesiones personales en\u00a0<a href=\"\/practices\/\"><strong>Abogados de la Costa Oeste<\/strong><\/a>\u00a0puede ayudarlo a recuperar una compensaci\u00f3n por sus p\u00e9rdidas.\u00a0<\/p>\n<p>Comun\u00edquese hoy con nuestro equipo legal disponible las 24 horas, los 7 d\u00edas de la semana llamando al\u00a0<strong>213-927-3700<\/strong> o enviando un correo electr\u00f3nico\u00a0<strong>info@westcoasttriallawyers.com<\/strong> para programar una consulta gratuita en nuestro bufete de abogados de lesiones personales de Riverside.\u00a0<\/p>\n<p><!-- WCTL_DEBUG: no shortcode in this_content --><\/p>\n","protected":false},"excerpt":{"rendered":"<p>\u00bfQu\u00e9 tipos de Accidentes de Autob\u00fas Ocurren en Riverside Roads? Riverside tiene 34 rutas de autob\u00fas disponibles para el transporte. Se espera que los conductores de autobuses brindan un deber de cuidado una vez que los pasajeros pongan un pie en el veh\u00edculo. Esto significa que el conductor del autob\u00fas debe seguir las reglas de [&hellip;]<\/p>\n","protected":false},"author":475,"featured_media":47024,"parent":47436,"menu_order":0,"comment_status":"closed","ping_status":"closed","template":"","meta":{"inline_featured_image":false,"footnotes":""},"class_list":["post-12896","page","type-page","status-publish","has-post-thumbnail","hentry"],"acf":[],"yoast_head":"<!-- This site is optimized with the Yoast SEO Premium plugin v26.0 (Yoast SEO v26.0) - https:\/\/yoast.com\/wordpress\/plugins\/seo\/ -->\n<title>Abogado de Accidentes de autobus en Riverside | West Coast Trial Lawyers<\/title>\n<meta name=\"robots\" content=\"index, follow, max-snippet:-1, max-image-preview:large, max-video-preview:-1\" \/>\n<link rel=\"canonical\" href=\"https:\/\/westcoasttriallawyers.com\/es\/california\/riverside\/abogado-de-accidentes-de-autobus-en-riverside\" \/>\n<meta property=\"og:locale\" content=\"es_ES\" \/>\n<meta property=\"og:type\" content=\"article\" \/>\n<meta property=\"og:title\" content=\"Abogado de Accidentes de autobus en Riverside\" \/>\n<meta property=\"og:description\" content=\"\u00bfQu\u00e9 tipos de Accidentes de Autob\u00fas Ocurren en Riverside Roads? Riverside tiene 34 rutas de autob\u00fas disponibles para el transporte. Se espera que los conductores de autobuses brindan un deber de cuidado una vez que los pasajeros pongan un pie en el veh\u00edculo. Esto significa que el conductor del autob\u00fas debe seguir las reglas de [&hellip;]\" \/>\n<meta property=\"og:url\" content=\"https:\/\/westcoasttriallawyers.com\/es\/california\/riverside\/abogado-de-accidentes-de-autobus-en-riverside\" \/>\n<meta property=\"og:site_name\" content=\"West Coast Trial Lawyers\" \/>\n<meta property=\"article:publisher\" content=\"https:\/\/www.facebook.com\/westcoasttriallawyers\/\" \/>\n<meta property=\"article:modified_time\" content=\"2026-01-26T13:50:50+00:00\" \/>\n<meta property=\"og:image\" content=\"https:\/\/westcoasttriallawyers.com\/wp-content\/uploads\/2025\/07\/Riverside-27.webp\" \/>\n\t<meta property=\"og:image:width\" content=\"557\" \/>\n\t<meta property=\"og:image:height\" content=\"327\" \/>\n\t<meta property=\"og:image:type\" content=\"image\/webp\" \/>\n<meta name=\"twitter:card\" content=\"summary_large_image\" \/>\n<meta name=\"twitter:site\" content=\"@WestCoastTrial\" \/>\n<meta name=\"twitter:label1\" content=\"Tiempo de lectura\" \/>\n\t<meta name=\"twitter:data1\" content=\"5 minutos\" \/>\n<script type=\"application\/ld+json\" class=\"yoast-schema-graph\">{\"@context\":\"https:\/\/schema.org\",\"@graph\":[{\"@type\":[\"WebPage\",\"ItemPage\"],\"@id\":\"https:\/\/westcoasttriallawyers.com\/es\/california\/riverside\/abogado-de-accidentes-de-autobus-en-riverside\",\"url\":\"https:\/\/westcoasttriallawyers.com\/es\/california\/riverside\/abogado-de-accidentes-de-autobus-en-riverside\",\"name\":\"Abogado de Accidentes de autobus en Riverside | West Coast Trial Lawyers\",\"isPartOf\":{\"@id\":\"https:\/\/westcoasttriallawyers.com\/es#website\"},\"primaryImageOfPage\":{\"@id\":\"https:\/\/westcoasttriallawyers.com\/es\/california\/riverside\/abogado-de-accidentes-de-autobus-en-riverside#primaryimage\"},\"image\":{\"@id\":\"https:\/\/westcoasttriallawyers.com\/es\/california\/riverside\/abogado-de-accidentes-de-autobus-en-riverside#primaryimage\"},\"thumbnailUrl\":\"https:\/\/westcoasttriallawyers.com\/wp-content\/uploads\/2025\/07\/Riverside-27.webp\",\"datePublished\":\"2026-01-14T18:23:46+00:00\",\"dateModified\":\"2026-01-26T13:50:50+00:00\",\"breadcrumb\":{\"@id\":\"https:\/\/westcoasttriallawyers.com\/es\/california\/riverside\/abogado-de-accidentes-de-autobus-en-riverside#breadcrumb\"},\"inLanguage\":\"es\",\"potentialAction\":[{\"@type\":\"ReadAction\",\"target\":[\"https:\/\/westcoasttriallawyers.com\/es\/california\/riverside\/abogado-de-accidentes-de-autobus-en-riverside\"]}]},{\"@type\":\"ImageObject\",\"inLanguage\":\"es\",\"@id\":\"https:\/\/westcoasttriallawyers.com\/es\/california\/riverside\/abogado-de-accidentes-de-autobus-en-riverside#primaryimage\",\"url\":\"https:\/\/westcoasttriallawyers.com\/wp-content\/uploads\/2025\/07\/Riverside-27.webp\",\"contentUrl\":\"https:\/\/westcoasttriallawyers.com\/wp-content\/uploads\/2025\/07\/Riverside-27.webp\",\"width\":557,\"height\":327},{\"@type\":\"BreadcrumbList\",\"@id\":\"https:\/\/westcoasttriallawyers.com\/es\/california\/riverside\/abogado-de-accidentes-de-autobus-en-riverside#breadcrumb\",\"itemListElement\":[{\"@type\":\"ListItem\",\"position\":1,\"name\":\"Inicio\",\"item\":\"https:\/\/westcoasttriallawyers.com\/es\"},{\"@type\":\"ListItem\",\"position\":2,\"name\":\"California\",\"item\":\"https:\/\/westcoasttriallawyers.com\/es\/california\"},{\"@type\":\"ListItem\",\"position\":3,\"name\":\"Riverside\",\"item\":\"https:\/\/westcoasttriallawyers.com\/es\/california\/riverside\"},{\"@type\":\"ListItem\",\"position\":4,\"name\":\"Abogado de Accidentes de autobus en Riverside\"}]},{\"@type\":\"WebSite\",\"@id\":\"https:\/\/westcoasttriallawyers.com\/es#website\",\"url\":\"https:\/\/westcoasttriallawyers.com\/es\",\"name\":\"West Coast Trial Lawyers\",\"description\":\"West Coast Trial Lawyers\",\"publisher\":{\"@id\":\"https:\/\/westcoasttriallawyers.com\/es#organization\"},\"alternateName\":\"WCTL\",\"potentialAction\":[{\"@type\":\"SearchAction\",\"target\":{\"@type\":\"EntryPoint\",\"urlTemplate\":\"https:\/\/westcoasttriallawyers.com\/es?s={search_term_string}\"},\"query-input\":{\"@type\":\"PropertyValueSpecification\",\"valueRequired\":true,\"valueName\":\"search_term_string\"}}],\"inLanguage\":\"es\"},{\"@type\":\"Organization\",\"@id\":\"https:\/\/westcoasttriallawyers.com\/es#organization\",\"name\":\"West Coast Trial Lawyers\",\"alternateName\":\"WCTL\",\"url\":\"https:\/\/westcoasttriallawyers.com\/es\",\"logo\":{\"@type\":\"ImageObject\",\"inLanguage\":\"es\",\"@id\":\"https:\/\/westcoasttriallawyers.com\/es#\/schema\/logo\/image\/\",\"url\":\"https:\/\/westcoasttriallawyers.com\/wp-content\/uploads\/2026\/02\/WCTL-Logo.jpg\",\"contentUrl\":\"https:\/\/westcoasttriallawyers.com\/wp-content\/uploads\/2026\/02\/WCTL-Logo.jpg\",\"width\":696,\"height\":696,\"caption\":\"West Coast Trial Lawyers\"},\"image\":{\"@id\":\"https:\/\/westcoasttriallawyers.com\/es#\/schema\/logo\/image\/\"},\"sameAs\":[\"https:\/\/www.facebook.com\/westcoasttriallawyers\/\",\"https:\/\/x.com\/WestCoastTrial\",\"https:\/\/www.linkedin.com\/company\/west-coast-trial-lawyers\/\",\"https:\/\/www.instagram.com\/westcoasttriallawyers\/\",\"https:\/\/www.yelp.com\/biz\/west-coast-trial-lawyers-los-angeles-2\",\"https:\/\/www.pinterest.com\/westcoasttrial\/\",\"https:\/\/www.youtube.com\/westcoasttriallawyersla\/\",\"https:\/\/www.tiktok.com\/westcoasttriallawyers\"],\"description\":\"West Coast Trial Lawyers is a top-rated personal injury law firm with a goal to provide expert legal representation to those in need. The law firm has offices across California, Nevada, Arizona, and Washington.\",\"legalName\":\"West Coast Trial Lawyers\"}]}<\/script>\n<!-- \/ Yoast SEO Premium plugin. -->","yoast_head_json":{"title":"Abogado de Accidentes de autobus en Riverside | West Coast Trial Lawyers","robots":{"index":"index","follow":"follow","max-snippet":"max-snippet:-1","max-image-preview":"max-image-preview:large","max-video-preview":"max-video-preview:-1"},"canonical":"https:\/\/westcoasttriallawyers.com\/es\/california\/riverside\/abogado-de-accidentes-de-autobus-en-riverside","og_locale":"es_ES","og_type":"article","og_title":"Abogado de Accidentes de autobus en Riverside","og_description":"\u00bfQu\u00e9 tipos de Accidentes de Autob\u00fas Ocurren en Riverside Roads? Riverside tiene 34 rutas de autob\u00fas disponibles para el transporte. Se espera que los conductores de autobuses brindan un deber de cuidado una vez que los pasajeros pongan un pie en el veh\u00edculo. Esto significa que el conductor del autob\u00fas debe seguir las reglas de [&hellip;]","og_url":"https:\/\/westcoasttriallawyers.com\/es\/california\/riverside\/abogado-de-accidentes-de-autobus-en-riverside","og_site_name":"West Coast Trial Lawyers","article_publisher":"https:\/\/www.facebook.com\/westcoasttriallawyers\/","article_modified_time":"2026-01-26T13:50:50+00:00","og_image":[{"width":557,"height":327,"url":"https:\/\/westcoasttriallawyers.com\/wp-content\/uploads\/2025\/07\/Riverside-27.webp","type":"image\/webp"}],"twitter_card":"summary_large_image","twitter_site":"@WestCoastTrial","twitter_misc":{"Tiempo de lectura":"5 minutos"},"schema":{"@context":"https:\/\/schema.org","@graph":[{"@type":["WebPage","ItemPage"],"@id":"https:\/\/westcoasttriallawyers.com\/es\/california\/riverside\/abogado-de-accidentes-de-autobus-en-riverside","url":"https:\/\/westcoasttriallawyers.com\/es\/california\/riverside\/abogado-de-accidentes-de-autobus-en-riverside","name":"Abogado de Accidentes de autobus en Riverside | West Coast Trial Lawyers","isPartOf":{"@id":"https:\/\/westcoasttriallawyers.com\/es#website"},"primaryImageOfPage":{"@id":"https:\/\/westcoasttriallawyers.com\/es\/california\/riverside\/abogado-de-accidentes-de-autobus-en-riverside#primaryimage"},"image":{"@id":"https:\/\/westcoasttriallawyers.com\/es\/california\/riverside\/abogado-de-accidentes-de-autobus-en-riverside#primaryimage"},"thumbnailUrl":"https:\/\/westcoasttriallawyers.com\/wp-content\/uploads\/2025\/07\/Riverside-27.webp","datePublished":"2026-01-14T18:23:46+00:00","dateModified":"2026-01-26T13:50:50+00:00","breadcrumb":{"@id":"https:\/\/westcoasttriallawyers.com\/es\/california\/riverside\/abogado-de-accidentes-de-autobus-en-riverside#breadcrumb"},"inLanguage":"es","potentialAction":[{"@type":"ReadAction","target":["https:\/\/westcoasttriallawyers.com\/es\/california\/riverside\/abogado-de-accidentes-de-autobus-en-riverside"]}]},{"@type":"ImageObject","inLanguage":"es","@id":"https:\/\/westcoasttriallawyers.com\/es\/california\/riverside\/abogado-de-accidentes-de-autobus-en-riverside#primaryimage","url":"https:\/\/westcoasttriallawyers.com\/wp-content\/uploads\/2025\/07\/Riverside-27.webp","contentUrl":"https:\/\/westcoasttriallawyers.com\/wp-content\/uploads\/2025\/07\/Riverside-27.webp","width":557,"height":327},{"@type":"BreadcrumbList","@id":"https:\/\/westcoasttriallawyers.com\/es\/california\/riverside\/abogado-de-accidentes-de-autobus-en-riverside#breadcrumb","itemListElement":[{"@type":"ListItem","position":1,"name":"Inicio","item":"https:\/\/westcoasttriallawyers.com\/es"},{"@type":"ListItem","position":2,"name":"California","item":"https:\/\/westcoasttriallawyers.com\/es\/california"},{"@type":"ListItem","position":3,"name":"Riverside","item":"https:\/\/westcoasttriallawyers.com\/es\/california\/riverside"},{"@type":"ListItem","position":4,"name":"Abogado de Accidentes de autobus en Riverside"}]},{"@type":"WebSite","@id":"https:\/\/westcoasttriallawyers.com\/es#website","url":"https:\/\/westcoasttriallawyers.com\/es","name":"West Coast Trial Lawyers","description":"West Coast Trial Lawyers","publisher":{"@id":"https:\/\/westcoasttriallawyers.com\/es#organization"},"alternateName":"WCTL","potentialAction":[{"@type":"SearchAction","target":{"@type":"EntryPoint","urlTemplate":"https:\/\/westcoasttriallawyers.com\/es?s={search_term_string}"},"query-input":{"@type":"PropertyValueSpecification","valueRequired":true,"valueName":"search_term_string"}}],"inLanguage":"es"},{"@type":"Organization","@id":"https:\/\/westcoasttriallawyers.com\/es#organization","name":"West Coast Trial Lawyers","alternateName":"WCTL","url":"https:\/\/westcoasttriallawyers.com\/es","logo":{"@type":"ImageObject","inLanguage":"es","@id":"https:\/\/westcoasttriallawyers.com\/es#\/schema\/logo\/image\/","url":"https:\/\/westcoasttriallawyers.com\/wp-content\/uploads\/2026\/02\/WCTL-Logo.jpg","contentUrl":"https:\/\/westcoasttriallawyers.com\/wp-content\/uploads\/2026\/02\/WCTL-Logo.jpg","width":696,"height":696,"caption":"West Coast Trial Lawyers"},"image":{"@id":"https:\/\/westcoasttriallawyers.com\/es#\/schema\/logo\/image\/"},"sameAs":["https:\/\/www.facebook.com\/westcoasttriallawyers\/","https:\/\/x.com\/WestCoastTrial","https:\/\/www.linkedin.com\/company\/west-coast-trial-lawyers\/","https:\/\/www.instagram.com\/westcoasttriallawyers\/","https:\/\/www.yelp.com\/biz\/west-coast-trial-lawyers-los-angeles-2","https:\/\/www.pinterest.com\/westcoasttrial\/","https:\/\/www.youtube.com\/westcoasttriallawyersla\/","https:\/\/www.tiktok.com\/westcoasttriallawyers"],"description":"West Coast Trial Lawyers is a top-rated personal injury law firm with a goal to provide expert legal representation to those in need. The law firm has offices across California, Nevada, Arizona, and Washington.","legalName":"West Coast Trial Lawyers"}]}},"_links":{"self":[{"href":"https:\/\/westcoasttriallawyers.com\/es\/wp-json\/wp\/v2\/pages\/12896","targetHints":{"allow":["GET"]}}],"collection":[{"href":"https:\/\/westcoasttriallawyers.com\/es\/wp-json\/wp\/v2\/pages"}],"about":[{"href":"https:\/\/westcoasttriallawyers.com\/es\/wp-json\/wp\/v2\/types\/page"}],"author":[{"embeddable":true,"href":"https:\/\/westcoasttriallawyers.com\/es\/wp-json\/wp\/v2\/users\/475"}],"replies":[{"embeddable":true,"href":"https:\/\/westcoasttriallawyers.com\/es\/wp-json\/wp\/v2\/comments?post=12896"}],"version-history":[{"count":4,"href":"https:\/\/westcoasttriallawyers.com\/es\/wp-json\/wp\/v2\/pages\/12896\/revisions"}],"predecessor-version":[{"id":48230,"href":"https:\/\/westcoasttriallawyers.com\/es\/wp-json\/wp\/v2\/pages\/12896\/revisions\/48230"}],"up":[{"embeddable":true,"href":"https:\/\/westcoasttriallawyers.com\/es\/wp-json\/wp\/v2\/pages\/47436"}],"wp:featuredmedia":[{"embeddable":true,"href":"https:\/\/westcoasttriallawyers.com\/es\/wp-json\/wp\/v2\/media\/47024"}],"wp:attachment":[{"href":"https:\/\/westcoasttriallawyers.com\/es\/wp-json\/wp\/v2\/media?parent=12896"}],"curies":[{"name":"wp","href":"https:\/\/api.w.org\/{rel}","templated":true}]}}